
{"id":4858,"date":"2026-02-27T14:29:48","date_gmt":"2026-02-27T14:29:48","guid":{"rendered":"https:\/\/easyliferobo.com\/de\/product\/industrieroboter-handbuch-fuer-industrie-und-wissenschaft\/"},"modified":"2026-02-27T14:29:50","modified_gmt":"2026-02-27T14:29:50","slug":"industrieroboter-handbuch-fuer-industrie-und-wissenschaft","status":"publish","type":"product","link":"https:\/\/easyliferobo.com\/de\/product\/industrieroboter-handbuch-fuer-industrie-und-wissenschaft\/","title":{"rendered":"Industrieroboter: Handbuch f\u00fcr Ind..."},"content":{"rendered":"<p>  Das Streben nach mehr Flexibilit\u00e4t der Produktionsmittel hat die Entwicklung und den Einsatz von Industrierobotern in den letzten zwei Jahrzehnten in der Bundesrepublik Deutschland gepragt. Ais die Maschinen auf dem Markt erschienen, wurden sehr gro\u00dfe Erwartungen an ihre Flexibilit\u00e4t, ihre leichte Umr\u00fcstbarkeit sowie ihre Wiederverwendbarkeit gestellt. Dies f\u00fchrt zun\u00e4chst zu einer gro\u00dfen Euphorie, und andererseits zu Bef\u00fcrchtungen, die damit verbunden sind, negative Auswirkungen auf den Arbeitsmarkt. Heute, 20 Jahre nach dem Einsatz der ersten Industrieroboter in der Bundesrepublik Deutschland kann man mit Bestimmtheit sagen, daB nach zunachst schwierigem Anlauf doch erreicht werden konnte, daB diese Maschinen im unterschiedlichsten Bereich der industriellen Produktionstechnik wirtschaftlich eingesetzt werden und andererseits die urspriinglichen BefUrchtungen beziiglich Arbeitsplatzverluste nicht eingetreten sind. Heute werden \u00fcber 200 verschiedene Ger\u00e4te auf dem deutschen Markt angebo ten, die Tendenz ist nach wie vor steigend. Durch eine zunehmende Verf\u00fcgbarkeit auch flexibler und damit universeller Peripherie und andererseits leistungsst\u00e4rkerer und preiswerterer Sensoren ist zu erwarten, dass der Einsatz auch in seitheit technisch schwierigen Gebieten weiter stark zunehmen wird. In dem vorliegenden Buch sind Grundlagen und der Stand der Technik durch eine Vielzahl von Autoren zusammengestellt. Wir mochten diesen Autoren f\u00fcr ihre Arbeit herzlich danken und hoffen, dass es uns gelingt, einen Beitrag zur weiteren Verbreitung dieser Technik zu leisten. H.-J. Warnecke Stuttgart, im M\u00e4rz 1990 RD Schraft Mitarbeiter Ahlers, Rolf-J\u00fcrgen, Dr.-Ing.    <br \/>Herausgeber \u200f : \u200e Springer       <br \/> Erscheinungsdatum \u200f : \u200e 18. Februar 2012       <br \/> Ausgabe \u200f : \u200e Softcover-Nachdruck der urspr\u00fcnglichen 1. Auflage. 1990       <br \/> Sprache \u200f : \u200e Deutsch   <br \/> Druckl\u00e4nge \u200f : \u200e 367 Seiten       <br \/> ISBN-10 \u200f : \u200e 3642955916       <br \/> ISBN-13 \u200f : \u200e 978-3642955914       <br \/> Abmessungen \u200f : \u200e 17 x 2,13 x 24,2 cm       <br \/>  Kundenrezensionen: 5,0 5,0 von 5 Sternen (1) var dpAcrHasRegisteredArcLinkClickAction; P.when(&#8218;A&#8216;, &#8218;ready&#8216;).execute(function(A) { if (dpAcrHasRegisteredArcLinkClickAction !== true) { dpAcrHasRegisteredArcLinkClickAction = true; A.declarative( &#8218;acrLink-click-metrics&#8216;, &#8218;click&#8216;, { &#8222;allowLinkDefault&#8220;: true }, function (event) { if (window.ue) { ue.count(&#8222;acrLinkClickCount&#8220;, (ue.count(&#8222;acrLinkClickCount&#8220;) || 0) + 1 } } }); P.when(&#8218;A&#8216;, &#8218;cf&#8216;).execute(function(A) { A.declarative(&#8218;acrStarsLink-click-metrics&#8216;, &#8218;click&#8216;, { &#8222;allowLinkDefault&#8220; : true }, function(event){ if(window.ue) { ue.count(&#8222;acrStarsLinkWithPopoverClickCount&#8220;, (ue.count(&#8222;acrStarsLinkWithPopoverClickCount&#8220;) || 0) + 1); } }); });                          <br \/>[ad_2]<\/p>\n","protected":false},"excerpt":{"rendered":"<p>Das Streben nach mehr Flexibilit\u00e4t der Produktionsmittel hat die Entwicklung und den Einsatz von Industrierobotern in den letzten zwei Jahrzehnten in der Bundesrepublik Deutschland gepragt. Ais die Maschinen auf dem Markt erschienen, wurden sehr gro\u00dfe Erwartungen an ihre Flexibilit\u00e4t, ihre leichte Umr\u00fcstbarkeit sowie ihre Wiederverwendbarkeit gestellt. Dies f\u00fchrt zun\u00e4chst zu einer gro\u00dfen Euphorie, und andererseits [&hellip;]<\/p>\n","protected":false},"featured_media":4859,"comment_status":"open","ping_status":"closed","template":"","meta":{"_aipt_faq_data":""},"store":[],"product_brand":[],"product_cat":[98],"product_tag":[325],"class_list":{"0":"post-4858","1":"product","2":"type-product","3":"status-publish","4":"has-post-thumbnail","6":"product_cat-industrieroboter","7":"product_tag-industrieroboter-montageautomation","9":"first","10":"instock","11":"shipping-taxable","12":"product-type-external"},"yoast_head":"<!-- This site is optimized with the Yoast SEO plugin v27.0 - https:\/\/yoast.com\/product\/yoast-seo-wordpress\/ -->\n<title>Industrieroboter: Handbuch f\u00fcr Industrie und Wissenschaft - EasyLifeBro<\/title>\n<meta name=\"description\" content=\"Entdecken Sie smarte Roboter f\u00fcr Zuhause, Garten, Bildung und Sicherheit. Vergleichen Sie Saugroboter, Rasenm\u00e4hroboter, KI-Begleitroboter und mehr bei EasyLifeRobo.\" \/>\n<meta name=\"robots\" content=\"index, follow, max-snippet:-1, max-image-preview:large, max-video-preview:-1\" \/>\n<link rel=\"canonical\" href=\"https:\/\/easyliferobo.com\/de\/product\/industrieroboter-handbuch-fuer-industrie-und-wissenschaft\/\" \/>\n<meta property=\"og:locale\" content=\"de_DE\" \/>\n<meta property=\"og:type\" content=\"article\" \/>\n<meta property=\"og:title\" content=\"Industrieroboter: Handbuch f\u00fcr Industrie und Wissenschaft - EasyLifeBro\" \/>\n<meta property=\"og:description\" content=\"Entdecken Sie smarte Roboter f\u00fcr Zuhause, Garten, Bildung und Sicherheit. Vergleichen Sie Saugroboter, Rasenm\u00e4hroboter, KI-Begleitroboter und mehr bei EasyLifeRobo.\" \/>\n<meta property=\"og:url\" content=\"https:\/\/easyliferobo.com\/de\/product\/industrieroboter-handbuch-fuer-industrie-und-wissenschaft\/\" \/>\n<meta property=\"og:site_name\" content=\"EasyLifeBro\" \/>\n<meta property=\"article:modified_time\" content=\"2026-02-27T14:29:50+00:00\" \/>\n<meta name=\"twitter:card\" content=\"summary_large_image\" \/>\n<meta name=\"twitter:label1\" content=\"Gesch\u00e4tzte Lesezeit\" \/>\n\t<meta name=\"twitter:data1\" content=\"2\u00a0Minuten\" \/>\n<script type=\"application\/ld+json\" class=\"yoast-schema-graph\">{\"@context\":\"https:\/\/schema.org\",\"@graph\":[{\"@type\":\"WebPage\",\"@id\":\"https:\/\/easyliferobo.com\/de\/product\/industrieroboter-handbuch-fuer-industrie-und-wissenschaft\/\",\"url\":\"https:\/\/easyliferobo.com\/de\/product\/industrieroboter-handbuch-fuer-industrie-und-wissenschaft\/\",\"name\":\"Industrieroboter: Handbuch f\u00fcr Industrie und Wissenschaft - EasyLifeBro\",\"isPartOf\":{\"@id\":\"https:\/\/easyliferobo.com\/de\/#website\"},\"primaryImageOfPage\":{\"@id\":\"https:\/\/easyliferobo.com\/de\/product\/industrieroboter-handbuch-fuer-industrie-und-wissenschaft\/#primaryimage\"},\"image\":{\"@id\":\"https:\/\/easyliferobo.com\/de\/product\/industrieroboter-handbuch-fuer-industrie-und-wissenschaft\/#primaryimage\"},\"thumbnailUrl\":\"https:\/\/easyliferobo.com\/de\/wp-content\/uploads\/2026\/02\/61sb5HQXumL._SL1164_.jpg\",\"datePublished\":\"2026-02-27T14:29:48+00:00\",\"dateModified\":\"2026-02-27T14:29:50+00:00\",\"description\":\"Entdecken Sie smarte Roboter f\u00fcr Zuhause, Garten, Bildung und Sicherheit. Vergleichen Sie Saugroboter, Rasenm\u00e4hroboter, KI-Begleitroboter und mehr bei EasyLifeRobo.\",\"breadcrumb\":{\"@id\":\"https:\/\/easyliferobo.com\/de\/product\/industrieroboter-handbuch-fuer-industrie-und-wissenschaft\/#breadcrumb\"},\"inLanguage\":\"de\",\"potentialAction\":[{\"@type\":\"ReadAction\",\"target\":[\"https:\/\/easyliferobo.com\/de\/product\/industrieroboter-handbuch-fuer-industrie-und-wissenschaft\/\"]}]},{\"@type\":\"ImageObject\",\"inLanguage\":\"de\",\"@id\":\"https:\/\/easyliferobo.com\/de\/product\/industrieroboter-handbuch-fuer-industrie-und-wissenschaft\/#primaryimage\",\"url\":\"https:\/\/easyliferobo.com\/de\/wp-content\/uploads\/2026\/02\/61sb5HQXumL._SL1164_.jpg\",\"contentUrl\":\"https:\/\/easyliferobo.com\/de\/wp-content\/uploads\/2026\/02\/61sb5HQXumL._SL1164_.jpg\",\"width\":827,\"height\":1164},{\"@type\":\"BreadcrumbList\",\"@id\":\"https:\/\/easyliferobo.com\/de\/product\/industrieroboter-handbuch-fuer-industrie-und-wissenschaft\/#breadcrumb\",\"itemListElement\":[{\"@type\":\"ListItem\",\"position\":1,\"name\":\"Home\",\"item\":\"https:\/\/easyliferobo.com\/de\/\"},{\"@type\":\"ListItem\",\"position\":2,\"name\":\"Shop\",\"item\":\"https:\/\/easyliferobo.com\/de\/shop\/\"},{\"@type\":\"ListItem\",\"position\":3,\"name\":\"Industrieroboter: Handbuch f\u00fcr Ind...\"}]},{\"@type\":\"WebSite\",\"@id\":\"https:\/\/easyliferobo.com\/de\/#website\",\"url\":\"https:\/\/easyliferobo.com\/de\/\",\"name\":\"EasyLifeBro\",\"description\":\"Smarte Roboter f\u00fcr Zuhause, Garten &amp; Bildung\",\"publisher\":{\"@id\":\"https:\/\/easyliferobo.com\/de\/#organization\"},\"potentialAction\":[{\"@type\":\"SearchAction\",\"target\":{\"@type\":\"EntryPoint\",\"urlTemplate\":\"https:\/\/easyliferobo.com\/de\/?s={search_term_string}\"},\"query-input\":{\"@type\":\"PropertyValueSpecification\",\"valueRequired\":true,\"valueName\":\"search_term_string\"}}],\"inLanguage\":\"de\"},{\"@type\":\"Organization\",\"@id\":\"https:\/\/easyliferobo.com\/de\/#organization\",\"name\":\"EasyLifeBro\",\"url\":\"https:\/\/easyliferobo.com\/de\/\",\"logo\":{\"@type\":\"ImageObject\",\"inLanguage\":\"de\",\"@id\":\"https:\/\/easyliferobo.com\/de\/#\/schema\/logo\/image\/\",\"url\":\"https:\/\/easyliferobo.com\/de\/wp-content\/uploads\/2026\/02\/Screenshot-2026-02-22-at-2.25.03-PM.png\",\"contentUrl\":\"https:\/\/easyliferobo.com\/de\/wp-content\/uploads\/2026\/02\/Screenshot-2026-02-22-at-2.25.03-PM.png\",\"width\":1858,\"height\":430,\"caption\":\"EasyLifeBro\"},\"image\":{\"@id\":\"https:\/\/easyliferobo.com\/de\/#\/schema\/logo\/image\/\"}}]}<\/script>\n<!-- \/ Yoast SEO plugin. -->","yoast_head_json":{"title":"Industrieroboter: Handbuch f\u00fcr Industrie und Wissenschaft - EasyLifeBro","description":"Entdecken Sie smarte Roboter f\u00fcr Zuhause, Garten, Bildung und Sicherheit. Vergleichen Sie Saugroboter, Rasenm\u00e4hroboter, KI-Begleitroboter und mehr bei EasyLifeRobo.","robots":{"index":"index","follow":"follow","max-snippet":"max-snippet:-1","max-image-preview":"max-image-preview:large","max-video-preview":"max-video-preview:-1"},"canonical":"https:\/\/easyliferobo.com\/de\/product\/industrieroboter-handbuch-fuer-industrie-und-wissenschaft\/","og_locale":"de_DE","og_type":"article","og_title":"Industrieroboter: Handbuch f\u00fcr Industrie und Wissenschaft - EasyLifeBro","og_description":"Entdecken Sie smarte Roboter f\u00fcr Zuhause, Garten, Bildung und Sicherheit. Vergleichen Sie Saugroboter, Rasenm\u00e4hroboter, KI-Begleitroboter und mehr bei EasyLifeRobo.","og_url":"https:\/\/easyliferobo.com\/de\/product\/industrieroboter-handbuch-fuer-industrie-und-wissenschaft\/","og_site_name":"EasyLifeBro","article_modified_time":"2026-02-27T14:29:50+00:00","twitter_card":"summary_large_image","twitter_misc":{"Gesch\u00e4tzte Lesezeit":"2\u00a0Minuten"},"schema":{"@context":"https:\/\/schema.org","@graph":[{"@type":"WebPage","@id":"https:\/\/easyliferobo.com\/de\/product\/industrieroboter-handbuch-fuer-industrie-und-wissenschaft\/","url":"https:\/\/easyliferobo.com\/de\/product\/industrieroboter-handbuch-fuer-industrie-und-wissenschaft\/","name":"Industrieroboter: Handbuch f\u00fcr Industrie und Wissenschaft - EasyLifeBro","isPartOf":{"@id":"https:\/\/easyliferobo.com\/de\/#website"},"primaryImageOfPage":{"@id":"https:\/\/easyliferobo.com\/de\/product\/industrieroboter-handbuch-fuer-industrie-und-wissenschaft\/#primaryimage"},"image":{"@id":"https:\/\/easyliferobo.com\/de\/product\/industrieroboter-handbuch-fuer-industrie-und-wissenschaft\/#primaryimage"},"thumbnailUrl":"https:\/\/easyliferobo.com\/de\/wp-content\/uploads\/2026\/02\/61sb5HQXumL._SL1164_.jpg","datePublished":"2026-02-27T14:29:48+00:00","dateModified":"2026-02-27T14:29:50+00:00","description":"Entdecken Sie smarte Roboter f\u00fcr Zuhause, Garten, Bildung und Sicherheit. Vergleichen Sie Saugroboter, Rasenm\u00e4hroboter, KI-Begleitroboter und mehr bei EasyLifeRobo.","breadcrumb":{"@id":"https:\/\/easyliferobo.com\/de\/product\/industrieroboter-handbuch-fuer-industrie-und-wissenschaft\/#breadcrumb"},"inLanguage":"de","potentialAction":[{"@type":"ReadAction","target":["https:\/\/easyliferobo.com\/de\/product\/industrieroboter-handbuch-fuer-industrie-und-wissenschaft\/"]}]},{"@type":"ImageObject","inLanguage":"de","@id":"https:\/\/easyliferobo.com\/de\/product\/industrieroboter-handbuch-fuer-industrie-und-wissenschaft\/#primaryimage","url":"https:\/\/easyliferobo.com\/de\/wp-content\/uploads\/2026\/02\/61sb5HQXumL._SL1164_.jpg","contentUrl":"https:\/\/easyliferobo.com\/de\/wp-content\/uploads\/2026\/02\/61sb5HQXumL._SL1164_.jpg","width":827,"height":1164},{"@type":"BreadcrumbList","@id":"https:\/\/easyliferobo.com\/de\/product\/industrieroboter-handbuch-fuer-industrie-und-wissenschaft\/#breadcrumb","itemListElement":[{"@type":"ListItem","position":1,"name":"Home","item":"https:\/\/easyliferobo.com\/de\/"},{"@type":"ListItem","position":2,"name":"Shop","item":"https:\/\/easyliferobo.com\/de\/shop\/"},{"@type":"ListItem","position":3,"name":"Industrieroboter: Handbuch f\u00fcr Ind..."}]},{"@type":"WebSite","@id":"https:\/\/easyliferobo.com\/de\/#website","url":"https:\/\/easyliferobo.com\/de\/","name":"EasyLifeBro","description":"Smarte Roboter f\u00fcr Zuhause, Garten &amp; Bildung","publisher":{"@id":"https:\/\/easyliferobo.com\/de\/#organization"},"potentialAction":[{"@type":"SearchAction","target":{"@type":"EntryPoint","urlTemplate":"https:\/\/easyliferobo.com\/de\/?s={search_term_string}"},"query-input":{"@type":"PropertyValueSpecification","valueRequired":true,"valueName":"search_term_string"}}],"inLanguage":"de"},{"@type":"Organization","@id":"https:\/\/easyliferobo.com\/de\/#organization","name":"EasyLifeBro","url":"https:\/\/easyliferobo.com\/de\/","logo":{"@type":"ImageObject","inLanguage":"de","@id":"https:\/\/easyliferobo.com\/de\/#\/schema\/logo\/image\/","url":"https:\/\/easyliferobo.com\/de\/wp-content\/uploads\/2026\/02\/Screenshot-2026-02-22-at-2.25.03-PM.png","contentUrl":"https:\/\/easyliferobo.com\/de\/wp-content\/uploads\/2026\/02\/Screenshot-2026-02-22-at-2.25.03-PM.png","width":1858,"height":430,"caption":"EasyLifeBro"},"image":{"@id":"https:\/\/easyliferobo.com\/de\/#\/schema\/logo\/image\/"}}]}},"_links":{"self":[{"href":"https:\/\/easyliferobo.com\/de\/wp-json\/wp\/v2\/product\/4858","targetHints":{"allow":["GET"]}}],"collection":[{"href":"https:\/\/easyliferobo.com\/de\/wp-json\/wp\/v2\/product"}],"about":[{"href":"https:\/\/easyliferobo.com\/de\/wp-json\/wp\/v2\/types\/product"}],"replies":[{"embeddable":true,"href":"https:\/\/easyliferobo.com\/de\/wp-json\/wp\/v2\/comments?post=4858"}],"wp:featuredmedia":[{"embeddable":true,"href":"https:\/\/easyliferobo.com\/de\/wp-json\/wp\/v2\/media\/4859"}],"wp:attachment":[{"href":"https:\/\/easyliferobo.com\/de\/wp-json\/wp\/v2\/media?parent=4858"}],"wp:term":[{"taxonomy":"store","embeddable":true,"href":"https:\/\/easyliferobo.com\/de\/wp-json\/wp\/v2\/store?post=4858"},{"taxonomy":"product_brand","embeddable":true,"href":"https:\/\/easyliferobo.com\/de\/wp-json\/wp\/v2\/product_brand?post=4858"},{"taxonomy":"product_cat","embeddable":true,"href":"https:\/\/easyliferobo.com\/de\/wp-json\/wp\/v2\/product_cat?post=4858"},{"taxonomy":"product_tag","embeddable":true,"href":"https:\/\/easyliferobo.com\/de\/wp-json\/wp\/v2\/product_tag?post=4858"}],"curies":[{"name":"wp","href":"https:\/\/api.w.org\/{rel}","templated":true}]}}