
{"id":4846,"date":"2026-02-27T14:28:22","date_gmt":"2026-02-27T14:28:22","guid":{"rendered":"https:\/\/easyliferobo.com\/de\/product\/learning-resources-botley-2-0-ab-5-jahren-programmierbarer-roboter-fuer-kinder-programmierspielzeug-ohne-bildschirm-foerdert-mint-faehigkeiten-und-logisches-denken\/"},"modified":"2026-02-27T14:28:39","modified_gmt":"2026-02-27T14:28:39","slug":"learning-resources-botley-2-0-ab-5-jahren-programmierbarer-roboter-fuer-kinder-programmierspielzeug-ohne-bildschirm-foerdert-mint-faehigkeiten-und-logisches-denken","status":"publish","type":"product","link":"https:\/\/easyliferobo.com\/de\/product\/learning-resources-botley-2-0-ab-5-jahren-programmierbarer-roboter-fuer-kinder-programmierspielzeug-ohne-bildschirm-foerdert-mint-faehigkeiten-und-logisches-denken\/","title":{"rendered":"Learning Resources Botley 2.0, ab 5..."},"content":{"rendered":"<p>\n                                             Von der Marke   <\/p>\n<p>                                              <img decoding=\"async\" alt=\"Zwei Kinder spielen in einem sensorischen Tablett mit Schaufeln\" src=\"https:\/\/images-na.ssl-images-amazon.com\/images\/G\/01\/x-locale\/common\/grey-pixel.gif\" class=\"a-lazy-loaded\" data-src=\"https:\/\/m.media-amazon.com\/images\/S\/aplus-media-library-service-media\/d5a82c9d-eddf-4321-8390-94eb3b69ee9c.__CR0,0,1464,625_PT0_SX1464_V1___.jpg\"><img decoding=\"async\" alt=\"Zwei Kinder spielen in einem sensorischen Tablett mit Schaufeln\" src=\"https:\/\/m.media-amazon.com\/images\/S\/aplus-media-library-service-media\/d5a82c9d-eddf-4321-8390-94eb3b69ee9c.__CR0,0,1464,625_PT0_SX1464_V1___.jpg\">  <\/p>\n<p>                                              <img decoding=\"async\" alt=\"\" src=\"https:\/\/images-na.ssl-images-amazon.com\/images\/G\/01\/x-locale\/common\/grey-pixel.gif\" class=\"a-lazy-loaded\" data-src=\"https:\/\/m.media-amazon.com\/images\/S\/aplus-media-library-service-media\/8f700fad-25eb-45a4-896e-11e71bb088b4.__CR0,0,315,145_PT0_SX315_V1___.jpg\"><img decoding=\"async\" alt=\"\" src=\"https:\/\/m.media-amazon.com\/images\/S\/aplus-media-library-service-media\/8f700fad-25eb-45a4-896e-11e71bb088b4.__CR0,0,315,145_PT0_SX315_V1___.jpg\">  <\/p>\n<p>  Wir sind Learning Resources und Lernen ist unser Spiel! Das Ziel unseres Unternehmens ist es, Kindern mit Lernspielzeug unendliche Inspiration f\u00fcr den Erfolg in der Schule und dar\u00fcber hinaus zu bieten. Unsere Spielzeuge, Spiele und Lehrmaterialien werden von Lehrern empfohlen, von Eltern als vertrauensw\u00fcrdig eingestuft und von Kindern geliebt. Wir besitzen auch die weltweite Masterlizenz f\u00fcr Numberblocks, die TV-Serie. <\/p>\n<p>                                                         Ich liebe das Lernen                                       <\/p>\n<p> Unsere Spielzeuge werden mit Experten entwickelt, um f\u00fcr Kinder sowohl spielerisch als auch lehrreich zu sein. Wir stellen Spielzeug her, das die Fantasie der Kinder anregt, ihre Neugier weckt und ihnen hilft, die Liebe zum Lernen zu entwickeln. <\/p>\n<p>                                                         Praktisches Spielen                                       <\/p>\n<p> Von der Feinmotorik bis hin zum Programmieren und MINT \u2013 unsere Produkte helfen Kindern, durch spielerisches, praktisches Lernen unz\u00e4hlige M\u00f6glichkeiten des Lernens zu entdecken. <\/p>\n<p>                                                         Vom Lehrer empfohlen                                       <\/p>\n<p> Unsere Hilfsspielzeuge erwecken das Lernen zum Leben und werden von Lehrern empfohlen, denen Eltern und Kinder vertrauen. <\/p>\n<h3>  Spielerisch lernen <\/h3>\n<p class=\"apm-brand-story-stores-link\">\n<p>Programmieren lernen ohne Bildschirm: Botley 2.0 bringt Kindern das Programmieren bei \u2013 ohne App, Tablet oder PC. Logik, Reihenfolge und Probleml\u00f6sung werden spielerisch ge\u00fcbt.<br \/>150 Befehle und mehr: Mit bis zu 150 Programmierschritten, Schleifen und \u201eWenn-Dann\u201c-Befehlen k\u00f6nnen Kinder komplexe Abl\u00e4ufe selbstst\u00e4ndig programmieren.<br \/>Entdecken Sie 16 \u00dcberraschungen: Botley verwandelt sich mit Lichtern, Ger\u00e4uschen und Bewegung in einen Zug, ein Polizeiauto, einen Geist und mehr.<br \/>F\u00f6rdert Mint-Komplikationen: Entdecken Sie Mathematik, Informatik, Naturwissenschaften und Technik auf spielerische Weise. Ideal f\u00fcr Zuhause, Kindergarten, Schule und Therapie.<br \/>Lieferumfang: inklusive Botley 2.0, Fernprogrammierer, 40 Codierkarten, Hinderniskomponenten, Spielanleitung. Ben\u00f6tigt 5 x AAA-Batterien (nicht im Lieferumfang enthalten). Mehrsprachige Verpackung und Anleitung.<br \/>LERNEN IST WO WIR SPIELEN: Bei Learning Resources entdecken Kinder spielerisch wichtige F\u00e4higkeiten. Unsere Produkte wecken Neugier, f\u00f6rdern kreatives Denken und machen Lernen zu einem Erlebnis, das Spa\u00df macht.<\/p>\n<p>[ad_2]<\/p>\n","protected":false},"excerpt":{"rendered":"<p>Von der Marke Wir sind Learning Resources und Lernen ist unser Spiel! Das Ziel unseres Unternehmens ist es, Kindern mit Lernspielzeug unendliche Inspiration f\u00fcr den Erfolg in der Schule und dar\u00fcber hinaus zu bieten. Unsere Spielzeuge, Spiele und Lehrmaterialien werden von Lehrern empfohlen, von Eltern als vertrauensw\u00fcrdig eingestuft und von Kindern geliebt. Wir besitzen auch [&hellip;]<\/p>\n","protected":false},"featured_media":4847,"comment_status":"open","ping_status":"closed","template":"","meta":{"_aipt_faq_data":""},"store":[],"product_brand":[],"product_cat":[99],"product_tag":[324],"class_list":{"0":"post-4846","1":"product","2":"type-product","3":"status-publish","4":"has-post-thumbnail","6":"product_cat-tisch-roboterarme","7":"product_tag-tisch-roboterarme-programmierbar","9":"first","10":"instock","11":"shipping-taxable","12":"product-type-external"},"yoast_head":"<!-- This site is optimized with the Yoast SEO plugin v27.4 - https:\/\/yoast.com\/product\/yoast-seo-wordpress\/ -->\n<title>Learning Resources Botley 2.0, ab 5 Jahren, programmierbarer Roboter f\u00fcr Kinder, Programmierspielzeug ohne Bildschirm, f\u00f6rdert Mint-F\u00e4higkeiten und logisches Denken - EasyLifeBro<\/title>\n<meta name=\"description\" content=\"Entdecken Sie smarte Roboter f\u00fcr Zuhause, Garten, Bildung und Sicherheit. Vergleichen Sie Saugroboter, Rasenm\u00e4hroboter, KI-Begleitroboter und mehr bei EasyLifeRobo.\" \/>\n<meta name=\"robots\" content=\"index, follow, max-snippet:-1, max-image-preview:large, max-video-preview:-1\" \/>\n<link rel=\"canonical\" href=\"https:\/\/easyliferobo.com\/de\/product\/learning-resources-botley-2-0-ab-5-jahren-programmierbarer-roboter-fuer-kinder-programmierspielzeug-ohne-bildschirm-foerdert-mint-faehigkeiten-und-logisches-denken\/\" \/>\n<meta property=\"og:locale\" content=\"de_DE\" \/>\n<meta property=\"og:type\" content=\"article\" \/>\n<meta property=\"og:title\" content=\"Learning Resources Botley 2.0, ab 5 Jahren, programmierbarer Roboter f\u00fcr Kinder, Programmierspielzeug ohne Bildschirm, f\u00f6rdert Mint-F\u00e4higkeiten und logisches Denken - EasyLifeBro\" \/>\n<meta property=\"og:description\" content=\"Entdecken Sie smarte Roboter f\u00fcr Zuhause, Garten, Bildung und Sicherheit. Vergleichen Sie Saugroboter, Rasenm\u00e4hroboter, KI-Begleitroboter und mehr bei EasyLifeRobo.\" \/>\n<meta property=\"og:url\" content=\"https:\/\/easyliferobo.com\/de\/product\/learning-resources-botley-2-0-ab-5-jahren-programmierbarer-roboter-fuer-kinder-programmierspielzeug-ohne-bildschirm-foerdert-mint-faehigkeiten-und-logisches-denken\/\" \/>\n<meta property=\"og:site_name\" content=\"EasyLifeBro\" \/>\n<meta property=\"article:modified_time\" content=\"2026-02-27T14:28:39+00:00\" \/>\n<meta property=\"og:image\" content=\"https:\/\/images-na.ssl-images-amazon.com\/images\/G\/01\/x-locale\/common\/grey-pixel.gif\" \/>\n<meta name=\"twitter:card\" content=\"summary_large_image\" \/>\n<meta name=\"twitter:label1\" content=\"Gesch\u00e4tzte Lesezeit\" \/>\n\t<meta name=\"twitter:data1\" content=\"1\u00a0Minute\" \/>\n<script type=\"application\/ld+json\" class=\"yoast-schema-graph\">{\"@context\":\"https:\\\/\\\/schema.org\",\"@graph\":[{\"@type\":\"WebPage\",\"@id\":\"https:\\\/\\\/easyliferobo.com\\\/de\\\/product\\\/learning-resources-botley-2-0-ab-5-jahren-programmierbarer-roboter-fuer-kinder-programmierspielzeug-ohne-bildschirm-foerdert-mint-faehigkeiten-und-logisches-denken\\\/\",\"url\":\"https:\\\/\\\/easyliferobo.com\\\/de\\\/product\\\/learning-resources-botley-2-0-ab-5-jahren-programmierbarer-roboter-fuer-kinder-programmierspielzeug-ohne-bildschirm-foerdert-mint-faehigkeiten-und-logisches-denken\\\/\",\"name\":\"Learning Resources Botley 2.0, ab 5 Jahren, programmierbarer Roboter f\u00fcr Kinder, Programmierspielzeug ohne Bildschirm, f\u00f6rdert Mint-F\u00e4higkeiten und logisches Denken - EasyLifeBro\",\"isPartOf\":{\"@id\":\"https:\\\/\\\/easyliferobo.com\\\/de\\\/#website\"},\"primaryImageOfPage\":{\"@id\":\"https:\\\/\\\/easyliferobo.com\\\/de\\\/product\\\/learning-resources-botley-2-0-ab-5-jahren-programmierbarer-roboter-fuer-kinder-programmierspielzeug-ohne-bildschirm-foerdert-mint-faehigkeiten-und-logisches-denken\\\/#primaryimage\"},\"image\":{\"@id\":\"https:\\\/\\\/easyliferobo.com\\\/de\\\/product\\\/learning-resources-botley-2-0-ab-5-jahren-programmierbarer-roboter-fuer-kinder-programmierspielzeug-ohne-bildschirm-foerdert-mint-faehigkeiten-und-logisches-denken\\\/#primaryimage\"},\"thumbnailUrl\":\"https:\\\/\\\/easyliferobo.com\\\/de\\\/wp-content\\\/uploads\\\/2026\\\/02\\\/71sYrokN5HL._AC_SL1500_.jpg\",\"datePublished\":\"2026-02-27T14:28:22+00:00\",\"dateModified\":\"2026-02-27T14:28:39+00:00\",\"description\":\"Entdecken Sie smarte Roboter f\u00fcr Zuhause, Garten, Bildung und Sicherheit. Vergleichen Sie Saugroboter, Rasenm\u00e4hroboter, KI-Begleitroboter und mehr bei EasyLifeRobo.\",\"breadcrumb\":{\"@id\":\"https:\\\/\\\/easyliferobo.com\\\/de\\\/product\\\/learning-resources-botley-2-0-ab-5-jahren-programmierbarer-roboter-fuer-kinder-programmierspielzeug-ohne-bildschirm-foerdert-mint-faehigkeiten-und-logisches-denken\\\/#breadcrumb\"},\"inLanguage\":\"de\",\"potentialAction\":[{\"@type\":\"ReadAction\",\"target\":[\"https:\\\/\\\/easyliferobo.com\\\/de\\\/product\\\/learning-resources-botley-2-0-ab-5-jahren-programmierbarer-roboter-fuer-kinder-programmierspielzeug-ohne-bildschirm-foerdert-mint-faehigkeiten-und-logisches-denken\\\/\"]}]},{\"@type\":\"ImageObject\",\"inLanguage\":\"de\",\"@id\":\"https:\\\/\\\/easyliferobo.com\\\/de\\\/product\\\/learning-resources-botley-2-0-ab-5-jahren-programmierbarer-roboter-fuer-kinder-programmierspielzeug-ohne-bildschirm-foerdert-mint-faehigkeiten-und-logisches-denken\\\/#primaryimage\",\"url\":\"https:\\\/\\\/easyliferobo.com\\\/de\\\/wp-content\\\/uploads\\\/2026\\\/02\\\/71sYrokN5HL._AC_SL1500_.jpg\",\"contentUrl\":\"https:\\\/\\\/easyliferobo.com\\\/de\\\/wp-content\\\/uploads\\\/2026\\\/02\\\/71sYrokN5HL._AC_SL1500_.jpg\",\"width\":1498,\"height\":1484},{\"@type\":\"BreadcrumbList\",\"@id\":\"https:\\\/\\\/easyliferobo.com\\\/de\\\/product\\\/learning-resources-botley-2-0-ab-5-jahren-programmierbarer-roboter-fuer-kinder-programmierspielzeug-ohne-bildschirm-foerdert-mint-faehigkeiten-und-logisches-denken\\\/#breadcrumb\",\"itemListElement\":[{\"@type\":\"ListItem\",\"position\":1,\"name\":\"Home\",\"item\":\"https:\\\/\\\/easyliferobo.com\\\/de\\\/\"},{\"@type\":\"ListItem\",\"position\":2,\"name\":\"Shop\",\"item\":\"https:\\\/\\\/easyliferobo.com\\\/de\\\/shop\\\/\"},{\"@type\":\"ListItem\",\"position\":3,\"name\":\"Learning Resources Botley 2.0, ab 5...\"}]},{\"@type\":\"WebSite\",\"@id\":\"https:\\\/\\\/easyliferobo.com\\\/de\\\/#website\",\"url\":\"https:\\\/\\\/easyliferobo.com\\\/de\\\/\",\"name\":\"EasyLifeBro\",\"description\":\"Smarte Roboter f\u00fcr Zuhause, Garten &amp; Bildung\",\"publisher\":{\"@id\":\"https:\\\/\\\/easyliferobo.com\\\/de\\\/#organization\"},\"potentialAction\":[{\"@type\":\"SearchAction\",\"target\":{\"@type\":\"EntryPoint\",\"urlTemplate\":\"https:\\\/\\\/easyliferobo.com\\\/de\\\/?s={search_term_string}\"},\"query-input\":{\"@type\":\"PropertyValueSpecification\",\"valueRequired\":true,\"valueName\":\"search_term_string\"}}],\"inLanguage\":\"de\"},{\"@type\":\"Organization\",\"@id\":\"https:\\\/\\\/easyliferobo.com\\\/de\\\/#organization\",\"name\":\"EasyLifeBro\",\"url\":\"https:\\\/\\\/easyliferobo.com\\\/de\\\/\",\"logo\":{\"@type\":\"ImageObject\",\"inLanguage\":\"de\",\"@id\":\"https:\\\/\\\/easyliferobo.com\\\/de\\\/#\\\/schema\\\/logo\\\/image\\\/\",\"url\":\"https:\\\/\\\/easyliferobo.com\\\/de\\\/wp-content\\\/uploads\\\/2026\\\/02\\\/Screenshot-2026-02-22-at-2.25.03-PM.png\",\"contentUrl\":\"https:\\\/\\\/easyliferobo.com\\\/de\\\/wp-content\\\/uploads\\\/2026\\\/02\\\/Screenshot-2026-02-22-at-2.25.03-PM.png\",\"width\":1858,\"height\":430,\"caption\":\"EasyLifeBro\"},\"image\":{\"@id\":\"https:\\\/\\\/easyliferobo.com\\\/de\\\/#\\\/schema\\\/logo\\\/image\\\/\"}}]}<\/script>\n<!-- \/ Yoast SEO plugin. -->","yoast_head_json":{"title":"Learning Resources Botley 2.0, ab 5 Jahren, programmierbarer Roboter f\u00fcr Kinder, Programmierspielzeug ohne Bildschirm, f\u00f6rdert Mint-F\u00e4higkeiten und logisches Denken - EasyLifeBro","description":"Entdecken Sie smarte Roboter f\u00fcr Zuhause, Garten, Bildung und Sicherheit. Vergleichen Sie Saugroboter, Rasenm\u00e4hroboter, KI-Begleitroboter und mehr bei EasyLifeRobo.","robots":{"index":"index","follow":"follow","max-snippet":"max-snippet:-1","max-image-preview":"max-image-preview:large","max-video-preview":"max-video-preview:-1"},"canonical":"https:\/\/easyliferobo.com\/de\/product\/learning-resources-botley-2-0-ab-5-jahren-programmierbarer-roboter-fuer-kinder-programmierspielzeug-ohne-bildschirm-foerdert-mint-faehigkeiten-und-logisches-denken\/","og_locale":"de_DE","og_type":"article","og_title":"Learning Resources Botley 2.0, ab 5 Jahren, programmierbarer Roboter f\u00fcr Kinder, Programmierspielzeug ohne Bildschirm, f\u00f6rdert Mint-F\u00e4higkeiten und logisches Denken - EasyLifeBro","og_description":"Entdecken Sie smarte Roboter f\u00fcr Zuhause, Garten, Bildung und Sicherheit. Vergleichen Sie Saugroboter, Rasenm\u00e4hroboter, KI-Begleitroboter und mehr bei EasyLifeRobo.","og_url":"https:\/\/easyliferobo.com\/de\/product\/learning-resources-botley-2-0-ab-5-jahren-programmierbarer-roboter-fuer-kinder-programmierspielzeug-ohne-bildschirm-foerdert-mint-faehigkeiten-und-logisches-denken\/","og_site_name":"EasyLifeBro","article_modified_time":"2026-02-27T14:28:39+00:00","og_image":[{"url":"https:\/\/images-na.ssl-images-amazon.com\/images\/G\/01\/x-locale\/common\/grey-pixel.gif","type":"","width":"","height":""}],"twitter_card":"summary_large_image","twitter_misc":{"Gesch\u00e4tzte Lesezeit":"1\u00a0Minute"},"schema":{"@context":"https:\/\/schema.org","@graph":[{"@type":"WebPage","@id":"https:\/\/easyliferobo.com\/de\/product\/learning-resources-botley-2-0-ab-5-jahren-programmierbarer-roboter-fuer-kinder-programmierspielzeug-ohne-bildschirm-foerdert-mint-faehigkeiten-und-logisches-denken\/","url":"https:\/\/easyliferobo.com\/de\/product\/learning-resources-botley-2-0-ab-5-jahren-programmierbarer-roboter-fuer-kinder-programmierspielzeug-ohne-bildschirm-foerdert-mint-faehigkeiten-und-logisches-denken\/","name":"Learning Resources Botley 2.0, ab 5 Jahren, programmierbarer Roboter f\u00fcr Kinder, Programmierspielzeug ohne Bildschirm, f\u00f6rdert Mint-F\u00e4higkeiten und logisches Denken - EasyLifeBro","isPartOf":{"@id":"https:\/\/easyliferobo.com\/de\/#website"},"primaryImageOfPage":{"@id":"https:\/\/easyliferobo.com\/de\/product\/learning-resources-botley-2-0-ab-5-jahren-programmierbarer-roboter-fuer-kinder-programmierspielzeug-ohne-bildschirm-foerdert-mint-faehigkeiten-und-logisches-denken\/#primaryimage"},"image":{"@id":"https:\/\/easyliferobo.com\/de\/product\/learning-resources-botley-2-0-ab-5-jahren-programmierbarer-roboter-fuer-kinder-programmierspielzeug-ohne-bildschirm-foerdert-mint-faehigkeiten-und-logisches-denken\/#primaryimage"},"thumbnailUrl":"https:\/\/easyliferobo.com\/de\/wp-content\/uploads\/2026\/02\/71sYrokN5HL._AC_SL1500_.jpg","datePublished":"2026-02-27T14:28:22+00:00","dateModified":"2026-02-27T14:28:39+00:00","description":"Entdecken Sie smarte Roboter f\u00fcr Zuhause, Garten, Bildung und Sicherheit. Vergleichen Sie Saugroboter, Rasenm\u00e4hroboter, KI-Begleitroboter und mehr bei EasyLifeRobo.","breadcrumb":{"@id":"https:\/\/easyliferobo.com\/de\/product\/learning-resources-botley-2-0-ab-5-jahren-programmierbarer-roboter-fuer-kinder-programmierspielzeug-ohne-bildschirm-foerdert-mint-faehigkeiten-und-logisches-denken\/#breadcrumb"},"inLanguage":"de","potentialAction":[{"@type":"ReadAction","target":["https:\/\/easyliferobo.com\/de\/product\/learning-resources-botley-2-0-ab-5-jahren-programmierbarer-roboter-fuer-kinder-programmierspielzeug-ohne-bildschirm-foerdert-mint-faehigkeiten-und-logisches-denken\/"]}]},{"@type":"ImageObject","inLanguage":"de","@id":"https:\/\/easyliferobo.com\/de\/product\/learning-resources-botley-2-0-ab-5-jahren-programmierbarer-roboter-fuer-kinder-programmierspielzeug-ohne-bildschirm-foerdert-mint-faehigkeiten-und-logisches-denken\/#primaryimage","url":"https:\/\/easyliferobo.com\/de\/wp-content\/uploads\/2026\/02\/71sYrokN5HL._AC_SL1500_.jpg","contentUrl":"https:\/\/easyliferobo.com\/de\/wp-content\/uploads\/2026\/02\/71sYrokN5HL._AC_SL1500_.jpg","width":1498,"height":1484},{"@type":"BreadcrumbList","@id":"https:\/\/easyliferobo.com\/de\/product\/learning-resources-botley-2-0-ab-5-jahren-programmierbarer-roboter-fuer-kinder-programmierspielzeug-ohne-bildschirm-foerdert-mint-faehigkeiten-und-logisches-denken\/#breadcrumb","itemListElement":[{"@type":"ListItem","position":1,"name":"Home","item":"https:\/\/easyliferobo.com\/de\/"},{"@type":"ListItem","position":2,"name":"Shop","item":"https:\/\/easyliferobo.com\/de\/shop\/"},{"@type":"ListItem","position":3,"name":"Learning Resources Botley 2.0, ab 5..."}]},{"@type":"WebSite","@id":"https:\/\/easyliferobo.com\/de\/#website","url":"https:\/\/easyliferobo.com\/de\/","name":"EasyLifeBro","description":"Smarte Roboter f\u00fcr Zuhause, Garten &amp; Bildung","publisher":{"@id":"https:\/\/easyliferobo.com\/de\/#organization"},"potentialAction":[{"@type":"SearchAction","target":{"@type":"EntryPoint","urlTemplate":"https:\/\/easyliferobo.com\/de\/?s={search_term_string}"},"query-input":{"@type":"PropertyValueSpecification","valueRequired":true,"valueName":"search_term_string"}}],"inLanguage":"de"},{"@type":"Organization","@id":"https:\/\/easyliferobo.com\/de\/#organization","name":"EasyLifeBro","url":"https:\/\/easyliferobo.com\/de\/","logo":{"@type":"ImageObject","inLanguage":"de","@id":"https:\/\/easyliferobo.com\/de\/#\/schema\/logo\/image\/","url":"https:\/\/easyliferobo.com\/de\/wp-content\/uploads\/2026\/02\/Screenshot-2026-02-22-at-2.25.03-PM.png","contentUrl":"https:\/\/easyliferobo.com\/de\/wp-content\/uploads\/2026\/02\/Screenshot-2026-02-22-at-2.25.03-PM.png","width":1858,"height":430,"caption":"EasyLifeBro"},"image":{"@id":"https:\/\/easyliferobo.com\/de\/#\/schema\/logo\/image\/"}}]}},"_links":{"self":[{"href":"https:\/\/easyliferobo.com\/de\/wp-json\/wp\/v2\/product\/4846","targetHints":{"allow":["GET"]}}],"collection":[{"href":"https:\/\/easyliferobo.com\/de\/wp-json\/wp\/v2\/product"}],"about":[{"href":"https:\/\/easyliferobo.com\/de\/wp-json\/wp\/v2\/types\/product"}],"replies":[{"embeddable":true,"href":"https:\/\/easyliferobo.com\/de\/wp-json\/wp\/v2\/comments?post=4846"}],"wp:featuredmedia":[{"embeddable":true,"href":"https:\/\/easyliferobo.com\/de\/wp-json\/wp\/v2\/media\/4847"}],"wp:attachment":[{"href":"https:\/\/easyliferobo.com\/de\/wp-json\/wp\/v2\/media?parent=4846"}],"wp:term":[{"taxonomy":"store","embeddable":true,"href":"https:\/\/easyliferobo.com\/de\/wp-json\/wp\/v2\/store?post=4846"},{"taxonomy":"product_brand","embeddable":true,"href":"https:\/\/easyliferobo.com\/de\/wp-json\/wp\/v2\/product_brand?post=4846"},{"taxonomy":"product_cat","embeddable":true,"href":"https:\/\/easyliferobo.com\/de\/wp-json\/wp\/v2\/product_cat?post=4846"},{"taxonomy":"product_tag","embeddable":true,"href":"https:\/\/easyliferobo.com\/de\/wp-json\/wp\/v2\/product_tag?post=4846"}],"curies":[{"name":"wp","href":"https:\/\/api.w.org\/{rel}","templated":true}]}}