
{"id":4833,"date":"2026-02-27T14:25:16","date_gmt":"2026-02-27T14:25:16","guid":{"rendered":"https:\/\/easyliferobo.com\/de\/product\/2wd-smart-robot-car-chassis-kit-mit-geschwindigkeitssensor-und-batteriekasten-fuer-arduino-2-motor-untersetzung-148-kunststoff-metall-paedagogische-diy-robotik-zur-verfolgung-der-hindernisvermei\/"},"modified":"2026-02-27T14:25:27","modified_gmt":"2026-02-27T14:25:27","slug":"2wd-smart-robot-car-chassis-kit-mit-geschwindigkeitssensor-und-batteriekasten-fuer-arduino-2-motor-untersetzung-148-kunststoff-metall-paedagogische-diy-robotik-zur-verfolgung-der-hindernisvermei","status":"publish","type":"product","link":"https:\/\/easyliferobo.com\/de\/product\/2wd-smart-robot-car-chassis-kit-mit-geschwindigkeitssensor-und-batteriekasten-fuer-arduino-2-motor-untersetzung-148-kunststoff-metall-paedagogische-diy-robotik-zur-verfolgung-der-hindernisvermei\/","title":{"rendered":"2WD Smart Robot Car Chassis Kit mit..."},"content":{"rendered":"<p>    <span>Besondere Merkmale: <\/span><br \/><span>* Einfache mechanische Struktur, einfach zu installieren. <\/span><br \/><span>* Intelligentes Roboterauto mit Codescheibe, sehr gut geeignet f\u00fcr Heimwerker. <\/span><br \/><span>* Wird f\u00fcr p\u00e4dagogisches Lernen, intelligente Roboterauto-Wettbewerbe und Unterhaltung verwendet. <\/span><br \/><span>* Kann zur Entfernungsmessung und Geschwindigkeit verwendet werden. <\/span><br \/><span>* Dieses Auto ist ein Drehzahlmesser-Encoder <\/span><br \/><span>* Kann mit anderen Ger\u00e4ten verwendet werden, um Funktionen wie Verfolgung, Hindernisvermeidung, Entfernungserkennung, Geschwindigkeitserkennung und drahtlose Fernbedienung zu erreichen. <\/span><br \/><span>* Ausgestattet mit zwei DC-Reduziermotoren betr\u00e4gt das Motoruntersetzungsverh\u00e4ltnis 1:48 (bei 3 V). <\/span><br \/><span>* Hergestellt aus hochwertigen, umweltfreundlichen Materialien. <\/span><br \/><span>Technische Daten: <\/span><br \/><span>Teilname: Smart Car Chassis Kit <\/span><br \/><span>Material: Kunststoff und Metall. <\/span><br \/><span>Farbe: wie abgebildet <\/span><br \/><span>Ger\u00e4uschpegel: <65 dB <\/span><br \/><span>Gr\u00f6\u00dfe: 20 x 10 cm (L\u00e4nge x Breite). <\/span><br \/><span>Radgr\u00f6\u00dfe: 6 x 2,7 cm (Durchmesser x H\u00f6he). <\/span><br \/><span>Motorstromversorgung: 3V ~ 6V <\/span><br \/><span>Hinweis: Die Motorstromversorgung betr\u00e4gt 3V~6V. Alle oben genannten Parameter werden unter keiner Last getestet. <\/span><br \/><span>Hinweis: Bei diesem Auto handelt es sich um einen Drehzahlmesser-Encoder. Kommt mit 4 AA-Batterieboxen (Batterien nicht im Lieferumfang enthalten). <\/span><br \/><span>Tipps: Das Autochassis ist transparent, Sie m\u00fcssen das Schutzpapier abrei\u00dfen. <\/span><br \/><span>Das Paket beinhaltet: <\/span><br \/><span>1 x Auto-Chassis <\/span><br \/><span>2 x Getriebemotoren (1:48) <\/span><br \/><span>2 x Geschwindigkeitssensor <\/span><br \/><span>4 x Befestigungselemente <\/span><br \/><span>1 x Rad <\/span><br \/><span>1 x Power-Taste <\/span><br \/><span>14 x Schrauben <\/span><br \/><span>1 x Batteriekasten <\/span><br \/><span>10 x Muttern <\/span><br \/><span>Notiz: <\/span><br \/><span>1. Die tats\u00e4chliche Farbe des Artikels kann geringf\u00fcgig von den auf der Website gezeigten Bildern abweichen. Dies kann durch viele Faktoren verursacht werden, beispielsweise durch die Helligkeit des Computerbildschirms oder die Helligkeit der Beleuchtung. <\/span><br \/><span>Bitte erlauben Sie leichte Abweichungen bei den Messdaten. <\/span><br \/>http:\/\/00c9c0f6.oss-us-west-1.aliyuncs.com\/upload\/product\/2024\/10\/16\/EEE0358895\/original\/e0d3a3c82cbc8f08197683ace26a1bf7.jpeg<br \/>http:\/\/00c9c0f6.oss-us-west-1.aliyuncs.com\/upload\/product\/2024\/10\/16\/EEE0358895\/original\/13bacb46a82c285531236f6aa53f58d3.jpeg<br \/>http:\/\/00c9c0f6.oss-us-west-1.aliyuncs.com\/upload\/product\/2024\/10\/16\/EEE0358895\/original\/3f9160c01035e433df2a1cf24d8edfc5.jpeg<br \/>http:\/\/00c9c0f6.oss-us-west-1.aliyuncs.com\/upload\/product\/2024\/10\/16\/EEE0358895\/original\/43bee4e00249b8e391ffe950d7f170c2.jpeg<br \/>http:\/\/00c9c0f6.oss-us-west-1.aliyuncs.com\/upload\/product\/2024\/10\/16\/EEE0358895\/original\/4ce4df35ef94b59a752cd38f561ac14d.jpeg<\/p>\n<p>[ad_2]<\/p>\n","protected":false},"excerpt":{"rendered":"<p>Besondere Merkmale: * Einfache mechanische Struktur, einfach zu installieren. * Intelligentes Roboterauto mit Codescheibe, sehr gut geeignet f\u00fcr Heimwerker. * Wird f\u00fcr p\u00e4dagogisches Lernen, intelligente Roboterauto-Wettbewerbe und Unterhaltung verwendet. * Kann zur Entfernungsmessung und Geschwindigkeit verwendet werden. * Dieses Auto ist ein Drehzahlmesser-Encoder * Kann mit anderen Ger\u00e4ten verwendet werden, um Funktionen wie Verfolgung, Hindernisvermeidung, [&hellip;]<\/p>\n","protected":false},"featured_media":4834,"comment_status":"open","ping_status":"closed","template":"","meta":{"_aipt_faq_data":""},"store":[],"product_brand":[],"product_cat":[101],"product_tag":[221],"class_list":{"0":"post-4833","1":"product","2":"type-product","3":"status-publish","4":"has-post-thumbnail","6":"product_cat-diy-automatisierungskits","7":"product_tag-diy-automatisierungskits-fuer-roboter","9":"first","10":"instock","11":"shipping-taxable","12":"product-type-external"},"yoast_head":"<!-- This site is optimized with the Yoast SEO plugin v27.4 - https:\/\/yoast.com\/product\/yoast-seo-wordpress\/ -->\n<title>2WD Smart Robot Car Chassis Kit mit Geschwindigkeitssensor und Batteriekasten f\u00fcr Arduino, 2-Motor-Untersetzung 1:48, Kunststoff + Metall, p\u00e4dagogische DIY-Robotik zur Verfolgung der Hindernisvermeidung - EasyLifeBro<\/title>\n<meta name=\"description\" content=\"Entdecken Sie smarte Roboter f\u00fcr Zuhause, Garten, Bildung und Sicherheit. Vergleichen Sie Saugroboter, Rasenm\u00e4hroboter, KI-Begleitroboter und mehr bei EasyLifeRobo.\" \/>\n<meta name=\"robots\" content=\"index, follow, max-snippet:-1, max-image-preview:large, max-video-preview:-1\" \/>\n<link rel=\"canonical\" href=\"https:\/\/easyliferobo.com\/de\/product\/2wd-smart-robot-car-chassis-kit-mit-geschwindigkeitssensor-und-batteriekasten-fuer-arduino-2-motor-untersetzung-148-kunststoff-metall-paedagogische-diy-robotik-zur-verfolgung-der-hindernisvermei\/\" \/>\n<meta property=\"og:locale\" content=\"de_DE\" \/>\n<meta property=\"og:type\" content=\"article\" \/>\n<meta property=\"og:title\" content=\"2WD Smart Robot Car Chassis Kit mit Geschwindigkeitssensor und Batteriekasten f\u00fcr Arduino, 2-Motor-Untersetzung 1:48, Kunststoff + Metall, p\u00e4dagogische DIY-Robotik zur Verfolgung der Hindernisvermeidung - EasyLifeBro\" \/>\n<meta property=\"og:description\" content=\"Entdecken Sie smarte Roboter f\u00fcr Zuhause, Garten, Bildung und Sicherheit. Vergleichen Sie Saugroboter, Rasenm\u00e4hroboter, KI-Begleitroboter und mehr bei EasyLifeRobo.\" \/>\n<meta property=\"og:url\" content=\"https:\/\/easyliferobo.com\/de\/product\/2wd-smart-robot-car-chassis-kit-mit-geschwindigkeitssensor-und-batteriekasten-fuer-arduino-2-motor-untersetzung-148-kunststoff-metall-paedagogische-diy-robotik-zur-verfolgung-der-hindernisvermei\/\" \/>\n<meta property=\"og:site_name\" content=\"EasyLifeBro\" \/>\n<meta property=\"article:modified_time\" content=\"2026-02-27T14:25:27+00:00\" \/>\n<meta name=\"twitter:card\" content=\"summary_large_image\" \/>\n<script type=\"application\/ld+json\" class=\"yoast-schema-graph\">{\"@context\":\"https:\\\/\\\/schema.org\",\"@graph\":[{\"@type\":\"WebPage\",\"@id\":\"https:\\\/\\\/easyliferobo.com\\\/de\\\/product\\\/2wd-smart-robot-car-chassis-kit-mit-geschwindigkeitssensor-und-batteriekasten-fuer-arduino-2-motor-untersetzung-148-kunststoff-metall-paedagogische-diy-robotik-zur-verfolgung-der-hindernisvermei\\\/\",\"url\":\"https:\\\/\\\/easyliferobo.com\\\/de\\\/product\\\/2wd-smart-robot-car-chassis-kit-mit-geschwindigkeitssensor-und-batteriekasten-fuer-arduino-2-motor-untersetzung-148-kunststoff-metall-paedagogische-diy-robotik-zur-verfolgung-der-hindernisvermei\\\/\",\"name\":\"2WD Smart Robot Car Chassis Kit mit Geschwindigkeitssensor und Batteriekasten f\u00fcr Arduino, 2-Motor-Untersetzung 1:48, Kunststoff + Metall, p\u00e4dagogische DIY-Robotik zur Verfolgung der Hindernisvermeidung - EasyLifeBro\",\"isPartOf\":{\"@id\":\"https:\\\/\\\/easyliferobo.com\\\/de\\\/#website\"},\"primaryImageOfPage\":{\"@id\":\"https:\\\/\\\/easyliferobo.com\\\/de\\\/product\\\/2wd-smart-robot-car-chassis-kit-mit-geschwindigkeitssensor-und-batteriekasten-fuer-arduino-2-motor-untersetzung-148-kunststoff-metall-paedagogische-diy-robotik-zur-verfolgung-der-hindernisvermei\\\/#primaryimage\"},\"image\":{\"@id\":\"https:\\\/\\\/easyliferobo.com\\\/de\\\/product\\\/2wd-smart-robot-car-chassis-kit-mit-geschwindigkeitssensor-und-batteriekasten-fuer-arduino-2-motor-untersetzung-148-kunststoff-metall-paedagogische-diy-robotik-zur-verfolgung-der-hindernisvermei\\\/#primaryimage\"},\"thumbnailUrl\":\"https:\\\/\\\/easyliferobo.com\\\/de\\\/wp-content\\\/uploads\\\/2026\\\/02\\\/61a7PHetgyL._AC_SL1500_.jpg\",\"datePublished\":\"2026-02-27T14:25:16+00:00\",\"dateModified\":\"2026-02-27T14:25:27+00:00\",\"description\":\"Entdecken Sie smarte Roboter f\u00fcr Zuhause, Garten, Bildung und Sicherheit. Vergleichen Sie Saugroboter, Rasenm\u00e4hroboter, KI-Begleitroboter und mehr bei EasyLifeRobo.\",\"breadcrumb\":{\"@id\":\"https:\\\/\\\/easyliferobo.com\\\/de\\\/product\\\/2wd-smart-robot-car-chassis-kit-mit-geschwindigkeitssensor-und-batteriekasten-fuer-arduino-2-motor-untersetzung-148-kunststoff-metall-paedagogische-diy-robotik-zur-verfolgung-der-hindernisvermei\\\/#breadcrumb\"},\"inLanguage\":\"de\",\"potentialAction\":[{\"@type\":\"ReadAction\",\"target\":[\"https:\\\/\\\/easyliferobo.com\\\/de\\\/product\\\/2wd-smart-robot-car-chassis-kit-mit-geschwindigkeitssensor-und-batteriekasten-fuer-arduino-2-motor-untersetzung-148-kunststoff-metall-paedagogische-diy-robotik-zur-verfolgung-der-hindernisvermei\\\/\"]}]},{\"@type\":\"ImageObject\",\"inLanguage\":\"de\",\"@id\":\"https:\\\/\\\/easyliferobo.com\\\/de\\\/product\\\/2wd-smart-robot-car-chassis-kit-mit-geschwindigkeitssensor-und-batteriekasten-fuer-arduino-2-motor-untersetzung-148-kunststoff-metall-paedagogische-diy-robotik-zur-verfolgung-der-hindernisvermei\\\/#primaryimage\",\"url\":\"https:\\\/\\\/easyliferobo.com\\\/de\\\/wp-content\\\/uploads\\\/2026\\\/02\\\/61a7PHetgyL._AC_SL1500_.jpg\",\"contentUrl\":\"https:\\\/\\\/easyliferobo.com\\\/de\\\/wp-content\\\/uploads\\\/2026\\\/02\\\/61a7PHetgyL._AC_SL1500_.jpg\",\"width\":1219,\"height\":1500},{\"@type\":\"BreadcrumbList\",\"@id\":\"https:\\\/\\\/easyliferobo.com\\\/de\\\/product\\\/2wd-smart-robot-car-chassis-kit-mit-geschwindigkeitssensor-und-batteriekasten-fuer-arduino-2-motor-untersetzung-148-kunststoff-metall-paedagogische-diy-robotik-zur-verfolgung-der-hindernisvermei\\\/#breadcrumb\",\"itemListElement\":[{\"@type\":\"ListItem\",\"position\":1,\"name\":\"Home\",\"item\":\"https:\\\/\\\/easyliferobo.com\\\/de\\\/\"},{\"@type\":\"ListItem\",\"position\":2,\"name\":\"Shop\",\"item\":\"https:\\\/\\\/easyliferobo.com\\\/de\\\/shop\\\/\"},{\"@type\":\"ListItem\",\"position\":3,\"name\":\"2WD Smart Robot Car Chassis Kit mit...\"}]},{\"@type\":\"WebSite\",\"@id\":\"https:\\\/\\\/easyliferobo.com\\\/de\\\/#website\",\"url\":\"https:\\\/\\\/easyliferobo.com\\\/de\\\/\",\"name\":\"EasyLifeBro\",\"description\":\"Smarte Roboter f\u00fcr Zuhause, Garten &amp; Bildung\",\"publisher\":{\"@id\":\"https:\\\/\\\/easyliferobo.com\\\/de\\\/#organization\"},\"potentialAction\":[{\"@type\":\"SearchAction\",\"target\":{\"@type\":\"EntryPoint\",\"urlTemplate\":\"https:\\\/\\\/easyliferobo.com\\\/de\\\/?s={search_term_string}\"},\"query-input\":{\"@type\":\"PropertyValueSpecification\",\"valueRequired\":true,\"valueName\":\"search_term_string\"}}],\"inLanguage\":\"de\"},{\"@type\":\"Organization\",\"@id\":\"https:\\\/\\\/easyliferobo.com\\\/de\\\/#organization\",\"name\":\"EasyLifeBro\",\"url\":\"https:\\\/\\\/easyliferobo.com\\\/de\\\/\",\"logo\":{\"@type\":\"ImageObject\",\"inLanguage\":\"de\",\"@id\":\"https:\\\/\\\/easyliferobo.com\\\/de\\\/#\\\/schema\\\/logo\\\/image\\\/\",\"url\":\"https:\\\/\\\/easyliferobo.com\\\/de\\\/wp-content\\\/uploads\\\/2026\\\/02\\\/Screenshot-2026-02-22-at-2.25.03-PM.png\",\"contentUrl\":\"https:\\\/\\\/easyliferobo.com\\\/de\\\/wp-content\\\/uploads\\\/2026\\\/02\\\/Screenshot-2026-02-22-at-2.25.03-PM.png\",\"width\":1858,\"height\":430,\"caption\":\"EasyLifeBro\"},\"image\":{\"@id\":\"https:\\\/\\\/easyliferobo.com\\\/de\\\/#\\\/schema\\\/logo\\\/image\\\/\"}}]}<\/script>\n<!-- \/ Yoast SEO plugin. -->","yoast_head_json":{"title":"2WD Smart Robot Car Chassis Kit mit Geschwindigkeitssensor und Batteriekasten f\u00fcr Arduino, 2-Motor-Untersetzung 1:48, Kunststoff + Metall, p\u00e4dagogische DIY-Robotik zur Verfolgung der Hindernisvermeidung - EasyLifeBro","description":"Entdecken Sie smarte Roboter f\u00fcr Zuhause, Garten, Bildung und Sicherheit. Vergleichen Sie Saugroboter, Rasenm\u00e4hroboter, KI-Begleitroboter und mehr bei EasyLifeRobo.","robots":{"index":"index","follow":"follow","max-snippet":"max-snippet:-1","max-image-preview":"max-image-preview:large","max-video-preview":"max-video-preview:-1"},"canonical":"https:\/\/easyliferobo.com\/de\/product\/2wd-smart-robot-car-chassis-kit-mit-geschwindigkeitssensor-und-batteriekasten-fuer-arduino-2-motor-untersetzung-148-kunststoff-metall-paedagogische-diy-robotik-zur-verfolgung-der-hindernisvermei\/","og_locale":"de_DE","og_type":"article","og_title":"2WD Smart Robot Car Chassis Kit mit Geschwindigkeitssensor und Batteriekasten f\u00fcr Arduino, 2-Motor-Untersetzung 1:48, Kunststoff + Metall, p\u00e4dagogische DIY-Robotik zur Verfolgung der Hindernisvermeidung - EasyLifeBro","og_description":"Entdecken Sie smarte Roboter f\u00fcr Zuhause, Garten, Bildung und Sicherheit. Vergleichen Sie Saugroboter, Rasenm\u00e4hroboter, KI-Begleitroboter und mehr bei EasyLifeRobo.","og_url":"https:\/\/easyliferobo.com\/de\/product\/2wd-smart-robot-car-chassis-kit-mit-geschwindigkeitssensor-und-batteriekasten-fuer-arduino-2-motor-untersetzung-148-kunststoff-metall-paedagogische-diy-robotik-zur-verfolgung-der-hindernisvermei\/","og_site_name":"EasyLifeBro","article_modified_time":"2026-02-27T14:25:27+00:00","twitter_card":"summary_large_image","schema":{"@context":"https:\/\/schema.org","@graph":[{"@type":"WebPage","@id":"https:\/\/easyliferobo.com\/de\/product\/2wd-smart-robot-car-chassis-kit-mit-geschwindigkeitssensor-und-batteriekasten-fuer-arduino-2-motor-untersetzung-148-kunststoff-metall-paedagogische-diy-robotik-zur-verfolgung-der-hindernisvermei\/","url":"https:\/\/easyliferobo.com\/de\/product\/2wd-smart-robot-car-chassis-kit-mit-geschwindigkeitssensor-und-batteriekasten-fuer-arduino-2-motor-untersetzung-148-kunststoff-metall-paedagogische-diy-robotik-zur-verfolgung-der-hindernisvermei\/","name":"2WD Smart Robot Car Chassis Kit mit Geschwindigkeitssensor und Batteriekasten f\u00fcr Arduino, 2-Motor-Untersetzung 1:48, Kunststoff + Metall, p\u00e4dagogische DIY-Robotik zur Verfolgung der Hindernisvermeidung - EasyLifeBro","isPartOf":{"@id":"https:\/\/easyliferobo.com\/de\/#website"},"primaryImageOfPage":{"@id":"https:\/\/easyliferobo.com\/de\/product\/2wd-smart-robot-car-chassis-kit-mit-geschwindigkeitssensor-und-batteriekasten-fuer-arduino-2-motor-untersetzung-148-kunststoff-metall-paedagogische-diy-robotik-zur-verfolgung-der-hindernisvermei\/#primaryimage"},"image":{"@id":"https:\/\/easyliferobo.com\/de\/product\/2wd-smart-robot-car-chassis-kit-mit-geschwindigkeitssensor-und-batteriekasten-fuer-arduino-2-motor-untersetzung-148-kunststoff-metall-paedagogische-diy-robotik-zur-verfolgung-der-hindernisvermei\/#primaryimage"},"thumbnailUrl":"https:\/\/easyliferobo.com\/de\/wp-content\/uploads\/2026\/02\/61a7PHetgyL._AC_SL1500_.jpg","datePublished":"2026-02-27T14:25:16+00:00","dateModified":"2026-02-27T14:25:27+00:00","description":"Entdecken Sie smarte Roboter f\u00fcr Zuhause, Garten, Bildung und Sicherheit. Vergleichen Sie Saugroboter, Rasenm\u00e4hroboter, KI-Begleitroboter und mehr bei EasyLifeRobo.","breadcrumb":{"@id":"https:\/\/easyliferobo.com\/de\/product\/2wd-smart-robot-car-chassis-kit-mit-geschwindigkeitssensor-und-batteriekasten-fuer-arduino-2-motor-untersetzung-148-kunststoff-metall-paedagogische-diy-robotik-zur-verfolgung-der-hindernisvermei\/#breadcrumb"},"inLanguage":"de","potentialAction":[{"@type":"ReadAction","target":["https:\/\/easyliferobo.com\/de\/product\/2wd-smart-robot-car-chassis-kit-mit-geschwindigkeitssensor-und-batteriekasten-fuer-arduino-2-motor-untersetzung-148-kunststoff-metall-paedagogische-diy-robotik-zur-verfolgung-der-hindernisvermei\/"]}]},{"@type":"ImageObject","inLanguage":"de","@id":"https:\/\/easyliferobo.com\/de\/product\/2wd-smart-robot-car-chassis-kit-mit-geschwindigkeitssensor-und-batteriekasten-fuer-arduino-2-motor-untersetzung-148-kunststoff-metall-paedagogische-diy-robotik-zur-verfolgung-der-hindernisvermei\/#primaryimage","url":"https:\/\/easyliferobo.com\/de\/wp-content\/uploads\/2026\/02\/61a7PHetgyL._AC_SL1500_.jpg","contentUrl":"https:\/\/easyliferobo.com\/de\/wp-content\/uploads\/2026\/02\/61a7PHetgyL._AC_SL1500_.jpg","width":1219,"height":1500},{"@type":"BreadcrumbList","@id":"https:\/\/easyliferobo.com\/de\/product\/2wd-smart-robot-car-chassis-kit-mit-geschwindigkeitssensor-und-batteriekasten-fuer-arduino-2-motor-untersetzung-148-kunststoff-metall-paedagogische-diy-robotik-zur-verfolgung-der-hindernisvermei\/#breadcrumb","itemListElement":[{"@type":"ListItem","position":1,"name":"Home","item":"https:\/\/easyliferobo.com\/de\/"},{"@type":"ListItem","position":2,"name":"Shop","item":"https:\/\/easyliferobo.com\/de\/shop\/"},{"@type":"ListItem","position":3,"name":"2WD Smart Robot Car Chassis Kit mit..."}]},{"@type":"WebSite","@id":"https:\/\/easyliferobo.com\/de\/#website","url":"https:\/\/easyliferobo.com\/de\/","name":"EasyLifeBro","description":"Smarte Roboter f\u00fcr Zuhause, Garten &amp; Bildung","publisher":{"@id":"https:\/\/easyliferobo.com\/de\/#organization"},"potentialAction":[{"@type":"SearchAction","target":{"@type":"EntryPoint","urlTemplate":"https:\/\/easyliferobo.com\/de\/?s={search_term_string}"},"query-input":{"@type":"PropertyValueSpecification","valueRequired":true,"valueName":"search_term_string"}}],"inLanguage":"de"},{"@type":"Organization","@id":"https:\/\/easyliferobo.com\/de\/#organization","name":"EasyLifeBro","url":"https:\/\/easyliferobo.com\/de\/","logo":{"@type":"ImageObject","inLanguage":"de","@id":"https:\/\/easyliferobo.com\/de\/#\/schema\/logo\/image\/","url":"https:\/\/easyliferobo.com\/de\/wp-content\/uploads\/2026\/02\/Screenshot-2026-02-22-at-2.25.03-PM.png","contentUrl":"https:\/\/easyliferobo.com\/de\/wp-content\/uploads\/2026\/02\/Screenshot-2026-02-22-at-2.25.03-PM.png","width":1858,"height":430,"caption":"EasyLifeBro"},"image":{"@id":"https:\/\/easyliferobo.com\/de\/#\/schema\/logo\/image\/"}}]}},"_links":{"self":[{"href":"https:\/\/easyliferobo.com\/de\/wp-json\/wp\/v2\/product\/4833","targetHints":{"allow":["GET"]}}],"collection":[{"href":"https:\/\/easyliferobo.com\/de\/wp-json\/wp\/v2\/product"}],"about":[{"href":"https:\/\/easyliferobo.com\/de\/wp-json\/wp\/v2\/types\/product"}],"replies":[{"embeddable":true,"href":"https:\/\/easyliferobo.com\/de\/wp-json\/wp\/v2\/comments?post=4833"}],"wp:featuredmedia":[{"embeddable":true,"href":"https:\/\/easyliferobo.com\/de\/wp-json\/wp\/v2\/media\/4834"}],"wp:attachment":[{"href":"https:\/\/easyliferobo.com\/de\/wp-json\/wp\/v2\/media?parent=4833"}],"wp:term":[{"taxonomy":"store","embeddable":true,"href":"https:\/\/easyliferobo.com\/de\/wp-json\/wp\/v2\/store?post=4833"},{"taxonomy":"product_brand","embeddable":true,"href":"https:\/\/easyliferobo.com\/de\/wp-json\/wp\/v2\/product_brand?post=4833"},{"taxonomy":"product_cat","embeddable":true,"href":"https:\/\/easyliferobo.com\/de\/wp-json\/wp\/v2\/product_cat?post=4833"},{"taxonomy":"product_tag","embeddable":true,"href":"https:\/\/easyliferobo.com\/de\/wp-json\/wp\/v2\/product_tag?post=4833"}],"curies":[{"name":"wp","href":"https:\/\/api.w.org\/{rel}","templated":true}]}}