
{"id":4824,"date":"2026-02-27T14:23:35","date_gmt":"2026-02-27T14:23:35","guid":{"rendered":"https:\/\/easyliferobo.com\/de\/product\/holy-stone-hs290-faltbare-drohne-mit-kamera-1080p-fuer-einsteiger-rc-drohnen-mit-fpv-uebertragung-lange-flugzeit-app-steuerung-kameradrohnen-mit-optischem-fluss-komplettset-spielzeuggeschenke-fu\/"},"modified":"2026-02-27T14:23:54","modified_gmt":"2026-02-27T14:23:54","slug":"holy-stone-hs290-faltbare-drohne-mit-kamera-1080p-fuer-einsteiger-rc-drohnen-mit-fpv-uebertragung-lange-flugzeit-app-steuerung-kameradrohnen-mit-optischem-fluss-komplettset-spielzeuggeschenke-fu","status":"publish","type":"product","link":"https:\/\/easyliferobo.com\/de\/product\/holy-stone-hs290-faltbare-drohne-mit-kamera-1080p-fuer-einsteiger-rc-drohnen-mit-fpv-uebertragung-lange-flugzeit-app-steuerung-kameradrohnen-mit-optischem-fluss-komplettset-spielzeuggeschenke-fu\/","title":{"rendered":"Holy Stone HS290 faltbare Drohne mi..."},"content":{"rendered":"<p>\n                                             Von der Marke   <\/p>\n<p>                                              <img decoding=\"async\" alt=\"ein Mann in einem wei\u00dfen Hemd und einer schwarzen Kamera, der im Kreis fliegt.\" src=\"https:\/\/images-na.ssl-images-amazon.com\/images\/G\/01\/x-locale\/common\/grey-pixel.gif\" class=\"a-lazy-loaded\" data-src=\"https:\/\/m.media-amazon.com\/images\/S\/aplus-media-library-service-media\/277b2a73-f542-46ba-b6cd-a4be881b57db.__CR0,0,1464,625_PT0_SX1464_V1___.jpg\"><img decoding=\"async\" alt=\"ein Mann in einem wei\u00dfen Hemd und einer schwarzen Kamera, der im Kreis fliegt.\" src=\"https:\/\/m.media-amazon.com\/images\/S\/aplus-media-library-service-media\/277b2a73-f542-46ba-b6cd-a4be881b57db.__CR0,0,1464,625_PT0_SX1464_V1___.jpg\">  <\/p>\n<p>                                              <img decoding=\"async\" alt=\"\" src=\"https:\/\/images-na.ssl-images-amazon.com\/images\/G\/01\/x-locale\/common\/grey-pixel.gif\" class=\"a-lazy-loaded\" data-src=\"https:\/\/m.media-amazon.com\/images\/S\/aplus-media-library-service-media\/363c5b17-ee42-483a-82fb-bee282dcab95.__CR0,0,315,145_PT0_SX315_V1___.jpg\"><img decoding=\"async\" alt=\"\" src=\"https:\/\/m.media-amazon.com\/images\/S\/aplus-media-library-service-media\/363c5b17-ee42-483a-82fb-bee282dcab95.__CR0,0,315,145_PT0_SX315_V1___.jpg\">  <\/p>\n<p>  Der Himmel ist voller Tr\u00e4ume. Lassen Sie unsere Drohnen Ihr Traumf\u00e4nger sein. <\/p>\n<p>  Unser Ziel ist es, Hightech-Drohnen zu entwickeln, die erschwinglich sind und Spa\u00df machen. <\/p>\n<p>  Seit 2014 ist Holy Stone die beste Wahl f\u00fcr Einsteigerdrohnen f\u00fcr Einsteiger und Drohnenliebhaber. Mehr als 5 Millionen Kunden haben das Fliegen genossen und mit ihren Holy Stone-Drohnen gro\u00dfartige Momente im Leben festgehalten. <\/p>\n<p>                                              <img decoding=\"async\" alt=\"Infografik, die die Spezialisierung auf Drohnen, 5 Millionen Kundenstamm, mehrere benutzerfreundliche Optionen, reaktionsschnellen Kundensupport und kreativen, freundlichen Service hervorhebt.\" src=\"https:\/\/images-na.ssl-images-amazon.com\/images\/G\/01\/x-locale\/common\/grey-pixel.gif\" class=\"a-lazy-loaded\" data-src=\"https:\/\/m.media-amazon.com\/images\/S\/aplus-media-library-service-media\/fe4c968c-0eec-4883-9f11-514a9772ddef.__CR0,0,362,453_PT0_SX362_V1___.jpg\"><img decoding=\"async\" alt=\"Infografik, die die Spezialisierung auf Drohnen, 5 Millionen Kundenstamm, mehrere benutzerfreundliche Optionen, reaktionsschnellen Kundensupport und kreativen, freundlichen Service hervorhebt.\" src=\"https:\/\/m.media-amazon.com\/images\/S\/aplus-media-library-service-media\/fe4c968c-0eec-4883-9f11-514a9772ddef.__CR0,0,362,453_PT0_SX362_V1___.jpg\">  <\/p>\n<p>                                              <img decoding=\"async\" alt=\"Kundendienstmitarbeiter tr\u00e4gt Headset und l\u00e4chelt, w\u00e4hrend er am Computer arbeitet. Kontaktinformationen und \u201eKUNDENORIENTIERTE\u201c Informationen Text angezeigt.\" src=\"https:\/\/images-na.ssl-images-amazon.com\/images\/G\/01\/x-locale\/common\/grey-pixel.gif\" class=\"a-lazy-loaded\" data-src=\"https:\/\/m.media-amazon.com\/images\/S\/aplus-media-library-service-media\/c48a80e0-2a0a-429a-ab26-178a4352bf6a.__CR0,0,362,453_PT0_SX362_V1___.jpg\"><img decoding=\"async\" alt=\"Kundendienstmitarbeiter tr\u00e4gt Headset und l\u00e4chelt, w\u00e4hrend er am Computer arbeitet. Kontaktinformationen und \u201eKUNDENORIENTIERTE\u201c Informationen Text angezeigt.\" src=\"https:\/\/m.media-amazon.com\/images\/S\/aplus-media-library-service-media\/c48a80e0-2a0a-429a-ab26-178a4352bf6a.__CR0,0,362,453_PT0_SX362_V1___.jpg\">  <\/p>\n<p>                                              <img decoding=\"async\" alt=\"Frau mit einer Drohne am Himmel Frau fliegende Drohne fliegende fliegende Drohne fliegende fliegende Drohne\" src=\"https:\/\/images-na.ssl-images-amazon.com\/images\/G\/01\/x-locale\/common\/grey-pixel.gif\" class=\"a-lazy-loaded\" data-src=\"https:\/\/m.media-amazon.com\/images\/S\/aplus-media-library-service-media\/d3276908-5fa4-40f7-ac6c-c0801db4b67d.__CR0,0,362,453_PT0_SX362_V1___.jpg\"><img decoding=\"async\" alt=\"Frau mit einer Drohne am Himmel Frau fliegende Drohne fliegende fliegende Drohne fliegende fliegende Drohne\" src=\"https:\/\/m.media-amazon.com\/images\/S\/aplus-media-library-service-media\/d3276908-5fa4-40f7-ac6c-c0801db4b67d.__CR0,0,362,453_PT0_SX362_V1___.jpg\">  <\/p>\n<h3>  Fortschrittliche Drohnen <\/h3>\n<p>                                              <img decoding=\"async\" alt=\"Ein Vater und ein Sohn sitzen auf dem Dach eines Autos.\" src=\"https:\/\/images-na.ssl-images-amazon.com\/images\/G\/01\/x-locale\/common\/grey-pixel.gif\" class=\"a-lazy-loaded\" data-src=\"https:\/\/m.media-amazon.com\/images\/S\/aplus-media-library-service-media\/6d18d94a-651f-4c35-8187-29c703e3e2c9.__CR0,0,362,453_PT0_SX362_V1___.jpg\"><img decoding=\"async\" alt=\"Ein Vater und ein Sohn sitzen auf dem Dach eines Autos.\" src=\"https:\/\/m.media-amazon.com\/images\/S\/aplus-media-library-service-media\/6d18d94a-651f-4c35-8187-29c703e3e2c9.__CR0,0,362,453_PT0_SX362_V1___.jpg\">  <\/p>\n<h3>  Drohnen der Einstiegsklasse <\/h3>\n<p>                                              <img decoding=\"async\" alt=\"Ein Vater und ein Sohn spielen mit einer Fernbedienung im Wohnzimmer.\" src=\"https:\/\/images-na.ssl-images-amazon.com\/images\/G\/01\/x-locale\/common\/grey-pixel.gif\" class=\"a-lazy-loaded\" data-src=\"https:\/\/m.media-amazon.com\/images\/S\/aplus-media-library-service-media\/2818abcf-ef7e-4f84-bb14-ed43e993038c.__CR0,0,362,453_PT0_SX362_V1___.jpg\"><img decoding=\"async\" alt=\"Ein Vater und ein Sohn spielen mit einer Fernbedienung im Wohnzimmer.\" src=\"https:\/\/m.media-amazon.com\/images\/S\/aplus-media-library-service-media\/2818abcf-ef7e-4f84-bb14-ed43e993038c.__CR0,0,362,453_PT0_SX362_V1___.jpg\">  <\/p>\n<h3>  Mini-Drohnen <\/h3>\n<p>                                              <img decoding=\"async\" alt=\"Die Website-Seite des Heiligen Steins\" src=\"https:\/\/images-na.ssl-images-amazon.com\/images\/G\/01\/x-locale\/common\/grey-pixel.gif\" class=\"a-lazy-loaded\" data-src=\"https:\/\/m.media-amazon.com\/images\/S\/aplus-media-library-service-media\/99977b6b-2619-48a4-875b-f00b95d95e51.__CR0,0,362,453_PT0_SX362_V1___.jpg\"><img decoding=\"async\" alt=\"Die Website-Seite des Heiligen Steins\" src=\"https:\/\/m.media-amazon.com\/images\/S\/aplus-media-library-service-media\/99977b6b-2619-48a4-875b-f00b95d95e51.__CR0,0,362,453_PT0_SX362_V1___.jpg\">  <\/p>\n<p>1080P HD-Kamera FPV: Entdecken Sie die Welt aus mehr Blickwinkeln mit einer motorisch verstellbaren 1080P-Kamera! Sie k\u00f6nnen die Live-\u00dcbertragung ansehen oder Fotos und Videos aufnehmen, um keinen einzigen Moment zu verpassen.<br \/>Geeignet f\u00fcr Kinder und Jugendliche: Starten\/Landen mit einem Knopf vereinfacht die Bedienung. Verbessertes Positionierungssystem, optischer Fluss, erm\u00f6glicht stabiles Schweben. Deshalb ist HS290 in puncto Funktionalit\u00e4t, Sicherheit und Spa\u00df die erste Wahl f\u00fcr Geschenke!<br \/>Mit Unterst\u00fctzung beim Power-Fly mit Spa\u00df: Die Drohne kann weitere interessante Kunstfl\u00fcge ausf\u00fchren, wie 360\u00b0-Rollen, schnelle Rotation und Kreisflieger. Perfekt f\u00fcr Indoor-Spiele, Familienfeiern, Geburtstage oder Partys.<br \/>Einfach zu bedienen: Auch Mobiltelefone k\u00f6nnen Drohnen steuern. Mit dem Tap Fly fliegt die Drohne entlang der benutzerdefinierten Punkte. Im Schwerkraftsensormodus folgt die Drohne der Flugrichtung Ihres Mobiltelefons.<br \/>LEICHT, LANGLEBIG: Das leichte Geh\u00e4use wiegt weniger als 249 g (C0-zertifiziert) und die faltbaren Propeller eignen sich besser f\u00fcr Lagerung und Transport. Dank der 2 Akkus verl\u00e4ngert sich die Flugzeit auf bis zu 24 Minuten. L\u00e4nger als andere \u00e4hnliche Produkte.<br \/>Kunde: Dieses Produkt wiegt weniger als 249 g und ist C0-zertifiziert. Wir bieten exzellenten Kundenservice, wenn Sie Fragen haben, kontaktieren Sie uns bitte. Bitte unter Aufsicht eines Erwachsenen verwenden.<br \/>Bitte beachten Sie: Aufgrund der integrierten Kamera ist eine Anmeldung beim Luftfahrtbundesamt (LBA) erforderlich.<\/p>\n<p>[ad_2]<\/p>\n","protected":false},"excerpt":{"rendered":"<p>Von der Marke Der Himmel ist voller Tr\u00e4ume. Lassen Sie unsere Drohnen Ihr Traumf\u00e4nger sein. Unser Ziel ist es, Hightech-Drohnen zu entwickeln, die erschwinglich sind und Spa\u00df machen. Seit 2014 ist Holy Stone die beste Wahl f\u00fcr Einsteigerdrohnen f\u00fcr Einsteiger und Drohnenliebhaber. Mehr als 5 Millionen Kunden haben das Fliegen genossen und mit ihren Holy [&hellip;]<\/p>\n","protected":false},"featured_media":4825,"comment_status":"open","ping_status":"closed","template":"","meta":{"_aipt_faq_data":""},"store":[],"product_brand":[217],"product_cat":[103],"product_tag":[219],"class_list":{"0":"post-4824","1":"product","2":"type-product","3":"status-publish","4":"has-post-thumbnail","6":"product_brand-holy-stone","7":"product_cat-kamera-drohnen","8":"product_tag-kamera-drohnen-fuer-luftaufnahmen","10":"first","11":"instock","12":"shipping-taxable","13":"product-type-external"},"yoast_head":"<!-- This site is optimized with the Yoast SEO plugin v27.4 - https:\/\/yoast.com\/product\/yoast-seo-wordpress\/ -->\n<title>Holy Stone HS290 faltbare Drohne mit Kamera 1080P f\u00fcr Einsteiger, RC-Drohnen mit FPV-\u00dcbertragung, lange Flugzeit, App-Steuerung, Kameradrohnen mit optischem Fluss, Komplettset, Spielzeuggeschenke f\u00fcr Kinder, Blau - EasyLifeBro<\/title>\n<meta name=\"description\" content=\"Entdecken Sie smarte Roboter f\u00fcr Zuhause, Garten, Bildung und Sicherheit. Vergleichen Sie Saugroboter, Rasenm\u00e4hroboter, KI-Begleitroboter und mehr bei EasyLifeRobo.\" \/>\n<meta name=\"robots\" content=\"index, follow, max-snippet:-1, max-image-preview:large, max-video-preview:-1\" \/>\n<link rel=\"canonical\" href=\"https:\/\/easyliferobo.com\/de\/product\/holy-stone-hs290-faltbare-drohne-mit-kamera-1080p-fuer-einsteiger-rc-drohnen-mit-fpv-uebertragung-lange-flugzeit-app-steuerung-kameradrohnen-mit-optischem-fluss-komplettset-spielzeuggeschenke-fu\/\" \/>\n<meta property=\"og:locale\" content=\"de_DE\" \/>\n<meta property=\"og:type\" content=\"article\" \/>\n<meta property=\"og:title\" content=\"Holy Stone HS290 faltbare Drohne mit Kamera 1080P f\u00fcr Einsteiger, RC-Drohnen mit FPV-\u00dcbertragung, lange Flugzeit, App-Steuerung, Kameradrohnen mit optischem Fluss, Komplettset, Spielzeuggeschenke f\u00fcr Kinder, Blau - EasyLifeBro\" \/>\n<meta property=\"og:description\" content=\"Entdecken Sie smarte Roboter f\u00fcr Zuhause, Garten, Bildung und Sicherheit. Vergleichen Sie Saugroboter, Rasenm\u00e4hroboter, KI-Begleitroboter und mehr bei EasyLifeRobo.\" \/>\n<meta property=\"og:url\" content=\"https:\/\/easyliferobo.com\/de\/product\/holy-stone-hs290-faltbare-drohne-mit-kamera-1080p-fuer-einsteiger-rc-drohnen-mit-fpv-uebertragung-lange-flugzeit-app-steuerung-kameradrohnen-mit-optischem-fluss-komplettset-spielzeuggeschenke-fu\/\" \/>\n<meta property=\"og:site_name\" content=\"EasyLifeBro\" \/>\n<meta property=\"article:modified_time\" content=\"2026-02-27T14:23:54+00:00\" \/>\n<meta property=\"og:image\" content=\"https:\/\/images-na.ssl-images-amazon.com\/images\/G\/01\/x-locale\/common\/grey-pixel.gif\" \/>\n<meta name=\"twitter:card\" content=\"summary_large_image\" \/>\n<meta name=\"twitter:label1\" content=\"Gesch\u00e4tzte Lesezeit\" \/>\n\t<meta name=\"twitter:data1\" content=\"1\u00a0Minute\" \/>\n<script type=\"application\/ld+json\" class=\"yoast-schema-graph\">{\"@context\":\"https:\\\/\\\/schema.org\",\"@graph\":[{\"@type\":\"WebPage\",\"@id\":\"https:\\\/\\\/easyliferobo.com\\\/de\\\/product\\\/holy-stone-hs290-faltbare-drohne-mit-kamera-1080p-fuer-einsteiger-rc-drohnen-mit-fpv-uebertragung-lange-flugzeit-app-steuerung-kameradrohnen-mit-optischem-fluss-komplettset-spielzeuggeschenke-fu\\\/\",\"url\":\"https:\\\/\\\/easyliferobo.com\\\/de\\\/product\\\/holy-stone-hs290-faltbare-drohne-mit-kamera-1080p-fuer-einsteiger-rc-drohnen-mit-fpv-uebertragung-lange-flugzeit-app-steuerung-kameradrohnen-mit-optischem-fluss-komplettset-spielzeuggeschenke-fu\\\/\",\"name\":\"Holy Stone HS290 faltbare Drohne mit Kamera 1080P f\u00fcr Einsteiger, RC-Drohnen mit FPV-\u00dcbertragung, lange Flugzeit, App-Steuerung, Kameradrohnen mit optischem Fluss, Komplettset, Spielzeuggeschenke f\u00fcr Kinder, Blau - EasyLifeBro\",\"isPartOf\":{\"@id\":\"https:\\\/\\\/easyliferobo.com\\\/de\\\/#website\"},\"primaryImageOfPage\":{\"@id\":\"https:\\\/\\\/easyliferobo.com\\\/de\\\/product\\\/holy-stone-hs290-faltbare-drohne-mit-kamera-1080p-fuer-einsteiger-rc-drohnen-mit-fpv-uebertragung-lange-flugzeit-app-steuerung-kameradrohnen-mit-optischem-fluss-komplettset-spielzeuggeschenke-fu\\\/#primaryimage\"},\"image\":{\"@id\":\"https:\\\/\\\/easyliferobo.com\\\/de\\\/product\\\/holy-stone-hs290-faltbare-drohne-mit-kamera-1080p-fuer-einsteiger-rc-drohnen-mit-fpv-uebertragung-lange-flugzeit-app-steuerung-kameradrohnen-mit-optischem-fluss-komplettset-spielzeuggeschenke-fu\\\/#primaryimage\"},\"thumbnailUrl\":\"https:\\\/\\\/easyliferobo.com\\\/de\\\/wp-content\\\/uploads\\\/2026\\\/02\\\/71Px8hjbVqL._AC_SL1500_.jpg\",\"datePublished\":\"2026-02-27T14:23:35+00:00\",\"dateModified\":\"2026-02-27T14:23:54+00:00\",\"description\":\"Entdecken Sie smarte Roboter f\u00fcr Zuhause, Garten, Bildung und Sicherheit. Vergleichen Sie Saugroboter, Rasenm\u00e4hroboter, KI-Begleitroboter und mehr bei EasyLifeRobo.\",\"breadcrumb\":{\"@id\":\"https:\\\/\\\/easyliferobo.com\\\/de\\\/product\\\/holy-stone-hs290-faltbare-drohne-mit-kamera-1080p-fuer-einsteiger-rc-drohnen-mit-fpv-uebertragung-lange-flugzeit-app-steuerung-kameradrohnen-mit-optischem-fluss-komplettset-spielzeuggeschenke-fu\\\/#breadcrumb\"},\"inLanguage\":\"de\",\"potentialAction\":[{\"@type\":\"ReadAction\",\"target\":[\"https:\\\/\\\/easyliferobo.com\\\/de\\\/product\\\/holy-stone-hs290-faltbare-drohne-mit-kamera-1080p-fuer-einsteiger-rc-drohnen-mit-fpv-uebertragung-lange-flugzeit-app-steuerung-kameradrohnen-mit-optischem-fluss-komplettset-spielzeuggeschenke-fu\\\/\"]}]},{\"@type\":\"ImageObject\",\"inLanguage\":\"de\",\"@id\":\"https:\\\/\\\/easyliferobo.com\\\/de\\\/product\\\/holy-stone-hs290-faltbare-drohne-mit-kamera-1080p-fuer-einsteiger-rc-drohnen-mit-fpv-uebertragung-lange-flugzeit-app-steuerung-kameradrohnen-mit-optischem-fluss-komplettset-spielzeuggeschenke-fu\\\/#primaryimage\",\"url\":\"https:\\\/\\\/easyliferobo.com\\\/de\\\/wp-content\\\/uploads\\\/2026\\\/02\\\/71Px8hjbVqL._AC_SL1500_.jpg\",\"contentUrl\":\"https:\\\/\\\/easyliferobo.com\\\/de\\\/wp-content\\\/uploads\\\/2026\\\/02\\\/71Px8hjbVqL._AC_SL1500_.jpg\",\"width\":1500,\"height\":1359},{\"@type\":\"BreadcrumbList\",\"@id\":\"https:\\\/\\\/easyliferobo.com\\\/de\\\/product\\\/holy-stone-hs290-faltbare-drohne-mit-kamera-1080p-fuer-einsteiger-rc-drohnen-mit-fpv-uebertragung-lange-flugzeit-app-steuerung-kameradrohnen-mit-optischem-fluss-komplettset-spielzeuggeschenke-fu\\\/#breadcrumb\",\"itemListElement\":[{\"@type\":\"ListItem\",\"position\":1,\"name\":\"Home\",\"item\":\"https:\\\/\\\/easyliferobo.com\\\/de\\\/\"},{\"@type\":\"ListItem\",\"position\":2,\"name\":\"Shop\",\"item\":\"https:\\\/\\\/easyliferobo.com\\\/de\\\/shop\\\/\"},{\"@type\":\"ListItem\",\"position\":3,\"name\":\"Holy Stone HS290 faltbare Drohne mi...\"}]},{\"@type\":\"WebSite\",\"@id\":\"https:\\\/\\\/easyliferobo.com\\\/de\\\/#website\",\"url\":\"https:\\\/\\\/easyliferobo.com\\\/de\\\/\",\"name\":\"EasyLifeBro\",\"description\":\"Smarte Roboter f\u00fcr Zuhause, Garten &amp; Bildung\",\"publisher\":{\"@id\":\"https:\\\/\\\/easyliferobo.com\\\/de\\\/#organization\"},\"potentialAction\":[{\"@type\":\"SearchAction\",\"target\":{\"@type\":\"EntryPoint\",\"urlTemplate\":\"https:\\\/\\\/easyliferobo.com\\\/de\\\/?s={search_term_string}\"},\"query-input\":{\"@type\":\"PropertyValueSpecification\",\"valueRequired\":true,\"valueName\":\"search_term_string\"}}],\"inLanguage\":\"de\"},{\"@type\":\"Organization\",\"@id\":\"https:\\\/\\\/easyliferobo.com\\\/de\\\/#organization\",\"name\":\"EasyLifeBro\",\"url\":\"https:\\\/\\\/easyliferobo.com\\\/de\\\/\",\"logo\":{\"@type\":\"ImageObject\",\"inLanguage\":\"de\",\"@id\":\"https:\\\/\\\/easyliferobo.com\\\/de\\\/#\\\/schema\\\/logo\\\/image\\\/\",\"url\":\"https:\\\/\\\/easyliferobo.com\\\/de\\\/wp-content\\\/uploads\\\/2026\\\/02\\\/Screenshot-2026-02-22-at-2.25.03-PM.png\",\"contentUrl\":\"https:\\\/\\\/easyliferobo.com\\\/de\\\/wp-content\\\/uploads\\\/2026\\\/02\\\/Screenshot-2026-02-22-at-2.25.03-PM.png\",\"width\":1858,\"height\":430,\"caption\":\"EasyLifeBro\"},\"image\":{\"@id\":\"https:\\\/\\\/easyliferobo.com\\\/de\\\/#\\\/schema\\\/logo\\\/image\\\/\"}}]}<\/script>\n<!-- \/ Yoast SEO plugin. -->","yoast_head_json":{"title":"Holy Stone HS290 faltbare Drohne mit Kamera 1080P f\u00fcr Einsteiger, RC-Drohnen mit FPV-\u00dcbertragung, lange Flugzeit, App-Steuerung, Kameradrohnen mit optischem Fluss, Komplettset, Spielzeuggeschenke f\u00fcr Kinder, Blau - EasyLifeBro","description":"Entdecken Sie smarte Roboter f\u00fcr Zuhause, Garten, Bildung und Sicherheit. Vergleichen Sie Saugroboter, Rasenm\u00e4hroboter, KI-Begleitroboter und mehr bei EasyLifeRobo.","robots":{"index":"index","follow":"follow","max-snippet":"max-snippet:-1","max-image-preview":"max-image-preview:large","max-video-preview":"max-video-preview:-1"},"canonical":"https:\/\/easyliferobo.com\/de\/product\/holy-stone-hs290-faltbare-drohne-mit-kamera-1080p-fuer-einsteiger-rc-drohnen-mit-fpv-uebertragung-lange-flugzeit-app-steuerung-kameradrohnen-mit-optischem-fluss-komplettset-spielzeuggeschenke-fu\/","og_locale":"de_DE","og_type":"article","og_title":"Holy Stone HS290 faltbare Drohne mit Kamera 1080P f\u00fcr Einsteiger, RC-Drohnen mit FPV-\u00dcbertragung, lange Flugzeit, App-Steuerung, Kameradrohnen mit optischem Fluss, Komplettset, Spielzeuggeschenke f\u00fcr Kinder, Blau - EasyLifeBro","og_description":"Entdecken Sie smarte Roboter f\u00fcr Zuhause, Garten, Bildung und Sicherheit. Vergleichen Sie Saugroboter, Rasenm\u00e4hroboter, KI-Begleitroboter und mehr bei EasyLifeRobo.","og_url":"https:\/\/easyliferobo.com\/de\/product\/holy-stone-hs290-faltbare-drohne-mit-kamera-1080p-fuer-einsteiger-rc-drohnen-mit-fpv-uebertragung-lange-flugzeit-app-steuerung-kameradrohnen-mit-optischem-fluss-komplettset-spielzeuggeschenke-fu\/","og_site_name":"EasyLifeBro","article_modified_time":"2026-02-27T14:23:54+00:00","og_image":[{"url":"https:\/\/images-na.ssl-images-amazon.com\/images\/G\/01\/x-locale\/common\/grey-pixel.gif","type":"","width":"","height":""}],"twitter_card":"summary_large_image","twitter_misc":{"Gesch\u00e4tzte Lesezeit":"1\u00a0Minute"},"schema":{"@context":"https:\/\/schema.org","@graph":[{"@type":"WebPage","@id":"https:\/\/easyliferobo.com\/de\/product\/holy-stone-hs290-faltbare-drohne-mit-kamera-1080p-fuer-einsteiger-rc-drohnen-mit-fpv-uebertragung-lange-flugzeit-app-steuerung-kameradrohnen-mit-optischem-fluss-komplettset-spielzeuggeschenke-fu\/","url":"https:\/\/easyliferobo.com\/de\/product\/holy-stone-hs290-faltbare-drohne-mit-kamera-1080p-fuer-einsteiger-rc-drohnen-mit-fpv-uebertragung-lange-flugzeit-app-steuerung-kameradrohnen-mit-optischem-fluss-komplettset-spielzeuggeschenke-fu\/","name":"Holy Stone HS290 faltbare Drohne mit Kamera 1080P f\u00fcr Einsteiger, RC-Drohnen mit FPV-\u00dcbertragung, lange Flugzeit, App-Steuerung, Kameradrohnen mit optischem Fluss, Komplettset, Spielzeuggeschenke f\u00fcr Kinder, Blau - EasyLifeBro","isPartOf":{"@id":"https:\/\/easyliferobo.com\/de\/#website"},"primaryImageOfPage":{"@id":"https:\/\/easyliferobo.com\/de\/product\/holy-stone-hs290-faltbare-drohne-mit-kamera-1080p-fuer-einsteiger-rc-drohnen-mit-fpv-uebertragung-lange-flugzeit-app-steuerung-kameradrohnen-mit-optischem-fluss-komplettset-spielzeuggeschenke-fu\/#primaryimage"},"image":{"@id":"https:\/\/easyliferobo.com\/de\/product\/holy-stone-hs290-faltbare-drohne-mit-kamera-1080p-fuer-einsteiger-rc-drohnen-mit-fpv-uebertragung-lange-flugzeit-app-steuerung-kameradrohnen-mit-optischem-fluss-komplettset-spielzeuggeschenke-fu\/#primaryimage"},"thumbnailUrl":"https:\/\/easyliferobo.com\/de\/wp-content\/uploads\/2026\/02\/71Px8hjbVqL._AC_SL1500_.jpg","datePublished":"2026-02-27T14:23:35+00:00","dateModified":"2026-02-27T14:23:54+00:00","description":"Entdecken Sie smarte Roboter f\u00fcr Zuhause, Garten, Bildung und Sicherheit. Vergleichen Sie Saugroboter, Rasenm\u00e4hroboter, KI-Begleitroboter und mehr bei EasyLifeRobo.","breadcrumb":{"@id":"https:\/\/easyliferobo.com\/de\/product\/holy-stone-hs290-faltbare-drohne-mit-kamera-1080p-fuer-einsteiger-rc-drohnen-mit-fpv-uebertragung-lange-flugzeit-app-steuerung-kameradrohnen-mit-optischem-fluss-komplettset-spielzeuggeschenke-fu\/#breadcrumb"},"inLanguage":"de","potentialAction":[{"@type":"ReadAction","target":["https:\/\/easyliferobo.com\/de\/product\/holy-stone-hs290-faltbare-drohne-mit-kamera-1080p-fuer-einsteiger-rc-drohnen-mit-fpv-uebertragung-lange-flugzeit-app-steuerung-kameradrohnen-mit-optischem-fluss-komplettset-spielzeuggeschenke-fu\/"]}]},{"@type":"ImageObject","inLanguage":"de","@id":"https:\/\/easyliferobo.com\/de\/product\/holy-stone-hs290-faltbare-drohne-mit-kamera-1080p-fuer-einsteiger-rc-drohnen-mit-fpv-uebertragung-lange-flugzeit-app-steuerung-kameradrohnen-mit-optischem-fluss-komplettset-spielzeuggeschenke-fu\/#primaryimage","url":"https:\/\/easyliferobo.com\/de\/wp-content\/uploads\/2026\/02\/71Px8hjbVqL._AC_SL1500_.jpg","contentUrl":"https:\/\/easyliferobo.com\/de\/wp-content\/uploads\/2026\/02\/71Px8hjbVqL._AC_SL1500_.jpg","width":1500,"height":1359},{"@type":"BreadcrumbList","@id":"https:\/\/easyliferobo.com\/de\/product\/holy-stone-hs290-faltbare-drohne-mit-kamera-1080p-fuer-einsteiger-rc-drohnen-mit-fpv-uebertragung-lange-flugzeit-app-steuerung-kameradrohnen-mit-optischem-fluss-komplettset-spielzeuggeschenke-fu\/#breadcrumb","itemListElement":[{"@type":"ListItem","position":1,"name":"Home","item":"https:\/\/easyliferobo.com\/de\/"},{"@type":"ListItem","position":2,"name":"Shop","item":"https:\/\/easyliferobo.com\/de\/shop\/"},{"@type":"ListItem","position":3,"name":"Holy Stone HS290 faltbare Drohne mi..."}]},{"@type":"WebSite","@id":"https:\/\/easyliferobo.com\/de\/#website","url":"https:\/\/easyliferobo.com\/de\/","name":"EasyLifeBro","description":"Smarte Roboter f\u00fcr Zuhause, Garten &amp; Bildung","publisher":{"@id":"https:\/\/easyliferobo.com\/de\/#organization"},"potentialAction":[{"@type":"SearchAction","target":{"@type":"EntryPoint","urlTemplate":"https:\/\/easyliferobo.com\/de\/?s={search_term_string}"},"query-input":{"@type":"PropertyValueSpecification","valueRequired":true,"valueName":"search_term_string"}}],"inLanguage":"de"},{"@type":"Organization","@id":"https:\/\/easyliferobo.com\/de\/#organization","name":"EasyLifeBro","url":"https:\/\/easyliferobo.com\/de\/","logo":{"@type":"ImageObject","inLanguage":"de","@id":"https:\/\/easyliferobo.com\/de\/#\/schema\/logo\/image\/","url":"https:\/\/easyliferobo.com\/de\/wp-content\/uploads\/2026\/02\/Screenshot-2026-02-22-at-2.25.03-PM.png","contentUrl":"https:\/\/easyliferobo.com\/de\/wp-content\/uploads\/2026\/02\/Screenshot-2026-02-22-at-2.25.03-PM.png","width":1858,"height":430,"caption":"EasyLifeBro"},"image":{"@id":"https:\/\/easyliferobo.com\/de\/#\/schema\/logo\/image\/"}}]}},"_links":{"self":[{"href":"https:\/\/easyliferobo.com\/de\/wp-json\/wp\/v2\/product\/4824","targetHints":{"allow":["GET"]}}],"collection":[{"href":"https:\/\/easyliferobo.com\/de\/wp-json\/wp\/v2\/product"}],"about":[{"href":"https:\/\/easyliferobo.com\/de\/wp-json\/wp\/v2\/types\/product"}],"replies":[{"embeddable":true,"href":"https:\/\/easyliferobo.com\/de\/wp-json\/wp\/v2\/comments?post=4824"}],"wp:featuredmedia":[{"embeddable":true,"href":"https:\/\/easyliferobo.com\/de\/wp-json\/wp\/v2\/media\/4825"}],"wp:attachment":[{"href":"https:\/\/easyliferobo.com\/de\/wp-json\/wp\/v2\/media?parent=4824"}],"wp:term":[{"taxonomy":"store","embeddable":true,"href":"https:\/\/easyliferobo.com\/de\/wp-json\/wp\/v2\/store?post=4824"},{"taxonomy":"product_brand","embeddable":true,"href":"https:\/\/easyliferobo.com\/de\/wp-json\/wp\/v2\/product_brand?post=4824"},{"taxonomy":"product_cat","embeddable":true,"href":"https:\/\/easyliferobo.com\/de\/wp-json\/wp\/v2\/product_cat?post=4824"},{"taxonomy":"product_tag","embeddable":true,"href":"https:\/\/easyliferobo.com\/de\/wp-json\/wp\/v2\/product_tag?post=4824"}],"curies":[{"name":"wp","href":"https:\/\/api.w.org\/{rel}","templated":true}]}}