
{"id":4814,"date":"2026-02-27T14:22:10","date_gmt":"2026-02-27T14:22:10","guid":{"rendered":"https:\/\/easyliferobo.com\/de\/product\/emax-tinyhawk-ii-freestyle-rtf-fpv-renndrohne-mit-buerstenlosem-7000-kv-motor-runcam-nano-2-700tvl-kamera-0-25-100-200-vtx-leistung-drohnen-mit-brille-und-controller-fuer-kinder-erwachsene-anfaen\/"},"modified":"2026-02-27T14:22:33","modified_gmt":"2026-02-27T14:22:33","slug":"emax-tinyhawk-ii-freestyle-rtf-fpv-renndrohne-mit-buerstenlosem-7000-kv-motor-runcam-nano-2-700tvl-kamera-0-25-100-200-vtx-leistung-drohnen-mit-brille-und-controller-fuer-kinder-erwachsene-anfaen","status":"publish","type":"product","link":"https:\/\/easyliferobo.com\/de\/product\/emax-tinyhawk-ii-freestyle-rtf-fpv-renndrohne-mit-buerstenlosem-7000-kv-motor-runcam-nano-2-700tvl-kamera-0-25-100-200-vtx-leistung-drohnen-mit-brille-und-controller-fuer-kinder-erwachsene-anfaen\/","title":{"rendered":"EMAX Tinyhawk II Freestyle RTF FPV-..."},"content":{"rendered":"<p>\n                                             Produktbeschreibung   <\/p>\n<p>                                                                             <img decoding=\"async\" alt=\"Kleine Quadrocopter-Drohne mit roten Propellern und wei\u00dfem Zentralk\u00f6rper. Features \u201eTiny Hawk II Freestyle\u201c Text\u00fcberlagerung.\" src=\"https:\/\/images-na.ssl-images-amazon.com\/images\/G\/01\/x-locale\/common\/grey-pixel.gif\" class=\"a-spacing-base a-lazy-loaded\" data-src=\"https:\/\/m.media-amazon.com\/images\/S\/aplus-media-library-service-media\/4c3a821e-3b43-4363-9fa7-3b975a6d4217.__CR0,0,970,600_PT0_SX970_V1___.jpg\"><img decoding=\"async\" alt=\"Kleine Quadrocopter-Drohne mit roten Propellern und wei\u00dfem Zentralk\u00f6rper. Features \u201eTiny Hawk II Freestyle\u201c Text\u00fcberlagerung.\" src=\"https:\/\/m.media-amazon.com\/images\/S\/aplus-media-library-service-media\/4c3a821e-3b43-4363-9fa7-3b975a6d4217.__CR0,0,970,600_PT0_SX970_V1___.jpg\">                                                                    <\/p>\n<p>                                                                             <img decoding=\"async\" alt=\"Drohnen-Kit-Display mit einem wei\u00dfen VR\/FPV-Headset und einer orange-schwarzen Renndrohne mit der Aufschrift \u201eSTART FPV OUTDOORS\u201c. Text unten.\" src=\"https:\/\/images-na.ssl-images-amazon.com\/images\/G\/01\/x-locale\/common\/grey-pixel.gif\" class=\"a-spacing-base a-lazy-loaded\" data-src=\"https:\/\/m.media-amazon.com\/images\/S\/aplus-media-library-service-media\/5b05f3d0-e018-4ca5-b17b-a3d3bbc324ce.__CR0,0,970,600_PT0_SX970_V1___.jpg\"><img decoding=\"async\" alt=\"Drohnen-Kit-Display mit einem wei\u00dfen VR\/FPV-Headset und einer orange-schwarzen Renndrohne mit der Aufschrift \u201eSTART FPV OUTDOORS\u201c. Text unten.\" src=\"https:\/\/m.media-amazon.com\/images\/S\/aplus-media-library-service-media\/5b05f3d0-e018-4ca5-b17b-a3d3bbc324ce.__CR0,0,970,600_PT0_SX970_V1___.jpg\">                                                                    <\/p>\n<p>                                                                             <img decoding=\"async\" alt=\"Nahaufnahme einer roten propeller\u00e4hnlichen Komponente, wahrscheinlich Teil einer Drohne oder eines ferngesteuerten Ger\u00e4ts, mit der Aufschrift \u201eOPTIMIERTES STROMSYSTEM\u201c Text unten sichtbar.\" src=\"https:\/\/images-na.ssl-images-amazon.com\/images\/G\/01\/x-locale\/common\/grey-pixel.gif\" class=\"a-spacing-base a-lazy-loaded\" data-src=\"https:\/\/m.media-amazon.com\/images\/S\/aplus-media-library-service-media\/13dd2794-b02d-42af-aed5-2ad048b368a1.__CR0,0,970,600_PT0_SX970_V1___.jpg\"><img decoding=\"async\" alt=\"Nahaufnahme einer roten propeller\u00e4hnlichen Komponente, wahrscheinlich Teil einer Drohne oder eines ferngesteuerten Ger\u00e4ts, mit der Aufschrift \u201eOPTIMIERTES STROMSYSTEM\u201c Text unten sichtbar.\" src=\"https:\/\/m.media-amazon.com\/images\/S\/aplus-media-library-service-media\/13dd2794-b02d-42af-aed5-2ad048b368a1.__CR0,0,970,600_PT0_SX970_V1___.jpg\">                                                                    <\/p>\n<p>                                                                             <img decoding=\"async\" alt=\"Nahaufnahme von Kamera- oder Videoausr\u00fcstungskomponenten in Schwarzwei\u00df mit der Aufschrift \u201eENHANCED VIDEO\u201c Text unten sichtbar.\" src=\"https:\/\/images-na.ssl-images-amazon.com\/images\/G\/01\/x-locale\/common\/grey-pixel.gif\" class=\"a-spacing-base a-lazy-loaded\" data-src=\"https:\/\/m.media-amazon.com\/images\/S\/aplus-media-library-service-media\/fa99792d-29b8-4e78-8791-a08ff18561a2.__CR0,0,970,600_PT0_SX970_V1___.jpg\"><img decoding=\"async\" alt=\"Nahaufnahme von Kamera- oder Videoausr\u00fcstungskomponenten in Schwarzwei\u00df mit der Aufschrift \u201eENHANCED VIDEO\u201c Text unten sichtbar.\" src=\"https:\/\/m.media-amazon.com\/images\/S\/aplus-media-library-service-media\/fa99792d-29b8-4e78-8791-a08ff18561a2.__CR0,0,970,600_PT0_SX970_V1___.jpg\">                                                                    <\/p>\n<p>                                                                             <img decoding=\"async\" alt=\"Nahaufnahme der internen Komponenten eines elektronischen Ger\u00e4ts, die eine Leiterplatte mit verschiedenen Teilen zeigt. Auf der Text\u00fcberlagerung steht \u201eDURABLE DESIGN\u201c.\" src=\"https:\/\/images-na.ssl-images-amazon.com\/images\/G\/01\/x-locale\/common\/grey-pixel.gif\" class=\"a-spacing-base a-lazy-loaded\" data-src=\"https:\/\/m.media-amazon.com\/images\/S\/aplus-media-library-service-media\/d27198ee-8889-439f-a06f-fad5cb666982.__CR0,0,970,600_PT0_SX970_V1___.jpg\"><img decoding=\"async\" alt=\"Nahaufnahme der internen Komponenten eines elektronischen Ger\u00e4ts, die eine Leiterplatte mit verschiedenen Teilen zeigt. Auf der Text\u00fcberlagerung steht \u201eDURABLE DESIGN\u201c.\" src=\"https:\/\/m.media-amazon.com\/images\/S\/aplus-media-library-service-media\/d27198ee-8889-439f-a06f-fad5cb666982.__CR0,0,970,600_PT0_SX970_V1___.jpg\">                                                                    <\/p>\n<p>                                                                             <img decoding=\"async\" alt=\"Drohnen-Set mit Tragetasche, Controller, kleinem Quadrocopter-Rahmen und Zubeh\u00f6r. Inklusive wei\u00dfem, faltbarem Drohnenk\u00f6rper und orangefarbenen Propellern.\" src=\"https:\/\/images-na.ssl-images-amazon.com\/images\/G\/01\/x-locale\/common\/grey-pixel.gif\" class=\"a-spacing-base a-lazy-loaded\" data-src=\"https:\/\/m.media-amazon.com\/images\/S\/aplus-media-library-service-media\/84806915-ce9a-4ba4-a707-f55a2c3b9b52.__CR0,0,970,600_PT0_SX970_V1___.jpg\"><img decoding=\"async\" alt=\"Drohnen-Set mit Tragetasche, Controller, kleinem Quadrocopter-Rahmen und Zubeh\u00f6r. Inklusive wei\u00dfem, faltbarem Drohnenk\u00f6rper und orangefarbenen Propellern.\" src=\"https:\/\/m.media-amazon.com\/images\/S\/aplus-media-library-service-media\/84806915-ce9a-4ba4-a707-f55a2c3b9b52.__CR0,0,970,600_PT0_SX970_V1___.jpg\">                                                                    <\/p>\n<p>                         In den Warenkorb legen. In den Warenkorb legen. In den Warenkorb legen 209,99 \u20ac209,99 \u20ac Radstand 115 mm 76 mm 80 mm 82,5 mm Akku 450 mAh 1S Akku 450 mAh 1S Akku 450 mAh 1S Akku 450 mAh 1S Akku Motor 7000KV TH1103 Motor 15000KV TH0802 II Motor 15000KV 08025 Motor 0816 Motor Kamera RunCam Nano 2 Kamera RunCam Nano 4 Kamera 1200TVL E01 Kamera 600TVL CMOS Kamera Sender EMAX Sender EMAX E8 Sender EMAX E8 Sender EMAX Sender Brille EMAX Transporter Brille EMAX Transporter 2 Brille EMAX Transporter Brille EMAX Transporter Brille Empf\u00e4nger EMAX SPI RX Empf\u00e4nger (kompatibel mit FrSky D8 Modus) EMAX Tiny Empf\u00e4nger (SPI\/Frsky_D8) EMAX SPI-Empf\u00e4nger (kompatibel mit FrSky D8-Modus) EMAX 2.4G-Empf\u00e4ngerpropeller Avan Rush 2,5-Zoll-Propeller Avia TH-Propeller Avan TH Turtlemode-Propeller 4-Blatt-40-mm-4-Blatt-Propeller Flugzeit 4 Minuten 4 Minuten 4 Minuten 4 Minuten              <\/p>\n<p>\u2708\u3010Optimiertes Antriebssystem\u3011Die EMAX Tinyhawk II Freestyle-Drohne verf\u00fcgt \u00fcber ein auf Steuerung und Flugzeit ausgerichtetes Antriebssystem und verwendet einen 1103-7000-KV-Motor, um die optimale Geschwindigkeit zu erreichen, die zur Maximierung von Flugzeit und Effizienz erforderlich ist. Durch die Verwendung des AVAN Rush 2,5-Zoll-Propellers werden Griffigkeit und Schub f\u00fcr eine Vielzahl von Situationen optimiert, denen der Pilot begegnen kann.<br \/>\u2708\u3010Verbessertes Video\u3011 Durch die Neugestaltung des Rahmens zur Aufnahme einer Kamera mit h\u00f6herer Qualit\u00e4t wird das FPV-Erlebnis verbessert und erm\u00f6glicht eine neue Klarheit beim Navigieren in der Umgebung. In Kombination mit einem Video\u00fcbertragungssystem, das achtmal leistungsf\u00e4higer ist als sein Vorg\u00e4nger, beeintr\u00e4chtigt das Videosignal das Benutzererlebnis nicht mehr.<br \/>\u2708\u3010Langlebiges Design\u3011Hergestellt aus gewebter 3K-Kohlefaser in Luft- und Weltraumqualit\u00e4t, ist die Haltbarkeit maximiert, sodass die Drohne starken St\u00f6\u00dfen standhalten kann. Auf dem Rahmen ist ein Designermuster aufgedruckt, das den Drohnen einen unvergleichlichen Reiz verleiht.<br \/>\u2708\u3010Neues Erlebnis\u3011Die Freestyle-Drohne EMAX Tinyhawk II bietet unvergleichliche Leistung und ein FPV-Erlebnis wie keine andere Outdoor-Drohne ihrer Klasse. Eine H\u00f6chstgeschwindigkeit von 120 km\/h bietet Ihnen ein einzigartiges, wunderbares Rennerlebnis.<br \/>\u2708\u3010Sorglos-Garantie\u3011Bei Problemen wenden Sie sich bitte ohne zu z\u00f6gern an unseren Shop. Ehre, Ihnen zu dienen!<\/p>\n<p>[ad_2]<\/p>\n","protected":false},"excerpt":{"rendered":"<p>Produktbeschreibung In den Warenkorb legen. In den Warenkorb legen. In den Warenkorb legen 209,99 \u20ac209,99 \u20ac Radstand 115 mm 76 mm 80 mm 82,5 mm Akku 450 mAh 1S Akku 450 mAh 1S Akku 450 mAh 1S Akku 450 mAh 1S Akku Motor 7000KV TH1103 Motor 15000KV TH0802 II Motor 15000KV 08025 Motor 0816 Motor [&hellip;]<\/p>\n","protected":false},"featured_media":4815,"comment_status":"open","ping_status":"closed","template":"","meta":{"_aipt_faq_data":""},"store":[],"product_brand":[466],"product_cat":[104],"product_tag":[218],"class_list":{"0":"post-4814","1":"product","2":"type-product","3":"status-publish","4":"has-post-thumbnail","6":"product_brand-tiny-hawk","7":"product_cat-fpv-drohnen","8":"product_tag-fpv-drohnen-racing-set","10":"first","11":"instock","12":"shipping-taxable","13":"product-type-external"},"yoast_head":"<!-- This site is optimized with the Yoast SEO plugin v27.0 - https:\/\/yoast.com\/product\/yoast-seo-wordpress\/ -->\n<title>EMAX Tinyhawk II Freestyle RTF FPV-Renndrohne mit b\u00fcrstenlosem 7000-KV-Motor, RunCam Nano 2 700TVL-Kamera, 0-25-100-200 VTX-Leistung, Drohnen mit Brille und Controller f\u00fcr Kinder, Erwachsene, Anf\u00e4nger - EasyLifeBro<\/title>\n<meta name=\"description\" content=\"Entdecken Sie smarte Roboter f\u00fcr Zuhause, Garten, Bildung und Sicherheit. Vergleichen Sie Saugroboter, Rasenm\u00e4hroboter, KI-Begleitroboter und mehr bei EasyLifeRobo.\" \/>\n<meta name=\"robots\" content=\"index, follow, max-snippet:-1, max-image-preview:large, max-video-preview:-1\" \/>\n<link rel=\"canonical\" href=\"https:\/\/easyliferobo.com\/de\/product\/emax-tinyhawk-ii-freestyle-rtf-fpv-renndrohne-mit-buerstenlosem-7000-kv-motor-runcam-nano-2-700tvl-kamera-0-25-100-200-vtx-leistung-drohnen-mit-brille-und-controller-fuer-kinder-erwachsene-anfaen\/\" \/>\n<meta property=\"og:locale\" content=\"de_DE\" \/>\n<meta property=\"og:type\" content=\"article\" \/>\n<meta property=\"og:title\" content=\"EMAX Tinyhawk II Freestyle RTF FPV-Renndrohne mit b\u00fcrstenlosem 7000-KV-Motor, RunCam Nano 2 700TVL-Kamera, 0-25-100-200 VTX-Leistung, Drohnen mit Brille und Controller f\u00fcr Kinder, Erwachsene, Anf\u00e4nger - EasyLifeBro\" \/>\n<meta property=\"og:description\" content=\"Entdecken Sie smarte Roboter f\u00fcr Zuhause, Garten, Bildung und Sicherheit. Vergleichen Sie Saugroboter, Rasenm\u00e4hroboter, KI-Begleitroboter und mehr bei EasyLifeRobo.\" \/>\n<meta property=\"og:url\" content=\"https:\/\/easyliferobo.com\/de\/product\/emax-tinyhawk-ii-freestyle-rtf-fpv-renndrohne-mit-buerstenlosem-7000-kv-motor-runcam-nano-2-700tvl-kamera-0-25-100-200-vtx-leistung-drohnen-mit-brille-und-controller-fuer-kinder-erwachsene-anfaen\/\" \/>\n<meta property=\"og:site_name\" content=\"EasyLifeBro\" \/>\n<meta property=\"article:modified_time\" content=\"2026-02-27T14:22:33+00:00\" \/>\n<meta property=\"og:image\" content=\"https:\/\/images-na.ssl-images-amazon.com\/images\/G\/01\/x-locale\/common\/grey-pixel.gif\" \/>\n<meta name=\"twitter:card\" content=\"summary_large_image\" \/>\n<meta name=\"twitter:label1\" content=\"Gesch\u00e4tzte Lesezeit\" \/>\n\t<meta name=\"twitter:data1\" content=\"2\u00a0Minuten\" \/>\n<script type=\"application\/ld+json\" class=\"yoast-schema-graph\">{\"@context\":\"https:\/\/schema.org\",\"@graph\":[{\"@type\":\"WebPage\",\"@id\":\"https:\/\/easyliferobo.com\/de\/product\/emax-tinyhawk-ii-freestyle-rtf-fpv-renndrohne-mit-buerstenlosem-7000-kv-motor-runcam-nano-2-700tvl-kamera-0-25-100-200-vtx-leistung-drohnen-mit-brille-und-controller-fuer-kinder-erwachsene-anfaen\/\",\"url\":\"https:\/\/easyliferobo.com\/de\/product\/emax-tinyhawk-ii-freestyle-rtf-fpv-renndrohne-mit-buerstenlosem-7000-kv-motor-runcam-nano-2-700tvl-kamera-0-25-100-200-vtx-leistung-drohnen-mit-brille-und-controller-fuer-kinder-erwachsene-anfaen\/\",\"name\":\"EMAX Tinyhawk II Freestyle RTF FPV-Renndrohne mit b\u00fcrstenlosem 7000-KV-Motor, RunCam Nano 2 700TVL-Kamera, 0-25-100-200 VTX-Leistung, Drohnen mit Brille und Controller f\u00fcr Kinder, Erwachsene, Anf\u00e4nger - EasyLifeBro\",\"isPartOf\":{\"@id\":\"https:\/\/easyliferobo.com\/de\/#website\"},\"primaryImageOfPage\":{\"@id\":\"https:\/\/easyliferobo.com\/de\/product\/emax-tinyhawk-ii-freestyle-rtf-fpv-renndrohne-mit-buerstenlosem-7000-kv-motor-runcam-nano-2-700tvl-kamera-0-25-100-200-vtx-leistung-drohnen-mit-brille-und-controller-fuer-kinder-erwachsene-anfaen\/#primaryimage\"},\"image\":{\"@id\":\"https:\/\/easyliferobo.com\/de\/product\/emax-tinyhawk-ii-freestyle-rtf-fpv-renndrohne-mit-buerstenlosem-7000-kv-motor-runcam-nano-2-700tvl-kamera-0-25-100-200-vtx-leistung-drohnen-mit-brille-und-controller-fuer-kinder-erwachsene-anfaen\/#primaryimage\"},\"thumbnailUrl\":\"https:\/\/easyliferobo.com\/de\/wp-content\/uploads\/2026\/02\/71o9ACcr31L._AC_SL1500_.jpg\",\"datePublished\":\"2026-02-27T14:22:10+00:00\",\"dateModified\":\"2026-02-27T14:22:33+00:00\",\"description\":\"Entdecken Sie smarte Roboter f\u00fcr Zuhause, Garten, Bildung und Sicherheit. Vergleichen Sie Saugroboter, Rasenm\u00e4hroboter, KI-Begleitroboter und mehr bei EasyLifeRobo.\",\"breadcrumb\":{\"@id\":\"https:\/\/easyliferobo.com\/de\/product\/emax-tinyhawk-ii-freestyle-rtf-fpv-renndrohne-mit-buerstenlosem-7000-kv-motor-runcam-nano-2-700tvl-kamera-0-25-100-200-vtx-leistung-drohnen-mit-brille-und-controller-fuer-kinder-erwachsene-anfaen\/#breadcrumb\"},\"inLanguage\":\"de\",\"potentialAction\":[{\"@type\":\"ReadAction\",\"target\":[\"https:\/\/easyliferobo.com\/de\/product\/emax-tinyhawk-ii-freestyle-rtf-fpv-renndrohne-mit-buerstenlosem-7000-kv-motor-runcam-nano-2-700tvl-kamera-0-25-100-200-vtx-leistung-drohnen-mit-brille-und-controller-fuer-kinder-erwachsene-anfaen\/\"]}]},{\"@type\":\"ImageObject\",\"inLanguage\":\"de\",\"@id\":\"https:\/\/easyliferobo.com\/de\/product\/emax-tinyhawk-ii-freestyle-rtf-fpv-renndrohne-mit-buerstenlosem-7000-kv-motor-runcam-nano-2-700tvl-kamera-0-25-100-200-vtx-leistung-drohnen-mit-brille-und-controller-fuer-kinder-erwachsene-anfaen\/#primaryimage\",\"url\":\"https:\/\/easyliferobo.com\/de\/wp-content\/uploads\/2026\/02\/71o9ACcr31L._AC_SL1500_.jpg\",\"contentUrl\":\"https:\/\/easyliferobo.com\/de\/wp-content\/uploads\/2026\/02\/71o9ACcr31L._AC_SL1500_.jpg\",\"width\":1500,\"height\":1351},{\"@type\":\"BreadcrumbList\",\"@id\":\"https:\/\/easyliferobo.com\/de\/product\/emax-tinyhawk-ii-freestyle-rtf-fpv-renndrohne-mit-buerstenlosem-7000-kv-motor-runcam-nano-2-700tvl-kamera-0-25-100-200-vtx-leistung-drohnen-mit-brille-und-controller-fuer-kinder-erwachsene-anfaen\/#breadcrumb\",\"itemListElement\":[{\"@type\":\"ListItem\",\"position\":1,\"name\":\"Home\",\"item\":\"https:\/\/easyliferobo.com\/de\/\"},{\"@type\":\"ListItem\",\"position\":2,\"name\":\"Shop\",\"item\":\"https:\/\/easyliferobo.com\/de\/shop\/\"},{\"@type\":\"ListItem\",\"position\":3,\"name\":\"EMAX Tinyhawk II Freestyle RTF FPV-...\"}]},{\"@type\":\"WebSite\",\"@id\":\"https:\/\/easyliferobo.com\/de\/#website\",\"url\":\"https:\/\/easyliferobo.com\/de\/\",\"name\":\"EasyLifeBro\",\"description\":\"Smarte Roboter f\u00fcr Zuhause, Garten &amp; Bildung\",\"publisher\":{\"@id\":\"https:\/\/easyliferobo.com\/de\/#organization\"},\"potentialAction\":[{\"@type\":\"SearchAction\",\"target\":{\"@type\":\"EntryPoint\",\"urlTemplate\":\"https:\/\/easyliferobo.com\/de\/?s={search_term_string}\"},\"query-input\":{\"@type\":\"PropertyValueSpecification\",\"valueRequired\":true,\"valueName\":\"search_term_string\"}}],\"inLanguage\":\"de\"},{\"@type\":\"Organization\",\"@id\":\"https:\/\/easyliferobo.com\/de\/#organization\",\"name\":\"EasyLifeBro\",\"url\":\"https:\/\/easyliferobo.com\/de\/\",\"logo\":{\"@type\":\"ImageObject\",\"inLanguage\":\"de\",\"@id\":\"https:\/\/easyliferobo.com\/de\/#\/schema\/logo\/image\/\",\"url\":\"https:\/\/easyliferobo.com\/de\/wp-content\/uploads\/2026\/02\/Screenshot-2026-02-22-at-2.25.03-PM.png\",\"contentUrl\":\"https:\/\/easyliferobo.com\/de\/wp-content\/uploads\/2026\/02\/Screenshot-2026-02-22-at-2.25.03-PM.png\",\"width\":1858,\"height\":430,\"caption\":\"EasyLifeBro\"},\"image\":{\"@id\":\"https:\/\/easyliferobo.com\/de\/#\/schema\/logo\/image\/\"}}]}<\/script>\n<!-- \/ Yoast SEO plugin. -->","yoast_head_json":{"title":"EMAX Tinyhawk II Freestyle RTF FPV-Renndrohne mit b\u00fcrstenlosem 7000-KV-Motor, RunCam Nano 2 700TVL-Kamera, 0-25-100-200 VTX-Leistung, Drohnen mit Brille und Controller f\u00fcr Kinder, Erwachsene, Anf\u00e4nger - EasyLifeBro","description":"Entdecken Sie smarte Roboter f\u00fcr Zuhause, Garten, Bildung und Sicherheit. Vergleichen Sie Saugroboter, Rasenm\u00e4hroboter, KI-Begleitroboter und mehr bei EasyLifeRobo.","robots":{"index":"index","follow":"follow","max-snippet":"max-snippet:-1","max-image-preview":"max-image-preview:large","max-video-preview":"max-video-preview:-1"},"canonical":"https:\/\/easyliferobo.com\/de\/product\/emax-tinyhawk-ii-freestyle-rtf-fpv-renndrohne-mit-buerstenlosem-7000-kv-motor-runcam-nano-2-700tvl-kamera-0-25-100-200-vtx-leistung-drohnen-mit-brille-und-controller-fuer-kinder-erwachsene-anfaen\/","og_locale":"de_DE","og_type":"article","og_title":"EMAX Tinyhawk II Freestyle RTF FPV-Renndrohne mit b\u00fcrstenlosem 7000-KV-Motor, RunCam Nano 2 700TVL-Kamera, 0-25-100-200 VTX-Leistung, Drohnen mit Brille und Controller f\u00fcr Kinder, Erwachsene, Anf\u00e4nger - EasyLifeBro","og_description":"Entdecken Sie smarte Roboter f\u00fcr Zuhause, Garten, Bildung und Sicherheit. Vergleichen Sie Saugroboter, Rasenm\u00e4hroboter, KI-Begleitroboter und mehr bei EasyLifeRobo.","og_url":"https:\/\/easyliferobo.com\/de\/product\/emax-tinyhawk-ii-freestyle-rtf-fpv-renndrohne-mit-buerstenlosem-7000-kv-motor-runcam-nano-2-700tvl-kamera-0-25-100-200-vtx-leistung-drohnen-mit-brille-und-controller-fuer-kinder-erwachsene-anfaen\/","og_site_name":"EasyLifeBro","article_modified_time":"2026-02-27T14:22:33+00:00","og_image":[{"url":"https:\/\/images-na.ssl-images-amazon.com\/images\/G\/01\/x-locale\/common\/grey-pixel.gif","type":"","width":"","height":""}],"twitter_card":"summary_large_image","twitter_misc":{"Gesch\u00e4tzte Lesezeit":"2\u00a0Minuten"},"schema":{"@context":"https:\/\/schema.org","@graph":[{"@type":"WebPage","@id":"https:\/\/easyliferobo.com\/de\/product\/emax-tinyhawk-ii-freestyle-rtf-fpv-renndrohne-mit-buerstenlosem-7000-kv-motor-runcam-nano-2-700tvl-kamera-0-25-100-200-vtx-leistung-drohnen-mit-brille-und-controller-fuer-kinder-erwachsene-anfaen\/","url":"https:\/\/easyliferobo.com\/de\/product\/emax-tinyhawk-ii-freestyle-rtf-fpv-renndrohne-mit-buerstenlosem-7000-kv-motor-runcam-nano-2-700tvl-kamera-0-25-100-200-vtx-leistung-drohnen-mit-brille-und-controller-fuer-kinder-erwachsene-anfaen\/","name":"EMAX Tinyhawk II Freestyle RTF FPV-Renndrohne mit b\u00fcrstenlosem 7000-KV-Motor, RunCam Nano 2 700TVL-Kamera, 0-25-100-200 VTX-Leistung, Drohnen mit Brille und Controller f\u00fcr Kinder, Erwachsene, Anf\u00e4nger - EasyLifeBro","isPartOf":{"@id":"https:\/\/easyliferobo.com\/de\/#website"},"primaryImageOfPage":{"@id":"https:\/\/easyliferobo.com\/de\/product\/emax-tinyhawk-ii-freestyle-rtf-fpv-renndrohne-mit-buerstenlosem-7000-kv-motor-runcam-nano-2-700tvl-kamera-0-25-100-200-vtx-leistung-drohnen-mit-brille-und-controller-fuer-kinder-erwachsene-anfaen\/#primaryimage"},"image":{"@id":"https:\/\/easyliferobo.com\/de\/product\/emax-tinyhawk-ii-freestyle-rtf-fpv-renndrohne-mit-buerstenlosem-7000-kv-motor-runcam-nano-2-700tvl-kamera-0-25-100-200-vtx-leistung-drohnen-mit-brille-und-controller-fuer-kinder-erwachsene-anfaen\/#primaryimage"},"thumbnailUrl":"https:\/\/easyliferobo.com\/de\/wp-content\/uploads\/2026\/02\/71o9ACcr31L._AC_SL1500_.jpg","datePublished":"2026-02-27T14:22:10+00:00","dateModified":"2026-02-27T14:22:33+00:00","description":"Entdecken Sie smarte Roboter f\u00fcr Zuhause, Garten, Bildung und Sicherheit. Vergleichen Sie Saugroboter, Rasenm\u00e4hroboter, KI-Begleitroboter und mehr bei EasyLifeRobo.","breadcrumb":{"@id":"https:\/\/easyliferobo.com\/de\/product\/emax-tinyhawk-ii-freestyle-rtf-fpv-renndrohne-mit-buerstenlosem-7000-kv-motor-runcam-nano-2-700tvl-kamera-0-25-100-200-vtx-leistung-drohnen-mit-brille-und-controller-fuer-kinder-erwachsene-anfaen\/#breadcrumb"},"inLanguage":"de","potentialAction":[{"@type":"ReadAction","target":["https:\/\/easyliferobo.com\/de\/product\/emax-tinyhawk-ii-freestyle-rtf-fpv-renndrohne-mit-buerstenlosem-7000-kv-motor-runcam-nano-2-700tvl-kamera-0-25-100-200-vtx-leistung-drohnen-mit-brille-und-controller-fuer-kinder-erwachsene-anfaen\/"]}]},{"@type":"ImageObject","inLanguage":"de","@id":"https:\/\/easyliferobo.com\/de\/product\/emax-tinyhawk-ii-freestyle-rtf-fpv-renndrohne-mit-buerstenlosem-7000-kv-motor-runcam-nano-2-700tvl-kamera-0-25-100-200-vtx-leistung-drohnen-mit-brille-und-controller-fuer-kinder-erwachsene-anfaen\/#primaryimage","url":"https:\/\/easyliferobo.com\/de\/wp-content\/uploads\/2026\/02\/71o9ACcr31L._AC_SL1500_.jpg","contentUrl":"https:\/\/easyliferobo.com\/de\/wp-content\/uploads\/2026\/02\/71o9ACcr31L._AC_SL1500_.jpg","width":1500,"height":1351},{"@type":"BreadcrumbList","@id":"https:\/\/easyliferobo.com\/de\/product\/emax-tinyhawk-ii-freestyle-rtf-fpv-renndrohne-mit-buerstenlosem-7000-kv-motor-runcam-nano-2-700tvl-kamera-0-25-100-200-vtx-leistung-drohnen-mit-brille-und-controller-fuer-kinder-erwachsene-anfaen\/#breadcrumb","itemListElement":[{"@type":"ListItem","position":1,"name":"Home","item":"https:\/\/easyliferobo.com\/de\/"},{"@type":"ListItem","position":2,"name":"Shop","item":"https:\/\/easyliferobo.com\/de\/shop\/"},{"@type":"ListItem","position":3,"name":"EMAX Tinyhawk II Freestyle RTF FPV-..."}]},{"@type":"WebSite","@id":"https:\/\/easyliferobo.com\/de\/#website","url":"https:\/\/easyliferobo.com\/de\/","name":"EasyLifeBro","description":"Smarte Roboter f\u00fcr Zuhause, Garten &amp; Bildung","publisher":{"@id":"https:\/\/easyliferobo.com\/de\/#organization"},"potentialAction":[{"@type":"SearchAction","target":{"@type":"EntryPoint","urlTemplate":"https:\/\/easyliferobo.com\/de\/?s={search_term_string}"},"query-input":{"@type":"PropertyValueSpecification","valueRequired":true,"valueName":"search_term_string"}}],"inLanguage":"de"},{"@type":"Organization","@id":"https:\/\/easyliferobo.com\/de\/#organization","name":"EasyLifeBro","url":"https:\/\/easyliferobo.com\/de\/","logo":{"@type":"ImageObject","inLanguage":"de","@id":"https:\/\/easyliferobo.com\/de\/#\/schema\/logo\/image\/","url":"https:\/\/easyliferobo.com\/de\/wp-content\/uploads\/2026\/02\/Screenshot-2026-02-22-at-2.25.03-PM.png","contentUrl":"https:\/\/easyliferobo.com\/de\/wp-content\/uploads\/2026\/02\/Screenshot-2026-02-22-at-2.25.03-PM.png","width":1858,"height":430,"caption":"EasyLifeBro"},"image":{"@id":"https:\/\/easyliferobo.com\/de\/#\/schema\/logo\/image\/"}}]}},"_links":{"self":[{"href":"https:\/\/easyliferobo.com\/de\/wp-json\/wp\/v2\/product\/4814","targetHints":{"allow":["GET"]}}],"collection":[{"href":"https:\/\/easyliferobo.com\/de\/wp-json\/wp\/v2\/product"}],"about":[{"href":"https:\/\/easyliferobo.com\/de\/wp-json\/wp\/v2\/types\/product"}],"replies":[{"embeddable":true,"href":"https:\/\/easyliferobo.com\/de\/wp-json\/wp\/v2\/comments?post=4814"}],"wp:featuredmedia":[{"embeddable":true,"href":"https:\/\/easyliferobo.com\/de\/wp-json\/wp\/v2\/media\/4815"}],"wp:attachment":[{"href":"https:\/\/easyliferobo.com\/de\/wp-json\/wp\/v2\/media?parent=4814"}],"wp:term":[{"taxonomy":"store","embeddable":true,"href":"https:\/\/easyliferobo.com\/de\/wp-json\/wp\/v2\/store?post=4814"},{"taxonomy":"product_brand","embeddable":true,"href":"https:\/\/easyliferobo.com\/de\/wp-json\/wp\/v2\/product_brand?post=4814"},{"taxonomy":"product_cat","embeddable":true,"href":"https:\/\/easyliferobo.com\/de\/wp-json\/wp\/v2\/product_cat?post=4814"},{"taxonomy":"product_tag","embeddable":true,"href":"https:\/\/easyliferobo.com\/de\/wp-json\/wp\/v2\/product_tag?post=4814"}],"curies":[{"name":"wp","href":"https:\/\/api.w.org\/{rel}","templated":true}]}}