
{"id":4805,"date":"2026-02-27T14:20:44","date_gmt":"2026-02-27T14:20:44","guid":{"rendered":"https:\/\/easyliferobo.com\/de\/product\/mini-drohne-fuer-kinder-anfaenger-ferngesteuerte-flugzeug-spielzeugdrohne-mit-coolen-led-lichtern-quadrocopter-mit-3d-flips-und-3-batterien-30-minuten-flugzeit-lustiges-geschenk-fuer-jungen-und-ma\/"},"modified":"2026-02-27T14:21:03","modified_gmt":"2026-02-27T14:21:03","slug":"mini-drohne-fuer-kinder-anfaenger-ferngesteuerte-flugzeug-spielzeugdrohne-mit-coolen-led-lichtern-quadrocopter-mit-3d-flips-und-3-batterien-30-minuten-flugzeit-lustiges-geschenk-fuer-jungen-und-ma","status":"publish","type":"product","link":"https:\/\/easyliferobo.com\/de\/product\/mini-drohne-fuer-kinder-anfaenger-ferngesteuerte-flugzeug-spielzeugdrohne-mit-coolen-led-lichtern-quadrocopter-mit-3d-flips-und-3-batterien-30-minuten-flugzeit-lustiges-geschenk-fuer-jungen-und-ma\/","title":{"rendered":"Mini-Drohne f\u00fcr Kinder-Anf\u00e4nger, ..."},"content":{"rendered":"<p>\n                                             Produktbeschreibung   <\/p>\n<p>                                                                                                       <img decoding=\"async\" alt=\"Aplus-Inhaltsbild\" src=\"https:\/\/images-na.ssl-images-amazon.com\/images\/G\/01\/x-locale\/common\/grey-pixel.gif\" class=\"a-lazy-loaded\" data-src=\"https:\/\/m.media-amazon.com\/images\/S\/aplus-media-library-service-media\/dcc71ff0-9348-430e-8072-988f66db1f8e.__CR0,0,1464,600_PT0_SX1464_V1___.jpg\"><img decoding=\"async\" alt=\"Aplus-Inhaltsbild\" src=\"https:\/\/m.media-amazon.com\/images\/S\/aplus-media-library-service-media\/dcc71ff0-9348-430e-8072-988f66db1f8e.__CR0,0,1464,600_PT0_SX1464_V1___.jpg\">                                               <\/p>\n<p>Das Video zeigt das Produkt im Einsatz. Das Video f\u00fchrt Sie durch die Produkteinrichtung. Das Video vergleicht mehrere Produkte. Das Video zeigt das Auspacken des Produkts. Drohne f\u00fcr Kinder und Anf\u00e4nger mit LED-Lichtern H\u00e4ndlervideo<\/p>\n<p>                                                                                                       <img decoding=\"async\" alt=\"Innenszene, in der ein blau leuchtendes Ger\u00e4t auf dem Kaffeetisch zu sehen ist, scheint eine Art von Licht oder Anzeigeeinheit zu sein\" src=\"https:\/\/images-na.ssl-images-amazon.com\/images\/G\/01\/x-locale\/common\/grey-pixel.gif\" class=\"a-lazy-loaded\" data-src=\"https:\/\/m.media-amazon.com\/images\/S\/aplus-media-library-service-media\/67e36bfb-3795-4404-82c2-c5b75c971c47.__CR0,0,1464,600_PT0_SX1464_V1___.jpg\"><img decoding=\"async\" alt=\"Innenszene, in der ein blau leuchtendes Ger\u00e4t auf dem Kaffeetisch zu sehen ist, scheint eine Art von Licht oder Anzeigeeinheit zu sein\" src=\"https:\/\/m.media-amazon.com\/images\/S\/aplus-media-library-service-media\/67e36bfb-3795-4404-82c2-c5b75c971c47.__CR0,0,1464,600_PT0_SX1464_V1___.jpg\">                                               <\/p>\n<p>                                                                                                       <img decoding=\"async\" alt=\"Der Text zeigt \u201eHOCH\u201c und \u201eNIEDRIG\u201c mit Geschwindigkeitsanpassungsanzeigen. Familie sitzt auf der Couch mit interaktiver Spielzeugvorf\u00fchrung, die einstellbare Geschwindigkeitseinstellungen zeigt.\" src=\"https:\/\/images-na.ssl-images-amazon.com\/images\/G\/01\/x-locale\/common\/grey-pixel.gif\" class=\"a-lazy-loaded\" data-src=\"https:\/\/m.media-amazon.com\/images\/S\/aplus-media-library-service-media\/7f5de02a-529a-4425-90a5-b824df65546b.__CR0,0,1464,600_PT0_SX1464_V1___.jpg\"><img decoding=\"async\" alt=\"Der Text zeigt \u201eHOCH\u201c und \u201eNIEDRIG\u201c mit Geschwindigkeitsanpassungsanzeigen. Familie sitzt auf der Couch mit interaktiver Spielzeugvorf\u00fchrung, die einstellbare Geschwindigkeitseinstellungen zeigt.\" src=\"https:\/\/m.media-amazon.com\/images\/S\/aplus-media-library-service-media\/7f5de02a-529a-4425-90a5-b824df65546b.__CR0,0,1464,600_PT0_SX1464_V1___.jpg\">                                               <\/p>\n<p>                                                                                                       <img decoding=\"async\" alt=\"Der Text lautet \u201eCool Flips In Air\u201c. Das Bild zeigt eine Innenausstattung mit schwebenden Spiel- oder Unterhaltungselementen im holografischen Stil, die in Blau und Rosa dargestellt sind.\" src=\"https:\/\/images-na.ssl-images-amazon.com\/images\/G\/01\/x-locale\/common\/grey-pixel.gif\" class=\"a-lazy-loaded\" data-src=\"https:\/\/m.media-amazon.com\/images\/S\/aplus-media-library-service-media\/a3610090-969c-4480-a258-650aa6acd3ba.__CR0,0,1464,600_PT0_SX1464_V1___.jpg\"><img decoding=\"async\" alt=\"Der Text lautet \u201eCool Flips In Air\u201c. Das Bild zeigt eine Innenausstattung mit schwebenden Spiel- oder Unterhaltungselementen im holografischen Stil, die in Blau und Rosa dargestellt sind.\" src=\"https:\/\/m.media-amazon.com\/images\/S\/aplus-media-library-service-media\/a3610090-969c-4480-a258-650aa6acd3ba.__CR0,0,1464,600_PT0_SX1464_V1___.jpg\">                                               <\/p>\n<p>                                                                                  <img decoding=\"async\" alt=\"Aplus-Inhaltsbild\" src=\"https:\/\/m.media-amazon.com\/images\/S\/aplus-media-library-service-media\/11916ef8-24f6-4a32-80b6-a579af52993b.__CR0,0,1464,600_PT0_SX1464_V1___.jpg\">       <\/p>\n<p>                                                                                  <img decoding=\"async\" alt=\"Aplus-Inhaltsbild\" src=\"https:\/\/m.media-amazon.com\/images\/S\/aplus-media-library-service-media\/b5b17073-69d5-4ce1-8662-09fceb9c1037.__CR0,0,1464,600_PT0_SX1464_V1___.jpg\">       <\/p>\n<p>                                                                                  <img decoding=\"async\" alt=\"Der Text lautet \u201eDas beste Geschenk f\u00fcr Kinder\u201c. Das Produktfoto zeigt eine Videospielkonsole im Retro-Stil mit blauer Verpackung und einer Familie, die sich um Weihnachtsgeschenke versammelt hat.\" src=\"https:\/\/m.media-amazon.com\/images\/S\/aplus-media-library-service-media\/188d4e44-d796-46bf-b749-4242c0a44662.__CR0,0,1464,600_PT0_SX1464_V1___.jpg\">       <\/p>\n<p>                                                                                  <img decoding=\"async\" alt=\"Aplus-Inhaltsbild\" src=\"https:\/\/m.media-amazon.com\/images\/S\/aplus-media-library-service-media\/158d46c9-742d-4d02-99bf-47cf1c20fb28.__CR0,0,1464,600_PT0_SX1464_V1___.jpg\">       <\/p>\n<p>Einfach zu bedienen, perfekt f\u00fcr Anf\u00e4nger: Diese Mini-Drohne startet einfach mit nur einem Klick auf die Ein-Tasten-Start\/Landung. 360\u00b0-Flip, Ringflug und Geschwindigkeitsanpassung sind f\u00fcr Piloten unterschiedlicher F\u00e4higkeiten geeignet. Mit der H\u00f6henhaltefunktion kann Ihre Drohne f\u00fcr eine einfache Handhabung automatisch in der Luft schweben. Sowohl Kinder ab 6 Jahren als auch Anf\u00e4nger k\u00f6nnen problemlos das Fliegen erlernen. Es ist ein Geschenk, das Technologie, Spa\u00df und Lernen vereint.<br \/>Coole Lichter, mehr Spa\u00df: 6 verschiedenfarbige LED-Lichter sorgen nicht nur im Flug f\u00fcr einen atemberaubenden visuellen Effekt (besonders im Dunkeln), sondern helfen Ihnen auch dabei, nachts leicht die Richtung zu erkennen. Der 360\u00b0-Flip wird mit einer einzigen Note abgeschlossen und verleiht einen Hauch von Magie, um einen unterhaltsamen und beeindruckenden Luftstunt zu erzeugen. Lassen Sie diese Drohne noch mehr aufregende Momente bescheren!<br \/>Abnehmbares Fl\u00fcgeldesign: Die neu verbesserte Kinderdrohne bietet 8 Fl\u00fcgel, zwei verschiedene Farben, manuell DIY Ihre Lieblingsfarben, um Ihre eigene Drohne zu erstellen. Das abnehmbare Fl\u00fcgeldesign erm\u00f6glicht es Ihnen, die Haarverfilzungen an den Fl\u00fcgeln rechtzeitig zu entfernen, sodass Ihre Drohne aufgrund von Verfilzungen nicht mehr fliegen kann. Dies erh\u00f6ht die Lebensdauer der Drohne erheblich und sorgt f\u00fcr ein besseres Flugerlebnis.<br \/>Robust und langlebig, umfassender Schutz: Dieses RC-Quadcopter-Geh\u00e4use f\u00fcr Kinder im Alter von 6 bis 12 Jahren besteht aus einem sto\u00dffesten ABS-Material und ist vollst\u00e4ndig gesch\u00fctzt, um den Propeller zu sch\u00fctzen und die Auswirkungen von Kollisionen oder St\u00f6\u00dfen abzufedern. Der vollst\u00e4ndig dedizierte Drohnenpropeller stellt weder im Innen- noch im Au\u00dfenbereich eine Gefahr f\u00fcr Kinder, Haustiere oder Innenm\u00f6bel dar. Die kindgerechten Drohnenspielzeuge machen es f\u00fcr Kinder komfortabler.<br \/>30 Minuten Flugspa\u00df: Die Kinderdrohne ist mit 3 wiederaufladbaren Akkus ausgestattet, die austauschbar sind und die Lebensdauer verl\u00e4ngern. Die Lebensdauer jeder Batterie betr\u00e4gt ca. 10 Minuten und USB-C-Schnellladung ca. 40 Minuten. Der Batterieblock ist einfach zu installieren und zu entfernen und kann in einem Schritt installiert werden. Diese Mini-Drohne ist das perfekte Spielzeuggeschenk f\u00fcr Kinder, um die Welt des Fliegens auf sichere und unterhaltsame Weise zu erkunden. Bitte beachten Sie: F\u00fcr die Handfernbedienung sind drei AAA-Batterien erforderlich (nicht im Lieferumfang enthalten).<\/p>\n<p>[ad_2]<\/p>\n","protected":false},"excerpt":{"rendered":"<p>Produktbeschreibung Das Video zeigt das Produkt im Einsatz. Das Video f\u00fchrt Sie durch die Produkteinrichtung. Das Video vergleicht mehrere Produkte. Das Video zeigt das Auspacken des Produkts. Drohne f\u00fcr Kinder und Anf\u00e4nger mit LED-Lichtern H\u00e4ndlervideo Einfach zu bedienen, perfekt f\u00fcr Anf\u00e4nger: Diese Mini-Drohne startet einfach mit nur einem Klick auf die Ein-Tasten-Start\/Landung. 360\u00b0-Flip, Ringflug und [&hellip;]<\/p>\n","protected":false},"featured_media":4806,"comment_status":"open","ping_status":"closed","template":"","meta":{"_aipt_faq_data":""},"store":[],"product_brand":[465],"product_cat":[105],"product_tag":[216],"class_list":{"0":"post-4805","1":"product","2":"type-product","3":"status-publish","4":"has-post-thumbnail","6":"product_brand-goldhive","7":"product_cat-mini-drohnen","8":"product_tag-mini-drohnen-fuer-anfaenger","10":"first","11":"instock","12":"sale","13":"shipping-taxable","14":"product-type-external"},"yoast_head":"<!-- This site is optimized with the Yoast SEO plugin v27.0 - https:\/\/yoast.com\/product\/yoast-seo-wordpress\/ -->\n<title>Mini-Drohne f\u00fcr Kinder-Anf\u00e4nger, ferngesteuerte Flugzeug-Spielzeugdrohne mit coolen LED-Lichtern, Quadrocopter mit 3D-Flips und 3 Batterien, 30 Minuten Flugzeit, lustiges Geschenk f\u00fcr Jungen und M\u00e4dchen - EasyLifeBro<\/title>\n<meta name=\"description\" content=\"Entdecken Sie smarte Roboter f\u00fcr Zuhause, Garten, Bildung und Sicherheit. Vergleichen Sie Saugroboter, Rasenm\u00e4hroboter, KI-Begleitroboter und mehr bei EasyLifeRobo.\" \/>\n<meta name=\"robots\" content=\"index, follow, max-snippet:-1, max-image-preview:large, max-video-preview:-1\" \/>\n<link rel=\"canonical\" href=\"https:\/\/easyliferobo.com\/de\/product\/mini-drohne-fuer-kinder-anfaenger-ferngesteuerte-flugzeug-spielzeugdrohne-mit-coolen-led-lichtern-quadrocopter-mit-3d-flips-und-3-batterien-30-minuten-flugzeit-lustiges-geschenk-fuer-jungen-und-ma\/\" \/>\n<meta property=\"og:locale\" content=\"de_DE\" \/>\n<meta property=\"og:type\" content=\"article\" \/>\n<meta property=\"og:title\" content=\"Mini-Drohne f\u00fcr Kinder-Anf\u00e4nger, ferngesteuerte Flugzeug-Spielzeugdrohne mit coolen LED-Lichtern, Quadrocopter mit 3D-Flips und 3 Batterien, 30 Minuten Flugzeit, lustiges Geschenk f\u00fcr Jungen und M\u00e4dchen - EasyLifeBro\" \/>\n<meta property=\"og:description\" content=\"Entdecken Sie smarte Roboter f\u00fcr Zuhause, Garten, Bildung und Sicherheit. Vergleichen Sie Saugroboter, Rasenm\u00e4hroboter, KI-Begleitroboter und mehr bei EasyLifeRobo.\" \/>\n<meta property=\"og:url\" content=\"https:\/\/easyliferobo.com\/de\/product\/mini-drohne-fuer-kinder-anfaenger-ferngesteuerte-flugzeug-spielzeugdrohne-mit-coolen-led-lichtern-quadrocopter-mit-3d-flips-und-3-batterien-30-minuten-flugzeit-lustiges-geschenk-fuer-jungen-und-ma\/\" \/>\n<meta property=\"og:site_name\" content=\"EasyLifeBro\" \/>\n<meta property=\"article:modified_time\" content=\"2026-02-27T14:21:03+00:00\" \/>\n<meta property=\"og:image\" content=\"https:\/\/images-na.ssl-images-amazon.com\/images\/G\/01\/x-locale\/common\/grey-pixel.gif\" \/>\n<meta name=\"twitter:card\" content=\"summary_large_image\" \/>\n<meta name=\"twitter:label1\" content=\"Gesch\u00e4tzte Lesezeit\" \/>\n\t<meta name=\"twitter:data1\" content=\"2\u00a0Minuten\" \/>\n<script type=\"application\/ld+json\" class=\"yoast-schema-graph\">{\"@context\":\"https:\/\/schema.org\",\"@graph\":[{\"@type\":\"WebPage\",\"@id\":\"https:\/\/easyliferobo.com\/de\/product\/mini-drohne-fuer-kinder-anfaenger-ferngesteuerte-flugzeug-spielzeugdrohne-mit-coolen-led-lichtern-quadrocopter-mit-3d-flips-und-3-batterien-30-minuten-flugzeit-lustiges-geschenk-fuer-jungen-und-ma\/\",\"url\":\"https:\/\/easyliferobo.com\/de\/product\/mini-drohne-fuer-kinder-anfaenger-ferngesteuerte-flugzeug-spielzeugdrohne-mit-coolen-led-lichtern-quadrocopter-mit-3d-flips-und-3-batterien-30-minuten-flugzeit-lustiges-geschenk-fuer-jungen-und-ma\/\",\"name\":\"Mini-Drohne f\u00fcr Kinder-Anf\u00e4nger, ferngesteuerte Flugzeug-Spielzeugdrohne mit coolen LED-Lichtern, Quadrocopter mit 3D-Flips und 3 Batterien, 30 Minuten Flugzeit, lustiges Geschenk f\u00fcr Jungen und M\u00e4dchen - EasyLifeBro\",\"isPartOf\":{\"@id\":\"https:\/\/easyliferobo.com\/de\/#website\"},\"primaryImageOfPage\":{\"@id\":\"https:\/\/easyliferobo.com\/de\/product\/mini-drohne-fuer-kinder-anfaenger-ferngesteuerte-flugzeug-spielzeugdrohne-mit-coolen-led-lichtern-quadrocopter-mit-3d-flips-und-3-batterien-30-minuten-flugzeit-lustiges-geschenk-fuer-jungen-und-ma\/#primaryimage\"},\"image\":{\"@id\":\"https:\/\/easyliferobo.com\/de\/product\/mini-drohne-fuer-kinder-anfaenger-ferngesteuerte-flugzeug-spielzeugdrohne-mit-coolen-led-lichtern-quadrocopter-mit-3d-flips-und-3-batterien-30-minuten-flugzeit-lustiges-geschenk-fuer-jungen-und-ma\/#primaryimage\"},\"thumbnailUrl\":\"https:\/\/easyliferobo.com\/de\/wp-content\/uploads\/2026\/02\/71eZLNEmeAL._AC_SL1500_.jpg\",\"datePublished\":\"2026-02-27T14:20:44+00:00\",\"dateModified\":\"2026-02-27T14:21:03+00:00\",\"description\":\"Entdecken Sie smarte Roboter f\u00fcr Zuhause, Garten, Bildung und Sicherheit. Vergleichen Sie Saugroboter, Rasenm\u00e4hroboter, KI-Begleitroboter und mehr bei EasyLifeRobo.\",\"breadcrumb\":{\"@id\":\"https:\/\/easyliferobo.com\/de\/product\/mini-drohne-fuer-kinder-anfaenger-ferngesteuerte-flugzeug-spielzeugdrohne-mit-coolen-led-lichtern-quadrocopter-mit-3d-flips-und-3-batterien-30-minuten-flugzeit-lustiges-geschenk-fuer-jungen-und-ma\/#breadcrumb\"},\"inLanguage\":\"de\",\"potentialAction\":[{\"@type\":\"ReadAction\",\"target\":[\"https:\/\/easyliferobo.com\/de\/product\/mini-drohne-fuer-kinder-anfaenger-ferngesteuerte-flugzeug-spielzeugdrohne-mit-coolen-led-lichtern-quadrocopter-mit-3d-flips-und-3-batterien-30-minuten-flugzeit-lustiges-geschenk-fuer-jungen-und-ma\/\"]}]},{\"@type\":\"ImageObject\",\"inLanguage\":\"de\",\"@id\":\"https:\/\/easyliferobo.com\/de\/product\/mini-drohne-fuer-kinder-anfaenger-ferngesteuerte-flugzeug-spielzeugdrohne-mit-coolen-led-lichtern-quadrocopter-mit-3d-flips-und-3-batterien-30-minuten-flugzeit-lustiges-geschenk-fuer-jungen-und-ma\/#primaryimage\",\"url\":\"https:\/\/easyliferobo.com\/de\/wp-content\/uploads\/2026\/02\/71eZLNEmeAL._AC_SL1500_.jpg\",\"contentUrl\":\"https:\/\/easyliferobo.com\/de\/wp-content\/uploads\/2026\/02\/71eZLNEmeAL._AC_SL1500_.jpg\",\"width\":1500,\"height\":1461},{\"@type\":\"BreadcrumbList\",\"@id\":\"https:\/\/easyliferobo.com\/de\/product\/mini-drohne-fuer-kinder-anfaenger-ferngesteuerte-flugzeug-spielzeugdrohne-mit-coolen-led-lichtern-quadrocopter-mit-3d-flips-und-3-batterien-30-minuten-flugzeit-lustiges-geschenk-fuer-jungen-und-ma\/#breadcrumb\",\"itemListElement\":[{\"@type\":\"ListItem\",\"position\":1,\"name\":\"Home\",\"item\":\"https:\/\/easyliferobo.com\/de\/\"},{\"@type\":\"ListItem\",\"position\":2,\"name\":\"Shop\",\"item\":\"https:\/\/easyliferobo.com\/de\/shop\/\"},{\"@type\":\"ListItem\",\"position\":3,\"name\":\"Mini-Drohne f\u00fcr Kinder-Anf\u00e4nger, ...\"}]},{\"@type\":\"WebSite\",\"@id\":\"https:\/\/easyliferobo.com\/de\/#website\",\"url\":\"https:\/\/easyliferobo.com\/de\/\",\"name\":\"EasyLifeBro\",\"description\":\"Smarte Roboter f\u00fcr Zuhause, Garten &amp; Bildung\",\"publisher\":{\"@id\":\"https:\/\/easyliferobo.com\/de\/#organization\"},\"potentialAction\":[{\"@type\":\"SearchAction\",\"target\":{\"@type\":\"EntryPoint\",\"urlTemplate\":\"https:\/\/easyliferobo.com\/de\/?s={search_term_string}\"},\"query-input\":{\"@type\":\"PropertyValueSpecification\",\"valueRequired\":true,\"valueName\":\"search_term_string\"}}],\"inLanguage\":\"de\"},{\"@type\":\"Organization\",\"@id\":\"https:\/\/easyliferobo.com\/de\/#organization\",\"name\":\"EasyLifeBro\",\"url\":\"https:\/\/easyliferobo.com\/de\/\",\"logo\":{\"@type\":\"ImageObject\",\"inLanguage\":\"de\",\"@id\":\"https:\/\/easyliferobo.com\/de\/#\/schema\/logo\/image\/\",\"url\":\"https:\/\/easyliferobo.com\/de\/wp-content\/uploads\/2026\/02\/Screenshot-2026-02-22-at-2.25.03-PM.png\",\"contentUrl\":\"https:\/\/easyliferobo.com\/de\/wp-content\/uploads\/2026\/02\/Screenshot-2026-02-22-at-2.25.03-PM.png\",\"width\":1858,\"height\":430,\"caption\":\"EasyLifeBro\"},\"image\":{\"@id\":\"https:\/\/easyliferobo.com\/de\/#\/schema\/logo\/image\/\"}}]}<\/script>\n<!-- \/ Yoast SEO plugin. -->","yoast_head_json":{"title":"Mini-Drohne f\u00fcr Kinder-Anf\u00e4nger, ferngesteuerte Flugzeug-Spielzeugdrohne mit coolen LED-Lichtern, Quadrocopter mit 3D-Flips und 3 Batterien, 30 Minuten Flugzeit, lustiges Geschenk f\u00fcr Jungen und M\u00e4dchen - EasyLifeBro","description":"Entdecken Sie smarte Roboter f\u00fcr Zuhause, Garten, Bildung und Sicherheit. Vergleichen Sie Saugroboter, Rasenm\u00e4hroboter, KI-Begleitroboter und mehr bei EasyLifeRobo.","robots":{"index":"index","follow":"follow","max-snippet":"max-snippet:-1","max-image-preview":"max-image-preview:large","max-video-preview":"max-video-preview:-1"},"canonical":"https:\/\/easyliferobo.com\/de\/product\/mini-drohne-fuer-kinder-anfaenger-ferngesteuerte-flugzeug-spielzeugdrohne-mit-coolen-led-lichtern-quadrocopter-mit-3d-flips-und-3-batterien-30-minuten-flugzeit-lustiges-geschenk-fuer-jungen-und-ma\/","og_locale":"de_DE","og_type":"article","og_title":"Mini-Drohne f\u00fcr Kinder-Anf\u00e4nger, ferngesteuerte Flugzeug-Spielzeugdrohne mit coolen LED-Lichtern, Quadrocopter mit 3D-Flips und 3 Batterien, 30 Minuten Flugzeit, lustiges Geschenk f\u00fcr Jungen und M\u00e4dchen - EasyLifeBro","og_description":"Entdecken Sie smarte Roboter f\u00fcr Zuhause, Garten, Bildung und Sicherheit. Vergleichen Sie Saugroboter, Rasenm\u00e4hroboter, KI-Begleitroboter und mehr bei EasyLifeRobo.","og_url":"https:\/\/easyliferobo.com\/de\/product\/mini-drohne-fuer-kinder-anfaenger-ferngesteuerte-flugzeug-spielzeugdrohne-mit-coolen-led-lichtern-quadrocopter-mit-3d-flips-und-3-batterien-30-minuten-flugzeit-lustiges-geschenk-fuer-jungen-und-ma\/","og_site_name":"EasyLifeBro","article_modified_time":"2026-02-27T14:21:03+00:00","og_image":[{"url":"https:\/\/images-na.ssl-images-amazon.com\/images\/G\/01\/x-locale\/common\/grey-pixel.gif","type":"","width":"","height":""}],"twitter_card":"summary_large_image","twitter_misc":{"Gesch\u00e4tzte Lesezeit":"2\u00a0Minuten"},"schema":{"@context":"https:\/\/schema.org","@graph":[{"@type":"WebPage","@id":"https:\/\/easyliferobo.com\/de\/product\/mini-drohne-fuer-kinder-anfaenger-ferngesteuerte-flugzeug-spielzeugdrohne-mit-coolen-led-lichtern-quadrocopter-mit-3d-flips-und-3-batterien-30-minuten-flugzeit-lustiges-geschenk-fuer-jungen-und-ma\/","url":"https:\/\/easyliferobo.com\/de\/product\/mini-drohne-fuer-kinder-anfaenger-ferngesteuerte-flugzeug-spielzeugdrohne-mit-coolen-led-lichtern-quadrocopter-mit-3d-flips-und-3-batterien-30-minuten-flugzeit-lustiges-geschenk-fuer-jungen-und-ma\/","name":"Mini-Drohne f\u00fcr Kinder-Anf\u00e4nger, ferngesteuerte Flugzeug-Spielzeugdrohne mit coolen LED-Lichtern, Quadrocopter mit 3D-Flips und 3 Batterien, 30 Minuten Flugzeit, lustiges Geschenk f\u00fcr Jungen und M\u00e4dchen - EasyLifeBro","isPartOf":{"@id":"https:\/\/easyliferobo.com\/de\/#website"},"primaryImageOfPage":{"@id":"https:\/\/easyliferobo.com\/de\/product\/mini-drohne-fuer-kinder-anfaenger-ferngesteuerte-flugzeug-spielzeugdrohne-mit-coolen-led-lichtern-quadrocopter-mit-3d-flips-und-3-batterien-30-minuten-flugzeit-lustiges-geschenk-fuer-jungen-und-ma\/#primaryimage"},"image":{"@id":"https:\/\/easyliferobo.com\/de\/product\/mini-drohne-fuer-kinder-anfaenger-ferngesteuerte-flugzeug-spielzeugdrohne-mit-coolen-led-lichtern-quadrocopter-mit-3d-flips-und-3-batterien-30-minuten-flugzeit-lustiges-geschenk-fuer-jungen-und-ma\/#primaryimage"},"thumbnailUrl":"https:\/\/easyliferobo.com\/de\/wp-content\/uploads\/2026\/02\/71eZLNEmeAL._AC_SL1500_.jpg","datePublished":"2026-02-27T14:20:44+00:00","dateModified":"2026-02-27T14:21:03+00:00","description":"Entdecken Sie smarte Roboter f\u00fcr Zuhause, Garten, Bildung und Sicherheit. Vergleichen Sie Saugroboter, Rasenm\u00e4hroboter, KI-Begleitroboter und mehr bei EasyLifeRobo.","breadcrumb":{"@id":"https:\/\/easyliferobo.com\/de\/product\/mini-drohne-fuer-kinder-anfaenger-ferngesteuerte-flugzeug-spielzeugdrohne-mit-coolen-led-lichtern-quadrocopter-mit-3d-flips-und-3-batterien-30-minuten-flugzeit-lustiges-geschenk-fuer-jungen-und-ma\/#breadcrumb"},"inLanguage":"de","potentialAction":[{"@type":"ReadAction","target":["https:\/\/easyliferobo.com\/de\/product\/mini-drohne-fuer-kinder-anfaenger-ferngesteuerte-flugzeug-spielzeugdrohne-mit-coolen-led-lichtern-quadrocopter-mit-3d-flips-und-3-batterien-30-minuten-flugzeit-lustiges-geschenk-fuer-jungen-und-ma\/"]}]},{"@type":"ImageObject","inLanguage":"de","@id":"https:\/\/easyliferobo.com\/de\/product\/mini-drohne-fuer-kinder-anfaenger-ferngesteuerte-flugzeug-spielzeugdrohne-mit-coolen-led-lichtern-quadrocopter-mit-3d-flips-und-3-batterien-30-minuten-flugzeit-lustiges-geschenk-fuer-jungen-und-ma\/#primaryimage","url":"https:\/\/easyliferobo.com\/de\/wp-content\/uploads\/2026\/02\/71eZLNEmeAL._AC_SL1500_.jpg","contentUrl":"https:\/\/easyliferobo.com\/de\/wp-content\/uploads\/2026\/02\/71eZLNEmeAL._AC_SL1500_.jpg","width":1500,"height":1461},{"@type":"BreadcrumbList","@id":"https:\/\/easyliferobo.com\/de\/product\/mini-drohne-fuer-kinder-anfaenger-ferngesteuerte-flugzeug-spielzeugdrohne-mit-coolen-led-lichtern-quadrocopter-mit-3d-flips-und-3-batterien-30-minuten-flugzeit-lustiges-geschenk-fuer-jungen-und-ma\/#breadcrumb","itemListElement":[{"@type":"ListItem","position":1,"name":"Home","item":"https:\/\/easyliferobo.com\/de\/"},{"@type":"ListItem","position":2,"name":"Shop","item":"https:\/\/easyliferobo.com\/de\/shop\/"},{"@type":"ListItem","position":3,"name":"Mini-Drohne f\u00fcr Kinder-Anf\u00e4nger, ..."}]},{"@type":"WebSite","@id":"https:\/\/easyliferobo.com\/de\/#website","url":"https:\/\/easyliferobo.com\/de\/","name":"EasyLifeBro","description":"Smarte Roboter f\u00fcr Zuhause, Garten &amp; Bildung","publisher":{"@id":"https:\/\/easyliferobo.com\/de\/#organization"},"potentialAction":[{"@type":"SearchAction","target":{"@type":"EntryPoint","urlTemplate":"https:\/\/easyliferobo.com\/de\/?s={search_term_string}"},"query-input":{"@type":"PropertyValueSpecification","valueRequired":true,"valueName":"search_term_string"}}],"inLanguage":"de"},{"@type":"Organization","@id":"https:\/\/easyliferobo.com\/de\/#organization","name":"EasyLifeBro","url":"https:\/\/easyliferobo.com\/de\/","logo":{"@type":"ImageObject","inLanguage":"de","@id":"https:\/\/easyliferobo.com\/de\/#\/schema\/logo\/image\/","url":"https:\/\/easyliferobo.com\/de\/wp-content\/uploads\/2026\/02\/Screenshot-2026-02-22-at-2.25.03-PM.png","contentUrl":"https:\/\/easyliferobo.com\/de\/wp-content\/uploads\/2026\/02\/Screenshot-2026-02-22-at-2.25.03-PM.png","width":1858,"height":430,"caption":"EasyLifeBro"},"image":{"@id":"https:\/\/easyliferobo.com\/de\/#\/schema\/logo\/image\/"}}]}},"_links":{"self":[{"href":"https:\/\/easyliferobo.com\/de\/wp-json\/wp\/v2\/product\/4805","targetHints":{"allow":["GET"]}}],"collection":[{"href":"https:\/\/easyliferobo.com\/de\/wp-json\/wp\/v2\/product"}],"about":[{"href":"https:\/\/easyliferobo.com\/de\/wp-json\/wp\/v2\/types\/product"}],"replies":[{"embeddable":true,"href":"https:\/\/easyliferobo.com\/de\/wp-json\/wp\/v2\/comments?post=4805"}],"wp:featuredmedia":[{"embeddable":true,"href":"https:\/\/easyliferobo.com\/de\/wp-json\/wp\/v2\/media\/4806"}],"wp:attachment":[{"href":"https:\/\/easyliferobo.com\/de\/wp-json\/wp\/v2\/media?parent=4805"}],"wp:term":[{"taxonomy":"store","embeddable":true,"href":"https:\/\/easyliferobo.com\/de\/wp-json\/wp\/v2\/store?post=4805"},{"taxonomy":"product_brand","embeddable":true,"href":"https:\/\/easyliferobo.com\/de\/wp-json\/wp\/v2\/product_brand?post=4805"},{"taxonomy":"product_cat","embeddable":true,"href":"https:\/\/easyliferobo.com\/de\/wp-json\/wp\/v2\/product_cat?post=4805"},{"taxonomy":"product_tag","embeddable":true,"href":"https:\/\/easyliferobo.com\/de\/wp-json\/wp\/v2\/product_tag?post=4805"}],"curies":[{"name":"wp","href":"https:\/\/api.w.org\/{rel}","templated":true}]}}