
{"id":4802,"date":"2026-02-27T14:18:57","date_gmt":"2026-02-27T14:18:57","guid":{"rendered":"https:\/\/easyliferobo.com\/de\/product\/die-autonome-revolution-wie-selbstfahrende-autos-unsere-welt-erobern-nachhaltige-verkehrsentwicklung-durch-autonomes-fahren-das-muessen-automobil-industrie-und-politik-jetzt-tun\/"},"modified":"2026-02-27T14:19:01","modified_gmt":"2026-02-27T14:19:01","slug":"die-autonome-revolution-wie-selbstfahrende-autos-unsere-welt-erobern-nachhaltige-verkehrsentwicklung-durch-autonomes-fahren-das-muessen-automobil-industrie-und-politik-jetzt-tun","status":"publish","type":"product","link":"https:\/\/easyliferobo.com\/de\/product\/die-autonome-revolution-wie-selbstfahrende-autos-unsere-welt-erobern-nachhaltige-verkehrsentwicklung-durch-autonomes-fahren-das-muessen-automobil-industrie-und-politik-jetzt-tun\/","title":{"rendered":"Die autonome Revolution: Wie selbst..."},"content":{"rendered":"<br \/>\n<h3>Autonomes Fahren die Mobilit\u00e4t der Zukunft?<\/h3>\n<p>  Unsere St\u00e4dte ersticken am Verkehr, die Autobahnen sind \u00fcberf\u00fcllt. Ob Stadt oder Land: Die Prognosen zum Verkehrsaufkommen verhei\u00dfen nichts Gutes. Die Frage, wie wir in Zukunft mobil sein wollen, muss dringend beantwortet werden. <\/p>\n<p>  Andreas Herrmann und Walter Brenner haben das erste umfassende Fachbuch zum Thema Autonomes Fahren geschrieben. Sie fassen f\u00fcr uns den Stand der technischen Entwicklung zusammen, geben einen \u00dcberblick \u00fcber die Pro- und Contra-Argumente und zeigen, wohin die Reise gehen kann: <\/p>\n<p>Was muss getan werden? Zukunftsszenarien und 10-Punkte-Plan f\u00fcr Politik und Verwaltung<\/p>\n<p>Roboter-Taxis, autonome Busse und selbstfahrende LKWs<\/p>\n<p>  Fahrerassistenzsysteme und Apps wie Android Auto, \u00d6PNV on Demand mit selbstfahrenden Bussen und Teststrecken f\u00fcr LKWs ohne Fahrer: Die Mobilit\u00e4t der Zukunft entsteht jetzt, vor unseren Augen. Doch wie wird sie unser Leben ver\u00e4ndern und welche regulatorischen Aufgaben kommen auf die Politik zu? Welche Konsequenzen hat das alles f\u00fcr den klassischen und neuen Player der deutschen und weltweiten Automobilindustrie? <\/p>\n<p> <\/p>\n<p>                                             Von der Marke   <\/p>\n<p>                                              <img decoding=\"async\" alt=\"\" src=\"https:\/\/images-na.ssl-images-amazon.com\/images\/G\/01\/x-locale\/common\/grey-pixel.gif\" class=\"a-lazy-loaded\" data-src=\"https:\/\/m.media-amazon.com\/images\/S\/aplus-media-library-service-media\/ff71817d-a0fd-480d-b3bc-16e53c90cd33.__CR0,0,1464,625_PT0_SX1464_V1___.png\"><img decoding=\"async\" alt=\"\" src=\"https:\/\/m.media-amazon.com\/images\/S\/aplus-media-library-service-media\/ff71817d-a0fd-480d-b3bc-16e53c90cd33.__CR0,0,1464,625_PT0_SX1464_V1___.png\">  <\/p>\n<h3>  Weitere B\u00fccher aus dem Verlag: <\/h3>\n<h3>  Aus dem Haus der FAZ <\/h3>\n<h3>  Aus Politik &#038; Gesellschaft <\/h3>\n<h3>  Aus Business &#038; Karriere <\/h3>\n<h3>  Aus Wirtschaft &#038; Finanzen <\/h3>\n<p>                                              <img decoding=\"async\" alt=\"\" src=\"https:\/\/images-na.ssl-images-amazon.com\/images\/G\/01\/x-locale\/common\/grey-pixel.gif\" class=\"a-lazy-loaded\" data-src=\"https:\/\/m.media-amazon.com\/images\/S\/aplus-media-library-service-media\/459440f3-b6a3-47dc-a935-4ba1c9266973.__CR0,43,1443,664_PT0_SX315_V1___.png\"><img decoding=\"async\" alt=\"\" src=\"https:\/\/m.media-amazon.com\/images\/S\/aplus-media-library-service-media\/459440f3-b6a3-47dc-a935-4ba1c9266973.__CR0,43,1443,664_PT0_SX315_V1___.png\">  <\/p>\n<p>  \u201eFrankfurter Allgemeines Buch\u201c ist der Buchverlag der Frankfurter Allgemeinen Zeitung und Teil der Verlagsagentur fazit. <\/p>\n<p>  Wir verlegen Sach- und Fachb\u00fccher, Ratgeber und Corporate Books in den Themenfeldern Wirtschaft &#038; Finanzen, Politik &#038; Gesellschaft und Business &#038; Erfolg. <\/p>\n<p>  ASIN \u200f : \u200e 3962510044       <br \/> Herausgeber \u200f : \u200e Frankfurter Allgemeine Buch       <br \/> Erscheinungsdatum \u200f : \u200e 8. Okt. 2018       <br \/> Auflage \u200f : \u200e 1       <br \/> Sprache \u200f : \u200e Deutsch   <br \/> Druckl\u00e4nge \u200f : \u200e 352 Seiten       <br \/> ISBN-10 \u200f : \u200e 9783962510046       <br \/> ISBN-13 \u200f : \u200e 978-3962510046       <br \/> Abmessungen \u200f : \u200e 15,6 x 3,4 x 22,3 cm       <br \/>       Bestseller-Rang: 538.158 in B\u00fcchern (siehe Top 100 in B\u00fcchern), 162 in Control Engineering (B\u00fccher), 208 in Electronics &#038; Communications, Robotics, 436 in Engineering General      <br \/>  Kundenrezensionen: 4,5 4,5 von 5 Sternen (16) var dpAcrHasRegisteredArcLinkClickAction; P.when(&#8218;A&#8216;, &#8218;ready&#8216;).execute(function(A) { if (dpAcrHasRegisteredArcLinkClickAction !== true) { dpAcrHasRegisteredArcLinkClickAction = true; A.declarative( &#8218;acrLink-click-metrics&#8216;, &#8218;click&#8216;, { &#8222;allowLinkDefault&#8220;: true }, function (event) { if (window.ue) { ue.count(&#8222;acrLinkClickCount&#8220;, (ue.count(&#8222;acrLinkClickCount&#8220;) || 0) + 1 } } }); P.when(&#8218;A&#8216;, &#8218;cf&#8216;).execute(function(A) { A.declarative(&#8218;acrStarsLink-click-metrics&#8216;, &#8218;click&#8216;, { &#8222;allowLinkDefault&#8220; : true }, function(event){ if(window.ue) { ue.count(&#8222;acrStarsLinkWithPopoverClickCount&#8220;, (ue.count(&#8222;acrStarsLinkWithPopoverClickCount&#8220;) || 0) + 1); } }); });                          <br \/>[ad_2]<\/p>\n","protected":false},"excerpt":{"rendered":"<p>Autonomes Fahren die Mobilit\u00e4t der Zukunft? Unsere St\u00e4dte ersticken am Verkehr, die Autobahnen sind \u00fcberf\u00fcllt. Ob Stadt oder Land: Die Prognosen zum Verkehrsaufkommen verhei\u00dfen nichts Gutes. Die Frage, wie wir in Zukunft mobil sein wollen, muss dringend beantwortet werden. Andreas Herrmann und Walter Brenner haben das erste umfassende Fachbuch zum Thema Autonomes Fahren geschrieben. Sie [&hellip;]<\/p>\n","protected":false},"featured_media":4803,"comment_status":"open","ping_status":"closed","template":"","meta":{"_aipt_faq_data":""},"store":[],"product_brand":[],"product_cat":[106],"product_tag":[214],"class_list":{"0":"post-4802","1":"product","2":"type-product","3":"status-publish","4":"has-post-thumbnail","6":"product_cat-autonome-mobile-roboter","7":"product_tag-autonome-mobile-roboter-industrie","9":"first","10":"instock","11":"shipping-taxable","12":"product-type-external"},"yoast_head":"<!-- This site is optimized with the Yoast SEO plugin v27.4 - https:\/\/yoast.com\/product\/yoast-seo-wordpress\/ -->\n<title>Die autonome Revolution: Wie selbstfahrende Autos unsere Welt erobern: Nachhaltige Verkehrsentwicklung durch autonomes Fahren: das m\u00fcssen Automobil-industrie und Politik jetzt tun - EasyLifeBro<\/title>\n<meta name=\"description\" content=\"Entdecken Sie smarte Roboter f\u00fcr Zuhause, Garten, Bildung und Sicherheit. Vergleichen Sie Saugroboter, Rasenm\u00e4hroboter, KI-Begleitroboter und mehr bei EasyLifeRobo.\" \/>\n<meta name=\"robots\" content=\"index, follow, max-snippet:-1, max-image-preview:large, max-video-preview:-1\" \/>\n<link rel=\"canonical\" href=\"https:\/\/easyliferobo.com\/de\/product\/die-autonome-revolution-wie-selbstfahrende-autos-unsere-welt-erobern-nachhaltige-verkehrsentwicklung-durch-autonomes-fahren-das-muessen-automobil-industrie-und-politik-jetzt-tun\/\" \/>\n<meta property=\"og:locale\" content=\"de_DE\" \/>\n<meta property=\"og:type\" content=\"article\" \/>\n<meta property=\"og:title\" content=\"Die autonome Revolution: Wie selbstfahrende Autos unsere Welt erobern: Nachhaltige Verkehrsentwicklung durch autonomes Fahren: das m\u00fcssen Automobil-industrie und Politik jetzt tun - EasyLifeBro\" \/>\n<meta property=\"og:description\" content=\"Entdecken Sie smarte Roboter f\u00fcr Zuhause, Garten, Bildung und Sicherheit. Vergleichen Sie Saugroboter, Rasenm\u00e4hroboter, KI-Begleitroboter und mehr bei EasyLifeRobo.\" \/>\n<meta property=\"og:url\" content=\"https:\/\/easyliferobo.com\/de\/product\/die-autonome-revolution-wie-selbstfahrende-autos-unsere-welt-erobern-nachhaltige-verkehrsentwicklung-durch-autonomes-fahren-das-muessen-automobil-industrie-und-politik-jetzt-tun\/\" \/>\n<meta property=\"og:site_name\" content=\"EasyLifeBro\" \/>\n<meta property=\"article:modified_time\" content=\"2026-02-27T14:19:01+00:00\" \/>\n<meta property=\"og:image\" content=\"https:\/\/images-na.ssl-images-amazon.com\/images\/G\/01\/x-locale\/common\/grey-pixel.gif\" \/>\n<meta name=\"twitter:card\" content=\"summary_large_image\" \/>\n<meta name=\"twitter:label1\" content=\"Gesch\u00e4tzte Lesezeit\" \/>\n\t<meta name=\"twitter:data1\" content=\"2\u00a0Minuten\" \/>\n<script type=\"application\/ld+json\" class=\"yoast-schema-graph\">{\"@context\":\"https:\\\/\\\/schema.org\",\"@graph\":[{\"@type\":\"WebPage\",\"@id\":\"https:\\\/\\\/easyliferobo.com\\\/de\\\/product\\\/die-autonome-revolution-wie-selbstfahrende-autos-unsere-welt-erobern-nachhaltige-verkehrsentwicklung-durch-autonomes-fahren-das-muessen-automobil-industrie-und-politik-jetzt-tun\\\/\",\"url\":\"https:\\\/\\\/easyliferobo.com\\\/de\\\/product\\\/die-autonome-revolution-wie-selbstfahrende-autos-unsere-welt-erobern-nachhaltige-verkehrsentwicklung-durch-autonomes-fahren-das-muessen-automobil-industrie-und-politik-jetzt-tun\\\/\",\"name\":\"Die autonome Revolution: Wie selbstfahrende Autos unsere Welt erobern: Nachhaltige Verkehrsentwicklung durch autonomes Fahren: das m\u00fcssen Automobil-industrie und Politik jetzt tun - EasyLifeBro\",\"isPartOf\":{\"@id\":\"https:\\\/\\\/easyliferobo.com\\\/de\\\/#website\"},\"primaryImageOfPage\":{\"@id\":\"https:\\\/\\\/easyliferobo.com\\\/de\\\/product\\\/die-autonome-revolution-wie-selbstfahrende-autos-unsere-welt-erobern-nachhaltige-verkehrsentwicklung-durch-autonomes-fahren-das-muessen-automobil-industrie-und-politik-jetzt-tun\\\/#primaryimage\"},\"image\":{\"@id\":\"https:\\\/\\\/easyliferobo.com\\\/de\\\/product\\\/die-autonome-revolution-wie-selbstfahrende-autos-unsere-welt-erobern-nachhaltige-verkehrsentwicklung-durch-autonomes-fahren-das-muessen-automobil-industrie-und-politik-jetzt-tun\\\/#primaryimage\"},\"thumbnailUrl\":\"https:\\\/\\\/easyliferobo.com\\\/de\\\/wp-content\\\/uploads\\\/2026\\\/02\\\/715rXxrdUL._SL1500_.jpg\",\"datePublished\":\"2026-02-27T14:18:57+00:00\",\"dateModified\":\"2026-02-27T14:19:01+00:00\",\"description\":\"Entdecken Sie smarte Roboter f\u00fcr Zuhause, Garten, Bildung und Sicherheit. Vergleichen Sie Saugroboter, Rasenm\u00e4hroboter, KI-Begleitroboter und mehr bei EasyLifeRobo.\",\"breadcrumb\":{\"@id\":\"https:\\\/\\\/easyliferobo.com\\\/de\\\/product\\\/die-autonome-revolution-wie-selbstfahrende-autos-unsere-welt-erobern-nachhaltige-verkehrsentwicklung-durch-autonomes-fahren-das-muessen-automobil-industrie-und-politik-jetzt-tun\\\/#breadcrumb\"},\"inLanguage\":\"de\",\"potentialAction\":[{\"@type\":\"ReadAction\",\"target\":[\"https:\\\/\\\/easyliferobo.com\\\/de\\\/product\\\/die-autonome-revolution-wie-selbstfahrende-autos-unsere-welt-erobern-nachhaltige-verkehrsentwicklung-durch-autonomes-fahren-das-muessen-automobil-industrie-und-politik-jetzt-tun\\\/\"]}]},{\"@type\":\"ImageObject\",\"inLanguage\":\"de\",\"@id\":\"https:\\\/\\\/easyliferobo.com\\\/de\\\/product\\\/die-autonome-revolution-wie-selbstfahrende-autos-unsere-welt-erobern-nachhaltige-verkehrsentwicklung-durch-autonomes-fahren-das-muessen-automobil-industrie-und-politik-jetzt-tun\\\/#primaryimage\",\"url\":\"https:\\\/\\\/easyliferobo.com\\\/de\\\/wp-content\\\/uploads\\\/2026\\\/02\\\/715rXxrdUL._SL1500_.jpg\",\"contentUrl\":\"https:\\\/\\\/easyliferobo.com\\\/de\\\/wp-content\\\/uploads\\\/2026\\\/02\\\/715rXxrdUL._SL1500_.jpg\",\"width\":1032,\"height\":1500},{\"@type\":\"BreadcrumbList\",\"@id\":\"https:\\\/\\\/easyliferobo.com\\\/de\\\/product\\\/die-autonome-revolution-wie-selbstfahrende-autos-unsere-welt-erobern-nachhaltige-verkehrsentwicklung-durch-autonomes-fahren-das-muessen-automobil-industrie-und-politik-jetzt-tun\\\/#breadcrumb\",\"itemListElement\":[{\"@type\":\"ListItem\",\"position\":1,\"name\":\"Home\",\"item\":\"https:\\\/\\\/easyliferobo.com\\\/de\\\/\"},{\"@type\":\"ListItem\",\"position\":2,\"name\":\"Shop\",\"item\":\"https:\\\/\\\/easyliferobo.com\\\/de\\\/shop\\\/\"},{\"@type\":\"ListItem\",\"position\":3,\"name\":\"Die autonome Revolution: Wie selbst...\"}]},{\"@type\":\"WebSite\",\"@id\":\"https:\\\/\\\/easyliferobo.com\\\/de\\\/#website\",\"url\":\"https:\\\/\\\/easyliferobo.com\\\/de\\\/\",\"name\":\"EasyLifeBro\",\"description\":\"Smarte Roboter f\u00fcr Zuhause, Garten &amp; Bildung\",\"publisher\":{\"@id\":\"https:\\\/\\\/easyliferobo.com\\\/de\\\/#organization\"},\"potentialAction\":[{\"@type\":\"SearchAction\",\"target\":{\"@type\":\"EntryPoint\",\"urlTemplate\":\"https:\\\/\\\/easyliferobo.com\\\/de\\\/?s={search_term_string}\"},\"query-input\":{\"@type\":\"PropertyValueSpecification\",\"valueRequired\":true,\"valueName\":\"search_term_string\"}}],\"inLanguage\":\"de\"},{\"@type\":\"Organization\",\"@id\":\"https:\\\/\\\/easyliferobo.com\\\/de\\\/#organization\",\"name\":\"EasyLifeBro\",\"url\":\"https:\\\/\\\/easyliferobo.com\\\/de\\\/\",\"logo\":{\"@type\":\"ImageObject\",\"inLanguage\":\"de\",\"@id\":\"https:\\\/\\\/easyliferobo.com\\\/de\\\/#\\\/schema\\\/logo\\\/image\\\/\",\"url\":\"https:\\\/\\\/easyliferobo.com\\\/de\\\/wp-content\\\/uploads\\\/2026\\\/02\\\/Screenshot-2026-02-22-at-2.25.03-PM.png\",\"contentUrl\":\"https:\\\/\\\/easyliferobo.com\\\/de\\\/wp-content\\\/uploads\\\/2026\\\/02\\\/Screenshot-2026-02-22-at-2.25.03-PM.png\",\"width\":1858,\"height\":430,\"caption\":\"EasyLifeBro\"},\"image\":{\"@id\":\"https:\\\/\\\/easyliferobo.com\\\/de\\\/#\\\/schema\\\/logo\\\/image\\\/\"}}]}<\/script>\n<!-- \/ Yoast SEO plugin. -->","yoast_head_json":{"title":"Die autonome Revolution: Wie selbstfahrende Autos unsere Welt erobern: Nachhaltige Verkehrsentwicklung durch autonomes Fahren: das m\u00fcssen Automobil-industrie und Politik jetzt tun - EasyLifeBro","description":"Entdecken Sie smarte Roboter f\u00fcr Zuhause, Garten, Bildung und Sicherheit. Vergleichen Sie Saugroboter, Rasenm\u00e4hroboter, KI-Begleitroboter und mehr bei EasyLifeRobo.","robots":{"index":"index","follow":"follow","max-snippet":"max-snippet:-1","max-image-preview":"max-image-preview:large","max-video-preview":"max-video-preview:-1"},"canonical":"https:\/\/easyliferobo.com\/de\/product\/die-autonome-revolution-wie-selbstfahrende-autos-unsere-welt-erobern-nachhaltige-verkehrsentwicklung-durch-autonomes-fahren-das-muessen-automobil-industrie-und-politik-jetzt-tun\/","og_locale":"de_DE","og_type":"article","og_title":"Die autonome Revolution: Wie selbstfahrende Autos unsere Welt erobern: Nachhaltige Verkehrsentwicklung durch autonomes Fahren: das m\u00fcssen Automobil-industrie und Politik jetzt tun - EasyLifeBro","og_description":"Entdecken Sie smarte Roboter f\u00fcr Zuhause, Garten, Bildung und Sicherheit. Vergleichen Sie Saugroboter, Rasenm\u00e4hroboter, KI-Begleitroboter und mehr bei EasyLifeRobo.","og_url":"https:\/\/easyliferobo.com\/de\/product\/die-autonome-revolution-wie-selbstfahrende-autos-unsere-welt-erobern-nachhaltige-verkehrsentwicklung-durch-autonomes-fahren-das-muessen-automobil-industrie-und-politik-jetzt-tun\/","og_site_name":"EasyLifeBro","article_modified_time":"2026-02-27T14:19:01+00:00","og_image":[{"url":"https:\/\/images-na.ssl-images-amazon.com\/images\/G\/01\/x-locale\/common\/grey-pixel.gif","type":"","width":"","height":""}],"twitter_card":"summary_large_image","twitter_misc":{"Gesch\u00e4tzte Lesezeit":"2\u00a0Minuten"},"schema":{"@context":"https:\/\/schema.org","@graph":[{"@type":"WebPage","@id":"https:\/\/easyliferobo.com\/de\/product\/die-autonome-revolution-wie-selbstfahrende-autos-unsere-welt-erobern-nachhaltige-verkehrsentwicklung-durch-autonomes-fahren-das-muessen-automobil-industrie-und-politik-jetzt-tun\/","url":"https:\/\/easyliferobo.com\/de\/product\/die-autonome-revolution-wie-selbstfahrende-autos-unsere-welt-erobern-nachhaltige-verkehrsentwicklung-durch-autonomes-fahren-das-muessen-automobil-industrie-und-politik-jetzt-tun\/","name":"Die autonome Revolution: Wie selbstfahrende Autos unsere Welt erobern: Nachhaltige Verkehrsentwicklung durch autonomes Fahren: das m\u00fcssen Automobil-industrie und Politik jetzt tun - EasyLifeBro","isPartOf":{"@id":"https:\/\/easyliferobo.com\/de\/#website"},"primaryImageOfPage":{"@id":"https:\/\/easyliferobo.com\/de\/product\/die-autonome-revolution-wie-selbstfahrende-autos-unsere-welt-erobern-nachhaltige-verkehrsentwicklung-durch-autonomes-fahren-das-muessen-automobil-industrie-und-politik-jetzt-tun\/#primaryimage"},"image":{"@id":"https:\/\/easyliferobo.com\/de\/product\/die-autonome-revolution-wie-selbstfahrende-autos-unsere-welt-erobern-nachhaltige-verkehrsentwicklung-durch-autonomes-fahren-das-muessen-automobil-industrie-und-politik-jetzt-tun\/#primaryimage"},"thumbnailUrl":"https:\/\/easyliferobo.com\/de\/wp-content\/uploads\/2026\/02\/715rXxrdUL._SL1500_.jpg","datePublished":"2026-02-27T14:18:57+00:00","dateModified":"2026-02-27T14:19:01+00:00","description":"Entdecken Sie smarte Roboter f\u00fcr Zuhause, Garten, Bildung und Sicherheit. Vergleichen Sie Saugroboter, Rasenm\u00e4hroboter, KI-Begleitroboter und mehr bei EasyLifeRobo.","breadcrumb":{"@id":"https:\/\/easyliferobo.com\/de\/product\/die-autonome-revolution-wie-selbstfahrende-autos-unsere-welt-erobern-nachhaltige-verkehrsentwicklung-durch-autonomes-fahren-das-muessen-automobil-industrie-und-politik-jetzt-tun\/#breadcrumb"},"inLanguage":"de","potentialAction":[{"@type":"ReadAction","target":["https:\/\/easyliferobo.com\/de\/product\/die-autonome-revolution-wie-selbstfahrende-autos-unsere-welt-erobern-nachhaltige-verkehrsentwicklung-durch-autonomes-fahren-das-muessen-automobil-industrie-und-politik-jetzt-tun\/"]}]},{"@type":"ImageObject","inLanguage":"de","@id":"https:\/\/easyliferobo.com\/de\/product\/die-autonome-revolution-wie-selbstfahrende-autos-unsere-welt-erobern-nachhaltige-verkehrsentwicklung-durch-autonomes-fahren-das-muessen-automobil-industrie-und-politik-jetzt-tun\/#primaryimage","url":"https:\/\/easyliferobo.com\/de\/wp-content\/uploads\/2026\/02\/715rXxrdUL._SL1500_.jpg","contentUrl":"https:\/\/easyliferobo.com\/de\/wp-content\/uploads\/2026\/02\/715rXxrdUL._SL1500_.jpg","width":1032,"height":1500},{"@type":"BreadcrumbList","@id":"https:\/\/easyliferobo.com\/de\/product\/die-autonome-revolution-wie-selbstfahrende-autos-unsere-welt-erobern-nachhaltige-verkehrsentwicklung-durch-autonomes-fahren-das-muessen-automobil-industrie-und-politik-jetzt-tun\/#breadcrumb","itemListElement":[{"@type":"ListItem","position":1,"name":"Home","item":"https:\/\/easyliferobo.com\/de\/"},{"@type":"ListItem","position":2,"name":"Shop","item":"https:\/\/easyliferobo.com\/de\/shop\/"},{"@type":"ListItem","position":3,"name":"Die autonome Revolution: Wie selbst..."}]},{"@type":"WebSite","@id":"https:\/\/easyliferobo.com\/de\/#website","url":"https:\/\/easyliferobo.com\/de\/","name":"EasyLifeBro","description":"Smarte Roboter f\u00fcr Zuhause, Garten &amp; Bildung","publisher":{"@id":"https:\/\/easyliferobo.com\/de\/#organization"},"potentialAction":[{"@type":"SearchAction","target":{"@type":"EntryPoint","urlTemplate":"https:\/\/easyliferobo.com\/de\/?s={search_term_string}"},"query-input":{"@type":"PropertyValueSpecification","valueRequired":true,"valueName":"search_term_string"}}],"inLanguage":"de"},{"@type":"Organization","@id":"https:\/\/easyliferobo.com\/de\/#organization","name":"EasyLifeBro","url":"https:\/\/easyliferobo.com\/de\/","logo":{"@type":"ImageObject","inLanguage":"de","@id":"https:\/\/easyliferobo.com\/de\/#\/schema\/logo\/image\/","url":"https:\/\/easyliferobo.com\/de\/wp-content\/uploads\/2026\/02\/Screenshot-2026-02-22-at-2.25.03-PM.png","contentUrl":"https:\/\/easyliferobo.com\/de\/wp-content\/uploads\/2026\/02\/Screenshot-2026-02-22-at-2.25.03-PM.png","width":1858,"height":430,"caption":"EasyLifeBro"},"image":{"@id":"https:\/\/easyliferobo.com\/de\/#\/schema\/logo\/image\/"}}]}},"_links":{"self":[{"href":"https:\/\/easyliferobo.com\/de\/wp-json\/wp\/v2\/product\/4802","targetHints":{"allow":["GET"]}}],"collection":[{"href":"https:\/\/easyliferobo.com\/de\/wp-json\/wp\/v2\/product"}],"about":[{"href":"https:\/\/easyliferobo.com\/de\/wp-json\/wp\/v2\/types\/product"}],"replies":[{"embeddable":true,"href":"https:\/\/easyliferobo.com\/de\/wp-json\/wp\/v2\/comments?post=4802"}],"wp:featuredmedia":[{"embeddable":true,"href":"https:\/\/easyliferobo.com\/de\/wp-json\/wp\/v2\/media\/4803"}],"wp:attachment":[{"href":"https:\/\/easyliferobo.com\/de\/wp-json\/wp\/v2\/media?parent=4802"}],"wp:term":[{"taxonomy":"store","embeddable":true,"href":"https:\/\/easyliferobo.com\/de\/wp-json\/wp\/v2\/store?post=4802"},{"taxonomy":"product_brand","embeddable":true,"href":"https:\/\/easyliferobo.com\/de\/wp-json\/wp\/v2\/product_brand?post=4802"},{"taxonomy":"product_cat","embeddable":true,"href":"https:\/\/easyliferobo.com\/de\/wp-json\/wp\/v2\/product_cat?post=4802"},{"taxonomy":"product_tag","embeddable":true,"href":"https:\/\/easyliferobo.com\/de\/wp-json\/wp\/v2\/product_tag?post=4802"}],"curies":[{"name":"wp","href":"https:\/\/api.w.org\/{rel}","templated":true}]}}