
{"id":4794,"date":"2026-02-27T14:17:00","date_gmt":"2026-02-27T14:17:00","guid":{"rendered":"https:\/\/easyliferobo.com\/de\/product\/bone-strong-ergaenzungsfuttermittel-fuer-pferde-zur-gezielten-versorgung-von-knochen-und-knorpelstrukturen-mit-calcium-mangan-vitamin-k-vom-tierarzt-entwickelt\/"},"modified":"2026-02-27T14:17:14","modified_gmt":"2026-02-27T14:17:14","slug":"bone-strong-ergaenzungsfuttermittel-fuer-pferde-zur-gezielten-versorgung-von-knochen-und-knorpelstrukturen-mit-calcium-mangan-vitamin-k-vom-tierarzt-entwickelt","status":"publish","type":"product","link":"https:\/\/easyliferobo.com\/de\/product\/bone-strong-ergaenzungsfuttermittel-fuer-pferde-zur-gezielten-versorgung-von-knochen-und-knorpelstrukturen-mit-calcium-mangan-vitamin-k-vom-tierarzt-entwickelt\/","title":{"rendered":"Bone Strong \u2013 Erg\u00e4nzungsfuttermi..."},"content":{"rendered":"<p>\n                                             Produktbeschreibung   <\/p>\n<p>                                                                             <img decoding=\"async\" alt=\"Alpurial, Gelenkfit, Erg\u00e4nzungsfuttermittel Pferd, Gelenke, Pferd, Muskeln\" src=\"https:\/\/images-na.ssl-images-amazon.com\/images\/G\/01\/x-locale\/common\/grey-pixel.gif\" class=\"a-spacing-base a-lazy-loaded\" data-src=\"https:\/\/m.media-amazon.com\/images\/S\/aplus-media\/sc\/f28f5c8c-055f-4b68-b4d8-fcafef8b5d38.__CR0,0,970,600_PT0_SX970_V1___.jpg\"><img decoding=\"async\" alt=\"Alpurial, Gelenkfit, Erg\u00e4nzungsfuttermittel Pferd, Gelenke, Pferd, Muskeln\" src=\"https:\/\/m.media-amazon.com\/images\/S\/aplus-media\/sc\/f28f5c8c-055f-4b68-b4d8-fcafef8b5d38.__CR0,0,970,600_PT0_SX970_V1___.jpg\">                                                                     <\/p>\n<p class=\"a-spacing-base\">  Alpurial Bone Strong bietet eine ausgewogene Mischung aus Spurenelementen, Proteinen und Vitaminen, um die Knochen und umliegenden Strukturen optimal zu unterst\u00fctzen. Calcium, Mangan und Vitamin K sowie weitere wichtige Inhaltsstoffe unterst\u00fctzen die Knochen und Knorpel Ihres Pferdes ganzheitlich von innen heraus. Mit starkem Knochen k\u00f6nnen sowohl Pferde mit Knochenproblemen als auch Pferde im Wachstum gef\u00fcttert werden. <\/p>\n<p>                                                  <img decoding=\"async\" alt=\"Alpurial\" src=\"https:\/\/images-na.ssl-images-amazon.com\/images\/G\/01\/x-locale\/common\/grey-pixel.gif\" class=\"a-lazy-loaded\" data-src=\"https:\/\/m.media-amazon.com\/images\/S\/aplus-media-library-service-media\/62815ed5-d5ae-45b2-b4de-1622a09a8665.__CR0,0,1200,1200_PT0_SX300_V1___.png\"><img decoding=\"async\" alt=\"Alpurial\" src=\"https:\/\/m.media-amazon.com\/images\/S\/aplus-media-library-service-media\/62815ed5-d5ae-45b2-b4de-1622a09a8665.__CR0,0,1200,1200_PT0_SX300_V1___.png\">  <\/p>\n<h3 class=\"a-spacing-mini\">  Starke Knochen <\/h3>\n<p>  Unterst\u00fctzt die Knochen des Pferdes. Wegen Knochensch\u00e4den gef\u00fcttert. Kann stehenden Pferden im Wachstum gef\u00fcttert werden. Unterst\u00fctzt den Knochenstoffwechsel des Pferdes. Unterst\u00fctzt die Z\u00e4hne des Pferdes <\/p>\n<p class=\"apm-text-center\">\n                                                      <img decoding=\"async\" alt=\"Alpurial, hergestellt in Deutschland, hergestellt in Deutschland\" src=\"https:\/\/images-na.ssl-images-amazon.com\/images\/G\/01\/x-locale\/common\/grey-pixel.gif\" class=\"a-lazy-loaded\" data-src=\"https:\/\/m.media-amazon.com\/images\/S\/aplus-media\/sc\/9642baae-f834-47ee-b9c2-8e5d6d1ca8d5.__CR0,0,220,220_PT0_SX220_V1___.jpg\"><img decoding=\"async\" alt=\"Alpurial, hergestellt in Deutschland, hergestellt in Deutschland\" src=\"https:\/\/m.media-amazon.com\/images\/S\/aplus-media\/sc\/9642baae-f834-47ee-b9c2-8e5d6d1ca8d5.__CR0,0,220,220_PT0_SX220_V1___.jpg\">  <\/p>\n<p>                                                    Hergestellt in Deutschland                                    <\/p>\n<p class=\"apm-text-center\">\n                                                      <img decoding=\"async\" alt=\"Nat\u00fcrliche Inhaltsstoffe\" src=\"https:\/\/images-na.ssl-images-amazon.com\/images\/G\/01\/x-locale\/common\/grey-pixel.gif\" class=\"a-lazy-loaded\" data-src=\"https:\/\/m.media-amazon.com\/images\/S\/aplus-media\/sc\/9e815d16-5ae7-47dd-9fc2-4c9d956d603e.__CR0,0,220,220_PT0_SX220_V1___.jpg\"><img decoding=\"async\" alt=\"Nat\u00fcrliche Inhaltsstoffe\" src=\"https:\/\/m.media-amazon.com\/images\/S\/aplus-media\/sc\/9e815d16-5ae7-47dd-9fc2-4c9d956d603e.__CR0,0,220,220_PT0_SX220_V1___.jpg\">  <\/p>\n<p>                                                    Hochwertige Zutaten                                       <\/p>\n<p class=\"apm-text-center\">\n                                                      <img decoding=\"async\" alt=\"Alpurial, von Tier\u00e4rzten entwickelt\" src=\"https:\/\/images-na.ssl-images-amazon.com\/images\/G\/01\/x-locale\/common\/grey-pixel.gif\" class=\"a-lazy-loaded\" data-src=\"https:\/\/m.media-amazon.com\/images\/S\/aplus-media\/sc\/b7b7c11f-dcbd-45dd-9899-27800d5ad305.__CR0,0,220,220_PT0_SX220_V1___.jpg\"><img decoding=\"async\" alt=\"Alpurial, von Tier\u00e4rzten entwickelt\" src=\"https:\/\/m.media-amazon.com\/images\/S\/aplus-media\/sc\/b7b7c11f-dcbd-45dd-9899-27800d5ad305.__CR0,0,220,220_PT0_SX220_V1___.jpg\">  <\/p>\n<p>                                                    Vom Tierarzt empfohlen                                    <\/p>\n<p class=\"apm-text-center\">\n                                                      <img decoding=\"async\" alt=\"Alpurial, von Reiter f\u00fcr Reiter\" src=\"https:\/\/images-na.ssl-images-amazon.com\/images\/G\/01\/x-locale\/common\/grey-pixel.gif\" class=\"a-lazy-loaded\" data-src=\"https:\/\/m.media-amazon.com\/images\/S\/aplus-media\/sc\/f2f0a123-72b3-4056-bab1-6ed356f0c3c5.__CR0,0,220,220_PT0_SX220_V1___.jpg\"><img decoding=\"async\" alt=\"Alpurial, von Reiter f\u00fcr Reiter\" src=\"https:\/\/m.media-amazon.com\/images\/S\/aplus-media\/sc\/f2f0a123-72b3-4056-bab1-6ed356f0c3c5.__CR0,0,220,220_PT0_SX220_V1___.jpg\">  <\/p>\n<p>                                                    Von Reiter f\u00fcr Reiter                                    <\/p>\n<p>                                                  <img decoding=\"async\" alt=\"Alpurial, Gelenkfit, Erg\u00e4nzungsfuttermittel Pferd, Gelenke, Pferd, Muskeln\" src=\"https:\/\/images-na.ssl-images-amazon.com\/images\/G\/01\/x-locale\/common\/grey-pixel.gif\" class=\"a-lazy-loaded\" data-src=\"https:\/\/m.media-amazon.com\/images\/S\/aplus-media\/sc\/0103df64-0a4d-454e-a26b-cbf94780b32c.__CR0,0,1940,600_PT0_SX970_V1___.png\"><img decoding=\"async\" alt=\"Alpurial, Gelenkfit, Erg\u00e4nzungsfuttermittel Pferd, Gelenke, Pferd, Muskeln\" src=\"https:\/\/m.media-amazon.com\/images\/S\/aplus-media\/sc\/0103df64-0a4d-454e-a26b-cbf94780b32c.__CR0,0,1940,600_PT0_SX970_V1___.png\">  <\/p>\n<p>  Zutaten: <\/p>\n<p>  Calciumchlorid spielt eine wichtige Rolle bei der Funktion von Zellmembranen, der Blutgerinnung und der Nervenfunktion. Das Skelett des Pferdes dient als Speicher f\u00fcr Kalzium, das f\u00fcr starke Knochen elementar ist. Methylsulfonylmethan, kurz MSM, ist eine biologisch aktive, organische Schwefelverbindung. Dies hilft dem K\u00f6rper des Pferdes, zerst\u00f6rte Gewebestrukturen und Zellen wiederherzustellen. Es ist auch im Weidegras enthalten und erm\u00f6glicht dem Pferd eine schmerzfreie Bewegung. Magnesiumchlorid ist eines der wichtigsten Elektrolyte f\u00fcr Pferde und beeinflusst die Nerven und den Geist der Pferde. Mangan ist als Spurenelement f\u00fcr seine entscheidende Rolle bei der Knorpelbildung bekannt. Es ist verantwortlich f\u00fcr eine elastische Knorpelstruktur und ein stabiles Bindegewebe. L-Arginin ist ein wichtiger chemischer Baustein, der dem K\u00f6rper die Produktion von Proteinen erm\u00f6glicht. Der Baustein unterst\u00fctzt eine bessere Durchblutung sowie die Stimulation von Wachstumshormonen, Insulin und anderen Substanzen im K\u00f6rper. L-Lysin-Monohydrochlorid ist wichtig f\u00fcr die Zellteilung und das Zellwachstum. Es ist eines der wichtigsten Proteine, das insbesondere f\u00fcr den Muskelstoffwechsel wichtig ist. Vitamin B6 ist f\u00fcr eine optimale Funktion des Hautstoffwechsels unverzichtbar. Es ist am Aminos\u00e4ure- und Fetts\u00e4urestoffwechsel beteiligt. Vitamin K, ein fettl\u00f6sliches Vitamin, soll zu einer normalen Funktion der Blutgerinnung beitragen. Dar\u00fcber hinaus wird Vitamin K nachgesagt, dass davon die Aktivit\u00e4t eines Enzyms zur Regulierung der Knochenmineralisierung abh\u00e4ngt. Zink geh\u00f6rt zu den Spurenelementen und ist am Zellwachstum und der Vorbeugung von Hautproblemen beteiligt. Zink beeinflusst Wachstum, Struktur und Qualit\u00e4t von Horn, Haut und Fell. Ein Mangel an Zink kann sich durch glanzloses Fell, Schuppen, Probleme beim Fellwechsel, verz\u00f6gerte Wundheilungsprozesse und ein geschw\u00e4chtes Immunsystem \u00e4u\u00dfern. <\/p>\n<p>                                                         <img decoding=\"async\" alt=\"Alpurial nur Original\" src=\"https:\/\/images-na.ssl-images-amazon.com\/images\/G\/01\/x-locale\/common\/grey-pixel.gif\" class=\"a-lazy-loaded\" data-src=\"https:\/\/m.media-amazon.com\/images\/S\/aplus-media\/sc\/d036cf9f-a45c-462c-95ac-f835551bd4ab.__CR0,0,600,180_PT0_SX600_V1___.png\"><img decoding=\"async\" alt=\"Alpurial nur Original\" src=\"https:\/\/m.media-amazon.com\/images\/S\/aplus-media\/sc\/d036cf9f-a45c-462c-95ac-f835551bd4ab.__CR0,0,600,180_PT0_SX600_V1___.png\">      <\/p>\n<p>\u2713 Mit Kalzium, Mangan und Vitamin K zur Unterst\u00fctzung der Versorgung von Knochen und Knorpelstrukturen. Ideal zur Erg\u00e4nzungsf\u00fctterung bei erh\u00f6htem N\u00e4hrstoffbedarf im Bewegungsapparat<br \/>\u2713 Zur Erg\u00e4nzungsf\u00fctterung bei erh\u00f6htem Bedarf an Strukturmaterialien. Geeignet f\u00fcr Wachstums-, Trainings- oder \u00e4ltere Pferde<br \/>\u2713 Geeignet f\u00fcr Pferde aller Alters- und Leistungsklassen, vom Jungpferd bis zum Senior \u2013 ideal auch bei sportlicher Belastung<br \/>\u2713 Hohe N\u00e4hrstoffdichte f\u00fcr eine ausgewogene Tagesversorgung ohne Weizen und Zucker<br \/>ADMR-konform \u2013 dopingfreie Nutzung. F\u00fcr Turnierpferde geeignet &#8211; ohne Urlaubspause einsetzbar<br \/>ADMR-konform: Die Zusammensetzung ist ADMR-konform und somit dopingfrei. Einem Einsatz beim Turnier steht also nichts im Wege.<\/p>\n<p>[ad_2]<\/p>\n","protected":false},"excerpt":{"rendered":"<p>Produktbeschreibung Alpurial Bone Strong bietet eine ausgewogene Mischung aus Spurenelementen, Proteinen und Vitaminen, um die Knochen und umliegenden Strukturen optimal zu unterst\u00fctzen. Calcium, Mangan und Vitamin K sowie weitere wichtige Inhaltsstoffe unterst\u00fctzen die Knochen und Knorpel Ihres Pferdes ganzheitlich von innen heraus. Mit starkem Knochen k\u00f6nnen sowohl Pferde mit Knochenproblemen als auch Pferde im Wachstum [&hellip;]<\/p>\n","protected":false},"featured_media":4795,"comment_status":"open","ping_status":"closed","template":"","meta":{"_aipt_faq_data":""},"store":[],"product_brand":[464],"product_cat":[108],"product_tag":[463],"class_list":{"0":"post-4794","1":"product","2":"type-product","3":"status-publish","4":"has-post-thumbnail","6":"product_brand-alpurial","7":"product_cat-rehabilitationsroboter","8":"product_tag-rehabilitationsroboter-gelenkreha","10":"first","11":"instock","12":"shipping-taxable","13":"product-type-external"},"yoast_head":"<!-- This site is optimized with the Yoast SEO plugin v27.4 - https:\/\/yoast.com\/product\/yoast-seo-wordpress\/ -->\n<title>Bone Strong \u2013 Erg\u00e4nzungsfuttermittel f\u00fcr Pferde zur gezielten Versorgung von Knochen- und Knorpelstrukturen \u2013 mit Calcium, Mangan &amp; Vitamin K \u2013 vom Tierarzt entwickelt - EasyLifeBro<\/title>\n<meta name=\"description\" content=\"Entdecken Sie smarte Roboter f\u00fcr Zuhause, Garten, Bildung und Sicherheit. Vergleichen Sie Saugroboter, Rasenm\u00e4hroboter, KI-Begleitroboter und mehr bei EasyLifeRobo.\" \/>\n<meta name=\"robots\" content=\"index, follow, max-snippet:-1, max-image-preview:large, max-video-preview:-1\" \/>\n<link rel=\"canonical\" href=\"https:\/\/easyliferobo.com\/de\/product\/bone-strong-ergaenzungsfuttermittel-fuer-pferde-zur-gezielten-versorgung-von-knochen-und-knorpelstrukturen-mit-calcium-mangan-vitamin-k-vom-tierarzt-entwickelt\/\" \/>\n<meta property=\"og:locale\" content=\"de_DE\" \/>\n<meta property=\"og:type\" content=\"article\" \/>\n<meta property=\"og:title\" content=\"Bone Strong \u2013 Erg\u00e4nzungsfuttermittel f\u00fcr Pferde zur gezielten Versorgung von Knochen- und Knorpelstrukturen \u2013 mit Calcium, Mangan &amp; Vitamin K \u2013 vom Tierarzt entwickelt - EasyLifeBro\" \/>\n<meta property=\"og:description\" content=\"Entdecken Sie smarte Roboter f\u00fcr Zuhause, Garten, Bildung und Sicherheit. Vergleichen Sie Saugroboter, Rasenm\u00e4hroboter, KI-Begleitroboter und mehr bei EasyLifeRobo.\" \/>\n<meta property=\"og:url\" content=\"https:\/\/easyliferobo.com\/de\/product\/bone-strong-ergaenzungsfuttermittel-fuer-pferde-zur-gezielten-versorgung-von-knochen-und-knorpelstrukturen-mit-calcium-mangan-vitamin-k-vom-tierarzt-entwickelt\/\" \/>\n<meta property=\"og:site_name\" content=\"EasyLifeBro\" \/>\n<meta property=\"article:modified_time\" content=\"2026-02-27T14:17:14+00:00\" \/>\n<meta property=\"og:image\" content=\"https:\/\/images-na.ssl-images-amazon.com\/images\/G\/01\/x-locale\/common\/grey-pixel.gif\" \/>\n<meta name=\"twitter:card\" content=\"summary_large_image\" \/>\n<meta name=\"twitter:label1\" content=\"Gesch\u00e4tzte Lesezeit\" \/>\n\t<meta name=\"twitter:data1\" content=\"2\u00a0Minuten\" \/>\n<script type=\"application\/ld+json\" class=\"yoast-schema-graph\">{\"@context\":\"https:\\\/\\\/schema.org\",\"@graph\":[{\"@type\":\"WebPage\",\"@id\":\"https:\\\/\\\/easyliferobo.com\\\/de\\\/product\\\/bone-strong-ergaenzungsfuttermittel-fuer-pferde-zur-gezielten-versorgung-von-knochen-und-knorpelstrukturen-mit-calcium-mangan-vitamin-k-vom-tierarzt-entwickelt\\\/\",\"url\":\"https:\\\/\\\/easyliferobo.com\\\/de\\\/product\\\/bone-strong-ergaenzungsfuttermittel-fuer-pferde-zur-gezielten-versorgung-von-knochen-und-knorpelstrukturen-mit-calcium-mangan-vitamin-k-vom-tierarzt-entwickelt\\\/\",\"name\":\"Bone Strong \u2013 Erg\u00e4nzungsfuttermittel f\u00fcr Pferde zur gezielten Versorgung von Knochen- und Knorpelstrukturen \u2013 mit Calcium, Mangan & Vitamin K \u2013 vom Tierarzt entwickelt - EasyLifeBro\",\"isPartOf\":{\"@id\":\"https:\\\/\\\/easyliferobo.com\\\/de\\\/#website\"},\"primaryImageOfPage\":{\"@id\":\"https:\\\/\\\/easyliferobo.com\\\/de\\\/product\\\/bone-strong-ergaenzungsfuttermittel-fuer-pferde-zur-gezielten-versorgung-von-knochen-und-knorpelstrukturen-mit-calcium-mangan-vitamin-k-vom-tierarzt-entwickelt\\\/#primaryimage\"},\"image\":{\"@id\":\"https:\\\/\\\/easyliferobo.com\\\/de\\\/product\\\/bone-strong-ergaenzungsfuttermittel-fuer-pferde-zur-gezielten-versorgung-von-knochen-und-knorpelstrukturen-mit-calcium-mangan-vitamin-k-vom-tierarzt-entwickelt\\\/#primaryimage\"},\"thumbnailUrl\":\"https:\\\/\\\/easyliferobo.com\\\/de\\\/wp-content\\\/uploads\\\/2026\\\/02\\\/51GJZPER5AL._AC_SL1200_.jpg\",\"datePublished\":\"2026-02-27T14:17:00+00:00\",\"dateModified\":\"2026-02-27T14:17:14+00:00\",\"description\":\"Entdecken Sie smarte Roboter f\u00fcr Zuhause, Garten, Bildung und Sicherheit. Vergleichen Sie Saugroboter, Rasenm\u00e4hroboter, KI-Begleitroboter und mehr bei EasyLifeRobo.\",\"breadcrumb\":{\"@id\":\"https:\\\/\\\/easyliferobo.com\\\/de\\\/product\\\/bone-strong-ergaenzungsfuttermittel-fuer-pferde-zur-gezielten-versorgung-von-knochen-und-knorpelstrukturen-mit-calcium-mangan-vitamin-k-vom-tierarzt-entwickelt\\\/#breadcrumb\"},\"inLanguage\":\"de\",\"potentialAction\":[{\"@type\":\"ReadAction\",\"target\":[\"https:\\\/\\\/easyliferobo.com\\\/de\\\/product\\\/bone-strong-ergaenzungsfuttermittel-fuer-pferde-zur-gezielten-versorgung-von-knochen-und-knorpelstrukturen-mit-calcium-mangan-vitamin-k-vom-tierarzt-entwickelt\\\/\"]}]},{\"@type\":\"ImageObject\",\"inLanguage\":\"de\",\"@id\":\"https:\\\/\\\/easyliferobo.com\\\/de\\\/product\\\/bone-strong-ergaenzungsfuttermittel-fuer-pferde-zur-gezielten-versorgung-von-knochen-und-knorpelstrukturen-mit-calcium-mangan-vitamin-k-vom-tierarzt-entwickelt\\\/#primaryimage\",\"url\":\"https:\\\/\\\/easyliferobo.com\\\/de\\\/wp-content\\\/uploads\\\/2026\\\/02\\\/51GJZPER5AL._AC_SL1200_.jpg\",\"contentUrl\":\"https:\\\/\\\/easyliferobo.com\\\/de\\\/wp-content\\\/uploads\\\/2026\\\/02\\\/51GJZPER5AL._AC_SL1200_.jpg\",\"width\":513,\"height\":1039},{\"@type\":\"BreadcrumbList\",\"@id\":\"https:\\\/\\\/easyliferobo.com\\\/de\\\/product\\\/bone-strong-ergaenzungsfuttermittel-fuer-pferde-zur-gezielten-versorgung-von-knochen-und-knorpelstrukturen-mit-calcium-mangan-vitamin-k-vom-tierarzt-entwickelt\\\/#breadcrumb\",\"itemListElement\":[{\"@type\":\"ListItem\",\"position\":1,\"name\":\"Home\",\"item\":\"https:\\\/\\\/easyliferobo.com\\\/de\\\/\"},{\"@type\":\"ListItem\",\"position\":2,\"name\":\"Shop\",\"item\":\"https:\\\/\\\/easyliferobo.com\\\/de\\\/shop\\\/\"},{\"@type\":\"ListItem\",\"position\":3,\"name\":\"Bone Strong \u2013 Erg\u00e4nzungsfuttermi...\"}]},{\"@type\":\"WebSite\",\"@id\":\"https:\\\/\\\/easyliferobo.com\\\/de\\\/#website\",\"url\":\"https:\\\/\\\/easyliferobo.com\\\/de\\\/\",\"name\":\"EasyLifeBro\",\"description\":\"Smarte Roboter f\u00fcr Zuhause, Garten &amp; Bildung\",\"publisher\":{\"@id\":\"https:\\\/\\\/easyliferobo.com\\\/de\\\/#organization\"},\"potentialAction\":[{\"@type\":\"SearchAction\",\"target\":{\"@type\":\"EntryPoint\",\"urlTemplate\":\"https:\\\/\\\/easyliferobo.com\\\/de\\\/?s={search_term_string}\"},\"query-input\":{\"@type\":\"PropertyValueSpecification\",\"valueRequired\":true,\"valueName\":\"search_term_string\"}}],\"inLanguage\":\"de\"},{\"@type\":\"Organization\",\"@id\":\"https:\\\/\\\/easyliferobo.com\\\/de\\\/#organization\",\"name\":\"EasyLifeBro\",\"url\":\"https:\\\/\\\/easyliferobo.com\\\/de\\\/\",\"logo\":{\"@type\":\"ImageObject\",\"inLanguage\":\"de\",\"@id\":\"https:\\\/\\\/easyliferobo.com\\\/de\\\/#\\\/schema\\\/logo\\\/image\\\/\",\"url\":\"https:\\\/\\\/easyliferobo.com\\\/de\\\/wp-content\\\/uploads\\\/2026\\\/02\\\/Screenshot-2026-02-22-at-2.25.03-PM.png\",\"contentUrl\":\"https:\\\/\\\/easyliferobo.com\\\/de\\\/wp-content\\\/uploads\\\/2026\\\/02\\\/Screenshot-2026-02-22-at-2.25.03-PM.png\",\"width\":1858,\"height\":430,\"caption\":\"EasyLifeBro\"},\"image\":{\"@id\":\"https:\\\/\\\/easyliferobo.com\\\/de\\\/#\\\/schema\\\/logo\\\/image\\\/\"}}]}<\/script>\n<!-- \/ Yoast SEO plugin. -->","yoast_head_json":{"title":"Bone Strong \u2013 Erg\u00e4nzungsfuttermittel f\u00fcr Pferde zur gezielten Versorgung von Knochen- und Knorpelstrukturen \u2013 mit Calcium, Mangan & Vitamin K \u2013 vom Tierarzt entwickelt - EasyLifeBro","description":"Entdecken Sie smarte Roboter f\u00fcr Zuhause, Garten, Bildung und Sicherheit. Vergleichen Sie Saugroboter, Rasenm\u00e4hroboter, KI-Begleitroboter und mehr bei EasyLifeRobo.","robots":{"index":"index","follow":"follow","max-snippet":"max-snippet:-1","max-image-preview":"max-image-preview:large","max-video-preview":"max-video-preview:-1"},"canonical":"https:\/\/easyliferobo.com\/de\/product\/bone-strong-ergaenzungsfuttermittel-fuer-pferde-zur-gezielten-versorgung-von-knochen-und-knorpelstrukturen-mit-calcium-mangan-vitamin-k-vom-tierarzt-entwickelt\/","og_locale":"de_DE","og_type":"article","og_title":"Bone Strong \u2013 Erg\u00e4nzungsfuttermittel f\u00fcr Pferde zur gezielten Versorgung von Knochen- und Knorpelstrukturen \u2013 mit Calcium, Mangan & Vitamin K \u2013 vom Tierarzt entwickelt - EasyLifeBro","og_description":"Entdecken Sie smarte Roboter f\u00fcr Zuhause, Garten, Bildung und Sicherheit. Vergleichen Sie Saugroboter, Rasenm\u00e4hroboter, KI-Begleitroboter und mehr bei EasyLifeRobo.","og_url":"https:\/\/easyliferobo.com\/de\/product\/bone-strong-ergaenzungsfuttermittel-fuer-pferde-zur-gezielten-versorgung-von-knochen-und-knorpelstrukturen-mit-calcium-mangan-vitamin-k-vom-tierarzt-entwickelt\/","og_site_name":"EasyLifeBro","article_modified_time":"2026-02-27T14:17:14+00:00","og_image":[{"url":"https:\/\/images-na.ssl-images-amazon.com\/images\/G\/01\/x-locale\/common\/grey-pixel.gif","type":"","width":"","height":""}],"twitter_card":"summary_large_image","twitter_misc":{"Gesch\u00e4tzte Lesezeit":"2\u00a0Minuten"},"schema":{"@context":"https:\/\/schema.org","@graph":[{"@type":"WebPage","@id":"https:\/\/easyliferobo.com\/de\/product\/bone-strong-ergaenzungsfuttermittel-fuer-pferde-zur-gezielten-versorgung-von-knochen-und-knorpelstrukturen-mit-calcium-mangan-vitamin-k-vom-tierarzt-entwickelt\/","url":"https:\/\/easyliferobo.com\/de\/product\/bone-strong-ergaenzungsfuttermittel-fuer-pferde-zur-gezielten-versorgung-von-knochen-und-knorpelstrukturen-mit-calcium-mangan-vitamin-k-vom-tierarzt-entwickelt\/","name":"Bone Strong \u2013 Erg\u00e4nzungsfuttermittel f\u00fcr Pferde zur gezielten Versorgung von Knochen- und Knorpelstrukturen \u2013 mit Calcium, Mangan & Vitamin K \u2013 vom Tierarzt entwickelt - EasyLifeBro","isPartOf":{"@id":"https:\/\/easyliferobo.com\/de\/#website"},"primaryImageOfPage":{"@id":"https:\/\/easyliferobo.com\/de\/product\/bone-strong-ergaenzungsfuttermittel-fuer-pferde-zur-gezielten-versorgung-von-knochen-und-knorpelstrukturen-mit-calcium-mangan-vitamin-k-vom-tierarzt-entwickelt\/#primaryimage"},"image":{"@id":"https:\/\/easyliferobo.com\/de\/product\/bone-strong-ergaenzungsfuttermittel-fuer-pferde-zur-gezielten-versorgung-von-knochen-und-knorpelstrukturen-mit-calcium-mangan-vitamin-k-vom-tierarzt-entwickelt\/#primaryimage"},"thumbnailUrl":"https:\/\/easyliferobo.com\/de\/wp-content\/uploads\/2026\/02\/51GJZPER5AL._AC_SL1200_.jpg","datePublished":"2026-02-27T14:17:00+00:00","dateModified":"2026-02-27T14:17:14+00:00","description":"Entdecken Sie smarte Roboter f\u00fcr Zuhause, Garten, Bildung und Sicherheit. Vergleichen Sie Saugroboter, Rasenm\u00e4hroboter, KI-Begleitroboter und mehr bei EasyLifeRobo.","breadcrumb":{"@id":"https:\/\/easyliferobo.com\/de\/product\/bone-strong-ergaenzungsfuttermittel-fuer-pferde-zur-gezielten-versorgung-von-knochen-und-knorpelstrukturen-mit-calcium-mangan-vitamin-k-vom-tierarzt-entwickelt\/#breadcrumb"},"inLanguage":"de","potentialAction":[{"@type":"ReadAction","target":["https:\/\/easyliferobo.com\/de\/product\/bone-strong-ergaenzungsfuttermittel-fuer-pferde-zur-gezielten-versorgung-von-knochen-und-knorpelstrukturen-mit-calcium-mangan-vitamin-k-vom-tierarzt-entwickelt\/"]}]},{"@type":"ImageObject","inLanguage":"de","@id":"https:\/\/easyliferobo.com\/de\/product\/bone-strong-ergaenzungsfuttermittel-fuer-pferde-zur-gezielten-versorgung-von-knochen-und-knorpelstrukturen-mit-calcium-mangan-vitamin-k-vom-tierarzt-entwickelt\/#primaryimage","url":"https:\/\/easyliferobo.com\/de\/wp-content\/uploads\/2026\/02\/51GJZPER5AL._AC_SL1200_.jpg","contentUrl":"https:\/\/easyliferobo.com\/de\/wp-content\/uploads\/2026\/02\/51GJZPER5AL._AC_SL1200_.jpg","width":513,"height":1039},{"@type":"BreadcrumbList","@id":"https:\/\/easyliferobo.com\/de\/product\/bone-strong-ergaenzungsfuttermittel-fuer-pferde-zur-gezielten-versorgung-von-knochen-und-knorpelstrukturen-mit-calcium-mangan-vitamin-k-vom-tierarzt-entwickelt\/#breadcrumb","itemListElement":[{"@type":"ListItem","position":1,"name":"Home","item":"https:\/\/easyliferobo.com\/de\/"},{"@type":"ListItem","position":2,"name":"Shop","item":"https:\/\/easyliferobo.com\/de\/shop\/"},{"@type":"ListItem","position":3,"name":"Bone Strong \u2013 Erg\u00e4nzungsfuttermi..."}]},{"@type":"WebSite","@id":"https:\/\/easyliferobo.com\/de\/#website","url":"https:\/\/easyliferobo.com\/de\/","name":"EasyLifeBro","description":"Smarte Roboter f\u00fcr Zuhause, Garten &amp; Bildung","publisher":{"@id":"https:\/\/easyliferobo.com\/de\/#organization"},"potentialAction":[{"@type":"SearchAction","target":{"@type":"EntryPoint","urlTemplate":"https:\/\/easyliferobo.com\/de\/?s={search_term_string}"},"query-input":{"@type":"PropertyValueSpecification","valueRequired":true,"valueName":"search_term_string"}}],"inLanguage":"de"},{"@type":"Organization","@id":"https:\/\/easyliferobo.com\/de\/#organization","name":"EasyLifeBro","url":"https:\/\/easyliferobo.com\/de\/","logo":{"@type":"ImageObject","inLanguage":"de","@id":"https:\/\/easyliferobo.com\/de\/#\/schema\/logo\/image\/","url":"https:\/\/easyliferobo.com\/de\/wp-content\/uploads\/2026\/02\/Screenshot-2026-02-22-at-2.25.03-PM.png","contentUrl":"https:\/\/easyliferobo.com\/de\/wp-content\/uploads\/2026\/02\/Screenshot-2026-02-22-at-2.25.03-PM.png","width":1858,"height":430,"caption":"EasyLifeBro"},"image":{"@id":"https:\/\/easyliferobo.com\/de\/#\/schema\/logo\/image\/"}}]}},"_links":{"self":[{"href":"https:\/\/easyliferobo.com\/de\/wp-json\/wp\/v2\/product\/4794","targetHints":{"allow":["GET"]}}],"collection":[{"href":"https:\/\/easyliferobo.com\/de\/wp-json\/wp\/v2\/product"}],"about":[{"href":"https:\/\/easyliferobo.com\/de\/wp-json\/wp\/v2\/types\/product"}],"replies":[{"embeddable":true,"href":"https:\/\/easyliferobo.com\/de\/wp-json\/wp\/v2\/comments?post=4794"}],"wp:featuredmedia":[{"embeddable":true,"href":"https:\/\/easyliferobo.com\/de\/wp-json\/wp\/v2\/media\/4795"}],"wp:attachment":[{"href":"https:\/\/easyliferobo.com\/de\/wp-json\/wp\/v2\/media?parent=4794"}],"wp:term":[{"taxonomy":"store","embeddable":true,"href":"https:\/\/easyliferobo.com\/de\/wp-json\/wp\/v2\/store?post=4794"},{"taxonomy":"product_brand","embeddable":true,"href":"https:\/\/easyliferobo.com\/de\/wp-json\/wp\/v2\/product_brand?post=4794"},{"taxonomy":"product_cat","embeddable":true,"href":"https:\/\/easyliferobo.com\/de\/wp-json\/wp\/v2\/product_cat?post=4794"},{"taxonomy":"product_tag","embeddable":true,"href":"https:\/\/easyliferobo.com\/de\/wp-json\/wp\/v2\/product_tag?post=4794"}],"curies":[{"name":"wp","href":"https:\/\/api.w.org\/{rel}","templated":true}]}}