
{"id":4785,"date":"2026-02-27T14:15:09","date_gmt":"2026-02-27T14:15:09","guid":{"rendered":"https:\/\/easyliferobo.com\/de\/product\/auvon-tens-geraet-wiederaufladbares-stimulationsgeraet-gegen-schmerzen-mit-24-trainingsprogrammen-2-kanaelen-und-10-stueck-2-x-2-zoll-premium-elektrodenpads-mit-patentiertem-design\/"},"modified":"2026-02-27T14:15:23","modified_gmt":"2026-02-27T14:15:23","slug":"auvon-tens-geraet-wiederaufladbares-stimulationsgeraet-gegen-schmerzen-mit-24-trainingsprogrammen-2-kanaelen-und-10-stueck-2-x-2-zoll-premium-elektrodenpads-mit-patentiertem-design","status":"publish","type":"product","link":"https:\/\/easyliferobo.com\/de\/product\/auvon-tens-geraet-wiederaufladbares-stimulationsgeraet-gegen-schmerzen-mit-24-trainingsprogrammen-2-kanaelen-und-10-stueck-2-x-2-zoll-premium-elektrodenpads-mit-patentiertem-design\/","title":{"rendered":"Auvon Tens-Ger\u00e4t, wiederaufladbare..."},"content":{"rendered":"<p>\n                                             Von der Marke   <\/p>\n<p>                                              <img decoding=\"async\" alt=\"AUVON\" src=\"https:\/\/images-na.ssl-images-amazon.com\/images\/G\/01\/x-locale\/common\/grey-pixel.gif\" class=\"a-lazy-loaded\" data-src=\"https:\/\/m.media-amazon.com\/images\/S\/aplus-media-library-service-media\/f14aca4b-66d2-4f22-bdfa-b1cf9742858e.__CR0,0,1464,625_PT0_SX1464_V1___.jpg\"><img decoding=\"async\" alt=\"AUVON\" src=\"https:\/\/m.media-amazon.com\/images\/S\/aplus-media-library-service-media\/f14aca4b-66d2-4f22-bdfa-b1cf9742858e.__CR0,0,1464,625_PT0_SX1464_V1___.jpg\">  <\/p>\n<p>                                              <img decoding=\"async\" alt=\"AUVON\" src=\"https:\/\/images-na.ssl-images-amazon.com\/images\/G\/01\/x-locale\/common\/grey-pixel.gif\" class=\"a-lazy-loaded\" data-src=\"https:\/\/m.media-amazon.com\/images\/S\/aplus-media-library-service-media\/48528574-2d2a-4fa4-aa68-5fd274f719a2.__CR0,0,362,453_PT0_SX362_V1___.jpg\"><img decoding=\"async\" alt=\"AUVON\" src=\"https:\/\/m.media-amazon.com\/images\/S\/aplus-media-library-service-media\/48528574-2d2a-4fa4-aa68-5fd274f719a2.__CR0,0,362,453_PT0_SX362_V1___.jpg\">  <\/p>\n<p>                                              <img decoding=\"async\" alt=\"AUVON\" src=\"https:\/\/images-na.ssl-images-amazon.com\/images\/G\/01\/x-locale\/common\/grey-pixel.gif\" class=\"a-lazy-loaded\" data-src=\"https:\/\/m.media-amazon.com\/images\/S\/aplus-media-library-service-media\/4f220d06-d29f-45be-a70e-2bc5785851c8.__CR0,0,362,453_PT0_SX362_V1___.jpg\"><img decoding=\"async\" alt=\"AUVON\" src=\"https:\/\/m.media-amazon.com\/images\/S\/aplus-media-library-service-media\/4f220d06-d29f-45be-a70e-2bc5785851c8.__CR0,0,362,453_PT0_SX362_V1___.jpg\">  <\/p>\n<h3>  Produkt <\/h3>\n<p>                                              <img decoding=\"async\" alt=\"AUVON\" src=\"https:\/\/images-na.ssl-images-amazon.com\/images\/G\/01\/x-locale\/common\/grey-pixel.gif\" class=\"a-lazy-loaded\" data-src=\"https:\/\/m.media-amazon.com\/images\/S\/aplus-media-library-service-media\/a5217fab-a3d2-43d2-b03d-e8bac69fe798.__CR0,0,362,453_PT0_SX362_V1___.jpg\"><img decoding=\"async\" alt=\"AUVON\" src=\"https:\/\/m.media-amazon.com\/images\/S\/aplus-media-library-service-media\/a5217fab-a3d2-43d2-b03d-e8bac69fe798.__CR0,0,362,453_PT0_SX362_V1___.jpg\">  <\/p>\n<p>  Batterien \u200f : \u200e 1 Lithium-Ionen-Batterie erforderlich. (im Lieferumfang enthalten)   <br \/> Verpackungsabmessungen: 14,9 x 9,4 x 7,4 cm; 330 g   <br \/> Hersteller \u200f : \u200e AUVON   <br \/> ASIN \u200f : \u200e B082B6X8GX   <br \/> Artikelmodellnummer \u200f : \u200e AS1080   <br \/> Herkunftsland \u200f : \u200e China   <br \/>  Kundenrezensionen: 4,6 4,6 von 5 Sternen (3.839) var dpAcrHasRegisteredArcLinkClickAction; P.when(&#8218;A&#8216;, &#8218;ready&#8216;).execute(function(A) { if (dpAcrHasRegisteredArcLinkClickAction !== true) { dpAcrHasRegisteredArcLinkClickAction = true; A.declarative( &#8218;acrLink-click-metrics&#8216;, &#8218;click&#8216;, { &#8222;allowLinkDefault&#8220;: true }, function (event) { if (window.ue) { ue.count(&#8222;acrLinkClickCount&#8220;, (ue.count(&#8222;acrLinkClickCount&#8220;) || 0) + 1 } } }); P.when(&#8218;A&#8216;, &#8218;cf&#8216;).execute(function(A) { A.declarative(&#8218;acrStarsLink-click-metrics&#8216;, &#8218;click&#8216;, { &#8222;allowLinkDefault&#8220; : true }, function(event){ if(window.ue) { ue.count(&#8222;acrStarsLinkWithPopoverClickCount&#8220;, (ue.count(&#8222;acrStarsLinkWithPopoverClickCount&#8220;) || 0) + 1); } }); });                          <br \/>Professionelles Zehnerger\u00e4t. Das wiederaufladbare Tens Ems-Ger\u00e4t von Auvon kann die sensorischen Nerven und Muskeln stimulieren, den spezifischen nat\u00fcrlichen Schmerztormechanismus aktivieren, Ihren K\u00f6rper entspannen und Schmerzen lindern, wann immer Sie es brauchen.<br \/>Industriell f\u00fchrende Elektrodenpads. Das feste Gel mit geringem Widerstand wurde zum branchenf\u00fchrenden amerikanischen Klebstoff aufgewertet, der eine l\u00e4ngere Lebensdauer bis zu maximal 45 Anwendungen und eine hervorragende Selbstklebeleistung bei einfacher Reinigung bietet. Es kann auch recht einfach sein, kompatible Elektroden (2 mm Pigtail Tens Unit Pads) auf dem Markt zu finden.<br \/>Zehnger\u00e4t zur Schmerztherapie mit 24 Modi. Das elektronische Massageger\u00e4t Auvon Tens Ems verf\u00fcgt \u00fcber bis zu 24 benutzerfreundliche vorprogrammierte Massagemodi und einstellbares Timing. Dies macht die Verwendung wesentlich einfacher als bei anderen herk\u00f6mmlichen Elektrotherapieger\u00e4ten, bei denen Sie m\u00f6glicherweise die Pulsfrequenz und die Dauer jedes Pulses manuell anpassen m\u00fcssen. (Die Auswahl der 24 Untermodi erfolgt unter den 6 Massagemodi)<br \/>Wiederaufladbarer Lithium-Akku. Keine Angst mehr vor einer Unterbrechung der Behandlung mit leeren AA-Batterien. Sie k\u00f6nnen bis zu 10 Stunden lang ununterbrochen verwendet werden. Die Betriebsanzeige informiert Sie \u00fcber die verbleibende Akkulaufzeit. (Schalten Sie das Tens-Ger\u00e4t zuerst ein und laden Sie es dann mit dem mitgelieferten Ladeger\u00e4t auf. Vollst\u00e4ndig aufgeladen in 1 Stunde)<br \/>Was Sie erhalten: 1 x Auvon Tens-Muskelstimulationsger\u00e4t, 10 x Tens-Elektrodenpads, 2 x Verbindungskabel (1\/2 Draht), 1 x Pads-Halter, 1 x USB-Kabel, 1 x Tasche, 1 x mehrsprachige Bedienungsanleitung.<\/p>\n<p>[ad_2]<\/p>\n","protected":false},"excerpt":{"rendered":"<p>Von der Marke Produkt Batterien \u200f : \u200e 1 Lithium-Ionen-Batterie erforderlich. (im Lieferumfang enthalten) Verpackungsabmessungen: 14,9 x 9,4 x 7,4 cm; 330 g Hersteller \u200f : \u200e AUVON ASIN \u200f : \u200e B082B6X8GX Artikelmodellnummer \u200f : \u200e AS1080 Herkunftsland \u200f : \u200e China Kundenrezensionen: 4,6 4,6 von 5 Sternen (3.839) var dpAcrHasRegisteredArcLinkClickAction; P.when(&#8218;A&#8216;, &#8218;ready&#8216;).execute(function(A) { [&hellip;]<\/p>\n","protected":false},"featured_media":4786,"comment_status":"open","ping_status":"closed","template":"","meta":{"_aipt_faq_data":""},"store":[],"product_brand":[],"product_cat":[109],"product_tag":[313],"class_list":{"0":"post-4785","1":"product","2":"type-product","3":"status-publish","4":"has-post-thumbnail","6":"product_cat-therapieroboter","7":"product_tag-therapieroboter-rehabilitation-zuhause","9":"first","10":"instock","11":"sale","12":"shipping-taxable","13":"product-type-external"},"yoast_head":"<!-- This site is optimized with the Yoast SEO plugin v27.4 - https:\/\/yoast.com\/product\/yoast-seo-wordpress\/ -->\n<title>Auvon Tens-Ger\u00e4t, wiederaufladbares Stimulationsger\u00e4t gegen Schmerzen mit 24 Trainingsprogrammen, 2 Kan\u00e4len und 10 St\u00fcck 2 x 2 Zoll Premium-Elektrodenpads mit patentiertem Design - EasyLifeBro<\/title>\n<meta name=\"description\" content=\"Entdecken Sie smarte Roboter f\u00fcr Zuhause, Garten, Bildung und Sicherheit. Vergleichen Sie Saugroboter, Rasenm\u00e4hroboter, KI-Begleitroboter und mehr bei EasyLifeRobo.\" \/>\n<meta name=\"robots\" content=\"index, follow, max-snippet:-1, max-image-preview:large, max-video-preview:-1\" \/>\n<link rel=\"canonical\" href=\"https:\/\/easyliferobo.com\/de\/product\/auvon-tens-geraet-wiederaufladbares-stimulationsgeraet-gegen-schmerzen-mit-24-trainingsprogrammen-2-kanaelen-und-10-stueck-2-x-2-zoll-premium-elektrodenpads-mit-patentiertem-design\/\" \/>\n<meta property=\"og:locale\" content=\"de_DE\" \/>\n<meta property=\"og:type\" content=\"article\" \/>\n<meta property=\"og:title\" content=\"Auvon Tens-Ger\u00e4t, wiederaufladbares Stimulationsger\u00e4t gegen Schmerzen mit 24 Trainingsprogrammen, 2 Kan\u00e4len und 10 St\u00fcck 2 x 2 Zoll Premium-Elektrodenpads mit patentiertem Design - EasyLifeBro\" \/>\n<meta property=\"og:description\" content=\"Entdecken Sie smarte Roboter f\u00fcr Zuhause, Garten, Bildung und Sicherheit. Vergleichen Sie Saugroboter, Rasenm\u00e4hroboter, KI-Begleitroboter und mehr bei EasyLifeRobo.\" \/>\n<meta property=\"og:url\" content=\"https:\/\/easyliferobo.com\/de\/product\/auvon-tens-geraet-wiederaufladbares-stimulationsgeraet-gegen-schmerzen-mit-24-trainingsprogrammen-2-kanaelen-und-10-stueck-2-x-2-zoll-premium-elektrodenpads-mit-patentiertem-design\/\" \/>\n<meta property=\"og:site_name\" content=\"EasyLifeBro\" \/>\n<meta property=\"article:modified_time\" content=\"2026-02-27T14:15:23+00:00\" \/>\n<meta property=\"og:image\" content=\"https:\/\/images-na.ssl-images-amazon.com\/images\/G\/01\/x-locale\/common\/grey-pixel.gif\" \/>\n<meta name=\"twitter:card\" content=\"summary_large_image\" \/>\n<meta name=\"twitter:label1\" content=\"Gesch\u00e4tzte Lesezeit\" \/>\n\t<meta name=\"twitter:data1\" content=\"2\u00a0Minuten\" \/>\n<script type=\"application\/ld+json\" class=\"yoast-schema-graph\">{\"@context\":\"https:\\\/\\\/schema.org\",\"@graph\":[{\"@type\":\"WebPage\",\"@id\":\"https:\\\/\\\/easyliferobo.com\\\/de\\\/product\\\/auvon-tens-geraet-wiederaufladbares-stimulationsgeraet-gegen-schmerzen-mit-24-trainingsprogrammen-2-kanaelen-und-10-stueck-2-x-2-zoll-premium-elektrodenpads-mit-patentiertem-design\\\/\",\"url\":\"https:\\\/\\\/easyliferobo.com\\\/de\\\/product\\\/auvon-tens-geraet-wiederaufladbares-stimulationsgeraet-gegen-schmerzen-mit-24-trainingsprogrammen-2-kanaelen-und-10-stueck-2-x-2-zoll-premium-elektrodenpads-mit-patentiertem-design\\\/\",\"name\":\"Auvon Tens-Ger\u00e4t, wiederaufladbares Stimulationsger\u00e4t gegen Schmerzen mit 24 Trainingsprogrammen, 2 Kan\u00e4len und 10 St\u00fcck 2 x 2 Zoll Premium-Elektrodenpads mit patentiertem Design - EasyLifeBro\",\"isPartOf\":{\"@id\":\"https:\\\/\\\/easyliferobo.com\\\/de\\\/#website\"},\"primaryImageOfPage\":{\"@id\":\"https:\\\/\\\/easyliferobo.com\\\/de\\\/product\\\/auvon-tens-geraet-wiederaufladbares-stimulationsgeraet-gegen-schmerzen-mit-24-trainingsprogrammen-2-kanaelen-und-10-stueck-2-x-2-zoll-premium-elektrodenpads-mit-patentiertem-design\\\/#primaryimage\"},\"image\":{\"@id\":\"https:\\\/\\\/easyliferobo.com\\\/de\\\/product\\\/auvon-tens-geraet-wiederaufladbares-stimulationsgeraet-gegen-schmerzen-mit-24-trainingsprogrammen-2-kanaelen-und-10-stueck-2-x-2-zoll-premium-elektrodenpads-mit-patentiertem-design\\\/#primaryimage\"},\"thumbnailUrl\":\"https:\\\/\\\/easyliferobo.com\\\/de\\\/wp-content\\\/uploads\\\/2026\\\/02\\\/71dxJMAnX0L._AC_SL1500_.jpg\",\"datePublished\":\"2026-02-27T14:15:09+00:00\",\"dateModified\":\"2026-02-27T14:15:23+00:00\",\"description\":\"Entdecken Sie smarte Roboter f\u00fcr Zuhause, Garten, Bildung und Sicherheit. Vergleichen Sie Saugroboter, Rasenm\u00e4hroboter, KI-Begleitroboter und mehr bei EasyLifeRobo.\",\"breadcrumb\":{\"@id\":\"https:\\\/\\\/easyliferobo.com\\\/de\\\/product\\\/auvon-tens-geraet-wiederaufladbares-stimulationsgeraet-gegen-schmerzen-mit-24-trainingsprogrammen-2-kanaelen-und-10-stueck-2-x-2-zoll-premium-elektrodenpads-mit-patentiertem-design\\\/#breadcrumb\"},\"inLanguage\":\"de\",\"potentialAction\":[{\"@type\":\"ReadAction\",\"target\":[\"https:\\\/\\\/easyliferobo.com\\\/de\\\/product\\\/auvon-tens-geraet-wiederaufladbares-stimulationsgeraet-gegen-schmerzen-mit-24-trainingsprogrammen-2-kanaelen-und-10-stueck-2-x-2-zoll-premium-elektrodenpads-mit-patentiertem-design\\\/\"]}]},{\"@type\":\"ImageObject\",\"inLanguage\":\"de\",\"@id\":\"https:\\\/\\\/easyliferobo.com\\\/de\\\/product\\\/auvon-tens-geraet-wiederaufladbares-stimulationsgeraet-gegen-schmerzen-mit-24-trainingsprogrammen-2-kanaelen-und-10-stueck-2-x-2-zoll-premium-elektrodenpads-mit-patentiertem-design\\\/#primaryimage\",\"url\":\"https:\\\/\\\/easyliferobo.com\\\/de\\\/wp-content\\\/uploads\\\/2026\\\/02\\\/71dxJMAnX0L._AC_SL1500_.jpg\",\"contentUrl\":\"https:\\\/\\\/easyliferobo.com\\\/de\\\/wp-content\\\/uploads\\\/2026\\\/02\\\/71dxJMAnX0L._AC_SL1500_.jpg\",\"width\":1495,\"height\":1434},{\"@type\":\"BreadcrumbList\",\"@id\":\"https:\\\/\\\/easyliferobo.com\\\/de\\\/product\\\/auvon-tens-geraet-wiederaufladbares-stimulationsgeraet-gegen-schmerzen-mit-24-trainingsprogrammen-2-kanaelen-und-10-stueck-2-x-2-zoll-premium-elektrodenpads-mit-patentiertem-design\\\/#breadcrumb\",\"itemListElement\":[{\"@type\":\"ListItem\",\"position\":1,\"name\":\"Home\",\"item\":\"https:\\\/\\\/easyliferobo.com\\\/de\\\/\"},{\"@type\":\"ListItem\",\"position\":2,\"name\":\"Shop\",\"item\":\"https:\\\/\\\/easyliferobo.com\\\/de\\\/shop\\\/\"},{\"@type\":\"ListItem\",\"position\":3,\"name\":\"Auvon Tens-Ger\u00e4t, wiederaufladbare...\"}]},{\"@type\":\"WebSite\",\"@id\":\"https:\\\/\\\/easyliferobo.com\\\/de\\\/#website\",\"url\":\"https:\\\/\\\/easyliferobo.com\\\/de\\\/\",\"name\":\"EasyLifeBro\",\"description\":\"Smarte Roboter f\u00fcr Zuhause, Garten &amp; Bildung\",\"publisher\":{\"@id\":\"https:\\\/\\\/easyliferobo.com\\\/de\\\/#organization\"},\"potentialAction\":[{\"@type\":\"SearchAction\",\"target\":{\"@type\":\"EntryPoint\",\"urlTemplate\":\"https:\\\/\\\/easyliferobo.com\\\/de\\\/?s={search_term_string}\"},\"query-input\":{\"@type\":\"PropertyValueSpecification\",\"valueRequired\":true,\"valueName\":\"search_term_string\"}}],\"inLanguage\":\"de\"},{\"@type\":\"Organization\",\"@id\":\"https:\\\/\\\/easyliferobo.com\\\/de\\\/#organization\",\"name\":\"EasyLifeBro\",\"url\":\"https:\\\/\\\/easyliferobo.com\\\/de\\\/\",\"logo\":{\"@type\":\"ImageObject\",\"inLanguage\":\"de\",\"@id\":\"https:\\\/\\\/easyliferobo.com\\\/de\\\/#\\\/schema\\\/logo\\\/image\\\/\",\"url\":\"https:\\\/\\\/easyliferobo.com\\\/de\\\/wp-content\\\/uploads\\\/2026\\\/02\\\/Screenshot-2026-02-22-at-2.25.03-PM.png\",\"contentUrl\":\"https:\\\/\\\/easyliferobo.com\\\/de\\\/wp-content\\\/uploads\\\/2026\\\/02\\\/Screenshot-2026-02-22-at-2.25.03-PM.png\",\"width\":1858,\"height\":430,\"caption\":\"EasyLifeBro\"},\"image\":{\"@id\":\"https:\\\/\\\/easyliferobo.com\\\/de\\\/#\\\/schema\\\/logo\\\/image\\\/\"}}]}<\/script>\n<!-- \/ Yoast SEO plugin. -->","yoast_head_json":{"title":"Auvon Tens-Ger\u00e4t, wiederaufladbares Stimulationsger\u00e4t gegen Schmerzen mit 24 Trainingsprogrammen, 2 Kan\u00e4len und 10 St\u00fcck 2 x 2 Zoll Premium-Elektrodenpads mit patentiertem Design - EasyLifeBro","description":"Entdecken Sie smarte Roboter f\u00fcr Zuhause, Garten, Bildung und Sicherheit. Vergleichen Sie Saugroboter, Rasenm\u00e4hroboter, KI-Begleitroboter und mehr bei EasyLifeRobo.","robots":{"index":"index","follow":"follow","max-snippet":"max-snippet:-1","max-image-preview":"max-image-preview:large","max-video-preview":"max-video-preview:-1"},"canonical":"https:\/\/easyliferobo.com\/de\/product\/auvon-tens-geraet-wiederaufladbares-stimulationsgeraet-gegen-schmerzen-mit-24-trainingsprogrammen-2-kanaelen-und-10-stueck-2-x-2-zoll-premium-elektrodenpads-mit-patentiertem-design\/","og_locale":"de_DE","og_type":"article","og_title":"Auvon Tens-Ger\u00e4t, wiederaufladbares Stimulationsger\u00e4t gegen Schmerzen mit 24 Trainingsprogrammen, 2 Kan\u00e4len und 10 St\u00fcck 2 x 2 Zoll Premium-Elektrodenpads mit patentiertem Design - EasyLifeBro","og_description":"Entdecken Sie smarte Roboter f\u00fcr Zuhause, Garten, Bildung und Sicherheit. Vergleichen Sie Saugroboter, Rasenm\u00e4hroboter, KI-Begleitroboter und mehr bei EasyLifeRobo.","og_url":"https:\/\/easyliferobo.com\/de\/product\/auvon-tens-geraet-wiederaufladbares-stimulationsgeraet-gegen-schmerzen-mit-24-trainingsprogrammen-2-kanaelen-und-10-stueck-2-x-2-zoll-premium-elektrodenpads-mit-patentiertem-design\/","og_site_name":"EasyLifeBro","article_modified_time":"2026-02-27T14:15:23+00:00","og_image":[{"url":"https:\/\/images-na.ssl-images-amazon.com\/images\/G\/01\/x-locale\/common\/grey-pixel.gif","type":"","width":"","height":""}],"twitter_card":"summary_large_image","twitter_misc":{"Gesch\u00e4tzte Lesezeit":"2\u00a0Minuten"},"schema":{"@context":"https:\/\/schema.org","@graph":[{"@type":"WebPage","@id":"https:\/\/easyliferobo.com\/de\/product\/auvon-tens-geraet-wiederaufladbares-stimulationsgeraet-gegen-schmerzen-mit-24-trainingsprogrammen-2-kanaelen-und-10-stueck-2-x-2-zoll-premium-elektrodenpads-mit-patentiertem-design\/","url":"https:\/\/easyliferobo.com\/de\/product\/auvon-tens-geraet-wiederaufladbares-stimulationsgeraet-gegen-schmerzen-mit-24-trainingsprogrammen-2-kanaelen-und-10-stueck-2-x-2-zoll-premium-elektrodenpads-mit-patentiertem-design\/","name":"Auvon Tens-Ger\u00e4t, wiederaufladbares Stimulationsger\u00e4t gegen Schmerzen mit 24 Trainingsprogrammen, 2 Kan\u00e4len und 10 St\u00fcck 2 x 2 Zoll Premium-Elektrodenpads mit patentiertem Design - EasyLifeBro","isPartOf":{"@id":"https:\/\/easyliferobo.com\/de\/#website"},"primaryImageOfPage":{"@id":"https:\/\/easyliferobo.com\/de\/product\/auvon-tens-geraet-wiederaufladbares-stimulationsgeraet-gegen-schmerzen-mit-24-trainingsprogrammen-2-kanaelen-und-10-stueck-2-x-2-zoll-premium-elektrodenpads-mit-patentiertem-design\/#primaryimage"},"image":{"@id":"https:\/\/easyliferobo.com\/de\/product\/auvon-tens-geraet-wiederaufladbares-stimulationsgeraet-gegen-schmerzen-mit-24-trainingsprogrammen-2-kanaelen-und-10-stueck-2-x-2-zoll-premium-elektrodenpads-mit-patentiertem-design\/#primaryimage"},"thumbnailUrl":"https:\/\/easyliferobo.com\/de\/wp-content\/uploads\/2026\/02\/71dxJMAnX0L._AC_SL1500_.jpg","datePublished":"2026-02-27T14:15:09+00:00","dateModified":"2026-02-27T14:15:23+00:00","description":"Entdecken Sie smarte Roboter f\u00fcr Zuhause, Garten, Bildung und Sicherheit. Vergleichen Sie Saugroboter, Rasenm\u00e4hroboter, KI-Begleitroboter und mehr bei EasyLifeRobo.","breadcrumb":{"@id":"https:\/\/easyliferobo.com\/de\/product\/auvon-tens-geraet-wiederaufladbares-stimulationsgeraet-gegen-schmerzen-mit-24-trainingsprogrammen-2-kanaelen-und-10-stueck-2-x-2-zoll-premium-elektrodenpads-mit-patentiertem-design\/#breadcrumb"},"inLanguage":"de","potentialAction":[{"@type":"ReadAction","target":["https:\/\/easyliferobo.com\/de\/product\/auvon-tens-geraet-wiederaufladbares-stimulationsgeraet-gegen-schmerzen-mit-24-trainingsprogrammen-2-kanaelen-und-10-stueck-2-x-2-zoll-premium-elektrodenpads-mit-patentiertem-design\/"]}]},{"@type":"ImageObject","inLanguage":"de","@id":"https:\/\/easyliferobo.com\/de\/product\/auvon-tens-geraet-wiederaufladbares-stimulationsgeraet-gegen-schmerzen-mit-24-trainingsprogrammen-2-kanaelen-und-10-stueck-2-x-2-zoll-premium-elektrodenpads-mit-patentiertem-design\/#primaryimage","url":"https:\/\/easyliferobo.com\/de\/wp-content\/uploads\/2026\/02\/71dxJMAnX0L._AC_SL1500_.jpg","contentUrl":"https:\/\/easyliferobo.com\/de\/wp-content\/uploads\/2026\/02\/71dxJMAnX0L._AC_SL1500_.jpg","width":1495,"height":1434},{"@type":"BreadcrumbList","@id":"https:\/\/easyliferobo.com\/de\/product\/auvon-tens-geraet-wiederaufladbares-stimulationsgeraet-gegen-schmerzen-mit-24-trainingsprogrammen-2-kanaelen-und-10-stueck-2-x-2-zoll-premium-elektrodenpads-mit-patentiertem-design\/#breadcrumb","itemListElement":[{"@type":"ListItem","position":1,"name":"Home","item":"https:\/\/easyliferobo.com\/de\/"},{"@type":"ListItem","position":2,"name":"Shop","item":"https:\/\/easyliferobo.com\/de\/shop\/"},{"@type":"ListItem","position":3,"name":"Auvon Tens-Ger\u00e4t, wiederaufladbare..."}]},{"@type":"WebSite","@id":"https:\/\/easyliferobo.com\/de\/#website","url":"https:\/\/easyliferobo.com\/de\/","name":"EasyLifeBro","description":"Smarte Roboter f\u00fcr Zuhause, Garten &amp; Bildung","publisher":{"@id":"https:\/\/easyliferobo.com\/de\/#organization"},"potentialAction":[{"@type":"SearchAction","target":{"@type":"EntryPoint","urlTemplate":"https:\/\/easyliferobo.com\/de\/?s={search_term_string}"},"query-input":{"@type":"PropertyValueSpecification","valueRequired":true,"valueName":"search_term_string"}}],"inLanguage":"de"},{"@type":"Organization","@id":"https:\/\/easyliferobo.com\/de\/#organization","name":"EasyLifeBro","url":"https:\/\/easyliferobo.com\/de\/","logo":{"@type":"ImageObject","inLanguage":"de","@id":"https:\/\/easyliferobo.com\/de\/#\/schema\/logo\/image\/","url":"https:\/\/easyliferobo.com\/de\/wp-content\/uploads\/2026\/02\/Screenshot-2026-02-22-at-2.25.03-PM.png","contentUrl":"https:\/\/easyliferobo.com\/de\/wp-content\/uploads\/2026\/02\/Screenshot-2026-02-22-at-2.25.03-PM.png","width":1858,"height":430,"caption":"EasyLifeBro"},"image":{"@id":"https:\/\/easyliferobo.com\/de\/#\/schema\/logo\/image\/"}}]}},"_links":{"self":[{"href":"https:\/\/easyliferobo.com\/de\/wp-json\/wp\/v2\/product\/4785","targetHints":{"allow":["GET"]}}],"collection":[{"href":"https:\/\/easyliferobo.com\/de\/wp-json\/wp\/v2\/product"}],"about":[{"href":"https:\/\/easyliferobo.com\/de\/wp-json\/wp\/v2\/types\/product"}],"replies":[{"embeddable":true,"href":"https:\/\/easyliferobo.com\/de\/wp-json\/wp\/v2\/comments?post=4785"}],"wp:featuredmedia":[{"embeddable":true,"href":"https:\/\/easyliferobo.com\/de\/wp-json\/wp\/v2\/media\/4786"}],"wp:attachment":[{"href":"https:\/\/easyliferobo.com\/de\/wp-json\/wp\/v2\/media?parent=4785"}],"wp:term":[{"taxonomy":"store","embeddable":true,"href":"https:\/\/easyliferobo.com\/de\/wp-json\/wp\/v2\/store?post=4785"},{"taxonomy":"product_brand","embeddable":true,"href":"https:\/\/easyliferobo.com\/de\/wp-json\/wp\/v2\/product_brand?post=4785"},{"taxonomy":"product_cat","embeddable":true,"href":"https:\/\/easyliferobo.com\/de\/wp-json\/wp\/v2\/product_cat?post=4785"},{"taxonomy":"product_tag","embeddable":true,"href":"https:\/\/easyliferobo.com\/de\/wp-json\/wp\/v2\/product_tag?post=4785"}],"curies":[{"name":"wp","href":"https:\/\/api.w.org\/{rel}","templated":true}]}}