
{"id":4779,"date":"2026-02-27T14:13:14","date_gmt":"2026-02-27T14:13:14","guid":{"rendered":"https:\/\/easyliferobo.com\/de\/product\/mechanisches-industrielles-exoskelett-exoskelettunterstuetzung-fuer-untere-gliedmassen-power-walker-beinhebetraining-fuer-aeltere-menschen\/"},"modified":"2026-02-27T14:13:24","modified_gmt":"2026-02-27T14:13:24","slug":"mechanisches-industrielles-exoskelett-exoskelettunterstuetzung-fuer-untere-gliedmassen-power-walker-beinhebetraining-fuer-aeltere-menschen","status":"publish","type":"product","link":"https:\/\/easyliferobo.com\/de\/product\/mechanisches-industrielles-exoskelett-exoskelettunterstuetzung-fuer-untere-gliedmassen-power-walker-beinhebetraining-fuer-aeltere-menschen\/","title":{"rendered":"Mechanisches industrielles Exoskele..."},"content":{"rendered":"<p>    <span><br \/>Name: Gehhilfe <br \/>Gewicht: 2,5 kg. <br \/>Gr\u00f6\u00dfe: S\/M\/L <br \/>Anwendbare Gelegenheiten: Familie, Oberhaus, Pflegeheim, Krankenhaus. <br \/><\/span>    <br \/>(Gr\u00f6\u00dfenunterschied) Gr\u00f6\u00dfe S ist f\u00fcr Personen im Alter von 155\u2013167 cm geeignet, Gr\u00f6\u00dfe M ist f\u00fcr Personen im Alter von 168\u2013176 cm geeignet und Gr\u00f6\u00dfe L ist f\u00fcr Personen im Alter von 177 cm und mehr geeignet. Die L\u00e4nge von Kohlefaserplatten variiert je nach Gr\u00f6\u00dfe.<br \/>Mobilit\u00e4ts-Gehhilfen: Gehtraining f\u00fcr Erwachsene, Mobilit\u00e4tskraft, Ganzk\u00f6rper-Gehhilfen, Bein-Gehtraining, 3-stufig einstellbare Kraft, kein Strom erforderlich<br \/>Einfache Anwendung: Entwickelt f\u00fcr Menschen mit eingeschr\u00e4nkter Mobilit\u00e4t, kann es mit einer Hand angelegt werden und es werden nur zwei Gurte ben\u00f6tigt, um den gesamten Vorgang zu sichern<br \/>Assistenztrainer: Hilfsger\u00e4t verf\u00fcgt \u00fcber drei G\u00e4nge zur Auswahl, Drehen des Knopfes zum Erh\u00f6hen oder Verringern der Kraft, Energiespeicher ohne Aufladen<br \/>Anwendbare Personen: einseitige L\u00e4hmung aufgrund von Krankheit, schwache Beine und F\u00fc\u00dfe, langes Gehen bei \u00e4lteren Menschen und Unannehmlichkeiten beim Gehen<\/p>\n<p>[ad_2]<\/p>\n","protected":false},"excerpt":{"rendered":"<p>Name: Gehhilfe Gewicht: 2,5 kg. Gr\u00f6\u00dfe: S\/M\/L Anwendbare Gelegenheiten: Familie, Oberhaus, Pflegeheim, Krankenhaus. (Gr\u00f6\u00dfenunterschied) Gr\u00f6\u00dfe S ist f\u00fcr Personen im Alter von 155\u2013167 cm geeignet, Gr\u00f6\u00dfe M ist f\u00fcr Personen im Alter von 168\u2013176 cm geeignet und Gr\u00f6\u00dfe L ist f\u00fcr Personen im Alter von 177 cm und mehr geeignet. Die L\u00e4nge von Kohlefaserplatten variiert [&hellip;]<\/p>\n","protected":false},"featured_media":4780,"comment_status":"open","ping_status":"closed","template":"","meta":{"_aipt_faq_data":""},"store":[],"product_brand":[],"product_cat":[110],"product_tag":[210],"class_list":{"0":"post-4779","1":"product","2":"type-product","3":"status-publish","4":"has-post-thumbnail","6":"product_cat-exoskelette","7":"product_tag-industrielle-exoskelette-fuer-haende","9":"first","10":"instock","11":"shipping-taxable","12":"product-type-external"},"yoast_head":"<!-- This site is optimized with the Yoast SEO plugin v27.0 - https:\/\/yoast.com\/product\/yoast-seo-wordpress\/ -->\n<title>Mechanisches industrielles Exoskelett, Exoskelettunterst\u00fctzung f\u00fcr untere Gliedma\u00dfen, Power Walker, Beinhebetraining f\u00fcr \u00e4ltere Menschen - EasyLifeBro<\/title>\n<meta name=\"description\" content=\"Entdecken Sie smarte Roboter f\u00fcr Zuhause, Garten, Bildung und Sicherheit. Vergleichen Sie Saugroboter, Rasenm\u00e4hroboter, KI-Begleitroboter und mehr bei EasyLifeRobo.\" \/>\n<meta name=\"robots\" content=\"index, follow, max-snippet:-1, max-image-preview:large, max-video-preview:-1\" \/>\n<link rel=\"canonical\" href=\"https:\/\/easyliferobo.com\/de\/product\/mechanisches-industrielles-exoskelett-exoskelettunterstuetzung-fuer-untere-gliedmassen-power-walker-beinhebetraining-fuer-aeltere-menschen\/\" \/>\n<meta property=\"og:locale\" content=\"de_DE\" \/>\n<meta property=\"og:type\" content=\"article\" \/>\n<meta property=\"og:title\" content=\"Mechanisches industrielles Exoskelett, Exoskelettunterst\u00fctzung f\u00fcr untere Gliedma\u00dfen, Power Walker, Beinhebetraining f\u00fcr \u00e4ltere Menschen - EasyLifeBro\" \/>\n<meta property=\"og:description\" content=\"Entdecken Sie smarte Roboter f\u00fcr Zuhause, Garten, Bildung und Sicherheit. Vergleichen Sie Saugroboter, Rasenm\u00e4hroboter, KI-Begleitroboter und mehr bei EasyLifeRobo.\" \/>\n<meta property=\"og:url\" content=\"https:\/\/easyliferobo.com\/de\/product\/mechanisches-industrielles-exoskelett-exoskelettunterstuetzung-fuer-untere-gliedmassen-power-walker-beinhebetraining-fuer-aeltere-menschen\/\" \/>\n<meta property=\"og:site_name\" content=\"EasyLifeBro\" \/>\n<meta property=\"article:modified_time\" content=\"2026-02-27T14:13:24+00:00\" \/>\n<meta name=\"twitter:card\" content=\"summary_large_image\" \/>\n<meta name=\"twitter:label1\" content=\"Gesch\u00e4tzte Lesezeit\" \/>\n\t<meta name=\"twitter:data1\" content=\"1\u00a0Minute\" \/>\n<script type=\"application\/ld+json\" class=\"yoast-schema-graph\">{\"@context\":\"https:\/\/schema.org\",\"@graph\":[{\"@type\":\"WebPage\",\"@id\":\"https:\/\/easyliferobo.com\/de\/product\/mechanisches-industrielles-exoskelett-exoskelettunterstuetzung-fuer-untere-gliedmassen-power-walker-beinhebetraining-fuer-aeltere-menschen\/\",\"url\":\"https:\/\/easyliferobo.com\/de\/product\/mechanisches-industrielles-exoskelett-exoskelettunterstuetzung-fuer-untere-gliedmassen-power-walker-beinhebetraining-fuer-aeltere-menschen\/\",\"name\":\"Mechanisches industrielles Exoskelett, Exoskelettunterst\u00fctzung f\u00fcr untere Gliedma\u00dfen, Power Walker, Beinhebetraining f\u00fcr \u00e4ltere Menschen - EasyLifeBro\",\"isPartOf\":{\"@id\":\"https:\/\/easyliferobo.com\/de\/#website\"},\"primaryImageOfPage\":{\"@id\":\"https:\/\/easyliferobo.com\/de\/product\/mechanisches-industrielles-exoskelett-exoskelettunterstuetzung-fuer-untere-gliedmassen-power-walker-beinhebetraining-fuer-aeltere-menschen\/#primaryimage\"},\"image\":{\"@id\":\"https:\/\/easyliferobo.com\/de\/product\/mechanisches-industrielles-exoskelett-exoskelettunterstuetzung-fuer-untere-gliedmassen-power-walker-beinhebetraining-fuer-aeltere-menschen\/#primaryimage\"},\"thumbnailUrl\":\"https:\/\/easyliferobo.com\/de\/wp-content\/uploads\/2026\/02\/1772201594_51rTCHIXhOL._AC_SL1500_.jpg\",\"datePublished\":\"2026-02-27T14:13:14+00:00\",\"dateModified\":\"2026-02-27T14:13:24+00:00\",\"description\":\"Entdecken Sie smarte Roboter f\u00fcr Zuhause, Garten, Bildung und Sicherheit. Vergleichen Sie Saugroboter, Rasenm\u00e4hroboter, KI-Begleitroboter und mehr bei EasyLifeRobo.\",\"breadcrumb\":{\"@id\":\"https:\/\/easyliferobo.com\/de\/product\/mechanisches-industrielles-exoskelett-exoskelettunterstuetzung-fuer-untere-gliedmassen-power-walker-beinhebetraining-fuer-aeltere-menschen\/#breadcrumb\"},\"inLanguage\":\"de\",\"potentialAction\":[{\"@type\":\"ReadAction\",\"target\":[\"https:\/\/easyliferobo.com\/de\/product\/mechanisches-industrielles-exoskelett-exoskelettunterstuetzung-fuer-untere-gliedmassen-power-walker-beinhebetraining-fuer-aeltere-menschen\/\"]}]},{\"@type\":\"ImageObject\",\"inLanguage\":\"de\",\"@id\":\"https:\/\/easyliferobo.com\/de\/product\/mechanisches-industrielles-exoskelett-exoskelettunterstuetzung-fuer-untere-gliedmassen-power-walker-beinhebetraining-fuer-aeltere-menschen\/#primaryimage\",\"url\":\"https:\/\/easyliferobo.com\/de\/wp-content\/uploads\/2026\/02\/1772201594_51rTCHIXhOL._AC_SL1500_.jpg\",\"contentUrl\":\"https:\/\/easyliferobo.com\/de\/wp-content\/uploads\/2026\/02\/1772201594_51rTCHIXhOL._AC_SL1500_.jpg\",\"width\":914,\"height\":1500},{\"@type\":\"BreadcrumbList\",\"@id\":\"https:\/\/easyliferobo.com\/de\/product\/mechanisches-industrielles-exoskelett-exoskelettunterstuetzung-fuer-untere-gliedmassen-power-walker-beinhebetraining-fuer-aeltere-menschen\/#breadcrumb\",\"itemListElement\":[{\"@type\":\"ListItem\",\"position\":1,\"name\":\"Home\",\"item\":\"https:\/\/easyliferobo.com\/de\/\"},{\"@type\":\"ListItem\",\"position\":2,\"name\":\"Shop\",\"item\":\"https:\/\/easyliferobo.com\/de\/shop\/\"},{\"@type\":\"ListItem\",\"position\":3,\"name\":\"Mechanisches industrielles Exoskele...\"}]},{\"@type\":\"WebSite\",\"@id\":\"https:\/\/easyliferobo.com\/de\/#website\",\"url\":\"https:\/\/easyliferobo.com\/de\/\",\"name\":\"EasyLifeBro\",\"description\":\"Smarte Roboter f\u00fcr Zuhause, Garten &amp; Bildung\",\"publisher\":{\"@id\":\"https:\/\/easyliferobo.com\/de\/#organization\"},\"potentialAction\":[{\"@type\":\"SearchAction\",\"target\":{\"@type\":\"EntryPoint\",\"urlTemplate\":\"https:\/\/easyliferobo.com\/de\/?s={search_term_string}\"},\"query-input\":{\"@type\":\"PropertyValueSpecification\",\"valueRequired\":true,\"valueName\":\"search_term_string\"}}],\"inLanguage\":\"de\"},{\"@type\":\"Organization\",\"@id\":\"https:\/\/easyliferobo.com\/de\/#organization\",\"name\":\"EasyLifeBro\",\"url\":\"https:\/\/easyliferobo.com\/de\/\",\"logo\":{\"@type\":\"ImageObject\",\"inLanguage\":\"de\",\"@id\":\"https:\/\/easyliferobo.com\/de\/#\/schema\/logo\/image\/\",\"url\":\"https:\/\/easyliferobo.com\/de\/wp-content\/uploads\/2026\/02\/Screenshot-2026-02-22-at-2.25.03-PM.png\",\"contentUrl\":\"https:\/\/easyliferobo.com\/de\/wp-content\/uploads\/2026\/02\/Screenshot-2026-02-22-at-2.25.03-PM.png\",\"width\":1858,\"height\":430,\"caption\":\"EasyLifeBro\"},\"image\":{\"@id\":\"https:\/\/easyliferobo.com\/de\/#\/schema\/logo\/image\/\"}}]}<\/script>\n<!-- \/ Yoast SEO plugin. -->","yoast_head_json":{"title":"Mechanisches industrielles Exoskelett, Exoskelettunterst\u00fctzung f\u00fcr untere Gliedma\u00dfen, Power Walker, Beinhebetraining f\u00fcr \u00e4ltere Menschen - EasyLifeBro","description":"Entdecken Sie smarte Roboter f\u00fcr Zuhause, Garten, Bildung und Sicherheit. Vergleichen Sie Saugroboter, Rasenm\u00e4hroboter, KI-Begleitroboter und mehr bei EasyLifeRobo.","robots":{"index":"index","follow":"follow","max-snippet":"max-snippet:-1","max-image-preview":"max-image-preview:large","max-video-preview":"max-video-preview:-1"},"canonical":"https:\/\/easyliferobo.com\/de\/product\/mechanisches-industrielles-exoskelett-exoskelettunterstuetzung-fuer-untere-gliedmassen-power-walker-beinhebetraining-fuer-aeltere-menschen\/","og_locale":"de_DE","og_type":"article","og_title":"Mechanisches industrielles Exoskelett, Exoskelettunterst\u00fctzung f\u00fcr untere Gliedma\u00dfen, Power Walker, Beinhebetraining f\u00fcr \u00e4ltere Menschen - EasyLifeBro","og_description":"Entdecken Sie smarte Roboter f\u00fcr Zuhause, Garten, Bildung und Sicherheit. Vergleichen Sie Saugroboter, Rasenm\u00e4hroboter, KI-Begleitroboter und mehr bei EasyLifeRobo.","og_url":"https:\/\/easyliferobo.com\/de\/product\/mechanisches-industrielles-exoskelett-exoskelettunterstuetzung-fuer-untere-gliedmassen-power-walker-beinhebetraining-fuer-aeltere-menschen\/","og_site_name":"EasyLifeBro","article_modified_time":"2026-02-27T14:13:24+00:00","twitter_card":"summary_large_image","twitter_misc":{"Gesch\u00e4tzte Lesezeit":"1\u00a0Minute"},"schema":{"@context":"https:\/\/schema.org","@graph":[{"@type":"WebPage","@id":"https:\/\/easyliferobo.com\/de\/product\/mechanisches-industrielles-exoskelett-exoskelettunterstuetzung-fuer-untere-gliedmassen-power-walker-beinhebetraining-fuer-aeltere-menschen\/","url":"https:\/\/easyliferobo.com\/de\/product\/mechanisches-industrielles-exoskelett-exoskelettunterstuetzung-fuer-untere-gliedmassen-power-walker-beinhebetraining-fuer-aeltere-menschen\/","name":"Mechanisches industrielles Exoskelett, Exoskelettunterst\u00fctzung f\u00fcr untere Gliedma\u00dfen, Power Walker, Beinhebetraining f\u00fcr \u00e4ltere Menschen - EasyLifeBro","isPartOf":{"@id":"https:\/\/easyliferobo.com\/de\/#website"},"primaryImageOfPage":{"@id":"https:\/\/easyliferobo.com\/de\/product\/mechanisches-industrielles-exoskelett-exoskelettunterstuetzung-fuer-untere-gliedmassen-power-walker-beinhebetraining-fuer-aeltere-menschen\/#primaryimage"},"image":{"@id":"https:\/\/easyliferobo.com\/de\/product\/mechanisches-industrielles-exoskelett-exoskelettunterstuetzung-fuer-untere-gliedmassen-power-walker-beinhebetraining-fuer-aeltere-menschen\/#primaryimage"},"thumbnailUrl":"https:\/\/easyliferobo.com\/de\/wp-content\/uploads\/2026\/02\/1772201594_51rTCHIXhOL._AC_SL1500_.jpg","datePublished":"2026-02-27T14:13:14+00:00","dateModified":"2026-02-27T14:13:24+00:00","description":"Entdecken Sie smarte Roboter f\u00fcr Zuhause, Garten, Bildung und Sicherheit. Vergleichen Sie Saugroboter, Rasenm\u00e4hroboter, KI-Begleitroboter und mehr bei EasyLifeRobo.","breadcrumb":{"@id":"https:\/\/easyliferobo.com\/de\/product\/mechanisches-industrielles-exoskelett-exoskelettunterstuetzung-fuer-untere-gliedmassen-power-walker-beinhebetraining-fuer-aeltere-menschen\/#breadcrumb"},"inLanguage":"de","potentialAction":[{"@type":"ReadAction","target":["https:\/\/easyliferobo.com\/de\/product\/mechanisches-industrielles-exoskelett-exoskelettunterstuetzung-fuer-untere-gliedmassen-power-walker-beinhebetraining-fuer-aeltere-menschen\/"]}]},{"@type":"ImageObject","inLanguage":"de","@id":"https:\/\/easyliferobo.com\/de\/product\/mechanisches-industrielles-exoskelett-exoskelettunterstuetzung-fuer-untere-gliedmassen-power-walker-beinhebetraining-fuer-aeltere-menschen\/#primaryimage","url":"https:\/\/easyliferobo.com\/de\/wp-content\/uploads\/2026\/02\/1772201594_51rTCHIXhOL._AC_SL1500_.jpg","contentUrl":"https:\/\/easyliferobo.com\/de\/wp-content\/uploads\/2026\/02\/1772201594_51rTCHIXhOL._AC_SL1500_.jpg","width":914,"height":1500},{"@type":"BreadcrumbList","@id":"https:\/\/easyliferobo.com\/de\/product\/mechanisches-industrielles-exoskelett-exoskelettunterstuetzung-fuer-untere-gliedmassen-power-walker-beinhebetraining-fuer-aeltere-menschen\/#breadcrumb","itemListElement":[{"@type":"ListItem","position":1,"name":"Home","item":"https:\/\/easyliferobo.com\/de\/"},{"@type":"ListItem","position":2,"name":"Shop","item":"https:\/\/easyliferobo.com\/de\/shop\/"},{"@type":"ListItem","position":3,"name":"Mechanisches industrielles Exoskele..."}]},{"@type":"WebSite","@id":"https:\/\/easyliferobo.com\/de\/#website","url":"https:\/\/easyliferobo.com\/de\/","name":"EasyLifeBro","description":"Smarte Roboter f\u00fcr Zuhause, Garten &amp; Bildung","publisher":{"@id":"https:\/\/easyliferobo.com\/de\/#organization"},"potentialAction":[{"@type":"SearchAction","target":{"@type":"EntryPoint","urlTemplate":"https:\/\/easyliferobo.com\/de\/?s={search_term_string}"},"query-input":{"@type":"PropertyValueSpecification","valueRequired":true,"valueName":"search_term_string"}}],"inLanguage":"de"},{"@type":"Organization","@id":"https:\/\/easyliferobo.com\/de\/#organization","name":"EasyLifeBro","url":"https:\/\/easyliferobo.com\/de\/","logo":{"@type":"ImageObject","inLanguage":"de","@id":"https:\/\/easyliferobo.com\/de\/#\/schema\/logo\/image\/","url":"https:\/\/easyliferobo.com\/de\/wp-content\/uploads\/2026\/02\/Screenshot-2026-02-22-at-2.25.03-PM.png","contentUrl":"https:\/\/easyliferobo.com\/de\/wp-content\/uploads\/2026\/02\/Screenshot-2026-02-22-at-2.25.03-PM.png","width":1858,"height":430,"caption":"EasyLifeBro"},"image":{"@id":"https:\/\/easyliferobo.com\/de\/#\/schema\/logo\/image\/"}}]}},"_links":{"self":[{"href":"https:\/\/easyliferobo.com\/de\/wp-json\/wp\/v2\/product\/4779","targetHints":{"allow":["GET"]}}],"collection":[{"href":"https:\/\/easyliferobo.com\/de\/wp-json\/wp\/v2\/product"}],"about":[{"href":"https:\/\/easyliferobo.com\/de\/wp-json\/wp\/v2\/types\/product"}],"replies":[{"embeddable":true,"href":"https:\/\/easyliferobo.com\/de\/wp-json\/wp\/v2\/comments?post=4779"}],"wp:featuredmedia":[{"embeddable":true,"href":"https:\/\/easyliferobo.com\/de\/wp-json\/wp\/v2\/media\/4780"}],"wp:attachment":[{"href":"https:\/\/easyliferobo.com\/de\/wp-json\/wp\/v2\/media?parent=4779"}],"wp:term":[{"taxonomy":"store","embeddable":true,"href":"https:\/\/easyliferobo.com\/de\/wp-json\/wp\/v2\/store?post=4779"},{"taxonomy":"product_brand","embeddable":true,"href":"https:\/\/easyliferobo.com\/de\/wp-json\/wp\/v2\/product_brand?post=4779"},{"taxonomy":"product_cat","embeddable":true,"href":"https:\/\/easyliferobo.com\/de\/wp-json\/wp\/v2\/product_cat?post=4779"},{"taxonomy":"product_tag","embeddable":true,"href":"https:\/\/easyliferobo.com\/de\/wp-json\/wp\/v2\/product_tag?post=4779"}],"curies":[{"name":"wp","href":"https:\/\/api.w.org\/{rel}","templated":true}]}}