
{"id":4762,"date":"2026-02-27T14:08:47","date_gmt":"2026-02-27T14:08:47","guid":{"rendered":"https:\/\/easyliferobo.com\/de\/product\/dreame-a1-pro-roboter-rasenmaeher-und-garage-roboter-rasenmaeher-mit-kabelloser-reichweite-2000-m%c2%b2-app-steuerung-intuitives-zonenmanagement-hindernisvermeidung-offroad-reifen\/"},"modified":"2026-02-27T14:09:03","modified_gmt":"2026-02-27T14:09:03","slug":"dreame-a1-pro-roboter-rasenmaeher-und-garage-roboter-rasenmaeher-mit-kabelloser-reichweite-2000-m%c2%b2-app-steuerung-intuitives-zonenmanagement-hindernisvermeidung-offroad-reifen","status":"publish","type":"product","link":"https:\/\/easyliferobo.com\/de\/product\/dreame-a1-pro-roboter-rasenmaeher-und-garage-roboter-rasenmaeher-mit-kabelloser-reichweite-2000-m%c2%b2-app-steuerung-intuitives-zonenmanagement-hindernisvermeidung-offroad-reifen\/","title":{"rendered":"dreame A1 Pro Roboter-Rasenm\u00e4her u..."},"content":{"rendered":"<p>\n                                             Von der Marke   <\/p>\n<p>                                              <img decoding=\"async\" alt=\"Aplus-Inhaltsbild\" src=\"https:\/\/images-na.ssl-images-amazon.com\/images\/G\/01\/x-locale\/common\/grey-pixel.gif\" class=\"a-lazy-loaded\" data-src=\"https:\/\/m.media-amazon.com\/images\/S\/aplus-media-library-service-media\/606edca9-f86b-4a3e-b9ae-3d9fddbbdaa8.__CR0,0,1464,625_PT0_SX1464_V1___.jpg\"><img decoding=\"async\" alt=\"Aplus-Inhaltsbild\" src=\"https:\/\/m.media-amazon.com\/images\/S\/aplus-media-library-service-media\/606edca9-f86b-4a3e-b9ae-3d9fddbbdaa8.__CR0,0,1464,625_PT0_SX1464_V1___.jpg\">  <\/p>\n<p>                                              <img decoding=\"async\" alt=\"\" src=\"https:\/\/images-na.ssl-images-amazon.com\/images\/G\/01\/x-locale\/common\/grey-pixel.gif\" class=\"a-lazy-loaded\" data-src=\"https:\/\/m.media-amazon.com\/images\/S\/aplus-media-library-service-media\/01588613-5695-4e82-a029-f4937c12bed7.__CR0,0,315,145_PT0_SX315_V1___.jpg\"><img decoding=\"async\" alt=\"\" src=\"https:\/\/m.media-amazon.com\/images\/S\/aplus-media-library-service-media\/01588613-5695-4e82-a029-f4937c12bed7.__CR0,0,315,145_PT0_SX315_V1___.jpg\">  <\/p>\n<p>  Dreame Technology ist ein innovatives Unternehmen mit der Vision, die Lebensqualit\u00e4t von Menschen auf der ganzen Welt zu verbessern. Das Unternehmen konzentriert sich auf die Entwicklung hochwertiger Haushaltsreinigungsl\u00f6sungen. <\/p>\n<p>  Dreame Roboterstaubsauger, Nass- und Trockensauger, Stabstaubsauger und andere Haushaltsger\u00e4te helfen Ihnen dabei, die H\u00e4nde frei zu haben und sich von der Last des Haushalts zu befreien. <\/p>\n<p>                                              <img decoding=\"async\" alt=\"Serie von Au\u00dfenaufnahmen, die einen Roboter-Rasenm\u00e4her auf Gras zeigen, mit dem Text \u201eDREAME A2\u201c; in einem Panel sichtbar.\" src=\"https:\/\/images-na.ssl-images-amazon.com\/images\/G\/01\/x-locale\/common\/grey-pixel.gif\" class=\"a-lazy-loaded\" data-src=\"https:\/\/m.media-amazon.com\/images\/S\/aplus-media-library-service-media\/b0bdedd7-1ff9-4b9b-874e-11fc047b52e0.__CR0,0,362,453_PT0_SX362_V1___.jpg\"><img decoding=\"async\" alt=\"Serie von Au\u00dfenaufnahmen, die einen Roboter-Rasenm\u00e4her auf Gras zeigen, mit dem Text \u201eDREAME A2\u201c; in einem Panel sichtbar.\" src=\"https:\/\/m.media-amazon.com\/images\/S\/aplus-media-library-service-media\/b0bdedd7-1ff9-4b9b-874e-11fc047b52e0.__CR0,0,362,453_PT0_SX362_V1___.jpg\">  <\/p>\n<h3>  DREAME Roboter-Rasenm\u00e4her <\/h3>\n<h3>  Anwendbares Zubeh\u00f6r: <\/h3>\n<p>Schnellere, kabellose Randeinrichtung: Mit der OmniSense-Technologie k\u00f6nnen Sie Ihren Rasen ganz einfach kartieren und die verschiedenen M\u00e4hbereiche nach Ihren W\u00fcnschen anpassen. Kein Kabelsalat mehr und keine komplexen RTK-Stationen mehr, die einem frisch gem\u00e4hten, makellosen Rasen im Weg stehen.<br \/>Intelligentes, intuitives Fl\u00e4chenmanagement: Das M\u00e4hen Ihres Rasens ist ein Kinderspiel. Sie m\u00fcssen die Gartenpflege nicht mehr Schritt f\u00fcr Schritt begleiten. \u00dcber die Dreamehome-App k\u00f6nnen Echtzeit- oder geplante M\u00e4haufgaben, M\u00e4hbereiche oder No-Go-Zonen sowie tempor\u00e4re oder voreingestellte Bereiche festgelegt werden.<br \/>Omnidirektionale 3D-Hindernisvermeidung \u2013 Dank der 3D-Punktwolken-Datentechnologie und fortschrittlichen intelligenten Algorithmen erkennt der A1 Pro Hindernisse innerhalb festgelegter Grenzen und navigiert intelligent um sie herum, um sicherzustellen, dass der Rasen sicher und kontrolliert gem\u00e4ht wird.<br \/>Beste Robustheit: Garage f\u00fcr Robot Tosaerba Dream. Sch\u00fctze ihn vor dem Bahnhof in Rica. Besch\u00fctze die Pioggia und die Sohle, um das Leben zu verl\u00e4ngern.<\/p>\n<p>[ad_2]<\/p>\n","protected":false},"excerpt":{"rendered":"<p>Von der Marke Dreame Technology ist ein innovatives Unternehmen mit der Vision, die Lebensqualit\u00e4t von Menschen auf der ganzen Welt zu verbessern. Das Unternehmen konzentriert sich auf die Entwicklung hochwertiger Haushaltsreinigungsl\u00f6sungen. Dreame Roboterstaubsauger, Nass- und Trockensauger, Stabstaubsauger und andere Haushaltsger\u00e4te helfen Ihnen dabei, die H\u00e4nde frei zu haben und sich von der Last des Haushalts [&hellip;]<\/p>\n","protected":false},"featured_media":4763,"comment_status":"open","ping_status":"closed","template":"","meta":{"_aipt_faq_data":""},"store":[],"product_brand":[351],"product_cat":[113],"product_tag":[208],"class_list":{"0":"post-4762","1":"product","2":"type-product","3":"status-publish","4":"has-post-thumbnail","6":"product_brand-dreame","7":"product_cat-ueberwachungsroboter","8":"product_tag-mobile-ueberwachungsroboter-fuer-innenraeume","10":"first","11":"instock","12":"sale","13":"shipping-taxable","14":"product-type-external"},"yoast_head":"<!-- This site is optimized with the Yoast SEO plugin v27.4 - https:\/\/yoast.com\/product\/yoast-seo-wordpress\/ -->\n<title>dreame A1 Pro Roboter-Rasenm\u00e4her und Garage, Roboter-Rasenm\u00e4her mit kabelloser Reichweite, 2000 m\u00b2, App-Steuerung, intuitives Zonenmanagement, Hindernisvermeidung, Offroad-Reifen - EasyLifeBro<\/title>\n<meta name=\"description\" content=\"Entdecken Sie smarte Roboter f\u00fcr Zuhause, Garten, Bildung und Sicherheit. Vergleichen Sie Saugroboter, Rasenm\u00e4hroboter, KI-Begleitroboter und mehr bei EasyLifeRobo.\" \/>\n<meta name=\"robots\" content=\"index, follow, max-snippet:-1, max-image-preview:large, max-video-preview:-1\" \/>\n<link rel=\"canonical\" href=\"https:\/\/easyliferobo.com\/de\/product\/dreame-a1-pro-roboter-rasenmaeher-und-garage-roboter-rasenmaeher-mit-kabelloser-reichweite-2000-m\u00b2-app-steuerung-intuitives-zonenmanagement-hindernisvermeidung-offroad-reifen\/\" \/>\n<meta property=\"og:locale\" content=\"de_DE\" \/>\n<meta property=\"og:type\" content=\"article\" \/>\n<meta property=\"og:title\" content=\"dreame A1 Pro Roboter-Rasenm\u00e4her und Garage, Roboter-Rasenm\u00e4her mit kabelloser Reichweite, 2000 m\u00b2, App-Steuerung, intuitives Zonenmanagement, Hindernisvermeidung, Offroad-Reifen - EasyLifeBro\" \/>\n<meta property=\"og:description\" content=\"Entdecken Sie smarte Roboter f\u00fcr Zuhause, Garten, Bildung und Sicherheit. Vergleichen Sie Saugroboter, Rasenm\u00e4hroboter, KI-Begleitroboter und mehr bei EasyLifeRobo.\" \/>\n<meta property=\"og:url\" content=\"https:\/\/easyliferobo.com\/de\/product\/dreame-a1-pro-roboter-rasenmaeher-und-garage-roboter-rasenmaeher-mit-kabelloser-reichweite-2000-m\u00b2-app-steuerung-intuitives-zonenmanagement-hindernisvermeidung-offroad-reifen\/\" \/>\n<meta property=\"og:site_name\" content=\"EasyLifeBro\" \/>\n<meta property=\"article:modified_time\" content=\"2026-02-27T14:09:03+00:00\" \/>\n<meta property=\"og:image\" content=\"https:\/\/images-na.ssl-images-amazon.com\/images\/G\/01\/x-locale\/common\/grey-pixel.gif\" \/>\n<meta name=\"twitter:card\" content=\"summary_large_image\" \/>\n<meta name=\"twitter:label1\" content=\"Gesch\u00e4tzte Lesezeit\" \/>\n\t<meta name=\"twitter:data1\" content=\"1\u00a0Minute\" \/>\n<script type=\"application\/ld+json\" class=\"yoast-schema-graph\">{\"@context\":\"https:\\\/\\\/schema.org\",\"@graph\":[{\"@type\":\"WebPage\",\"@id\":\"https:\\\/\\\/easyliferobo.com\\\/de\\\/product\\\/dreame-a1-pro-roboter-rasenmaeher-und-garage-roboter-rasenmaeher-mit-kabelloser-reichweite-2000-m%c2%b2-app-steuerung-intuitives-zonenmanagement-hindernisvermeidung-offroad-reifen\\\/\",\"url\":\"https:\\\/\\\/easyliferobo.com\\\/de\\\/product\\\/dreame-a1-pro-roboter-rasenmaeher-und-garage-roboter-rasenmaeher-mit-kabelloser-reichweite-2000-m%c2%b2-app-steuerung-intuitives-zonenmanagement-hindernisvermeidung-offroad-reifen\\\/\",\"name\":\"dreame A1 Pro Roboter-Rasenm\u00e4her und Garage, Roboter-Rasenm\u00e4her mit kabelloser Reichweite, 2000 m\u00b2, App-Steuerung, intuitives Zonenmanagement, Hindernisvermeidung, Offroad-Reifen - EasyLifeBro\",\"isPartOf\":{\"@id\":\"https:\\\/\\\/easyliferobo.com\\\/de\\\/#website\"},\"primaryImageOfPage\":{\"@id\":\"https:\\\/\\\/easyliferobo.com\\\/de\\\/product\\\/dreame-a1-pro-roboter-rasenmaeher-und-garage-roboter-rasenmaeher-mit-kabelloser-reichweite-2000-m%c2%b2-app-steuerung-intuitives-zonenmanagement-hindernisvermeidung-offroad-reifen\\\/#primaryimage\"},\"image\":{\"@id\":\"https:\\\/\\\/easyliferobo.com\\\/de\\\/product\\\/dreame-a1-pro-roboter-rasenmaeher-und-garage-roboter-rasenmaeher-mit-kabelloser-reichweite-2000-m%c2%b2-app-steuerung-intuitives-zonenmanagement-hindernisvermeidung-offroad-reifen\\\/#primaryimage\"},\"thumbnailUrl\":\"https:\\\/\\\/easyliferobo.com\\\/de\\\/wp-content\\\/uploads\\\/2026\\\/02\\\/71JKO9h4BZL._AC_SL1500_.jpg\",\"datePublished\":\"2026-02-27T14:08:47+00:00\",\"dateModified\":\"2026-02-27T14:09:03+00:00\",\"description\":\"Entdecken Sie smarte Roboter f\u00fcr Zuhause, Garten, Bildung und Sicherheit. Vergleichen Sie Saugroboter, Rasenm\u00e4hroboter, KI-Begleitroboter und mehr bei EasyLifeRobo.\",\"breadcrumb\":{\"@id\":\"https:\\\/\\\/easyliferobo.com\\\/de\\\/product\\\/dreame-a1-pro-roboter-rasenmaeher-und-garage-roboter-rasenmaeher-mit-kabelloser-reichweite-2000-m%c2%b2-app-steuerung-intuitives-zonenmanagement-hindernisvermeidung-offroad-reifen\\\/#breadcrumb\"},\"inLanguage\":\"de\",\"potentialAction\":[{\"@type\":\"ReadAction\",\"target\":[\"https:\\\/\\\/easyliferobo.com\\\/de\\\/product\\\/dreame-a1-pro-roboter-rasenmaeher-und-garage-roboter-rasenmaeher-mit-kabelloser-reichweite-2000-m%c2%b2-app-steuerung-intuitives-zonenmanagement-hindernisvermeidung-offroad-reifen\\\/\"]}]},{\"@type\":\"ImageObject\",\"inLanguage\":\"de\",\"@id\":\"https:\\\/\\\/easyliferobo.com\\\/de\\\/product\\\/dreame-a1-pro-roboter-rasenmaeher-und-garage-roboter-rasenmaeher-mit-kabelloser-reichweite-2000-m%c2%b2-app-steuerung-intuitives-zonenmanagement-hindernisvermeidung-offroad-reifen\\\/#primaryimage\",\"url\":\"https:\\\/\\\/easyliferobo.com\\\/de\\\/wp-content\\\/uploads\\\/2026\\\/02\\\/71JKO9h4BZL._AC_SL1500_.jpg\",\"contentUrl\":\"https:\\\/\\\/easyliferobo.com\\\/de\\\/wp-content\\\/uploads\\\/2026\\\/02\\\/71JKO9h4BZL._AC_SL1500_.jpg\",\"width\":1500,\"height\":1352},{\"@type\":\"BreadcrumbList\",\"@id\":\"https:\\\/\\\/easyliferobo.com\\\/de\\\/product\\\/dreame-a1-pro-roboter-rasenmaeher-und-garage-roboter-rasenmaeher-mit-kabelloser-reichweite-2000-m%c2%b2-app-steuerung-intuitives-zonenmanagement-hindernisvermeidung-offroad-reifen\\\/#breadcrumb\",\"itemListElement\":[{\"@type\":\"ListItem\",\"position\":1,\"name\":\"Home\",\"item\":\"https:\\\/\\\/easyliferobo.com\\\/de\\\/\"},{\"@type\":\"ListItem\",\"position\":2,\"name\":\"Shop\",\"item\":\"https:\\\/\\\/easyliferobo.com\\\/de\\\/shop\\\/\"},{\"@type\":\"ListItem\",\"position\":3,\"name\":\"dreame A1 Pro Roboter-Rasenm\u00e4her u...\"}]},{\"@type\":\"WebSite\",\"@id\":\"https:\\\/\\\/easyliferobo.com\\\/de\\\/#website\",\"url\":\"https:\\\/\\\/easyliferobo.com\\\/de\\\/\",\"name\":\"EasyLifeBro\",\"description\":\"Smarte Roboter f\u00fcr Zuhause, Garten &amp; Bildung\",\"publisher\":{\"@id\":\"https:\\\/\\\/easyliferobo.com\\\/de\\\/#organization\"},\"potentialAction\":[{\"@type\":\"SearchAction\",\"target\":{\"@type\":\"EntryPoint\",\"urlTemplate\":\"https:\\\/\\\/easyliferobo.com\\\/de\\\/?s={search_term_string}\"},\"query-input\":{\"@type\":\"PropertyValueSpecification\",\"valueRequired\":true,\"valueName\":\"search_term_string\"}}],\"inLanguage\":\"de\"},{\"@type\":\"Organization\",\"@id\":\"https:\\\/\\\/easyliferobo.com\\\/de\\\/#organization\",\"name\":\"EasyLifeBro\",\"url\":\"https:\\\/\\\/easyliferobo.com\\\/de\\\/\",\"logo\":{\"@type\":\"ImageObject\",\"inLanguage\":\"de\",\"@id\":\"https:\\\/\\\/easyliferobo.com\\\/de\\\/#\\\/schema\\\/logo\\\/image\\\/\",\"url\":\"https:\\\/\\\/easyliferobo.com\\\/de\\\/wp-content\\\/uploads\\\/2026\\\/02\\\/Screenshot-2026-02-22-at-2.25.03-PM.png\",\"contentUrl\":\"https:\\\/\\\/easyliferobo.com\\\/de\\\/wp-content\\\/uploads\\\/2026\\\/02\\\/Screenshot-2026-02-22-at-2.25.03-PM.png\",\"width\":1858,\"height\":430,\"caption\":\"EasyLifeBro\"},\"image\":{\"@id\":\"https:\\\/\\\/easyliferobo.com\\\/de\\\/#\\\/schema\\\/logo\\\/image\\\/\"}}]}<\/script>\n<!-- \/ Yoast SEO plugin. -->","yoast_head_json":{"title":"dreame A1 Pro Roboter-Rasenm\u00e4her und Garage, Roboter-Rasenm\u00e4her mit kabelloser Reichweite, 2000 m\u00b2, App-Steuerung, intuitives Zonenmanagement, Hindernisvermeidung, Offroad-Reifen - EasyLifeBro","description":"Entdecken Sie smarte Roboter f\u00fcr Zuhause, Garten, Bildung und Sicherheit. Vergleichen Sie Saugroboter, Rasenm\u00e4hroboter, KI-Begleitroboter und mehr bei EasyLifeRobo.","robots":{"index":"index","follow":"follow","max-snippet":"max-snippet:-1","max-image-preview":"max-image-preview:large","max-video-preview":"max-video-preview:-1"},"canonical":"https:\/\/easyliferobo.com\/de\/product\/dreame-a1-pro-roboter-rasenmaeher-und-garage-roboter-rasenmaeher-mit-kabelloser-reichweite-2000-m\u00b2-app-steuerung-intuitives-zonenmanagement-hindernisvermeidung-offroad-reifen\/","og_locale":"de_DE","og_type":"article","og_title":"dreame A1 Pro Roboter-Rasenm\u00e4her und Garage, Roboter-Rasenm\u00e4her mit kabelloser Reichweite, 2000 m\u00b2, App-Steuerung, intuitives Zonenmanagement, Hindernisvermeidung, Offroad-Reifen - EasyLifeBro","og_description":"Entdecken Sie smarte Roboter f\u00fcr Zuhause, Garten, Bildung und Sicherheit. Vergleichen Sie Saugroboter, Rasenm\u00e4hroboter, KI-Begleitroboter und mehr bei EasyLifeRobo.","og_url":"https:\/\/easyliferobo.com\/de\/product\/dreame-a1-pro-roboter-rasenmaeher-und-garage-roboter-rasenmaeher-mit-kabelloser-reichweite-2000-m\u00b2-app-steuerung-intuitives-zonenmanagement-hindernisvermeidung-offroad-reifen\/","og_site_name":"EasyLifeBro","article_modified_time":"2026-02-27T14:09:03+00:00","og_image":[{"url":"https:\/\/images-na.ssl-images-amazon.com\/images\/G\/01\/x-locale\/common\/grey-pixel.gif","type":"","width":"","height":""}],"twitter_card":"summary_large_image","twitter_misc":{"Gesch\u00e4tzte Lesezeit":"1\u00a0Minute"},"schema":{"@context":"https:\/\/schema.org","@graph":[{"@type":"WebPage","@id":"https:\/\/easyliferobo.com\/de\/product\/dreame-a1-pro-roboter-rasenmaeher-und-garage-roboter-rasenmaeher-mit-kabelloser-reichweite-2000-m%c2%b2-app-steuerung-intuitives-zonenmanagement-hindernisvermeidung-offroad-reifen\/","url":"https:\/\/easyliferobo.com\/de\/product\/dreame-a1-pro-roboter-rasenmaeher-und-garage-roboter-rasenmaeher-mit-kabelloser-reichweite-2000-m%c2%b2-app-steuerung-intuitives-zonenmanagement-hindernisvermeidung-offroad-reifen\/","name":"dreame A1 Pro Roboter-Rasenm\u00e4her und Garage, Roboter-Rasenm\u00e4her mit kabelloser Reichweite, 2000 m\u00b2, App-Steuerung, intuitives Zonenmanagement, Hindernisvermeidung, Offroad-Reifen - EasyLifeBro","isPartOf":{"@id":"https:\/\/easyliferobo.com\/de\/#website"},"primaryImageOfPage":{"@id":"https:\/\/easyliferobo.com\/de\/product\/dreame-a1-pro-roboter-rasenmaeher-und-garage-roboter-rasenmaeher-mit-kabelloser-reichweite-2000-m%c2%b2-app-steuerung-intuitives-zonenmanagement-hindernisvermeidung-offroad-reifen\/#primaryimage"},"image":{"@id":"https:\/\/easyliferobo.com\/de\/product\/dreame-a1-pro-roboter-rasenmaeher-und-garage-roboter-rasenmaeher-mit-kabelloser-reichweite-2000-m%c2%b2-app-steuerung-intuitives-zonenmanagement-hindernisvermeidung-offroad-reifen\/#primaryimage"},"thumbnailUrl":"https:\/\/easyliferobo.com\/de\/wp-content\/uploads\/2026\/02\/71JKO9h4BZL._AC_SL1500_.jpg","datePublished":"2026-02-27T14:08:47+00:00","dateModified":"2026-02-27T14:09:03+00:00","description":"Entdecken Sie smarte Roboter f\u00fcr Zuhause, Garten, Bildung und Sicherheit. Vergleichen Sie Saugroboter, Rasenm\u00e4hroboter, KI-Begleitroboter und mehr bei EasyLifeRobo.","breadcrumb":{"@id":"https:\/\/easyliferobo.com\/de\/product\/dreame-a1-pro-roboter-rasenmaeher-und-garage-roboter-rasenmaeher-mit-kabelloser-reichweite-2000-m%c2%b2-app-steuerung-intuitives-zonenmanagement-hindernisvermeidung-offroad-reifen\/#breadcrumb"},"inLanguage":"de","potentialAction":[{"@type":"ReadAction","target":["https:\/\/easyliferobo.com\/de\/product\/dreame-a1-pro-roboter-rasenmaeher-und-garage-roboter-rasenmaeher-mit-kabelloser-reichweite-2000-m%c2%b2-app-steuerung-intuitives-zonenmanagement-hindernisvermeidung-offroad-reifen\/"]}]},{"@type":"ImageObject","inLanguage":"de","@id":"https:\/\/easyliferobo.com\/de\/product\/dreame-a1-pro-roboter-rasenmaeher-und-garage-roboter-rasenmaeher-mit-kabelloser-reichweite-2000-m%c2%b2-app-steuerung-intuitives-zonenmanagement-hindernisvermeidung-offroad-reifen\/#primaryimage","url":"https:\/\/easyliferobo.com\/de\/wp-content\/uploads\/2026\/02\/71JKO9h4BZL._AC_SL1500_.jpg","contentUrl":"https:\/\/easyliferobo.com\/de\/wp-content\/uploads\/2026\/02\/71JKO9h4BZL._AC_SL1500_.jpg","width":1500,"height":1352},{"@type":"BreadcrumbList","@id":"https:\/\/easyliferobo.com\/de\/product\/dreame-a1-pro-roboter-rasenmaeher-und-garage-roboter-rasenmaeher-mit-kabelloser-reichweite-2000-m%c2%b2-app-steuerung-intuitives-zonenmanagement-hindernisvermeidung-offroad-reifen\/#breadcrumb","itemListElement":[{"@type":"ListItem","position":1,"name":"Home","item":"https:\/\/easyliferobo.com\/de\/"},{"@type":"ListItem","position":2,"name":"Shop","item":"https:\/\/easyliferobo.com\/de\/shop\/"},{"@type":"ListItem","position":3,"name":"dreame A1 Pro Roboter-Rasenm\u00e4her u..."}]},{"@type":"WebSite","@id":"https:\/\/easyliferobo.com\/de\/#website","url":"https:\/\/easyliferobo.com\/de\/","name":"EasyLifeBro","description":"Smarte Roboter f\u00fcr Zuhause, Garten &amp; Bildung","publisher":{"@id":"https:\/\/easyliferobo.com\/de\/#organization"},"potentialAction":[{"@type":"SearchAction","target":{"@type":"EntryPoint","urlTemplate":"https:\/\/easyliferobo.com\/de\/?s={search_term_string}"},"query-input":{"@type":"PropertyValueSpecification","valueRequired":true,"valueName":"search_term_string"}}],"inLanguage":"de"},{"@type":"Organization","@id":"https:\/\/easyliferobo.com\/de\/#organization","name":"EasyLifeBro","url":"https:\/\/easyliferobo.com\/de\/","logo":{"@type":"ImageObject","inLanguage":"de","@id":"https:\/\/easyliferobo.com\/de\/#\/schema\/logo\/image\/","url":"https:\/\/easyliferobo.com\/de\/wp-content\/uploads\/2026\/02\/Screenshot-2026-02-22-at-2.25.03-PM.png","contentUrl":"https:\/\/easyliferobo.com\/de\/wp-content\/uploads\/2026\/02\/Screenshot-2026-02-22-at-2.25.03-PM.png","width":1858,"height":430,"caption":"EasyLifeBro"},"image":{"@id":"https:\/\/easyliferobo.com\/de\/#\/schema\/logo\/image\/"}}]}},"_links":{"self":[{"href":"https:\/\/easyliferobo.com\/de\/wp-json\/wp\/v2\/product\/4762","targetHints":{"allow":["GET"]}}],"collection":[{"href":"https:\/\/easyliferobo.com\/de\/wp-json\/wp\/v2\/product"}],"about":[{"href":"https:\/\/easyliferobo.com\/de\/wp-json\/wp\/v2\/types\/product"}],"replies":[{"embeddable":true,"href":"https:\/\/easyliferobo.com\/de\/wp-json\/wp\/v2\/comments?post=4762"}],"wp:featuredmedia":[{"embeddable":true,"href":"https:\/\/easyliferobo.com\/de\/wp-json\/wp\/v2\/media\/4763"}],"wp:attachment":[{"href":"https:\/\/easyliferobo.com\/de\/wp-json\/wp\/v2\/media?parent=4762"}],"wp:term":[{"taxonomy":"store","embeddable":true,"href":"https:\/\/easyliferobo.com\/de\/wp-json\/wp\/v2\/store?post=4762"},{"taxonomy":"product_brand","embeddable":true,"href":"https:\/\/easyliferobo.com\/de\/wp-json\/wp\/v2\/product_brand?post=4762"},{"taxonomy":"product_cat","embeddable":true,"href":"https:\/\/easyliferobo.com\/de\/wp-json\/wp\/v2\/product_cat?post=4762"},{"taxonomy":"product_tag","embeddable":true,"href":"https:\/\/easyliferobo.com\/de\/wp-json\/wp\/v2\/product_tag?post=4762"}],"curies":[{"name":"wp","href":"https:\/\/api.w.org\/{rel}","templated":true}]}}