
{"id":4719,"date":"2026-02-27T14:00:29","date_gmt":"2026-02-27T14:00:29","guid":{"rendered":"https:\/\/easyliferobo.com\/de\/product\/mova-1000-roboter-rasenmaeher-360-3d-lidar-wireless-einrichtung-und-genaue-kartierung-bis-zu-1000-m%c2%b2-roboter-rasenmaeher-ohne-begrenzungskabel-intelligente-hindernisvermeidung-verbesse\/"},"modified":"2026-02-27T14:00:53","modified_gmt":"2026-02-27T14:00:53","slug":"mova-1000-roboter-rasenmaeher-360-3d-lidar-wireless-einrichtung-und-genaue-kartierung-bis-zu-1000-m%c2%b2-roboter-rasenmaeher-ohne-begrenzungskabel-intelligente-hindernisvermeidung-verbesse","status":"publish","type":"product","link":"https:\/\/easyliferobo.com\/de\/product\/mova-1000-roboter-rasenmaeher-360-3d-lidar-wireless-einrichtung-und-genaue-kartierung-bis-zu-1000-m%c2%b2-roboter-rasenmaeher-ohne-begrenzungskabel-intelligente-hindernisvermeidung-verbesse\/","title":{"rendered":"MOVA 1000, Roboter-Rasenm\u00e4her, 360..."},"content":{"rendered":"<p>\n                                             Von der Marke   <\/p>\n<p>                                              <img decoding=\"async\" alt=\"DE\" src=\"https:\/\/images-na.ssl-images-amazon.com\/images\/G\/01\/x-locale\/common\/grey-pixel.gif\" class=\"a-lazy-loaded\" data-src=\"https:\/\/m.media-amazon.com\/images\/S\/aplus-media-library-service-media\/408fd0a6-2f13-4355-bb20-1b4d6fb5669c.__CR0,0,1464,625_PT0_SX1464_V1___.jpg\"><img decoding=\"async\" alt=\"DE\" src=\"https:\/\/m.media-amazon.com\/images\/S\/aplus-media-library-service-media\/408fd0a6-2f13-4355-bb20-1b4d6fb5669c.__CR0,0,1464,625_PT0_SX1464_V1___.jpg\">  <\/p>\n<p>                                              <img decoding=\"async\" alt=\"\" src=\"https:\/\/images-na.ssl-images-amazon.com\/images\/G\/01\/x-locale\/common\/grey-pixel.gif\" class=\"a-lazy-loaded\" data-src=\"https:\/\/m.media-amazon.com\/images\/S\/aplus-media-library-service-media\/8d019f28-d2c2-4cda-930c-a9648971204e.__CR0,0,628,289_PT0_SX315_V1___.jpg\"><img decoding=\"async\" alt=\"\" src=\"https:\/\/m.media-amazon.com\/images\/S\/aplus-media-library-service-media\/8d019f28-d2c2-4cda-930c-a9648971204e.__CR0,0,628,289_PT0_SX315_V1___.jpg\">  <\/p>\n<p>  MOVA ist eine innovative Marke, die Haushaltsger\u00e4te mit intelligenten Technologien kombiniert. Ziel ist es, neue M\u00f6glichkeiten zu erkunden und Technologien zu entwickeln, um das Leben der Verbraucher zu revolutionieren. <\/p>\n<p>  MOVA m\u00f6chte vielf\u00e4ltige Wohnerlebnisse f\u00fcr alle schaffen und Menschen dazu ermutigen, ihren eigenen Lebensstil zu entdecken und zu \u00fcbernehmen. <\/p>\n<p>                                              <img decoding=\"async\" alt=\"DE\" src=\"https:\/\/images-na.ssl-images-amazon.com\/images\/G\/01\/x-locale\/common\/grey-pixel.gif\" class=\"a-lazy-loaded\" data-src=\"https:\/\/m.media-amazon.com\/images\/S\/aplus-media-library-service-media\/6f252229-3227-4970-87d9-f9f59dd3a1a3.__CR0,0,362,453_PT0_SX362_V1___.png\"><img decoding=\"async\" alt=\"DE\" src=\"https:\/\/m.media-amazon.com\/images\/S\/aplus-media-library-service-media\/6f252229-3227-4970-87d9-f9f59dd3a1a3.__CR0,0,362,453_PT0_SX362_V1___.png\">  <\/p>\n<p>                                              <img decoding=\"async\" alt=\"DE\" src=\"https:\/\/images-na.ssl-images-amazon.com\/images\/G\/01\/x-locale\/common\/grey-pixel.gif\" class=\"a-lazy-loaded\" data-src=\"https:\/\/m.media-amazon.com\/images\/S\/aplus-media-library-service-media\/0fee0b15-a7aa-4a5a-9f63-3c19deeb442e.__CR0,0,362,453_PT0_SX362_V1___.png\"><img decoding=\"async\" alt=\"DE\" src=\"https:\/\/m.media-amazon.com\/images\/S\/aplus-media-library-service-media\/0fee0b15-a7aa-4a5a-9f63-3c19deeb442e.__CR0,0,362,453_PT0_SX362_V1___.png\">  <\/p>\n<p>                                              <img decoding=\"async\" alt=\"DE\" src=\"https:\/\/images-na.ssl-images-amazon.com\/images\/G\/01\/x-locale\/common\/grey-pixel.gif\" class=\"a-lazy-loaded\" data-src=\"https:\/\/m.media-amazon.com\/images\/S\/aplus-media-library-service-media\/d988373f-d58e-4103-a02d-f1f0d8f1e154.__CR0,0,362,453_PT0_SX362_V1___.png\"><img decoding=\"async\" alt=\"DE\" src=\"https:\/\/m.media-amazon.com\/images\/S\/aplus-media-library-service-media\/d988373f-d58e-4103-a02d-f1f0d8f1e154.__CR0,0,362,453_PT0_SX362_V1___.png\">  <\/p>\n<p>                                              <img decoding=\"async\" alt=\"DE\" src=\"https:\/\/images-na.ssl-images-amazon.com\/images\/G\/01\/x-locale\/common\/grey-pixel.gif\" class=\"a-lazy-loaded\" data-src=\"https:\/\/m.media-amazon.com\/images\/S\/aplus-media-library-service-media\/5391b6bb-db14-439e-b3f2-d4c54ad398a2.__CR0,0,362,453_PT0_SX362_V1___.png\"><img decoding=\"async\" alt=\"DE\" src=\"https:\/\/m.media-amazon.com\/images\/S\/aplus-media-library-service-media\/5391b6bb-db14-439e-b3f2-d4c54ad398a2.__CR0,0,362,453_PT0_SX362_V1___.png\">  <\/p>\n<p>                                              <img decoding=\"async\" alt=\"DE\" src=\"https:\/\/images-na.ssl-images-amazon.com\/images\/G\/01\/x-locale\/common\/grey-pixel.gif\" class=\"a-lazy-loaded\" data-src=\"https:\/\/m.media-amazon.com\/images\/S\/aplus-media-library-service-media\/834d9bcc-17f8-4fcd-9f7c-20a6aefb6709.__CR0,0,362,453_PT0_SX362_V1___.png\"><img decoding=\"async\" alt=\"DE\" src=\"https:\/\/m.media-amazon.com\/images\/S\/aplus-media-library-service-media\/834d9bcc-17f8-4fcd-9f7c-20a6aefb6709.__CR0,0,362,453_PT0_SX362_V1___.png\">  <\/p>\n<p>                                              <img decoding=\"async\" alt=\"DE\" src=\"https:\/\/images-na.ssl-images-amazon.com\/images\/G\/01\/x-locale\/common\/grey-pixel.gif\" class=\"a-lazy-loaded\" data-src=\"https:\/\/m.media-amazon.com\/images\/S\/aplus-media-library-service-media\/1407e763-9cd9-4a67-8e2b-12e99324b5b7.__CR0,0,362,453_PT0_SX362_V1___.png\"><img decoding=\"async\" alt=\"DE\" src=\"https:\/\/m.media-amazon.com\/images\/S\/aplus-media-library-service-media\/1407e763-9cd9-4a67-8e2b-12e99324b5b7.__CR0,0,362,453_PT0_SX362_V1___.png\">  <\/p>\n<h3>  Zubeh\u00f6r <\/h3>\n<p>UltraView-Umgebungs\u00fcberwachungstechnologie: Mit hochpr\u00e4zisem 3D-LiDAR erfasst der Mova 1000 einen Bereich von bis zu 30 Metern mit einem Weitwinkel von 360 Grad \u00d7 59 Grad und zentimetergenauer Pr\u00e4zision; Es kann komplexe 3D-Umgebungen in Bewegung wahrnehmen und Punktwolkendaten f\u00fcr die Kartierung, Hindernisvermeidung und andere Aufgaben generieren<br \/>Einfache und schnelle kabellose Einrichtung sowie genaue Kartierung: Steuern Sie den Mova 1000 aus der Ferne, um virtuelle Grenzen zu setzen; Es nimmt seine 3D-Umgebung w\u00e4hrend der Bewegung nahtlos wahr, navigiert selbstst\u00e4ndig und erstellt in Echtzeit pr\u00e4zise 3D-Karten von G\u00e4rten; Es ist keine Verkabelung oder Installation einer RTK-Basisstation erforderlich<br \/>Pr\u00e4zise Position, bereit f\u00fcr den Einsatz im Freien: Im Gegensatz zu herk\u00f6mmlichem GPS verbessert die UltraView-Technologie die Positionsgenauigkeit erheblich; Durch das Scannen von Punktwolken in Echtzeit ist der Mova 1000 in der Lage, verschiedene komplexe Au\u00dfenbedingungen effizient zu bew\u00e4ltigen, sowohl bei schlechten Lichtverh\u00e4ltnissen als auch bei hellem Licht und auf flachem oder geneigtem Gel\u00e4nde (bis zu 45 Prozent\/24 Grad).<br \/>\u00c4u\u00dferst mobil, langlebig und rasenschonend: Der Mova 1000 verf\u00fcgt \u00fcber robuste Offroad-R\u00e4der, die f\u00fcr hervorragende Traktion sorgen, die Rutschgefahr an H\u00e4ngen oder auf ebenem Untergrund verringern und den M\u00e4her insgesamt sch\u00fctzen; Dieses Design minimiert Sch\u00e4den am Rasen und sorgt f\u00fcr ein gleichm\u00e4\u00dfigeres und effektiveres M\u00e4herlebnis<br \/>Intelligente Hindernisvermeidung: Der Mova 1000 nutzt die UltraView-Technologie und fortschrittliche intelligente Algorithmen f\u00fcr den Einsatz im Freien, um normale Gartenobjekte oder Haustiere innerhalb der angegebenen Grenzen zu erkennen und ihnen auszuweichen, um einen sichereren Betrieb zu gew\u00e4hrleisten<br \/>Smarter App-Assistent f\u00fcr die Karten- und M\u00e4hverwaltung: Mit der MOVAhome-App k\u00f6nnen Sie Ihr M\u00e4herlebnis bequem aus der Ferne verwalten; Passen Sie Einstellungen wie M\u00e4hrichtung, Effizienz und Zeitplan an, um Ihren M\u00e4hplan individuell einzurichten. Die App verf\u00fcgt au\u00dferdem \u00fcber eine Dual-Kartenfunktion, die sich gut f\u00fcr die Handhabung einzelner Bereiche eignet und mehr Flexibilit\u00e4t bietet<\/p>\n<p>[ad_2]<\/p>\n","protected":false},"excerpt":{"rendered":"<p>Von der Marke MOVA ist eine innovative Marke, die Haushaltsger\u00e4te mit intelligenten Technologien kombiniert. Ziel ist es, neue M\u00f6glichkeiten zu erkunden und Technologien zu entwickeln, um das Leben der Verbraucher zu revolutionieren. MOVA m\u00f6chte vielf\u00e4ltige Wohnerlebnisse f\u00fcr alle schaffen und Menschen dazu ermutigen, ihren eigenen Lebensstil zu entdecken und zu \u00fcbernehmen. Zubeh\u00f6r UltraView-Umgebungs\u00fcberwachungstechnologie: Mit hochpr\u00e4zisem [&hellip;]<\/p>\n","protected":false},"featured_media":4720,"comment_status":"open","ping_status":"closed","template":"","meta":{"_aipt_faq_data":""},"store":[],"product_brand":[139],"product_cat":[28],"product_tag":[68],"class_list":{"0":"post-4719","1":"product","2":"type-product","3":"status-publish","4":"has-post-thumbnail","6":"product_brand-mova","7":"product_cat-trending","8":"product_tag-rasenmaehroboter-mit-gps","10":"first","11":"instock","12":"sale","13":"shipping-taxable","14":"product-type-external"},"yoast_head":"<!-- This site is optimized with the Yoast SEO plugin v27.4 - https:\/\/yoast.com\/product\/yoast-seo-wordpress\/ -->\n<title>MOVA 1000, Roboter-Rasenm\u00e4her, 360\u00b0 3D LiDAR Wireless-Einrichtung und genaue Kartierung bis zu 1000 m\u00b2, Roboter-Rasenm\u00e4her ohne Begrenzungskabel, intelligente Hindernisvermeidung, verbesserte Gel\u00e4nderr\u00e4der, U-f\u00f6rmig - EasyLifeBro<\/title>\n<meta name=\"description\" content=\"Entdecken Sie smarte Roboter f\u00fcr Zuhause, Garten, Bildung und Sicherheit. Vergleichen Sie Saugroboter, Rasenm\u00e4hroboter, KI-Begleitroboter und mehr bei EasyLifeRobo.\" \/>\n<meta name=\"robots\" content=\"index, follow, max-snippet:-1, max-image-preview:large, max-video-preview:-1\" \/>\n<link rel=\"canonical\" href=\"https:\/\/easyliferobo.com\/de\/product\/mova-1000-roboter-rasenmaeher-360-3d-lidar-wireless-einrichtung-und-genaue-kartierung-bis-zu-1000-m\u00b2-roboter-rasenmaeher-ohne-begrenzungskabel-intelligente-hindernisvermeidung-verbesse\/\" \/>\n<meta property=\"og:locale\" content=\"de_DE\" \/>\n<meta property=\"og:type\" content=\"article\" \/>\n<meta property=\"og:title\" content=\"MOVA 1000, Roboter-Rasenm\u00e4her, 360\u00b0 3D LiDAR Wireless-Einrichtung und genaue Kartierung bis zu 1000 m\u00b2, Roboter-Rasenm\u00e4her ohne Begrenzungskabel, intelligente Hindernisvermeidung, verbesserte Gel\u00e4nderr\u00e4der, U-f\u00f6rmig - EasyLifeBro\" \/>\n<meta property=\"og:description\" content=\"Entdecken Sie smarte Roboter f\u00fcr Zuhause, Garten, Bildung und Sicherheit. Vergleichen Sie Saugroboter, Rasenm\u00e4hroboter, KI-Begleitroboter und mehr bei EasyLifeRobo.\" \/>\n<meta property=\"og:url\" content=\"https:\/\/easyliferobo.com\/de\/product\/mova-1000-roboter-rasenmaeher-360-3d-lidar-wireless-einrichtung-und-genaue-kartierung-bis-zu-1000-m\u00b2-roboter-rasenmaeher-ohne-begrenzungskabel-intelligente-hindernisvermeidung-verbesse\/\" \/>\n<meta property=\"og:site_name\" content=\"EasyLifeBro\" \/>\n<meta property=\"article:modified_time\" content=\"2026-02-27T14:00:53+00:00\" \/>\n<meta property=\"og:image\" content=\"https:\/\/images-na.ssl-images-amazon.com\/images\/G\/01\/x-locale\/common\/grey-pixel.gif\" \/>\n<meta name=\"twitter:card\" content=\"summary_large_image\" \/>\n<meta name=\"twitter:label1\" content=\"Gesch\u00e4tzte Lesezeit\" \/>\n\t<meta name=\"twitter:data1\" content=\"2\u00a0Minuten\" \/>\n<script type=\"application\/ld+json\" class=\"yoast-schema-graph\">{\"@context\":\"https:\\\/\\\/schema.org\",\"@graph\":[{\"@type\":\"WebPage\",\"@id\":\"https:\\\/\\\/easyliferobo.com\\\/de\\\/product\\\/mova-1000-roboter-rasenmaeher-360-3d-lidar-wireless-einrichtung-und-genaue-kartierung-bis-zu-1000-m%c2%b2-roboter-rasenmaeher-ohne-begrenzungskabel-intelligente-hindernisvermeidung-verbesse\\\/\",\"url\":\"https:\\\/\\\/easyliferobo.com\\\/de\\\/product\\\/mova-1000-roboter-rasenmaeher-360-3d-lidar-wireless-einrichtung-und-genaue-kartierung-bis-zu-1000-m%c2%b2-roboter-rasenmaeher-ohne-begrenzungskabel-intelligente-hindernisvermeidung-verbesse\\\/\",\"name\":\"MOVA 1000, Roboter-Rasenm\u00e4her, 360\u00b0 3D LiDAR Wireless-Einrichtung und genaue Kartierung bis zu 1000 m\u00b2, Roboter-Rasenm\u00e4her ohne Begrenzungskabel, intelligente Hindernisvermeidung, verbesserte Gel\u00e4nderr\u00e4der, U-f\u00f6rmig - EasyLifeBro\",\"isPartOf\":{\"@id\":\"https:\\\/\\\/easyliferobo.com\\\/de\\\/#website\"},\"primaryImageOfPage\":{\"@id\":\"https:\\\/\\\/easyliferobo.com\\\/de\\\/product\\\/mova-1000-roboter-rasenmaeher-360-3d-lidar-wireless-einrichtung-und-genaue-kartierung-bis-zu-1000-m%c2%b2-roboter-rasenmaeher-ohne-begrenzungskabel-intelligente-hindernisvermeidung-verbesse\\\/#primaryimage\"},\"image\":{\"@id\":\"https:\\\/\\\/easyliferobo.com\\\/de\\\/product\\\/mova-1000-roboter-rasenmaeher-360-3d-lidar-wireless-einrichtung-und-genaue-kartierung-bis-zu-1000-m%c2%b2-roboter-rasenmaeher-ohne-begrenzungskabel-intelligente-hindernisvermeidung-verbesse\\\/#primaryimage\"},\"thumbnailUrl\":\"https:\\\/\\\/easyliferobo.com\\\/de\\\/wp-content\\\/uploads\\\/2026\\\/02\\\/712rin05asL._AC_SL1500_.jpg\",\"datePublished\":\"2026-02-27T14:00:29+00:00\",\"dateModified\":\"2026-02-27T14:00:53+00:00\",\"description\":\"Entdecken Sie smarte Roboter f\u00fcr Zuhause, Garten, Bildung und Sicherheit. Vergleichen Sie Saugroboter, Rasenm\u00e4hroboter, KI-Begleitroboter und mehr bei EasyLifeRobo.\",\"breadcrumb\":{\"@id\":\"https:\\\/\\\/easyliferobo.com\\\/de\\\/product\\\/mova-1000-roboter-rasenmaeher-360-3d-lidar-wireless-einrichtung-und-genaue-kartierung-bis-zu-1000-m%c2%b2-roboter-rasenmaeher-ohne-begrenzungskabel-intelligente-hindernisvermeidung-verbesse\\\/#breadcrumb\"},\"inLanguage\":\"de\",\"potentialAction\":[{\"@type\":\"ReadAction\",\"target\":[\"https:\\\/\\\/easyliferobo.com\\\/de\\\/product\\\/mova-1000-roboter-rasenmaeher-360-3d-lidar-wireless-einrichtung-und-genaue-kartierung-bis-zu-1000-m%c2%b2-roboter-rasenmaeher-ohne-begrenzungskabel-intelligente-hindernisvermeidung-verbesse\\\/\"]}]},{\"@type\":\"ImageObject\",\"inLanguage\":\"de\",\"@id\":\"https:\\\/\\\/easyliferobo.com\\\/de\\\/product\\\/mova-1000-roboter-rasenmaeher-360-3d-lidar-wireless-einrichtung-und-genaue-kartierung-bis-zu-1000-m%c2%b2-roboter-rasenmaeher-ohne-begrenzungskabel-intelligente-hindernisvermeidung-verbesse\\\/#primaryimage\",\"url\":\"https:\\\/\\\/easyliferobo.com\\\/de\\\/wp-content\\\/uploads\\\/2026\\\/02\\\/712rin05asL._AC_SL1500_.jpg\",\"contentUrl\":\"https:\\\/\\\/easyliferobo.com\\\/de\\\/wp-content\\\/uploads\\\/2026\\\/02\\\/712rin05asL._AC_SL1500_.jpg\",\"width\":1500,\"height\":1324},{\"@type\":\"BreadcrumbList\",\"@id\":\"https:\\\/\\\/easyliferobo.com\\\/de\\\/product\\\/mova-1000-roboter-rasenmaeher-360-3d-lidar-wireless-einrichtung-und-genaue-kartierung-bis-zu-1000-m%c2%b2-roboter-rasenmaeher-ohne-begrenzungskabel-intelligente-hindernisvermeidung-verbesse\\\/#breadcrumb\",\"itemListElement\":[{\"@type\":\"ListItem\",\"position\":1,\"name\":\"Home\",\"item\":\"https:\\\/\\\/easyliferobo.com\\\/de\\\/\"},{\"@type\":\"ListItem\",\"position\":2,\"name\":\"Shop\",\"item\":\"https:\\\/\\\/easyliferobo.com\\\/de\\\/shop\\\/\"},{\"@type\":\"ListItem\",\"position\":3,\"name\":\"MOVA 1000, Roboter-Rasenm\u00e4her, 360...\"}]},{\"@type\":\"WebSite\",\"@id\":\"https:\\\/\\\/easyliferobo.com\\\/de\\\/#website\",\"url\":\"https:\\\/\\\/easyliferobo.com\\\/de\\\/\",\"name\":\"EasyLifeBro\",\"description\":\"Smarte Roboter f\u00fcr Zuhause, Garten &amp; Bildung\",\"publisher\":{\"@id\":\"https:\\\/\\\/easyliferobo.com\\\/de\\\/#organization\"},\"potentialAction\":[{\"@type\":\"SearchAction\",\"target\":{\"@type\":\"EntryPoint\",\"urlTemplate\":\"https:\\\/\\\/easyliferobo.com\\\/de\\\/?s={search_term_string}\"},\"query-input\":{\"@type\":\"PropertyValueSpecification\",\"valueRequired\":true,\"valueName\":\"search_term_string\"}}],\"inLanguage\":\"de\"},{\"@type\":\"Organization\",\"@id\":\"https:\\\/\\\/easyliferobo.com\\\/de\\\/#organization\",\"name\":\"EasyLifeBro\",\"url\":\"https:\\\/\\\/easyliferobo.com\\\/de\\\/\",\"logo\":{\"@type\":\"ImageObject\",\"inLanguage\":\"de\",\"@id\":\"https:\\\/\\\/easyliferobo.com\\\/de\\\/#\\\/schema\\\/logo\\\/image\\\/\",\"url\":\"https:\\\/\\\/easyliferobo.com\\\/de\\\/wp-content\\\/uploads\\\/2026\\\/02\\\/Screenshot-2026-02-22-at-2.25.03-PM.png\",\"contentUrl\":\"https:\\\/\\\/easyliferobo.com\\\/de\\\/wp-content\\\/uploads\\\/2026\\\/02\\\/Screenshot-2026-02-22-at-2.25.03-PM.png\",\"width\":1858,\"height\":430,\"caption\":\"EasyLifeBro\"},\"image\":{\"@id\":\"https:\\\/\\\/easyliferobo.com\\\/de\\\/#\\\/schema\\\/logo\\\/image\\\/\"}}]}<\/script>\n<!-- \/ Yoast SEO plugin. -->","yoast_head_json":{"title":"MOVA 1000, Roboter-Rasenm\u00e4her, 360\u00b0 3D LiDAR Wireless-Einrichtung und genaue Kartierung bis zu 1000 m\u00b2, Roboter-Rasenm\u00e4her ohne Begrenzungskabel, intelligente Hindernisvermeidung, verbesserte Gel\u00e4nderr\u00e4der, U-f\u00f6rmig - EasyLifeBro","description":"Entdecken Sie smarte Roboter f\u00fcr Zuhause, Garten, Bildung und Sicherheit. Vergleichen Sie Saugroboter, Rasenm\u00e4hroboter, KI-Begleitroboter und mehr bei EasyLifeRobo.","robots":{"index":"index","follow":"follow","max-snippet":"max-snippet:-1","max-image-preview":"max-image-preview:large","max-video-preview":"max-video-preview:-1"},"canonical":"https:\/\/easyliferobo.com\/de\/product\/mova-1000-roboter-rasenmaeher-360-3d-lidar-wireless-einrichtung-und-genaue-kartierung-bis-zu-1000-m\u00b2-roboter-rasenmaeher-ohne-begrenzungskabel-intelligente-hindernisvermeidung-verbesse\/","og_locale":"de_DE","og_type":"article","og_title":"MOVA 1000, Roboter-Rasenm\u00e4her, 360\u00b0 3D LiDAR Wireless-Einrichtung und genaue Kartierung bis zu 1000 m\u00b2, Roboter-Rasenm\u00e4her ohne Begrenzungskabel, intelligente Hindernisvermeidung, verbesserte Gel\u00e4nderr\u00e4der, U-f\u00f6rmig - EasyLifeBro","og_description":"Entdecken Sie smarte Roboter f\u00fcr Zuhause, Garten, Bildung und Sicherheit. Vergleichen Sie Saugroboter, Rasenm\u00e4hroboter, KI-Begleitroboter und mehr bei EasyLifeRobo.","og_url":"https:\/\/easyliferobo.com\/de\/product\/mova-1000-roboter-rasenmaeher-360-3d-lidar-wireless-einrichtung-und-genaue-kartierung-bis-zu-1000-m\u00b2-roboter-rasenmaeher-ohne-begrenzungskabel-intelligente-hindernisvermeidung-verbesse\/","og_site_name":"EasyLifeBro","article_modified_time":"2026-02-27T14:00:53+00:00","og_image":[{"url":"https:\/\/images-na.ssl-images-amazon.com\/images\/G\/01\/x-locale\/common\/grey-pixel.gif","type":"","width":"","height":""}],"twitter_card":"summary_large_image","twitter_misc":{"Gesch\u00e4tzte Lesezeit":"2\u00a0Minuten"},"schema":{"@context":"https:\/\/schema.org","@graph":[{"@type":"WebPage","@id":"https:\/\/easyliferobo.com\/de\/product\/mova-1000-roboter-rasenmaeher-360-3d-lidar-wireless-einrichtung-und-genaue-kartierung-bis-zu-1000-m%c2%b2-roboter-rasenmaeher-ohne-begrenzungskabel-intelligente-hindernisvermeidung-verbesse\/","url":"https:\/\/easyliferobo.com\/de\/product\/mova-1000-roboter-rasenmaeher-360-3d-lidar-wireless-einrichtung-und-genaue-kartierung-bis-zu-1000-m%c2%b2-roboter-rasenmaeher-ohne-begrenzungskabel-intelligente-hindernisvermeidung-verbesse\/","name":"MOVA 1000, Roboter-Rasenm\u00e4her, 360\u00b0 3D LiDAR Wireless-Einrichtung und genaue Kartierung bis zu 1000 m\u00b2, Roboter-Rasenm\u00e4her ohne Begrenzungskabel, intelligente Hindernisvermeidung, verbesserte Gel\u00e4nderr\u00e4der, U-f\u00f6rmig - EasyLifeBro","isPartOf":{"@id":"https:\/\/easyliferobo.com\/de\/#website"},"primaryImageOfPage":{"@id":"https:\/\/easyliferobo.com\/de\/product\/mova-1000-roboter-rasenmaeher-360-3d-lidar-wireless-einrichtung-und-genaue-kartierung-bis-zu-1000-m%c2%b2-roboter-rasenmaeher-ohne-begrenzungskabel-intelligente-hindernisvermeidung-verbesse\/#primaryimage"},"image":{"@id":"https:\/\/easyliferobo.com\/de\/product\/mova-1000-roboter-rasenmaeher-360-3d-lidar-wireless-einrichtung-und-genaue-kartierung-bis-zu-1000-m%c2%b2-roboter-rasenmaeher-ohne-begrenzungskabel-intelligente-hindernisvermeidung-verbesse\/#primaryimage"},"thumbnailUrl":"https:\/\/easyliferobo.com\/de\/wp-content\/uploads\/2026\/02\/712rin05asL._AC_SL1500_.jpg","datePublished":"2026-02-27T14:00:29+00:00","dateModified":"2026-02-27T14:00:53+00:00","description":"Entdecken Sie smarte Roboter f\u00fcr Zuhause, Garten, Bildung und Sicherheit. Vergleichen Sie Saugroboter, Rasenm\u00e4hroboter, KI-Begleitroboter und mehr bei EasyLifeRobo.","breadcrumb":{"@id":"https:\/\/easyliferobo.com\/de\/product\/mova-1000-roboter-rasenmaeher-360-3d-lidar-wireless-einrichtung-und-genaue-kartierung-bis-zu-1000-m%c2%b2-roboter-rasenmaeher-ohne-begrenzungskabel-intelligente-hindernisvermeidung-verbesse\/#breadcrumb"},"inLanguage":"de","potentialAction":[{"@type":"ReadAction","target":["https:\/\/easyliferobo.com\/de\/product\/mova-1000-roboter-rasenmaeher-360-3d-lidar-wireless-einrichtung-und-genaue-kartierung-bis-zu-1000-m%c2%b2-roboter-rasenmaeher-ohne-begrenzungskabel-intelligente-hindernisvermeidung-verbesse\/"]}]},{"@type":"ImageObject","inLanguage":"de","@id":"https:\/\/easyliferobo.com\/de\/product\/mova-1000-roboter-rasenmaeher-360-3d-lidar-wireless-einrichtung-und-genaue-kartierung-bis-zu-1000-m%c2%b2-roboter-rasenmaeher-ohne-begrenzungskabel-intelligente-hindernisvermeidung-verbesse\/#primaryimage","url":"https:\/\/easyliferobo.com\/de\/wp-content\/uploads\/2026\/02\/712rin05asL._AC_SL1500_.jpg","contentUrl":"https:\/\/easyliferobo.com\/de\/wp-content\/uploads\/2026\/02\/712rin05asL._AC_SL1500_.jpg","width":1500,"height":1324},{"@type":"BreadcrumbList","@id":"https:\/\/easyliferobo.com\/de\/product\/mova-1000-roboter-rasenmaeher-360-3d-lidar-wireless-einrichtung-und-genaue-kartierung-bis-zu-1000-m%c2%b2-roboter-rasenmaeher-ohne-begrenzungskabel-intelligente-hindernisvermeidung-verbesse\/#breadcrumb","itemListElement":[{"@type":"ListItem","position":1,"name":"Home","item":"https:\/\/easyliferobo.com\/de\/"},{"@type":"ListItem","position":2,"name":"Shop","item":"https:\/\/easyliferobo.com\/de\/shop\/"},{"@type":"ListItem","position":3,"name":"MOVA 1000, Roboter-Rasenm\u00e4her, 360..."}]},{"@type":"WebSite","@id":"https:\/\/easyliferobo.com\/de\/#website","url":"https:\/\/easyliferobo.com\/de\/","name":"EasyLifeBro","description":"Smarte Roboter f\u00fcr Zuhause, Garten &amp; Bildung","publisher":{"@id":"https:\/\/easyliferobo.com\/de\/#organization"},"potentialAction":[{"@type":"SearchAction","target":{"@type":"EntryPoint","urlTemplate":"https:\/\/easyliferobo.com\/de\/?s={search_term_string}"},"query-input":{"@type":"PropertyValueSpecification","valueRequired":true,"valueName":"search_term_string"}}],"inLanguage":"de"},{"@type":"Organization","@id":"https:\/\/easyliferobo.com\/de\/#organization","name":"EasyLifeBro","url":"https:\/\/easyliferobo.com\/de\/","logo":{"@type":"ImageObject","inLanguage":"de","@id":"https:\/\/easyliferobo.com\/de\/#\/schema\/logo\/image\/","url":"https:\/\/easyliferobo.com\/de\/wp-content\/uploads\/2026\/02\/Screenshot-2026-02-22-at-2.25.03-PM.png","contentUrl":"https:\/\/easyliferobo.com\/de\/wp-content\/uploads\/2026\/02\/Screenshot-2026-02-22-at-2.25.03-PM.png","width":1858,"height":430,"caption":"EasyLifeBro"},"image":{"@id":"https:\/\/easyliferobo.com\/de\/#\/schema\/logo\/image\/"}}]}},"_links":{"self":[{"href":"https:\/\/easyliferobo.com\/de\/wp-json\/wp\/v2\/product\/4719","targetHints":{"allow":["GET"]}}],"collection":[{"href":"https:\/\/easyliferobo.com\/de\/wp-json\/wp\/v2\/product"}],"about":[{"href":"https:\/\/easyliferobo.com\/de\/wp-json\/wp\/v2\/types\/product"}],"replies":[{"embeddable":true,"href":"https:\/\/easyliferobo.com\/de\/wp-json\/wp\/v2\/comments?post=4719"}],"wp:featuredmedia":[{"embeddable":true,"href":"https:\/\/easyliferobo.com\/de\/wp-json\/wp\/v2\/media\/4720"}],"wp:attachment":[{"href":"https:\/\/easyliferobo.com\/de\/wp-json\/wp\/v2\/media?parent=4719"}],"wp:term":[{"taxonomy":"store","embeddable":true,"href":"https:\/\/easyliferobo.com\/de\/wp-json\/wp\/v2\/store?post=4719"},{"taxonomy":"product_brand","embeddable":true,"href":"https:\/\/easyliferobo.com\/de\/wp-json\/wp\/v2\/product_brand?post=4719"},{"taxonomy":"product_cat","embeddable":true,"href":"https:\/\/easyliferobo.com\/de\/wp-json\/wp\/v2\/product_cat?post=4719"},{"taxonomy":"product_tag","embeddable":true,"href":"https:\/\/easyliferobo.com\/de\/wp-json\/wp\/v2\/product_tag?post=4719"}],"curies":[{"name":"wp","href":"https:\/\/api.w.org\/{rel}","templated":true}]}}