
{"id":4709,"date":"2026-02-27T13:58:35","date_gmt":"2026-02-27T13:58:35","guid":{"rendered":"https:\/\/easyliferobo.com\/de\/product\/roborock-q10-s5-roboter-staubsauger-set-mit-wischfunktion-10-000-pa-hyperforce-saugkraft-dual-anti-tangle-system-automatisches-heben-des-wischens-ideal-fuer-tierhaare-teppiche-hartboeden-schwa\/"},"modified":"2026-02-27T13:58:55","modified_gmt":"2026-02-27T13:58:55","slug":"roborock-q10-s5-roboter-staubsauger-set-mit-wischfunktion-10-000-pa-hyperforce-saugkraft-dual-anti-tangle-system-automatisches-heben-des-wischens-ideal-fuer-tierhaare-teppiche-hartboeden-schwa","status":"publish","type":"product","link":"https:\/\/easyliferobo.com\/de\/product\/roborock-q10-s5-roboter-staubsauger-set-mit-wischfunktion-10-000-pa-hyperforce-saugkraft-dual-anti-tangle-system-automatisches-heben-des-wischens-ideal-fuer-tierhaare-teppiche-hartboeden-schwa\/","title":{"rendered":"roborock Q10 S5+ Roboter-Staubsauge..."},"content":{"rendered":"<p>\n                                             Von der Marke   <\/p>\n<p>                                              <img decoding=\"async\" alt=\"\" src=\"https:\/\/images-na.ssl-images-amazon.com\/images\/G\/01\/x-locale\/common\/grey-pixel.gif\" class=\"a-lazy-loaded\" data-src=\"https:\/\/m.media-amazon.com\/images\/S\/aplus-media-library-service-media\/eef8d969-7c20-4610-bff6-6a91bc683c3e.__CR0,0,1464,625_PT0_SX1464_V1___.jpg\"><img decoding=\"async\" alt=\"\" src=\"https:\/\/m.media-amazon.com\/images\/S\/aplus-media-library-service-media\/eef8d969-7c20-4610-bff6-6a91bc683c3e.__CR0,0,1464,625_PT0_SX1464_V1___.jpg\">  <\/p>\n<p>                                              <img decoding=\"async\" alt=\"\" src=\"https:\/\/images-na.ssl-images-amazon.com\/images\/G\/01\/x-locale\/common\/grey-pixel.gif\" class=\"a-lazy-loaded\" data-src=\"https:\/\/m.media-amazon.com\/images\/S\/aplus-media-library-service-media\/89823498-7fb0-4262-a2a6-7c3b9690c63d.__CR0,0,315,145_PT0_SX315_V1___.jpg\"><img decoding=\"async\" alt=\"\" src=\"https:\/\/m.media-amazon.com\/images\/S\/aplus-media-library-service-media\/89823498-7fb0-4262-a2a6-7c3b9690c63d.__CR0,0,315,145_PT0_SX315_V1___.jpg\">  <\/p>\n<p>  Roborock ist auf die Forschung, Entwicklung und Produktion von Smart-Home-Robotern spezialisiert <\/p>\n<p>  Die Produkte von Roborock arbeiten so effizient, dass Menschen mehr Zeit f\u00fcr Dinge haben, die ihnen wichtig sind, und weniger Zeit mit Hausarbeit verbringen m\u00fcssen. Mit seinen intelligenten Robotern und Akkustaubsaugern bietet das Unternehmen vielf\u00e4ltige Produkte an und m\u00f6chte zu einem komfortableren und entspannteren Lebensstil der Menschen beitragen <\/p>\n<p>                                              <img decoding=\"async\" alt=\"Eine Grafik, die die Anzahl der Menschen auf der Welt zeigt.\" src=\"https:\/\/images-na.ssl-images-amazon.com\/images\/G\/01\/x-locale\/common\/grey-pixel.gif\" class=\"a-lazy-loaded\" data-src=\"https:\/\/m.media-amazon.com\/images\/S\/aplus-media-library-service-media\/e547801e-ddec-445d-8c47-4428d140d106.__CR0,0,362,453_PT0_SX362_V1___.jpg\"><img decoding=\"async\" alt=\"Eine Grafik, die die Anzahl der Menschen auf der Welt zeigt.\" src=\"https:\/\/m.media-amazon.com\/images\/S\/aplus-media-library-service-media\/e547801e-ddec-445d-8c47-4428d140d106.__CR0,0,362,453_PT0_SX362_V1___.jpg\">  <\/p>\n<p>                                              <img decoding=\"async\" alt=\"Roborock-Roboterstaubsauger\" src=\"https:\/\/images-na.ssl-images-amazon.com\/images\/G\/01\/x-locale\/common\/grey-pixel.gif\" class=\"a-lazy-loaded\" data-src=\"https:\/\/m.media-amazon.com\/images\/S\/aplus-media-library-service-media\/a6772a21-24e2-4f2c-a405-2f606f0d0f23.__CR0,0,362,453_PT0_SX362_V1___.jpg\"><img decoding=\"async\" alt=\"Roborock-Roboterstaubsauger\" src=\"https:\/\/m.media-amazon.com\/images\/S\/aplus-media-library-service-media\/a6772a21-24e2-4f2c-a405-2f606f0d0f23.__CR0,0,362,453_PT0_SX362_V1___.jpg\">  <\/p>\n<h3>  Roborock-Roboterstaubsauger <\/h3>\n<h3>  Roborock-Roboterstaubsauger <\/h3>\n<h3>  Roborock Nass- und Trockensauger <\/h3>\n<p>7 WOCHEN HANDFREIE REINIGUNG Genie\u00dfen Sie ultimativen Komfort mit der selbstentleerenden Station. Der gro\u00dfe 2,7-Liter-Staubsaugerbeutel sorgt f\u00fcr bis zu 7 Wochen wartungsfreie Reinigung \u2013 perfekt f\u00fcr vielbesch\u00e4ftigte Haushalte und Haustierbesitzer.<br \/>10.000 Pa HyperForce-Saugkraft: Mit einer beeindruckenden Saugkraft von 10.000 Pa entfernt er m\u00fchelos festsitzende Tierhaare, Kr\u00fcmel und Schmutz von Teppichen, Hartholzb\u00f6den und Rissen.<br \/>Duales Anti-Tangle-System: Ausgestattet mit einer JawScrapers Comb-Hauptb\u00fcrste und einer speziellen Anti-Tangle-Seitenb\u00fcrste minimiert dieses innovative System das Verheddern der Haare, sorgt f\u00fcr eine gleichm\u00e4\u00dfigere Leistung und reduziert den Bedarf an h\u00e4ufiger Wartung.<br \/>VibraRise 2.0-Wischsystem Erleben Sie die Kraft der Zweizonen-Schallvibrationstechnologie, die bis zu 3000 Mal pro Minute schrubbt, um alle Flecken und Verschmutzungen zu entfernen und Ihre B\u00f6den makellos zu hinterlassen. Es hebt Teppiche um bis zu 8 mm an und sorgt so f\u00fcr nahtlose \u00dcberg\u00e4nge.<br \/>Intelligente Teppichpflege mit Ultraschallerkennung Erkennt Teppiche intelligent und hebt die Wischmodule an, um N\u00e4sse zu vermeiden, w\u00e4hrend die Saugleistung automatisch erh\u00f6ht wird, um eine gr\u00fcndlichere Reinigung zu erm\u00f6glichen. Dies sorgt f\u00fcr eine effektive Schmutzentfernung und ein sauberes Zuhause, ohne empfindliche Oberfl\u00e4chen anzugreifen.<br \/>Reactive Tech-Hindernisvermeidung Die fortschrittliche Technologie mit strukturiertem Licht erkennt Hindernisse und umgeht sie pr\u00e4zise. So wird eine nahtlose Reinigung selbst in \u00fcberf\u00fcllten R\u00e4umen gew\u00e4hrleistet, w\u00e4hrend Sie sich zur\u00fccklehnen und entspannen k\u00f6nnen.<br \/>PreciSense LiDAR-Navigation: Das LiDAR-basierte System scannt 360\u00b0, um hochdetaillierte Karten zu erstellen und unterst\u00fctzt mehrstufige Kartierung f\u00fcr eine effiziente Navigation \u00fcber mehrere Etagen. Genie\u00dfen Sie eine pr\u00e4zise Routenplanung f\u00fcr eine schnelle, genaue und gr\u00fcndliche Reinigung in jedem Winkel Ihres Zuhauses.<br \/>Intelligente App-Steuerung: \u00dcbernehmen Sie mit der Roborock-APP die volle Kontrolle \u00fcber Ihre Reinigung: Planen Sie die Reinigung, passen Sie die Saugleistung an, stellen Sie den Absaugmodus ein, aktivieren Sie den automatischen Teppichlift und legen Sie Sperrzonen und Wischstufen fest \u2013 f\u00fcr ein intelligenteres, saubereres Zuhause, das auf Ihre Bed\u00fcrfnisse zugeschnitten ist.<br \/>Hinweis: F\u00fcr die App-Verbindung ist 2,4-GHz-WLAN erforderlich.<\/p>\n<p>[ad_2]<\/p>\n","protected":false},"excerpt":{"rendered":"<p>Von der Marke Roborock ist auf die Forschung, Entwicklung und Produktion von Smart-Home-Robotern spezialisiert Die Produkte von Roborock arbeiten so effizient, dass Menschen mehr Zeit f\u00fcr Dinge haben, die ihnen wichtig sind, und weniger Zeit mit Hausarbeit verbringen m\u00fcssen. Mit seinen intelligenten Robotern und Akkustaubsaugern bietet das Unternehmen vielf\u00e4ltige Produkte an und m\u00f6chte zu einem [&hellip;]<\/p>\n","protected":false},"featured_media":4710,"comment_status":"open","ping_status":"closed","template":"","meta":{"_aipt_faq_data":""},"store":[],"product_brand":[40],"product_cat":[72],"product_tag":[202],"class_list":{"0":"post-4709","1":"product","2":"type-product","3":"status-publish","4":"has-post-thumbnail","6":"product_brand-roborock","7":"product_cat-saugroboter","8":"product_tag-saugroboter-fuer-allergiker","10":"first","11":"instock","12":"shipping-taxable","13":"product-type-external"},"yoast_head":"<!-- This site is optimized with the Yoast SEO plugin v27.4 - https:\/\/yoast.com\/product\/yoast-seo-wordpress\/ -->\n<title>roborock Q10 S5+ Roboter-Staubsauger-Set mit Wischfunktion, 10.000 Pa HyperForce-Saugkraft, Dual-Anti-Tangle-System, automatisches Heben des Wischens, ideal f\u00fcr Tierhaare, Teppiche, Hartb\u00f6den (schwarz) - EasyLifeBro<\/title>\n<meta name=\"description\" content=\"Entdecken Sie smarte Roboter f\u00fcr Zuhause, Garten, Bildung und Sicherheit. Vergleichen Sie Saugroboter, Rasenm\u00e4hroboter, KI-Begleitroboter und mehr bei EasyLifeRobo.\" \/>\n<meta name=\"robots\" content=\"index, follow, max-snippet:-1, max-image-preview:large, max-video-preview:-1\" \/>\n<link rel=\"canonical\" href=\"https:\/\/easyliferobo.com\/de\/product\/roborock-q10-s5-roboter-staubsauger-set-mit-wischfunktion-10-000-pa-hyperforce-saugkraft-dual-anti-tangle-system-automatisches-heben-des-wischens-ideal-fuer-tierhaare-teppiche-hartboeden-schwa\/\" \/>\n<meta property=\"og:locale\" content=\"de_DE\" \/>\n<meta property=\"og:type\" content=\"article\" \/>\n<meta property=\"og:title\" content=\"roborock Q10 S5+ Roboter-Staubsauger-Set mit Wischfunktion, 10.000 Pa HyperForce-Saugkraft, Dual-Anti-Tangle-System, automatisches Heben des Wischens, ideal f\u00fcr Tierhaare, Teppiche, Hartb\u00f6den (schwarz) - EasyLifeBro\" \/>\n<meta property=\"og:description\" content=\"Entdecken Sie smarte Roboter f\u00fcr Zuhause, Garten, Bildung und Sicherheit. Vergleichen Sie Saugroboter, Rasenm\u00e4hroboter, KI-Begleitroboter und mehr bei EasyLifeRobo.\" \/>\n<meta property=\"og:url\" content=\"https:\/\/easyliferobo.com\/de\/product\/roborock-q10-s5-roboter-staubsauger-set-mit-wischfunktion-10-000-pa-hyperforce-saugkraft-dual-anti-tangle-system-automatisches-heben-des-wischens-ideal-fuer-tierhaare-teppiche-hartboeden-schwa\/\" \/>\n<meta property=\"og:site_name\" content=\"EasyLifeBro\" \/>\n<meta property=\"article:modified_time\" content=\"2026-02-27T13:58:55+00:00\" \/>\n<meta property=\"og:image\" content=\"https:\/\/images-na.ssl-images-amazon.com\/images\/G\/01\/x-locale\/common\/grey-pixel.gif\" \/>\n<meta name=\"twitter:card\" content=\"summary_large_image\" \/>\n<meta name=\"twitter:label1\" content=\"Gesch\u00e4tzte Lesezeit\" \/>\n\t<meta name=\"twitter:data1\" content=\"2\u00a0Minuten\" \/>\n<script type=\"application\/ld+json\" class=\"yoast-schema-graph\">{\"@context\":\"https:\\\/\\\/schema.org\",\"@graph\":[{\"@type\":\"WebPage\",\"@id\":\"https:\\\/\\\/easyliferobo.com\\\/de\\\/product\\\/roborock-q10-s5-roboter-staubsauger-set-mit-wischfunktion-10-000-pa-hyperforce-saugkraft-dual-anti-tangle-system-automatisches-heben-des-wischens-ideal-fuer-tierhaare-teppiche-hartboeden-schwa\\\/\",\"url\":\"https:\\\/\\\/easyliferobo.com\\\/de\\\/product\\\/roborock-q10-s5-roboter-staubsauger-set-mit-wischfunktion-10-000-pa-hyperforce-saugkraft-dual-anti-tangle-system-automatisches-heben-des-wischens-ideal-fuer-tierhaare-teppiche-hartboeden-schwa\\\/\",\"name\":\"roborock Q10 S5+ Roboter-Staubsauger-Set mit Wischfunktion, 10.000 Pa HyperForce-Saugkraft, Dual-Anti-Tangle-System, automatisches Heben des Wischens, ideal f\u00fcr Tierhaare, Teppiche, Hartb\u00f6den (schwarz) - EasyLifeBro\",\"isPartOf\":{\"@id\":\"https:\\\/\\\/easyliferobo.com\\\/de\\\/#website\"},\"primaryImageOfPage\":{\"@id\":\"https:\\\/\\\/easyliferobo.com\\\/de\\\/product\\\/roborock-q10-s5-roboter-staubsauger-set-mit-wischfunktion-10-000-pa-hyperforce-saugkraft-dual-anti-tangle-system-automatisches-heben-des-wischens-ideal-fuer-tierhaare-teppiche-hartboeden-schwa\\\/#primaryimage\"},\"image\":{\"@id\":\"https:\\\/\\\/easyliferobo.com\\\/de\\\/product\\\/roborock-q10-s5-roboter-staubsauger-set-mit-wischfunktion-10-000-pa-hyperforce-saugkraft-dual-anti-tangle-system-automatisches-heben-des-wischens-ideal-fuer-tierhaare-teppiche-hartboeden-schwa\\\/#primaryimage\"},\"thumbnailUrl\":\"https:\\\/\\\/easyliferobo.com\\\/de\\\/wp-content\\\/uploads\\\/2026\\\/02\\\/6166RYqGJwL._AC_SL1500_.jpg\",\"datePublished\":\"2026-02-27T13:58:35+00:00\",\"dateModified\":\"2026-02-27T13:58:55+00:00\",\"description\":\"Entdecken Sie smarte Roboter f\u00fcr Zuhause, Garten, Bildung und Sicherheit. Vergleichen Sie Saugroboter, Rasenm\u00e4hroboter, KI-Begleitroboter und mehr bei EasyLifeRobo.\",\"breadcrumb\":{\"@id\":\"https:\\\/\\\/easyliferobo.com\\\/de\\\/product\\\/roborock-q10-s5-roboter-staubsauger-set-mit-wischfunktion-10-000-pa-hyperforce-saugkraft-dual-anti-tangle-system-automatisches-heben-des-wischens-ideal-fuer-tierhaare-teppiche-hartboeden-schwa\\\/#breadcrumb\"},\"inLanguage\":\"de\",\"potentialAction\":[{\"@type\":\"ReadAction\",\"target\":[\"https:\\\/\\\/easyliferobo.com\\\/de\\\/product\\\/roborock-q10-s5-roboter-staubsauger-set-mit-wischfunktion-10-000-pa-hyperforce-saugkraft-dual-anti-tangle-system-automatisches-heben-des-wischens-ideal-fuer-tierhaare-teppiche-hartboeden-schwa\\\/\"]}]},{\"@type\":\"ImageObject\",\"inLanguage\":\"de\",\"@id\":\"https:\\\/\\\/easyliferobo.com\\\/de\\\/product\\\/roborock-q10-s5-roboter-staubsauger-set-mit-wischfunktion-10-000-pa-hyperforce-saugkraft-dual-anti-tangle-system-automatisches-heben-des-wischens-ideal-fuer-tierhaare-teppiche-hartboeden-schwa\\\/#primaryimage\",\"url\":\"https:\\\/\\\/easyliferobo.com\\\/de\\\/wp-content\\\/uploads\\\/2026\\\/02\\\/6166RYqGJwL._AC_SL1500_.jpg\",\"contentUrl\":\"https:\\\/\\\/easyliferobo.com\\\/de\\\/wp-content\\\/uploads\\\/2026\\\/02\\\/6166RYqGJwL._AC_SL1500_.jpg\",\"width\":1473,\"height\":1243},{\"@type\":\"BreadcrumbList\",\"@id\":\"https:\\\/\\\/easyliferobo.com\\\/de\\\/product\\\/roborock-q10-s5-roboter-staubsauger-set-mit-wischfunktion-10-000-pa-hyperforce-saugkraft-dual-anti-tangle-system-automatisches-heben-des-wischens-ideal-fuer-tierhaare-teppiche-hartboeden-schwa\\\/#breadcrumb\",\"itemListElement\":[{\"@type\":\"ListItem\",\"position\":1,\"name\":\"Home\",\"item\":\"https:\\\/\\\/easyliferobo.com\\\/de\\\/\"},{\"@type\":\"ListItem\",\"position\":2,\"name\":\"Shop\",\"item\":\"https:\\\/\\\/easyliferobo.com\\\/de\\\/shop\\\/\"},{\"@type\":\"ListItem\",\"position\":3,\"name\":\"roborock Q10 S5+ Roboter-Staubsauge...\"}]},{\"@type\":\"WebSite\",\"@id\":\"https:\\\/\\\/easyliferobo.com\\\/de\\\/#website\",\"url\":\"https:\\\/\\\/easyliferobo.com\\\/de\\\/\",\"name\":\"EasyLifeBro\",\"description\":\"Smarte Roboter f\u00fcr Zuhause, Garten &amp; Bildung\",\"publisher\":{\"@id\":\"https:\\\/\\\/easyliferobo.com\\\/de\\\/#organization\"},\"potentialAction\":[{\"@type\":\"SearchAction\",\"target\":{\"@type\":\"EntryPoint\",\"urlTemplate\":\"https:\\\/\\\/easyliferobo.com\\\/de\\\/?s={search_term_string}\"},\"query-input\":{\"@type\":\"PropertyValueSpecification\",\"valueRequired\":true,\"valueName\":\"search_term_string\"}}],\"inLanguage\":\"de\"},{\"@type\":\"Organization\",\"@id\":\"https:\\\/\\\/easyliferobo.com\\\/de\\\/#organization\",\"name\":\"EasyLifeBro\",\"url\":\"https:\\\/\\\/easyliferobo.com\\\/de\\\/\",\"logo\":{\"@type\":\"ImageObject\",\"inLanguage\":\"de\",\"@id\":\"https:\\\/\\\/easyliferobo.com\\\/de\\\/#\\\/schema\\\/logo\\\/image\\\/\",\"url\":\"https:\\\/\\\/easyliferobo.com\\\/de\\\/wp-content\\\/uploads\\\/2026\\\/02\\\/Screenshot-2026-02-22-at-2.25.03-PM.png\",\"contentUrl\":\"https:\\\/\\\/easyliferobo.com\\\/de\\\/wp-content\\\/uploads\\\/2026\\\/02\\\/Screenshot-2026-02-22-at-2.25.03-PM.png\",\"width\":1858,\"height\":430,\"caption\":\"EasyLifeBro\"},\"image\":{\"@id\":\"https:\\\/\\\/easyliferobo.com\\\/de\\\/#\\\/schema\\\/logo\\\/image\\\/\"}}]}<\/script>\n<!-- \/ Yoast SEO plugin. -->","yoast_head_json":{"title":"roborock Q10 S5+ Roboter-Staubsauger-Set mit Wischfunktion, 10.000 Pa HyperForce-Saugkraft, Dual-Anti-Tangle-System, automatisches Heben des Wischens, ideal f\u00fcr Tierhaare, Teppiche, Hartb\u00f6den (schwarz) - EasyLifeBro","description":"Entdecken Sie smarte Roboter f\u00fcr Zuhause, Garten, Bildung und Sicherheit. Vergleichen Sie Saugroboter, Rasenm\u00e4hroboter, KI-Begleitroboter und mehr bei EasyLifeRobo.","robots":{"index":"index","follow":"follow","max-snippet":"max-snippet:-1","max-image-preview":"max-image-preview:large","max-video-preview":"max-video-preview:-1"},"canonical":"https:\/\/easyliferobo.com\/de\/product\/roborock-q10-s5-roboter-staubsauger-set-mit-wischfunktion-10-000-pa-hyperforce-saugkraft-dual-anti-tangle-system-automatisches-heben-des-wischens-ideal-fuer-tierhaare-teppiche-hartboeden-schwa\/","og_locale":"de_DE","og_type":"article","og_title":"roborock Q10 S5+ Roboter-Staubsauger-Set mit Wischfunktion, 10.000 Pa HyperForce-Saugkraft, Dual-Anti-Tangle-System, automatisches Heben des Wischens, ideal f\u00fcr Tierhaare, Teppiche, Hartb\u00f6den (schwarz) - EasyLifeBro","og_description":"Entdecken Sie smarte Roboter f\u00fcr Zuhause, Garten, Bildung und Sicherheit. Vergleichen Sie Saugroboter, Rasenm\u00e4hroboter, KI-Begleitroboter und mehr bei EasyLifeRobo.","og_url":"https:\/\/easyliferobo.com\/de\/product\/roborock-q10-s5-roboter-staubsauger-set-mit-wischfunktion-10-000-pa-hyperforce-saugkraft-dual-anti-tangle-system-automatisches-heben-des-wischens-ideal-fuer-tierhaare-teppiche-hartboeden-schwa\/","og_site_name":"EasyLifeBro","article_modified_time":"2026-02-27T13:58:55+00:00","og_image":[{"url":"https:\/\/images-na.ssl-images-amazon.com\/images\/G\/01\/x-locale\/common\/grey-pixel.gif","type":"","width":"","height":""}],"twitter_card":"summary_large_image","twitter_misc":{"Gesch\u00e4tzte Lesezeit":"2\u00a0Minuten"},"schema":{"@context":"https:\/\/schema.org","@graph":[{"@type":"WebPage","@id":"https:\/\/easyliferobo.com\/de\/product\/roborock-q10-s5-roboter-staubsauger-set-mit-wischfunktion-10-000-pa-hyperforce-saugkraft-dual-anti-tangle-system-automatisches-heben-des-wischens-ideal-fuer-tierhaare-teppiche-hartboeden-schwa\/","url":"https:\/\/easyliferobo.com\/de\/product\/roborock-q10-s5-roboter-staubsauger-set-mit-wischfunktion-10-000-pa-hyperforce-saugkraft-dual-anti-tangle-system-automatisches-heben-des-wischens-ideal-fuer-tierhaare-teppiche-hartboeden-schwa\/","name":"roborock Q10 S5+ Roboter-Staubsauger-Set mit Wischfunktion, 10.000 Pa HyperForce-Saugkraft, Dual-Anti-Tangle-System, automatisches Heben des Wischens, ideal f\u00fcr Tierhaare, Teppiche, Hartb\u00f6den (schwarz) - EasyLifeBro","isPartOf":{"@id":"https:\/\/easyliferobo.com\/de\/#website"},"primaryImageOfPage":{"@id":"https:\/\/easyliferobo.com\/de\/product\/roborock-q10-s5-roboter-staubsauger-set-mit-wischfunktion-10-000-pa-hyperforce-saugkraft-dual-anti-tangle-system-automatisches-heben-des-wischens-ideal-fuer-tierhaare-teppiche-hartboeden-schwa\/#primaryimage"},"image":{"@id":"https:\/\/easyliferobo.com\/de\/product\/roborock-q10-s5-roboter-staubsauger-set-mit-wischfunktion-10-000-pa-hyperforce-saugkraft-dual-anti-tangle-system-automatisches-heben-des-wischens-ideal-fuer-tierhaare-teppiche-hartboeden-schwa\/#primaryimage"},"thumbnailUrl":"https:\/\/easyliferobo.com\/de\/wp-content\/uploads\/2026\/02\/6166RYqGJwL._AC_SL1500_.jpg","datePublished":"2026-02-27T13:58:35+00:00","dateModified":"2026-02-27T13:58:55+00:00","description":"Entdecken Sie smarte Roboter f\u00fcr Zuhause, Garten, Bildung und Sicherheit. Vergleichen Sie Saugroboter, Rasenm\u00e4hroboter, KI-Begleitroboter und mehr bei EasyLifeRobo.","breadcrumb":{"@id":"https:\/\/easyliferobo.com\/de\/product\/roborock-q10-s5-roboter-staubsauger-set-mit-wischfunktion-10-000-pa-hyperforce-saugkraft-dual-anti-tangle-system-automatisches-heben-des-wischens-ideal-fuer-tierhaare-teppiche-hartboeden-schwa\/#breadcrumb"},"inLanguage":"de","potentialAction":[{"@type":"ReadAction","target":["https:\/\/easyliferobo.com\/de\/product\/roborock-q10-s5-roboter-staubsauger-set-mit-wischfunktion-10-000-pa-hyperforce-saugkraft-dual-anti-tangle-system-automatisches-heben-des-wischens-ideal-fuer-tierhaare-teppiche-hartboeden-schwa\/"]}]},{"@type":"ImageObject","inLanguage":"de","@id":"https:\/\/easyliferobo.com\/de\/product\/roborock-q10-s5-roboter-staubsauger-set-mit-wischfunktion-10-000-pa-hyperforce-saugkraft-dual-anti-tangle-system-automatisches-heben-des-wischens-ideal-fuer-tierhaare-teppiche-hartboeden-schwa\/#primaryimage","url":"https:\/\/easyliferobo.com\/de\/wp-content\/uploads\/2026\/02\/6166RYqGJwL._AC_SL1500_.jpg","contentUrl":"https:\/\/easyliferobo.com\/de\/wp-content\/uploads\/2026\/02\/6166RYqGJwL._AC_SL1500_.jpg","width":1473,"height":1243},{"@type":"BreadcrumbList","@id":"https:\/\/easyliferobo.com\/de\/product\/roborock-q10-s5-roboter-staubsauger-set-mit-wischfunktion-10-000-pa-hyperforce-saugkraft-dual-anti-tangle-system-automatisches-heben-des-wischens-ideal-fuer-tierhaare-teppiche-hartboeden-schwa\/#breadcrumb","itemListElement":[{"@type":"ListItem","position":1,"name":"Home","item":"https:\/\/easyliferobo.com\/de\/"},{"@type":"ListItem","position":2,"name":"Shop","item":"https:\/\/easyliferobo.com\/de\/shop\/"},{"@type":"ListItem","position":3,"name":"roborock Q10 S5+ Roboter-Staubsauge..."}]},{"@type":"WebSite","@id":"https:\/\/easyliferobo.com\/de\/#website","url":"https:\/\/easyliferobo.com\/de\/","name":"EasyLifeBro","description":"Smarte Roboter f\u00fcr Zuhause, Garten &amp; Bildung","publisher":{"@id":"https:\/\/easyliferobo.com\/de\/#organization"},"potentialAction":[{"@type":"SearchAction","target":{"@type":"EntryPoint","urlTemplate":"https:\/\/easyliferobo.com\/de\/?s={search_term_string}"},"query-input":{"@type":"PropertyValueSpecification","valueRequired":true,"valueName":"search_term_string"}}],"inLanguage":"de"},{"@type":"Organization","@id":"https:\/\/easyliferobo.com\/de\/#organization","name":"EasyLifeBro","url":"https:\/\/easyliferobo.com\/de\/","logo":{"@type":"ImageObject","inLanguage":"de","@id":"https:\/\/easyliferobo.com\/de\/#\/schema\/logo\/image\/","url":"https:\/\/easyliferobo.com\/de\/wp-content\/uploads\/2026\/02\/Screenshot-2026-02-22-at-2.25.03-PM.png","contentUrl":"https:\/\/easyliferobo.com\/de\/wp-content\/uploads\/2026\/02\/Screenshot-2026-02-22-at-2.25.03-PM.png","width":1858,"height":430,"caption":"EasyLifeBro"},"image":{"@id":"https:\/\/easyliferobo.com\/de\/#\/schema\/logo\/image\/"}}]}},"_links":{"self":[{"href":"https:\/\/easyliferobo.com\/de\/wp-json\/wp\/v2\/product\/4709","targetHints":{"allow":["GET"]}}],"collection":[{"href":"https:\/\/easyliferobo.com\/de\/wp-json\/wp\/v2\/product"}],"about":[{"href":"https:\/\/easyliferobo.com\/de\/wp-json\/wp\/v2\/types\/product"}],"replies":[{"embeddable":true,"href":"https:\/\/easyliferobo.com\/de\/wp-json\/wp\/v2\/comments?post=4709"}],"wp:featuredmedia":[{"embeddable":true,"href":"https:\/\/easyliferobo.com\/de\/wp-json\/wp\/v2\/media\/4710"}],"wp:attachment":[{"href":"https:\/\/easyliferobo.com\/de\/wp-json\/wp\/v2\/media?parent=4709"}],"wp:term":[{"taxonomy":"store","embeddable":true,"href":"https:\/\/easyliferobo.com\/de\/wp-json\/wp\/v2\/store?post=4709"},{"taxonomy":"product_brand","embeddable":true,"href":"https:\/\/easyliferobo.com\/de\/wp-json\/wp\/v2\/product_brand?post=4709"},{"taxonomy":"product_cat","embeddable":true,"href":"https:\/\/easyliferobo.com\/de\/wp-json\/wp\/v2\/product_cat?post=4709"},{"taxonomy":"product_tag","embeddable":true,"href":"https:\/\/easyliferobo.com\/de\/wp-json\/wp\/v2\/product_tag?post=4709"}],"curies":[{"name":"wp","href":"https:\/\/api.w.org\/{rel}","templated":true}]}}