
{"id":4682,"date":"2026-02-27T13:53:11","date_gmt":"2026-02-27T13:53:11","guid":{"rendered":"https:\/\/easyliferobo.com\/de\/product\/airrobo-pc10-poolroboter-akku-poolstaubsauger-kabellos-poolroboter-fuer-boden-und-wandwasserleitung-45-000-pa-saugleistung-intelligente-navigation-poolreiniger-fuer-oberirdische-pools-einbaube-2\/"},"modified":"2026-02-27T13:53:28","modified_gmt":"2026-02-27T13:53:28","slug":"airrobo-pc10-poolroboter-akku-poolstaubsauger-kabellos-poolroboter-fuer-boden-und-wandwasserleitung-45-000-pa-saugleistung-intelligente-navigation-poolreiniger-fuer-oberirdische-pools-einbaube-2","status":"publish","type":"product","link":"https:\/\/easyliferobo.com\/de\/product\/airrobo-pc10-poolroboter-akku-poolstaubsauger-kabellos-poolroboter-fuer-boden-und-wandwasserleitung-45-000-pa-saugleistung-intelligente-navigation-poolreiniger-fuer-oberirdische-pools-einbaube-2\/","title":{"rendered":"AIRROBO PC10 Poolroboter, Akku-Pool..."},"content":{"rendered":"<p>\n                                             Produktbeschreibung   <\/p>\n<p>                                                                                                       <img decoding=\"async\" alt=\"Aplus-Inhaltsbild\" src=\"https:\/\/images-na.ssl-images-amazon.com\/images\/G\/01\/x-locale\/common\/grey-pixel.gif\" class=\"a-lazy-loaded\" data-src=\"https:\/\/m.media-amazon.com\/images\/S\/aplus-media-library-service-media\/abfe06b6-06ab-4857-83f6-2bb8a41200dc.__CR0,0,1464,600_PT0_SX1464_V1___.jpg\"><img decoding=\"async\" alt=\"Aplus-Inhaltsbild\" src=\"https:\/\/m.media-amazon.com\/images\/S\/aplus-media-library-service-media\/abfe06b6-06ab-4857-83f6-2bb8a41200dc.__CR0,0,1464,600_PT0_SX1464_V1___.jpg\">                                               <\/p>\n<p>                                                                                                       <img decoding=\"async\" alt=\"Der Text lautet \u201eNaviCleanTM-Technologie\u201c. Technisches Diagramm, das die internen Komponenten und den Querschnitt eines scheinbar mechanischen Systems mit beschrifteten Teilen zeigt.\" src=\"https:\/\/images-na.ssl-images-amazon.com\/images\/G\/01\/x-locale\/common\/grey-pixel.gif\" class=\"a-lazy-loaded\" data-src=\"https:\/\/m.media-amazon.com\/images\/S\/aplus-media-library-service-media\/2e49db00-6973-42ef-897e-17c990c77f73.__CR0,0,1464,600_PT0_SX1464_V1___.jpg\"><img decoding=\"async\" alt=\"Der Text lautet \u201eNaviCleanTM-Technologie\u201c. Technisches Diagramm, das die internen Komponenten und den Querschnitt eines scheinbar mechanischen Systems mit beschrifteten Teilen zeigt.\" src=\"https:\/\/m.media-amazon.com\/images\/S\/aplus-media-library-service-media\/2e49db00-6973-42ef-897e-17c990c77f73.__CR0,0,1464,600_PT0_SX1464_V1___.jpg\">                                               <\/p>\n<p>                                                                                                       <img decoding=\"async\" alt=\"Aplus-Inhaltsbild\" src=\"https:\/\/images-na.ssl-images-amazon.com\/images\/G\/01\/x-locale\/common\/grey-pixel.gif\" class=\"a-lazy-loaded\" data-src=\"https:\/\/m.media-amazon.com\/images\/S\/aplus-media-library-service-media\/54466457-122f-4c07-af80-530e9c610b0f.__CR0,0,1464,600_PT0_SX1464_V1___.jpg\"><img decoding=\"async\" alt=\"Aplus-Inhaltsbild\" src=\"https:\/\/m.media-amazon.com\/images\/S\/aplus-media-library-service-media\/54466457-122f-4c07-af80-530e9c610b0f.__CR0,0,1464,600_PT0_SX1464_V1___.jpg\">                                               <\/p>\n<p>                                                                                  <img decoding=\"async\" alt=\"Aplus-Inhaltsbild\" src=\"https:\/\/m.media-amazon.com\/images\/S\/aplus-media-library-service-media\/0964d16b-67a0-43c0-8d41-3b1d92ab9071.__CR0,0,1464,600_PT0_SX1464_V1___.jpg\">       <\/p>\n<p>                                                                                  <img decoding=\"async\" alt=\"Aplus-Inhaltsbild\" src=\"https:\/\/m.media-amazon.com\/images\/S\/aplus-media-library-service-media\/62dcfcd2-3a17-4779-9b3c-38c616e6bd35.__CR0,0,1464,600_PT0_SX1464_V1___.jpg\">       <\/p>\n<p>                                                                                  <img decoding=\"async\" alt=\"Der Text lautet \u201eUV lite Baden\u201c. Bilderserie, die ein dunkles Objekt unter Wasser in hellblauem Pool- oder Badewasser zeigt.\" src=\"https:\/\/m.media-amazon.com\/images\/S\/aplus-media-library-service-media\/d32a516f-1f68-4877-ae5e-72f28e316766.__CR0,0,1464,600_PT0_SX1464_V1___.jpg\">       <\/p>\n<p>                                                                                  <img decoding=\"async\" alt=\"Aplus-Inhaltsbild\" src=\"https:\/\/m.media-amazon.com\/images\/S\/aplus-media-library-service-media\/691c81ec-37ff-4138-94dd-d0dc514057fc.__CR0,0,1464,600_PT0_SX1464_V1___.jpg\">       <\/p>\n<p>                                                                                  <img decoding=\"async\" alt=\"Aplus-Inhaltsbild\" src=\"https:\/\/m.media-amazon.com\/images\/S\/aplus-media-library-service-media\/aad36c54-6c73-4e1b-8d28-04121b6d9a79.__CR0,0,1464,600_PT0_SX1464_V1___.jpg\">       <\/p>\n<p>                                                                                  <img decoding=\"async\" alt=\"Der Text lautet \u201eALLWETTER, ALL-LIFE PROTECTION\u201c mit Symbolen, die die Schutzfunktionen anzeigen. Dunkle Schutzh\u00fclle oder H\u00fclle auf hellblauem Hintergrund mit technischen Daten.\" src=\"https:\/\/m.media-amazon.com\/images\/S\/aplus-media-library-service-media\/50d504de-20a3-40ef-93c0-ea8a7a432b67.__CR0,0,1464,600_PT0_SX1464_V1___.jpg\">       <\/p>\n<p>                                                                                  <img decoding=\"async\" alt=\"Aplus-Inhaltsbild\" src=\"https:\/\/m.media-amazon.com\/images\/S\/aplus-media-library-service-media\/3d2848f7-72d8-480e-b240-d61ef97edb4e.__CR0,0,1464,600_PT0_SX1464_V1___.jpg\">       <\/p>\n<p>                                                                                  <img decoding=\"async\" alt=\"Der Text lautet \u201eBew\u00e4hrte Hochebl\u00e4ufe\u201c. Serie von Produktbildern, die ein schwarzes elektronisches Ger\u00e4t unter Wasser oder in Schwimmb\u00e4dern zeigen und die Wasserdichtigkeit demonstrieren.\" src=\"https:\/\/m.media-amazon.com\/images\/S\/aplus-media-library-service-media\/850fbe7e-4593-417b-8ec4-c0879e1f6b41.__CR0,0,1464,600_PT0_SX1464_V1___.jpg\">       <\/p>\n<p>                                                                                  <img decoding=\"async\" alt=\"Reihe geschwungener Poolformen in hellblauem Wasser, dargestellt aus der Luft vor wei\u00dfem Hintergrund mit Symbolen im Interface-Stil.\" src=\"https:\/\/m.media-amazon.com\/images\/S\/aplus-media-library-service-media\/82462437-8bf4-4d8a-913f-5243108530ab.__CR0,0,1464,600_PT0_SX1464_V1___.jpg\">       <\/p>\n<p>                                                                                  <img decoding=\"async\" alt=\"Der Text lautet \u201eGeeignet f\u00fcr alle Endungen\u201c. Blau get\u00f6nte Benutzeroberfl\u00e4chen- oder Produktdemonstrationsbildschirme, auf denen verschiedene Navigations- oder Steuerungsoptionen angezeigt werden.\" src=\"https:\/\/m.media-amazon.com\/images\/S\/aplus-media-library-service-media\/7defbc99-9cb6-4fe9-978b-11ba4d152be8.__CR0,0,1464,600_PT0_SX1464_V1___.jpg\">       <\/p>\n<p>                                                                                  <img decoding=\"async\" alt=\"Serie von blau get\u00f6nten Lifestyle-Bildern, die Pool- und Strandszenen zeigen. Bilder vermitteln Entspannung und Freizeitaktivit\u00e4ten in einem Resort oder einer Urlaubsumgebung.\" src=\"https:\/\/m.media-amazon.com\/images\/S\/aplus-media-library-service-media\/493a9683-ca76-444d-b5c6-681b59eb0c23.__CR0,0,1464,600_PT0_SX1464_V1___.jpg\">       <\/p>\n<p>                                                                                  <img decoding=\"async\" alt=\"Aplus-Inhaltsbild\" src=\"https:\/\/m.media-amazon.com\/images\/S\/aplus-media-library-service-media\/2531b36e-5327-48b9-9458-3101384386b4.__CR0,0,1464,600_PT0_SX1464_V1___.jpg\">       <\/p>\n<p>                                                                                  <img decoding=\"async\" alt=\"Der Text lautet \u201eEinfach zu reinigen\u201c. Geteiltes Bild, das den zusammenklappbaren Aufbewahrungsbeh\u00e4lter zeigt: Die linke Seite zeigt den gef\u00fcllten Artikel, die rechte Seite zeigt den Reinigungsvorgang.\" src=\"https:\/\/m.media-amazon.com\/images\/S\/aplus-media-library-service-media\/a14e6d3b-f454-40bb-bcfa-1f4370cc21b1.__CR0,0,1464,600_PT0_SX1464_V1___.jpg\">       <\/p>\n<p>Professionelles Dreifach-Antriebssystem f\u00fcr hohe Reinigungsleistung: Zwei unabh\u00e4ngig laufende Motoren plus ein leistungsstarker Saugmotor bilden das kraftvolle Herzst\u00fcck. Mit einer Saugleistung von 45.000 Pa ist er bis zu 30 % leistungsst\u00e4rker als Standardger\u00e4te. Es entfernt selbst festsitzende Algen und Kies m\u00fchelos und sorgt so f\u00fcr eine absolut gr\u00fcndliche Reinigung.<br \/>Intelligente Routenplanung mit 3 Reinigungsmodi: Der intelligente Chip steuert den Roboter auf systematisch optimierten Fahrspuren \u2013 f\u00fcr eine l\u00fcckenlose Abdeckung ohne Ihr Zutun. W\u00e4hlen Sie flexibel zwischen drei pr\u00e4zisen Modi: Automatisch, Nur Boden oder Nur Wand. So wird jeder Bereich zuverl\u00e4ssig erreicht und gereinigt \u2013 vom flachen Boden \u00fcber schwer zug\u00e4ngliche Ecken bis hin zur kompletten Wasserlinie.<br \/>(28 cm Doppelb\u00fcrste mit revolution\u00e4rer horizontaler Reinigung) Das einzigartige horizontale B\u00fcrstensystem reinigt die Wasserlinie gr\u00fcndlicher als herk\u00f6mmliche vertikale B\u00fcrsten. Durch die spezielle horizontale Arbeitsweise wird die Reinigungskraft entlang der Wasserlinie konzentriert. Das verdoppelt die Effizienz und beugt Kalk- und Algenr\u00e4ndern zuverl\u00e4ssig vor \u2013 ohne aufw\u00e4ndiges Handschrubben.<br \/>Robuster Raupenantrieb f\u00fcr alle Beckentypen und Hindernisse: Der leistungsstarke Kettenantrieb sorgt f\u00fcr maximale Traktion und \u00dcberwindungskraft. Bodenabl\u00e4ufe unter 3 cm meistert er zuverl\u00e4ssig und \u00fcberwindet selbst Steigungen bis 30\u00b0. Ideal f\u00fcr alle g\u00e4ngigen Poolmaterialien (Beton, Vinyl, Glasfaser) und Typen (Einbau- oder Aufstellbecken).<br \/>Bis zu 170 m\u00b2 Reichweite und 2,5 Stunden Schnellladung: Mit dem leistungsstarken 5.200-mAh-Akku reinigen Sie selbst gro\u00dfe Pools komplett in einem Durchgang. Dank der Schnellladefunktion ist es in 2,5 Stunden vollst\u00e4ndig aufgeladen und immer einsatzbereit \u2013 perfekt f\u00fcr den h\u00e4ufigen Gebrauch.<br \/>Hochleistungsfiltration mit 4-Liter-Mehrschichtsystem: Das Mehrschichtfiltersystem mit einer 150 Mikrometer feinen Filterschicht h\u00e4lt selbst mikroskopisch kleine Verunreinigungen wie feinen Sand zuverl\u00e4ssig zur\u00fcck und sorgt f\u00fcr kristallklares Wasser. Der gro\u00dfvolumige 4-Liter-Filterkorb verk\u00fcrzt die Wartungsintervalle und l\u00e4sst sich in Sekundenschnelle unter klarem Wasser aussp\u00fclen.<br \/>(Sorglos-Komplettpaket mit 24 Monaten Garantie) Lieferumfang: 1 x Poolroboter PC10, 1 x Netzteil, 1 x Wartungsset und 1 x deutsche Bedienungsanleitung. Mit 24 Monaten Herstellergarantie \u2013 Ihr Rundum-Sorglos-Paket f\u00fcr kristallklares Wasser.<\/p>\n<p>[ad_2]<\/p>\n","protected":false},"excerpt":{"rendered":"<p>Produktbeschreibung Professionelles Dreifach-Antriebssystem f\u00fcr hohe Reinigungsleistung: Zwei unabh\u00e4ngig laufende Motoren plus ein leistungsstarker Saugmotor bilden das kraftvolle Herzst\u00fcck. Mit einer Saugleistung von 45.000 Pa ist er bis zu 30 % leistungsst\u00e4rker als Standardger\u00e4te. Es entfernt selbst festsitzende Algen und Kies m\u00fchelos und sorgt so f\u00fcr eine absolut gr\u00fcndliche Reinigung.Intelligente Routenplanung mit 3 Reinigungsmodi: Der intelligente [&hellip;]<\/p>\n","protected":false},"featured_media":4683,"comment_status":"open","ping_status":"closed","template":"","meta":{"_aipt_faq_data":""},"store":[],"product_brand":[],"product_cat":[75],"product_tag":[197],"class_list":{"0":"post-4682","1":"product","2":"type-product","3":"status-publish","4":"has-post-thumbnail","6":"product_cat-poolroboter","7":"product_tag-poolroboter-mit-fernbedienung","9":"first","10":"instock","11":"shipping-taxable","12":"product-type-external"},"yoast_head":"<!-- This site is optimized with the Yoast SEO plugin v27.0 - https:\/\/yoast.com\/product\/yoast-seo-wordpress\/ -->\n<title>AIRROBO PC10 Poolroboter, Akku-Poolstaubsauger, kabellos, Poolroboter f\u00fcr Boden- und Wandwasserleitung, 45.000 Pa Saugleistung, intelligente Navigation, Poolreiniger f\u00fcr oberirdische Pools, Einbaubecken nach oben - EasyLifeBro<\/title>\n<meta name=\"description\" content=\"Entdecken Sie smarte Roboter f\u00fcr Zuhause, Garten, Bildung und Sicherheit. Vergleichen Sie Saugroboter, Rasenm\u00e4hroboter, KI-Begleitroboter und mehr bei EasyLifeRobo.\" \/>\n<meta name=\"robots\" content=\"index, follow, max-snippet:-1, max-image-preview:large, max-video-preview:-1\" \/>\n<link rel=\"canonical\" href=\"https:\/\/easyliferobo.com\/de\/product\/airrobo-pc10-poolroboter-akku-poolstaubsauger-kabellos-poolroboter-fuer-boden-und-wandwasserleitung-45-000-pa-saugleistung-intelligente-navigation-poolreiniger-fuer-oberirdische-pools-einbaube-2\/\" \/>\n<meta property=\"og:locale\" content=\"de_DE\" \/>\n<meta property=\"og:type\" content=\"article\" \/>\n<meta property=\"og:title\" content=\"AIRROBO PC10 Poolroboter, Akku-Poolstaubsauger, kabellos, Poolroboter f\u00fcr Boden- und Wandwasserleitung, 45.000 Pa Saugleistung, intelligente Navigation, Poolreiniger f\u00fcr oberirdische Pools, Einbaubecken nach oben - EasyLifeBro\" \/>\n<meta property=\"og:description\" content=\"Entdecken Sie smarte Roboter f\u00fcr Zuhause, Garten, Bildung und Sicherheit. Vergleichen Sie Saugroboter, Rasenm\u00e4hroboter, KI-Begleitroboter und mehr bei EasyLifeRobo.\" \/>\n<meta property=\"og:url\" content=\"https:\/\/easyliferobo.com\/de\/product\/airrobo-pc10-poolroboter-akku-poolstaubsauger-kabellos-poolroboter-fuer-boden-und-wandwasserleitung-45-000-pa-saugleistung-intelligente-navigation-poolreiniger-fuer-oberirdische-pools-einbaube-2\/\" \/>\n<meta property=\"og:site_name\" content=\"EasyLifeBro\" \/>\n<meta property=\"article:modified_time\" content=\"2026-02-27T13:53:28+00:00\" \/>\n<meta property=\"og:image\" content=\"https:\/\/images-na.ssl-images-amazon.com\/images\/G\/01\/x-locale\/common\/grey-pixel.gif\" \/>\n<meta name=\"twitter:card\" content=\"summary_large_image\" \/>\n<meta name=\"twitter:label1\" content=\"Gesch\u00e4tzte Lesezeit\" \/>\n\t<meta name=\"twitter:data1\" content=\"2\u00a0Minuten\" \/>\n<script type=\"application\/ld+json\" class=\"yoast-schema-graph\">{\"@context\":\"https:\/\/schema.org\",\"@graph\":[{\"@type\":\"WebPage\",\"@id\":\"https:\/\/easyliferobo.com\/de\/product\/airrobo-pc10-poolroboter-akku-poolstaubsauger-kabellos-poolroboter-fuer-boden-und-wandwasserleitung-45-000-pa-saugleistung-intelligente-navigation-poolreiniger-fuer-oberirdische-pools-einbaube-2\/\",\"url\":\"https:\/\/easyliferobo.com\/de\/product\/airrobo-pc10-poolroboter-akku-poolstaubsauger-kabellos-poolroboter-fuer-boden-und-wandwasserleitung-45-000-pa-saugleistung-intelligente-navigation-poolreiniger-fuer-oberirdische-pools-einbaube-2\/\",\"name\":\"AIRROBO PC10 Poolroboter, Akku-Poolstaubsauger, kabellos, Poolroboter f\u00fcr Boden- und Wandwasserleitung, 45.000 Pa Saugleistung, intelligente Navigation, Poolreiniger f\u00fcr oberirdische Pools, Einbaubecken nach oben - EasyLifeBro\",\"isPartOf\":{\"@id\":\"https:\/\/easyliferobo.com\/de\/#website\"},\"primaryImageOfPage\":{\"@id\":\"https:\/\/easyliferobo.com\/de\/product\/airrobo-pc10-poolroboter-akku-poolstaubsauger-kabellos-poolroboter-fuer-boden-und-wandwasserleitung-45-000-pa-saugleistung-intelligente-navigation-poolreiniger-fuer-oberirdische-pools-einbaube-2\/#primaryimage\"},\"image\":{\"@id\":\"https:\/\/easyliferobo.com\/de\/product\/airrobo-pc10-poolroboter-akku-poolstaubsauger-kabellos-poolroboter-fuer-boden-und-wandwasserleitung-45-000-pa-saugleistung-intelligente-navigation-poolreiniger-fuer-oberirdische-pools-einbaube-2\/#primaryimage\"},\"thumbnailUrl\":\"https:\/\/easyliferobo.com\/de\/wp-content\/uploads\/2026\/02\/1772200391_61bs0fSjWnL._AC_SL1500_.jpg\",\"datePublished\":\"2026-02-27T13:53:11+00:00\",\"dateModified\":\"2026-02-27T13:53:28+00:00\",\"description\":\"Entdecken Sie smarte Roboter f\u00fcr Zuhause, Garten, Bildung und Sicherheit. Vergleichen Sie Saugroboter, Rasenm\u00e4hroboter, KI-Begleitroboter und mehr bei EasyLifeRobo.\",\"breadcrumb\":{\"@id\":\"https:\/\/easyliferobo.com\/de\/product\/airrobo-pc10-poolroboter-akku-poolstaubsauger-kabellos-poolroboter-fuer-boden-und-wandwasserleitung-45-000-pa-saugleistung-intelligente-navigation-poolreiniger-fuer-oberirdische-pools-einbaube-2\/#breadcrumb\"},\"inLanguage\":\"de\",\"potentialAction\":[{\"@type\":\"ReadAction\",\"target\":[\"https:\/\/easyliferobo.com\/de\/product\/airrobo-pc10-poolroboter-akku-poolstaubsauger-kabellos-poolroboter-fuer-boden-und-wandwasserleitung-45-000-pa-saugleistung-intelligente-navigation-poolreiniger-fuer-oberirdische-pools-einbaube-2\/\"]}]},{\"@type\":\"ImageObject\",\"inLanguage\":\"de\",\"@id\":\"https:\/\/easyliferobo.com\/de\/product\/airrobo-pc10-poolroboter-akku-poolstaubsauger-kabellos-poolroboter-fuer-boden-und-wandwasserleitung-45-000-pa-saugleistung-intelligente-navigation-poolreiniger-fuer-oberirdische-pools-einbaube-2\/#primaryimage\",\"url\":\"https:\/\/easyliferobo.com\/de\/wp-content\/uploads\/2026\/02\/1772200391_61bs0fSjWnL._AC_SL1500_.jpg\",\"contentUrl\":\"https:\/\/easyliferobo.com\/de\/wp-content\/uploads\/2026\/02\/1772200391_61bs0fSjWnL._AC_SL1500_.jpg\",\"width\":1500,\"height\":1038},{\"@type\":\"BreadcrumbList\",\"@id\":\"https:\/\/easyliferobo.com\/de\/product\/airrobo-pc10-poolroboter-akku-poolstaubsauger-kabellos-poolroboter-fuer-boden-und-wandwasserleitung-45-000-pa-saugleistung-intelligente-navigation-poolreiniger-fuer-oberirdische-pools-einbaube-2\/#breadcrumb\",\"itemListElement\":[{\"@type\":\"ListItem\",\"position\":1,\"name\":\"Home\",\"item\":\"https:\/\/easyliferobo.com\/de\/\"},{\"@type\":\"ListItem\",\"position\":2,\"name\":\"Shop\",\"item\":\"https:\/\/easyliferobo.com\/de\/shop\/\"},{\"@type\":\"ListItem\",\"position\":3,\"name\":\"AIRROBO PC10 Poolroboter, Akku-Pool...\"}]},{\"@type\":\"WebSite\",\"@id\":\"https:\/\/easyliferobo.com\/de\/#website\",\"url\":\"https:\/\/easyliferobo.com\/de\/\",\"name\":\"EasyLifeBro\",\"description\":\"Smarte Roboter f\u00fcr Zuhause, Garten &amp; Bildung\",\"publisher\":{\"@id\":\"https:\/\/easyliferobo.com\/de\/#organization\"},\"potentialAction\":[{\"@type\":\"SearchAction\",\"target\":{\"@type\":\"EntryPoint\",\"urlTemplate\":\"https:\/\/easyliferobo.com\/de\/?s={search_term_string}\"},\"query-input\":{\"@type\":\"PropertyValueSpecification\",\"valueRequired\":true,\"valueName\":\"search_term_string\"}}],\"inLanguage\":\"de\"},{\"@type\":\"Organization\",\"@id\":\"https:\/\/easyliferobo.com\/de\/#organization\",\"name\":\"EasyLifeBro\",\"url\":\"https:\/\/easyliferobo.com\/de\/\",\"logo\":{\"@type\":\"ImageObject\",\"inLanguage\":\"de\",\"@id\":\"https:\/\/easyliferobo.com\/de\/#\/schema\/logo\/image\/\",\"url\":\"https:\/\/easyliferobo.com\/de\/wp-content\/uploads\/2026\/02\/Screenshot-2026-02-22-at-2.25.03-PM.png\",\"contentUrl\":\"https:\/\/easyliferobo.com\/de\/wp-content\/uploads\/2026\/02\/Screenshot-2026-02-22-at-2.25.03-PM.png\",\"width\":1858,\"height\":430,\"caption\":\"EasyLifeBro\"},\"image\":{\"@id\":\"https:\/\/easyliferobo.com\/de\/#\/schema\/logo\/image\/\"}}]}<\/script>\n<!-- \/ Yoast SEO plugin. -->","yoast_head_json":{"title":"AIRROBO PC10 Poolroboter, Akku-Poolstaubsauger, kabellos, Poolroboter f\u00fcr Boden- und Wandwasserleitung, 45.000 Pa Saugleistung, intelligente Navigation, Poolreiniger f\u00fcr oberirdische Pools, Einbaubecken nach oben - EasyLifeBro","description":"Entdecken Sie smarte Roboter f\u00fcr Zuhause, Garten, Bildung und Sicherheit. Vergleichen Sie Saugroboter, Rasenm\u00e4hroboter, KI-Begleitroboter und mehr bei EasyLifeRobo.","robots":{"index":"index","follow":"follow","max-snippet":"max-snippet:-1","max-image-preview":"max-image-preview:large","max-video-preview":"max-video-preview:-1"},"canonical":"https:\/\/easyliferobo.com\/de\/product\/airrobo-pc10-poolroboter-akku-poolstaubsauger-kabellos-poolroboter-fuer-boden-und-wandwasserleitung-45-000-pa-saugleistung-intelligente-navigation-poolreiniger-fuer-oberirdische-pools-einbaube-2\/","og_locale":"de_DE","og_type":"article","og_title":"AIRROBO PC10 Poolroboter, Akku-Poolstaubsauger, kabellos, Poolroboter f\u00fcr Boden- und Wandwasserleitung, 45.000 Pa Saugleistung, intelligente Navigation, Poolreiniger f\u00fcr oberirdische Pools, Einbaubecken nach oben - EasyLifeBro","og_description":"Entdecken Sie smarte Roboter f\u00fcr Zuhause, Garten, Bildung und Sicherheit. Vergleichen Sie Saugroboter, Rasenm\u00e4hroboter, KI-Begleitroboter und mehr bei EasyLifeRobo.","og_url":"https:\/\/easyliferobo.com\/de\/product\/airrobo-pc10-poolroboter-akku-poolstaubsauger-kabellos-poolroboter-fuer-boden-und-wandwasserleitung-45-000-pa-saugleistung-intelligente-navigation-poolreiniger-fuer-oberirdische-pools-einbaube-2\/","og_site_name":"EasyLifeBro","article_modified_time":"2026-02-27T13:53:28+00:00","og_image":[{"url":"https:\/\/images-na.ssl-images-amazon.com\/images\/G\/01\/x-locale\/common\/grey-pixel.gif","type":"","width":"","height":""}],"twitter_card":"summary_large_image","twitter_misc":{"Gesch\u00e4tzte Lesezeit":"2\u00a0Minuten"},"schema":{"@context":"https:\/\/schema.org","@graph":[{"@type":"WebPage","@id":"https:\/\/easyliferobo.com\/de\/product\/airrobo-pc10-poolroboter-akku-poolstaubsauger-kabellos-poolroboter-fuer-boden-und-wandwasserleitung-45-000-pa-saugleistung-intelligente-navigation-poolreiniger-fuer-oberirdische-pools-einbaube-2\/","url":"https:\/\/easyliferobo.com\/de\/product\/airrobo-pc10-poolroboter-akku-poolstaubsauger-kabellos-poolroboter-fuer-boden-und-wandwasserleitung-45-000-pa-saugleistung-intelligente-navigation-poolreiniger-fuer-oberirdische-pools-einbaube-2\/","name":"AIRROBO PC10 Poolroboter, Akku-Poolstaubsauger, kabellos, Poolroboter f\u00fcr Boden- und Wandwasserleitung, 45.000 Pa Saugleistung, intelligente Navigation, Poolreiniger f\u00fcr oberirdische Pools, Einbaubecken nach oben - EasyLifeBro","isPartOf":{"@id":"https:\/\/easyliferobo.com\/de\/#website"},"primaryImageOfPage":{"@id":"https:\/\/easyliferobo.com\/de\/product\/airrobo-pc10-poolroboter-akku-poolstaubsauger-kabellos-poolroboter-fuer-boden-und-wandwasserleitung-45-000-pa-saugleistung-intelligente-navigation-poolreiniger-fuer-oberirdische-pools-einbaube-2\/#primaryimage"},"image":{"@id":"https:\/\/easyliferobo.com\/de\/product\/airrobo-pc10-poolroboter-akku-poolstaubsauger-kabellos-poolroboter-fuer-boden-und-wandwasserleitung-45-000-pa-saugleistung-intelligente-navigation-poolreiniger-fuer-oberirdische-pools-einbaube-2\/#primaryimage"},"thumbnailUrl":"https:\/\/easyliferobo.com\/de\/wp-content\/uploads\/2026\/02\/1772200391_61bs0fSjWnL._AC_SL1500_.jpg","datePublished":"2026-02-27T13:53:11+00:00","dateModified":"2026-02-27T13:53:28+00:00","description":"Entdecken Sie smarte Roboter f\u00fcr Zuhause, Garten, Bildung und Sicherheit. Vergleichen Sie Saugroboter, Rasenm\u00e4hroboter, KI-Begleitroboter und mehr bei EasyLifeRobo.","breadcrumb":{"@id":"https:\/\/easyliferobo.com\/de\/product\/airrobo-pc10-poolroboter-akku-poolstaubsauger-kabellos-poolroboter-fuer-boden-und-wandwasserleitung-45-000-pa-saugleistung-intelligente-navigation-poolreiniger-fuer-oberirdische-pools-einbaube-2\/#breadcrumb"},"inLanguage":"de","potentialAction":[{"@type":"ReadAction","target":["https:\/\/easyliferobo.com\/de\/product\/airrobo-pc10-poolroboter-akku-poolstaubsauger-kabellos-poolroboter-fuer-boden-und-wandwasserleitung-45-000-pa-saugleistung-intelligente-navigation-poolreiniger-fuer-oberirdische-pools-einbaube-2\/"]}]},{"@type":"ImageObject","inLanguage":"de","@id":"https:\/\/easyliferobo.com\/de\/product\/airrobo-pc10-poolroboter-akku-poolstaubsauger-kabellos-poolroboter-fuer-boden-und-wandwasserleitung-45-000-pa-saugleistung-intelligente-navigation-poolreiniger-fuer-oberirdische-pools-einbaube-2\/#primaryimage","url":"https:\/\/easyliferobo.com\/de\/wp-content\/uploads\/2026\/02\/1772200391_61bs0fSjWnL._AC_SL1500_.jpg","contentUrl":"https:\/\/easyliferobo.com\/de\/wp-content\/uploads\/2026\/02\/1772200391_61bs0fSjWnL._AC_SL1500_.jpg","width":1500,"height":1038},{"@type":"BreadcrumbList","@id":"https:\/\/easyliferobo.com\/de\/product\/airrobo-pc10-poolroboter-akku-poolstaubsauger-kabellos-poolroboter-fuer-boden-und-wandwasserleitung-45-000-pa-saugleistung-intelligente-navigation-poolreiniger-fuer-oberirdische-pools-einbaube-2\/#breadcrumb","itemListElement":[{"@type":"ListItem","position":1,"name":"Home","item":"https:\/\/easyliferobo.com\/de\/"},{"@type":"ListItem","position":2,"name":"Shop","item":"https:\/\/easyliferobo.com\/de\/shop\/"},{"@type":"ListItem","position":3,"name":"AIRROBO PC10 Poolroboter, Akku-Pool..."}]},{"@type":"WebSite","@id":"https:\/\/easyliferobo.com\/de\/#website","url":"https:\/\/easyliferobo.com\/de\/","name":"EasyLifeBro","description":"Smarte Roboter f\u00fcr Zuhause, Garten &amp; Bildung","publisher":{"@id":"https:\/\/easyliferobo.com\/de\/#organization"},"potentialAction":[{"@type":"SearchAction","target":{"@type":"EntryPoint","urlTemplate":"https:\/\/easyliferobo.com\/de\/?s={search_term_string}"},"query-input":{"@type":"PropertyValueSpecification","valueRequired":true,"valueName":"search_term_string"}}],"inLanguage":"de"},{"@type":"Organization","@id":"https:\/\/easyliferobo.com\/de\/#organization","name":"EasyLifeBro","url":"https:\/\/easyliferobo.com\/de\/","logo":{"@type":"ImageObject","inLanguage":"de","@id":"https:\/\/easyliferobo.com\/de\/#\/schema\/logo\/image\/","url":"https:\/\/easyliferobo.com\/de\/wp-content\/uploads\/2026\/02\/Screenshot-2026-02-22-at-2.25.03-PM.png","contentUrl":"https:\/\/easyliferobo.com\/de\/wp-content\/uploads\/2026\/02\/Screenshot-2026-02-22-at-2.25.03-PM.png","width":1858,"height":430,"caption":"EasyLifeBro"},"image":{"@id":"https:\/\/easyliferobo.com\/de\/#\/schema\/logo\/image\/"}}]}},"_links":{"self":[{"href":"https:\/\/easyliferobo.com\/de\/wp-json\/wp\/v2\/product\/4682","targetHints":{"allow":["GET"]}}],"collection":[{"href":"https:\/\/easyliferobo.com\/de\/wp-json\/wp\/v2\/product"}],"about":[{"href":"https:\/\/easyliferobo.com\/de\/wp-json\/wp\/v2\/types\/product"}],"replies":[{"embeddable":true,"href":"https:\/\/easyliferobo.com\/de\/wp-json\/wp\/v2\/comments?post=4682"}],"wp:featuredmedia":[{"embeddable":true,"href":"https:\/\/easyliferobo.com\/de\/wp-json\/wp\/v2\/media\/4683"}],"wp:attachment":[{"href":"https:\/\/easyliferobo.com\/de\/wp-json\/wp\/v2\/media?parent=4682"}],"wp:term":[{"taxonomy":"store","embeddable":true,"href":"https:\/\/easyliferobo.com\/de\/wp-json\/wp\/v2\/store?post=4682"},{"taxonomy":"product_brand","embeddable":true,"href":"https:\/\/easyliferobo.com\/de\/wp-json\/wp\/v2\/product_brand?post=4682"},{"taxonomy":"product_cat","embeddable":true,"href":"https:\/\/easyliferobo.com\/de\/wp-json\/wp\/v2\/product_cat?post=4682"},{"taxonomy":"product_tag","embeddable":true,"href":"https:\/\/easyliferobo.com\/de\/wp-json\/wp\/v2\/product_tag?post=4682"}],"curies":[{"name":"wp","href":"https:\/\/api.w.org\/{rel}","templated":true}]}}