
{"id":4672,"date":"2026-02-27T13:51:06","date_gmt":"2026-02-27T13:51:06","guid":{"rendered":"https:\/\/easyliferobo.com\/de\/product\/lefant-staubsaugerroboter-mit-wischfunktion-ultraduenn-staubsaugerroboter-anti-tangle-praezise-hindernisvermeidung-app-alexa-steuerung-fuer-tierhaare-teppiche-m310-ultra-white\/"},"modified":"2026-02-27T13:51:26","modified_gmt":"2026-02-27T13:51:26","slug":"lefant-staubsaugerroboter-mit-wischfunktion-ultraduenn-staubsaugerroboter-anti-tangle-praezise-hindernisvermeidung-app-alexa-steuerung-fuer-tierhaare-teppiche-m310-ultra-white","status":"publish","type":"product","link":"https:\/\/easyliferobo.com\/de\/product\/lefant-staubsaugerroboter-mit-wischfunktion-ultraduenn-staubsaugerroboter-anti-tangle-praezise-hindernisvermeidung-app-alexa-steuerung-fuer-tierhaare-teppiche-m310-ultra-white\/","title":{"rendered":"LEFANT Staubsaugerroboter mit Wisch..."},"content":{"rendered":"<p>\n                                             Von der Marke   <\/p>\n<p>                                              <img decoding=\"async\" alt=\"Aplus-Inhaltsbild\" src=\"https:\/\/images-na.ssl-images-amazon.com\/images\/G\/01\/x-locale\/common\/grey-pixel.gif\" class=\"a-lazy-loaded\" data-src=\"https:\/\/m.media-amazon.com\/images\/S\/aplus-media-library-service-media\/d4d7a1f1-32f0-4950-8484-a510363ffdc2.__CR0,0,1464,625_PT0_SX1464_V1___.png\"><img decoding=\"async\" alt=\"Aplus-Inhaltsbild\" src=\"https:\/\/m.media-amazon.com\/images\/S\/aplus-media-library-service-media\/d4d7a1f1-32f0-4950-8484-a510363ffdc2.__CR0,0,1464,625_PT0_SX1464_V1___.png\">  <\/p>\n<p>                                              <img decoding=\"async\" alt=\"\" src=\"https:\/\/images-na.ssl-images-amazon.com\/images\/G\/01\/x-locale\/common\/grey-pixel.gif\" class=\"a-lazy-loaded\" data-src=\"https:\/\/m.media-amazon.com\/images\/S\/aplus-media-library-service-media\/ff5e6c15-ce4d-4afb-bc2c-cd2398446c3d.__CR0,0,315,145_PT0_SX315_V1___.jpg\"><img decoding=\"async\" alt=\"\" src=\"https:\/\/m.media-amazon.com\/images\/S\/aplus-media-library-service-media\/ff5e6c15-ce4d-4afb-bc2c-cd2398446c3d.__CR0,0,315,145_PT0_SX315_V1___.jpg\">  <\/p>\n<p>  Lefant ist eine innovative Marke. Wir sind bestrebt, Roboterstaubsaugerprodukte zu entwickeln, die durch einen freundlichen und reaktionsschnellen Service unterst\u00fctzt werden, um unsere Kunden auf der ganzen Welt zu begeistern. <\/p>\n<p>  Unser Konzept ist es, jedem den Komfort der Technologie zu bieten. W\u00e4hlen Sie den Lefant-Staubsaugerroboter, um Ihre H\u00e4nde zu befreien und das Leben besser zu machen! <\/p>\n<p>                                              <img decoding=\"async\" alt=\"Der Text lautet \u201e4.500.000\u201c. und \u201emehr als 100 L\u00e4nder\u201c (mehr als 100 L\u00e4nder). Weltkartengrafik mit L\u00e4nderflaggen unten, die die globale Pr\u00e4senz auf allen Kontinenten zeigt.\" src=\"https:\/\/images-na.ssl-images-amazon.com\/images\/G\/01\/x-locale\/common\/grey-pixel.gif\" class=\"a-lazy-loaded\" data-src=\"https:\/\/m.media-amazon.com\/images\/S\/aplus-media-library-service-media\/5e08b746-2cd6-4f09-9777-421ae33eb1a7.__CR0,0,362,453_PT0_SX362_V1___.jpg\"><img decoding=\"async\" alt=\"Der Text lautet \u201e4.500.000\u201c. und \u201emehr als 100 L\u00e4nder\u201c (mehr als 100 L\u00e4nder). Weltkartengrafik mit L\u00e4nderflaggen unten, die die globale Pr\u00e4senz auf allen Kontinenten zeigt.\" src=\"https:\/\/m.media-amazon.com\/images\/S\/aplus-media-library-service-media\/5e08b746-2cd6-4f09-9777-421ae33eb1a7.__CR0,0,362,453_PT0_SX362_V1___.jpg\">  <\/p>\n<p>                                              <img decoding=\"async\" alt=\"Aplus-Inhaltsbild\" src=\"https:\/\/images-na.ssl-images-amazon.com\/images\/G\/01\/x-locale\/common\/grey-pixel.gif\" class=\"a-lazy-loaded\" data-src=\"https:\/\/m.media-amazon.com\/images\/S\/aplus-media-library-service-media\/13191a9b-081c-4d23-aef6-4266987a1843.__CR0,0,362,453_PT0_SX362_V1___.jpg\"><img decoding=\"async\" alt=\"Aplus-Inhaltsbild\" src=\"https:\/\/m.media-amazon.com\/images\/S\/aplus-media-library-service-media\/13191a9b-081c-4d23-aef6-4266987a1843.__CR0,0,362,453_PT0_SX362_V1___.jpg\">  <\/p>\n<h3>  LEFANT M3 Roboterstaubsauger <\/h3>\n<h3>  LEFANT M2 Pro Roboterstaubsauger <\/h3>\n<h3>  LEFANT M330 Pro Roboterstaubsauger <\/h3>\n<h3>  Lefant M1 Roboterstaubsauger <\/h3>\n<h3>  Lefant M320 Roboterstaubsauger <\/h3>\n<h3>  LEFANT M310 Roboterstaubsauger <\/h3>\n<h3>  Lefant M210P Roboterstaubsauger <\/h3>\n<p>Automatisches Hebe- und Wischsystem: Das automatische Hebe- und Wischsystem des Staubsaugerroboters M310 Ultra hebt den Mopp automatisch an, wenn er den Teppich erkennt, und saugt nur, ohne zu wischen, um zu verhindern, dass der Teppich nass wird<br \/>Schlank und selbstladend: Dieser Roboterstaubsauger mit Wischfunktion hat eine Geh\u00e4usedicke von nur 7,9 cm. Er f\u00e4hrt m\u00fchelos unter Betten, Sofas und niedrigen M\u00f6beln hindurch und reinigt selbst die oft \u00fcbersehenen, schwer zug\u00e4nglichen Bereiche. Ausgestattet mit mehreren Batterieschutzma\u00dfnahmen kehrt es bei niedrigem Batteriestand automatisch zu seiner Ladestation zur\u00fcck<br \/>Anti-Tangle-Design &#038; 6000 Pa Saugkraft: Der Wisch- und Saugroboter verf\u00fcgt \u00fcber eine b\u00fcrstenlose Hauptd\u00fcse und zwei Seitenb\u00fcrsten, die Haare und Schmutz direkt in den 500-ml-Staubbeh\u00e4lter leiten \u2013 ohne Verheddern. Mit einer Saugleistung von 6000 Pa entfernt er zuverl\u00e4ssig Tierhaare, Staub und Partikel von allen Bodenarten<br \/>Staubsaugen und Wischen in einem: Der Saugroboter M310 Ultra vereint Wischen und Staubsaugen in einem Ger\u00e4t. Das verbesserte Filtersystem mit Edelstahlfilter und HEPA-Element trennt effektiv Luft und Staub, reduziert Verstopfungen und sorgt f\u00fcr eine starke Saugleistung. Dadurch bleibt Ihre Raumluft sp\u00fcrbar frischer<br \/>PSD-Hindernisausweichung ohne toten Winkel: Dank der innovativen PSD-Technologie erkennt der Saug- und Wischroboter Hindernisse im 190\u00b0-Bereich vor dem Ger\u00e4t. Neun pr\u00e4zise Sensoren vermeiden effektiv Kollisionen \u2013 auch bei d\u00fcnnen Tisch- und Stuhlbeinen. Ihre M\u00f6bel bleiben gesch\u00fctzt, der Saugroboter bewegt sich sicher<\/p>\n<p>[ad_2]<\/p>\n","protected":false},"excerpt":{"rendered":"<p>Von der Marke Lefant ist eine innovative Marke. Wir sind bestrebt, Roboterstaubsaugerprodukte zu entwickeln, die durch einen freundlichen und reaktionsschnellen Service unterst\u00fctzt werden, um unsere Kunden auf der ganzen Welt zu begeistern. Unser Konzept ist es, jedem den Komfort der Technologie zu bieten. W\u00e4hlen Sie den Lefant-Staubsaugerroboter, um Ihre H\u00e4nde zu befreien und das Leben [&hellip;]<\/p>\n","protected":false},"featured_media":4673,"comment_status":"open","ping_status":"closed","template":"","meta":{"_aipt_faq_data":""},"store":[],"product_brand":[173],"product_cat":[76],"product_tag":[248],"class_list":{"0":"post-4672","1":"product","2":"type-product","3":"status-publish","4":"has-post-thumbnail","6":"product_brand-lefant","7":"product_cat-staubsauger-roboter-mit-wischfunktion","8":"product_tag-staubsauger-roboter-mit-wischfunktion-app-steuerung","10":"first","11":"instock","12":"sale","13":"shipping-taxable","14":"product-type-external"},"yoast_head":"<!-- This site is optimized with the Yoast SEO plugin v27.0 - https:\/\/yoast.com\/product\/yoast-seo-wordpress\/ -->\n<title>LEFANT Staubsaugerroboter mit Wischfunktion, ultrad\u00fcnn, Staubsaugerroboter Anti-Tangle, pr\u00e4zise Hindernisvermeidung, App, Alexa-Steuerung f\u00fcr Tierhaare, Teppiche, M310 Ultra White - EasyLifeBro<\/title>\n<meta name=\"description\" content=\"Entdecken Sie smarte Roboter f\u00fcr Zuhause, Garten, Bildung und Sicherheit. Vergleichen Sie Saugroboter, Rasenm\u00e4hroboter, KI-Begleitroboter und mehr bei EasyLifeRobo.\" \/>\n<meta name=\"robots\" content=\"index, follow, max-snippet:-1, max-image-preview:large, max-video-preview:-1\" \/>\n<link rel=\"canonical\" href=\"https:\/\/easyliferobo.com\/de\/product\/lefant-staubsaugerroboter-mit-wischfunktion-ultraduenn-staubsaugerroboter-anti-tangle-praezise-hindernisvermeidung-app-alexa-steuerung-fuer-tierhaare-teppiche-m310-ultra-white\/\" \/>\n<meta property=\"og:locale\" content=\"de_DE\" \/>\n<meta property=\"og:type\" content=\"article\" \/>\n<meta property=\"og:title\" content=\"LEFANT Staubsaugerroboter mit Wischfunktion, ultrad\u00fcnn, Staubsaugerroboter Anti-Tangle, pr\u00e4zise Hindernisvermeidung, App, Alexa-Steuerung f\u00fcr Tierhaare, Teppiche, M310 Ultra White - EasyLifeBro\" \/>\n<meta property=\"og:description\" content=\"Entdecken Sie smarte Roboter f\u00fcr Zuhause, Garten, Bildung und Sicherheit. Vergleichen Sie Saugroboter, Rasenm\u00e4hroboter, KI-Begleitroboter und mehr bei EasyLifeRobo.\" \/>\n<meta property=\"og:url\" content=\"https:\/\/easyliferobo.com\/de\/product\/lefant-staubsaugerroboter-mit-wischfunktion-ultraduenn-staubsaugerroboter-anti-tangle-praezise-hindernisvermeidung-app-alexa-steuerung-fuer-tierhaare-teppiche-m310-ultra-white\/\" \/>\n<meta property=\"og:site_name\" content=\"EasyLifeBro\" \/>\n<meta property=\"article:modified_time\" content=\"2026-02-27T13:51:26+00:00\" \/>\n<meta property=\"og:image\" content=\"https:\/\/images-na.ssl-images-amazon.com\/images\/G\/01\/x-locale\/common\/grey-pixel.gif\" \/>\n<meta name=\"twitter:card\" content=\"summary_large_image\" \/>\n<meta name=\"twitter:label1\" content=\"Gesch\u00e4tzte Lesezeit\" \/>\n\t<meta name=\"twitter:data1\" content=\"2\u00a0Minuten\" \/>\n<script type=\"application\/ld+json\" class=\"yoast-schema-graph\">{\"@context\":\"https:\/\/schema.org\",\"@graph\":[{\"@type\":\"WebPage\",\"@id\":\"https:\/\/easyliferobo.com\/de\/product\/lefant-staubsaugerroboter-mit-wischfunktion-ultraduenn-staubsaugerroboter-anti-tangle-praezise-hindernisvermeidung-app-alexa-steuerung-fuer-tierhaare-teppiche-m310-ultra-white\/\",\"url\":\"https:\/\/easyliferobo.com\/de\/product\/lefant-staubsaugerroboter-mit-wischfunktion-ultraduenn-staubsaugerroboter-anti-tangle-praezise-hindernisvermeidung-app-alexa-steuerung-fuer-tierhaare-teppiche-m310-ultra-white\/\",\"name\":\"LEFANT Staubsaugerroboter mit Wischfunktion, ultrad\u00fcnn, Staubsaugerroboter Anti-Tangle, pr\u00e4zise Hindernisvermeidung, App, Alexa-Steuerung f\u00fcr Tierhaare, Teppiche, M310 Ultra White - EasyLifeBro\",\"isPartOf\":{\"@id\":\"https:\/\/easyliferobo.com\/de\/#website\"},\"primaryImageOfPage\":{\"@id\":\"https:\/\/easyliferobo.com\/de\/product\/lefant-staubsaugerroboter-mit-wischfunktion-ultraduenn-staubsaugerroboter-anti-tangle-praezise-hindernisvermeidung-app-alexa-steuerung-fuer-tierhaare-teppiche-m310-ultra-white\/#primaryimage\"},\"image\":{\"@id\":\"https:\/\/easyliferobo.com\/de\/product\/lefant-staubsaugerroboter-mit-wischfunktion-ultraduenn-staubsaugerroboter-anti-tangle-praezise-hindernisvermeidung-app-alexa-steuerung-fuer-tierhaare-teppiche-m310-ultra-white\/#primaryimage\"},\"thumbnailUrl\":\"https:\/\/easyliferobo.com\/de\/wp-content\/uploads\/2026\/02\/71ehcRGxepL._AC_SL1500_.jpg\",\"datePublished\":\"2026-02-27T13:51:06+00:00\",\"dateModified\":\"2026-02-27T13:51:26+00:00\",\"description\":\"Entdecken Sie smarte Roboter f\u00fcr Zuhause, Garten, Bildung und Sicherheit. Vergleichen Sie Saugroboter, Rasenm\u00e4hroboter, KI-Begleitroboter und mehr bei EasyLifeRobo.\",\"breadcrumb\":{\"@id\":\"https:\/\/easyliferobo.com\/de\/product\/lefant-staubsaugerroboter-mit-wischfunktion-ultraduenn-staubsaugerroboter-anti-tangle-praezise-hindernisvermeidung-app-alexa-steuerung-fuer-tierhaare-teppiche-m310-ultra-white\/#breadcrumb\"},\"inLanguage\":\"de\",\"potentialAction\":[{\"@type\":\"ReadAction\",\"target\":[\"https:\/\/easyliferobo.com\/de\/product\/lefant-staubsaugerroboter-mit-wischfunktion-ultraduenn-staubsaugerroboter-anti-tangle-praezise-hindernisvermeidung-app-alexa-steuerung-fuer-tierhaare-teppiche-m310-ultra-white\/\"]}]},{\"@type\":\"ImageObject\",\"inLanguage\":\"de\",\"@id\":\"https:\/\/easyliferobo.com\/de\/product\/lefant-staubsaugerroboter-mit-wischfunktion-ultraduenn-staubsaugerroboter-anti-tangle-praezise-hindernisvermeidung-app-alexa-steuerung-fuer-tierhaare-teppiche-m310-ultra-white\/#primaryimage\",\"url\":\"https:\/\/easyliferobo.com\/de\/wp-content\/uploads\/2026\/02\/71ehcRGxepL._AC_SL1500_.jpg\",\"contentUrl\":\"https:\/\/easyliferobo.com\/de\/wp-content\/uploads\/2026\/02\/71ehcRGxepL._AC_SL1500_.jpg\",\"width\":1500,\"height\":1499},{\"@type\":\"BreadcrumbList\",\"@id\":\"https:\/\/easyliferobo.com\/de\/product\/lefant-staubsaugerroboter-mit-wischfunktion-ultraduenn-staubsaugerroboter-anti-tangle-praezise-hindernisvermeidung-app-alexa-steuerung-fuer-tierhaare-teppiche-m310-ultra-white\/#breadcrumb\",\"itemListElement\":[{\"@type\":\"ListItem\",\"position\":1,\"name\":\"Home\",\"item\":\"https:\/\/easyliferobo.com\/de\/\"},{\"@type\":\"ListItem\",\"position\":2,\"name\":\"Shop\",\"item\":\"https:\/\/easyliferobo.com\/de\/shop\/\"},{\"@type\":\"ListItem\",\"position\":3,\"name\":\"LEFANT Staubsaugerroboter mit Wisch...\"}]},{\"@type\":\"WebSite\",\"@id\":\"https:\/\/easyliferobo.com\/de\/#website\",\"url\":\"https:\/\/easyliferobo.com\/de\/\",\"name\":\"EasyLifeBro\",\"description\":\"Smarte Roboter f\u00fcr Zuhause, Garten &amp; Bildung\",\"publisher\":{\"@id\":\"https:\/\/easyliferobo.com\/de\/#organization\"},\"potentialAction\":[{\"@type\":\"SearchAction\",\"target\":{\"@type\":\"EntryPoint\",\"urlTemplate\":\"https:\/\/easyliferobo.com\/de\/?s={search_term_string}\"},\"query-input\":{\"@type\":\"PropertyValueSpecification\",\"valueRequired\":true,\"valueName\":\"search_term_string\"}}],\"inLanguage\":\"de\"},{\"@type\":\"Organization\",\"@id\":\"https:\/\/easyliferobo.com\/de\/#organization\",\"name\":\"EasyLifeBro\",\"url\":\"https:\/\/easyliferobo.com\/de\/\",\"logo\":{\"@type\":\"ImageObject\",\"inLanguage\":\"de\",\"@id\":\"https:\/\/easyliferobo.com\/de\/#\/schema\/logo\/image\/\",\"url\":\"https:\/\/easyliferobo.com\/de\/wp-content\/uploads\/2026\/02\/Screenshot-2026-02-22-at-2.25.03-PM.png\",\"contentUrl\":\"https:\/\/easyliferobo.com\/de\/wp-content\/uploads\/2026\/02\/Screenshot-2026-02-22-at-2.25.03-PM.png\",\"width\":1858,\"height\":430,\"caption\":\"EasyLifeBro\"},\"image\":{\"@id\":\"https:\/\/easyliferobo.com\/de\/#\/schema\/logo\/image\/\"}}]}<\/script>\n<!-- \/ Yoast SEO plugin. -->","yoast_head_json":{"title":"LEFANT Staubsaugerroboter mit Wischfunktion, ultrad\u00fcnn, Staubsaugerroboter Anti-Tangle, pr\u00e4zise Hindernisvermeidung, App, Alexa-Steuerung f\u00fcr Tierhaare, Teppiche, M310 Ultra White - EasyLifeBro","description":"Entdecken Sie smarte Roboter f\u00fcr Zuhause, Garten, Bildung und Sicherheit. Vergleichen Sie Saugroboter, Rasenm\u00e4hroboter, KI-Begleitroboter und mehr bei EasyLifeRobo.","robots":{"index":"index","follow":"follow","max-snippet":"max-snippet:-1","max-image-preview":"max-image-preview:large","max-video-preview":"max-video-preview:-1"},"canonical":"https:\/\/easyliferobo.com\/de\/product\/lefant-staubsaugerroboter-mit-wischfunktion-ultraduenn-staubsaugerroboter-anti-tangle-praezise-hindernisvermeidung-app-alexa-steuerung-fuer-tierhaare-teppiche-m310-ultra-white\/","og_locale":"de_DE","og_type":"article","og_title":"LEFANT Staubsaugerroboter mit Wischfunktion, ultrad\u00fcnn, Staubsaugerroboter Anti-Tangle, pr\u00e4zise Hindernisvermeidung, App, Alexa-Steuerung f\u00fcr Tierhaare, Teppiche, M310 Ultra White - EasyLifeBro","og_description":"Entdecken Sie smarte Roboter f\u00fcr Zuhause, Garten, Bildung und Sicherheit. Vergleichen Sie Saugroboter, Rasenm\u00e4hroboter, KI-Begleitroboter und mehr bei EasyLifeRobo.","og_url":"https:\/\/easyliferobo.com\/de\/product\/lefant-staubsaugerroboter-mit-wischfunktion-ultraduenn-staubsaugerroboter-anti-tangle-praezise-hindernisvermeidung-app-alexa-steuerung-fuer-tierhaare-teppiche-m310-ultra-white\/","og_site_name":"EasyLifeBro","article_modified_time":"2026-02-27T13:51:26+00:00","og_image":[{"url":"https:\/\/images-na.ssl-images-amazon.com\/images\/G\/01\/x-locale\/common\/grey-pixel.gif","type":"","width":"","height":""}],"twitter_card":"summary_large_image","twitter_misc":{"Gesch\u00e4tzte Lesezeit":"2\u00a0Minuten"},"schema":{"@context":"https:\/\/schema.org","@graph":[{"@type":"WebPage","@id":"https:\/\/easyliferobo.com\/de\/product\/lefant-staubsaugerroboter-mit-wischfunktion-ultraduenn-staubsaugerroboter-anti-tangle-praezise-hindernisvermeidung-app-alexa-steuerung-fuer-tierhaare-teppiche-m310-ultra-white\/","url":"https:\/\/easyliferobo.com\/de\/product\/lefant-staubsaugerroboter-mit-wischfunktion-ultraduenn-staubsaugerroboter-anti-tangle-praezise-hindernisvermeidung-app-alexa-steuerung-fuer-tierhaare-teppiche-m310-ultra-white\/","name":"LEFANT Staubsaugerroboter mit Wischfunktion, ultrad\u00fcnn, Staubsaugerroboter Anti-Tangle, pr\u00e4zise Hindernisvermeidung, App, Alexa-Steuerung f\u00fcr Tierhaare, Teppiche, M310 Ultra White - EasyLifeBro","isPartOf":{"@id":"https:\/\/easyliferobo.com\/de\/#website"},"primaryImageOfPage":{"@id":"https:\/\/easyliferobo.com\/de\/product\/lefant-staubsaugerroboter-mit-wischfunktion-ultraduenn-staubsaugerroboter-anti-tangle-praezise-hindernisvermeidung-app-alexa-steuerung-fuer-tierhaare-teppiche-m310-ultra-white\/#primaryimage"},"image":{"@id":"https:\/\/easyliferobo.com\/de\/product\/lefant-staubsaugerroboter-mit-wischfunktion-ultraduenn-staubsaugerroboter-anti-tangle-praezise-hindernisvermeidung-app-alexa-steuerung-fuer-tierhaare-teppiche-m310-ultra-white\/#primaryimage"},"thumbnailUrl":"https:\/\/easyliferobo.com\/de\/wp-content\/uploads\/2026\/02\/71ehcRGxepL._AC_SL1500_.jpg","datePublished":"2026-02-27T13:51:06+00:00","dateModified":"2026-02-27T13:51:26+00:00","description":"Entdecken Sie smarte Roboter f\u00fcr Zuhause, Garten, Bildung und Sicherheit. Vergleichen Sie Saugroboter, Rasenm\u00e4hroboter, KI-Begleitroboter und mehr bei EasyLifeRobo.","breadcrumb":{"@id":"https:\/\/easyliferobo.com\/de\/product\/lefant-staubsaugerroboter-mit-wischfunktion-ultraduenn-staubsaugerroboter-anti-tangle-praezise-hindernisvermeidung-app-alexa-steuerung-fuer-tierhaare-teppiche-m310-ultra-white\/#breadcrumb"},"inLanguage":"de","potentialAction":[{"@type":"ReadAction","target":["https:\/\/easyliferobo.com\/de\/product\/lefant-staubsaugerroboter-mit-wischfunktion-ultraduenn-staubsaugerroboter-anti-tangle-praezise-hindernisvermeidung-app-alexa-steuerung-fuer-tierhaare-teppiche-m310-ultra-white\/"]}]},{"@type":"ImageObject","inLanguage":"de","@id":"https:\/\/easyliferobo.com\/de\/product\/lefant-staubsaugerroboter-mit-wischfunktion-ultraduenn-staubsaugerroboter-anti-tangle-praezise-hindernisvermeidung-app-alexa-steuerung-fuer-tierhaare-teppiche-m310-ultra-white\/#primaryimage","url":"https:\/\/easyliferobo.com\/de\/wp-content\/uploads\/2026\/02\/71ehcRGxepL._AC_SL1500_.jpg","contentUrl":"https:\/\/easyliferobo.com\/de\/wp-content\/uploads\/2026\/02\/71ehcRGxepL._AC_SL1500_.jpg","width":1500,"height":1499},{"@type":"BreadcrumbList","@id":"https:\/\/easyliferobo.com\/de\/product\/lefant-staubsaugerroboter-mit-wischfunktion-ultraduenn-staubsaugerroboter-anti-tangle-praezise-hindernisvermeidung-app-alexa-steuerung-fuer-tierhaare-teppiche-m310-ultra-white\/#breadcrumb","itemListElement":[{"@type":"ListItem","position":1,"name":"Home","item":"https:\/\/easyliferobo.com\/de\/"},{"@type":"ListItem","position":2,"name":"Shop","item":"https:\/\/easyliferobo.com\/de\/shop\/"},{"@type":"ListItem","position":3,"name":"LEFANT Staubsaugerroboter mit Wisch..."}]},{"@type":"WebSite","@id":"https:\/\/easyliferobo.com\/de\/#website","url":"https:\/\/easyliferobo.com\/de\/","name":"EasyLifeBro","description":"Smarte Roboter f\u00fcr Zuhause, Garten &amp; Bildung","publisher":{"@id":"https:\/\/easyliferobo.com\/de\/#organization"},"potentialAction":[{"@type":"SearchAction","target":{"@type":"EntryPoint","urlTemplate":"https:\/\/easyliferobo.com\/de\/?s={search_term_string}"},"query-input":{"@type":"PropertyValueSpecification","valueRequired":true,"valueName":"search_term_string"}}],"inLanguage":"de"},{"@type":"Organization","@id":"https:\/\/easyliferobo.com\/de\/#organization","name":"EasyLifeBro","url":"https:\/\/easyliferobo.com\/de\/","logo":{"@type":"ImageObject","inLanguage":"de","@id":"https:\/\/easyliferobo.com\/de\/#\/schema\/logo\/image\/","url":"https:\/\/easyliferobo.com\/de\/wp-content\/uploads\/2026\/02\/Screenshot-2026-02-22-at-2.25.03-PM.png","contentUrl":"https:\/\/easyliferobo.com\/de\/wp-content\/uploads\/2026\/02\/Screenshot-2026-02-22-at-2.25.03-PM.png","width":1858,"height":430,"caption":"EasyLifeBro"},"image":{"@id":"https:\/\/easyliferobo.com\/de\/#\/schema\/logo\/image\/"}}]}},"_links":{"self":[{"href":"https:\/\/easyliferobo.com\/de\/wp-json\/wp\/v2\/product\/4672","targetHints":{"allow":["GET"]}}],"collection":[{"href":"https:\/\/easyliferobo.com\/de\/wp-json\/wp\/v2\/product"}],"about":[{"href":"https:\/\/easyliferobo.com\/de\/wp-json\/wp\/v2\/types\/product"}],"replies":[{"embeddable":true,"href":"https:\/\/easyliferobo.com\/de\/wp-json\/wp\/v2\/comments?post=4672"}],"wp:featuredmedia":[{"embeddable":true,"href":"https:\/\/easyliferobo.com\/de\/wp-json\/wp\/v2\/media\/4673"}],"wp:attachment":[{"href":"https:\/\/easyliferobo.com\/de\/wp-json\/wp\/v2\/media?parent=4672"}],"wp:term":[{"taxonomy":"store","embeddable":true,"href":"https:\/\/easyliferobo.com\/de\/wp-json\/wp\/v2\/store?post=4672"},{"taxonomy":"product_brand","embeddable":true,"href":"https:\/\/easyliferobo.com\/de\/wp-json\/wp\/v2\/product_brand?post=4672"},{"taxonomy":"product_cat","embeddable":true,"href":"https:\/\/easyliferobo.com\/de\/wp-json\/wp\/v2\/product_cat?post=4672"},{"taxonomy":"product_tag","embeddable":true,"href":"https:\/\/easyliferobo.com\/de\/wp-json\/wp\/v2\/product_tag?post=4672"}],"curies":[{"name":"wp","href":"https:\/\/api.w.org\/{rel}","templated":true}]}}