
{"id":4636,"date":"2026-02-27T13:43:33","date_gmt":"2026-02-27T13:43:33","guid":{"rendered":"https:\/\/easyliferobo.com\/de\/product\/azdelivery-35-in-1-set-zubehoer-sensor-kit-modul-kompatibel-mit-mikrocontrollern-kompatibel-mit-arduino-inklusive-e-book\/"},"modified":"2026-02-27T13:43:48","modified_gmt":"2026-02-27T13:43:48","slug":"azdelivery-35-in-1-set-zubehoer-sensor-kit-modul-kompatibel-mit-mikrocontrollern-kompatibel-mit-arduino-inklusive-e-book","status":"publish","type":"product","link":"https:\/\/easyliferobo.com\/de\/product\/azdelivery-35-in-1-set-zubehoer-sensor-kit-modul-kompatibel-mit-mikrocontrollern-kompatibel-mit-arduino-inklusive-e-book\/","title":{"rendered":"AZDelivery 35 in 1 Set Zubeh\u00f6r Sen..."},"content":{"rendered":"<p>\n                                             Produktbeschreibung   <\/p>\n<p>                                                  <img decoding=\"async\" alt=\"Banner\" src=\"https:\/\/images-na.ssl-images-amazon.com\/images\/G\/01\/x-locale\/common\/grey-pixel.gif\" class=\"a-lazy-loaded\" data-src=\"https:\/\/m.media-amazon.com\/images\/S\/aplus-media-library-service-media\/5c75700f-b70f-4856-8c9a-4dc8ecbe052a.__CR0,36,3000,928_PT0_SX970_V1___.jpg\"><img decoding=\"async\" alt=\"Banner\" src=\"https:\/\/m.media-amazon.com\/images\/S\/aplus-media-library-service-media\/5c75700f-b70f-4856-8c9a-4dc8ecbe052a.__CR0,36,3000,928_PT0_SX970_V1___.jpg\">  <\/p>\n<p>  Das Original-37-Sensoren-Kit darf nicht innerhalb der EU verkauft werden. Die quecksilberhaltigen Mercury Tilt Switch- und Light Cup-Module sind daher nicht mehr Bestandteil dieses Kits. <\/p>\n<p>  Dieses AZ-Delivery Kit enth\u00e4lt die folgenden 35 Sensoren: 1x Joystick 1x Relais 1x Gro\u00dfer Ton 1x Kleiner Ton 1x Tracking 1x Vermeidung 1x Flamme 1x Linearer Hall-Sensor 1x Ber\u00fchrung 1x Digitale Temperatur 1x Summer 1x Passiver Summer 1x RGB-LED 1x SMD RGB 1x Zweifarbig 5mm 1x Mini Zweifarbig 3mm 1x Reed-Schalter 1x Mini-Reed-Schalter 1x Herzschlag 1x 7-Farben-Blitz 1x LED-Ampelmodul 1x auf Leiterplatte montierter Druckknopf 1x Schock, ein Neigungsschalter vom Typ Rolling Ball 1x Drehgeber 1x Neigungsschalter mit rollender Kugel 1x Fotowiderstand 1x Temperatur und Luftfeuchtigkeit 1x Analog Hall 1x Hall magnetisch 1x DS18B20 Temperatur 1x Analoge Temperatur 1x IR-Emission 1x IR-Empf\u00e4nger 1x Tap-Modul 1x Lichtblockierung <\/p>\n<p>  Willkommen in der AZDelivery-Familie! Hier finden Sie hochwertige Produkte f\u00fcr Ihre Raspberry Pi Projekte. Gerne bieten wir Ihnen zahlreiche Anwendungsbeispiele, komplette Installationsanleitungen, E-Books, Bibliotheken und pers\u00f6nlichen Support an. AZ-Delivery: Ihr Mikroelektronik-Experte! <\/p>\n<p>Tolles Kit mit vielen Sensoren und Modulen<br \/>Dieses umfangreiche Zubeh\u00f6rset ist voll kompatibel<br \/>Im Paket sind 35 Sensoren enthalten, mit denen Sie viele weitere Projekte umsetzen k\u00f6nnen<br \/>Dank des kostenlosen eBooks mit Installationsanleitung und Beispielskript von AZ-Delivery k\u00f6nnen Sie direkt mit Ihrem Projekt loslegen, ohne sich lange mit der Einrichtung des Produkts besch\u00e4ftigen zu m\u00fcssen.<br \/>\u2705 Dieses Produkt enth\u00e4lt ein E-Book, das n\u00fctzliche Informationen zum Beginn Ihres Projekts enth\u00e4lt, es bei einer schnellen Einrichtung hilft und Zeit beim Konfigurationsprozess spart. Wir bieten eine Reihe von Anwendungsbeispielen, vollst\u00e4ndigen Installationsanleitungen und Bibliotheken.<\/p>\n<p>[ad_2]<\/p>\n","protected":false},"excerpt":{"rendered":"<p>Produktbeschreibung Das Original-37-Sensoren-Kit darf nicht innerhalb der EU verkauft werden. Die quecksilberhaltigen Mercury Tilt Switch- und Light Cup-Module sind daher nicht mehr Bestandteil dieses Kits. Dieses AZ-Delivery Kit enth\u00e4lt die folgenden 35 Sensoren: 1x Joystick 1x Relais 1x Gro\u00dfer Ton 1x Kleiner Ton 1x Tracking 1x Vermeidung 1x Flamme 1x Linearer Hall-Sensor 1x Ber\u00fchrung 1x [&hellip;]<\/p>\n","protected":false},"featured_media":4637,"comment_status":"open","ping_status":"closed","template":"","meta":{"_aipt_faq_data":""},"store":[],"product_brand":[411],"product_cat":[81],"product_tag":[189],"class_list":{"0":"post-4636","1":"product","2":"type-product","3":"status-publish","4":"has-post-thumbnail","6":"product_brand-azdelivery","7":"product_cat-arduino-raspberry-pi-kits","8":"product_tag-arduino-raspberry-pi-kits-sensor-bundles","10":"first","11":"instock","12":"sale","13":"shipping-taxable","14":"product-type-external"},"yoast_head":"<!-- This site is optimized with the Yoast SEO plugin v27.4 - https:\/\/yoast.com\/product\/yoast-seo-wordpress\/ -->\n<title>AZDelivery 35 in 1 Set Zubeh\u00f6r Sensor Kit Modul kompatibel mit Mikrocontrollern kompatibel mit Arduino inklusive E-Book - EasyLifeBro<\/title>\n<meta name=\"description\" content=\"Entdecken Sie smarte Roboter f\u00fcr Zuhause, Garten, Bildung und Sicherheit. Vergleichen Sie Saugroboter, Rasenm\u00e4hroboter, KI-Begleitroboter und mehr bei EasyLifeRobo.\" \/>\n<meta name=\"robots\" content=\"index, follow, max-snippet:-1, max-image-preview:large, max-video-preview:-1\" \/>\n<link rel=\"canonical\" href=\"https:\/\/easyliferobo.com\/de\/product\/azdelivery-35-in-1-set-zubehoer-sensor-kit-modul-kompatibel-mit-mikrocontrollern-kompatibel-mit-arduino-inklusive-e-book\/\" \/>\n<meta property=\"og:locale\" content=\"de_DE\" \/>\n<meta property=\"og:type\" content=\"article\" \/>\n<meta property=\"og:title\" content=\"AZDelivery 35 in 1 Set Zubeh\u00f6r Sensor Kit Modul kompatibel mit Mikrocontrollern kompatibel mit Arduino inklusive E-Book - EasyLifeBro\" \/>\n<meta property=\"og:description\" content=\"Entdecken Sie smarte Roboter f\u00fcr Zuhause, Garten, Bildung und Sicherheit. Vergleichen Sie Saugroboter, Rasenm\u00e4hroboter, KI-Begleitroboter und mehr bei EasyLifeRobo.\" \/>\n<meta property=\"og:url\" content=\"https:\/\/easyliferobo.com\/de\/product\/azdelivery-35-in-1-set-zubehoer-sensor-kit-modul-kompatibel-mit-mikrocontrollern-kompatibel-mit-arduino-inklusive-e-book\/\" \/>\n<meta property=\"og:site_name\" content=\"EasyLifeBro\" \/>\n<meta property=\"article:modified_time\" content=\"2026-02-27T13:43:48+00:00\" \/>\n<meta property=\"og:image\" content=\"https:\/\/images-na.ssl-images-amazon.com\/images\/G\/01\/x-locale\/common\/grey-pixel.gif\" \/>\n<meta name=\"twitter:card\" content=\"summary_large_image\" \/>\n<meta name=\"twitter:label1\" content=\"Gesch\u00e4tzte Lesezeit\" \/>\n\t<meta name=\"twitter:data1\" content=\"1\u00a0Minute\" \/>\n<script type=\"application\/ld+json\" class=\"yoast-schema-graph\">{\"@context\":\"https:\\\/\\\/schema.org\",\"@graph\":[{\"@type\":\"WebPage\",\"@id\":\"https:\\\/\\\/easyliferobo.com\\\/de\\\/product\\\/azdelivery-35-in-1-set-zubehoer-sensor-kit-modul-kompatibel-mit-mikrocontrollern-kompatibel-mit-arduino-inklusive-e-book\\\/\",\"url\":\"https:\\\/\\\/easyliferobo.com\\\/de\\\/product\\\/azdelivery-35-in-1-set-zubehoer-sensor-kit-modul-kompatibel-mit-mikrocontrollern-kompatibel-mit-arduino-inklusive-e-book\\\/\",\"name\":\"AZDelivery 35 in 1 Set Zubeh\u00f6r Sensor Kit Modul kompatibel mit Mikrocontrollern kompatibel mit Arduino inklusive E-Book - EasyLifeBro\",\"isPartOf\":{\"@id\":\"https:\\\/\\\/easyliferobo.com\\\/de\\\/#website\"},\"primaryImageOfPage\":{\"@id\":\"https:\\\/\\\/easyliferobo.com\\\/de\\\/product\\\/azdelivery-35-in-1-set-zubehoer-sensor-kit-modul-kompatibel-mit-mikrocontrollern-kompatibel-mit-arduino-inklusive-e-book\\\/#primaryimage\"},\"image\":{\"@id\":\"https:\\\/\\\/easyliferobo.com\\\/de\\\/product\\\/azdelivery-35-in-1-set-zubehoer-sensor-kit-modul-kompatibel-mit-mikrocontrollern-kompatibel-mit-arduino-inklusive-e-book\\\/#primaryimage\"},\"thumbnailUrl\":\"https:\\\/\\\/easyliferobo.com\\\/de\\\/wp-content\\\/uploads\\\/2026\\\/02\\\/81e9Mo5-qRL._SL1500_.jpg\",\"datePublished\":\"2026-02-27T13:43:33+00:00\",\"dateModified\":\"2026-02-27T13:43:48+00:00\",\"description\":\"Entdecken Sie smarte Roboter f\u00fcr Zuhause, Garten, Bildung und Sicherheit. Vergleichen Sie Saugroboter, Rasenm\u00e4hroboter, KI-Begleitroboter und mehr bei EasyLifeRobo.\",\"breadcrumb\":{\"@id\":\"https:\\\/\\\/easyliferobo.com\\\/de\\\/product\\\/azdelivery-35-in-1-set-zubehoer-sensor-kit-modul-kompatibel-mit-mikrocontrollern-kompatibel-mit-arduino-inklusive-e-book\\\/#breadcrumb\"},\"inLanguage\":\"de\",\"potentialAction\":[{\"@type\":\"ReadAction\",\"target\":[\"https:\\\/\\\/easyliferobo.com\\\/de\\\/product\\\/azdelivery-35-in-1-set-zubehoer-sensor-kit-modul-kompatibel-mit-mikrocontrollern-kompatibel-mit-arduino-inklusive-e-book\\\/\"]}]},{\"@type\":\"ImageObject\",\"inLanguage\":\"de\",\"@id\":\"https:\\\/\\\/easyliferobo.com\\\/de\\\/product\\\/azdelivery-35-in-1-set-zubehoer-sensor-kit-modul-kompatibel-mit-mikrocontrollern-kompatibel-mit-arduino-inklusive-e-book\\\/#primaryimage\",\"url\":\"https:\\\/\\\/easyliferobo.com\\\/de\\\/wp-content\\\/uploads\\\/2026\\\/02\\\/81e9Mo5-qRL._SL1500_.jpg\",\"contentUrl\":\"https:\\\/\\\/easyliferobo.com\\\/de\\\/wp-content\\\/uploads\\\/2026\\\/02\\\/81e9Mo5-qRL._SL1500_.jpg\",\"width\":1500,\"height\":1500},{\"@type\":\"BreadcrumbList\",\"@id\":\"https:\\\/\\\/easyliferobo.com\\\/de\\\/product\\\/azdelivery-35-in-1-set-zubehoer-sensor-kit-modul-kompatibel-mit-mikrocontrollern-kompatibel-mit-arduino-inklusive-e-book\\\/#breadcrumb\",\"itemListElement\":[{\"@type\":\"ListItem\",\"position\":1,\"name\":\"Home\",\"item\":\"https:\\\/\\\/easyliferobo.com\\\/de\\\/\"},{\"@type\":\"ListItem\",\"position\":2,\"name\":\"Shop\",\"item\":\"https:\\\/\\\/easyliferobo.com\\\/de\\\/shop\\\/\"},{\"@type\":\"ListItem\",\"position\":3,\"name\":\"AZDelivery 35 in 1 Set Zubeh\u00f6r Sen...\"}]},{\"@type\":\"WebSite\",\"@id\":\"https:\\\/\\\/easyliferobo.com\\\/de\\\/#website\",\"url\":\"https:\\\/\\\/easyliferobo.com\\\/de\\\/\",\"name\":\"EasyLifeBro\",\"description\":\"Smarte Roboter f\u00fcr Zuhause, Garten &amp; Bildung\",\"publisher\":{\"@id\":\"https:\\\/\\\/easyliferobo.com\\\/de\\\/#organization\"},\"potentialAction\":[{\"@type\":\"SearchAction\",\"target\":{\"@type\":\"EntryPoint\",\"urlTemplate\":\"https:\\\/\\\/easyliferobo.com\\\/de\\\/?s={search_term_string}\"},\"query-input\":{\"@type\":\"PropertyValueSpecification\",\"valueRequired\":true,\"valueName\":\"search_term_string\"}}],\"inLanguage\":\"de\"},{\"@type\":\"Organization\",\"@id\":\"https:\\\/\\\/easyliferobo.com\\\/de\\\/#organization\",\"name\":\"EasyLifeBro\",\"url\":\"https:\\\/\\\/easyliferobo.com\\\/de\\\/\",\"logo\":{\"@type\":\"ImageObject\",\"inLanguage\":\"de\",\"@id\":\"https:\\\/\\\/easyliferobo.com\\\/de\\\/#\\\/schema\\\/logo\\\/image\\\/\",\"url\":\"https:\\\/\\\/easyliferobo.com\\\/de\\\/wp-content\\\/uploads\\\/2026\\\/02\\\/Screenshot-2026-02-22-at-2.25.03-PM.png\",\"contentUrl\":\"https:\\\/\\\/easyliferobo.com\\\/de\\\/wp-content\\\/uploads\\\/2026\\\/02\\\/Screenshot-2026-02-22-at-2.25.03-PM.png\",\"width\":1858,\"height\":430,\"caption\":\"EasyLifeBro\"},\"image\":{\"@id\":\"https:\\\/\\\/easyliferobo.com\\\/de\\\/#\\\/schema\\\/logo\\\/image\\\/\"}}]}<\/script>\n<!-- \/ Yoast SEO plugin. -->","yoast_head_json":{"title":"AZDelivery 35 in 1 Set Zubeh\u00f6r Sensor Kit Modul kompatibel mit Mikrocontrollern kompatibel mit Arduino inklusive E-Book - EasyLifeBro","description":"Entdecken Sie smarte Roboter f\u00fcr Zuhause, Garten, Bildung und Sicherheit. Vergleichen Sie Saugroboter, Rasenm\u00e4hroboter, KI-Begleitroboter und mehr bei EasyLifeRobo.","robots":{"index":"index","follow":"follow","max-snippet":"max-snippet:-1","max-image-preview":"max-image-preview:large","max-video-preview":"max-video-preview:-1"},"canonical":"https:\/\/easyliferobo.com\/de\/product\/azdelivery-35-in-1-set-zubehoer-sensor-kit-modul-kompatibel-mit-mikrocontrollern-kompatibel-mit-arduino-inklusive-e-book\/","og_locale":"de_DE","og_type":"article","og_title":"AZDelivery 35 in 1 Set Zubeh\u00f6r Sensor Kit Modul kompatibel mit Mikrocontrollern kompatibel mit Arduino inklusive E-Book - EasyLifeBro","og_description":"Entdecken Sie smarte Roboter f\u00fcr Zuhause, Garten, Bildung und Sicherheit. Vergleichen Sie Saugroboter, Rasenm\u00e4hroboter, KI-Begleitroboter und mehr bei EasyLifeRobo.","og_url":"https:\/\/easyliferobo.com\/de\/product\/azdelivery-35-in-1-set-zubehoer-sensor-kit-modul-kompatibel-mit-mikrocontrollern-kompatibel-mit-arduino-inklusive-e-book\/","og_site_name":"EasyLifeBro","article_modified_time":"2026-02-27T13:43:48+00:00","og_image":[{"url":"https:\/\/images-na.ssl-images-amazon.com\/images\/G\/01\/x-locale\/common\/grey-pixel.gif","type":"","width":"","height":""}],"twitter_card":"summary_large_image","twitter_misc":{"Gesch\u00e4tzte Lesezeit":"1\u00a0Minute"},"schema":{"@context":"https:\/\/schema.org","@graph":[{"@type":"WebPage","@id":"https:\/\/easyliferobo.com\/de\/product\/azdelivery-35-in-1-set-zubehoer-sensor-kit-modul-kompatibel-mit-mikrocontrollern-kompatibel-mit-arduino-inklusive-e-book\/","url":"https:\/\/easyliferobo.com\/de\/product\/azdelivery-35-in-1-set-zubehoer-sensor-kit-modul-kompatibel-mit-mikrocontrollern-kompatibel-mit-arduino-inklusive-e-book\/","name":"AZDelivery 35 in 1 Set Zubeh\u00f6r Sensor Kit Modul kompatibel mit Mikrocontrollern kompatibel mit Arduino inklusive E-Book - EasyLifeBro","isPartOf":{"@id":"https:\/\/easyliferobo.com\/de\/#website"},"primaryImageOfPage":{"@id":"https:\/\/easyliferobo.com\/de\/product\/azdelivery-35-in-1-set-zubehoer-sensor-kit-modul-kompatibel-mit-mikrocontrollern-kompatibel-mit-arduino-inklusive-e-book\/#primaryimage"},"image":{"@id":"https:\/\/easyliferobo.com\/de\/product\/azdelivery-35-in-1-set-zubehoer-sensor-kit-modul-kompatibel-mit-mikrocontrollern-kompatibel-mit-arduino-inklusive-e-book\/#primaryimage"},"thumbnailUrl":"https:\/\/easyliferobo.com\/de\/wp-content\/uploads\/2026\/02\/81e9Mo5-qRL._SL1500_.jpg","datePublished":"2026-02-27T13:43:33+00:00","dateModified":"2026-02-27T13:43:48+00:00","description":"Entdecken Sie smarte Roboter f\u00fcr Zuhause, Garten, Bildung und Sicherheit. Vergleichen Sie Saugroboter, Rasenm\u00e4hroboter, KI-Begleitroboter und mehr bei EasyLifeRobo.","breadcrumb":{"@id":"https:\/\/easyliferobo.com\/de\/product\/azdelivery-35-in-1-set-zubehoer-sensor-kit-modul-kompatibel-mit-mikrocontrollern-kompatibel-mit-arduino-inklusive-e-book\/#breadcrumb"},"inLanguage":"de","potentialAction":[{"@type":"ReadAction","target":["https:\/\/easyliferobo.com\/de\/product\/azdelivery-35-in-1-set-zubehoer-sensor-kit-modul-kompatibel-mit-mikrocontrollern-kompatibel-mit-arduino-inklusive-e-book\/"]}]},{"@type":"ImageObject","inLanguage":"de","@id":"https:\/\/easyliferobo.com\/de\/product\/azdelivery-35-in-1-set-zubehoer-sensor-kit-modul-kompatibel-mit-mikrocontrollern-kompatibel-mit-arduino-inklusive-e-book\/#primaryimage","url":"https:\/\/easyliferobo.com\/de\/wp-content\/uploads\/2026\/02\/81e9Mo5-qRL._SL1500_.jpg","contentUrl":"https:\/\/easyliferobo.com\/de\/wp-content\/uploads\/2026\/02\/81e9Mo5-qRL._SL1500_.jpg","width":1500,"height":1500},{"@type":"BreadcrumbList","@id":"https:\/\/easyliferobo.com\/de\/product\/azdelivery-35-in-1-set-zubehoer-sensor-kit-modul-kompatibel-mit-mikrocontrollern-kompatibel-mit-arduino-inklusive-e-book\/#breadcrumb","itemListElement":[{"@type":"ListItem","position":1,"name":"Home","item":"https:\/\/easyliferobo.com\/de\/"},{"@type":"ListItem","position":2,"name":"Shop","item":"https:\/\/easyliferobo.com\/de\/shop\/"},{"@type":"ListItem","position":3,"name":"AZDelivery 35 in 1 Set Zubeh\u00f6r Sen..."}]},{"@type":"WebSite","@id":"https:\/\/easyliferobo.com\/de\/#website","url":"https:\/\/easyliferobo.com\/de\/","name":"EasyLifeBro","description":"Smarte Roboter f\u00fcr Zuhause, Garten &amp; Bildung","publisher":{"@id":"https:\/\/easyliferobo.com\/de\/#organization"},"potentialAction":[{"@type":"SearchAction","target":{"@type":"EntryPoint","urlTemplate":"https:\/\/easyliferobo.com\/de\/?s={search_term_string}"},"query-input":{"@type":"PropertyValueSpecification","valueRequired":true,"valueName":"search_term_string"}}],"inLanguage":"de"},{"@type":"Organization","@id":"https:\/\/easyliferobo.com\/de\/#organization","name":"EasyLifeBro","url":"https:\/\/easyliferobo.com\/de\/","logo":{"@type":"ImageObject","inLanguage":"de","@id":"https:\/\/easyliferobo.com\/de\/#\/schema\/logo\/image\/","url":"https:\/\/easyliferobo.com\/de\/wp-content\/uploads\/2026\/02\/Screenshot-2026-02-22-at-2.25.03-PM.png","contentUrl":"https:\/\/easyliferobo.com\/de\/wp-content\/uploads\/2026\/02\/Screenshot-2026-02-22-at-2.25.03-PM.png","width":1858,"height":430,"caption":"EasyLifeBro"},"image":{"@id":"https:\/\/easyliferobo.com\/de\/#\/schema\/logo\/image\/"}}]}},"_links":{"self":[{"href":"https:\/\/easyliferobo.com\/de\/wp-json\/wp\/v2\/product\/4636","targetHints":{"allow":["GET"]}}],"collection":[{"href":"https:\/\/easyliferobo.com\/de\/wp-json\/wp\/v2\/product"}],"about":[{"href":"https:\/\/easyliferobo.com\/de\/wp-json\/wp\/v2\/types\/product"}],"replies":[{"embeddable":true,"href":"https:\/\/easyliferobo.com\/de\/wp-json\/wp\/v2\/comments?post=4636"}],"wp:featuredmedia":[{"embeddable":true,"href":"https:\/\/easyliferobo.com\/de\/wp-json\/wp\/v2\/media\/4637"}],"wp:attachment":[{"href":"https:\/\/easyliferobo.com\/de\/wp-json\/wp\/v2\/media?parent=4636"}],"wp:term":[{"taxonomy":"store","embeddable":true,"href":"https:\/\/easyliferobo.com\/de\/wp-json\/wp\/v2\/store?post=4636"},{"taxonomy":"product_brand","embeddable":true,"href":"https:\/\/easyliferobo.com\/de\/wp-json\/wp\/v2\/product_brand?post=4636"},{"taxonomy":"product_cat","embeddable":true,"href":"https:\/\/easyliferobo.com\/de\/wp-json\/wp\/v2\/product_cat?post=4636"},{"taxonomy":"product_tag","embeddable":true,"href":"https:\/\/easyliferobo.com\/de\/wp-json\/wp\/v2\/product_tag?post=4636"}],"curies":[{"name":"wp","href":"https:\/\/api.w.org\/{rel}","templated":true}]}}