
{"id":4607,"date":"2026-02-27T13:37:08","date_gmt":"2026-02-27T13:37:08","guid":{"rendered":"https:\/\/easyliferobo.com\/de\/product\/mammotion-luba-3-awd-3000-roboter-rasenmaeher-ohne-begrenzungskabel-fuer-3000%e3%8e%a1-360-lidar-netrtkki-vision-tri-fusion-positionierung-allradantrieb-fuer-80-steigungen-automatische-ka\/"},"modified":"2026-02-27T13:37:23","modified_gmt":"2026-02-27T13:37:23","slug":"mammotion-luba-3-awd-3000-roboter-rasenmaeher-ohne-begrenzungskabel-fuer-3000%e3%8e%a1-360-lidar-netrtkki-vision-tri-fusion-positionierung-allradantrieb-fuer-80-steigungen-automatische-ka","status":"publish","type":"product","link":"https:\/\/easyliferobo.com\/de\/product\/mammotion-luba-3-awd-3000-roboter-rasenmaeher-ohne-begrenzungskabel-fuer-3000%e3%8e%a1-360-lidar-netrtkki-vision-tri-fusion-positionierung-allradantrieb-fuer-80-steigungen-automatische-ka\/","title":{"rendered":"MAMMOTION LUBA 3 AWD 3000 Roboter-R..."},"content":{"rendered":"<p>\n                                             Von der Marke   <\/p>\n<p>                                              <img decoding=\"async\" alt=\"\" src=\"https:\/\/images-na.ssl-images-amazon.com\/images\/G\/01\/x-locale\/common\/grey-pixel.gif\" class=\"a-lazy-loaded\" data-src=\"https:\/\/m.media-amazon.com\/images\/S\/aplus-media-library-service-media\/ad66494a-4941-4c7e-9946-972cea1c65b0.__CR0,0,1464,625_PT0_SX1464_V1___.jpg\"><img decoding=\"async\" alt=\"\" src=\"https:\/\/m.media-amazon.com\/images\/S\/aplus-media-library-service-media\/ad66494a-4941-4c7e-9946-972cea1c65b0.__CR0,0,1464,625_PT0_SX1464_V1___.jpg\">  <\/p>\n<p>                                              <img decoding=\"async\" alt=\"Weltkarte mit Standortmarkierungen, die mehr als 30 L\u00e4nder zeigen, begleitet von Flaggensymbolen verschiedener Nationen, darunter europ\u00e4ische, nordamerikanische und andere internationale Flaggen.\" src=\"https:\/\/images-na.ssl-images-amazon.com\/images\/G\/01\/x-locale\/common\/grey-pixel.gif\" class=\"a-lazy-loaded\" data-src=\"https:\/\/m.media-amazon.com\/images\/S\/aplus-media-library-service-media\/6acdfa57-6cb9-454c-ba14-04a4fd9c2148.__CR0,0,1810,2265_PT0_SX362_V1___.jpg\"><img decoding=\"async\" alt=\"Weltkarte mit Standortmarkierungen, die mehr als 30 L\u00e4nder zeigen, begleitet von Flaggensymbolen verschiedener Nationen, darunter europ\u00e4ische, nordamerikanische und andere internationale Flaggen.\" src=\"https:\/\/m.media-amazon.com\/images\/S\/aplus-media-library-service-media\/6acdfa57-6cb9-454c-ba14-04a4fd9c2148.__CR0,0,1810,2265_PT0_SX362_V1___.jpg\">  <\/p>\n<p>                                              <img decoding=\"async\" alt=\"\" src=\"https:\/\/images-na.ssl-images-amazon.com\/images\/G\/01\/x-locale\/common\/grey-pixel.gif\" class=\"a-lazy-loaded\" data-src=\"https:\/\/m.media-amazon.com\/images\/S\/aplus-media-library-service-media\/efc6ada6-3a50-4d03-a44c-7d580f0e9a7b.__CR0,692,2563,1180_PT0_SX315_V1___.png\"><img decoding=\"async\" alt=\"\" src=\"https:\/\/m.media-amazon.com\/images\/S\/aplus-media-library-service-media\/efc6ada6-3a50-4d03-a44c-7d580f0e9a7b.__CR0,692,2563,1180_PT0_SX315_V1___.png\">  <\/p>\n<p>  \u00dcber Mammotion <\/p>\n<p>  Mammotion ist f\u00fchrend bei innovativen Outdoor-Roboterl\u00f6sungen und engagiert sich f\u00fcr die Gestaltung eines intelligenteren und qualitativ hochwertigen Outdoor-Lebensstils. <\/p>\n<p>  Entwickelt und bietet intelligente Rasenm\u00e4herroboter an. 9+ Jahre Robotererfahrung. \u00dcber 1.000 Roboterpatente <\/p>\n<p>                                              <img decoding=\"async\" alt=\"Sammlung von Auszeichnungen und Medienlogos, darunter Red Dot Award, iF Design Award und verschiedene Logos von Nachrichtenagenturen wie CBS News, Huffpost und The Verge, angeordnet in zwei Abschnitten.\" src=\"https:\/\/images-na.ssl-images-amazon.com\/images\/G\/01\/x-locale\/common\/grey-pixel.gif\" class=\"a-lazy-loaded\" data-src=\"https:\/\/m.media-amazon.com\/images\/S\/aplus-media-library-service-media\/75240132-dc63-40fa-99ba-387bb40fbe86.__CR0,0,1810,2265_PT0_SX362_V1___.jpg\"><img decoding=\"async\" alt=\"Sammlung von Auszeichnungen und Medienlogos, darunter Red Dot Award, iF Design Award und verschiedene Logos von Nachrichtenagenturen wie CBS News, Huffpost und The Verge, angeordnet in zwei Abschnitten.\" src=\"https:\/\/m.media-amazon.com\/images\/S\/aplus-media-library-service-media\/75240132-dc63-40fa-99ba-387bb40fbe86.__CR0,0,1810,2265_PT0_SX362_V1___.jpg\">  <\/p>\n<h3>  LUBA 3 AWD 3000 <\/h3>\n<h3>  Yuka mini 2 500 <\/h3>\n<p>Tri-Fusion-Navigationstechnologie: Durch die Integration von 360\u00b0 LiDAR, NetRTK und Dual-Kameras mit KI-Unterst\u00fctzung setzt der M\u00e4hroboter Mammotion LUBA 3 AWD 3000 einen neuen Standard in der Rasenpflege. Mit 360\u00b0 LiDAR f\u00fcr die Navigation, Kameras f\u00fcr die schnelle Objekterkennung und NetRTK f\u00fcr Korrekturen liefert es h\u00f6chste Pr\u00e4zision und kombiniert die einzelnen Systeme f\u00fcr eine nahtlose Navigation \u00fcber jeden Rasen und auf jedem Gel\u00e4nde.<br \/>(360\u00b0 LiDAR): Mit einem Arbeitswinkel von 360\u00b0 x 59\u00b0 und einer Reichweite von bis zu 70 Metern erfasst der Rasenm\u00e4herroboter Luba 3 AWD Ihren gesamten Garten mit au\u00dfergew\u00f6hnlicher Pr\u00e4zision. Millionen von Laserpunkten werden vom System in Echtzeit ausgewertet und in eine dreidimensionale Karte Ihres Gartens umgewandelt, sodass selbst die anspruchsvollsten Rasenfl\u00e4chen problemlos bew\u00e4ltigt werden.<br \/>Offroad-Performance: Mit seinen vier Einzelradmotoren meistert der Rasenroboter LUBA 3 AWD m\u00fchelos Steigungen von bis zu 80 % (38,6\u00b0) und dreht dank seiner Omnir\u00e4der sanft und sanft. Das adaptive Fahrwerk erm\u00f6glicht das \u00dcberfahren von bis zu 50 mm hohen Bordsteinen, Wurzeln und Schwellen ohne H\u00e4ngenbleiben und sorgt f\u00fcr eine zuverl\u00e4ssige M\u00e4hleistung in jedem Gel\u00e4nde.<br \/>Erkennt und vermeidet \u00fcber 300 Hindernisse: Der verbesserte KI-Prozessor (10-Tops-Chip) halbiert die Erkennungs- und Reaktionszeit des Mammotion LUBA 3 AWD, sodass er Objekte schnell erfassen, Umgebungen analysieren und intelligent auf jede Situation reagieren kann. Das System identifiziert \u00fcber 300 Arten von Hindernissen und berechnet in Echtzeit den sichersten und effizientesten Weg, um eine pr\u00e4zise und unterbrechungsfreie Rasenbedeckung zu gew\u00e4hrleisten.<br \/>Kraftvoll schneiden: M\u00e4hroboter LUBA 3 AWD 3000 ohne Begrenzungskabel, zwei 165-W-Schneidsysteme mit jeweils 6 Rasierklingen arbeiten mit k\u00fcnstlicher Intelligenz, um die Geschwindigkeit automatisch an die Grasdichte anzupassen und so Schnittqualit\u00e4t und Energieeffizienz zu maximieren. Mit seinem wiederaufladbaren Lithium-Akku von bis zu 12 Ah l\u00e4uft das Ger\u00e4t bis zu 175 Minuten pro Ladung und m\u00e4ht bis zu 650 m\u00b2\/h.<br \/>Intelligente Routenplanung: M\u00e4hroboter LUBA 3 AWD F\u00fcr eine optimale Abdeckung verbessert das System kontinuierlich seine M\u00e4hrouten, um Fehlstellen und \u00dcberlappungen zu minimieren. W\u00e4hlen Sie zwischen Kanten-, Zickzack-, Schachbrett- oder adaptivem Zickzack-M\u00e4hmuster. Es unterst\u00fctzt au\u00dferdem die Einrichtung von bis zu 30 Multizonen und erm\u00f6glicht die Definition von Sperrzonen zum Schutz \u2013 f\u00fcr effizientes, sicheres M\u00e4hen mit minimalem Aufwand.<\/p>\n<p>[ad_2]<\/p>\n","protected":false},"excerpt":{"rendered":"<p>Von der Marke \u00dcber Mammotion Mammotion ist f\u00fchrend bei innovativen Outdoor-Roboterl\u00f6sungen und engagiert sich f\u00fcr die Gestaltung eines intelligenteren und qualitativ hochwertigen Outdoor-Lebensstils. Entwickelt und bietet intelligente Rasenm\u00e4herroboter an. 9+ Jahre Robotererfahrung. \u00dcber 1.000 Roboterpatente LUBA 3 AWD 3000 Yuka mini 2 500 Tri-Fusion-Navigationstechnologie: Durch die Integration von 360\u00b0 LiDAR, NetRTK und Dual-Kameras mit KI-Unterst\u00fctzung [&hellip;]<\/p>\n","protected":false},"featured_media":4608,"comment_status":"open","ping_status":"closed","template":"","meta":{"_aipt_faq_data":""},"store":[],"product_brand":[379],"product_cat":[85],"product_tag":[184],"class_list":{"0":"post-4607","1":"product","2":"type-product","3":"status-publish","4":"has-post-thumbnail","6":"product_brand-mammotion","7":"product_cat-gps-rasenroboter","8":"product_tag-gps-rasenroboter-fuer-grosse-flaechen","10":"first","11":"instock","12":"sale","13":"shipping-taxable","14":"product-type-external"},"yoast_head":"<!-- This site is optimized with the Yoast SEO plugin v27.4 - https:\/\/yoast.com\/product\/yoast-seo-wordpress\/ -->\n<title>MAMMOTION LUBA 3 AWD 3000 Roboter-Rasenm\u00e4her ohne Begrenzungskabel f\u00fcr 3000\u33a1, 360\u00b0 LiDAR + NetRTK+KI Vision Tri-Fusion-Positionierung, Allradantrieb f\u00fcr 80 % Steigungen, automatische Kartierung, bis zu 30 Zonen, 12-Ah-Akku - EasyLifeBro<\/title>\n<meta name=\"description\" content=\"Entdecken Sie smarte Roboter f\u00fcr Zuhause, Garten, Bildung und Sicherheit. Vergleichen Sie Saugroboter, Rasenm\u00e4hroboter, KI-Begleitroboter und mehr bei EasyLifeRobo.\" \/>\n<meta name=\"robots\" content=\"index, follow, max-snippet:-1, max-image-preview:large, max-video-preview:-1\" \/>\n<link rel=\"canonical\" href=\"https:\/\/easyliferobo.com\/de\/product\/mammotion-luba-3-awd-3000-roboter-rasenmaeher-ohne-begrenzungskabel-fuer-3000\u33a1-360-lidar-netrtkki-vision-tri-fusion-positionierung-allradantrieb-fuer-80-steigungen-automatische-ka\/\" \/>\n<meta property=\"og:locale\" content=\"de_DE\" \/>\n<meta property=\"og:type\" content=\"article\" \/>\n<meta property=\"og:title\" content=\"MAMMOTION LUBA 3 AWD 3000 Roboter-Rasenm\u00e4her ohne Begrenzungskabel f\u00fcr 3000\u33a1, 360\u00b0 LiDAR + NetRTK+KI Vision Tri-Fusion-Positionierung, Allradantrieb f\u00fcr 80 % Steigungen, automatische Kartierung, bis zu 30 Zonen, 12-Ah-Akku - EasyLifeBro\" \/>\n<meta property=\"og:description\" content=\"Entdecken Sie smarte Roboter f\u00fcr Zuhause, Garten, Bildung und Sicherheit. Vergleichen Sie Saugroboter, Rasenm\u00e4hroboter, KI-Begleitroboter und mehr bei EasyLifeRobo.\" \/>\n<meta property=\"og:url\" content=\"https:\/\/easyliferobo.com\/de\/product\/mammotion-luba-3-awd-3000-roboter-rasenmaeher-ohne-begrenzungskabel-fuer-3000\u33a1-360-lidar-netrtkki-vision-tri-fusion-positionierung-allradantrieb-fuer-80-steigungen-automatische-ka\/\" \/>\n<meta property=\"og:site_name\" content=\"EasyLifeBro\" \/>\n<meta property=\"article:modified_time\" content=\"2026-02-27T13:37:23+00:00\" \/>\n<meta property=\"og:image\" content=\"https:\/\/images-na.ssl-images-amazon.com\/images\/G\/01\/x-locale\/common\/grey-pixel.gif\" \/>\n<meta name=\"twitter:card\" content=\"summary_large_image\" \/>\n<meta name=\"twitter:label1\" content=\"Gesch\u00e4tzte Lesezeit\" \/>\n\t<meta name=\"twitter:data1\" content=\"2\u00a0Minuten\" \/>\n<script type=\"application\/ld+json\" class=\"yoast-schema-graph\">{\"@context\":\"https:\\\/\\\/schema.org\",\"@graph\":[{\"@type\":\"WebPage\",\"@id\":\"https:\\\/\\\/easyliferobo.com\\\/de\\\/product\\\/mammotion-luba-3-awd-3000-roboter-rasenmaeher-ohne-begrenzungskabel-fuer-3000%e3%8e%a1-360-lidar-netrtkki-vision-tri-fusion-positionierung-allradantrieb-fuer-80-steigungen-automatische-ka\\\/\",\"url\":\"https:\\\/\\\/easyliferobo.com\\\/de\\\/product\\\/mammotion-luba-3-awd-3000-roboter-rasenmaeher-ohne-begrenzungskabel-fuer-3000%e3%8e%a1-360-lidar-netrtkki-vision-tri-fusion-positionierung-allradantrieb-fuer-80-steigungen-automatische-ka\\\/\",\"name\":\"MAMMOTION LUBA 3 AWD 3000 Roboter-Rasenm\u00e4her ohne Begrenzungskabel f\u00fcr 3000\u33a1, 360\u00b0 LiDAR + NetRTK+KI Vision Tri-Fusion-Positionierung, Allradantrieb f\u00fcr 80 % Steigungen, automatische Kartierung, bis zu 30 Zonen, 12-Ah-Akku - EasyLifeBro\",\"isPartOf\":{\"@id\":\"https:\\\/\\\/easyliferobo.com\\\/de\\\/#website\"},\"primaryImageOfPage\":{\"@id\":\"https:\\\/\\\/easyliferobo.com\\\/de\\\/product\\\/mammotion-luba-3-awd-3000-roboter-rasenmaeher-ohne-begrenzungskabel-fuer-3000%e3%8e%a1-360-lidar-netrtkki-vision-tri-fusion-positionierung-allradantrieb-fuer-80-steigungen-automatische-ka\\\/#primaryimage\"},\"image\":{\"@id\":\"https:\\\/\\\/easyliferobo.com\\\/de\\\/product\\\/mammotion-luba-3-awd-3000-roboter-rasenmaeher-ohne-begrenzungskabel-fuer-3000%e3%8e%a1-360-lidar-netrtkki-vision-tri-fusion-positionierung-allradantrieb-fuer-80-steigungen-automatische-ka\\\/#primaryimage\"},\"thumbnailUrl\":\"https:\\\/\\\/easyliferobo.com\\\/de\\\/wp-content\\\/uploads\\\/2026\\\/02\\\/61clkU9mGKL._AC_SL1500_.jpg\",\"datePublished\":\"2026-02-27T13:37:08+00:00\",\"dateModified\":\"2026-02-27T13:37:23+00:00\",\"description\":\"Entdecken Sie smarte Roboter f\u00fcr Zuhause, Garten, Bildung und Sicherheit. Vergleichen Sie Saugroboter, Rasenm\u00e4hroboter, KI-Begleitroboter und mehr bei EasyLifeRobo.\",\"breadcrumb\":{\"@id\":\"https:\\\/\\\/easyliferobo.com\\\/de\\\/product\\\/mammotion-luba-3-awd-3000-roboter-rasenmaeher-ohne-begrenzungskabel-fuer-3000%e3%8e%a1-360-lidar-netrtkki-vision-tri-fusion-positionierung-allradantrieb-fuer-80-steigungen-automatische-ka\\\/#breadcrumb\"},\"inLanguage\":\"de\",\"potentialAction\":[{\"@type\":\"ReadAction\",\"target\":[\"https:\\\/\\\/easyliferobo.com\\\/de\\\/product\\\/mammotion-luba-3-awd-3000-roboter-rasenmaeher-ohne-begrenzungskabel-fuer-3000%e3%8e%a1-360-lidar-netrtkki-vision-tri-fusion-positionierung-allradantrieb-fuer-80-steigungen-automatische-ka\\\/\"]}]},{\"@type\":\"ImageObject\",\"inLanguage\":\"de\",\"@id\":\"https:\\\/\\\/easyliferobo.com\\\/de\\\/product\\\/mammotion-luba-3-awd-3000-roboter-rasenmaeher-ohne-begrenzungskabel-fuer-3000%e3%8e%a1-360-lidar-netrtkki-vision-tri-fusion-positionierung-allradantrieb-fuer-80-steigungen-automatische-ka\\\/#primaryimage\",\"url\":\"https:\\\/\\\/easyliferobo.com\\\/de\\\/wp-content\\\/uploads\\\/2026\\\/02\\\/61clkU9mGKL._AC_SL1500_.jpg\",\"contentUrl\":\"https:\\\/\\\/easyliferobo.com\\\/de\\\/wp-content\\\/uploads\\\/2026\\\/02\\\/61clkU9mGKL._AC_SL1500_.jpg\",\"width\":1500,\"height\":899},{\"@type\":\"BreadcrumbList\",\"@id\":\"https:\\\/\\\/easyliferobo.com\\\/de\\\/product\\\/mammotion-luba-3-awd-3000-roboter-rasenmaeher-ohne-begrenzungskabel-fuer-3000%e3%8e%a1-360-lidar-netrtkki-vision-tri-fusion-positionierung-allradantrieb-fuer-80-steigungen-automatische-ka\\\/#breadcrumb\",\"itemListElement\":[{\"@type\":\"ListItem\",\"position\":1,\"name\":\"Home\",\"item\":\"https:\\\/\\\/easyliferobo.com\\\/de\\\/\"},{\"@type\":\"ListItem\",\"position\":2,\"name\":\"Shop\",\"item\":\"https:\\\/\\\/easyliferobo.com\\\/de\\\/shop\\\/\"},{\"@type\":\"ListItem\",\"position\":3,\"name\":\"MAMMOTION LUBA 3 AWD 3000 Roboter-R...\"}]},{\"@type\":\"WebSite\",\"@id\":\"https:\\\/\\\/easyliferobo.com\\\/de\\\/#website\",\"url\":\"https:\\\/\\\/easyliferobo.com\\\/de\\\/\",\"name\":\"EasyLifeBro\",\"description\":\"Smarte Roboter f\u00fcr Zuhause, Garten &amp; Bildung\",\"publisher\":{\"@id\":\"https:\\\/\\\/easyliferobo.com\\\/de\\\/#organization\"},\"potentialAction\":[{\"@type\":\"SearchAction\",\"target\":{\"@type\":\"EntryPoint\",\"urlTemplate\":\"https:\\\/\\\/easyliferobo.com\\\/de\\\/?s={search_term_string}\"},\"query-input\":{\"@type\":\"PropertyValueSpecification\",\"valueRequired\":true,\"valueName\":\"search_term_string\"}}],\"inLanguage\":\"de\"},{\"@type\":\"Organization\",\"@id\":\"https:\\\/\\\/easyliferobo.com\\\/de\\\/#organization\",\"name\":\"EasyLifeBro\",\"url\":\"https:\\\/\\\/easyliferobo.com\\\/de\\\/\",\"logo\":{\"@type\":\"ImageObject\",\"inLanguage\":\"de\",\"@id\":\"https:\\\/\\\/easyliferobo.com\\\/de\\\/#\\\/schema\\\/logo\\\/image\\\/\",\"url\":\"https:\\\/\\\/easyliferobo.com\\\/de\\\/wp-content\\\/uploads\\\/2026\\\/02\\\/Screenshot-2026-02-22-at-2.25.03-PM.png\",\"contentUrl\":\"https:\\\/\\\/easyliferobo.com\\\/de\\\/wp-content\\\/uploads\\\/2026\\\/02\\\/Screenshot-2026-02-22-at-2.25.03-PM.png\",\"width\":1858,\"height\":430,\"caption\":\"EasyLifeBro\"},\"image\":{\"@id\":\"https:\\\/\\\/easyliferobo.com\\\/de\\\/#\\\/schema\\\/logo\\\/image\\\/\"}}]}<\/script>\n<!-- \/ Yoast SEO plugin. -->","yoast_head_json":{"title":"MAMMOTION LUBA 3 AWD 3000 Roboter-Rasenm\u00e4her ohne Begrenzungskabel f\u00fcr 3000\u33a1, 360\u00b0 LiDAR + NetRTK+KI Vision Tri-Fusion-Positionierung, Allradantrieb f\u00fcr 80 % Steigungen, automatische Kartierung, bis zu 30 Zonen, 12-Ah-Akku - EasyLifeBro","description":"Entdecken Sie smarte Roboter f\u00fcr Zuhause, Garten, Bildung und Sicherheit. Vergleichen Sie Saugroboter, Rasenm\u00e4hroboter, KI-Begleitroboter und mehr bei EasyLifeRobo.","robots":{"index":"index","follow":"follow","max-snippet":"max-snippet:-1","max-image-preview":"max-image-preview:large","max-video-preview":"max-video-preview:-1"},"canonical":"https:\/\/easyliferobo.com\/de\/product\/mammotion-luba-3-awd-3000-roboter-rasenmaeher-ohne-begrenzungskabel-fuer-3000\u33a1-360-lidar-netrtkki-vision-tri-fusion-positionierung-allradantrieb-fuer-80-steigungen-automatische-ka\/","og_locale":"de_DE","og_type":"article","og_title":"MAMMOTION LUBA 3 AWD 3000 Roboter-Rasenm\u00e4her ohne Begrenzungskabel f\u00fcr 3000\u33a1, 360\u00b0 LiDAR + NetRTK+KI Vision Tri-Fusion-Positionierung, Allradantrieb f\u00fcr 80 % Steigungen, automatische Kartierung, bis zu 30 Zonen, 12-Ah-Akku - EasyLifeBro","og_description":"Entdecken Sie smarte Roboter f\u00fcr Zuhause, Garten, Bildung und Sicherheit. Vergleichen Sie Saugroboter, Rasenm\u00e4hroboter, KI-Begleitroboter und mehr bei EasyLifeRobo.","og_url":"https:\/\/easyliferobo.com\/de\/product\/mammotion-luba-3-awd-3000-roboter-rasenmaeher-ohne-begrenzungskabel-fuer-3000\u33a1-360-lidar-netrtkki-vision-tri-fusion-positionierung-allradantrieb-fuer-80-steigungen-automatische-ka\/","og_site_name":"EasyLifeBro","article_modified_time":"2026-02-27T13:37:23+00:00","og_image":[{"url":"https:\/\/images-na.ssl-images-amazon.com\/images\/G\/01\/x-locale\/common\/grey-pixel.gif","type":"","width":"","height":""}],"twitter_card":"summary_large_image","twitter_misc":{"Gesch\u00e4tzte Lesezeit":"2\u00a0Minuten"},"schema":{"@context":"https:\/\/schema.org","@graph":[{"@type":"WebPage","@id":"https:\/\/easyliferobo.com\/de\/product\/mammotion-luba-3-awd-3000-roboter-rasenmaeher-ohne-begrenzungskabel-fuer-3000%e3%8e%a1-360-lidar-netrtkki-vision-tri-fusion-positionierung-allradantrieb-fuer-80-steigungen-automatische-ka\/","url":"https:\/\/easyliferobo.com\/de\/product\/mammotion-luba-3-awd-3000-roboter-rasenmaeher-ohne-begrenzungskabel-fuer-3000%e3%8e%a1-360-lidar-netrtkki-vision-tri-fusion-positionierung-allradantrieb-fuer-80-steigungen-automatische-ka\/","name":"MAMMOTION LUBA 3 AWD 3000 Roboter-Rasenm\u00e4her ohne Begrenzungskabel f\u00fcr 3000\u33a1, 360\u00b0 LiDAR + NetRTK+KI Vision Tri-Fusion-Positionierung, Allradantrieb f\u00fcr 80 % Steigungen, automatische Kartierung, bis zu 30 Zonen, 12-Ah-Akku - EasyLifeBro","isPartOf":{"@id":"https:\/\/easyliferobo.com\/de\/#website"},"primaryImageOfPage":{"@id":"https:\/\/easyliferobo.com\/de\/product\/mammotion-luba-3-awd-3000-roboter-rasenmaeher-ohne-begrenzungskabel-fuer-3000%e3%8e%a1-360-lidar-netrtkki-vision-tri-fusion-positionierung-allradantrieb-fuer-80-steigungen-automatische-ka\/#primaryimage"},"image":{"@id":"https:\/\/easyliferobo.com\/de\/product\/mammotion-luba-3-awd-3000-roboter-rasenmaeher-ohne-begrenzungskabel-fuer-3000%e3%8e%a1-360-lidar-netrtkki-vision-tri-fusion-positionierung-allradantrieb-fuer-80-steigungen-automatische-ka\/#primaryimage"},"thumbnailUrl":"https:\/\/easyliferobo.com\/de\/wp-content\/uploads\/2026\/02\/61clkU9mGKL._AC_SL1500_.jpg","datePublished":"2026-02-27T13:37:08+00:00","dateModified":"2026-02-27T13:37:23+00:00","description":"Entdecken Sie smarte Roboter f\u00fcr Zuhause, Garten, Bildung und Sicherheit. Vergleichen Sie Saugroboter, Rasenm\u00e4hroboter, KI-Begleitroboter und mehr bei EasyLifeRobo.","breadcrumb":{"@id":"https:\/\/easyliferobo.com\/de\/product\/mammotion-luba-3-awd-3000-roboter-rasenmaeher-ohne-begrenzungskabel-fuer-3000%e3%8e%a1-360-lidar-netrtkki-vision-tri-fusion-positionierung-allradantrieb-fuer-80-steigungen-automatische-ka\/#breadcrumb"},"inLanguage":"de","potentialAction":[{"@type":"ReadAction","target":["https:\/\/easyliferobo.com\/de\/product\/mammotion-luba-3-awd-3000-roboter-rasenmaeher-ohne-begrenzungskabel-fuer-3000%e3%8e%a1-360-lidar-netrtkki-vision-tri-fusion-positionierung-allradantrieb-fuer-80-steigungen-automatische-ka\/"]}]},{"@type":"ImageObject","inLanguage":"de","@id":"https:\/\/easyliferobo.com\/de\/product\/mammotion-luba-3-awd-3000-roboter-rasenmaeher-ohne-begrenzungskabel-fuer-3000%e3%8e%a1-360-lidar-netrtkki-vision-tri-fusion-positionierung-allradantrieb-fuer-80-steigungen-automatische-ka\/#primaryimage","url":"https:\/\/easyliferobo.com\/de\/wp-content\/uploads\/2026\/02\/61clkU9mGKL._AC_SL1500_.jpg","contentUrl":"https:\/\/easyliferobo.com\/de\/wp-content\/uploads\/2026\/02\/61clkU9mGKL._AC_SL1500_.jpg","width":1500,"height":899},{"@type":"BreadcrumbList","@id":"https:\/\/easyliferobo.com\/de\/product\/mammotion-luba-3-awd-3000-roboter-rasenmaeher-ohne-begrenzungskabel-fuer-3000%e3%8e%a1-360-lidar-netrtkki-vision-tri-fusion-positionierung-allradantrieb-fuer-80-steigungen-automatische-ka\/#breadcrumb","itemListElement":[{"@type":"ListItem","position":1,"name":"Home","item":"https:\/\/easyliferobo.com\/de\/"},{"@type":"ListItem","position":2,"name":"Shop","item":"https:\/\/easyliferobo.com\/de\/shop\/"},{"@type":"ListItem","position":3,"name":"MAMMOTION LUBA 3 AWD 3000 Roboter-R..."}]},{"@type":"WebSite","@id":"https:\/\/easyliferobo.com\/de\/#website","url":"https:\/\/easyliferobo.com\/de\/","name":"EasyLifeBro","description":"Smarte Roboter f\u00fcr Zuhause, Garten &amp; Bildung","publisher":{"@id":"https:\/\/easyliferobo.com\/de\/#organization"},"potentialAction":[{"@type":"SearchAction","target":{"@type":"EntryPoint","urlTemplate":"https:\/\/easyliferobo.com\/de\/?s={search_term_string}"},"query-input":{"@type":"PropertyValueSpecification","valueRequired":true,"valueName":"search_term_string"}}],"inLanguage":"de"},{"@type":"Organization","@id":"https:\/\/easyliferobo.com\/de\/#organization","name":"EasyLifeBro","url":"https:\/\/easyliferobo.com\/de\/","logo":{"@type":"ImageObject","inLanguage":"de","@id":"https:\/\/easyliferobo.com\/de\/#\/schema\/logo\/image\/","url":"https:\/\/easyliferobo.com\/de\/wp-content\/uploads\/2026\/02\/Screenshot-2026-02-22-at-2.25.03-PM.png","contentUrl":"https:\/\/easyliferobo.com\/de\/wp-content\/uploads\/2026\/02\/Screenshot-2026-02-22-at-2.25.03-PM.png","width":1858,"height":430,"caption":"EasyLifeBro"},"image":{"@id":"https:\/\/easyliferobo.com\/de\/#\/schema\/logo\/image\/"}}]}},"_links":{"self":[{"href":"https:\/\/easyliferobo.com\/de\/wp-json\/wp\/v2\/product\/4607","targetHints":{"allow":["GET"]}}],"collection":[{"href":"https:\/\/easyliferobo.com\/de\/wp-json\/wp\/v2\/product"}],"about":[{"href":"https:\/\/easyliferobo.com\/de\/wp-json\/wp\/v2\/types\/product"}],"replies":[{"embeddable":true,"href":"https:\/\/easyliferobo.com\/de\/wp-json\/wp\/v2\/comments?post=4607"}],"wp:featuredmedia":[{"embeddable":true,"href":"https:\/\/easyliferobo.com\/de\/wp-json\/wp\/v2\/media\/4608"}],"wp:attachment":[{"href":"https:\/\/easyliferobo.com\/de\/wp-json\/wp\/v2\/media?parent=4607"}],"wp:term":[{"taxonomy":"store","embeddable":true,"href":"https:\/\/easyliferobo.com\/de\/wp-json\/wp\/v2\/store?post=4607"},{"taxonomy":"product_brand","embeddable":true,"href":"https:\/\/easyliferobo.com\/de\/wp-json\/wp\/v2\/product_brand?post=4607"},{"taxonomy":"product_cat","embeddable":true,"href":"https:\/\/easyliferobo.com\/de\/wp-json\/wp\/v2\/product_cat?post=4607"},{"taxonomy":"product_tag","embeddable":true,"href":"https:\/\/easyliferobo.com\/de\/wp-json\/wp\/v2\/product_tag?post=4607"}],"curies":[{"name":"wp","href":"https:\/\/api.w.org\/{rel}","templated":true}]}}