
{"id":4588,"date":"2026-02-27T13:31:12","date_gmt":"2026-02-27T13:31:12","guid":{"rendered":"https:\/\/easyliferobo.com\/de\/product\/roboter-2er-set-kinderspielzeugroboter-ferngesteuert-und-wiederaufladbar-spielzeugroboter-ferngesteuert-spielzeug\/"},"modified":"2026-02-27T13:31:31","modified_gmt":"2026-02-27T13:31:31","slug":"roboter-2er-set-kinderspielzeugroboter-ferngesteuert-und-wiederaufladbar-spielzeugroboter-ferngesteuert-spielzeug","status":"publish","type":"product","link":"https:\/\/easyliferobo.com\/de\/product\/roboter-2er-set-kinderspielzeugroboter-ferngesteuert-und-wiederaufladbar-spielzeugroboter-ferngesteuert-spielzeug\/","title":{"rendered":"Roboter: 2er-Set Kinderspielzeugrob..."},"content":{"rendered":"<p>    <span>Macht Musik, Ger\u00e4usche und ver\u00e4ndert die Augenfarbe <br \/>Cooler Allrounder f\u00fcr Ihre Kleinen: Dieser ferngesteuerte und wiederaufladbare Spielzeugroboter bringt Freude in jedes Kinderzimmer! Der kleine Multitalent-Roboter sorgt mit vielen verschiedenen Funktionen f\u00fcr abwechslungsreiche Unterhaltung. Der Clou sind seine LED-Augen, die in sieben verschiedenen Farben leuchten und so f\u00fcr ein lustiges Farbenspiel sorgen. So wird jeder Moment mit dem Roboter zu einem interaktiven Erlebnis. In seinem leuchtenden Gelb ist es zudem ein echter Hingucker. <br \/>WIEDERAUFLADBAR &#038; FERNGESTEUERT Der wiederaufladbare Akku sorgt f\u00fcr ein kabelloses Vergn\u00fcgen und wird einfach \u00fcber das mitgelieferte USB-C-Kabel aufgeladen. Mit der Fernbedienung wird der Roboter gesteuert und kommandiert. Ob der kleine Maschinenmensch mitf\u00fchlende Ger\u00e4usche machen, Musik machen oder sich bewegen soll \u2013 die Funktionen werden einfach per Fernbedienung gesteuert. <br \/>Spa\u00dfmodi Der Roboter verf\u00fcgt \u00fcber drei verschiedene Modi, die die Farbe der Augen steuern. So k\u00f6nnen die Augen in der gleichen Farbe, in verschiedenen Farben oder einfach nur in Hellblau strahlen, ganz einfach per Knopfdruck w\u00e4hlbar. Im Auto-Modus bewegt sich der Roboter von selbst und macht Ger\u00e4usche! Somit steht der Roboter f\u00fcr langanhaltenden und abwechslungsreichen Spielspa\u00df<\/span>    <br \/>Kinderspielzeugroboter. Ferngesteuert und wiederaufladbar. Multitalent: Spielt 3 Musikst\u00fccke und macht Ger\u00e4usche. Lustiges Farbspiel: LED-Augen leuchten in 7 Farben. Farbe: Gelb<br \/>Set aus 2 interaktiven Spielzeugrobotern mit Fernbedienung. Auto-Modus: Roboter agiert selbstst\u00e4ndig. Stromversorgung: Li-Ionen-Akku mit 500 mAh f\u00fcr bis zu 25 Minuten Laufzeit, Aufladung \u00fcber USB-C (USB-Netzteil bitte bestellen), Fernbedienung: je 2 AAA-Batterien (bitte bestellen), Gewicht Roboter: je 215 g, Fernbedienung: je 200 g<br \/>Kabellose Steuerung mit bis zu 20 m Reichweite. Farbenspiel: LED-Augen leuchten in sieben verschiedenen Farben: Gr\u00fcn, Hellblau, Rot, Gelb, Lila, Blau und Wei\u00df. Material: Kunststoff<br \/>Multitalent: Spielt 3 Musikst\u00fccke, macht Ger\u00e4usche und bewegt sich. 3 Farbmodi f\u00fcr abwechslungsreiches Farbspektakel: Augen leuchten in verschiedenen oder gleichen Farben. Ma\u00dfe Roboter: je 21 x 8,5 x 12 cm, Fernbedienung: je 12,2 x 6,5 x 3,5 cm<br \/>Spielzeugroboter inklusive Fernbedienung, USB-C-Ladekabel, Schraubendreher und deutscher Anleitung. Spielzeug \u2013 Macht Musik, Ger\u00e4usche und ver\u00e4ndert die Augenfarbe. Bei Einzelbestellung versenden wir den Artikel direkt im Originalkarton. Das spart Verpackungsm\u00fcll und schont die Umwelt.<\/p>\n<p>[ad_2]<\/p>\n","protected":false},"excerpt":{"rendered":"<p>Macht Musik, Ger\u00e4usche und ver\u00e4ndert die Augenfarbe Cooler Allrounder f\u00fcr Ihre Kleinen: Dieser ferngesteuerte und wiederaufladbare Spielzeugroboter bringt Freude in jedes Kinderzimmer! Der kleine Multitalent-Roboter sorgt mit vielen verschiedenen Funktionen f\u00fcr abwechslungsreiche Unterhaltung. Der Clou sind seine LED-Augen, die in sieben verschiedenen Farben leuchten und so f\u00fcr ein lustiges Farbenspiel sorgen. So wird jeder Moment [&hellip;]<\/p>\n","protected":false},"featured_media":4589,"comment_status":"open","ping_status":"closed","template":"","meta":{"_aipt_faq_data":""},"store":[],"product_brand":[],"product_cat":[88],"product_tag":[181],"class_list":{"0":"post-4588","1":"product","2":"type-product","3":"status-publish","4":"has-post-thumbnail","6":"product_cat-interaktive-spielzeugroboter","7":"product_tag-interaktive-spielzeugroboter-fuer-kinder","9":"first","10":"instock","11":"sale","12":"shipping-taxable","13":"product-type-external"},"yoast_head":"<!-- This site is optimized with the Yoast SEO plugin v27.4 - https:\/\/yoast.com\/product\/yoast-seo-wordpress\/ -->\n<title>Roboter: 2er-Set Kinderspielzeugroboter, ferngesteuert und wiederaufladbar (Spielzeugroboter ferngesteuert, Spielzeug) - EasyLifeBro<\/title>\n<meta name=\"description\" content=\"Entdecken Sie smarte Roboter f\u00fcr Zuhause, Garten, Bildung und Sicherheit. Vergleichen Sie Saugroboter, Rasenm\u00e4hroboter, KI-Begleitroboter und mehr bei EasyLifeRobo.\" \/>\n<meta name=\"robots\" content=\"index, follow, max-snippet:-1, max-image-preview:large, max-video-preview:-1\" \/>\n<link rel=\"canonical\" href=\"https:\/\/easyliferobo.com\/de\/product\/roboter-2er-set-kinderspielzeugroboter-ferngesteuert-und-wiederaufladbar-spielzeugroboter-ferngesteuert-spielzeug\/\" \/>\n<meta property=\"og:locale\" content=\"de_DE\" \/>\n<meta property=\"og:type\" content=\"article\" \/>\n<meta property=\"og:title\" content=\"Roboter: 2er-Set Kinderspielzeugroboter, ferngesteuert und wiederaufladbar (Spielzeugroboter ferngesteuert, Spielzeug) - EasyLifeBro\" \/>\n<meta property=\"og:description\" content=\"Entdecken Sie smarte Roboter f\u00fcr Zuhause, Garten, Bildung und Sicherheit. Vergleichen Sie Saugroboter, Rasenm\u00e4hroboter, KI-Begleitroboter und mehr bei EasyLifeRobo.\" \/>\n<meta property=\"og:url\" content=\"https:\/\/easyliferobo.com\/de\/product\/roboter-2er-set-kinderspielzeugroboter-ferngesteuert-und-wiederaufladbar-spielzeugroboter-ferngesteuert-spielzeug\/\" \/>\n<meta property=\"og:site_name\" content=\"EasyLifeBro\" \/>\n<meta property=\"article:modified_time\" content=\"2026-02-27T13:31:31+00:00\" \/>\n<meta name=\"twitter:card\" content=\"summary_large_image\" \/>\n<meta name=\"twitter:label1\" content=\"Gesch\u00e4tzte Lesezeit\" \/>\n\t<meta name=\"twitter:data1\" content=\"2\u00a0Minuten\" \/>\n<script type=\"application\/ld+json\" class=\"yoast-schema-graph\">{\"@context\":\"https:\\\/\\\/schema.org\",\"@graph\":[{\"@type\":\"WebPage\",\"@id\":\"https:\\\/\\\/easyliferobo.com\\\/de\\\/product\\\/roboter-2er-set-kinderspielzeugroboter-ferngesteuert-und-wiederaufladbar-spielzeugroboter-ferngesteuert-spielzeug\\\/\",\"url\":\"https:\\\/\\\/easyliferobo.com\\\/de\\\/product\\\/roboter-2er-set-kinderspielzeugroboter-ferngesteuert-und-wiederaufladbar-spielzeugroboter-ferngesteuert-spielzeug\\\/\",\"name\":\"Roboter: 2er-Set Kinderspielzeugroboter, ferngesteuert und wiederaufladbar (Spielzeugroboter ferngesteuert, Spielzeug) - EasyLifeBro\",\"isPartOf\":{\"@id\":\"https:\\\/\\\/easyliferobo.com\\\/de\\\/#website\"},\"primaryImageOfPage\":{\"@id\":\"https:\\\/\\\/easyliferobo.com\\\/de\\\/product\\\/roboter-2er-set-kinderspielzeugroboter-ferngesteuert-und-wiederaufladbar-spielzeugroboter-ferngesteuert-spielzeug\\\/#primaryimage\"},\"image\":{\"@id\":\"https:\\\/\\\/easyliferobo.com\\\/de\\\/product\\\/roboter-2er-set-kinderspielzeugroboter-ferngesteuert-und-wiederaufladbar-spielzeugroboter-ferngesteuert-spielzeug\\\/#primaryimage\"},\"thumbnailUrl\":\"https:\\\/\\\/easyliferobo.com\\\/de\\\/wp-content\\\/uploads\\\/2026\\\/02\\\/71OHMerZinL._AC_SL1300_.jpg\",\"datePublished\":\"2026-02-27T13:31:12+00:00\",\"dateModified\":\"2026-02-27T13:31:31+00:00\",\"description\":\"Entdecken Sie smarte Roboter f\u00fcr Zuhause, Garten, Bildung und Sicherheit. Vergleichen Sie Saugroboter, Rasenm\u00e4hroboter, KI-Begleitroboter und mehr bei EasyLifeRobo.\",\"breadcrumb\":{\"@id\":\"https:\\\/\\\/easyliferobo.com\\\/de\\\/product\\\/roboter-2er-set-kinderspielzeugroboter-ferngesteuert-und-wiederaufladbar-spielzeugroboter-ferngesteuert-spielzeug\\\/#breadcrumb\"},\"inLanguage\":\"de\",\"potentialAction\":[{\"@type\":\"ReadAction\",\"target\":[\"https:\\\/\\\/easyliferobo.com\\\/de\\\/product\\\/roboter-2er-set-kinderspielzeugroboter-ferngesteuert-und-wiederaufladbar-spielzeugroboter-ferngesteuert-spielzeug\\\/\"]}]},{\"@type\":\"ImageObject\",\"inLanguage\":\"de\",\"@id\":\"https:\\\/\\\/easyliferobo.com\\\/de\\\/product\\\/roboter-2er-set-kinderspielzeugroboter-ferngesteuert-und-wiederaufladbar-spielzeugroboter-ferngesteuert-spielzeug\\\/#primaryimage\",\"url\":\"https:\\\/\\\/easyliferobo.com\\\/de\\\/wp-content\\\/uploads\\\/2026\\\/02\\\/71OHMerZinL._AC_SL1300_.jpg\",\"contentUrl\":\"https:\\\/\\\/easyliferobo.com\\\/de\\\/wp-content\\\/uploads\\\/2026\\\/02\\\/71OHMerZinL._AC_SL1300_.jpg\",\"width\":1270,\"height\":1272},{\"@type\":\"BreadcrumbList\",\"@id\":\"https:\\\/\\\/easyliferobo.com\\\/de\\\/product\\\/roboter-2er-set-kinderspielzeugroboter-ferngesteuert-und-wiederaufladbar-spielzeugroboter-ferngesteuert-spielzeug\\\/#breadcrumb\",\"itemListElement\":[{\"@type\":\"ListItem\",\"position\":1,\"name\":\"Home\",\"item\":\"https:\\\/\\\/easyliferobo.com\\\/de\\\/\"},{\"@type\":\"ListItem\",\"position\":2,\"name\":\"Shop\",\"item\":\"https:\\\/\\\/easyliferobo.com\\\/de\\\/shop\\\/\"},{\"@type\":\"ListItem\",\"position\":3,\"name\":\"Roboter: 2er-Set Kinderspielzeugrob...\"}]},{\"@type\":\"WebSite\",\"@id\":\"https:\\\/\\\/easyliferobo.com\\\/de\\\/#website\",\"url\":\"https:\\\/\\\/easyliferobo.com\\\/de\\\/\",\"name\":\"EasyLifeBro\",\"description\":\"Smarte Roboter f\u00fcr Zuhause, Garten &amp; Bildung\",\"publisher\":{\"@id\":\"https:\\\/\\\/easyliferobo.com\\\/de\\\/#organization\"},\"potentialAction\":[{\"@type\":\"SearchAction\",\"target\":{\"@type\":\"EntryPoint\",\"urlTemplate\":\"https:\\\/\\\/easyliferobo.com\\\/de\\\/?s={search_term_string}\"},\"query-input\":{\"@type\":\"PropertyValueSpecification\",\"valueRequired\":true,\"valueName\":\"search_term_string\"}}],\"inLanguage\":\"de\"},{\"@type\":\"Organization\",\"@id\":\"https:\\\/\\\/easyliferobo.com\\\/de\\\/#organization\",\"name\":\"EasyLifeBro\",\"url\":\"https:\\\/\\\/easyliferobo.com\\\/de\\\/\",\"logo\":{\"@type\":\"ImageObject\",\"inLanguage\":\"de\",\"@id\":\"https:\\\/\\\/easyliferobo.com\\\/de\\\/#\\\/schema\\\/logo\\\/image\\\/\",\"url\":\"https:\\\/\\\/easyliferobo.com\\\/de\\\/wp-content\\\/uploads\\\/2026\\\/02\\\/Screenshot-2026-02-22-at-2.25.03-PM.png\",\"contentUrl\":\"https:\\\/\\\/easyliferobo.com\\\/de\\\/wp-content\\\/uploads\\\/2026\\\/02\\\/Screenshot-2026-02-22-at-2.25.03-PM.png\",\"width\":1858,\"height\":430,\"caption\":\"EasyLifeBro\"},\"image\":{\"@id\":\"https:\\\/\\\/easyliferobo.com\\\/de\\\/#\\\/schema\\\/logo\\\/image\\\/\"}}]}<\/script>\n<!-- \/ Yoast SEO plugin. -->","yoast_head_json":{"title":"Roboter: 2er-Set Kinderspielzeugroboter, ferngesteuert und wiederaufladbar (Spielzeugroboter ferngesteuert, Spielzeug) - EasyLifeBro","description":"Entdecken Sie smarte Roboter f\u00fcr Zuhause, Garten, Bildung und Sicherheit. Vergleichen Sie Saugroboter, Rasenm\u00e4hroboter, KI-Begleitroboter und mehr bei EasyLifeRobo.","robots":{"index":"index","follow":"follow","max-snippet":"max-snippet:-1","max-image-preview":"max-image-preview:large","max-video-preview":"max-video-preview:-1"},"canonical":"https:\/\/easyliferobo.com\/de\/product\/roboter-2er-set-kinderspielzeugroboter-ferngesteuert-und-wiederaufladbar-spielzeugroboter-ferngesteuert-spielzeug\/","og_locale":"de_DE","og_type":"article","og_title":"Roboter: 2er-Set Kinderspielzeugroboter, ferngesteuert und wiederaufladbar (Spielzeugroboter ferngesteuert, Spielzeug) - EasyLifeBro","og_description":"Entdecken Sie smarte Roboter f\u00fcr Zuhause, Garten, Bildung und Sicherheit. Vergleichen Sie Saugroboter, Rasenm\u00e4hroboter, KI-Begleitroboter und mehr bei EasyLifeRobo.","og_url":"https:\/\/easyliferobo.com\/de\/product\/roboter-2er-set-kinderspielzeugroboter-ferngesteuert-und-wiederaufladbar-spielzeugroboter-ferngesteuert-spielzeug\/","og_site_name":"EasyLifeBro","article_modified_time":"2026-02-27T13:31:31+00:00","twitter_card":"summary_large_image","twitter_misc":{"Gesch\u00e4tzte Lesezeit":"2\u00a0Minuten"},"schema":{"@context":"https:\/\/schema.org","@graph":[{"@type":"WebPage","@id":"https:\/\/easyliferobo.com\/de\/product\/roboter-2er-set-kinderspielzeugroboter-ferngesteuert-und-wiederaufladbar-spielzeugroboter-ferngesteuert-spielzeug\/","url":"https:\/\/easyliferobo.com\/de\/product\/roboter-2er-set-kinderspielzeugroboter-ferngesteuert-und-wiederaufladbar-spielzeugroboter-ferngesteuert-spielzeug\/","name":"Roboter: 2er-Set Kinderspielzeugroboter, ferngesteuert und wiederaufladbar (Spielzeugroboter ferngesteuert, Spielzeug) - EasyLifeBro","isPartOf":{"@id":"https:\/\/easyliferobo.com\/de\/#website"},"primaryImageOfPage":{"@id":"https:\/\/easyliferobo.com\/de\/product\/roboter-2er-set-kinderspielzeugroboter-ferngesteuert-und-wiederaufladbar-spielzeugroboter-ferngesteuert-spielzeug\/#primaryimage"},"image":{"@id":"https:\/\/easyliferobo.com\/de\/product\/roboter-2er-set-kinderspielzeugroboter-ferngesteuert-und-wiederaufladbar-spielzeugroboter-ferngesteuert-spielzeug\/#primaryimage"},"thumbnailUrl":"https:\/\/easyliferobo.com\/de\/wp-content\/uploads\/2026\/02\/71OHMerZinL._AC_SL1300_.jpg","datePublished":"2026-02-27T13:31:12+00:00","dateModified":"2026-02-27T13:31:31+00:00","description":"Entdecken Sie smarte Roboter f\u00fcr Zuhause, Garten, Bildung und Sicherheit. Vergleichen Sie Saugroboter, Rasenm\u00e4hroboter, KI-Begleitroboter und mehr bei EasyLifeRobo.","breadcrumb":{"@id":"https:\/\/easyliferobo.com\/de\/product\/roboter-2er-set-kinderspielzeugroboter-ferngesteuert-und-wiederaufladbar-spielzeugroboter-ferngesteuert-spielzeug\/#breadcrumb"},"inLanguage":"de","potentialAction":[{"@type":"ReadAction","target":["https:\/\/easyliferobo.com\/de\/product\/roboter-2er-set-kinderspielzeugroboter-ferngesteuert-und-wiederaufladbar-spielzeugroboter-ferngesteuert-spielzeug\/"]}]},{"@type":"ImageObject","inLanguage":"de","@id":"https:\/\/easyliferobo.com\/de\/product\/roboter-2er-set-kinderspielzeugroboter-ferngesteuert-und-wiederaufladbar-spielzeugroboter-ferngesteuert-spielzeug\/#primaryimage","url":"https:\/\/easyliferobo.com\/de\/wp-content\/uploads\/2026\/02\/71OHMerZinL._AC_SL1300_.jpg","contentUrl":"https:\/\/easyliferobo.com\/de\/wp-content\/uploads\/2026\/02\/71OHMerZinL._AC_SL1300_.jpg","width":1270,"height":1272},{"@type":"BreadcrumbList","@id":"https:\/\/easyliferobo.com\/de\/product\/roboter-2er-set-kinderspielzeugroboter-ferngesteuert-und-wiederaufladbar-spielzeugroboter-ferngesteuert-spielzeug\/#breadcrumb","itemListElement":[{"@type":"ListItem","position":1,"name":"Home","item":"https:\/\/easyliferobo.com\/de\/"},{"@type":"ListItem","position":2,"name":"Shop","item":"https:\/\/easyliferobo.com\/de\/shop\/"},{"@type":"ListItem","position":3,"name":"Roboter: 2er-Set Kinderspielzeugrob..."}]},{"@type":"WebSite","@id":"https:\/\/easyliferobo.com\/de\/#website","url":"https:\/\/easyliferobo.com\/de\/","name":"EasyLifeBro","description":"Smarte Roboter f\u00fcr Zuhause, Garten &amp; Bildung","publisher":{"@id":"https:\/\/easyliferobo.com\/de\/#organization"},"potentialAction":[{"@type":"SearchAction","target":{"@type":"EntryPoint","urlTemplate":"https:\/\/easyliferobo.com\/de\/?s={search_term_string}"},"query-input":{"@type":"PropertyValueSpecification","valueRequired":true,"valueName":"search_term_string"}}],"inLanguage":"de"},{"@type":"Organization","@id":"https:\/\/easyliferobo.com\/de\/#organization","name":"EasyLifeBro","url":"https:\/\/easyliferobo.com\/de\/","logo":{"@type":"ImageObject","inLanguage":"de","@id":"https:\/\/easyliferobo.com\/de\/#\/schema\/logo\/image\/","url":"https:\/\/easyliferobo.com\/de\/wp-content\/uploads\/2026\/02\/Screenshot-2026-02-22-at-2.25.03-PM.png","contentUrl":"https:\/\/easyliferobo.com\/de\/wp-content\/uploads\/2026\/02\/Screenshot-2026-02-22-at-2.25.03-PM.png","width":1858,"height":430,"caption":"EasyLifeBro"},"image":{"@id":"https:\/\/easyliferobo.com\/de\/#\/schema\/logo\/image\/"}}]}},"_links":{"self":[{"href":"https:\/\/easyliferobo.com\/de\/wp-json\/wp\/v2\/product\/4588","targetHints":{"allow":["GET"]}}],"collection":[{"href":"https:\/\/easyliferobo.com\/de\/wp-json\/wp\/v2\/product"}],"about":[{"href":"https:\/\/easyliferobo.com\/de\/wp-json\/wp\/v2\/types\/product"}],"replies":[{"embeddable":true,"href":"https:\/\/easyliferobo.com\/de\/wp-json\/wp\/v2\/comments?post=4588"}],"wp:featuredmedia":[{"embeddable":true,"href":"https:\/\/easyliferobo.com\/de\/wp-json\/wp\/v2\/media\/4589"}],"wp:attachment":[{"href":"https:\/\/easyliferobo.com\/de\/wp-json\/wp\/v2\/media?parent=4588"}],"wp:term":[{"taxonomy":"store","embeddable":true,"href":"https:\/\/easyliferobo.com\/de\/wp-json\/wp\/v2\/store?post=4588"},{"taxonomy":"product_brand","embeddable":true,"href":"https:\/\/easyliferobo.com\/de\/wp-json\/wp\/v2\/product_brand?post=4588"},{"taxonomy":"product_cat","embeddable":true,"href":"https:\/\/easyliferobo.com\/de\/wp-json\/wp\/v2\/product_cat?post=4588"},{"taxonomy":"product_tag","embeddable":true,"href":"https:\/\/easyliferobo.com\/de\/wp-json\/wp\/v2\/product_tag?post=4588"}],"curies":[{"name":"wp","href":"https:\/\/api.w.org\/{rel}","templated":true}]}}