
{"id":4575,"date":"2026-02-27T13:29:06","date_gmt":"2026-02-27T13:29:06","guid":{"rendered":"https:\/\/easyliferobo.com\/de\/product\/vevor-ferngesteuerte-roboterkatze-programmierbarer-intelligenter-interaktiver-roboter-fuer-kinder-mit-touch-steuerung-laufen-singen-tanzen-ferngesteuerte-stunt-spielzeugkatze-fuer-kinder-ab-3-jah\/"},"modified":"2026-02-27T13:29:31","modified_gmt":"2026-02-27T13:29:31","slug":"vevor-ferngesteuerte-roboterkatze-programmierbarer-intelligenter-interaktiver-roboter-fuer-kinder-mit-touch-steuerung-laufen-singen-tanzen-ferngesteuerte-stunt-spielzeugkatze-fuer-kinder-ab-3-jah","status":"publish","type":"product","link":"https:\/\/easyliferobo.com\/de\/product\/vevor-ferngesteuerte-roboterkatze-programmierbarer-intelligenter-interaktiver-roboter-fuer-kinder-mit-touch-steuerung-laufen-singen-tanzen-ferngesteuerte-stunt-spielzeugkatze-fuer-kinder-ab-3-jah\/","title":{"rendered":"VEVOR Ferngesteuerte Roboterkatze, ..."},"content":{"rendered":"<p>\n                                             Vom Hersteller   <\/p>\n<h3 class=\"a-spacing-mini\"> VEVOR RC-Roboter-Katzenspielzeug \u2013 endloser Spa\u00df, cleveres Spielen! <\/h3>\n<p>                                          <img decoding=\"async\" alt=\"RC-Roboterspielzeug\" src=\"https:\/\/images-na.ssl-images-amazon.com\/images\/G\/01\/x-locale\/common\/grey-pixel.gif\" class=\"a-spacing-base a-lazy-loaded\" data-src=\"https:\/\/m.media-amazon.com\/images\/S\/aplus-media-library-service-media\/e6cccfe9-cf7b-4b84-a36e-1e49d7d982b2.__CR0,0,970,600_PT0_SX970_V1___.jpg\"><img decoding=\"async\" alt=\"RC-Roboterspielzeug\" src=\"https:\/\/m.media-amazon.com\/images\/S\/aplus-media-library-service-media\/e6cccfe9-cf7b-4b84-a36e-1e49d7d982b2.__CR0,0,970,600_PT0_SX970_V1___.jpg\">                                                                     <\/p>\n<p class=\"a-spacing-base\">  Dieses ferngesteuerte Roboter-Katzenspielzeug ist vollgepackt mit lebhaften Bewegungen, eing\u00e4ngigen Liedern, einem niedlichen, haustier\u00e4hnlichen Design und auff\u00e4lligen LED-Lichtern \u2013 alles darauf ausgerichtet, Kinder zu unterhalten und zu inspirieren. <\/p>\n<p>                                                                             <img decoding=\"async\" alt=\"RC-Roboterspielzeug f\u00fcr Kinder\" src=\"https:\/\/images-na.ssl-images-amazon.com\/images\/G\/01\/x-locale\/common\/grey-pixel.gif\" class=\"a-spacing-base a-lazy-loaded\" data-src=\"https:\/\/m.media-amazon.com\/images\/S\/aplus-media-library-service-media\/b2096c8d-462d-479a-92cf-7779bef5550d.__CR0,0,970,600_PT0_SX970_V1___.jpg\"><img decoding=\"async\" alt=\"RC-Roboterspielzeug f\u00fcr Kinder\" src=\"https:\/\/m.media-amazon.com\/images\/S\/aplus-media-library-service-media\/b2096c8d-462d-479a-92cf-7779bef5550d.__CR0,0,970,600_PT0_SX970_V1___.jpg\">                                                                     <\/p>\n<p class=\"a-spacing-base\">  Dank der Touch- und Fernbedienungsfunktion erleichtert unser Roboter-Katzenspielzeug Kindern das Spielen und Interagieren und bringt Freude und Engagement in ihren Tag. <\/p>\n<p>                                                                             <img decoding=\"async\" alt=\"ferngesteuerter Roboter\" src=\"https:\/\/images-na.ssl-images-amazon.com\/images\/G\/01\/x-locale\/common\/grey-pixel.gif\" class=\"a-spacing-base a-lazy-loaded\" data-src=\"https:\/\/m.media-amazon.com\/images\/S\/aplus-media-library-service-media\/200770c7-38b0-42b5-ab16-4536ce8453b3.__CR0,0,970,600_PT0_SX970_V1___.jpg\"><img decoding=\"async\" alt=\"ferngesteuerter Roboter\" src=\"https:\/\/m.media-amazon.com\/images\/S\/aplus-media-library-service-media\/200770c7-38b0-42b5-ab16-4536ce8453b3.__CR0,0,970,600_PT0_SX970_V1___.jpg\">                                                                     <\/p>\n<p class=\"a-spacing-base\">  Vom Hinlegen \u00fcber Umdrehen und Kuscheln bis hin zum Winken verf\u00fcgt diese ferngesteuerte Roboterkatze \u00fcber eine gro\u00dfe Auswahl an lustigen Bewegungen, die jeden Tag f\u00fcr neue und aufregende Spielzeit sorgen. <\/p>\n<p>                                                                             <img decoding=\"async\" alt=\"RC-Roboter\" src=\"https:\/\/images-na.ssl-images-amazon.com\/images\/G\/01\/x-locale\/common\/grey-pixel.gif\" class=\"a-spacing-base a-lazy-loaded\" data-src=\"https:\/\/m.media-amazon.com\/images\/S\/aplus-media-library-service-media\/1fee58c1-4f23-4a48-a5e8-c69512d41147.__CR0,0,970,600_PT0_SX970_V1___.jpg\"><img decoding=\"async\" alt=\"RC-Roboter\" src=\"https:\/\/m.media-amazon.com\/images\/S\/aplus-media-library-service-media\/1fee58c1-4f23-4a48-a5e8-c69512d41147.__CR0,0,970,600_PT0_SX970_V1___.jpg\">                                                                     <\/p>\n<p class=\"a-spacing-base\">  Kinder k\u00f6nnen den Programmiermodus nutzen, um ihre eigenen einzigartigen Routinen zu erstellen. So wie jedes Kind etwas Besonderes ist, kann dies auch seine intelligente Roboterkatze sein <\/p>\n<p>                                                                             <img decoding=\"async\" alt=\"Roboterfernbedienung f\u00fcr Kinder\" src=\"https:\/\/images-na.ssl-images-amazon.com\/images\/G\/01\/x-locale\/common\/grey-pixel.gif\" class=\"a-spacing-base a-lazy-loaded\" data-src=\"https:\/\/m.media-amazon.com\/images\/S\/aplus-media-library-service-media\/a0bb3d96-3641-4ff3-ad9a-c508273aeb8c.__CR0,0,970,600_PT0_SX970_V1___.jpg\"><img decoding=\"async\" alt=\"Roboterfernbedienung f\u00fcr Kinder\" src=\"https:\/\/m.media-amazon.com\/images\/S\/aplus-media-library-service-media\/a0bb3d96-3641-4ff3-ad9a-c508273aeb8c.__CR0,0,970,600_PT0_SX970_V1___.jpg\">                                                                    <\/p>\n<p>Sing- und Tanzspa\u00df. Dieses ferngesteuerte Katzenspielzeug ist voller Musik und Tanzbewegungen. Es spielt 5 Lieder und f\u00fchrt mit Ihrem Kind 5 verschiedene T\u00e4nze auf. Seine bezaubernden LED-Augen machen es noch bezaubernder. Es ist eine fantastische Wahl als verspieltes Haustier oder Lernspielzeug. Bringen Sie es mit nach Hause und es wird mit Sicherheit ein beliebter Begleiter f\u00fcr Kinder sein!<br \/>Intelligente Steuerung: Steuern Sie dieses Roboter-Katzenspielzeug mit einer Ber\u00fchrung oder einer Fernbedienung! Streicheln Sie seinen Kopf, um s\u00fc\u00dfe Ger\u00e4usche zu h\u00f6ren und spielerische Reaktionen zu beobachten, genau wie eine echte Katze. Mit der Fernbedienung k\u00f6nnen Sie ihn vorw\u00e4rts laufen lassen, Tricks ausf\u00fchren, Liegest\u00fctze machen, sitzen, stehen und sogar mit dem Schwanz wackeln. So wird die Zeit mit der Familie noch lustiger und spannender!<br \/>Programmierbarer Spa\u00df: Mit der Fernbedienung k\u00f6nnen Sie den ferngesteuerten Roboter-Katzenspielzeug so programmieren, dass er tanzt, sich vorw\u00e4rts bewegt oder Purzelb\u00e4ume schl\u00e4gt. Es ist, als k\u00f6nnte man mit einem echten K\u00e4tzchen interagieren und Spa\u00df haben.<br \/>Laden \u00fcber Typ C: Der ferngesteuerte Roboter Katze verf\u00fcgt \u00fcber einen wiederaufladbaren Akku mit USB-Anschluss, sodass er problemlos mit Powerbanks, Steckern oder Computern aufgeladen werden kann. Mit hochwertigem ABS-Kunststoff und glatten Kanten ist es f\u00fcr sicheren und langanhaltenden Spa\u00df konzipiert.<br \/>TOLLES GESCHENK Diese intelligente Roboterkatze ist ein fantastisches Geschenk f\u00fcr Kinder! Es ist allergikerfreundlich, regt Kreativit\u00e4t und Fantasie an und eignet sich perfekt f\u00fcr jeden Anlass, sei es ein Feiertag oder einfach nur eine lustige \u00dcberraschung.<\/p>\n<p>[ad_2]<\/p>\n","protected":false},"excerpt":{"rendered":"<p>Vom Hersteller VEVOR RC-Roboter-Katzenspielzeug \u2013 endloser Spa\u00df, cleveres Spielen! Dieses ferngesteuerte Roboter-Katzenspielzeug ist vollgepackt mit lebhaften Bewegungen, eing\u00e4ngigen Liedern, einem niedlichen, haustier\u00e4hnlichen Design und auff\u00e4lligen LED-Lichtern \u2013 alles darauf ausgerichtet, Kinder zu unterhalten und zu inspirieren. Dank der Touch- und Fernbedienungsfunktion erleichtert unser Roboter-Katzenspielzeug Kindern das Spielen und Interagieren und bringt Freude und Engagement in [&hellip;]<\/p>\n","protected":false},"featured_media":4576,"comment_status":"open","ping_status":"closed","template":"","meta":{"_aipt_faq_data":""},"store":[],"product_brand":[],"product_cat":[89],"product_tag":[180],"class_list":{"0":"post-4575","1":"product","2":"type-product","3":"status-publish","4":"has-post-thumbnail","6":"product_cat-roboter-mit-fernbedienung","7":"product_tag-roboter-mit-fernbedienung-interaktiv","9":"first","10":"instock","11":"sale","12":"shipping-taxable","13":"product-type-external"},"yoast_head":"<!-- This site is optimized with the Yoast SEO plugin v27.0 - https:\/\/yoast.com\/product\/yoast-seo-wordpress\/ -->\n<title>VEVOR Ferngesteuerte Roboterkatze, programmierbarer intelligenter interaktiver Roboter f\u00fcr Kinder mit Touch-Steuerung, Laufen, Singen, Tanzen, ferngesteuerte Stunt-Spielzeugkatze f\u00fcr Kinder ab 3 Jahren - EasyLifeBro<\/title>\n<meta name=\"description\" content=\"Entdecken Sie smarte Roboter f\u00fcr Zuhause, Garten, Bildung und Sicherheit. Vergleichen Sie Saugroboter, Rasenm\u00e4hroboter, KI-Begleitroboter und mehr bei EasyLifeRobo.\" \/>\n<meta name=\"robots\" content=\"index, follow, max-snippet:-1, max-image-preview:large, max-video-preview:-1\" \/>\n<link rel=\"canonical\" href=\"https:\/\/easyliferobo.com\/de\/product\/vevor-ferngesteuerte-roboterkatze-programmierbarer-intelligenter-interaktiver-roboter-fuer-kinder-mit-touch-steuerung-laufen-singen-tanzen-ferngesteuerte-stunt-spielzeugkatze-fuer-kinder-ab-3-jah\/\" \/>\n<meta property=\"og:locale\" content=\"de_DE\" \/>\n<meta property=\"og:type\" content=\"article\" \/>\n<meta property=\"og:title\" content=\"VEVOR Ferngesteuerte Roboterkatze, programmierbarer intelligenter interaktiver Roboter f\u00fcr Kinder mit Touch-Steuerung, Laufen, Singen, Tanzen, ferngesteuerte Stunt-Spielzeugkatze f\u00fcr Kinder ab 3 Jahren - EasyLifeBro\" \/>\n<meta property=\"og:description\" content=\"Entdecken Sie smarte Roboter f\u00fcr Zuhause, Garten, Bildung und Sicherheit. Vergleichen Sie Saugroboter, Rasenm\u00e4hroboter, KI-Begleitroboter und mehr bei EasyLifeRobo.\" \/>\n<meta property=\"og:url\" content=\"https:\/\/easyliferobo.com\/de\/product\/vevor-ferngesteuerte-roboterkatze-programmierbarer-intelligenter-interaktiver-roboter-fuer-kinder-mit-touch-steuerung-laufen-singen-tanzen-ferngesteuerte-stunt-spielzeugkatze-fuer-kinder-ab-3-jah\/\" \/>\n<meta property=\"og:site_name\" content=\"EasyLifeBro\" \/>\n<meta property=\"article:modified_time\" content=\"2026-02-27T13:29:31+00:00\" \/>\n<meta property=\"og:image\" content=\"https:\/\/images-na.ssl-images-amazon.com\/images\/G\/01\/x-locale\/common\/grey-pixel.gif\" \/>\n<meta name=\"twitter:card\" content=\"summary_large_image\" \/>\n<meta name=\"twitter:label1\" content=\"Gesch\u00e4tzte Lesezeit\" \/>\n\t<meta name=\"twitter:data1\" content=\"2\u00a0Minuten\" \/>\n<script type=\"application\/ld+json\" class=\"yoast-schema-graph\">{\"@context\":\"https:\/\/schema.org\",\"@graph\":[{\"@type\":\"WebPage\",\"@id\":\"https:\/\/easyliferobo.com\/de\/product\/vevor-ferngesteuerte-roboterkatze-programmierbarer-intelligenter-interaktiver-roboter-fuer-kinder-mit-touch-steuerung-laufen-singen-tanzen-ferngesteuerte-stunt-spielzeugkatze-fuer-kinder-ab-3-jah\/\",\"url\":\"https:\/\/easyliferobo.com\/de\/product\/vevor-ferngesteuerte-roboterkatze-programmierbarer-intelligenter-interaktiver-roboter-fuer-kinder-mit-touch-steuerung-laufen-singen-tanzen-ferngesteuerte-stunt-spielzeugkatze-fuer-kinder-ab-3-jah\/\",\"name\":\"VEVOR Ferngesteuerte Roboterkatze, programmierbarer intelligenter interaktiver Roboter f\u00fcr Kinder mit Touch-Steuerung, Laufen, Singen, Tanzen, ferngesteuerte Stunt-Spielzeugkatze f\u00fcr Kinder ab 3 Jahren - EasyLifeBro\",\"isPartOf\":{\"@id\":\"https:\/\/easyliferobo.com\/de\/#website\"},\"primaryImageOfPage\":{\"@id\":\"https:\/\/easyliferobo.com\/de\/product\/vevor-ferngesteuerte-roboterkatze-programmierbarer-intelligenter-interaktiver-roboter-fuer-kinder-mit-touch-steuerung-laufen-singen-tanzen-ferngesteuerte-stunt-spielzeugkatze-fuer-kinder-ab-3-jah\/#primaryimage\"},\"image\":{\"@id\":\"https:\/\/easyliferobo.com\/de\/product\/vevor-ferngesteuerte-roboterkatze-programmierbarer-intelligenter-interaktiver-roboter-fuer-kinder-mit-touch-steuerung-laufen-singen-tanzen-ferngesteuerte-stunt-spielzeugkatze-fuer-kinder-ab-3-jah\/#primaryimage\"},\"thumbnailUrl\":\"https:\/\/easyliferobo.com\/de\/wp-content\/uploads\/2026\/02\/712OKb1zFyL._AC_SL1500_.jpg\",\"datePublished\":\"2026-02-27T13:29:06+00:00\",\"dateModified\":\"2026-02-27T13:29:31+00:00\",\"description\":\"Entdecken Sie smarte Roboter f\u00fcr Zuhause, Garten, Bildung und Sicherheit. Vergleichen Sie Saugroboter, Rasenm\u00e4hroboter, KI-Begleitroboter und mehr bei EasyLifeRobo.\",\"breadcrumb\":{\"@id\":\"https:\/\/easyliferobo.com\/de\/product\/vevor-ferngesteuerte-roboterkatze-programmierbarer-intelligenter-interaktiver-roboter-fuer-kinder-mit-touch-steuerung-laufen-singen-tanzen-ferngesteuerte-stunt-spielzeugkatze-fuer-kinder-ab-3-jah\/#breadcrumb\"},\"inLanguage\":\"de\",\"potentialAction\":[{\"@type\":\"ReadAction\",\"target\":[\"https:\/\/easyliferobo.com\/de\/product\/vevor-ferngesteuerte-roboterkatze-programmierbarer-intelligenter-interaktiver-roboter-fuer-kinder-mit-touch-steuerung-laufen-singen-tanzen-ferngesteuerte-stunt-spielzeugkatze-fuer-kinder-ab-3-jah\/\"]}]},{\"@type\":\"ImageObject\",\"inLanguage\":\"de\",\"@id\":\"https:\/\/easyliferobo.com\/de\/product\/vevor-ferngesteuerte-roboterkatze-programmierbarer-intelligenter-interaktiver-roboter-fuer-kinder-mit-touch-steuerung-laufen-singen-tanzen-ferngesteuerte-stunt-spielzeugkatze-fuer-kinder-ab-3-jah\/#primaryimage\",\"url\":\"https:\/\/easyliferobo.com\/de\/wp-content\/uploads\/2026\/02\/712OKb1zFyL._AC_SL1500_.jpg\",\"contentUrl\":\"https:\/\/easyliferobo.com\/de\/wp-content\/uploads\/2026\/02\/712OKb1zFyL._AC_SL1500_.jpg\",\"width\":1500,\"height\":1493},{\"@type\":\"BreadcrumbList\",\"@id\":\"https:\/\/easyliferobo.com\/de\/product\/vevor-ferngesteuerte-roboterkatze-programmierbarer-intelligenter-interaktiver-roboter-fuer-kinder-mit-touch-steuerung-laufen-singen-tanzen-ferngesteuerte-stunt-spielzeugkatze-fuer-kinder-ab-3-jah\/#breadcrumb\",\"itemListElement\":[{\"@type\":\"ListItem\",\"position\":1,\"name\":\"Home\",\"item\":\"https:\/\/easyliferobo.com\/de\/\"},{\"@type\":\"ListItem\",\"position\":2,\"name\":\"Shop\",\"item\":\"https:\/\/easyliferobo.com\/de\/shop\/\"},{\"@type\":\"ListItem\",\"position\":3,\"name\":\"VEVOR Ferngesteuerte Roboterkatze, ...\"}]},{\"@type\":\"WebSite\",\"@id\":\"https:\/\/easyliferobo.com\/de\/#website\",\"url\":\"https:\/\/easyliferobo.com\/de\/\",\"name\":\"EasyLifeBro\",\"description\":\"Smarte Roboter f\u00fcr Zuhause, Garten &amp; Bildung\",\"publisher\":{\"@id\":\"https:\/\/easyliferobo.com\/de\/#organization\"},\"potentialAction\":[{\"@type\":\"SearchAction\",\"target\":{\"@type\":\"EntryPoint\",\"urlTemplate\":\"https:\/\/easyliferobo.com\/de\/?s={search_term_string}\"},\"query-input\":{\"@type\":\"PropertyValueSpecification\",\"valueRequired\":true,\"valueName\":\"search_term_string\"}}],\"inLanguage\":\"de\"},{\"@type\":\"Organization\",\"@id\":\"https:\/\/easyliferobo.com\/de\/#organization\",\"name\":\"EasyLifeBro\",\"url\":\"https:\/\/easyliferobo.com\/de\/\",\"logo\":{\"@type\":\"ImageObject\",\"inLanguage\":\"de\",\"@id\":\"https:\/\/easyliferobo.com\/de\/#\/schema\/logo\/image\/\",\"url\":\"https:\/\/easyliferobo.com\/de\/wp-content\/uploads\/2026\/02\/Screenshot-2026-02-22-at-2.25.03-PM.png\",\"contentUrl\":\"https:\/\/easyliferobo.com\/de\/wp-content\/uploads\/2026\/02\/Screenshot-2026-02-22-at-2.25.03-PM.png\",\"width\":1858,\"height\":430,\"caption\":\"EasyLifeBro\"},\"image\":{\"@id\":\"https:\/\/easyliferobo.com\/de\/#\/schema\/logo\/image\/\"}}]}<\/script>\n<!-- \/ Yoast SEO plugin. -->","yoast_head_json":{"title":"VEVOR Ferngesteuerte Roboterkatze, programmierbarer intelligenter interaktiver Roboter f\u00fcr Kinder mit Touch-Steuerung, Laufen, Singen, Tanzen, ferngesteuerte Stunt-Spielzeugkatze f\u00fcr Kinder ab 3 Jahren - EasyLifeBro","description":"Entdecken Sie smarte Roboter f\u00fcr Zuhause, Garten, Bildung und Sicherheit. Vergleichen Sie Saugroboter, Rasenm\u00e4hroboter, KI-Begleitroboter und mehr bei EasyLifeRobo.","robots":{"index":"index","follow":"follow","max-snippet":"max-snippet:-1","max-image-preview":"max-image-preview:large","max-video-preview":"max-video-preview:-1"},"canonical":"https:\/\/easyliferobo.com\/de\/product\/vevor-ferngesteuerte-roboterkatze-programmierbarer-intelligenter-interaktiver-roboter-fuer-kinder-mit-touch-steuerung-laufen-singen-tanzen-ferngesteuerte-stunt-spielzeugkatze-fuer-kinder-ab-3-jah\/","og_locale":"de_DE","og_type":"article","og_title":"VEVOR Ferngesteuerte Roboterkatze, programmierbarer intelligenter interaktiver Roboter f\u00fcr Kinder mit Touch-Steuerung, Laufen, Singen, Tanzen, ferngesteuerte Stunt-Spielzeugkatze f\u00fcr Kinder ab 3 Jahren - EasyLifeBro","og_description":"Entdecken Sie smarte Roboter f\u00fcr Zuhause, Garten, Bildung und Sicherheit. Vergleichen Sie Saugroboter, Rasenm\u00e4hroboter, KI-Begleitroboter und mehr bei EasyLifeRobo.","og_url":"https:\/\/easyliferobo.com\/de\/product\/vevor-ferngesteuerte-roboterkatze-programmierbarer-intelligenter-interaktiver-roboter-fuer-kinder-mit-touch-steuerung-laufen-singen-tanzen-ferngesteuerte-stunt-spielzeugkatze-fuer-kinder-ab-3-jah\/","og_site_name":"EasyLifeBro","article_modified_time":"2026-02-27T13:29:31+00:00","og_image":[{"url":"https:\/\/images-na.ssl-images-amazon.com\/images\/G\/01\/x-locale\/common\/grey-pixel.gif","type":"","width":"","height":""}],"twitter_card":"summary_large_image","twitter_misc":{"Gesch\u00e4tzte Lesezeit":"2\u00a0Minuten"},"schema":{"@context":"https:\/\/schema.org","@graph":[{"@type":"WebPage","@id":"https:\/\/easyliferobo.com\/de\/product\/vevor-ferngesteuerte-roboterkatze-programmierbarer-intelligenter-interaktiver-roboter-fuer-kinder-mit-touch-steuerung-laufen-singen-tanzen-ferngesteuerte-stunt-spielzeugkatze-fuer-kinder-ab-3-jah\/","url":"https:\/\/easyliferobo.com\/de\/product\/vevor-ferngesteuerte-roboterkatze-programmierbarer-intelligenter-interaktiver-roboter-fuer-kinder-mit-touch-steuerung-laufen-singen-tanzen-ferngesteuerte-stunt-spielzeugkatze-fuer-kinder-ab-3-jah\/","name":"VEVOR Ferngesteuerte Roboterkatze, programmierbarer intelligenter interaktiver Roboter f\u00fcr Kinder mit Touch-Steuerung, Laufen, Singen, Tanzen, ferngesteuerte Stunt-Spielzeugkatze f\u00fcr Kinder ab 3 Jahren - EasyLifeBro","isPartOf":{"@id":"https:\/\/easyliferobo.com\/de\/#website"},"primaryImageOfPage":{"@id":"https:\/\/easyliferobo.com\/de\/product\/vevor-ferngesteuerte-roboterkatze-programmierbarer-intelligenter-interaktiver-roboter-fuer-kinder-mit-touch-steuerung-laufen-singen-tanzen-ferngesteuerte-stunt-spielzeugkatze-fuer-kinder-ab-3-jah\/#primaryimage"},"image":{"@id":"https:\/\/easyliferobo.com\/de\/product\/vevor-ferngesteuerte-roboterkatze-programmierbarer-intelligenter-interaktiver-roboter-fuer-kinder-mit-touch-steuerung-laufen-singen-tanzen-ferngesteuerte-stunt-spielzeugkatze-fuer-kinder-ab-3-jah\/#primaryimage"},"thumbnailUrl":"https:\/\/easyliferobo.com\/de\/wp-content\/uploads\/2026\/02\/712OKb1zFyL._AC_SL1500_.jpg","datePublished":"2026-02-27T13:29:06+00:00","dateModified":"2026-02-27T13:29:31+00:00","description":"Entdecken Sie smarte Roboter f\u00fcr Zuhause, Garten, Bildung und Sicherheit. Vergleichen Sie Saugroboter, Rasenm\u00e4hroboter, KI-Begleitroboter und mehr bei EasyLifeRobo.","breadcrumb":{"@id":"https:\/\/easyliferobo.com\/de\/product\/vevor-ferngesteuerte-roboterkatze-programmierbarer-intelligenter-interaktiver-roboter-fuer-kinder-mit-touch-steuerung-laufen-singen-tanzen-ferngesteuerte-stunt-spielzeugkatze-fuer-kinder-ab-3-jah\/#breadcrumb"},"inLanguage":"de","potentialAction":[{"@type":"ReadAction","target":["https:\/\/easyliferobo.com\/de\/product\/vevor-ferngesteuerte-roboterkatze-programmierbarer-intelligenter-interaktiver-roboter-fuer-kinder-mit-touch-steuerung-laufen-singen-tanzen-ferngesteuerte-stunt-spielzeugkatze-fuer-kinder-ab-3-jah\/"]}]},{"@type":"ImageObject","inLanguage":"de","@id":"https:\/\/easyliferobo.com\/de\/product\/vevor-ferngesteuerte-roboterkatze-programmierbarer-intelligenter-interaktiver-roboter-fuer-kinder-mit-touch-steuerung-laufen-singen-tanzen-ferngesteuerte-stunt-spielzeugkatze-fuer-kinder-ab-3-jah\/#primaryimage","url":"https:\/\/easyliferobo.com\/de\/wp-content\/uploads\/2026\/02\/712OKb1zFyL._AC_SL1500_.jpg","contentUrl":"https:\/\/easyliferobo.com\/de\/wp-content\/uploads\/2026\/02\/712OKb1zFyL._AC_SL1500_.jpg","width":1500,"height":1493},{"@type":"BreadcrumbList","@id":"https:\/\/easyliferobo.com\/de\/product\/vevor-ferngesteuerte-roboterkatze-programmierbarer-intelligenter-interaktiver-roboter-fuer-kinder-mit-touch-steuerung-laufen-singen-tanzen-ferngesteuerte-stunt-spielzeugkatze-fuer-kinder-ab-3-jah\/#breadcrumb","itemListElement":[{"@type":"ListItem","position":1,"name":"Home","item":"https:\/\/easyliferobo.com\/de\/"},{"@type":"ListItem","position":2,"name":"Shop","item":"https:\/\/easyliferobo.com\/de\/shop\/"},{"@type":"ListItem","position":3,"name":"VEVOR Ferngesteuerte Roboterkatze, ..."}]},{"@type":"WebSite","@id":"https:\/\/easyliferobo.com\/de\/#website","url":"https:\/\/easyliferobo.com\/de\/","name":"EasyLifeBro","description":"Smarte Roboter f\u00fcr Zuhause, Garten &amp; Bildung","publisher":{"@id":"https:\/\/easyliferobo.com\/de\/#organization"},"potentialAction":[{"@type":"SearchAction","target":{"@type":"EntryPoint","urlTemplate":"https:\/\/easyliferobo.com\/de\/?s={search_term_string}"},"query-input":{"@type":"PropertyValueSpecification","valueRequired":true,"valueName":"search_term_string"}}],"inLanguage":"de"},{"@type":"Organization","@id":"https:\/\/easyliferobo.com\/de\/#organization","name":"EasyLifeBro","url":"https:\/\/easyliferobo.com\/de\/","logo":{"@type":"ImageObject","inLanguage":"de","@id":"https:\/\/easyliferobo.com\/de\/#\/schema\/logo\/image\/","url":"https:\/\/easyliferobo.com\/de\/wp-content\/uploads\/2026\/02\/Screenshot-2026-02-22-at-2.25.03-PM.png","contentUrl":"https:\/\/easyliferobo.com\/de\/wp-content\/uploads\/2026\/02\/Screenshot-2026-02-22-at-2.25.03-PM.png","width":1858,"height":430,"caption":"EasyLifeBro"},"image":{"@id":"https:\/\/easyliferobo.com\/de\/#\/schema\/logo\/image\/"}}]}},"_links":{"self":[{"href":"https:\/\/easyliferobo.com\/de\/wp-json\/wp\/v2\/product\/4575","targetHints":{"allow":["GET"]}}],"collection":[{"href":"https:\/\/easyliferobo.com\/de\/wp-json\/wp\/v2\/product"}],"about":[{"href":"https:\/\/easyliferobo.com\/de\/wp-json\/wp\/v2\/types\/product"}],"replies":[{"embeddable":true,"href":"https:\/\/easyliferobo.com\/de\/wp-json\/wp\/v2\/comments?post=4575"}],"wp:featuredmedia":[{"embeddable":true,"href":"https:\/\/easyliferobo.com\/de\/wp-json\/wp\/v2\/media\/4576"}],"wp:attachment":[{"href":"https:\/\/easyliferobo.com\/de\/wp-json\/wp\/v2\/media?parent=4575"}],"wp:term":[{"taxonomy":"store","embeddable":true,"href":"https:\/\/easyliferobo.com\/de\/wp-json\/wp\/v2\/store?post=4575"},{"taxonomy":"product_brand","embeddable":true,"href":"https:\/\/easyliferobo.com\/de\/wp-json\/wp\/v2\/product_brand?post=4575"},{"taxonomy":"product_cat","embeddable":true,"href":"https:\/\/easyliferobo.com\/de\/wp-json\/wp\/v2\/product_cat?post=4575"},{"taxonomy":"product_tag","embeddable":true,"href":"https:\/\/easyliferobo.com\/de\/wp-json\/wp\/v2\/product_tag?post=4575"}],"curies":[{"name":"wp","href":"https:\/\/api.w.org\/{rel}","templated":true}]}}