
{"id":4567,"date":"2026-02-27T13:27:13","date_gmt":"2026-02-27T13:27:13","guid":{"rendered":"https:\/\/easyliferobo.com\/de\/product\/rc-ferngesteuerter-roboter-programmierbar-24-ghz-fernsteuerung-mit-tanz-musik-und-sprachfunktion-led-anzeige-spardose-tablett-und-sound-25-cm-ki-droide-geschenk-fuer-jungen-maedchen-und-erw\/"},"modified":"2026-02-27T13:27:30","modified_gmt":"2026-02-27T13:27:30","slug":"rc-ferngesteuerter-roboter-programmierbar-24-ghz-fernsteuerung-mit-tanz-musik-und-sprachfunktion-led-anzeige-spardose-tablett-und-sound-25-cm-ki-droide-geschenk-fuer-jungen-maedchen-und-erw","status":"publish","type":"product","link":"https:\/\/easyliferobo.com\/de\/product\/rc-ferngesteuerter-roboter-programmierbar-24-ghz-fernsteuerung-mit-tanz-musik-und-sprachfunktion-led-anzeige-spardose-tablett-und-sound-25-cm-ki-droide-geschenk-fuer-jungen-maedchen-und-erw\/","title":{"rendered":"RC-Ferngesteuerter Roboter programm..."},"content":{"rendered":"<p>    <span>RC-ferngesteuerter intelligenter Roboter mit lustiger Spardosenfunktion. <br \/>Dieser ferngesteuerte Roboter trifft auf Forschung, Wissenschaft und RC-Technik. Bei der Entwicklung dieses Modells ist es gelungen, das Design optimal an die Koordinations- und Bewegungsabl\u00e4ufe des Roboters anzupassen. <br \/>Ein weiteres lustiges Feature ist die Aufnahmefunktion mit Sprachverzerrung. Die Aufnahme wird ganz einfach mit der Fernbedienung eingeschaltet und bleibt f\u00fcr einige Sekunden aktiviert. Sobald Sie Ihren Satz gesprochen haben, wird die Aufnahme abgespielt. <br \/>Der RC-Roboter verf\u00fcgt \u00fcber eine 2,4-GHz-Fernsteuerung. Mit dieser neuen Funktechnologie k\u00f6nnen Sie mehrere funkgesteuerte Modelle gleichzeitig und nebeneinander sicher verwenden. <br \/>Die Farbauswahl unterliegt der Verf\u00fcgbarkeit. <br \/>Technische Daten: <br \/>Modell: RC intelligenter Roboter mit vielen Funktionen. <br \/>Modus: komplett montiert \u2013 fahrbereit. <br \/>Frequenz: 2,4 GHz. <br \/>Musikfunktion: ja. <br \/>Tanzfunktion: ja. <br \/>Aufnahmefunktion: ja. <br \/>Einstellbare Lautst\u00e4rke: ja. <br \/>Demofunktion: ja. <br \/>LED: ja. <br \/>Spielzeit: ca. 50 bis 60 Minuten. <br \/>Ladezeit: ca. 45 bis 60 Minuten. <br \/>Abmessungen: <br \/>170 mm x 140 mm x 250 mm. <br \/>Fernbedienung: ja\/2,4 GHz. <br \/>Material: Kunststoff. <br \/>Gewicht: ca. 615 g. <br \/>Stromversorgung: <br \/>RC-Roboter: 3,7 V, 400 mAh Akku. <br \/>Fernbedienung: 2 x AAA-Micro-Batterien (nicht im Lieferumfang enthalten). <br \/>Das Paket beinhaltet: <br \/>1 x RC-Smart-Roboter. <br \/>1 x 2,4 GHz Fernbedienung. <br \/>1 x 3,7 V, 400 mAh Akku. <br \/>1 x USB-Ladekabel. <br \/>1 * Tablett <br \/>1 x Bedienungsanleitung. <br \/><\/span>    <br \/>REALISTISCHE BEWEGUNG UND SOUND Dieser ferngesteuerte Roboter beeindruckt mit sanften Bewegungen und authentischen Soundeffekten, die f\u00fcr ein realistisches Spielerlebnis sorgen. Perfekt f\u00fcr Roboterfans jeden Alters und sowohl f\u00fcr Anf\u00e4nger als auch f\u00fcr Profis.<br \/>EINFACHE UND INTUITIVE STEUERUNG F\u00dcR KINDER \u2013 Mit der benutzerfreundlichen Fernbedienung k\u00f6nnen Kinder in j\u00fcngeren Jahren den kleinen Freund ganz einfach steuern und seine aufregenden Funktionen und automatischen Funktionen entdecken. Das garantiert stundenlangen Spielspa\u00df.<br \/>STARK UND LANGLEBIG F\u00dcR LANG ANHALTENDEN SPASS \u2013 Dieses aus hochwertigen und langlebigen Materialien gefertigte RC-Modell ist auf Langlebigkeit ausgelegt und h\u00e4lt intensivem Spiel stand. Das macht es umweltfreundlich und nachhaltig.<br \/>F\u00f6rdert Fantasie und Kreativit\u00e4t: Mit diesem interaktiven Spielzeug k\u00f6nnen Kinder in die Welt der Androiden und Humanoiden eintauchen und ihre motorischen F\u00e4higkeiten sowie ihr Wissen \u00fcber diese Zukunftsvisionen erweitern.<br \/>Ideal als Geschenk: Ob zu Weihnachten, Geburtstag, Ostern, Feiertagen oder anderen besonderen Anl\u00e4ssen \u2013 dieses RC-Modell ist das perfekte Geschenk f\u00fcr M\u00e4dchen, Jungen und jung gebliebene Erwachsene, die den Modellbau lieben.<br \/>Komplettset: Das Modell wird bereits montiert geliefert und enth\u00e4lt alles, was Sie brauchen. Der Kauf zus\u00e4tzlicher Anbauger\u00e4te, Motoren oder anderer Ersatzteile ist nicht erforderlich. Das Set ist daher ideal f\u00fcr Einsteiger und erfahrene Modellbauer.<\/p>\n<p>[ad_2]<\/p>\n","protected":false},"excerpt":{"rendered":"<p>RC-ferngesteuerter intelligenter Roboter mit lustiger Spardosenfunktion. Dieser ferngesteuerte Roboter trifft auf Forschung, Wissenschaft und RC-Technik. Bei der Entwicklung dieses Modells ist es gelungen, das Design optimal an die Koordinations- und Bewegungsabl\u00e4ufe des Roboters anzupassen. Ein weiteres lustiges Feature ist die Aufnahmefunktion mit Sprachverzerrung. Die Aufnahme wird ganz einfach mit der Fernbedienung eingeschaltet und bleibt f\u00fcr [&hellip;]<\/p>\n","protected":false},"featured_media":4568,"comment_status":"open","ping_status":"closed","template":"","meta":{"_aipt_faq_data":""},"store":[],"product_brand":[],"product_cat":[90],"product_tag":[179],"class_list":{"0":"post-4567","1":"product","2":"type-product","3":"status-publish","4":"has-post-thumbnail","6":"product_cat-tanz-musikroboter","7":"product_tag-programmierbare-tanz-musikroboter","9":"first","10":"instock","11":"shipping-taxable","12":"product-type-external"},"yoast_head":"<!-- This site is optimized with the Yoast SEO plugin v27.0 - https:\/\/yoast.com\/product\/yoast-seo-wordpress\/ -->\n<title>RC-Ferngesteuerter Roboter programmierbar, 2,4-GHz-Fernsteuerung mit Tanz-, Musik- und Sprachfunktion, LED-Anzeige, Spardose, Tablett und Sound, 25 cm KI-Droide, Geschenk f\u00fcr Jungen, M\u00e4dchen und Erwachsene - EasyLifeBro<\/title>\n<meta name=\"description\" content=\"Entdecken Sie smarte Roboter f\u00fcr Zuhause, Garten, Bildung und Sicherheit. Vergleichen Sie Saugroboter, Rasenm\u00e4hroboter, KI-Begleitroboter und mehr bei EasyLifeRobo.\" \/>\n<meta name=\"robots\" content=\"index, follow, max-snippet:-1, max-image-preview:large, max-video-preview:-1\" \/>\n<link rel=\"canonical\" href=\"https:\/\/easyliferobo.com\/de\/product\/rc-ferngesteuerter-roboter-programmierbar-24-ghz-fernsteuerung-mit-tanz-musik-und-sprachfunktion-led-anzeige-spardose-tablett-und-sound-25-cm-ki-droide-geschenk-fuer-jungen-maedchen-und-erw\/\" \/>\n<meta property=\"og:locale\" content=\"de_DE\" \/>\n<meta property=\"og:type\" content=\"article\" \/>\n<meta property=\"og:title\" content=\"RC-Ferngesteuerter Roboter programmierbar, 2,4-GHz-Fernsteuerung mit Tanz-, Musik- und Sprachfunktion, LED-Anzeige, Spardose, Tablett und Sound, 25 cm KI-Droide, Geschenk f\u00fcr Jungen, M\u00e4dchen und Erwachsene - EasyLifeBro\" \/>\n<meta property=\"og:description\" content=\"Entdecken Sie smarte Roboter f\u00fcr Zuhause, Garten, Bildung und Sicherheit. Vergleichen Sie Saugroboter, Rasenm\u00e4hroboter, KI-Begleitroboter und mehr bei EasyLifeRobo.\" \/>\n<meta property=\"og:url\" content=\"https:\/\/easyliferobo.com\/de\/product\/rc-ferngesteuerter-roboter-programmierbar-24-ghz-fernsteuerung-mit-tanz-musik-und-sprachfunktion-led-anzeige-spardose-tablett-und-sound-25-cm-ki-droide-geschenk-fuer-jungen-maedchen-und-erw\/\" \/>\n<meta property=\"og:site_name\" content=\"EasyLifeBro\" \/>\n<meta property=\"article:modified_time\" content=\"2026-02-27T13:27:30+00:00\" \/>\n<meta name=\"twitter:card\" content=\"summary_large_image\" \/>\n<meta name=\"twitter:label1\" content=\"Gesch\u00e4tzte Lesezeit\" \/>\n\t<meta name=\"twitter:data1\" content=\"2\u00a0Minuten\" \/>\n<script type=\"application\/ld+json\" class=\"yoast-schema-graph\">{\"@context\":\"https:\/\/schema.org\",\"@graph\":[{\"@type\":\"WebPage\",\"@id\":\"https:\/\/easyliferobo.com\/de\/product\/rc-ferngesteuerter-roboter-programmierbar-24-ghz-fernsteuerung-mit-tanz-musik-und-sprachfunktion-led-anzeige-spardose-tablett-und-sound-25-cm-ki-droide-geschenk-fuer-jungen-maedchen-und-erw\/\",\"url\":\"https:\/\/easyliferobo.com\/de\/product\/rc-ferngesteuerter-roboter-programmierbar-24-ghz-fernsteuerung-mit-tanz-musik-und-sprachfunktion-led-anzeige-spardose-tablett-und-sound-25-cm-ki-droide-geschenk-fuer-jungen-maedchen-und-erw\/\",\"name\":\"RC-Ferngesteuerter Roboter programmierbar, 2,4-GHz-Fernsteuerung mit Tanz-, Musik- und Sprachfunktion, LED-Anzeige, Spardose, Tablett und Sound, 25 cm KI-Droide, Geschenk f\u00fcr Jungen, M\u00e4dchen und Erwachsene - EasyLifeBro\",\"isPartOf\":{\"@id\":\"https:\/\/easyliferobo.com\/de\/#website\"},\"primaryImageOfPage\":{\"@id\":\"https:\/\/easyliferobo.com\/de\/product\/rc-ferngesteuerter-roboter-programmierbar-24-ghz-fernsteuerung-mit-tanz-musik-und-sprachfunktion-led-anzeige-spardose-tablett-und-sound-25-cm-ki-droide-geschenk-fuer-jungen-maedchen-und-erw\/#primaryimage\"},\"image\":{\"@id\":\"https:\/\/easyliferobo.com\/de\/product\/rc-ferngesteuerter-roboter-programmierbar-24-ghz-fernsteuerung-mit-tanz-musik-und-sprachfunktion-led-anzeige-spardose-tablett-und-sound-25-cm-ki-droide-geschenk-fuer-jungen-maedchen-und-erw\/#primaryimage\"},\"thumbnailUrl\":\"https:\/\/easyliferobo.com\/de\/wp-content\/uploads\/2026\/02\/81rIe5UVmyL._AC_SL1500_.jpg\",\"datePublished\":\"2026-02-27T13:27:13+00:00\",\"dateModified\":\"2026-02-27T13:27:30+00:00\",\"description\":\"Entdecken Sie smarte Roboter f\u00fcr Zuhause, Garten, Bildung und Sicherheit. Vergleichen Sie Saugroboter, Rasenm\u00e4hroboter, KI-Begleitroboter und mehr bei EasyLifeRobo.\",\"breadcrumb\":{\"@id\":\"https:\/\/easyliferobo.com\/de\/product\/rc-ferngesteuerter-roboter-programmierbar-24-ghz-fernsteuerung-mit-tanz-musik-und-sprachfunktion-led-anzeige-spardose-tablett-und-sound-25-cm-ki-droide-geschenk-fuer-jungen-maedchen-und-erw\/#breadcrumb\"},\"inLanguage\":\"de\",\"potentialAction\":[{\"@type\":\"ReadAction\",\"target\":[\"https:\/\/easyliferobo.com\/de\/product\/rc-ferngesteuerter-roboter-programmierbar-24-ghz-fernsteuerung-mit-tanz-musik-und-sprachfunktion-led-anzeige-spardose-tablett-und-sound-25-cm-ki-droide-geschenk-fuer-jungen-maedchen-und-erw\/\"]}]},{\"@type\":\"ImageObject\",\"inLanguage\":\"de\",\"@id\":\"https:\/\/easyliferobo.com\/de\/product\/rc-ferngesteuerter-roboter-programmierbar-24-ghz-fernsteuerung-mit-tanz-musik-und-sprachfunktion-led-anzeige-spardose-tablett-und-sound-25-cm-ki-droide-geschenk-fuer-jungen-maedchen-und-erw\/#primaryimage\",\"url\":\"https:\/\/easyliferobo.com\/de\/wp-content\/uploads\/2026\/02\/81rIe5UVmyL._AC_SL1500_.jpg\",\"contentUrl\":\"https:\/\/easyliferobo.com\/de\/wp-content\/uploads\/2026\/02\/81rIe5UVmyL._AC_SL1500_.jpg\",\"width\":1489,\"height\":1500},{\"@type\":\"BreadcrumbList\",\"@id\":\"https:\/\/easyliferobo.com\/de\/product\/rc-ferngesteuerter-roboter-programmierbar-24-ghz-fernsteuerung-mit-tanz-musik-und-sprachfunktion-led-anzeige-spardose-tablett-und-sound-25-cm-ki-droide-geschenk-fuer-jungen-maedchen-und-erw\/#breadcrumb\",\"itemListElement\":[{\"@type\":\"ListItem\",\"position\":1,\"name\":\"Home\",\"item\":\"https:\/\/easyliferobo.com\/de\/\"},{\"@type\":\"ListItem\",\"position\":2,\"name\":\"Shop\",\"item\":\"https:\/\/easyliferobo.com\/de\/shop\/\"},{\"@type\":\"ListItem\",\"position\":3,\"name\":\"RC-Ferngesteuerter Roboter programm...\"}]},{\"@type\":\"WebSite\",\"@id\":\"https:\/\/easyliferobo.com\/de\/#website\",\"url\":\"https:\/\/easyliferobo.com\/de\/\",\"name\":\"EasyLifeBro\",\"description\":\"Smarte Roboter f\u00fcr Zuhause, Garten &amp; Bildung\",\"publisher\":{\"@id\":\"https:\/\/easyliferobo.com\/de\/#organization\"},\"potentialAction\":[{\"@type\":\"SearchAction\",\"target\":{\"@type\":\"EntryPoint\",\"urlTemplate\":\"https:\/\/easyliferobo.com\/de\/?s={search_term_string}\"},\"query-input\":{\"@type\":\"PropertyValueSpecification\",\"valueRequired\":true,\"valueName\":\"search_term_string\"}}],\"inLanguage\":\"de\"},{\"@type\":\"Organization\",\"@id\":\"https:\/\/easyliferobo.com\/de\/#organization\",\"name\":\"EasyLifeBro\",\"url\":\"https:\/\/easyliferobo.com\/de\/\",\"logo\":{\"@type\":\"ImageObject\",\"inLanguage\":\"de\",\"@id\":\"https:\/\/easyliferobo.com\/de\/#\/schema\/logo\/image\/\",\"url\":\"https:\/\/easyliferobo.com\/de\/wp-content\/uploads\/2026\/02\/Screenshot-2026-02-22-at-2.25.03-PM.png\",\"contentUrl\":\"https:\/\/easyliferobo.com\/de\/wp-content\/uploads\/2026\/02\/Screenshot-2026-02-22-at-2.25.03-PM.png\",\"width\":1858,\"height\":430,\"caption\":\"EasyLifeBro\"},\"image\":{\"@id\":\"https:\/\/easyliferobo.com\/de\/#\/schema\/logo\/image\/\"}}]}<\/script>\n<!-- \/ Yoast SEO plugin. -->","yoast_head_json":{"title":"RC-Ferngesteuerter Roboter programmierbar, 2,4-GHz-Fernsteuerung mit Tanz-, Musik- und Sprachfunktion, LED-Anzeige, Spardose, Tablett und Sound, 25 cm KI-Droide, Geschenk f\u00fcr Jungen, M\u00e4dchen und Erwachsene - EasyLifeBro","description":"Entdecken Sie smarte Roboter f\u00fcr Zuhause, Garten, Bildung und Sicherheit. Vergleichen Sie Saugroboter, Rasenm\u00e4hroboter, KI-Begleitroboter und mehr bei EasyLifeRobo.","robots":{"index":"index","follow":"follow","max-snippet":"max-snippet:-1","max-image-preview":"max-image-preview:large","max-video-preview":"max-video-preview:-1"},"canonical":"https:\/\/easyliferobo.com\/de\/product\/rc-ferngesteuerter-roboter-programmierbar-24-ghz-fernsteuerung-mit-tanz-musik-und-sprachfunktion-led-anzeige-spardose-tablett-und-sound-25-cm-ki-droide-geschenk-fuer-jungen-maedchen-und-erw\/","og_locale":"de_DE","og_type":"article","og_title":"RC-Ferngesteuerter Roboter programmierbar, 2,4-GHz-Fernsteuerung mit Tanz-, Musik- und Sprachfunktion, LED-Anzeige, Spardose, Tablett und Sound, 25 cm KI-Droide, Geschenk f\u00fcr Jungen, M\u00e4dchen und Erwachsene - EasyLifeBro","og_description":"Entdecken Sie smarte Roboter f\u00fcr Zuhause, Garten, Bildung und Sicherheit. Vergleichen Sie Saugroboter, Rasenm\u00e4hroboter, KI-Begleitroboter und mehr bei EasyLifeRobo.","og_url":"https:\/\/easyliferobo.com\/de\/product\/rc-ferngesteuerter-roboter-programmierbar-24-ghz-fernsteuerung-mit-tanz-musik-und-sprachfunktion-led-anzeige-spardose-tablett-und-sound-25-cm-ki-droide-geschenk-fuer-jungen-maedchen-und-erw\/","og_site_name":"EasyLifeBro","article_modified_time":"2026-02-27T13:27:30+00:00","twitter_card":"summary_large_image","twitter_misc":{"Gesch\u00e4tzte Lesezeit":"2\u00a0Minuten"},"schema":{"@context":"https:\/\/schema.org","@graph":[{"@type":"WebPage","@id":"https:\/\/easyliferobo.com\/de\/product\/rc-ferngesteuerter-roboter-programmierbar-24-ghz-fernsteuerung-mit-tanz-musik-und-sprachfunktion-led-anzeige-spardose-tablett-und-sound-25-cm-ki-droide-geschenk-fuer-jungen-maedchen-und-erw\/","url":"https:\/\/easyliferobo.com\/de\/product\/rc-ferngesteuerter-roboter-programmierbar-24-ghz-fernsteuerung-mit-tanz-musik-und-sprachfunktion-led-anzeige-spardose-tablett-und-sound-25-cm-ki-droide-geschenk-fuer-jungen-maedchen-und-erw\/","name":"RC-Ferngesteuerter Roboter programmierbar, 2,4-GHz-Fernsteuerung mit Tanz-, Musik- und Sprachfunktion, LED-Anzeige, Spardose, Tablett und Sound, 25 cm KI-Droide, Geschenk f\u00fcr Jungen, M\u00e4dchen und Erwachsene - EasyLifeBro","isPartOf":{"@id":"https:\/\/easyliferobo.com\/de\/#website"},"primaryImageOfPage":{"@id":"https:\/\/easyliferobo.com\/de\/product\/rc-ferngesteuerter-roboter-programmierbar-24-ghz-fernsteuerung-mit-tanz-musik-und-sprachfunktion-led-anzeige-spardose-tablett-und-sound-25-cm-ki-droide-geschenk-fuer-jungen-maedchen-und-erw\/#primaryimage"},"image":{"@id":"https:\/\/easyliferobo.com\/de\/product\/rc-ferngesteuerter-roboter-programmierbar-24-ghz-fernsteuerung-mit-tanz-musik-und-sprachfunktion-led-anzeige-spardose-tablett-und-sound-25-cm-ki-droide-geschenk-fuer-jungen-maedchen-und-erw\/#primaryimage"},"thumbnailUrl":"https:\/\/easyliferobo.com\/de\/wp-content\/uploads\/2026\/02\/81rIe5UVmyL._AC_SL1500_.jpg","datePublished":"2026-02-27T13:27:13+00:00","dateModified":"2026-02-27T13:27:30+00:00","description":"Entdecken Sie smarte Roboter f\u00fcr Zuhause, Garten, Bildung und Sicherheit. Vergleichen Sie Saugroboter, Rasenm\u00e4hroboter, KI-Begleitroboter und mehr bei EasyLifeRobo.","breadcrumb":{"@id":"https:\/\/easyliferobo.com\/de\/product\/rc-ferngesteuerter-roboter-programmierbar-24-ghz-fernsteuerung-mit-tanz-musik-und-sprachfunktion-led-anzeige-spardose-tablett-und-sound-25-cm-ki-droide-geschenk-fuer-jungen-maedchen-und-erw\/#breadcrumb"},"inLanguage":"de","potentialAction":[{"@type":"ReadAction","target":["https:\/\/easyliferobo.com\/de\/product\/rc-ferngesteuerter-roboter-programmierbar-24-ghz-fernsteuerung-mit-tanz-musik-und-sprachfunktion-led-anzeige-spardose-tablett-und-sound-25-cm-ki-droide-geschenk-fuer-jungen-maedchen-und-erw\/"]}]},{"@type":"ImageObject","inLanguage":"de","@id":"https:\/\/easyliferobo.com\/de\/product\/rc-ferngesteuerter-roboter-programmierbar-24-ghz-fernsteuerung-mit-tanz-musik-und-sprachfunktion-led-anzeige-spardose-tablett-und-sound-25-cm-ki-droide-geschenk-fuer-jungen-maedchen-und-erw\/#primaryimage","url":"https:\/\/easyliferobo.com\/de\/wp-content\/uploads\/2026\/02\/81rIe5UVmyL._AC_SL1500_.jpg","contentUrl":"https:\/\/easyliferobo.com\/de\/wp-content\/uploads\/2026\/02\/81rIe5UVmyL._AC_SL1500_.jpg","width":1489,"height":1500},{"@type":"BreadcrumbList","@id":"https:\/\/easyliferobo.com\/de\/product\/rc-ferngesteuerter-roboter-programmierbar-24-ghz-fernsteuerung-mit-tanz-musik-und-sprachfunktion-led-anzeige-spardose-tablett-und-sound-25-cm-ki-droide-geschenk-fuer-jungen-maedchen-und-erw\/#breadcrumb","itemListElement":[{"@type":"ListItem","position":1,"name":"Home","item":"https:\/\/easyliferobo.com\/de\/"},{"@type":"ListItem","position":2,"name":"Shop","item":"https:\/\/easyliferobo.com\/de\/shop\/"},{"@type":"ListItem","position":3,"name":"RC-Ferngesteuerter Roboter programm..."}]},{"@type":"WebSite","@id":"https:\/\/easyliferobo.com\/de\/#website","url":"https:\/\/easyliferobo.com\/de\/","name":"EasyLifeBro","description":"Smarte Roboter f\u00fcr Zuhause, Garten &amp; Bildung","publisher":{"@id":"https:\/\/easyliferobo.com\/de\/#organization"},"potentialAction":[{"@type":"SearchAction","target":{"@type":"EntryPoint","urlTemplate":"https:\/\/easyliferobo.com\/de\/?s={search_term_string}"},"query-input":{"@type":"PropertyValueSpecification","valueRequired":true,"valueName":"search_term_string"}}],"inLanguage":"de"},{"@type":"Organization","@id":"https:\/\/easyliferobo.com\/de\/#organization","name":"EasyLifeBro","url":"https:\/\/easyliferobo.com\/de\/","logo":{"@type":"ImageObject","inLanguage":"de","@id":"https:\/\/easyliferobo.com\/de\/#\/schema\/logo\/image\/","url":"https:\/\/easyliferobo.com\/de\/wp-content\/uploads\/2026\/02\/Screenshot-2026-02-22-at-2.25.03-PM.png","contentUrl":"https:\/\/easyliferobo.com\/de\/wp-content\/uploads\/2026\/02\/Screenshot-2026-02-22-at-2.25.03-PM.png","width":1858,"height":430,"caption":"EasyLifeBro"},"image":{"@id":"https:\/\/easyliferobo.com\/de\/#\/schema\/logo\/image\/"}}]}},"_links":{"self":[{"href":"https:\/\/easyliferobo.com\/de\/wp-json\/wp\/v2\/product\/4567","targetHints":{"allow":["GET"]}}],"collection":[{"href":"https:\/\/easyliferobo.com\/de\/wp-json\/wp\/v2\/product"}],"about":[{"href":"https:\/\/easyliferobo.com\/de\/wp-json\/wp\/v2\/types\/product"}],"replies":[{"embeddable":true,"href":"https:\/\/easyliferobo.com\/de\/wp-json\/wp\/v2\/comments?post=4567"}],"wp:featuredmedia":[{"embeddable":true,"href":"https:\/\/easyliferobo.com\/de\/wp-json\/wp\/v2\/media\/4568"}],"wp:attachment":[{"href":"https:\/\/easyliferobo.com\/de\/wp-json\/wp\/v2\/media?parent=4567"}],"wp:term":[{"taxonomy":"store","embeddable":true,"href":"https:\/\/easyliferobo.com\/de\/wp-json\/wp\/v2\/store?post=4567"},{"taxonomy":"product_brand","embeddable":true,"href":"https:\/\/easyliferobo.com\/de\/wp-json\/wp\/v2\/product_brand?post=4567"},{"taxonomy":"product_cat","embeddable":true,"href":"https:\/\/easyliferobo.com\/de\/wp-json\/wp\/v2\/product_cat?post=4567"},{"taxonomy":"product_tag","embeddable":true,"href":"https:\/\/easyliferobo.com\/de\/wp-json\/wp\/v2\/product_tag?post=4567"}],"curies":[{"name":"wp","href":"https:\/\/api.w.org\/{rel}","templated":true}]}}