
{"id":4559,"date":"2026-02-27T13:24:48","date_gmt":"2026-02-27T13:24:48","guid":{"rendered":"https:\/\/easyliferobo.com\/de\/product\/5-in-1-technik-roboter-bauspielzeug-kinder-fuer-jungen-stem-app-fernbedienung-technik-spielzeug-roboter-programmierbares-bauspielzeug-geburtstagsgeschenk-ab-6-7-8-9-10-11-12-jahre-jungen\/"},"modified":"2026-02-27T13:25:03","modified_gmt":"2026-02-27T13:25:03","slug":"5-in-1-technik-roboter-bauspielzeug-kinder-fuer-jungen-stem-app-fernbedienung-technik-spielzeug-roboter-programmierbares-bauspielzeug-geburtstagsgeschenk-ab-6-7-8-9-10-11-12-jahre-jungen","status":"publish","type":"product","link":"https:\/\/easyliferobo.com\/de\/product\/5-in-1-technik-roboter-bauspielzeug-kinder-fuer-jungen-stem-app-fernbedienung-technik-spielzeug-roboter-programmierbares-bauspielzeug-geburtstagsgeschenk-ab-6-7-8-9-10-11-12-jahre-jungen\/","title":{"rendered":"5-in-1 Technik Roboter Bauspielzeug..."},"content":{"rendered":"<p>\n                                             Von der Marke   <\/p>\n<p>                                              <img decoding=\"async\" alt=\"Illustrierte Weihnachtsszene mit geschm\u00fccktem Baum, Geschenken, Str\u00fcmpfen und dem Schlitten des Weihnachtsmanns, sichtbar durch das verschneite Fenster, mit warmer Innenbeleuchtung.\" src=\"https:\/\/images-na.ssl-images-amazon.com\/images\/G\/01\/x-locale\/common\/grey-pixel.gif\" class=\"a-lazy-loaded\" data-src=\"https:\/\/m.media-amazon.com\/images\/S\/aplus-media-library-service-media\/e8c63f1e-c17d-4381-a4a0-1da46cefe8d0.__CR0,0,1464,625_PT0_SX1464_V1___.jpg\"><img decoding=\"async\" alt=\"Illustrierte Weihnachtsszene mit geschm\u00fccktem Baum, Geschenken, Str\u00fcmpfen und dem Schlitten des Weihnachtsmanns, sichtbar durch das verschneite Fenster, mit warmer Innenbeleuchtung.\" src=\"https:\/\/m.media-amazon.com\/images\/S\/aplus-media-library-service-media\/e8c63f1e-c17d-4381-a4a0-1da46cefe8d0.__CR0,0,1464,625_PT0_SX1464_V1___.jpg\">  <\/p>\n<h3>  Spielzeug f\u00fcr Kinder <\/h3>\n<p>                                              <img decoding=\"async\" alt=\"Aplus-Inhaltsbild\" src=\"https:\/\/images-na.ssl-images-amazon.com\/images\/G\/01\/x-locale\/common\/grey-pixel.gif\" class=\"a-lazy-loaded\" data-src=\"https:\/\/m.media-amazon.com\/images\/S\/aplus-media-library-service-media\/de79d4a0-3fd4-4997-ad73-5dc13f3edb6e.__CR0,0,362,453_PT0_SX362_V1___.jpg\"><img decoding=\"async\" alt=\"Aplus-Inhaltsbild\" src=\"https:\/\/m.media-amazon.com\/images\/S\/aplus-media-library-service-media\/de79d4a0-3fd4-4997-ad73-5dc13f3edb6e.__CR0,0,362,453_PT0_SX362_V1___.jpg\">  <\/p>\n<p>                                              <img decoding=\"async\" alt=\"Sammlung farbenfroher Spielzeugautos, darunter rosa, gelbe, blaue und rote Modelle. Auf einem Teppich angeordnete Fahrzeuge mit H\u00e4nden, die mit Spielzeug interagieren.\" src=\"https:\/\/images-na.ssl-images-amazon.com\/images\/G\/01\/x-locale\/common\/grey-pixel.gif\" class=\"a-lazy-loaded\" data-src=\"https:\/\/m.media-amazon.com\/images\/S\/aplus-media-library-service-media\/27f68bfb-277d-4e17-b9c8-bf2d514767a3.__CR0,0,362,453_PT0_SX362_V1___.jpg\"><img decoding=\"async\" alt=\"Sammlung farbenfroher Spielzeugautos, darunter rosa, gelbe, blaue und rote Modelle. Auf einem Teppich angeordnete Fahrzeuge mit H\u00e4nden, die mit Spielzeug interagieren.\" src=\"https:\/\/m.media-amazon.com\/images\/S\/aplus-media-library-service-media\/27f68bfb-277d-4e17-b9c8-bf2d514767a3.__CR0,0,362,453_PT0_SX362_V1___.jpg\">  <\/p>\n<p>\u30105-in-1-Kreativit\u00e4tspaket\u3011 Bauen Sie einzigartige Modelle aus 673 Teilen: Roboter, Schneemobil, Dinosaurier, Baufahrzeug und gepanzertes Fahrzeug (jeweils einzeln zusammenbauen). Selbstbauen f\u00f6rdert grenzenlose Kreativit\u00e4t und bietet abwechslungsreichen Spielspa\u00df \u2013 weit mehr als nur eindimensionales Spielzeug.<br \/>Intelligente Steuerung mit zwei Modi: Steuern Sie Ihr Modell ganz einfach mit der sensiblen 2,4-GHz-Fernsteuerung oder nutzen Sie die entsprechende Smartphone-App f\u00fcr flexible Bewegungen: vorw\u00e4rts, r\u00fcckw\u00e4rts, drehen und drehen. Erleben Sie den Spa\u00df moderner Technik!<br \/>Sicher, umweltfreundlich und wiederaufladbar: Hergestellt aus ungiftigem ABS-Material, das den internationalen Sicherheitsstandards f\u00fcr Spielzeug entspricht. Mit eingebautem wiederaufladbarem Lithium-Akku und USB-Ladefunktion f\u00fcr extra langen Spielspa\u00df. (Die Fernbedienung ben\u00f6tigt 2 AAA-Batterien, nicht im Lieferumfang enthalten)<br \/>STEM-Lernspielzeug: Die beiliegende Anleitung hilft bei der Entwicklung von Feinmotorik, r\u00e4umlichem Denken und logischen Schlussfolgerungen. Vermittelt grundlegende Programmierkonzepte und mechanische Prinzipien \u2013 ideal, um das Interesse an Naturwissenschaften und Technik zu wecken.<br \/>Das perfekte Geschenk f\u00fcr Kinder: ein faszinierender und robuster Bausatz, der mit Ihrem Kind mitw\u00e4chst. Eine tolle Geschenkidee f\u00fcr Jungen und M\u00e4dchen im Alter von 8 bis 12 Jahren zum Geburtstag, Weihnachten, Kindertag und anderen besonderen Anl\u00e4ssen.<\/p>\n<p>[ad_2]<\/p>\n","protected":false},"excerpt":{"rendered":"<p>Von der Marke Spielzeug f\u00fcr Kinder \u30105-in-1-Kreativit\u00e4tspaket\u3011 Bauen Sie einzigartige Modelle aus 673 Teilen: Roboter, Schneemobil, Dinosaurier, Baufahrzeug und gepanzertes Fahrzeug (jeweils einzeln zusammenbauen). Selbstbauen f\u00f6rdert grenzenlose Kreativit\u00e4t und bietet abwechslungsreichen Spielspa\u00df \u2013 weit mehr als nur eindimensionales Spielzeug.Intelligente Steuerung mit zwei Modi: Steuern Sie Ihr Modell ganz einfach mit der sensiblen 2,4-GHz-Fernsteuerung oder nutzen [&hellip;]<\/p>\n","protected":false},"featured_media":4560,"comment_status":"open","ping_status":"closed","template":"","meta":{"_aipt_faq_data":""},"store":[],"product_brand":[],"product_cat":[91],"product_tag":[178],"class_list":{"0":"post-4559","1":"product","2":"type-product","3":"status-publish","4":"has-post-thumbnail","6":"product_cat-programmierbares-spielzeug","7":"product_tag-programmierbares-spielzeug-roboter","9":"first","10":"instock","11":"shipping-taxable","12":"product-type-external"},"yoast_head":"<!-- This site is optimized with the Yoast SEO plugin v27.4 - https:\/\/yoast.com\/product\/yoast-seo-wordpress\/ -->\n<title>5-in-1 Technik Roboter Bauspielzeug Kinder f\u00fcr Jungen, STEM App &amp; Fernbedienung Technik Spielzeug Roboter Programmierbares Bauspielzeug Geburtstagsgeschenk ab 6 7 8 9 10 11 12 Jahre Jungen - EasyLifeBro<\/title>\n<meta name=\"description\" content=\"Entdecken Sie smarte Roboter f\u00fcr Zuhause, Garten, Bildung und Sicherheit. Vergleichen Sie Saugroboter, Rasenm\u00e4hroboter, KI-Begleitroboter und mehr bei EasyLifeRobo.\" \/>\n<meta name=\"robots\" content=\"index, follow, max-snippet:-1, max-image-preview:large, max-video-preview:-1\" \/>\n<link rel=\"canonical\" href=\"https:\/\/easyliferobo.com\/de\/product\/5-in-1-technik-roboter-bauspielzeug-kinder-fuer-jungen-stem-app-fernbedienung-technik-spielzeug-roboter-programmierbares-bauspielzeug-geburtstagsgeschenk-ab-6-7-8-9-10-11-12-jahre-jungen\/\" \/>\n<meta property=\"og:locale\" content=\"de_DE\" \/>\n<meta property=\"og:type\" content=\"article\" \/>\n<meta property=\"og:title\" content=\"5-in-1 Technik Roboter Bauspielzeug Kinder f\u00fcr Jungen, STEM App &amp; Fernbedienung Technik Spielzeug Roboter Programmierbares Bauspielzeug Geburtstagsgeschenk ab 6 7 8 9 10 11 12 Jahre Jungen - EasyLifeBro\" \/>\n<meta property=\"og:description\" content=\"Entdecken Sie smarte Roboter f\u00fcr Zuhause, Garten, Bildung und Sicherheit. Vergleichen Sie Saugroboter, Rasenm\u00e4hroboter, KI-Begleitroboter und mehr bei EasyLifeRobo.\" \/>\n<meta property=\"og:url\" content=\"https:\/\/easyliferobo.com\/de\/product\/5-in-1-technik-roboter-bauspielzeug-kinder-fuer-jungen-stem-app-fernbedienung-technik-spielzeug-roboter-programmierbares-bauspielzeug-geburtstagsgeschenk-ab-6-7-8-9-10-11-12-jahre-jungen\/\" \/>\n<meta property=\"og:site_name\" content=\"EasyLifeBro\" \/>\n<meta property=\"article:modified_time\" content=\"2026-02-27T13:25:03+00:00\" \/>\n<meta property=\"og:image\" content=\"https:\/\/images-na.ssl-images-amazon.com\/images\/G\/01\/x-locale\/common\/grey-pixel.gif\" \/>\n<meta name=\"twitter:card\" content=\"summary_large_image\" \/>\n<meta name=\"twitter:label1\" content=\"Gesch\u00e4tzte Lesezeit\" \/>\n\t<meta name=\"twitter:data1\" content=\"1\u00a0Minute\" \/>\n<script type=\"application\/ld+json\" class=\"yoast-schema-graph\">{\"@context\":\"https:\\\/\\\/schema.org\",\"@graph\":[{\"@type\":\"WebPage\",\"@id\":\"https:\\\/\\\/easyliferobo.com\\\/de\\\/product\\\/5-in-1-technik-roboter-bauspielzeug-kinder-fuer-jungen-stem-app-fernbedienung-technik-spielzeug-roboter-programmierbares-bauspielzeug-geburtstagsgeschenk-ab-6-7-8-9-10-11-12-jahre-jungen\\\/\",\"url\":\"https:\\\/\\\/easyliferobo.com\\\/de\\\/product\\\/5-in-1-technik-roboter-bauspielzeug-kinder-fuer-jungen-stem-app-fernbedienung-technik-spielzeug-roboter-programmierbares-bauspielzeug-geburtstagsgeschenk-ab-6-7-8-9-10-11-12-jahre-jungen\\\/\",\"name\":\"5-in-1 Technik Roboter Bauspielzeug Kinder f\u00fcr Jungen, STEM App & Fernbedienung Technik Spielzeug Roboter Programmierbares Bauspielzeug Geburtstagsgeschenk ab 6 7 8 9 10 11 12 Jahre Jungen - EasyLifeBro\",\"isPartOf\":{\"@id\":\"https:\\\/\\\/easyliferobo.com\\\/de\\\/#website\"},\"primaryImageOfPage\":{\"@id\":\"https:\\\/\\\/easyliferobo.com\\\/de\\\/product\\\/5-in-1-technik-roboter-bauspielzeug-kinder-fuer-jungen-stem-app-fernbedienung-technik-spielzeug-roboter-programmierbares-bauspielzeug-geburtstagsgeschenk-ab-6-7-8-9-10-11-12-jahre-jungen\\\/#primaryimage\"},\"image\":{\"@id\":\"https:\\\/\\\/easyliferobo.com\\\/de\\\/product\\\/5-in-1-technik-roboter-bauspielzeug-kinder-fuer-jungen-stem-app-fernbedienung-technik-spielzeug-roboter-programmierbares-bauspielzeug-geburtstagsgeschenk-ab-6-7-8-9-10-11-12-jahre-jungen\\\/#primaryimage\"},\"thumbnailUrl\":\"https:\\\/\\\/easyliferobo.com\\\/de\\\/wp-content\\\/uploads\\\/2026\\\/02\\\/81kdkPnNFhL._AC_SL1500_.jpg\",\"datePublished\":\"2026-02-27T13:24:48+00:00\",\"dateModified\":\"2026-02-27T13:25:03+00:00\",\"description\":\"Entdecken Sie smarte Roboter f\u00fcr Zuhause, Garten, Bildung und Sicherheit. Vergleichen Sie Saugroboter, Rasenm\u00e4hroboter, KI-Begleitroboter und mehr bei EasyLifeRobo.\",\"breadcrumb\":{\"@id\":\"https:\\\/\\\/easyliferobo.com\\\/de\\\/product\\\/5-in-1-technik-roboter-bauspielzeug-kinder-fuer-jungen-stem-app-fernbedienung-technik-spielzeug-roboter-programmierbares-bauspielzeug-geburtstagsgeschenk-ab-6-7-8-9-10-11-12-jahre-jungen\\\/#breadcrumb\"},\"inLanguage\":\"de\",\"potentialAction\":[{\"@type\":\"ReadAction\",\"target\":[\"https:\\\/\\\/easyliferobo.com\\\/de\\\/product\\\/5-in-1-technik-roboter-bauspielzeug-kinder-fuer-jungen-stem-app-fernbedienung-technik-spielzeug-roboter-programmierbares-bauspielzeug-geburtstagsgeschenk-ab-6-7-8-9-10-11-12-jahre-jungen\\\/\"]}]},{\"@type\":\"ImageObject\",\"inLanguage\":\"de\",\"@id\":\"https:\\\/\\\/easyliferobo.com\\\/de\\\/product\\\/5-in-1-technik-roboter-bauspielzeug-kinder-fuer-jungen-stem-app-fernbedienung-technik-spielzeug-roboter-programmierbares-bauspielzeug-geburtstagsgeschenk-ab-6-7-8-9-10-11-12-jahre-jungen\\\/#primaryimage\",\"url\":\"https:\\\/\\\/easyliferobo.com\\\/de\\\/wp-content\\\/uploads\\\/2026\\\/02\\\/81kdkPnNFhL._AC_SL1500_.jpg\",\"contentUrl\":\"https:\\\/\\\/easyliferobo.com\\\/de\\\/wp-content\\\/uploads\\\/2026\\\/02\\\/81kdkPnNFhL._AC_SL1500_.jpg\",\"width\":1500,\"height\":1485},{\"@type\":\"BreadcrumbList\",\"@id\":\"https:\\\/\\\/easyliferobo.com\\\/de\\\/product\\\/5-in-1-technik-roboter-bauspielzeug-kinder-fuer-jungen-stem-app-fernbedienung-technik-spielzeug-roboter-programmierbares-bauspielzeug-geburtstagsgeschenk-ab-6-7-8-9-10-11-12-jahre-jungen\\\/#breadcrumb\",\"itemListElement\":[{\"@type\":\"ListItem\",\"position\":1,\"name\":\"Home\",\"item\":\"https:\\\/\\\/easyliferobo.com\\\/de\\\/\"},{\"@type\":\"ListItem\",\"position\":2,\"name\":\"Shop\",\"item\":\"https:\\\/\\\/easyliferobo.com\\\/de\\\/shop\\\/\"},{\"@type\":\"ListItem\",\"position\":3,\"name\":\"5-in-1 Technik Roboter Bauspielzeug...\"}]},{\"@type\":\"WebSite\",\"@id\":\"https:\\\/\\\/easyliferobo.com\\\/de\\\/#website\",\"url\":\"https:\\\/\\\/easyliferobo.com\\\/de\\\/\",\"name\":\"EasyLifeBro\",\"description\":\"Smarte Roboter f\u00fcr Zuhause, Garten &amp; Bildung\",\"publisher\":{\"@id\":\"https:\\\/\\\/easyliferobo.com\\\/de\\\/#organization\"},\"potentialAction\":[{\"@type\":\"SearchAction\",\"target\":{\"@type\":\"EntryPoint\",\"urlTemplate\":\"https:\\\/\\\/easyliferobo.com\\\/de\\\/?s={search_term_string}\"},\"query-input\":{\"@type\":\"PropertyValueSpecification\",\"valueRequired\":true,\"valueName\":\"search_term_string\"}}],\"inLanguage\":\"de\"},{\"@type\":\"Organization\",\"@id\":\"https:\\\/\\\/easyliferobo.com\\\/de\\\/#organization\",\"name\":\"EasyLifeBro\",\"url\":\"https:\\\/\\\/easyliferobo.com\\\/de\\\/\",\"logo\":{\"@type\":\"ImageObject\",\"inLanguage\":\"de\",\"@id\":\"https:\\\/\\\/easyliferobo.com\\\/de\\\/#\\\/schema\\\/logo\\\/image\\\/\",\"url\":\"https:\\\/\\\/easyliferobo.com\\\/de\\\/wp-content\\\/uploads\\\/2026\\\/02\\\/Screenshot-2026-02-22-at-2.25.03-PM.png\",\"contentUrl\":\"https:\\\/\\\/easyliferobo.com\\\/de\\\/wp-content\\\/uploads\\\/2026\\\/02\\\/Screenshot-2026-02-22-at-2.25.03-PM.png\",\"width\":1858,\"height\":430,\"caption\":\"EasyLifeBro\"},\"image\":{\"@id\":\"https:\\\/\\\/easyliferobo.com\\\/de\\\/#\\\/schema\\\/logo\\\/image\\\/\"}}]}<\/script>\n<!-- \/ Yoast SEO plugin. -->","yoast_head_json":{"title":"5-in-1 Technik Roboter Bauspielzeug Kinder f\u00fcr Jungen, STEM App & Fernbedienung Technik Spielzeug Roboter Programmierbares Bauspielzeug Geburtstagsgeschenk ab 6 7 8 9 10 11 12 Jahre Jungen - EasyLifeBro","description":"Entdecken Sie smarte Roboter f\u00fcr Zuhause, Garten, Bildung und Sicherheit. Vergleichen Sie Saugroboter, Rasenm\u00e4hroboter, KI-Begleitroboter und mehr bei EasyLifeRobo.","robots":{"index":"index","follow":"follow","max-snippet":"max-snippet:-1","max-image-preview":"max-image-preview:large","max-video-preview":"max-video-preview:-1"},"canonical":"https:\/\/easyliferobo.com\/de\/product\/5-in-1-technik-roboter-bauspielzeug-kinder-fuer-jungen-stem-app-fernbedienung-technik-spielzeug-roboter-programmierbares-bauspielzeug-geburtstagsgeschenk-ab-6-7-8-9-10-11-12-jahre-jungen\/","og_locale":"de_DE","og_type":"article","og_title":"5-in-1 Technik Roboter Bauspielzeug Kinder f\u00fcr Jungen, STEM App & Fernbedienung Technik Spielzeug Roboter Programmierbares Bauspielzeug Geburtstagsgeschenk ab 6 7 8 9 10 11 12 Jahre Jungen - EasyLifeBro","og_description":"Entdecken Sie smarte Roboter f\u00fcr Zuhause, Garten, Bildung und Sicherheit. Vergleichen Sie Saugroboter, Rasenm\u00e4hroboter, KI-Begleitroboter und mehr bei EasyLifeRobo.","og_url":"https:\/\/easyliferobo.com\/de\/product\/5-in-1-technik-roboter-bauspielzeug-kinder-fuer-jungen-stem-app-fernbedienung-technik-spielzeug-roboter-programmierbares-bauspielzeug-geburtstagsgeschenk-ab-6-7-8-9-10-11-12-jahre-jungen\/","og_site_name":"EasyLifeBro","article_modified_time":"2026-02-27T13:25:03+00:00","og_image":[{"url":"https:\/\/images-na.ssl-images-amazon.com\/images\/G\/01\/x-locale\/common\/grey-pixel.gif","type":"","width":"","height":""}],"twitter_card":"summary_large_image","twitter_misc":{"Gesch\u00e4tzte Lesezeit":"1\u00a0Minute"},"schema":{"@context":"https:\/\/schema.org","@graph":[{"@type":"WebPage","@id":"https:\/\/easyliferobo.com\/de\/product\/5-in-1-technik-roboter-bauspielzeug-kinder-fuer-jungen-stem-app-fernbedienung-technik-spielzeug-roboter-programmierbares-bauspielzeug-geburtstagsgeschenk-ab-6-7-8-9-10-11-12-jahre-jungen\/","url":"https:\/\/easyliferobo.com\/de\/product\/5-in-1-technik-roboter-bauspielzeug-kinder-fuer-jungen-stem-app-fernbedienung-technik-spielzeug-roboter-programmierbares-bauspielzeug-geburtstagsgeschenk-ab-6-7-8-9-10-11-12-jahre-jungen\/","name":"5-in-1 Technik Roboter Bauspielzeug Kinder f\u00fcr Jungen, STEM App & Fernbedienung Technik Spielzeug Roboter Programmierbares Bauspielzeug Geburtstagsgeschenk ab 6 7 8 9 10 11 12 Jahre Jungen - EasyLifeBro","isPartOf":{"@id":"https:\/\/easyliferobo.com\/de\/#website"},"primaryImageOfPage":{"@id":"https:\/\/easyliferobo.com\/de\/product\/5-in-1-technik-roboter-bauspielzeug-kinder-fuer-jungen-stem-app-fernbedienung-technik-spielzeug-roboter-programmierbares-bauspielzeug-geburtstagsgeschenk-ab-6-7-8-9-10-11-12-jahre-jungen\/#primaryimage"},"image":{"@id":"https:\/\/easyliferobo.com\/de\/product\/5-in-1-technik-roboter-bauspielzeug-kinder-fuer-jungen-stem-app-fernbedienung-technik-spielzeug-roboter-programmierbares-bauspielzeug-geburtstagsgeschenk-ab-6-7-8-9-10-11-12-jahre-jungen\/#primaryimage"},"thumbnailUrl":"https:\/\/easyliferobo.com\/de\/wp-content\/uploads\/2026\/02\/81kdkPnNFhL._AC_SL1500_.jpg","datePublished":"2026-02-27T13:24:48+00:00","dateModified":"2026-02-27T13:25:03+00:00","description":"Entdecken Sie smarte Roboter f\u00fcr Zuhause, Garten, Bildung und Sicherheit. Vergleichen Sie Saugroboter, Rasenm\u00e4hroboter, KI-Begleitroboter und mehr bei EasyLifeRobo.","breadcrumb":{"@id":"https:\/\/easyliferobo.com\/de\/product\/5-in-1-technik-roboter-bauspielzeug-kinder-fuer-jungen-stem-app-fernbedienung-technik-spielzeug-roboter-programmierbares-bauspielzeug-geburtstagsgeschenk-ab-6-7-8-9-10-11-12-jahre-jungen\/#breadcrumb"},"inLanguage":"de","potentialAction":[{"@type":"ReadAction","target":["https:\/\/easyliferobo.com\/de\/product\/5-in-1-technik-roboter-bauspielzeug-kinder-fuer-jungen-stem-app-fernbedienung-technik-spielzeug-roboter-programmierbares-bauspielzeug-geburtstagsgeschenk-ab-6-7-8-9-10-11-12-jahre-jungen\/"]}]},{"@type":"ImageObject","inLanguage":"de","@id":"https:\/\/easyliferobo.com\/de\/product\/5-in-1-technik-roboter-bauspielzeug-kinder-fuer-jungen-stem-app-fernbedienung-technik-spielzeug-roboter-programmierbares-bauspielzeug-geburtstagsgeschenk-ab-6-7-8-9-10-11-12-jahre-jungen\/#primaryimage","url":"https:\/\/easyliferobo.com\/de\/wp-content\/uploads\/2026\/02\/81kdkPnNFhL._AC_SL1500_.jpg","contentUrl":"https:\/\/easyliferobo.com\/de\/wp-content\/uploads\/2026\/02\/81kdkPnNFhL._AC_SL1500_.jpg","width":1500,"height":1485},{"@type":"BreadcrumbList","@id":"https:\/\/easyliferobo.com\/de\/product\/5-in-1-technik-roboter-bauspielzeug-kinder-fuer-jungen-stem-app-fernbedienung-technik-spielzeug-roboter-programmierbares-bauspielzeug-geburtstagsgeschenk-ab-6-7-8-9-10-11-12-jahre-jungen\/#breadcrumb","itemListElement":[{"@type":"ListItem","position":1,"name":"Home","item":"https:\/\/easyliferobo.com\/de\/"},{"@type":"ListItem","position":2,"name":"Shop","item":"https:\/\/easyliferobo.com\/de\/shop\/"},{"@type":"ListItem","position":3,"name":"5-in-1 Technik Roboter Bauspielzeug..."}]},{"@type":"WebSite","@id":"https:\/\/easyliferobo.com\/de\/#website","url":"https:\/\/easyliferobo.com\/de\/","name":"EasyLifeBro","description":"Smarte Roboter f\u00fcr Zuhause, Garten &amp; Bildung","publisher":{"@id":"https:\/\/easyliferobo.com\/de\/#organization"},"potentialAction":[{"@type":"SearchAction","target":{"@type":"EntryPoint","urlTemplate":"https:\/\/easyliferobo.com\/de\/?s={search_term_string}"},"query-input":{"@type":"PropertyValueSpecification","valueRequired":true,"valueName":"search_term_string"}}],"inLanguage":"de"},{"@type":"Organization","@id":"https:\/\/easyliferobo.com\/de\/#organization","name":"EasyLifeBro","url":"https:\/\/easyliferobo.com\/de\/","logo":{"@type":"ImageObject","inLanguage":"de","@id":"https:\/\/easyliferobo.com\/de\/#\/schema\/logo\/image\/","url":"https:\/\/easyliferobo.com\/de\/wp-content\/uploads\/2026\/02\/Screenshot-2026-02-22-at-2.25.03-PM.png","contentUrl":"https:\/\/easyliferobo.com\/de\/wp-content\/uploads\/2026\/02\/Screenshot-2026-02-22-at-2.25.03-PM.png","width":1858,"height":430,"caption":"EasyLifeBro"},"image":{"@id":"https:\/\/easyliferobo.com\/de\/#\/schema\/logo\/image\/"}}]}},"_links":{"self":[{"href":"https:\/\/easyliferobo.com\/de\/wp-json\/wp\/v2\/product\/4559","targetHints":{"allow":["GET"]}}],"collection":[{"href":"https:\/\/easyliferobo.com\/de\/wp-json\/wp\/v2\/product"}],"about":[{"href":"https:\/\/easyliferobo.com\/de\/wp-json\/wp\/v2\/types\/product"}],"replies":[{"embeddable":true,"href":"https:\/\/easyliferobo.com\/de\/wp-json\/wp\/v2\/comments?post=4559"}],"wp:featuredmedia":[{"embeddable":true,"href":"https:\/\/easyliferobo.com\/de\/wp-json\/wp\/v2\/media\/4560"}],"wp:attachment":[{"href":"https:\/\/easyliferobo.com\/de\/wp-json\/wp\/v2\/media?parent=4559"}],"wp:term":[{"taxonomy":"store","embeddable":true,"href":"https:\/\/easyliferobo.com\/de\/wp-json\/wp\/v2\/store?post=4559"},{"taxonomy":"product_brand","embeddable":true,"href":"https:\/\/easyliferobo.com\/de\/wp-json\/wp\/v2\/product_brand?post=4559"},{"taxonomy":"product_cat","embeddable":true,"href":"https:\/\/easyliferobo.com\/de\/wp-json\/wp\/v2\/product_cat?post=4559"},{"taxonomy":"product_tag","embeddable":true,"href":"https:\/\/easyliferobo.com\/de\/wp-json\/wp\/v2\/product_tag?post=4559"}],"curies":[{"name":"wp","href":"https:\/\/api.w.org\/{rel}","templated":true}]}}