
{"id":4540,"date":"2026-02-27T13:21:24","date_gmt":"2026-02-27T13:21:24","guid":{"rendered":"https:\/\/easyliferobo.com\/de\/product\/or-or-tu-hundespielzeug-plueschwelpe-elektronische-haustiere-mit-fernbedienung-die-laeuft-und-bellt-realistisches-interaktives-spielzeug-fuer-kinder-maedchen-jungen-geschenk\/"},"modified":"2026-02-27T13:21:41","modified_gmt":"2026-02-27T13:21:41","slug":"or-or-tu-hundespielzeug-plueschwelpe-elektronische-haustiere-mit-fernbedienung-die-laeuft-und-bellt-realistisches-interaktives-spielzeug-fuer-kinder-maedchen-jungen-geschenk","status":"publish","type":"product","link":"https:\/\/easyliferobo.com\/de\/product\/or-or-tu-hundespielzeug-plueschwelpe-elektronische-haustiere-mit-fernbedienung-die-laeuft-und-bellt-realistisches-interaktives-spielzeug-fuer-kinder-maedchen-jungen-geschenk\/","title":{"rendered":"OR OR TU Hundespielzeug, Pl\u00fcschwel..."},"content":{"rendered":"<p>\n                                             Von der Marke   <\/p>\n<p>                                              <img decoding=\"async\" alt=\"Ein Kleinkind sitzt auf dem Boden und spielt mit Spielzeug\" src=\"https:\/\/images-na.ssl-images-amazon.com\/images\/G\/01\/x-locale\/common\/grey-pixel.gif\" class=\"a-lazy-loaded\" data-src=\"https:\/\/m.media-amazon.com\/images\/S\/aplus-media-library-service-media\/e7cc58d0-e05a-4f2e-8177-2e2c39efd928.__CR0,0,1464,625_PT0_SX1464_V1___.jpg\"><img decoding=\"async\" alt=\"Ein Kleinkind sitzt auf dem Boden und spielt mit Spielzeug\" src=\"https:\/\/m.media-amazon.com\/images\/S\/aplus-media-library-service-media\/e7cc58d0-e05a-4f2e-8177-2e2c39efd928.__CR0,0,1464,625_PT0_SX1464_V1___.jpg\">  <\/p>\n<h3>  Elektronische Haustiere Hund <\/h3>\n<p class=\"apm-brand-story-stores-link\">\n<h3>  Interaktives Spielzeug f\u00fcr Kinder <\/h3>\n<p class=\"apm-brand-story-stores-link\">\n<h3>  Spielzeugautos  <\/h3>\n<p class=\"apm-brand-story-stores-link\">\n<h3>  Badespielzeug f\u00fcr Babys <\/h3>\n<p class=\"apm-brand-story-stores-link\">\n<p>                                              <img decoding=\"async\" alt=\"\" src=\"https:\/\/images-na.ssl-images-amazon.com\/images\/G\/01\/x-locale\/common\/grey-pixel.gif\" class=\"a-lazy-loaded\" data-src=\"https:\/\/m.media-amazon.com\/images\/S\/aplus-media-library-service-media\/8bc21740-a983-4b49-b6ec-9b17cefc14cc.__CR0,0,362,453_PT0_SX362_V1___.jpg\"><img decoding=\"async\" alt=\"\" src=\"https:\/\/m.media-amazon.com\/images\/S\/aplus-media-library-service-media\/8bc21740-a983-4b49-b6ec-9b17cefc14cc.__CR0,0,362,453_PT0_SX362_V1___.jpg\">  <\/p>\n<h3>  Neuestes Baby-Badespielzeug <\/h3>\n<p>  Wal-Sprinkler, \u00fcber USB wiederaufladbar, mit 6 schwimmenden Tieren ohne L\u00f6cher <\/p>\n<p>                                              <img decoding=\"async\" alt=\"\" src=\"https:\/\/images-na.ssl-images-amazon.com\/images\/G\/01\/x-locale\/common\/grey-pixel.gif\" class=\"a-lazy-loaded\" data-src=\"https:\/\/m.media-amazon.com\/images\/S\/aplus-media-library-service-media\/2d55f7b4-0907-4722-b1d6-3e4c1c77428d.__CR0,0,362,453_PT0_SX362_V1___.jpg\"><img decoding=\"async\" alt=\"\" src=\"https:\/\/m.media-amazon.com\/images\/S\/aplus-media-library-service-media\/2d55f7b4-0907-4722-b1d6-3e4c1c77428d.__CR0,0,362,453_PT0_SX362_V1___.jpg\">  <\/p>\n<h3>  Neues Produkt <\/h3>\n<p>  Ein Pl\u00fcschhund, der mit den Ohren wackelt, singt und wiederholt, was Sie sagen <\/p>\n<p>                                              <img decoding=\"async\" alt=\"\" src=\"https:\/\/images-na.ssl-images-amazon.com\/images\/G\/01\/x-locale\/common\/grey-pixel.gif\" class=\"a-lazy-loaded\" data-src=\"https:\/\/m.media-amazon.com\/images\/S\/aplus-media-library-service-media\/af4a2bde-159d-4fe1-8d09-d0d4854ecad0.__CR0,0,362,453_PT0_SX362_V1___.jpg\"><img decoding=\"async\" alt=\"\" src=\"https:\/\/m.media-amazon.com\/images\/S\/aplus-media-library-service-media\/af4a2bde-159d-4fe1-8d09-d0d4854ecad0.__CR0,0,362,453_PT0_SX362_V1___.jpg\">  <\/p>\n<h3>  Neues Produkt <\/h3>\n<p>  Katzenspielzeug f\u00fcr Kinder <\/p>\n<p>                                              <img decoding=\"async\" alt=\"\" src=\"https:\/\/images-na.ssl-images-amazon.com\/images\/G\/01\/x-locale\/common\/grey-pixel.gif\" class=\"a-lazy-loaded\" data-src=\"https:\/\/m.media-amazon.com\/images\/S\/aplus-media-library-service-media\/081fae08-2662-4e6c-8ac9-08f09b22126d.__CR0,0,362,453_PT0_SX362_V1___.jpg\"><img decoding=\"async\" alt=\"\" src=\"https:\/\/m.media-amazon.com\/images\/S\/aplus-media-library-service-media\/081fae08-2662-4e6c-8ac9-08f09b22126d.__CR0,0,362,453_PT0_SX362_V1___.jpg\">  <\/p>\n<h3>  Kinderwagenspielzeug <\/h3>\n<p>  F\u00fcllen Sie die Tr\u00e4ume Ihres Babys mit Lachen <\/p>\n<p>                                              <img decoding=\"async\" alt=\"\" src=\"https:\/\/images-na.ssl-images-amazon.com\/images\/G\/01\/x-locale\/common\/grey-pixel.gif\" class=\"a-lazy-loaded\" data-src=\"https:\/\/m.media-amazon.com\/images\/S\/aplus-media-library-service-media\/e739824e-9a46-4e1e-b29e-d238f8a76e5d.__CR0,0,362,453_PT0_SX362_V1___.jpg\"><img decoding=\"async\" alt=\"\" src=\"https:\/\/m.media-amazon.com\/images\/S\/aplus-media-library-service-media\/e739824e-9a46-4e1e-b29e-d238f8a76e5d.__CR0,0,362,453_PT0_SX362_V1___.jpg\">  <\/p>\n<h3>  Rutschen-Badespielzeug <\/h3>\n<p>                                              <img decoding=\"async\" alt=\"\" src=\"https:\/\/images-na.ssl-images-amazon.com\/images\/G\/01\/x-locale\/common\/grey-pixel.gif\" class=\"a-lazy-loaded\" data-src=\"https:\/\/m.media-amazon.com\/images\/S\/aplus-media-library-service-media\/6e803380-294e-4d94-9b93-59a742df6196.__CR0,0,362,453_PT0_SX362_V1___.jpg\"><img decoding=\"async\" alt=\"\" src=\"https:\/\/m.media-amazon.com\/images\/S\/aplus-media-library-service-media\/6e803380-294e-4d94-9b93-59a742df6196.__CR0,0,362,453_PT0_SX362_V1___.jpg\">  <\/p>\n<h3>  Neuestes Produkt <\/h3>\n<p>  Elektronischer Haushund: rennt und bellt, wedelt mit dem Schwanz und singt <\/p>\n<p>                                              <img decoding=\"async\" alt=\"\" src=\"https:\/\/images-na.ssl-images-amazon.com\/images\/G\/01\/x-locale\/common\/grey-pixel.gif\" class=\"a-lazy-loaded\" data-src=\"https:\/\/m.media-amazon.com\/images\/S\/aplus-media-library-service-media\/b8ecab44-988c-46e8-84da-affeec38cbac.__CR0,0,362,453_PT0_SX362_V1___.jpg\"><img decoding=\"async\" alt=\"\" src=\"https:\/\/m.media-amazon.com\/images\/S\/aplus-media-library-service-media\/b8ecab44-988c-46e8-84da-affeec38cbac.__CR0,0,362,453_PT0_SX362_V1___.jpg\">  <\/p>\n<h3>  Fernbedienungskabel f\u00fcr Hunde <\/h3>\n<p>  Elektronisches Haustierzubeh\u00f6r B091CD7LM1, B0CB57N86M, B0CJ4PNJF5, B0D2RC32Q1, B0D44VWFLT <\/p>\n<p>                                              <img decoding=\"async\" alt=\"\" src=\"https:\/\/images-na.ssl-images-amazon.com\/images\/G\/01\/x-locale\/common\/grey-pixel.gif\" class=\"a-lazy-loaded\" data-src=\"https:\/\/m.media-amazon.com\/images\/S\/aplus-media-library-service-media\/5db063c5-193c-4cf4-8bcd-4268b84c67d4.__CR0,0,315,145_PT0_SX315_V1___.jpg\"><img decoding=\"async\" alt=\"\" src=\"https:\/\/m.media-amazon.com\/images\/S\/aplus-media-library-service-media\/5db063c5-193c-4cf4-8bcd-4268b84c67d4.__CR0,0,315,145_PT0_SX315_V1___.jpg\">  <\/p>\n<p>  OR OR TU, dessen Gr\u00fcnderin auch Mutter ist, widmet sich dem Design und der Produktion von Babyspielzeugen aller Art. Wir achten auf jeden Schritt der Entwicklung des Kindes. OR OR TU legt gro\u00dfen Wert auf Originalit\u00e4t, vom Design des Produkts \u00fcber den Produktionsprozess bis hin zur Qualit\u00e4tskontrolle des fertigen Produkts sind wir bestrebt, jedes Detail zu kontrollieren, um eine bessere Welt f\u00fcr die Kinder zu schaffen. <\/p>\n<p>Elektronischer Spielzeughund f\u00fcr Kinder: Das entz\u00fcckende Hundespielzeug Kinder ist ca. 9 Zoll gro\u00df, der beste Begleiter, um Kinder zu haben. Enth\u00e4lt 1 x elektronischen interaktiven Pl\u00fcschhund, 1 x Fernbedienungsleine, 1 x Hundeball, 1 x Hundehalsband und 1 x Hundenamensschild, au\u00dferdem mit einem Napf und einer Futterflasche und weichen Gummiknochen, um so zu tun, als ob Sie einen Hund f\u00fcttern w\u00fcrden. Haben Sie Spa\u00df mit Ihrem lebensechten Haustier, ohne gebissen oder zerkratzt zu werden.<br \/>Ferngesteuerte Funktionen: Schlie\u00dfen Sie die Leine an und dr\u00fccken Sie dann die Taste am Griff oder klatschen Sie die Sprachsteuerung, gehen, bellen, mit der Taille wedeln, den Kopf sch\u00fctteln. Handeln Sie echt. Der pl\u00fcschige Elektrohund stellt diese Verhaltensweisen auch intelligent dar, w\u00e4hrend Kinder ihn ohne Leine sanft streicheln. 3 x 1,5 AA-Batterien erforderlich (nicht im Lieferumfang enthalten). Legen Sie die Batterien in den Bauch des Welpen. Klatschende Sprachsteuerung.<br \/>Verkleidung und Vorspiel: Ausgestattet mit speziellen Accessoires f\u00fcr mehr Spa\u00df beim Miteinander. Stellen Sie sich vor, der Pl\u00fcschhund sei ein neues Familienmitglied, geben Sie ihm einen Namen, essen, trinken und spielen Sie gemeinsam Ball. Dieser interaktive Hund f\u00f6rdert die Liebe, das Zuh\u00f6ren, die Aufmerksamkeit und die Wahrnehmung des Kindes usw.<br \/>Kinderfreundliches Material: weich und hautfreundlich, atmungsaktiv und bequem ist ein authentisches Erlebnis durch die Ber\u00fchrung dieses elektrischen Pl\u00fcschwelpen. Pelzige Ohren, angenehm zu ber\u00fchren und die Haare fallen nicht aus, da der Spielzeughund k\u00fcnstlichen Pl\u00fcschstoff verwendet, um die Gesundheit Ihres Kindes zu gew\u00e4hrleisten. Ideal f\u00fcr Kinder mit Haustierallergien. Bekannt f\u00fcr kuschelige Pl\u00fcschdesigns, die Kinder jeden Alters zum Spielen, Sammeln und Kuscheln ansprechen.<br \/>Perfektes Geschenk f\u00fcr Kinder: Begleitet von farbenfrohen Kindheitserinnerungen wird dieser ferngesteuerte Roboterhund mit welpen\u00e4hnlichen Bewegungen und Ger\u00e4uschen zu Ihrem perfekten Kumpel. Geeignet f\u00fcr alle Anl\u00e4sse wie Weihnachten, Geburtstagsfeier, Hundeclub. Geschenk f\u00fcr M\u00e4dchen und Jungen im Alter von 3 4 5 6 7+ Jahren und \u00e4lter. Kinder haben es verdient!<\/p>\n<p>[ad_2]<\/p>\n","protected":false},"excerpt":{"rendered":"<p>Von der Marke Elektronische Haustiere Hund Interaktives Spielzeug f\u00fcr Kinder Spielzeugautos Badespielzeug f\u00fcr Babys Neuestes Baby-Badespielzeug Wal-Sprinkler, \u00fcber USB wiederaufladbar, mit 6 schwimmenden Tieren ohne L\u00f6cher Neues Produkt Ein Pl\u00fcschhund, der mit den Ohren wackelt, singt und wiederholt, was Sie sagen Neues Produkt Katzenspielzeug f\u00fcr Kinder Kinderwagenspielzeug F\u00fcllen Sie die Tr\u00e4ume Ihres Babys mit Lachen [&hellip;]<\/p>\n","protected":false},"featured_media":4541,"comment_status":"open","ping_status":"closed","template":"","meta":{"_aipt_faq_data":""},"store":[],"product_brand":[],"product_cat":[94],"product_tag":[176],"class_list":{"0":"post-4540","1":"product","2":"type-product","3":"status-publish","4":"has-post-thumbnail","6":"product_cat-roboter-haustiere","7":"product_tag-kleine-roboter-haustiere-kinder","9":"first","10":"instock","11":"shipping-taxable","12":"product-type-external"},"yoast_head":"<!-- This site is optimized with the Yoast SEO plugin v27.0 - https:\/\/yoast.com\/product\/yoast-seo-wordpress\/ -->\n<title>OR OR TU Hundespielzeug, Pl\u00fcschwelpe, elektronische Haustiere mit Fernbedienung, die l\u00e4uft und bellt, realistisches interaktives Spielzeug f\u00fcr Kinder, M\u00e4dchen, Jungen, Geschenk - EasyLifeBro<\/title>\n<meta name=\"description\" content=\"Entdecken Sie smarte Roboter f\u00fcr Zuhause, Garten, Bildung und Sicherheit. Vergleichen Sie Saugroboter, Rasenm\u00e4hroboter, KI-Begleitroboter und mehr bei EasyLifeRobo.\" \/>\n<meta name=\"robots\" content=\"index, follow, max-snippet:-1, max-image-preview:large, max-video-preview:-1\" \/>\n<link rel=\"canonical\" href=\"https:\/\/easyliferobo.com\/de\/product\/or-or-tu-hundespielzeug-plueschwelpe-elektronische-haustiere-mit-fernbedienung-die-laeuft-und-bellt-realistisches-interaktives-spielzeug-fuer-kinder-maedchen-jungen-geschenk\/\" \/>\n<meta property=\"og:locale\" content=\"de_DE\" \/>\n<meta property=\"og:type\" content=\"article\" \/>\n<meta property=\"og:title\" content=\"OR OR TU Hundespielzeug, Pl\u00fcschwelpe, elektronische Haustiere mit Fernbedienung, die l\u00e4uft und bellt, realistisches interaktives Spielzeug f\u00fcr Kinder, M\u00e4dchen, Jungen, Geschenk - EasyLifeBro\" \/>\n<meta property=\"og:description\" content=\"Entdecken Sie smarte Roboter f\u00fcr Zuhause, Garten, Bildung und Sicherheit. Vergleichen Sie Saugroboter, Rasenm\u00e4hroboter, KI-Begleitroboter und mehr bei EasyLifeRobo.\" \/>\n<meta property=\"og:url\" content=\"https:\/\/easyliferobo.com\/de\/product\/or-or-tu-hundespielzeug-plueschwelpe-elektronische-haustiere-mit-fernbedienung-die-laeuft-und-bellt-realistisches-interaktives-spielzeug-fuer-kinder-maedchen-jungen-geschenk\/\" \/>\n<meta property=\"og:site_name\" content=\"EasyLifeBro\" \/>\n<meta property=\"article:modified_time\" content=\"2026-02-27T13:21:41+00:00\" \/>\n<meta property=\"og:image\" content=\"https:\/\/images-na.ssl-images-amazon.com\/images\/G\/01\/x-locale\/common\/grey-pixel.gif\" \/>\n<meta name=\"twitter:card\" content=\"summary_large_image\" \/>\n<meta name=\"twitter:label1\" content=\"Gesch\u00e4tzte Lesezeit\" \/>\n\t<meta name=\"twitter:data1\" content=\"2\u00a0Minuten\" \/>\n<script type=\"application\/ld+json\" class=\"yoast-schema-graph\">{\"@context\":\"https:\/\/schema.org\",\"@graph\":[{\"@type\":\"WebPage\",\"@id\":\"https:\/\/easyliferobo.com\/de\/product\/or-or-tu-hundespielzeug-plueschwelpe-elektronische-haustiere-mit-fernbedienung-die-laeuft-und-bellt-realistisches-interaktives-spielzeug-fuer-kinder-maedchen-jungen-geschenk\/\",\"url\":\"https:\/\/easyliferobo.com\/de\/product\/or-or-tu-hundespielzeug-plueschwelpe-elektronische-haustiere-mit-fernbedienung-die-laeuft-und-bellt-realistisches-interaktives-spielzeug-fuer-kinder-maedchen-jungen-geschenk\/\",\"name\":\"OR OR TU Hundespielzeug, Pl\u00fcschwelpe, elektronische Haustiere mit Fernbedienung, die l\u00e4uft und bellt, realistisches interaktives Spielzeug f\u00fcr Kinder, M\u00e4dchen, Jungen, Geschenk - EasyLifeBro\",\"isPartOf\":{\"@id\":\"https:\/\/easyliferobo.com\/de\/#website\"},\"primaryImageOfPage\":{\"@id\":\"https:\/\/easyliferobo.com\/de\/product\/or-or-tu-hundespielzeug-plueschwelpe-elektronische-haustiere-mit-fernbedienung-die-laeuft-und-bellt-realistisches-interaktives-spielzeug-fuer-kinder-maedchen-jungen-geschenk\/#primaryimage\"},\"image\":{\"@id\":\"https:\/\/easyliferobo.com\/de\/product\/or-or-tu-hundespielzeug-plueschwelpe-elektronische-haustiere-mit-fernbedienung-die-laeuft-und-bellt-realistisches-interaktives-spielzeug-fuer-kinder-maedchen-jungen-geschenk\/#primaryimage\"},\"thumbnailUrl\":\"https:\/\/easyliferobo.com\/de\/wp-content\/uploads\/2026\/02\/710RQudC2wL._AC_SL1500_.jpg\",\"datePublished\":\"2026-02-27T13:21:24+00:00\",\"dateModified\":\"2026-02-27T13:21:41+00:00\",\"description\":\"Entdecken Sie smarte Roboter f\u00fcr Zuhause, Garten, Bildung und Sicherheit. Vergleichen Sie Saugroboter, Rasenm\u00e4hroboter, KI-Begleitroboter und mehr bei EasyLifeRobo.\",\"breadcrumb\":{\"@id\":\"https:\/\/easyliferobo.com\/de\/product\/or-or-tu-hundespielzeug-plueschwelpe-elektronische-haustiere-mit-fernbedienung-die-laeuft-und-bellt-realistisches-interaktives-spielzeug-fuer-kinder-maedchen-jungen-geschenk\/#breadcrumb\"},\"inLanguage\":\"de\",\"potentialAction\":[{\"@type\":\"ReadAction\",\"target\":[\"https:\/\/easyliferobo.com\/de\/product\/or-or-tu-hundespielzeug-plueschwelpe-elektronische-haustiere-mit-fernbedienung-die-laeuft-und-bellt-realistisches-interaktives-spielzeug-fuer-kinder-maedchen-jungen-geschenk\/\"]}]},{\"@type\":\"ImageObject\",\"inLanguage\":\"de\",\"@id\":\"https:\/\/easyliferobo.com\/de\/product\/or-or-tu-hundespielzeug-plueschwelpe-elektronische-haustiere-mit-fernbedienung-die-laeuft-und-bellt-realistisches-interaktives-spielzeug-fuer-kinder-maedchen-jungen-geschenk\/#primaryimage\",\"url\":\"https:\/\/easyliferobo.com\/de\/wp-content\/uploads\/2026\/02\/710RQudC2wL._AC_SL1500_.jpg\",\"contentUrl\":\"https:\/\/easyliferobo.com\/de\/wp-content\/uploads\/2026\/02\/710RQudC2wL._AC_SL1500_.jpg\",\"width\":1478,\"height\":1500},{\"@type\":\"BreadcrumbList\",\"@id\":\"https:\/\/easyliferobo.com\/de\/product\/or-or-tu-hundespielzeug-plueschwelpe-elektronische-haustiere-mit-fernbedienung-die-laeuft-und-bellt-realistisches-interaktives-spielzeug-fuer-kinder-maedchen-jungen-geschenk\/#breadcrumb\",\"itemListElement\":[{\"@type\":\"ListItem\",\"position\":1,\"name\":\"Home\",\"item\":\"https:\/\/easyliferobo.com\/de\/\"},{\"@type\":\"ListItem\",\"position\":2,\"name\":\"Shop\",\"item\":\"https:\/\/easyliferobo.com\/de\/shop\/\"},{\"@type\":\"ListItem\",\"position\":3,\"name\":\"OR OR TU Hundespielzeug, Pl\u00fcschwel...\"}]},{\"@type\":\"WebSite\",\"@id\":\"https:\/\/easyliferobo.com\/de\/#website\",\"url\":\"https:\/\/easyliferobo.com\/de\/\",\"name\":\"EasyLifeBro\",\"description\":\"Smarte Roboter f\u00fcr Zuhause, Garten &amp; Bildung\",\"publisher\":{\"@id\":\"https:\/\/easyliferobo.com\/de\/#organization\"},\"potentialAction\":[{\"@type\":\"SearchAction\",\"target\":{\"@type\":\"EntryPoint\",\"urlTemplate\":\"https:\/\/easyliferobo.com\/de\/?s={search_term_string}\"},\"query-input\":{\"@type\":\"PropertyValueSpecification\",\"valueRequired\":true,\"valueName\":\"search_term_string\"}}],\"inLanguage\":\"de\"},{\"@type\":\"Organization\",\"@id\":\"https:\/\/easyliferobo.com\/de\/#organization\",\"name\":\"EasyLifeBro\",\"url\":\"https:\/\/easyliferobo.com\/de\/\",\"logo\":{\"@type\":\"ImageObject\",\"inLanguage\":\"de\",\"@id\":\"https:\/\/easyliferobo.com\/de\/#\/schema\/logo\/image\/\",\"url\":\"https:\/\/easyliferobo.com\/de\/wp-content\/uploads\/2026\/02\/Screenshot-2026-02-22-at-2.25.03-PM.png\",\"contentUrl\":\"https:\/\/easyliferobo.com\/de\/wp-content\/uploads\/2026\/02\/Screenshot-2026-02-22-at-2.25.03-PM.png\",\"width\":1858,\"height\":430,\"caption\":\"EasyLifeBro\"},\"image\":{\"@id\":\"https:\/\/easyliferobo.com\/de\/#\/schema\/logo\/image\/\"}}]}<\/script>\n<!-- \/ Yoast SEO plugin. -->","yoast_head_json":{"title":"OR OR TU Hundespielzeug, Pl\u00fcschwelpe, elektronische Haustiere mit Fernbedienung, die l\u00e4uft und bellt, realistisches interaktives Spielzeug f\u00fcr Kinder, M\u00e4dchen, Jungen, Geschenk - EasyLifeBro","description":"Entdecken Sie smarte Roboter f\u00fcr Zuhause, Garten, Bildung und Sicherheit. Vergleichen Sie Saugroboter, Rasenm\u00e4hroboter, KI-Begleitroboter und mehr bei EasyLifeRobo.","robots":{"index":"index","follow":"follow","max-snippet":"max-snippet:-1","max-image-preview":"max-image-preview:large","max-video-preview":"max-video-preview:-1"},"canonical":"https:\/\/easyliferobo.com\/de\/product\/or-or-tu-hundespielzeug-plueschwelpe-elektronische-haustiere-mit-fernbedienung-die-laeuft-und-bellt-realistisches-interaktives-spielzeug-fuer-kinder-maedchen-jungen-geschenk\/","og_locale":"de_DE","og_type":"article","og_title":"OR OR TU Hundespielzeug, Pl\u00fcschwelpe, elektronische Haustiere mit Fernbedienung, die l\u00e4uft und bellt, realistisches interaktives Spielzeug f\u00fcr Kinder, M\u00e4dchen, Jungen, Geschenk - EasyLifeBro","og_description":"Entdecken Sie smarte Roboter f\u00fcr Zuhause, Garten, Bildung und Sicherheit. Vergleichen Sie Saugroboter, Rasenm\u00e4hroboter, KI-Begleitroboter und mehr bei EasyLifeRobo.","og_url":"https:\/\/easyliferobo.com\/de\/product\/or-or-tu-hundespielzeug-plueschwelpe-elektronische-haustiere-mit-fernbedienung-die-laeuft-und-bellt-realistisches-interaktives-spielzeug-fuer-kinder-maedchen-jungen-geschenk\/","og_site_name":"EasyLifeBro","article_modified_time":"2026-02-27T13:21:41+00:00","og_image":[{"url":"https:\/\/images-na.ssl-images-amazon.com\/images\/G\/01\/x-locale\/common\/grey-pixel.gif","type":"","width":"","height":""}],"twitter_card":"summary_large_image","twitter_misc":{"Gesch\u00e4tzte Lesezeit":"2\u00a0Minuten"},"schema":{"@context":"https:\/\/schema.org","@graph":[{"@type":"WebPage","@id":"https:\/\/easyliferobo.com\/de\/product\/or-or-tu-hundespielzeug-plueschwelpe-elektronische-haustiere-mit-fernbedienung-die-laeuft-und-bellt-realistisches-interaktives-spielzeug-fuer-kinder-maedchen-jungen-geschenk\/","url":"https:\/\/easyliferobo.com\/de\/product\/or-or-tu-hundespielzeug-plueschwelpe-elektronische-haustiere-mit-fernbedienung-die-laeuft-und-bellt-realistisches-interaktives-spielzeug-fuer-kinder-maedchen-jungen-geschenk\/","name":"OR OR TU Hundespielzeug, Pl\u00fcschwelpe, elektronische Haustiere mit Fernbedienung, die l\u00e4uft und bellt, realistisches interaktives Spielzeug f\u00fcr Kinder, M\u00e4dchen, Jungen, Geschenk - EasyLifeBro","isPartOf":{"@id":"https:\/\/easyliferobo.com\/de\/#website"},"primaryImageOfPage":{"@id":"https:\/\/easyliferobo.com\/de\/product\/or-or-tu-hundespielzeug-plueschwelpe-elektronische-haustiere-mit-fernbedienung-die-laeuft-und-bellt-realistisches-interaktives-spielzeug-fuer-kinder-maedchen-jungen-geschenk\/#primaryimage"},"image":{"@id":"https:\/\/easyliferobo.com\/de\/product\/or-or-tu-hundespielzeug-plueschwelpe-elektronische-haustiere-mit-fernbedienung-die-laeuft-und-bellt-realistisches-interaktives-spielzeug-fuer-kinder-maedchen-jungen-geschenk\/#primaryimage"},"thumbnailUrl":"https:\/\/easyliferobo.com\/de\/wp-content\/uploads\/2026\/02\/710RQudC2wL._AC_SL1500_.jpg","datePublished":"2026-02-27T13:21:24+00:00","dateModified":"2026-02-27T13:21:41+00:00","description":"Entdecken Sie smarte Roboter f\u00fcr Zuhause, Garten, Bildung und Sicherheit. Vergleichen Sie Saugroboter, Rasenm\u00e4hroboter, KI-Begleitroboter und mehr bei EasyLifeRobo.","breadcrumb":{"@id":"https:\/\/easyliferobo.com\/de\/product\/or-or-tu-hundespielzeug-plueschwelpe-elektronische-haustiere-mit-fernbedienung-die-laeuft-und-bellt-realistisches-interaktives-spielzeug-fuer-kinder-maedchen-jungen-geschenk\/#breadcrumb"},"inLanguage":"de","potentialAction":[{"@type":"ReadAction","target":["https:\/\/easyliferobo.com\/de\/product\/or-or-tu-hundespielzeug-plueschwelpe-elektronische-haustiere-mit-fernbedienung-die-laeuft-und-bellt-realistisches-interaktives-spielzeug-fuer-kinder-maedchen-jungen-geschenk\/"]}]},{"@type":"ImageObject","inLanguage":"de","@id":"https:\/\/easyliferobo.com\/de\/product\/or-or-tu-hundespielzeug-plueschwelpe-elektronische-haustiere-mit-fernbedienung-die-laeuft-und-bellt-realistisches-interaktives-spielzeug-fuer-kinder-maedchen-jungen-geschenk\/#primaryimage","url":"https:\/\/easyliferobo.com\/de\/wp-content\/uploads\/2026\/02\/710RQudC2wL._AC_SL1500_.jpg","contentUrl":"https:\/\/easyliferobo.com\/de\/wp-content\/uploads\/2026\/02\/710RQudC2wL._AC_SL1500_.jpg","width":1478,"height":1500},{"@type":"BreadcrumbList","@id":"https:\/\/easyliferobo.com\/de\/product\/or-or-tu-hundespielzeug-plueschwelpe-elektronische-haustiere-mit-fernbedienung-die-laeuft-und-bellt-realistisches-interaktives-spielzeug-fuer-kinder-maedchen-jungen-geschenk\/#breadcrumb","itemListElement":[{"@type":"ListItem","position":1,"name":"Home","item":"https:\/\/easyliferobo.com\/de\/"},{"@type":"ListItem","position":2,"name":"Shop","item":"https:\/\/easyliferobo.com\/de\/shop\/"},{"@type":"ListItem","position":3,"name":"OR OR TU Hundespielzeug, Pl\u00fcschwel..."}]},{"@type":"WebSite","@id":"https:\/\/easyliferobo.com\/de\/#website","url":"https:\/\/easyliferobo.com\/de\/","name":"EasyLifeBro","description":"Smarte Roboter f\u00fcr Zuhause, Garten &amp; Bildung","publisher":{"@id":"https:\/\/easyliferobo.com\/de\/#organization"},"potentialAction":[{"@type":"SearchAction","target":{"@type":"EntryPoint","urlTemplate":"https:\/\/easyliferobo.com\/de\/?s={search_term_string}"},"query-input":{"@type":"PropertyValueSpecification","valueRequired":true,"valueName":"search_term_string"}}],"inLanguage":"de"},{"@type":"Organization","@id":"https:\/\/easyliferobo.com\/de\/#organization","name":"EasyLifeBro","url":"https:\/\/easyliferobo.com\/de\/","logo":{"@type":"ImageObject","inLanguage":"de","@id":"https:\/\/easyliferobo.com\/de\/#\/schema\/logo\/image\/","url":"https:\/\/easyliferobo.com\/de\/wp-content\/uploads\/2026\/02\/Screenshot-2026-02-22-at-2.25.03-PM.png","contentUrl":"https:\/\/easyliferobo.com\/de\/wp-content\/uploads\/2026\/02\/Screenshot-2026-02-22-at-2.25.03-PM.png","width":1858,"height":430,"caption":"EasyLifeBro"},"image":{"@id":"https:\/\/easyliferobo.com\/de\/#\/schema\/logo\/image\/"}}]}},"_links":{"self":[{"href":"https:\/\/easyliferobo.com\/de\/wp-json\/wp\/v2\/product\/4540","targetHints":{"allow":["GET"]}}],"collection":[{"href":"https:\/\/easyliferobo.com\/de\/wp-json\/wp\/v2\/product"}],"about":[{"href":"https:\/\/easyliferobo.com\/de\/wp-json\/wp\/v2\/types\/product"}],"replies":[{"embeddable":true,"href":"https:\/\/easyliferobo.com\/de\/wp-json\/wp\/v2\/comments?post=4540"}],"wp:featuredmedia":[{"embeddable":true,"href":"https:\/\/easyliferobo.com\/de\/wp-json\/wp\/v2\/media\/4541"}],"wp:attachment":[{"href":"https:\/\/easyliferobo.com\/de\/wp-json\/wp\/v2\/media?parent=4540"}],"wp:term":[{"taxonomy":"store","embeddable":true,"href":"https:\/\/easyliferobo.com\/de\/wp-json\/wp\/v2\/store?post=4540"},{"taxonomy":"product_brand","embeddable":true,"href":"https:\/\/easyliferobo.com\/de\/wp-json\/wp\/v2\/product_brand?post=4540"},{"taxonomy":"product_cat","embeddable":true,"href":"https:\/\/easyliferobo.com\/de\/wp-json\/wp\/v2\/product_cat?post=4540"},{"taxonomy":"product_tag","embeddable":true,"href":"https:\/\/easyliferobo.com\/de\/wp-json\/wp\/v2\/product_tag?post=4540"}],"curies":[{"name":"wp","href":"https:\/\/api.w.org\/{rel}","templated":true}]}}