
{"id":4522,"date":"2026-02-27T13:17:26","date_gmt":"2026-02-27T13:17:26","guid":{"rendered":"https:\/\/easyliferobo.com\/de\/product\/ki-roboter-intelligenter-sprechender-roboterbegleiter-sprachwecken-deepseek-ki-roboterspielzeug-mit-bluetooth-5-0-wifi-wetteruhr-video-und-musikwiedergabe-fuer-aeltere-erwachsene-und-kinder\/"},"modified":"2026-02-27T13:17:42","modified_gmt":"2026-02-27T13:17:42","slug":"ki-roboter-intelligenter-sprechender-roboterbegleiter-sprachwecken-deepseek-ki-roboterspielzeug-mit-bluetooth-5-0-wifi-wetteruhr-video-und-musikwiedergabe-fuer-aeltere-erwachsene-und-kinder","status":"publish","type":"product","link":"https:\/\/easyliferobo.com\/de\/product\/ki-roboter-intelligenter-sprechender-roboterbegleiter-sprachwecken-deepseek-ki-roboterspielzeug-mit-bluetooth-5-0-wifi-wetteruhr-video-und-musikwiedergabe-fuer-aeltere-erwachsene-und-kinder\/","title":{"rendered":"KI-Roboter, intelligenter sprechend..."},"content":{"rendered":"<p>    <span>Spezifikation: <br \/>Elementtyp: KI-Roboter. <br \/>Bluetooth-Version: Bluetooth 5.0. <br \/>Bildschirmgr\u00f6\u00dfe: 1,28-Zoll-Bildschirm. <br \/>Aufl\u00f6sung: 240 x 240. <br \/>Kleine Speicherkarte: maximale Unterst\u00fctzung 32 GB (nicht im Lieferumfang enthalten). <br \/>Batterietyp: Li-Batterie. <br \/>Batteriekapazit\u00e4t: 400 mAh (nicht im Lieferumfang enthalten): 400 mAh (eingebaut): 400 mAh (eingebaut): 400 mAh (nicht im Lieferumfang enthalten): 400 mAh (nicht im Lieferumfang enthalten). <br \/>WiFiL: 400 mAh (nicht im Lieferumfang enthalten): 400 mAh (im Lieferumfang enthalten): 400 mAh (nicht im Lieferumfang enthalten). 802.11a\/b\/g\/n. <br \/>Anwendung: <br \/>Direkter Einsatz <br \/>Packliste: <br \/>1 x KI-Roboter. <br \/>3 x Fu\u00dfpolster<\/span>    <br \/>Unterst\u00fctzung f\u00fcr Multimedia-Wiedergabe: Genie\u00dfen Sie lokale Video- und Musikwiedergabe ohne Programmierung, um Unterhaltung f\u00fcr Benutzer jeden Alters einfach und zug\u00e4nglich zu machen.<br \/>Interaktiver Chat-Roboter: Der Xiao Zhi AI-Chat-Roboter verf\u00fcgt \u00fcber umfangreiche interaktive Funktionen, einschlie\u00dflich Sprachalarmfunktionen, die es Benutzern erm\u00f6glichen, m\u00fchelos beeindruckende und angenehme Gespr\u00e4che zu f\u00fchren.<br \/>Integriertes Bluetooth und Akku: Mit Bluetooth 5.0 f\u00fcr nahtlose Konnektivit\u00e4t, einem 400-mAh-Li-Akku f\u00fcr langanhaltende Nutzung und Unterst\u00fctzung f\u00fcr bis zu 32 GB Speicherkarten bietet dieses Roboterspielzeug mehrere praktische Funktionen.<br \/>1,28-Zoll-Display: Mit einem 1,28-Zoll-Display mit einer Aufl\u00f6sung von 240 x 240 zeigt dieser KI-betriebene Roboter die Informationen deutlich an und erleichtert so den Benutzern die Interaktion und den Erhalt von Updates.<br \/>WLAN-Wetteruhr: Dieses Roboterspielzeug synchronisiert sich mit dem Netzwerk, um lokale Wetterinformationen und genaue Zeitaktualisierungen in Echtzeit bereitzustellen, um sicherzustellen, dass Sie \u00fcber Ihre Umgebung auf dem Laufenden bleiben.<\/p>\n<p>[ad_2]<\/p>\n","protected":false},"excerpt":{"rendered":"<p>Spezifikation: Elementtyp: KI-Roboter. Bluetooth-Version: Bluetooth 5.0. Bildschirmgr\u00f6\u00dfe: 1,28-Zoll-Bildschirm. Aufl\u00f6sung: 240 x 240. Kleine Speicherkarte: maximale Unterst\u00fctzung 32 GB (nicht im Lieferumfang enthalten). Batterietyp: Li-Batterie. Batteriekapazit\u00e4t: 400 mAh (nicht im Lieferumfang enthalten): 400 mAh (eingebaut): 400 mAh (eingebaut): 400 mAh (nicht im Lieferumfang enthalten): 400 mAh (nicht im Lieferumfang enthalten). WiFiL: 400 mAh (nicht im Lieferumfang [&hellip;]<\/p>\n","protected":false},"featured_media":4523,"comment_status":"open","ping_status":"closed","template":"","meta":{"_aipt_faq_data":""},"store":[],"product_brand":[],"product_cat":[96],"product_tag":[326],"class_list":{"0":"post-4522","1":"product","2":"type-product","3":"status-publish","4":"has-post-thumbnail","6":"product_cat-senioren-begleitroboter","7":"product_tag-senioren-begleitroboter-mit-erinnerungsfunktion","9":"first","10":"instock","11":"shipping-taxable","12":"product-type-external"},"yoast_head":"<!-- This site is optimized with the Yoast SEO plugin v27.4 - https:\/\/yoast.com\/product\/yoast-seo-wordpress\/ -->\n<title>KI-Roboter, intelligenter sprechender Roboterbegleiter, Sprachwecken, Deepseek KI-Roboterspielzeug mit Bluetooth 5.0 WiFi-Wetteruhr, Video- und Musikwiedergabe f\u00fcr \u00e4ltere Erwachsene und Kinder - EasyLifeBro<\/title>\n<meta name=\"description\" content=\"Entdecken Sie smarte Roboter f\u00fcr Zuhause, Garten, Bildung und Sicherheit. Vergleichen Sie Saugroboter, Rasenm\u00e4hroboter, KI-Begleitroboter und mehr bei EasyLifeRobo.\" \/>\n<meta name=\"robots\" content=\"index, follow, max-snippet:-1, max-image-preview:large, max-video-preview:-1\" \/>\n<link rel=\"canonical\" href=\"https:\/\/easyliferobo.com\/de\/product\/ki-roboter-intelligenter-sprechender-roboterbegleiter-sprachwecken-deepseek-ki-roboterspielzeug-mit-bluetooth-5-0-wifi-wetteruhr-video-und-musikwiedergabe-fuer-aeltere-erwachsene-und-kinder\/\" \/>\n<meta property=\"og:locale\" content=\"de_DE\" \/>\n<meta property=\"og:type\" content=\"article\" \/>\n<meta property=\"og:title\" content=\"KI-Roboter, intelligenter sprechender Roboterbegleiter, Sprachwecken, Deepseek KI-Roboterspielzeug mit Bluetooth 5.0 WiFi-Wetteruhr, Video- und Musikwiedergabe f\u00fcr \u00e4ltere Erwachsene und Kinder - EasyLifeBro\" \/>\n<meta property=\"og:description\" content=\"Entdecken Sie smarte Roboter f\u00fcr Zuhause, Garten, Bildung und Sicherheit. Vergleichen Sie Saugroboter, Rasenm\u00e4hroboter, KI-Begleitroboter und mehr bei EasyLifeRobo.\" \/>\n<meta property=\"og:url\" content=\"https:\/\/easyliferobo.com\/de\/product\/ki-roboter-intelligenter-sprechender-roboterbegleiter-sprachwecken-deepseek-ki-roboterspielzeug-mit-bluetooth-5-0-wifi-wetteruhr-video-und-musikwiedergabe-fuer-aeltere-erwachsene-und-kinder\/\" \/>\n<meta property=\"og:site_name\" content=\"EasyLifeBro\" \/>\n<meta property=\"article:modified_time\" content=\"2026-02-27T13:17:42+00:00\" \/>\n<meta name=\"twitter:card\" content=\"summary_large_image\" \/>\n<meta name=\"twitter:label1\" content=\"Gesch\u00e4tzte Lesezeit\" \/>\n\t<meta name=\"twitter:data1\" content=\"1\u00a0Minute\" \/>\n<script type=\"application\/ld+json\" class=\"yoast-schema-graph\">{\"@context\":\"https:\\\/\\\/schema.org\",\"@graph\":[{\"@type\":\"WebPage\",\"@id\":\"https:\\\/\\\/easyliferobo.com\\\/de\\\/product\\\/ki-roboter-intelligenter-sprechender-roboterbegleiter-sprachwecken-deepseek-ki-roboterspielzeug-mit-bluetooth-5-0-wifi-wetteruhr-video-und-musikwiedergabe-fuer-aeltere-erwachsene-und-kinder\\\/\",\"url\":\"https:\\\/\\\/easyliferobo.com\\\/de\\\/product\\\/ki-roboter-intelligenter-sprechender-roboterbegleiter-sprachwecken-deepseek-ki-roboterspielzeug-mit-bluetooth-5-0-wifi-wetteruhr-video-und-musikwiedergabe-fuer-aeltere-erwachsene-und-kinder\\\/\",\"name\":\"KI-Roboter, intelligenter sprechender Roboterbegleiter, Sprachwecken, Deepseek KI-Roboterspielzeug mit Bluetooth 5.0 WiFi-Wetteruhr, Video- und Musikwiedergabe f\u00fcr \u00e4ltere Erwachsene und Kinder - EasyLifeBro\",\"isPartOf\":{\"@id\":\"https:\\\/\\\/easyliferobo.com\\\/de\\\/#website\"},\"primaryImageOfPage\":{\"@id\":\"https:\\\/\\\/easyliferobo.com\\\/de\\\/product\\\/ki-roboter-intelligenter-sprechender-roboterbegleiter-sprachwecken-deepseek-ki-roboterspielzeug-mit-bluetooth-5-0-wifi-wetteruhr-video-und-musikwiedergabe-fuer-aeltere-erwachsene-und-kinder\\\/#primaryimage\"},\"image\":{\"@id\":\"https:\\\/\\\/easyliferobo.com\\\/de\\\/product\\\/ki-roboter-intelligenter-sprechender-roboterbegleiter-sprachwecken-deepseek-ki-roboterspielzeug-mit-bluetooth-5-0-wifi-wetteruhr-video-und-musikwiedergabe-fuer-aeltere-erwachsene-und-kinder\\\/#primaryimage\"},\"thumbnailUrl\":\"https:\\\/\\\/easyliferobo.com\\\/de\\\/wp-content\\\/uploads\\\/2026\\\/02\\\/51Cg3DCRXuL._AC_SL1500_.jpg\",\"datePublished\":\"2026-02-27T13:17:26+00:00\",\"dateModified\":\"2026-02-27T13:17:42+00:00\",\"description\":\"Entdecken Sie smarte Roboter f\u00fcr Zuhause, Garten, Bildung und Sicherheit. Vergleichen Sie Saugroboter, Rasenm\u00e4hroboter, KI-Begleitroboter und mehr bei EasyLifeRobo.\",\"breadcrumb\":{\"@id\":\"https:\\\/\\\/easyliferobo.com\\\/de\\\/product\\\/ki-roboter-intelligenter-sprechender-roboterbegleiter-sprachwecken-deepseek-ki-roboterspielzeug-mit-bluetooth-5-0-wifi-wetteruhr-video-und-musikwiedergabe-fuer-aeltere-erwachsene-und-kinder\\\/#breadcrumb\"},\"inLanguage\":\"de\",\"potentialAction\":[{\"@type\":\"ReadAction\",\"target\":[\"https:\\\/\\\/easyliferobo.com\\\/de\\\/product\\\/ki-roboter-intelligenter-sprechender-roboterbegleiter-sprachwecken-deepseek-ki-roboterspielzeug-mit-bluetooth-5-0-wifi-wetteruhr-video-und-musikwiedergabe-fuer-aeltere-erwachsene-und-kinder\\\/\"]}]},{\"@type\":\"ImageObject\",\"inLanguage\":\"de\",\"@id\":\"https:\\\/\\\/easyliferobo.com\\\/de\\\/product\\\/ki-roboter-intelligenter-sprechender-roboterbegleiter-sprachwecken-deepseek-ki-roboterspielzeug-mit-bluetooth-5-0-wifi-wetteruhr-video-und-musikwiedergabe-fuer-aeltere-erwachsene-und-kinder\\\/#primaryimage\",\"url\":\"https:\\\/\\\/easyliferobo.com\\\/de\\\/wp-content\\\/uploads\\\/2026\\\/02\\\/51Cg3DCRXuL._AC_SL1500_.jpg\",\"contentUrl\":\"https:\\\/\\\/easyliferobo.com\\\/de\\\/wp-content\\\/uploads\\\/2026\\\/02\\\/51Cg3DCRXuL._AC_SL1500_.jpg\",\"width\":1462,\"height\":1396},{\"@type\":\"BreadcrumbList\",\"@id\":\"https:\\\/\\\/easyliferobo.com\\\/de\\\/product\\\/ki-roboter-intelligenter-sprechender-roboterbegleiter-sprachwecken-deepseek-ki-roboterspielzeug-mit-bluetooth-5-0-wifi-wetteruhr-video-und-musikwiedergabe-fuer-aeltere-erwachsene-und-kinder\\\/#breadcrumb\",\"itemListElement\":[{\"@type\":\"ListItem\",\"position\":1,\"name\":\"Home\",\"item\":\"https:\\\/\\\/easyliferobo.com\\\/de\\\/\"},{\"@type\":\"ListItem\",\"position\":2,\"name\":\"Shop\",\"item\":\"https:\\\/\\\/easyliferobo.com\\\/de\\\/shop\\\/\"},{\"@type\":\"ListItem\",\"position\":3,\"name\":\"KI-Roboter, intelligenter sprechend...\"}]},{\"@type\":\"WebSite\",\"@id\":\"https:\\\/\\\/easyliferobo.com\\\/de\\\/#website\",\"url\":\"https:\\\/\\\/easyliferobo.com\\\/de\\\/\",\"name\":\"EasyLifeBro\",\"description\":\"Smarte Roboter f\u00fcr Zuhause, Garten &amp; Bildung\",\"publisher\":{\"@id\":\"https:\\\/\\\/easyliferobo.com\\\/de\\\/#organization\"},\"potentialAction\":[{\"@type\":\"SearchAction\",\"target\":{\"@type\":\"EntryPoint\",\"urlTemplate\":\"https:\\\/\\\/easyliferobo.com\\\/de\\\/?s={search_term_string}\"},\"query-input\":{\"@type\":\"PropertyValueSpecification\",\"valueRequired\":true,\"valueName\":\"search_term_string\"}}],\"inLanguage\":\"de\"},{\"@type\":\"Organization\",\"@id\":\"https:\\\/\\\/easyliferobo.com\\\/de\\\/#organization\",\"name\":\"EasyLifeBro\",\"url\":\"https:\\\/\\\/easyliferobo.com\\\/de\\\/\",\"logo\":{\"@type\":\"ImageObject\",\"inLanguage\":\"de\",\"@id\":\"https:\\\/\\\/easyliferobo.com\\\/de\\\/#\\\/schema\\\/logo\\\/image\\\/\",\"url\":\"https:\\\/\\\/easyliferobo.com\\\/de\\\/wp-content\\\/uploads\\\/2026\\\/02\\\/Screenshot-2026-02-22-at-2.25.03-PM.png\",\"contentUrl\":\"https:\\\/\\\/easyliferobo.com\\\/de\\\/wp-content\\\/uploads\\\/2026\\\/02\\\/Screenshot-2026-02-22-at-2.25.03-PM.png\",\"width\":1858,\"height\":430,\"caption\":\"EasyLifeBro\"},\"image\":{\"@id\":\"https:\\\/\\\/easyliferobo.com\\\/de\\\/#\\\/schema\\\/logo\\\/image\\\/\"}}]}<\/script>\n<!-- \/ Yoast SEO plugin. -->","yoast_head_json":{"title":"KI-Roboter, intelligenter sprechender Roboterbegleiter, Sprachwecken, Deepseek KI-Roboterspielzeug mit Bluetooth 5.0 WiFi-Wetteruhr, Video- und Musikwiedergabe f\u00fcr \u00e4ltere Erwachsene und Kinder - EasyLifeBro","description":"Entdecken Sie smarte Roboter f\u00fcr Zuhause, Garten, Bildung und Sicherheit. Vergleichen Sie Saugroboter, Rasenm\u00e4hroboter, KI-Begleitroboter und mehr bei EasyLifeRobo.","robots":{"index":"index","follow":"follow","max-snippet":"max-snippet:-1","max-image-preview":"max-image-preview:large","max-video-preview":"max-video-preview:-1"},"canonical":"https:\/\/easyliferobo.com\/de\/product\/ki-roboter-intelligenter-sprechender-roboterbegleiter-sprachwecken-deepseek-ki-roboterspielzeug-mit-bluetooth-5-0-wifi-wetteruhr-video-und-musikwiedergabe-fuer-aeltere-erwachsene-und-kinder\/","og_locale":"de_DE","og_type":"article","og_title":"KI-Roboter, intelligenter sprechender Roboterbegleiter, Sprachwecken, Deepseek KI-Roboterspielzeug mit Bluetooth 5.0 WiFi-Wetteruhr, Video- und Musikwiedergabe f\u00fcr \u00e4ltere Erwachsene und Kinder - EasyLifeBro","og_description":"Entdecken Sie smarte Roboter f\u00fcr Zuhause, Garten, Bildung und Sicherheit. Vergleichen Sie Saugroboter, Rasenm\u00e4hroboter, KI-Begleitroboter und mehr bei EasyLifeRobo.","og_url":"https:\/\/easyliferobo.com\/de\/product\/ki-roboter-intelligenter-sprechender-roboterbegleiter-sprachwecken-deepseek-ki-roboterspielzeug-mit-bluetooth-5-0-wifi-wetteruhr-video-und-musikwiedergabe-fuer-aeltere-erwachsene-und-kinder\/","og_site_name":"EasyLifeBro","article_modified_time":"2026-02-27T13:17:42+00:00","twitter_card":"summary_large_image","twitter_misc":{"Gesch\u00e4tzte Lesezeit":"1\u00a0Minute"},"schema":{"@context":"https:\/\/schema.org","@graph":[{"@type":"WebPage","@id":"https:\/\/easyliferobo.com\/de\/product\/ki-roboter-intelligenter-sprechender-roboterbegleiter-sprachwecken-deepseek-ki-roboterspielzeug-mit-bluetooth-5-0-wifi-wetteruhr-video-und-musikwiedergabe-fuer-aeltere-erwachsene-und-kinder\/","url":"https:\/\/easyliferobo.com\/de\/product\/ki-roboter-intelligenter-sprechender-roboterbegleiter-sprachwecken-deepseek-ki-roboterspielzeug-mit-bluetooth-5-0-wifi-wetteruhr-video-und-musikwiedergabe-fuer-aeltere-erwachsene-und-kinder\/","name":"KI-Roboter, intelligenter sprechender Roboterbegleiter, Sprachwecken, Deepseek KI-Roboterspielzeug mit Bluetooth 5.0 WiFi-Wetteruhr, Video- und Musikwiedergabe f\u00fcr \u00e4ltere Erwachsene und Kinder - EasyLifeBro","isPartOf":{"@id":"https:\/\/easyliferobo.com\/de\/#website"},"primaryImageOfPage":{"@id":"https:\/\/easyliferobo.com\/de\/product\/ki-roboter-intelligenter-sprechender-roboterbegleiter-sprachwecken-deepseek-ki-roboterspielzeug-mit-bluetooth-5-0-wifi-wetteruhr-video-und-musikwiedergabe-fuer-aeltere-erwachsene-und-kinder\/#primaryimage"},"image":{"@id":"https:\/\/easyliferobo.com\/de\/product\/ki-roboter-intelligenter-sprechender-roboterbegleiter-sprachwecken-deepseek-ki-roboterspielzeug-mit-bluetooth-5-0-wifi-wetteruhr-video-und-musikwiedergabe-fuer-aeltere-erwachsene-und-kinder\/#primaryimage"},"thumbnailUrl":"https:\/\/easyliferobo.com\/de\/wp-content\/uploads\/2026\/02\/51Cg3DCRXuL._AC_SL1500_.jpg","datePublished":"2026-02-27T13:17:26+00:00","dateModified":"2026-02-27T13:17:42+00:00","description":"Entdecken Sie smarte Roboter f\u00fcr Zuhause, Garten, Bildung und Sicherheit. Vergleichen Sie Saugroboter, Rasenm\u00e4hroboter, KI-Begleitroboter und mehr bei EasyLifeRobo.","breadcrumb":{"@id":"https:\/\/easyliferobo.com\/de\/product\/ki-roboter-intelligenter-sprechender-roboterbegleiter-sprachwecken-deepseek-ki-roboterspielzeug-mit-bluetooth-5-0-wifi-wetteruhr-video-und-musikwiedergabe-fuer-aeltere-erwachsene-und-kinder\/#breadcrumb"},"inLanguage":"de","potentialAction":[{"@type":"ReadAction","target":["https:\/\/easyliferobo.com\/de\/product\/ki-roboter-intelligenter-sprechender-roboterbegleiter-sprachwecken-deepseek-ki-roboterspielzeug-mit-bluetooth-5-0-wifi-wetteruhr-video-und-musikwiedergabe-fuer-aeltere-erwachsene-und-kinder\/"]}]},{"@type":"ImageObject","inLanguage":"de","@id":"https:\/\/easyliferobo.com\/de\/product\/ki-roboter-intelligenter-sprechender-roboterbegleiter-sprachwecken-deepseek-ki-roboterspielzeug-mit-bluetooth-5-0-wifi-wetteruhr-video-und-musikwiedergabe-fuer-aeltere-erwachsene-und-kinder\/#primaryimage","url":"https:\/\/easyliferobo.com\/de\/wp-content\/uploads\/2026\/02\/51Cg3DCRXuL._AC_SL1500_.jpg","contentUrl":"https:\/\/easyliferobo.com\/de\/wp-content\/uploads\/2026\/02\/51Cg3DCRXuL._AC_SL1500_.jpg","width":1462,"height":1396},{"@type":"BreadcrumbList","@id":"https:\/\/easyliferobo.com\/de\/product\/ki-roboter-intelligenter-sprechender-roboterbegleiter-sprachwecken-deepseek-ki-roboterspielzeug-mit-bluetooth-5-0-wifi-wetteruhr-video-und-musikwiedergabe-fuer-aeltere-erwachsene-und-kinder\/#breadcrumb","itemListElement":[{"@type":"ListItem","position":1,"name":"Home","item":"https:\/\/easyliferobo.com\/de\/"},{"@type":"ListItem","position":2,"name":"Shop","item":"https:\/\/easyliferobo.com\/de\/shop\/"},{"@type":"ListItem","position":3,"name":"KI-Roboter, intelligenter sprechend..."}]},{"@type":"WebSite","@id":"https:\/\/easyliferobo.com\/de\/#website","url":"https:\/\/easyliferobo.com\/de\/","name":"EasyLifeBro","description":"Smarte Roboter f\u00fcr Zuhause, Garten &amp; Bildung","publisher":{"@id":"https:\/\/easyliferobo.com\/de\/#organization"},"potentialAction":[{"@type":"SearchAction","target":{"@type":"EntryPoint","urlTemplate":"https:\/\/easyliferobo.com\/de\/?s={search_term_string}"},"query-input":{"@type":"PropertyValueSpecification","valueRequired":true,"valueName":"search_term_string"}}],"inLanguage":"de"},{"@type":"Organization","@id":"https:\/\/easyliferobo.com\/de\/#organization","name":"EasyLifeBro","url":"https:\/\/easyliferobo.com\/de\/","logo":{"@type":"ImageObject","inLanguage":"de","@id":"https:\/\/easyliferobo.com\/de\/#\/schema\/logo\/image\/","url":"https:\/\/easyliferobo.com\/de\/wp-content\/uploads\/2026\/02\/Screenshot-2026-02-22-at-2.25.03-PM.png","contentUrl":"https:\/\/easyliferobo.com\/de\/wp-content\/uploads\/2026\/02\/Screenshot-2026-02-22-at-2.25.03-PM.png","width":1858,"height":430,"caption":"EasyLifeBro"},"image":{"@id":"https:\/\/easyliferobo.com\/de\/#\/schema\/logo\/image\/"}}]}},"_links":{"self":[{"href":"https:\/\/easyliferobo.com\/de\/wp-json\/wp\/v2\/product\/4522","targetHints":{"allow":["GET"]}}],"collection":[{"href":"https:\/\/easyliferobo.com\/de\/wp-json\/wp\/v2\/product"}],"about":[{"href":"https:\/\/easyliferobo.com\/de\/wp-json\/wp\/v2\/types\/product"}],"replies":[{"embeddable":true,"href":"https:\/\/easyliferobo.com\/de\/wp-json\/wp\/v2\/comments?post=4522"}],"wp:featuredmedia":[{"embeddable":true,"href":"https:\/\/easyliferobo.com\/de\/wp-json\/wp\/v2\/media\/4523"}],"wp:attachment":[{"href":"https:\/\/easyliferobo.com\/de\/wp-json\/wp\/v2\/media?parent=4522"}],"wp:term":[{"taxonomy":"store","embeddable":true,"href":"https:\/\/easyliferobo.com\/de\/wp-json\/wp\/v2\/store?post=4522"},{"taxonomy":"product_brand","embeddable":true,"href":"https:\/\/easyliferobo.com\/de\/wp-json\/wp\/v2\/product_brand?post=4522"},{"taxonomy":"product_cat","embeddable":true,"href":"https:\/\/easyliferobo.com\/de\/wp-json\/wp\/v2\/product_cat?post=4522"},{"taxonomy":"product_tag","embeddable":true,"href":"https:\/\/easyliferobo.com\/de\/wp-json\/wp\/v2\/product_tag?post=4522"}],"curies":[{"name":"wp","href":"https:\/\/api.w.org\/{rel}","templated":true}]}}