
{"id":4520,"date":"2026-02-27T13:15:49","date_gmt":"2026-02-27T13:15:49","guid":{"rendered":"https:\/\/easyliferobo.com\/de\/product\/handbuch-industrieroboter-bauweise-%c2%b7-programmierung-anwendung-%c2%b7-wirtschaftlichkeit\/"},"modified":"2026-02-27T13:15:51","modified_gmt":"2026-02-27T13:15:51","slug":"handbuch-industrieroboter-bauweise-%c2%b7-programmierung-anwendung-%c2%b7-wirtschaftlichkeit","status":"publish","type":"product","link":"https:\/\/easyliferobo.com\/de\/product\/handbuch-industrieroboter-bauweise-%c2%b7-programmierung-anwendung-%c2%b7-wirtschaftlichkeit\/","title":{"rendered":"Handbuch Industrieroboter: Bauweise..."},"content":{"rendered":"<p>  DMISTCK x MENSCHLICHE ARBEITSKRAFT V&#8216; ~ INDUSTRIE -ROBOTER ARBEITSZEIT 3790 H\/JAHR 18 16 14 V&#8216; x 12 ~ x V&#8216; 10 ~ &#8222;i( Zinssatz xxxx V&#8216; x- 5% V&#8216; 8 ~ V&#8216; ~ V&#8216; ~ Yen \/12% ~ 6 -5% 70 80 100 110 10 20 30 40 50 60 90 =1000 STCK\/JAHR Bild 7. 20 Plotterausdruck: Stiickkosten\/Stiickzahl in Abhiingigkeit des Zinssatzes Genau wie bei der Fallstudie 1 enthalten diese Ergebnisse immer noch eine betrachtliche Sicherheit, wenn man bedenkt, daB der Zinssatz und die Lohnkosten in vollen DM sowie die Investition in vollen TDM zugrunde gelegt wurden Werte erheblich belastender, vornehmlich weil zum PunktschweiBen ein statisches und dynamisch absolut steifes Ger\u00e4t gew\u00e4hlt wurde, was sich natiirlich an den Investitionskosten sofort bemerkbar macht. Benotigt, in nicht entsorgter Atmosph\u00e4re kann und vieles andere mehr, dann ist heute bereits im Gro\u00dfserienbereich eine hohe Wirtschaftlichkeit gegeben.    <br \/>Herausgeber \u200f : \u200e Vieweg+Teubner Verlag       <br \/> Erscheinungsdatum \u200f : \u200e 1. Januar 1986       <br \/> Auflage \u200f : \u200e 2. Aufl. 1986 Softcover-Nachdruck der urspr\u00fcnglichen 2. Auflage. 1986       <br \/> Sprache \u200f : \u200e Deutsch   <br \/> Druckl\u00e4nge \u200f : \u200e 484 Seiten       <br \/> ISBN-10 \u200f : \u200e 3528184817       <br \/> ISBN-13 \u200f : \u200e 978-3528184810       <br \/> Abmessungen \u200f : \u200e 16,99 x 2,77 x 24,41 cm       <br \/>       Bestseller-Rang: 2.856.673 in B\u00fcchern (siehe Top 100 in B\u00fcchern), 886 in Steuerungstechnik (B\u00fccher), 1.119 in Elektronik und Kommunikation, Robotik, 3.444 in Elektroniktechnik      <br \/>[ad_2]<\/p>\n","protected":false},"excerpt":{"rendered":"<p>DMISTCK x MENSCHLICHE ARBEITSKRAFT V&#8216; ~ INDUSTRIE -ROBOTER ARBEITSZEIT 3790 H\/JAHR 18 16 14 V&#8216; x 12 ~ x V&#8216; 10 ~ &#8222;i( Zinssatz xxxx V&#8216; x- 5% V&#8216; 8 ~ V&#8216; ~ V&#8216; ~ Yen \/12% ~ 6 -5% 70 80 100 110 10 20 30 40 50 60 90 =1000 STCK\/JAHR Bild 7. [&hellip;]<\/p>\n","protected":false},"featured_media":4521,"comment_status":"open","ping_status":"closed","template":"","meta":{"_aipt_faq_data":""},"store":[],"product_brand":[],"product_cat":[98],"product_tag":[274],"class_list":{"0":"post-4520","1":"product","2":"type-product","3":"status-publish","4":"has-post-thumbnail","6":"product_cat-industrieroboter","7":"product_tag-industrieroboter-steuerungssysteme","9":"first","10":"instock","11":"shipping-taxable","12":"product-type-external"},"yoast_head":"<!-- This site is optimized with the Yoast SEO plugin v27.4 - https:\/\/yoast.com\/product\/yoast-seo-wordpress\/ -->\n<title>Handbuch Industrieroboter: Bauweise \u00b7 Programmierung Anwendung \u00b7 Wirtschaftlichkeit - EasyLifeBro<\/title>\n<meta name=\"description\" content=\"Entdecken Sie smarte Roboter f\u00fcr Zuhause, Garten, Bildung und Sicherheit. Vergleichen Sie Saugroboter, Rasenm\u00e4hroboter, KI-Begleitroboter und mehr bei EasyLifeRobo.\" \/>\n<meta name=\"robots\" content=\"index, follow, max-snippet:-1, max-image-preview:large, max-video-preview:-1\" \/>\n<link rel=\"canonical\" href=\"https:\/\/easyliferobo.com\/de\/product\/handbuch-industrieroboter-bauweise-\u00b7-programmierung-anwendung-\u00b7-wirtschaftlichkeit\/\" \/>\n<meta property=\"og:locale\" content=\"de_DE\" \/>\n<meta property=\"og:type\" content=\"article\" \/>\n<meta property=\"og:title\" content=\"Handbuch Industrieroboter: Bauweise \u00b7 Programmierung Anwendung \u00b7 Wirtschaftlichkeit - EasyLifeBro\" \/>\n<meta property=\"og:description\" content=\"Entdecken Sie smarte Roboter f\u00fcr Zuhause, Garten, Bildung und Sicherheit. Vergleichen Sie Saugroboter, Rasenm\u00e4hroboter, KI-Begleitroboter und mehr bei EasyLifeRobo.\" \/>\n<meta property=\"og:url\" content=\"https:\/\/easyliferobo.com\/de\/product\/handbuch-industrieroboter-bauweise-\u00b7-programmierung-anwendung-\u00b7-wirtschaftlichkeit\/\" \/>\n<meta property=\"og:site_name\" content=\"EasyLifeBro\" \/>\n<meta property=\"article:modified_time\" content=\"2026-02-27T13:15:51+00:00\" \/>\n<meta name=\"twitter:card\" content=\"summary_large_image\" \/>\n<meta name=\"twitter:label1\" content=\"Gesch\u00e4tzte Lesezeit\" \/>\n\t<meta name=\"twitter:data1\" content=\"1\u00a0Minute\" \/>\n<script type=\"application\/ld+json\" class=\"yoast-schema-graph\">{\"@context\":\"https:\\\/\\\/schema.org\",\"@graph\":[{\"@type\":\"WebPage\",\"@id\":\"https:\\\/\\\/easyliferobo.com\\\/de\\\/product\\\/handbuch-industrieroboter-bauweise-%c2%b7-programmierung-anwendung-%c2%b7-wirtschaftlichkeit\\\/\",\"url\":\"https:\\\/\\\/easyliferobo.com\\\/de\\\/product\\\/handbuch-industrieroboter-bauweise-%c2%b7-programmierung-anwendung-%c2%b7-wirtschaftlichkeit\\\/\",\"name\":\"Handbuch Industrieroboter: Bauweise \u00b7 Programmierung Anwendung \u00b7 Wirtschaftlichkeit - EasyLifeBro\",\"isPartOf\":{\"@id\":\"https:\\\/\\\/easyliferobo.com\\\/de\\\/#website\"},\"primaryImageOfPage\":{\"@id\":\"https:\\\/\\\/easyliferobo.com\\\/de\\\/product\\\/handbuch-industrieroboter-bauweise-%c2%b7-programmierung-anwendung-%c2%b7-wirtschaftlichkeit\\\/#primaryimage\"},\"image\":{\"@id\":\"https:\\\/\\\/easyliferobo.com\\\/de\\\/product\\\/handbuch-industrieroboter-bauweise-%c2%b7-programmierung-anwendung-%c2%b7-wirtschaftlichkeit\\\/#primaryimage\"},\"thumbnailUrl\":\"https:\\\/\\\/easyliferobo.com\\\/de\\\/wp-content\\\/uploads\\\/2026\\\/02\\\/6167tplKFWL._SL1181_.jpg\",\"datePublished\":\"2026-02-27T13:15:49+00:00\",\"dateModified\":\"2026-02-27T13:15:51+00:00\",\"description\":\"Entdecken Sie smarte Roboter f\u00fcr Zuhause, Garten, Bildung und Sicherheit. Vergleichen Sie Saugroboter, Rasenm\u00e4hroboter, KI-Begleitroboter und mehr bei EasyLifeRobo.\",\"breadcrumb\":{\"@id\":\"https:\\\/\\\/easyliferobo.com\\\/de\\\/product\\\/handbuch-industrieroboter-bauweise-%c2%b7-programmierung-anwendung-%c2%b7-wirtschaftlichkeit\\\/#breadcrumb\"},\"inLanguage\":\"de\",\"potentialAction\":[{\"@type\":\"ReadAction\",\"target\":[\"https:\\\/\\\/easyliferobo.com\\\/de\\\/product\\\/handbuch-industrieroboter-bauweise-%c2%b7-programmierung-anwendung-%c2%b7-wirtschaftlichkeit\\\/\"]}]},{\"@type\":\"ImageObject\",\"inLanguage\":\"de\",\"@id\":\"https:\\\/\\\/easyliferobo.com\\\/de\\\/product\\\/handbuch-industrieroboter-bauweise-%c2%b7-programmierung-anwendung-%c2%b7-wirtschaftlichkeit\\\/#primaryimage\",\"url\":\"https:\\\/\\\/easyliferobo.com\\\/de\\\/wp-content\\\/uploads\\\/2026\\\/02\\\/6167tplKFWL._SL1181_.jpg\",\"contentUrl\":\"https:\\\/\\\/easyliferobo.com\\\/de\\\/wp-content\\\/uploads\\\/2026\\\/02\\\/6167tplKFWL._SL1181_.jpg\",\"width\":827,\"height\":1181},{\"@type\":\"BreadcrumbList\",\"@id\":\"https:\\\/\\\/easyliferobo.com\\\/de\\\/product\\\/handbuch-industrieroboter-bauweise-%c2%b7-programmierung-anwendung-%c2%b7-wirtschaftlichkeit\\\/#breadcrumb\",\"itemListElement\":[{\"@type\":\"ListItem\",\"position\":1,\"name\":\"Home\",\"item\":\"https:\\\/\\\/easyliferobo.com\\\/de\\\/\"},{\"@type\":\"ListItem\",\"position\":2,\"name\":\"Shop\",\"item\":\"https:\\\/\\\/easyliferobo.com\\\/de\\\/shop\\\/\"},{\"@type\":\"ListItem\",\"position\":3,\"name\":\"Handbuch Industrieroboter: Bauweise...\"}]},{\"@type\":\"WebSite\",\"@id\":\"https:\\\/\\\/easyliferobo.com\\\/de\\\/#website\",\"url\":\"https:\\\/\\\/easyliferobo.com\\\/de\\\/\",\"name\":\"EasyLifeBro\",\"description\":\"Smarte Roboter f\u00fcr Zuhause, Garten &amp; Bildung\",\"publisher\":{\"@id\":\"https:\\\/\\\/easyliferobo.com\\\/de\\\/#organization\"},\"potentialAction\":[{\"@type\":\"SearchAction\",\"target\":{\"@type\":\"EntryPoint\",\"urlTemplate\":\"https:\\\/\\\/easyliferobo.com\\\/de\\\/?s={search_term_string}\"},\"query-input\":{\"@type\":\"PropertyValueSpecification\",\"valueRequired\":true,\"valueName\":\"search_term_string\"}}],\"inLanguage\":\"de\"},{\"@type\":\"Organization\",\"@id\":\"https:\\\/\\\/easyliferobo.com\\\/de\\\/#organization\",\"name\":\"EasyLifeBro\",\"url\":\"https:\\\/\\\/easyliferobo.com\\\/de\\\/\",\"logo\":{\"@type\":\"ImageObject\",\"inLanguage\":\"de\",\"@id\":\"https:\\\/\\\/easyliferobo.com\\\/de\\\/#\\\/schema\\\/logo\\\/image\\\/\",\"url\":\"https:\\\/\\\/easyliferobo.com\\\/de\\\/wp-content\\\/uploads\\\/2026\\\/02\\\/Screenshot-2026-02-22-at-2.25.03-PM.png\",\"contentUrl\":\"https:\\\/\\\/easyliferobo.com\\\/de\\\/wp-content\\\/uploads\\\/2026\\\/02\\\/Screenshot-2026-02-22-at-2.25.03-PM.png\",\"width\":1858,\"height\":430,\"caption\":\"EasyLifeBro\"},\"image\":{\"@id\":\"https:\\\/\\\/easyliferobo.com\\\/de\\\/#\\\/schema\\\/logo\\\/image\\\/\"}}]}<\/script>\n<!-- \/ Yoast SEO plugin. -->","yoast_head_json":{"title":"Handbuch Industrieroboter: Bauweise \u00b7 Programmierung Anwendung \u00b7 Wirtschaftlichkeit - EasyLifeBro","description":"Entdecken Sie smarte Roboter f\u00fcr Zuhause, Garten, Bildung und Sicherheit. Vergleichen Sie Saugroboter, Rasenm\u00e4hroboter, KI-Begleitroboter und mehr bei EasyLifeRobo.","robots":{"index":"index","follow":"follow","max-snippet":"max-snippet:-1","max-image-preview":"max-image-preview:large","max-video-preview":"max-video-preview:-1"},"canonical":"https:\/\/easyliferobo.com\/de\/product\/handbuch-industrieroboter-bauweise-\u00b7-programmierung-anwendung-\u00b7-wirtschaftlichkeit\/","og_locale":"de_DE","og_type":"article","og_title":"Handbuch Industrieroboter: Bauweise \u00b7 Programmierung Anwendung \u00b7 Wirtschaftlichkeit - EasyLifeBro","og_description":"Entdecken Sie smarte Roboter f\u00fcr Zuhause, Garten, Bildung und Sicherheit. Vergleichen Sie Saugroboter, Rasenm\u00e4hroboter, KI-Begleitroboter und mehr bei EasyLifeRobo.","og_url":"https:\/\/easyliferobo.com\/de\/product\/handbuch-industrieroboter-bauweise-\u00b7-programmierung-anwendung-\u00b7-wirtschaftlichkeit\/","og_site_name":"EasyLifeBro","article_modified_time":"2026-02-27T13:15:51+00:00","twitter_card":"summary_large_image","twitter_misc":{"Gesch\u00e4tzte Lesezeit":"1\u00a0Minute"},"schema":{"@context":"https:\/\/schema.org","@graph":[{"@type":"WebPage","@id":"https:\/\/easyliferobo.com\/de\/product\/handbuch-industrieroboter-bauweise-%c2%b7-programmierung-anwendung-%c2%b7-wirtschaftlichkeit\/","url":"https:\/\/easyliferobo.com\/de\/product\/handbuch-industrieroboter-bauweise-%c2%b7-programmierung-anwendung-%c2%b7-wirtschaftlichkeit\/","name":"Handbuch Industrieroboter: Bauweise \u00b7 Programmierung Anwendung \u00b7 Wirtschaftlichkeit - EasyLifeBro","isPartOf":{"@id":"https:\/\/easyliferobo.com\/de\/#website"},"primaryImageOfPage":{"@id":"https:\/\/easyliferobo.com\/de\/product\/handbuch-industrieroboter-bauweise-%c2%b7-programmierung-anwendung-%c2%b7-wirtschaftlichkeit\/#primaryimage"},"image":{"@id":"https:\/\/easyliferobo.com\/de\/product\/handbuch-industrieroboter-bauweise-%c2%b7-programmierung-anwendung-%c2%b7-wirtschaftlichkeit\/#primaryimage"},"thumbnailUrl":"https:\/\/easyliferobo.com\/de\/wp-content\/uploads\/2026\/02\/6167tplKFWL._SL1181_.jpg","datePublished":"2026-02-27T13:15:49+00:00","dateModified":"2026-02-27T13:15:51+00:00","description":"Entdecken Sie smarte Roboter f\u00fcr Zuhause, Garten, Bildung und Sicherheit. Vergleichen Sie Saugroboter, Rasenm\u00e4hroboter, KI-Begleitroboter und mehr bei EasyLifeRobo.","breadcrumb":{"@id":"https:\/\/easyliferobo.com\/de\/product\/handbuch-industrieroboter-bauweise-%c2%b7-programmierung-anwendung-%c2%b7-wirtschaftlichkeit\/#breadcrumb"},"inLanguage":"de","potentialAction":[{"@type":"ReadAction","target":["https:\/\/easyliferobo.com\/de\/product\/handbuch-industrieroboter-bauweise-%c2%b7-programmierung-anwendung-%c2%b7-wirtschaftlichkeit\/"]}]},{"@type":"ImageObject","inLanguage":"de","@id":"https:\/\/easyliferobo.com\/de\/product\/handbuch-industrieroboter-bauweise-%c2%b7-programmierung-anwendung-%c2%b7-wirtschaftlichkeit\/#primaryimage","url":"https:\/\/easyliferobo.com\/de\/wp-content\/uploads\/2026\/02\/6167tplKFWL._SL1181_.jpg","contentUrl":"https:\/\/easyliferobo.com\/de\/wp-content\/uploads\/2026\/02\/6167tplKFWL._SL1181_.jpg","width":827,"height":1181},{"@type":"BreadcrumbList","@id":"https:\/\/easyliferobo.com\/de\/product\/handbuch-industrieroboter-bauweise-%c2%b7-programmierung-anwendung-%c2%b7-wirtschaftlichkeit\/#breadcrumb","itemListElement":[{"@type":"ListItem","position":1,"name":"Home","item":"https:\/\/easyliferobo.com\/de\/"},{"@type":"ListItem","position":2,"name":"Shop","item":"https:\/\/easyliferobo.com\/de\/shop\/"},{"@type":"ListItem","position":3,"name":"Handbuch Industrieroboter: Bauweise..."}]},{"@type":"WebSite","@id":"https:\/\/easyliferobo.com\/de\/#website","url":"https:\/\/easyliferobo.com\/de\/","name":"EasyLifeBro","description":"Smarte Roboter f\u00fcr Zuhause, Garten &amp; Bildung","publisher":{"@id":"https:\/\/easyliferobo.com\/de\/#organization"},"potentialAction":[{"@type":"SearchAction","target":{"@type":"EntryPoint","urlTemplate":"https:\/\/easyliferobo.com\/de\/?s={search_term_string}"},"query-input":{"@type":"PropertyValueSpecification","valueRequired":true,"valueName":"search_term_string"}}],"inLanguage":"de"},{"@type":"Organization","@id":"https:\/\/easyliferobo.com\/de\/#organization","name":"EasyLifeBro","url":"https:\/\/easyliferobo.com\/de\/","logo":{"@type":"ImageObject","inLanguage":"de","@id":"https:\/\/easyliferobo.com\/de\/#\/schema\/logo\/image\/","url":"https:\/\/easyliferobo.com\/de\/wp-content\/uploads\/2026\/02\/Screenshot-2026-02-22-at-2.25.03-PM.png","contentUrl":"https:\/\/easyliferobo.com\/de\/wp-content\/uploads\/2026\/02\/Screenshot-2026-02-22-at-2.25.03-PM.png","width":1858,"height":430,"caption":"EasyLifeBro"},"image":{"@id":"https:\/\/easyliferobo.com\/de\/#\/schema\/logo\/image\/"}}]}},"_links":{"self":[{"href":"https:\/\/easyliferobo.com\/de\/wp-json\/wp\/v2\/product\/4520","targetHints":{"allow":["GET"]}}],"collection":[{"href":"https:\/\/easyliferobo.com\/de\/wp-json\/wp\/v2\/product"}],"about":[{"href":"https:\/\/easyliferobo.com\/de\/wp-json\/wp\/v2\/types\/product"}],"replies":[{"embeddable":true,"href":"https:\/\/easyliferobo.com\/de\/wp-json\/wp\/v2\/comments?post=4520"}],"wp:featuredmedia":[{"embeddable":true,"href":"https:\/\/easyliferobo.com\/de\/wp-json\/wp\/v2\/media\/4521"}],"wp:attachment":[{"href":"https:\/\/easyliferobo.com\/de\/wp-json\/wp\/v2\/media?parent=4520"}],"wp:term":[{"taxonomy":"store","embeddable":true,"href":"https:\/\/easyliferobo.com\/de\/wp-json\/wp\/v2\/store?post=4520"},{"taxonomy":"product_brand","embeddable":true,"href":"https:\/\/easyliferobo.com\/de\/wp-json\/wp\/v2\/product_brand?post=4520"},{"taxonomy":"product_cat","embeddable":true,"href":"https:\/\/easyliferobo.com\/de\/wp-json\/wp\/v2\/product_cat?post=4520"},{"taxonomy":"product_tag","embeddable":true,"href":"https:\/\/easyliferobo.com\/de\/wp-json\/wp\/v2\/product_tag?post=4520"}],"curies":[{"name":"wp","href":"https:\/\/api.w.org\/{rel}","templated":true}]}}