
{"id":4513,"date":"2026-02-27T13:14:04","date_gmt":"2026-02-27T13:14:04","guid":{"rendered":"https:\/\/easyliferobo.com\/de\/product\/pemenol-diy-spielekonsolen-loetset-retro-4-klassische-spiele-handheld-spielekonsole-elektronisches-loetset-loet-lernset-fuer-erwachsene-herren\/"},"modified":"2026-02-27T13:14:18","modified_gmt":"2026-02-27T13:14:18","slug":"pemenol-diy-spielekonsolen-loetset-retro-4-klassische-spiele-handheld-spielekonsole-elektronisches-loetset-loet-lernset-fuer-erwachsene-herren","status":"publish","type":"product","link":"https:\/\/easyliferobo.com\/de\/product\/pemenol-diy-spielekonsolen-loetset-retro-4-klassische-spiele-handheld-spielekonsole-elektronisches-loetset-loet-lernset-fuer-erwachsene-herren\/","title":{"rendered":"PEMENOL DIY-Spielekonsolen-L\u00f6tset,..."},"content":{"rendered":"<p>\n                                             Von der Marke   <\/p>\n<p>                                              <img decoding=\"async\" alt=\"\" src=\"https:\/\/images-na.ssl-images-amazon.com\/images\/G\/01\/x-locale\/common\/grey-pixel.gif\" class=\"a-lazy-loaded\" data-src=\"https:\/\/m.media-amazon.com\/images\/S\/aplus-media-library-service-media\/a6d91b5c-2234-4246-a16e-238de5bdf87c.__CR0,0,1464,625_PT0_SX1464_V1___.jpg\"><img decoding=\"async\" alt=\"\" src=\"https:\/\/m.media-amazon.com\/images\/S\/aplus-media-library-service-media\/a6d91b5c-2234-4246-a16e-238de5bdf87c.__CR0,0,1464,625_PT0_SX1464_V1___.jpg\">  <\/p>\n<h3>  PEMENOL <\/h3>\n<p>  Einzigartiges DIY-Set <\/p>\n<p>  Kreative Geschenke <\/p>\n<p>  Genau hier bei PEMENOL <\/p>\n<h3>  Interessante DIY-Empfehlungen <\/h3>\n<p class=\"apm-brand-story-stores-link\">\n<h3>  Interessante DIY-Empfehlungen <\/h3>\n<p class=\"apm-brand-story-stores-link\">\n<h3>  Interessante DIY-Empfehlungen <\/h3>\n<p class=\"apm-brand-story-stores-link\">\n<p>                                              <img decoding=\"async\" alt=\"\" src=\"https:\/\/images-na.ssl-images-amazon.com\/images\/G\/01\/x-locale\/common\/grey-pixel.gif\" class=\"a-lazy-loaded\" data-src=\"https:\/\/m.media-amazon.com\/images\/S\/aplus-media-library-service-media\/f9c1bdc5-d8d7-45b8-8b62-8345e952fb63.__CR0,0,315,145_PT0_SX315_V1___.jpg\"><img decoding=\"async\" alt=\"\" src=\"https:\/\/m.media-amazon.com\/images\/S\/aplus-media-library-service-media\/f9c1bdc5-d8d7-45b8-8b62-8345e952fb63.__CR0,0,315,145_PT0_SX315_V1___.jpg\">  <\/p>\n<h3>  DIY-L\u00f6ts\u00e4tze f\u00fcr die Elektronik <\/h3>\n<p>  Wie haben wir angefangen? <\/p>\n<p>  Wir wollten eine Br\u00fccke bauen, um mehr Menschen mit elektronischen Komponenten vertraut zu machen, mehr Elektronikbegeisterte zusammenzubringen und mehr Menschen die Freude am Heimwerken sp\u00fcren zu lassen. Deshalb haben wir PEMENOL gegr\u00fcndet. <\/p>\n<p>  Alle unsere Produkte werden mit professionellen Produkthandb\u00fcchern und einem Team von Ingenieuren geliefert, die Sie unterst\u00fctzen. <\/p>\n<p>Ein tolles STEM-Projekt: Dieses DIY-L\u00f6t-Spielekonsolen-Set zum Zusammenbauen Ihrer eigenen Handheld-Spielekonsole macht sehr viel Spa\u00df und eignet sich f\u00fcr Schwei\u00dfprojekte in der Schule, perfekt f\u00fcr Kinder, Studenten und Heimwerker-Schwei\u00dfbegeisterte, um ihre Schwei\u00dff\u00e4higkeiten zu \u00fcben und endlosen Spa\u00df mit der Spielekonsole zu haben.<br \/>Mehrere Spieltypen: Dieses Spielekonsolen-Set zum L\u00f6ten enth\u00e4lt vier verschiedene Arten klassischer Spiele, und die Lautst\u00e4rke kann je nach Spielbedarf angepasst werden.<br \/>Unendlicher DIY-Spa\u00df: Dies ist ein sehr einfach zu montierender L\u00f6tbausatz mit deutlich sichtbaren Mustern und Beschriftungen auf den L\u00f6tplatten, vollgepackt mit perfekter deutscher Anleitung und detaillierten Schritten zum Selbermachen.<br \/>Zwei Stromversorgungsmodi: Es unterst\u00fctzt zwei Stromversorgungsmodi, Batterie- und USB-Stromversorgung, und verf\u00fcgt \u00fcber eine lange Batterielebensdauer, sodass Sie den Spa\u00df lange erleben k\u00f6nnen.<br \/>Exquisites Geschenk: Lustige Spielekonsolen sind das hei\u00dfeste Spielzeug f\u00fcr Kinder und eine der besten Entscheidungen. Ideal f\u00fcr Weihnachts-, Halloween-, Oster- oder Geburtstagsgeschenke.<\/p>\n<p>[ad_2]<\/p>\n","protected":false},"excerpt":{"rendered":"<p>Von der Marke PEMENOL Einzigartiges DIY-Set Kreative Geschenke Genau hier bei PEMENOL Interessante DIY-Empfehlungen Interessante DIY-Empfehlungen Interessante DIY-Empfehlungen DIY-L\u00f6ts\u00e4tze f\u00fcr die Elektronik Wie haben wir angefangen? Wir wollten eine Br\u00fccke bauen, um mehr Menschen mit elektronischen Komponenten vertraut zu machen, mehr Elektronikbegeisterte zusammenzubringen und mehr Menschen die Freude am Heimwerken sp\u00fcren zu lassen. Deshalb haben [&hellip;]<\/p>\n","protected":false},"featured_media":4514,"comment_status":"open","ping_status":"closed","template":"","meta":{"_aipt_faq_data":""},"store":[],"product_brand":[222],"product_cat":[99],"product_tag":[224],"class_list":{"0":"post-4513","1":"product","2":"type-product","3":"status-publish","4":"has-post-thumbnail","6":"product_brand-pemenol","7":"product_cat-tisch-roboterarme","8":"product_tag-tisch-roboterarme-diy-bausatz","10":"first","11":"instock","12":"sale","13":"shipping-taxable","14":"product-type-external"},"yoast_head":"<!-- This site is optimized with the Yoast SEO plugin v27.4 - https:\/\/yoast.com\/product\/yoast-seo-wordpress\/ -->\n<title>PEMENOL DIY-Spielekonsolen-L\u00f6tset, Retro 4 klassische Spiele, Handheld-Spielekonsole, elektronisches L\u00f6tset, L\u00f6t-Lernset f\u00fcr Erwachsene, Herren - EasyLifeBro<\/title>\n<meta name=\"description\" content=\"Entdecken Sie smarte Roboter f\u00fcr Zuhause, Garten, Bildung und Sicherheit. Vergleichen Sie Saugroboter, Rasenm\u00e4hroboter, KI-Begleitroboter und mehr bei EasyLifeRobo.\" \/>\n<meta name=\"robots\" content=\"index, follow, max-snippet:-1, max-image-preview:large, max-video-preview:-1\" \/>\n<link rel=\"canonical\" href=\"https:\/\/easyliferobo.com\/de\/product\/pemenol-diy-spielekonsolen-loetset-retro-4-klassische-spiele-handheld-spielekonsole-elektronisches-loetset-loet-lernset-fuer-erwachsene-herren\/\" \/>\n<meta property=\"og:locale\" content=\"de_DE\" \/>\n<meta property=\"og:type\" content=\"article\" \/>\n<meta property=\"og:title\" content=\"PEMENOL DIY-Spielekonsolen-L\u00f6tset, Retro 4 klassische Spiele, Handheld-Spielekonsole, elektronisches L\u00f6tset, L\u00f6t-Lernset f\u00fcr Erwachsene, Herren - EasyLifeBro\" \/>\n<meta property=\"og:description\" content=\"Entdecken Sie smarte Roboter f\u00fcr Zuhause, Garten, Bildung und Sicherheit. Vergleichen Sie Saugroboter, Rasenm\u00e4hroboter, KI-Begleitroboter und mehr bei EasyLifeRobo.\" \/>\n<meta property=\"og:url\" content=\"https:\/\/easyliferobo.com\/de\/product\/pemenol-diy-spielekonsolen-loetset-retro-4-klassische-spiele-handheld-spielekonsole-elektronisches-loetset-loet-lernset-fuer-erwachsene-herren\/\" \/>\n<meta property=\"og:site_name\" content=\"EasyLifeBro\" \/>\n<meta property=\"article:modified_time\" content=\"2026-02-27T13:14:18+00:00\" \/>\n<meta property=\"og:image\" content=\"https:\/\/images-na.ssl-images-amazon.com\/images\/G\/01\/x-locale\/common\/grey-pixel.gif\" \/>\n<meta name=\"twitter:card\" content=\"summary_large_image\" \/>\n<meta name=\"twitter:label1\" content=\"Gesch\u00e4tzte Lesezeit\" \/>\n\t<meta name=\"twitter:data1\" content=\"1\u00a0Minute\" \/>\n<script type=\"application\/ld+json\" class=\"yoast-schema-graph\">{\"@context\":\"https:\\\/\\\/schema.org\",\"@graph\":[{\"@type\":\"WebPage\",\"@id\":\"https:\\\/\\\/easyliferobo.com\\\/de\\\/product\\\/pemenol-diy-spielekonsolen-loetset-retro-4-klassische-spiele-handheld-spielekonsole-elektronisches-loetset-loet-lernset-fuer-erwachsene-herren\\\/\",\"url\":\"https:\\\/\\\/easyliferobo.com\\\/de\\\/product\\\/pemenol-diy-spielekonsolen-loetset-retro-4-klassische-spiele-handheld-spielekonsole-elektronisches-loetset-loet-lernset-fuer-erwachsene-herren\\\/\",\"name\":\"PEMENOL DIY-Spielekonsolen-L\u00f6tset, Retro 4 klassische Spiele, Handheld-Spielekonsole, elektronisches L\u00f6tset, L\u00f6t-Lernset f\u00fcr Erwachsene, Herren - EasyLifeBro\",\"isPartOf\":{\"@id\":\"https:\\\/\\\/easyliferobo.com\\\/de\\\/#website\"},\"primaryImageOfPage\":{\"@id\":\"https:\\\/\\\/easyliferobo.com\\\/de\\\/product\\\/pemenol-diy-spielekonsolen-loetset-retro-4-klassische-spiele-handheld-spielekonsole-elektronisches-loetset-loet-lernset-fuer-erwachsene-herren\\\/#primaryimage\"},\"image\":{\"@id\":\"https:\\\/\\\/easyliferobo.com\\\/de\\\/product\\\/pemenol-diy-spielekonsolen-loetset-retro-4-klassische-spiele-handheld-spielekonsole-elektronisches-loetset-loet-lernset-fuer-erwachsene-herren\\\/#primaryimage\"},\"thumbnailUrl\":\"https:\\\/\\\/easyliferobo.com\\\/de\\\/wp-content\\\/uploads\\\/2026\\\/02\\\/71ez27ZkJDL._AC_SL1500_.jpg\",\"datePublished\":\"2026-02-27T13:14:04+00:00\",\"dateModified\":\"2026-02-27T13:14:18+00:00\",\"description\":\"Entdecken Sie smarte Roboter f\u00fcr Zuhause, Garten, Bildung und Sicherheit. Vergleichen Sie Saugroboter, Rasenm\u00e4hroboter, KI-Begleitroboter und mehr bei EasyLifeRobo.\",\"breadcrumb\":{\"@id\":\"https:\\\/\\\/easyliferobo.com\\\/de\\\/product\\\/pemenol-diy-spielekonsolen-loetset-retro-4-klassische-spiele-handheld-spielekonsole-elektronisches-loetset-loet-lernset-fuer-erwachsene-herren\\\/#breadcrumb\"},\"inLanguage\":\"de\",\"potentialAction\":[{\"@type\":\"ReadAction\",\"target\":[\"https:\\\/\\\/easyliferobo.com\\\/de\\\/product\\\/pemenol-diy-spielekonsolen-loetset-retro-4-klassische-spiele-handheld-spielekonsole-elektronisches-loetset-loet-lernset-fuer-erwachsene-herren\\\/\"]}]},{\"@type\":\"ImageObject\",\"inLanguage\":\"de\",\"@id\":\"https:\\\/\\\/easyliferobo.com\\\/de\\\/product\\\/pemenol-diy-spielekonsolen-loetset-retro-4-klassische-spiele-handheld-spielekonsole-elektronisches-loetset-loet-lernset-fuer-erwachsene-herren\\\/#primaryimage\",\"url\":\"https:\\\/\\\/easyliferobo.com\\\/de\\\/wp-content\\\/uploads\\\/2026\\\/02\\\/71ez27ZkJDL._AC_SL1500_.jpg\",\"contentUrl\":\"https:\\\/\\\/easyliferobo.com\\\/de\\\/wp-content\\\/uploads\\\/2026\\\/02\\\/71ez27ZkJDL._AC_SL1500_.jpg\",\"width\":990,\"height\":1461},{\"@type\":\"BreadcrumbList\",\"@id\":\"https:\\\/\\\/easyliferobo.com\\\/de\\\/product\\\/pemenol-diy-spielekonsolen-loetset-retro-4-klassische-spiele-handheld-spielekonsole-elektronisches-loetset-loet-lernset-fuer-erwachsene-herren\\\/#breadcrumb\",\"itemListElement\":[{\"@type\":\"ListItem\",\"position\":1,\"name\":\"Home\",\"item\":\"https:\\\/\\\/easyliferobo.com\\\/de\\\/\"},{\"@type\":\"ListItem\",\"position\":2,\"name\":\"Shop\",\"item\":\"https:\\\/\\\/easyliferobo.com\\\/de\\\/shop\\\/\"},{\"@type\":\"ListItem\",\"position\":3,\"name\":\"PEMENOL DIY-Spielekonsolen-L\u00f6tset,...\"}]},{\"@type\":\"WebSite\",\"@id\":\"https:\\\/\\\/easyliferobo.com\\\/de\\\/#website\",\"url\":\"https:\\\/\\\/easyliferobo.com\\\/de\\\/\",\"name\":\"EasyLifeBro\",\"description\":\"Smarte Roboter f\u00fcr Zuhause, Garten &amp; Bildung\",\"publisher\":{\"@id\":\"https:\\\/\\\/easyliferobo.com\\\/de\\\/#organization\"},\"potentialAction\":[{\"@type\":\"SearchAction\",\"target\":{\"@type\":\"EntryPoint\",\"urlTemplate\":\"https:\\\/\\\/easyliferobo.com\\\/de\\\/?s={search_term_string}\"},\"query-input\":{\"@type\":\"PropertyValueSpecification\",\"valueRequired\":true,\"valueName\":\"search_term_string\"}}],\"inLanguage\":\"de\"},{\"@type\":\"Organization\",\"@id\":\"https:\\\/\\\/easyliferobo.com\\\/de\\\/#organization\",\"name\":\"EasyLifeBro\",\"url\":\"https:\\\/\\\/easyliferobo.com\\\/de\\\/\",\"logo\":{\"@type\":\"ImageObject\",\"inLanguage\":\"de\",\"@id\":\"https:\\\/\\\/easyliferobo.com\\\/de\\\/#\\\/schema\\\/logo\\\/image\\\/\",\"url\":\"https:\\\/\\\/easyliferobo.com\\\/de\\\/wp-content\\\/uploads\\\/2026\\\/02\\\/Screenshot-2026-02-22-at-2.25.03-PM.png\",\"contentUrl\":\"https:\\\/\\\/easyliferobo.com\\\/de\\\/wp-content\\\/uploads\\\/2026\\\/02\\\/Screenshot-2026-02-22-at-2.25.03-PM.png\",\"width\":1858,\"height\":430,\"caption\":\"EasyLifeBro\"},\"image\":{\"@id\":\"https:\\\/\\\/easyliferobo.com\\\/de\\\/#\\\/schema\\\/logo\\\/image\\\/\"}}]}<\/script>\n<!-- \/ Yoast SEO plugin. -->","yoast_head_json":{"title":"PEMENOL DIY-Spielekonsolen-L\u00f6tset, Retro 4 klassische Spiele, Handheld-Spielekonsole, elektronisches L\u00f6tset, L\u00f6t-Lernset f\u00fcr Erwachsene, Herren - EasyLifeBro","description":"Entdecken Sie smarte Roboter f\u00fcr Zuhause, Garten, Bildung und Sicherheit. Vergleichen Sie Saugroboter, Rasenm\u00e4hroboter, KI-Begleitroboter und mehr bei EasyLifeRobo.","robots":{"index":"index","follow":"follow","max-snippet":"max-snippet:-1","max-image-preview":"max-image-preview:large","max-video-preview":"max-video-preview:-1"},"canonical":"https:\/\/easyliferobo.com\/de\/product\/pemenol-diy-spielekonsolen-loetset-retro-4-klassische-spiele-handheld-spielekonsole-elektronisches-loetset-loet-lernset-fuer-erwachsene-herren\/","og_locale":"de_DE","og_type":"article","og_title":"PEMENOL DIY-Spielekonsolen-L\u00f6tset, Retro 4 klassische Spiele, Handheld-Spielekonsole, elektronisches L\u00f6tset, L\u00f6t-Lernset f\u00fcr Erwachsene, Herren - EasyLifeBro","og_description":"Entdecken Sie smarte Roboter f\u00fcr Zuhause, Garten, Bildung und Sicherheit. Vergleichen Sie Saugroboter, Rasenm\u00e4hroboter, KI-Begleitroboter und mehr bei EasyLifeRobo.","og_url":"https:\/\/easyliferobo.com\/de\/product\/pemenol-diy-spielekonsolen-loetset-retro-4-klassische-spiele-handheld-spielekonsole-elektronisches-loetset-loet-lernset-fuer-erwachsene-herren\/","og_site_name":"EasyLifeBro","article_modified_time":"2026-02-27T13:14:18+00:00","og_image":[{"url":"https:\/\/images-na.ssl-images-amazon.com\/images\/G\/01\/x-locale\/common\/grey-pixel.gif","type":"","width":"","height":""}],"twitter_card":"summary_large_image","twitter_misc":{"Gesch\u00e4tzte Lesezeit":"1\u00a0Minute"},"schema":{"@context":"https:\/\/schema.org","@graph":[{"@type":"WebPage","@id":"https:\/\/easyliferobo.com\/de\/product\/pemenol-diy-spielekonsolen-loetset-retro-4-klassische-spiele-handheld-spielekonsole-elektronisches-loetset-loet-lernset-fuer-erwachsene-herren\/","url":"https:\/\/easyliferobo.com\/de\/product\/pemenol-diy-spielekonsolen-loetset-retro-4-klassische-spiele-handheld-spielekonsole-elektronisches-loetset-loet-lernset-fuer-erwachsene-herren\/","name":"PEMENOL DIY-Spielekonsolen-L\u00f6tset, Retro 4 klassische Spiele, Handheld-Spielekonsole, elektronisches L\u00f6tset, L\u00f6t-Lernset f\u00fcr Erwachsene, Herren - EasyLifeBro","isPartOf":{"@id":"https:\/\/easyliferobo.com\/de\/#website"},"primaryImageOfPage":{"@id":"https:\/\/easyliferobo.com\/de\/product\/pemenol-diy-spielekonsolen-loetset-retro-4-klassische-spiele-handheld-spielekonsole-elektronisches-loetset-loet-lernset-fuer-erwachsene-herren\/#primaryimage"},"image":{"@id":"https:\/\/easyliferobo.com\/de\/product\/pemenol-diy-spielekonsolen-loetset-retro-4-klassische-spiele-handheld-spielekonsole-elektronisches-loetset-loet-lernset-fuer-erwachsene-herren\/#primaryimage"},"thumbnailUrl":"https:\/\/easyliferobo.com\/de\/wp-content\/uploads\/2026\/02\/71ez27ZkJDL._AC_SL1500_.jpg","datePublished":"2026-02-27T13:14:04+00:00","dateModified":"2026-02-27T13:14:18+00:00","description":"Entdecken Sie smarte Roboter f\u00fcr Zuhause, Garten, Bildung und Sicherheit. Vergleichen Sie Saugroboter, Rasenm\u00e4hroboter, KI-Begleitroboter und mehr bei EasyLifeRobo.","breadcrumb":{"@id":"https:\/\/easyliferobo.com\/de\/product\/pemenol-diy-spielekonsolen-loetset-retro-4-klassische-spiele-handheld-spielekonsole-elektronisches-loetset-loet-lernset-fuer-erwachsene-herren\/#breadcrumb"},"inLanguage":"de","potentialAction":[{"@type":"ReadAction","target":["https:\/\/easyliferobo.com\/de\/product\/pemenol-diy-spielekonsolen-loetset-retro-4-klassische-spiele-handheld-spielekonsole-elektronisches-loetset-loet-lernset-fuer-erwachsene-herren\/"]}]},{"@type":"ImageObject","inLanguage":"de","@id":"https:\/\/easyliferobo.com\/de\/product\/pemenol-diy-spielekonsolen-loetset-retro-4-klassische-spiele-handheld-spielekonsole-elektronisches-loetset-loet-lernset-fuer-erwachsene-herren\/#primaryimage","url":"https:\/\/easyliferobo.com\/de\/wp-content\/uploads\/2026\/02\/71ez27ZkJDL._AC_SL1500_.jpg","contentUrl":"https:\/\/easyliferobo.com\/de\/wp-content\/uploads\/2026\/02\/71ez27ZkJDL._AC_SL1500_.jpg","width":990,"height":1461},{"@type":"BreadcrumbList","@id":"https:\/\/easyliferobo.com\/de\/product\/pemenol-diy-spielekonsolen-loetset-retro-4-klassische-spiele-handheld-spielekonsole-elektronisches-loetset-loet-lernset-fuer-erwachsene-herren\/#breadcrumb","itemListElement":[{"@type":"ListItem","position":1,"name":"Home","item":"https:\/\/easyliferobo.com\/de\/"},{"@type":"ListItem","position":2,"name":"Shop","item":"https:\/\/easyliferobo.com\/de\/shop\/"},{"@type":"ListItem","position":3,"name":"PEMENOL DIY-Spielekonsolen-L\u00f6tset,..."}]},{"@type":"WebSite","@id":"https:\/\/easyliferobo.com\/de\/#website","url":"https:\/\/easyliferobo.com\/de\/","name":"EasyLifeBro","description":"Smarte Roboter f\u00fcr Zuhause, Garten &amp; Bildung","publisher":{"@id":"https:\/\/easyliferobo.com\/de\/#organization"},"potentialAction":[{"@type":"SearchAction","target":{"@type":"EntryPoint","urlTemplate":"https:\/\/easyliferobo.com\/de\/?s={search_term_string}"},"query-input":{"@type":"PropertyValueSpecification","valueRequired":true,"valueName":"search_term_string"}}],"inLanguage":"de"},{"@type":"Organization","@id":"https:\/\/easyliferobo.com\/de\/#organization","name":"EasyLifeBro","url":"https:\/\/easyliferobo.com\/de\/","logo":{"@type":"ImageObject","inLanguage":"de","@id":"https:\/\/easyliferobo.com\/de\/#\/schema\/logo\/image\/","url":"https:\/\/easyliferobo.com\/de\/wp-content\/uploads\/2026\/02\/Screenshot-2026-02-22-at-2.25.03-PM.png","contentUrl":"https:\/\/easyliferobo.com\/de\/wp-content\/uploads\/2026\/02\/Screenshot-2026-02-22-at-2.25.03-PM.png","width":1858,"height":430,"caption":"EasyLifeBro"},"image":{"@id":"https:\/\/easyliferobo.com\/de\/#\/schema\/logo\/image\/"}}]}},"_links":{"self":[{"href":"https:\/\/easyliferobo.com\/de\/wp-json\/wp\/v2\/product\/4513","targetHints":{"allow":["GET"]}}],"collection":[{"href":"https:\/\/easyliferobo.com\/de\/wp-json\/wp\/v2\/product"}],"about":[{"href":"https:\/\/easyliferobo.com\/de\/wp-json\/wp\/v2\/types\/product"}],"replies":[{"embeddable":true,"href":"https:\/\/easyliferobo.com\/de\/wp-json\/wp\/v2\/comments?post=4513"}],"wp:featuredmedia":[{"embeddable":true,"href":"https:\/\/easyliferobo.com\/de\/wp-json\/wp\/v2\/media\/4514"}],"wp:attachment":[{"href":"https:\/\/easyliferobo.com\/de\/wp-json\/wp\/v2\/media?parent=4513"}],"wp:term":[{"taxonomy":"store","embeddable":true,"href":"https:\/\/easyliferobo.com\/de\/wp-json\/wp\/v2\/store?post=4513"},{"taxonomy":"product_brand","embeddable":true,"href":"https:\/\/easyliferobo.com\/de\/wp-json\/wp\/v2\/product_brand?post=4513"},{"taxonomy":"product_cat","embeddable":true,"href":"https:\/\/easyliferobo.com\/de\/wp-json\/wp\/v2\/product_cat?post=4513"},{"taxonomy":"product_tag","embeddable":true,"href":"https:\/\/easyliferobo.com\/de\/wp-json\/wp\/v2\/product_tag?post=4513"}],"curies":[{"name":"wp","href":"https:\/\/api.w.org\/{rel}","templated":true}]}}