
{"id":4506,"date":"2026-02-27T13:12:04","date_gmt":"2026-02-27T13:12:04","guid":{"rendered":"https:\/\/easyliferobo.com\/de\/product\/unger-960490-allzweckgreifer-greifer-mit-80-cm-laenge-greifer-mit-greifknopf-schwarze-greifhilfe-universalgreifer-multifunktionsgreifer-armverlaengerung\/"},"modified":"2026-02-27T13:12:18","modified_gmt":"2026-02-27T13:12:18","slug":"unger-960490-allzweckgreifer-greifer-mit-80-cm-laenge-greifer-mit-greifknopf-schwarze-greifhilfe-universalgreifer-multifunktionsgreifer-armverlaengerung","status":"publish","type":"product","link":"https:\/\/easyliferobo.com\/de\/product\/unger-960490-allzweckgreifer-greifer-mit-80-cm-laenge-greifer-mit-greifknopf-schwarze-greifhilfe-universalgreifer-multifunktionsgreifer-armverlaengerung\/","title":{"rendered":"UNGER 960490 Allzweckgreifer (Greif..."},"content":{"rendered":"<p>    <span>UNGER 960490 Allzweckgreifer <\/span><\/p>\n<ul class=\"a-unordered-list a-vertical\">\n<li><span class=\"a-list-item\"><span>Durch diese Konstruktion kann der Greifer sowohl leichtere als auch schwerere Gegenst\u00e4nde sicher greifen und halten. <\/span><\/span><\/li>\n<li><span class=\"a-list-item\"><span>Mit minimalem Kraftaufwand k\u00f6nnen Sie den Greifer \u00f6ffnen und schlie\u00dfen, um Gegenst\u00e4nde sicher zu transportieren. <\/span><\/span><\/li>\n<li><span class=\"a-list-item\"><span>Seine langlebige Konstruktion und vielseitige Funktionalit\u00e4t machen es f\u00fcr eine Vielzahl von Anwendungen geeignet. <\/span><\/span><\/li>\n<li><span class=\"a-list-item\"><span>Verlassen Sie sich auf seine Leistung und Vielseitigkeit, um Ihre Aufgaben effizient zu erledigen. <\/span><\/span><\/li>\n<\/ul>\n<p><span>Technische Details: <\/span><\/p>\n<ul class=\"a-unordered-list a-vertical\">\n<li><span class=\"a-list-item\"><span>L\u00e4nge: 80 cm <\/span><\/span><\/li>\n<li><span class=\"a-list-item\"><span>Farbe: Schwarz. <\/span><\/span><\/li>\n<\/ul>\n<p><span>Lieferumfang: <\/span><\/p>\n<ul class=\"a-unordered-list a-vertical\">\n<li><span class=\"a-list-item\"><span>1 x Allzweckgreifer 960490. <\/span><\/span><\/li>\n<\/ul>\n<p>Robuste Konstruktion: Der Allzweckgreifer ist aus hochwertigen Materialien gefertigt, die eine lange Lebensdauer gew\u00e4hrleisten<br \/>Vielf\u00e4ltige Einsatzm\u00f6glichkeiten: Mit einer L\u00e4nge von 80 cm ist dieser Greifling besonders vielseitig. Egal, ob Sie Gegenst\u00e4nde aus schwer zug\u00e4nglichen Bereichen erreichen oder im Garten arbeiten m\u00fcssen.<br \/>PR\u00c4ZISES GRIFF Der Greifer verf\u00fcgt \u00fcber eine intuitive Bedienung, die ein pr\u00e4zises Greifen und Halten von Gegenst\u00e4nden erm\u00f6glicht.<br \/>Ideal f\u00fcr den Einsatz im Innen- und Au\u00dfenbereich. Egal, ob Sie im Haus, im Garten oder auf der Baustelle arbeiten, dieser Allzweckgreifer ist ein zuverl\u00e4ssiger Begleiter.<br \/>EIN WERKZEUG F\u00dcR ALLE F\u00c4LLE Der 80-cm-Allzweckgreifer ist die L\u00f6sung f\u00fcr Situationen, in denen Sie zus\u00e4tzliche Reichweite und Greifkraft ben\u00f6tigen.<\/p>\n<p>[ad_2]<\/p>\n","protected":false},"excerpt":{"rendered":"<p>UNGER 960490 Allzweckgreifer Durch diese Konstruktion kann der Greifer sowohl leichtere als auch schwerere Gegenst\u00e4nde sicher greifen und halten. Mit minimalem Kraftaufwand k\u00f6nnen Sie den Greifer \u00f6ffnen und schlie\u00dfen, um Gegenst\u00e4nde sicher zu transportieren. Seine langlebige Konstruktion und vielseitige Funktionalit\u00e4t machen es f\u00fcr eine Vielzahl von Anwendungen geeignet. Verlassen Sie sich auf seine Leistung und [&hellip;]<\/p>\n","protected":false},"featured_media":4507,"comment_status":"open","ping_status":"closed","template":"","meta":{"_aipt_faq_data":""},"store":[],"product_brand":[],"product_cat":[100],"product_tag":[170],"class_list":{"0":"post-4506","1":"product","2":"type-product","3":"status-publish","4":"has-post-thumbnail","6":"product_cat-greifer-zubehoer","7":"product_tag-greifer-zubehoer-ersatzteile","9":"first","10":"instock","11":"shipping-taxable","12":"product-type-external"},"yoast_head":"<!-- This site is optimized with the Yoast SEO plugin v27.4 - https:\/\/yoast.com\/product\/yoast-seo-wordpress\/ -->\n<title>UNGER 960490 Allzweckgreifer (Greifer mit 80 cm L\u00e4nge, Greifer mit Greifknopf, schwarze Greifhilfe, Universalgreifer\/Multifunktionsgreifer, Armverl\u00e4ngerung) - EasyLifeBro<\/title>\n<meta name=\"description\" content=\"Entdecken Sie smarte Roboter f\u00fcr Zuhause, Garten, Bildung und Sicherheit. Vergleichen Sie Saugroboter, Rasenm\u00e4hroboter, KI-Begleitroboter und mehr bei EasyLifeRobo.\" \/>\n<meta name=\"robots\" content=\"index, follow, max-snippet:-1, max-image-preview:large, max-video-preview:-1\" \/>\n<link rel=\"canonical\" href=\"https:\/\/easyliferobo.com\/de\/product\/unger-960490-allzweckgreifer-greifer-mit-80-cm-laenge-greifer-mit-greifknopf-schwarze-greifhilfe-universalgreifer-multifunktionsgreifer-armverlaengerung\/\" \/>\n<meta property=\"og:locale\" content=\"de_DE\" \/>\n<meta property=\"og:type\" content=\"article\" \/>\n<meta property=\"og:title\" content=\"UNGER 960490 Allzweckgreifer (Greifer mit 80 cm L\u00e4nge, Greifer mit Greifknopf, schwarze Greifhilfe, Universalgreifer\/Multifunktionsgreifer, Armverl\u00e4ngerung) - EasyLifeBro\" \/>\n<meta property=\"og:description\" content=\"Entdecken Sie smarte Roboter f\u00fcr Zuhause, Garten, Bildung und Sicherheit. Vergleichen Sie Saugroboter, Rasenm\u00e4hroboter, KI-Begleitroboter und mehr bei EasyLifeRobo.\" \/>\n<meta property=\"og:url\" content=\"https:\/\/easyliferobo.com\/de\/product\/unger-960490-allzweckgreifer-greifer-mit-80-cm-laenge-greifer-mit-greifknopf-schwarze-greifhilfe-universalgreifer-multifunktionsgreifer-armverlaengerung\/\" \/>\n<meta property=\"og:site_name\" content=\"EasyLifeBro\" \/>\n<meta property=\"article:modified_time\" content=\"2026-02-27T13:12:18+00:00\" \/>\n<meta name=\"twitter:card\" content=\"summary_large_image\" \/>\n<meta name=\"twitter:label1\" content=\"Gesch\u00e4tzte Lesezeit\" \/>\n\t<meta name=\"twitter:data1\" content=\"1\u00a0Minute\" \/>\n<script type=\"application\/ld+json\" class=\"yoast-schema-graph\">{\"@context\":\"https:\\\/\\\/schema.org\",\"@graph\":[{\"@type\":\"WebPage\",\"@id\":\"https:\\\/\\\/easyliferobo.com\\\/de\\\/product\\\/unger-960490-allzweckgreifer-greifer-mit-80-cm-laenge-greifer-mit-greifknopf-schwarze-greifhilfe-universalgreifer-multifunktionsgreifer-armverlaengerung\\\/\",\"url\":\"https:\\\/\\\/easyliferobo.com\\\/de\\\/product\\\/unger-960490-allzweckgreifer-greifer-mit-80-cm-laenge-greifer-mit-greifknopf-schwarze-greifhilfe-universalgreifer-multifunktionsgreifer-armverlaengerung\\\/\",\"name\":\"UNGER 960490 Allzweckgreifer (Greifer mit 80 cm L\u00e4nge, Greifer mit Greifknopf, schwarze Greifhilfe, Universalgreifer\\\/Multifunktionsgreifer, Armverl\u00e4ngerung) - EasyLifeBro\",\"isPartOf\":{\"@id\":\"https:\\\/\\\/easyliferobo.com\\\/de\\\/#website\"},\"primaryImageOfPage\":{\"@id\":\"https:\\\/\\\/easyliferobo.com\\\/de\\\/product\\\/unger-960490-allzweckgreifer-greifer-mit-80-cm-laenge-greifer-mit-greifknopf-schwarze-greifhilfe-universalgreifer-multifunktionsgreifer-armverlaengerung\\\/#primaryimage\"},\"image\":{\"@id\":\"https:\\\/\\\/easyliferobo.com\\\/de\\\/product\\\/unger-960490-allzweckgreifer-greifer-mit-80-cm-laenge-greifer-mit-greifknopf-schwarze-greifhilfe-universalgreifer-multifunktionsgreifer-armverlaengerung\\\/#primaryimage\"},\"thumbnailUrl\":\"https:\\\/\\\/easyliferobo.com\\\/de\\\/wp-content\\\/uploads\\\/2026\\\/02\\\/51D-m4qiWVL._AC_SL1500_.jpg\",\"datePublished\":\"2026-02-27T13:12:04+00:00\",\"dateModified\":\"2026-02-27T13:12:18+00:00\",\"description\":\"Entdecken Sie smarte Roboter f\u00fcr Zuhause, Garten, Bildung und Sicherheit. Vergleichen Sie Saugroboter, Rasenm\u00e4hroboter, KI-Begleitroboter und mehr bei EasyLifeRobo.\",\"breadcrumb\":{\"@id\":\"https:\\\/\\\/easyliferobo.com\\\/de\\\/product\\\/unger-960490-allzweckgreifer-greifer-mit-80-cm-laenge-greifer-mit-greifknopf-schwarze-greifhilfe-universalgreifer-multifunktionsgreifer-armverlaengerung\\\/#breadcrumb\"},\"inLanguage\":\"de\",\"potentialAction\":[{\"@type\":\"ReadAction\",\"target\":[\"https:\\\/\\\/easyliferobo.com\\\/de\\\/product\\\/unger-960490-allzweckgreifer-greifer-mit-80-cm-laenge-greifer-mit-greifknopf-schwarze-greifhilfe-universalgreifer-multifunktionsgreifer-armverlaengerung\\\/\"]}]},{\"@type\":\"ImageObject\",\"inLanguage\":\"de\",\"@id\":\"https:\\\/\\\/easyliferobo.com\\\/de\\\/product\\\/unger-960490-allzweckgreifer-greifer-mit-80-cm-laenge-greifer-mit-greifknopf-schwarze-greifhilfe-universalgreifer-multifunktionsgreifer-armverlaengerung\\\/#primaryimage\",\"url\":\"https:\\\/\\\/easyliferobo.com\\\/de\\\/wp-content\\\/uploads\\\/2026\\\/02\\\/51D-m4qiWVL._AC_SL1500_.jpg\",\"contentUrl\":\"https:\\\/\\\/easyliferobo.com\\\/de\\\/wp-content\\\/uploads\\\/2026\\\/02\\\/51D-m4qiWVL._AC_SL1500_.jpg\",\"width\":1500,\"height\":724},{\"@type\":\"BreadcrumbList\",\"@id\":\"https:\\\/\\\/easyliferobo.com\\\/de\\\/product\\\/unger-960490-allzweckgreifer-greifer-mit-80-cm-laenge-greifer-mit-greifknopf-schwarze-greifhilfe-universalgreifer-multifunktionsgreifer-armverlaengerung\\\/#breadcrumb\",\"itemListElement\":[{\"@type\":\"ListItem\",\"position\":1,\"name\":\"Home\",\"item\":\"https:\\\/\\\/easyliferobo.com\\\/de\\\/\"},{\"@type\":\"ListItem\",\"position\":2,\"name\":\"Shop\",\"item\":\"https:\\\/\\\/easyliferobo.com\\\/de\\\/shop\\\/\"},{\"@type\":\"ListItem\",\"position\":3,\"name\":\"UNGER 960490 Allzweckgreifer (Greif...\"}]},{\"@type\":\"WebSite\",\"@id\":\"https:\\\/\\\/easyliferobo.com\\\/de\\\/#website\",\"url\":\"https:\\\/\\\/easyliferobo.com\\\/de\\\/\",\"name\":\"EasyLifeBro\",\"description\":\"Smarte Roboter f\u00fcr Zuhause, Garten &amp; Bildung\",\"publisher\":{\"@id\":\"https:\\\/\\\/easyliferobo.com\\\/de\\\/#organization\"},\"potentialAction\":[{\"@type\":\"SearchAction\",\"target\":{\"@type\":\"EntryPoint\",\"urlTemplate\":\"https:\\\/\\\/easyliferobo.com\\\/de\\\/?s={search_term_string}\"},\"query-input\":{\"@type\":\"PropertyValueSpecification\",\"valueRequired\":true,\"valueName\":\"search_term_string\"}}],\"inLanguage\":\"de\"},{\"@type\":\"Organization\",\"@id\":\"https:\\\/\\\/easyliferobo.com\\\/de\\\/#organization\",\"name\":\"EasyLifeBro\",\"url\":\"https:\\\/\\\/easyliferobo.com\\\/de\\\/\",\"logo\":{\"@type\":\"ImageObject\",\"inLanguage\":\"de\",\"@id\":\"https:\\\/\\\/easyliferobo.com\\\/de\\\/#\\\/schema\\\/logo\\\/image\\\/\",\"url\":\"https:\\\/\\\/easyliferobo.com\\\/de\\\/wp-content\\\/uploads\\\/2026\\\/02\\\/Screenshot-2026-02-22-at-2.25.03-PM.png\",\"contentUrl\":\"https:\\\/\\\/easyliferobo.com\\\/de\\\/wp-content\\\/uploads\\\/2026\\\/02\\\/Screenshot-2026-02-22-at-2.25.03-PM.png\",\"width\":1858,\"height\":430,\"caption\":\"EasyLifeBro\"},\"image\":{\"@id\":\"https:\\\/\\\/easyliferobo.com\\\/de\\\/#\\\/schema\\\/logo\\\/image\\\/\"}}]}<\/script>\n<!-- \/ Yoast SEO plugin. -->","yoast_head_json":{"title":"UNGER 960490 Allzweckgreifer (Greifer mit 80 cm L\u00e4nge, Greifer mit Greifknopf, schwarze Greifhilfe, Universalgreifer\/Multifunktionsgreifer, Armverl\u00e4ngerung) - EasyLifeBro","description":"Entdecken Sie smarte Roboter f\u00fcr Zuhause, Garten, Bildung und Sicherheit. Vergleichen Sie Saugroboter, Rasenm\u00e4hroboter, KI-Begleitroboter und mehr bei EasyLifeRobo.","robots":{"index":"index","follow":"follow","max-snippet":"max-snippet:-1","max-image-preview":"max-image-preview:large","max-video-preview":"max-video-preview:-1"},"canonical":"https:\/\/easyliferobo.com\/de\/product\/unger-960490-allzweckgreifer-greifer-mit-80-cm-laenge-greifer-mit-greifknopf-schwarze-greifhilfe-universalgreifer-multifunktionsgreifer-armverlaengerung\/","og_locale":"de_DE","og_type":"article","og_title":"UNGER 960490 Allzweckgreifer (Greifer mit 80 cm L\u00e4nge, Greifer mit Greifknopf, schwarze Greifhilfe, Universalgreifer\/Multifunktionsgreifer, Armverl\u00e4ngerung) - EasyLifeBro","og_description":"Entdecken Sie smarte Roboter f\u00fcr Zuhause, Garten, Bildung und Sicherheit. Vergleichen Sie Saugroboter, Rasenm\u00e4hroboter, KI-Begleitroboter und mehr bei EasyLifeRobo.","og_url":"https:\/\/easyliferobo.com\/de\/product\/unger-960490-allzweckgreifer-greifer-mit-80-cm-laenge-greifer-mit-greifknopf-schwarze-greifhilfe-universalgreifer-multifunktionsgreifer-armverlaengerung\/","og_site_name":"EasyLifeBro","article_modified_time":"2026-02-27T13:12:18+00:00","twitter_card":"summary_large_image","twitter_misc":{"Gesch\u00e4tzte Lesezeit":"1\u00a0Minute"},"schema":{"@context":"https:\/\/schema.org","@graph":[{"@type":"WebPage","@id":"https:\/\/easyliferobo.com\/de\/product\/unger-960490-allzweckgreifer-greifer-mit-80-cm-laenge-greifer-mit-greifknopf-schwarze-greifhilfe-universalgreifer-multifunktionsgreifer-armverlaengerung\/","url":"https:\/\/easyliferobo.com\/de\/product\/unger-960490-allzweckgreifer-greifer-mit-80-cm-laenge-greifer-mit-greifknopf-schwarze-greifhilfe-universalgreifer-multifunktionsgreifer-armverlaengerung\/","name":"UNGER 960490 Allzweckgreifer (Greifer mit 80 cm L\u00e4nge, Greifer mit Greifknopf, schwarze Greifhilfe, Universalgreifer\/Multifunktionsgreifer, Armverl\u00e4ngerung) - EasyLifeBro","isPartOf":{"@id":"https:\/\/easyliferobo.com\/de\/#website"},"primaryImageOfPage":{"@id":"https:\/\/easyliferobo.com\/de\/product\/unger-960490-allzweckgreifer-greifer-mit-80-cm-laenge-greifer-mit-greifknopf-schwarze-greifhilfe-universalgreifer-multifunktionsgreifer-armverlaengerung\/#primaryimage"},"image":{"@id":"https:\/\/easyliferobo.com\/de\/product\/unger-960490-allzweckgreifer-greifer-mit-80-cm-laenge-greifer-mit-greifknopf-schwarze-greifhilfe-universalgreifer-multifunktionsgreifer-armverlaengerung\/#primaryimage"},"thumbnailUrl":"https:\/\/easyliferobo.com\/de\/wp-content\/uploads\/2026\/02\/51D-m4qiWVL._AC_SL1500_.jpg","datePublished":"2026-02-27T13:12:04+00:00","dateModified":"2026-02-27T13:12:18+00:00","description":"Entdecken Sie smarte Roboter f\u00fcr Zuhause, Garten, Bildung und Sicherheit. Vergleichen Sie Saugroboter, Rasenm\u00e4hroboter, KI-Begleitroboter und mehr bei EasyLifeRobo.","breadcrumb":{"@id":"https:\/\/easyliferobo.com\/de\/product\/unger-960490-allzweckgreifer-greifer-mit-80-cm-laenge-greifer-mit-greifknopf-schwarze-greifhilfe-universalgreifer-multifunktionsgreifer-armverlaengerung\/#breadcrumb"},"inLanguage":"de","potentialAction":[{"@type":"ReadAction","target":["https:\/\/easyliferobo.com\/de\/product\/unger-960490-allzweckgreifer-greifer-mit-80-cm-laenge-greifer-mit-greifknopf-schwarze-greifhilfe-universalgreifer-multifunktionsgreifer-armverlaengerung\/"]}]},{"@type":"ImageObject","inLanguage":"de","@id":"https:\/\/easyliferobo.com\/de\/product\/unger-960490-allzweckgreifer-greifer-mit-80-cm-laenge-greifer-mit-greifknopf-schwarze-greifhilfe-universalgreifer-multifunktionsgreifer-armverlaengerung\/#primaryimage","url":"https:\/\/easyliferobo.com\/de\/wp-content\/uploads\/2026\/02\/51D-m4qiWVL._AC_SL1500_.jpg","contentUrl":"https:\/\/easyliferobo.com\/de\/wp-content\/uploads\/2026\/02\/51D-m4qiWVL._AC_SL1500_.jpg","width":1500,"height":724},{"@type":"BreadcrumbList","@id":"https:\/\/easyliferobo.com\/de\/product\/unger-960490-allzweckgreifer-greifer-mit-80-cm-laenge-greifer-mit-greifknopf-schwarze-greifhilfe-universalgreifer-multifunktionsgreifer-armverlaengerung\/#breadcrumb","itemListElement":[{"@type":"ListItem","position":1,"name":"Home","item":"https:\/\/easyliferobo.com\/de\/"},{"@type":"ListItem","position":2,"name":"Shop","item":"https:\/\/easyliferobo.com\/de\/shop\/"},{"@type":"ListItem","position":3,"name":"UNGER 960490 Allzweckgreifer (Greif..."}]},{"@type":"WebSite","@id":"https:\/\/easyliferobo.com\/de\/#website","url":"https:\/\/easyliferobo.com\/de\/","name":"EasyLifeBro","description":"Smarte Roboter f\u00fcr Zuhause, Garten &amp; Bildung","publisher":{"@id":"https:\/\/easyliferobo.com\/de\/#organization"},"potentialAction":[{"@type":"SearchAction","target":{"@type":"EntryPoint","urlTemplate":"https:\/\/easyliferobo.com\/de\/?s={search_term_string}"},"query-input":{"@type":"PropertyValueSpecification","valueRequired":true,"valueName":"search_term_string"}}],"inLanguage":"de"},{"@type":"Organization","@id":"https:\/\/easyliferobo.com\/de\/#organization","name":"EasyLifeBro","url":"https:\/\/easyliferobo.com\/de\/","logo":{"@type":"ImageObject","inLanguage":"de","@id":"https:\/\/easyliferobo.com\/de\/#\/schema\/logo\/image\/","url":"https:\/\/easyliferobo.com\/de\/wp-content\/uploads\/2026\/02\/Screenshot-2026-02-22-at-2.25.03-PM.png","contentUrl":"https:\/\/easyliferobo.com\/de\/wp-content\/uploads\/2026\/02\/Screenshot-2026-02-22-at-2.25.03-PM.png","width":1858,"height":430,"caption":"EasyLifeBro"},"image":{"@id":"https:\/\/easyliferobo.com\/de\/#\/schema\/logo\/image\/"}}]}},"_links":{"self":[{"href":"https:\/\/easyliferobo.com\/de\/wp-json\/wp\/v2\/product\/4506","targetHints":{"allow":["GET"]}}],"collection":[{"href":"https:\/\/easyliferobo.com\/de\/wp-json\/wp\/v2\/product"}],"about":[{"href":"https:\/\/easyliferobo.com\/de\/wp-json\/wp\/v2\/types\/product"}],"replies":[{"embeddable":true,"href":"https:\/\/easyliferobo.com\/de\/wp-json\/wp\/v2\/comments?post=4506"}],"wp:featuredmedia":[{"embeddable":true,"href":"https:\/\/easyliferobo.com\/de\/wp-json\/wp\/v2\/media\/4507"}],"wp:attachment":[{"href":"https:\/\/easyliferobo.com\/de\/wp-json\/wp\/v2\/media?parent=4506"}],"wp:term":[{"taxonomy":"store","embeddable":true,"href":"https:\/\/easyliferobo.com\/de\/wp-json\/wp\/v2\/store?post=4506"},{"taxonomy":"product_brand","embeddable":true,"href":"https:\/\/easyliferobo.com\/de\/wp-json\/wp\/v2\/product_brand?post=4506"},{"taxonomy":"product_cat","embeddable":true,"href":"https:\/\/easyliferobo.com\/de\/wp-json\/wp\/v2\/product_cat?post=4506"},{"taxonomy":"product_tag","embeddable":true,"href":"https:\/\/easyliferobo.com\/de\/wp-json\/wp\/v2\/product_tag?post=4506"}],"curies":[{"name":"wp","href":"https:\/\/api.w.org\/{rel}","templated":true}]}}