
{"id":4498,"date":"2026-02-27T13:10:20","date_gmt":"2026-02-27T13:10:20","guid":{"rendered":"https:\/\/easyliferobo.com\/de\/product\/parkplatz-simulator-loetset-elektoloter-garagen-loetprojekte-mit-lcd-display-und-4-mini-autos-elektronischer-stem-bausatz-fuer-zuhause-und-schule\/"},"modified":"2026-02-27T13:10:37","modified_gmt":"2026-02-27T13:10:37","slug":"parkplatz-simulator-loetset-elektoloter-garagen-loetprojekte-mit-lcd-display-und-4-mini-autos-elektronischer-stem-bausatz-fuer-zuhause-und-schule","status":"publish","type":"product","link":"https:\/\/easyliferobo.com\/de\/product\/parkplatz-simulator-loetset-elektoloter-garagen-loetprojekte-mit-lcd-display-und-4-mini-autos-elektronischer-stem-bausatz-fuer-zuhause-und-schule\/","title":{"rendered":"Parkplatz-Simulator-L\u00f6tset, Elekto..."},"content":{"rendered":"<p>\n                                             Von der Marke   <\/p>\n<p>                                              <img decoding=\"async\" alt=\"H\u00e4nde arbeiten mit elektronischen Bauteilen auf einer dunklen Oberfl\u00e4che. Leiterplatten, Dr\u00e4hte und Pr\u00fcfger\u00e4te sichtbar. Die Person scheint elektronische Komponenten zusammenzubauen oder zu testen.\" src=\"https:\/\/images-na.ssl-images-amazon.com\/images\/G\/01\/x-locale\/common\/grey-pixel.gif\" class=\"a-lazy-loaded\" data-src=\"https:\/\/m.media-amazon.com\/images\/S\/aplus-media-library-service-media\/34ea6d5e-1be2-4ca5-b860-764f22bfe80c.__CR0,0,1464,625_PT0_SX1464_V1___.jpg\"><img decoding=\"async\" alt=\"H\u00e4nde arbeiten mit elektronischen Bauteilen auf einer dunklen Oberfl\u00e4che. Leiterplatten, Dr\u00e4hte und Pr\u00fcfger\u00e4te sichtbar. Die Person scheint elektronische Komponenten zusammenzubauen oder zu testen.\" src=\"https:\/\/m.media-amazon.com\/images\/S\/aplus-media-library-service-media\/34ea6d5e-1be2-4ca5-b860-764f22bfe80c.__CR0,0,1464,625_PT0_SX1464_V1___.jpg\">  <\/p>\n<h3>  Lustiges DIY-L\u00f6tset <\/h3>\n<p class=\"apm-brand-story-stores-link\">\n<h3>  Praktisches DIY-L\u00f6tset <\/h3>\n<p class=\"apm-brand-story-stores-link\">\n<p>Mini-Parkplatz-Bausatz: Mit diesem DIY-Bausatz k\u00f6nnen Sie einen intelligenten Miniatur-Parkplatz bauen, indem Sie eine Leiterplatte (PCB) l\u00f6ten und Motoren, Sensoren und andere elektronische Komponenten anschlie\u00dfen. Das System simuliert realistische Ein- und Ausfahrtvorg\u00e4nge \u2013 ideal zum Lernen und Basteln wie in einem echten automatisierten Parkhaus.<br \/>Funktionen und Merkmale: Wenn ein Mini-Auto in die Einfahrt f\u00e4hrt, erkennt der Sensor das Fahrzeug, schaltet die Anzeige auf Gr\u00fcn und hebt die Schranke automatisch an. Beim Verlassen reagiert der Ausgangssensor genauso. Sie k\u00f6nnen zwischen automatischem und manuellem Schrankenmodus wechseln \u2013 ideal zum Verst\u00e4ndnis der Parklogik.<br \/>Interaktives Lernerlebnis: Bei 3 Parkpl\u00e4tzen und 4 Mini-Autos zeigt ein Display in Echtzeit die aktuellen freien Pl\u00e4tze an. Wenn der Parkplatz voll ist, bleibt die Schranke unten und es ert\u00f6nt ein Warnton \u2013 ganz wie auf einem echten Parkplatz. Lernen mit Spa\u00df und praktischer Anwendung!<br \/>STEM-L\u00f6tset f\u00fcr den Bildungsbereich: Die \u00fcbersichtlich beschriftete Platine erleichtert das L\u00f6ten \u2013 ideal f\u00fcr Studenten, Bastler und Elektronik-Anf\u00e4nger. Beim Zusammenbau erfahren Sie, wie Sensoren, Motorsteuerung und Schaltkreise funktionieren. Ideal f\u00fcr MINT-Unterricht und Freizeitprojekte.<br \/>Farbiges Handbuch mit Anweisungen: Das Kit enth\u00e4lt ein gedrucktes Handbuch mit farbigen Abbildungen und leicht verst\u00e4ndlichen Schritten. Auch f\u00fcr Anf\u00e4nger geeignet \u2013 Grundkenntnisse in Elektronik und L\u00f6ten werden jedoch empfohlen, um den gr\u00f6\u00dftm\u00f6glichen Nutzen aus dem Projekt zu ziehen.<\/p>\n<p>[ad_2]<\/p>\n","protected":false},"excerpt":{"rendered":"<p>Von der Marke Lustiges DIY-L\u00f6tset Praktisches DIY-L\u00f6tset Mini-Parkplatz-Bausatz: Mit diesem DIY-Bausatz k\u00f6nnen Sie einen intelligenten Miniatur-Parkplatz bauen, indem Sie eine Leiterplatte (PCB) l\u00f6ten und Motoren, Sensoren und andere elektronische Komponenten anschlie\u00dfen. Das System simuliert realistische Ein- und Ausfahrtvorg\u00e4nge \u2013 ideal zum Lernen und Basteln wie in einem echten automatisierten Parkhaus.Funktionen und Merkmale: Wenn ein Mini-Auto [&hellip;]<\/p>\n","protected":false},"featured_media":4499,"comment_status":"open","ping_status":"closed","template":"","meta":{"_aipt_faq_data":""},"store":[],"product_brand":[],"product_cat":[101],"product_tag":[410],"class_list":{"0":"post-4498","1":"product","2":"type-product","3":"status-publish","4":"has-post-thumbnail","6":"product_cat-diy-automatisierungskits","7":"product_tag-diy-automatisierungskits-mit-sensoren","9":"first","10":"instock","11":"shipping-taxable","12":"product-type-external"},"yoast_head":"<!-- This site is optimized with the Yoast SEO plugin v27.0 - https:\/\/yoast.com\/product\/yoast-seo-wordpress\/ -->\n<title>Parkplatz-Simulator-L\u00f6tset, ElektoLoter Garagen-L\u00f6tprojekte mit LCD-Display und 4 Mini-Autos, elektronischer STEM-Bausatz f\u00fcr Zuhause und Schule - EasyLifeBro<\/title>\n<meta name=\"description\" content=\"Entdecken Sie smarte Roboter f\u00fcr Zuhause, Garten, Bildung und Sicherheit. Vergleichen Sie Saugroboter, Rasenm\u00e4hroboter, KI-Begleitroboter und mehr bei EasyLifeRobo.\" \/>\n<meta name=\"robots\" content=\"index, follow, max-snippet:-1, max-image-preview:large, max-video-preview:-1\" \/>\n<link rel=\"canonical\" href=\"https:\/\/easyliferobo.com\/de\/product\/parkplatz-simulator-loetset-elektoloter-garagen-loetprojekte-mit-lcd-display-und-4-mini-autos-elektronischer-stem-bausatz-fuer-zuhause-und-schule\/\" \/>\n<meta property=\"og:locale\" content=\"de_DE\" \/>\n<meta property=\"og:type\" content=\"article\" \/>\n<meta property=\"og:title\" content=\"Parkplatz-Simulator-L\u00f6tset, ElektoLoter Garagen-L\u00f6tprojekte mit LCD-Display und 4 Mini-Autos, elektronischer STEM-Bausatz f\u00fcr Zuhause und Schule - EasyLifeBro\" \/>\n<meta property=\"og:description\" content=\"Entdecken Sie smarte Roboter f\u00fcr Zuhause, Garten, Bildung und Sicherheit. Vergleichen Sie Saugroboter, Rasenm\u00e4hroboter, KI-Begleitroboter und mehr bei EasyLifeRobo.\" \/>\n<meta property=\"og:url\" content=\"https:\/\/easyliferobo.com\/de\/product\/parkplatz-simulator-loetset-elektoloter-garagen-loetprojekte-mit-lcd-display-und-4-mini-autos-elektronischer-stem-bausatz-fuer-zuhause-und-schule\/\" \/>\n<meta property=\"og:site_name\" content=\"EasyLifeBro\" \/>\n<meta property=\"article:modified_time\" content=\"2026-02-27T13:10:37+00:00\" \/>\n<meta property=\"og:image\" content=\"https:\/\/images-na.ssl-images-amazon.com\/images\/G\/01\/x-locale\/common\/grey-pixel.gif\" \/>\n<meta name=\"twitter:card\" content=\"summary_large_image\" \/>\n<meta name=\"twitter:label1\" content=\"Gesch\u00e4tzte Lesezeit\" \/>\n\t<meta name=\"twitter:data1\" content=\"1\u00a0Minute\" \/>\n<script type=\"application\/ld+json\" class=\"yoast-schema-graph\">{\"@context\":\"https:\/\/schema.org\",\"@graph\":[{\"@type\":\"WebPage\",\"@id\":\"https:\/\/easyliferobo.com\/de\/product\/parkplatz-simulator-loetset-elektoloter-garagen-loetprojekte-mit-lcd-display-und-4-mini-autos-elektronischer-stem-bausatz-fuer-zuhause-und-schule\/\",\"url\":\"https:\/\/easyliferobo.com\/de\/product\/parkplatz-simulator-loetset-elektoloter-garagen-loetprojekte-mit-lcd-display-und-4-mini-autos-elektronischer-stem-bausatz-fuer-zuhause-und-schule\/\",\"name\":\"Parkplatz-Simulator-L\u00f6tset, ElektoLoter Garagen-L\u00f6tprojekte mit LCD-Display und 4 Mini-Autos, elektronischer STEM-Bausatz f\u00fcr Zuhause und Schule - EasyLifeBro\",\"isPartOf\":{\"@id\":\"https:\/\/easyliferobo.com\/de\/#website\"},\"primaryImageOfPage\":{\"@id\":\"https:\/\/easyliferobo.com\/de\/product\/parkplatz-simulator-loetset-elektoloter-garagen-loetprojekte-mit-lcd-display-und-4-mini-autos-elektronischer-stem-bausatz-fuer-zuhause-und-schule\/#primaryimage\"},\"image\":{\"@id\":\"https:\/\/easyliferobo.com\/de\/product\/parkplatz-simulator-loetset-elektoloter-garagen-loetprojekte-mit-lcd-display-und-4-mini-autos-elektronischer-stem-bausatz-fuer-zuhause-und-schule\/#primaryimage\"},\"thumbnailUrl\":\"https:\/\/easyliferobo.com\/de\/wp-content\/uploads\/2026\/02\/719t4HtNDpL._AC_SL1500_.jpg\",\"datePublished\":\"2026-02-27T13:10:20+00:00\",\"dateModified\":\"2026-02-27T13:10:37+00:00\",\"description\":\"Entdecken Sie smarte Roboter f\u00fcr Zuhause, Garten, Bildung und Sicherheit. Vergleichen Sie Saugroboter, Rasenm\u00e4hroboter, KI-Begleitroboter und mehr bei EasyLifeRobo.\",\"breadcrumb\":{\"@id\":\"https:\/\/easyliferobo.com\/de\/product\/parkplatz-simulator-loetset-elektoloter-garagen-loetprojekte-mit-lcd-display-und-4-mini-autos-elektronischer-stem-bausatz-fuer-zuhause-und-schule\/#breadcrumb\"},\"inLanguage\":\"de\",\"potentialAction\":[{\"@type\":\"ReadAction\",\"target\":[\"https:\/\/easyliferobo.com\/de\/product\/parkplatz-simulator-loetset-elektoloter-garagen-loetprojekte-mit-lcd-display-und-4-mini-autos-elektronischer-stem-bausatz-fuer-zuhause-und-schule\/\"]}]},{\"@type\":\"ImageObject\",\"inLanguage\":\"de\",\"@id\":\"https:\/\/easyliferobo.com\/de\/product\/parkplatz-simulator-loetset-elektoloter-garagen-loetprojekte-mit-lcd-display-und-4-mini-autos-elektronischer-stem-bausatz-fuer-zuhause-und-schule\/#primaryimage\",\"url\":\"https:\/\/easyliferobo.com\/de\/wp-content\/uploads\/2026\/02\/719t4HtNDpL._AC_SL1500_.jpg\",\"contentUrl\":\"https:\/\/easyliferobo.com\/de\/wp-content\/uploads\/2026\/02\/719t4HtNDpL._AC_SL1500_.jpg\",\"width\":1500,\"height\":1500},{\"@type\":\"BreadcrumbList\",\"@id\":\"https:\/\/easyliferobo.com\/de\/product\/parkplatz-simulator-loetset-elektoloter-garagen-loetprojekte-mit-lcd-display-und-4-mini-autos-elektronischer-stem-bausatz-fuer-zuhause-und-schule\/#breadcrumb\",\"itemListElement\":[{\"@type\":\"ListItem\",\"position\":1,\"name\":\"Home\",\"item\":\"https:\/\/easyliferobo.com\/de\/\"},{\"@type\":\"ListItem\",\"position\":2,\"name\":\"Shop\",\"item\":\"https:\/\/easyliferobo.com\/de\/shop\/\"},{\"@type\":\"ListItem\",\"position\":3,\"name\":\"Parkplatz-Simulator-L\u00f6tset, Elekto...\"}]},{\"@type\":\"WebSite\",\"@id\":\"https:\/\/easyliferobo.com\/de\/#website\",\"url\":\"https:\/\/easyliferobo.com\/de\/\",\"name\":\"EasyLifeBro\",\"description\":\"Smarte Roboter f\u00fcr Zuhause, Garten &amp; Bildung\",\"publisher\":{\"@id\":\"https:\/\/easyliferobo.com\/de\/#organization\"},\"potentialAction\":[{\"@type\":\"SearchAction\",\"target\":{\"@type\":\"EntryPoint\",\"urlTemplate\":\"https:\/\/easyliferobo.com\/de\/?s={search_term_string}\"},\"query-input\":{\"@type\":\"PropertyValueSpecification\",\"valueRequired\":true,\"valueName\":\"search_term_string\"}}],\"inLanguage\":\"de\"},{\"@type\":\"Organization\",\"@id\":\"https:\/\/easyliferobo.com\/de\/#organization\",\"name\":\"EasyLifeBro\",\"url\":\"https:\/\/easyliferobo.com\/de\/\",\"logo\":{\"@type\":\"ImageObject\",\"inLanguage\":\"de\",\"@id\":\"https:\/\/easyliferobo.com\/de\/#\/schema\/logo\/image\/\",\"url\":\"https:\/\/easyliferobo.com\/de\/wp-content\/uploads\/2026\/02\/Screenshot-2026-02-22-at-2.25.03-PM.png\",\"contentUrl\":\"https:\/\/easyliferobo.com\/de\/wp-content\/uploads\/2026\/02\/Screenshot-2026-02-22-at-2.25.03-PM.png\",\"width\":1858,\"height\":430,\"caption\":\"EasyLifeBro\"},\"image\":{\"@id\":\"https:\/\/easyliferobo.com\/de\/#\/schema\/logo\/image\/\"}}]}<\/script>\n<!-- \/ Yoast SEO plugin. -->","yoast_head_json":{"title":"Parkplatz-Simulator-L\u00f6tset, ElektoLoter Garagen-L\u00f6tprojekte mit LCD-Display und 4 Mini-Autos, elektronischer STEM-Bausatz f\u00fcr Zuhause und Schule - EasyLifeBro","description":"Entdecken Sie smarte Roboter f\u00fcr Zuhause, Garten, Bildung und Sicherheit. Vergleichen Sie Saugroboter, Rasenm\u00e4hroboter, KI-Begleitroboter und mehr bei EasyLifeRobo.","robots":{"index":"index","follow":"follow","max-snippet":"max-snippet:-1","max-image-preview":"max-image-preview:large","max-video-preview":"max-video-preview:-1"},"canonical":"https:\/\/easyliferobo.com\/de\/product\/parkplatz-simulator-loetset-elektoloter-garagen-loetprojekte-mit-lcd-display-und-4-mini-autos-elektronischer-stem-bausatz-fuer-zuhause-und-schule\/","og_locale":"de_DE","og_type":"article","og_title":"Parkplatz-Simulator-L\u00f6tset, ElektoLoter Garagen-L\u00f6tprojekte mit LCD-Display und 4 Mini-Autos, elektronischer STEM-Bausatz f\u00fcr Zuhause und Schule - EasyLifeBro","og_description":"Entdecken Sie smarte Roboter f\u00fcr Zuhause, Garten, Bildung und Sicherheit. Vergleichen Sie Saugroboter, Rasenm\u00e4hroboter, KI-Begleitroboter und mehr bei EasyLifeRobo.","og_url":"https:\/\/easyliferobo.com\/de\/product\/parkplatz-simulator-loetset-elektoloter-garagen-loetprojekte-mit-lcd-display-und-4-mini-autos-elektronischer-stem-bausatz-fuer-zuhause-und-schule\/","og_site_name":"EasyLifeBro","article_modified_time":"2026-02-27T13:10:37+00:00","og_image":[{"url":"https:\/\/images-na.ssl-images-amazon.com\/images\/G\/01\/x-locale\/common\/grey-pixel.gif","type":"","width":"","height":""}],"twitter_card":"summary_large_image","twitter_misc":{"Gesch\u00e4tzte Lesezeit":"1\u00a0Minute"},"schema":{"@context":"https:\/\/schema.org","@graph":[{"@type":"WebPage","@id":"https:\/\/easyliferobo.com\/de\/product\/parkplatz-simulator-loetset-elektoloter-garagen-loetprojekte-mit-lcd-display-und-4-mini-autos-elektronischer-stem-bausatz-fuer-zuhause-und-schule\/","url":"https:\/\/easyliferobo.com\/de\/product\/parkplatz-simulator-loetset-elektoloter-garagen-loetprojekte-mit-lcd-display-und-4-mini-autos-elektronischer-stem-bausatz-fuer-zuhause-und-schule\/","name":"Parkplatz-Simulator-L\u00f6tset, ElektoLoter Garagen-L\u00f6tprojekte mit LCD-Display und 4 Mini-Autos, elektronischer STEM-Bausatz f\u00fcr Zuhause und Schule - EasyLifeBro","isPartOf":{"@id":"https:\/\/easyliferobo.com\/de\/#website"},"primaryImageOfPage":{"@id":"https:\/\/easyliferobo.com\/de\/product\/parkplatz-simulator-loetset-elektoloter-garagen-loetprojekte-mit-lcd-display-und-4-mini-autos-elektronischer-stem-bausatz-fuer-zuhause-und-schule\/#primaryimage"},"image":{"@id":"https:\/\/easyliferobo.com\/de\/product\/parkplatz-simulator-loetset-elektoloter-garagen-loetprojekte-mit-lcd-display-und-4-mini-autos-elektronischer-stem-bausatz-fuer-zuhause-und-schule\/#primaryimage"},"thumbnailUrl":"https:\/\/easyliferobo.com\/de\/wp-content\/uploads\/2026\/02\/719t4HtNDpL._AC_SL1500_.jpg","datePublished":"2026-02-27T13:10:20+00:00","dateModified":"2026-02-27T13:10:37+00:00","description":"Entdecken Sie smarte Roboter f\u00fcr Zuhause, Garten, Bildung und Sicherheit. Vergleichen Sie Saugroboter, Rasenm\u00e4hroboter, KI-Begleitroboter und mehr bei EasyLifeRobo.","breadcrumb":{"@id":"https:\/\/easyliferobo.com\/de\/product\/parkplatz-simulator-loetset-elektoloter-garagen-loetprojekte-mit-lcd-display-und-4-mini-autos-elektronischer-stem-bausatz-fuer-zuhause-und-schule\/#breadcrumb"},"inLanguage":"de","potentialAction":[{"@type":"ReadAction","target":["https:\/\/easyliferobo.com\/de\/product\/parkplatz-simulator-loetset-elektoloter-garagen-loetprojekte-mit-lcd-display-und-4-mini-autos-elektronischer-stem-bausatz-fuer-zuhause-und-schule\/"]}]},{"@type":"ImageObject","inLanguage":"de","@id":"https:\/\/easyliferobo.com\/de\/product\/parkplatz-simulator-loetset-elektoloter-garagen-loetprojekte-mit-lcd-display-und-4-mini-autos-elektronischer-stem-bausatz-fuer-zuhause-und-schule\/#primaryimage","url":"https:\/\/easyliferobo.com\/de\/wp-content\/uploads\/2026\/02\/719t4HtNDpL._AC_SL1500_.jpg","contentUrl":"https:\/\/easyliferobo.com\/de\/wp-content\/uploads\/2026\/02\/719t4HtNDpL._AC_SL1500_.jpg","width":1500,"height":1500},{"@type":"BreadcrumbList","@id":"https:\/\/easyliferobo.com\/de\/product\/parkplatz-simulator-loetset-elektoloter-garagen-loetprojekte-mit-lcd-display-und-4-mini-autos-elektronischer-stem-bausatz-fuer-zuhause-und-schule\/#breadcrumb","itemListElement":[{"@type":"ListItem","position":1,"name":"Home","item":"https:\/\/easyliferobo.com\/de\/"},{"@type":"ListItem","position":2,"name":"Shop","item":"https:\/\/easyliferobo.com\/de\/shop\/"},{"@type":"ListItem","position":3,"name":"Parkplatz-Simulator-L\u00f6tset, Elekto..."}]},{"@type":"WebSite","@id":"https:\/\/easyliferobo.com\/de\/#website","url":"https:\/\/easyliferobo.com\/de\/","name":"EasyLifeBro","description":"Smarte Roboter f\u00fcr Zuhause, Garten &amp; Bildung","publisher":{"@id":"https:\/\/easyliferobo.com\/de\/#organization"},"potentialAction":[{"@type":"SearchAction","target":{"@type":"EntryPoint","urlTemplate":"https:\/\/easyliferobo.com\/de\/?s={search_term_string}"},"query-input":{"@type":"PropertyValueSpecification","valueRequired":true,"valueName":"search_term_string"}}],"inLanguage":"de"},{"@type":"Organization","@id":"https:\/\/easyliferobo.com\/de\/#organization","name":"EasyLifeBro","url":"https:\/\/easyliferobo.com\/de\/","logo":{"@type":"ImageObject","inLanguage":"de","@id":"https:\/\/easyliferobo.com\/de\/#\/schema\/logo\/image\/","url":"https:\/\/easyliferobo.com\/de\/wp-content\/uploads\/2026\/02\/Screenshot-2026-02-22-at-2.25.03-PM.png","contentUrl":"https:\/\/easyliferobo.com\/de\/wp-content\/uploads\/2026\/02\/Screenshot-2026-02-22-at-2.25.03-PM.png","width":1858,"height":430,"caption":"EasyLifeBro"},"image":{"@id":"https:\/\/easyliferobo.com\/de\/#\/schema\/logo\/image\/"}}]}},"_links":{"self":[{"href":"https:\/\/easyliferobo.com\/de\/wp-json\/wp\/v2\/product\/4498","targetHints":{"allow":["GET"]}}],"collection":[{"href":"https:\/\/easyliferobo.com\/de\/wp-json\/wp\/v2\/product"}],"about":[{"href":"https:\/\/easyliferobo.com\/de\/wp-json\/wp\/v2\/types\/product"}],"replies":[{"embeddable":true,"href":"https:\/\/easyliferobo.com\/de\/wp-json\/wp\/v2\/comments?post=4498"}],"wp:featuredmedia":[{"embeddable":true,"href":"https:\/\/easyliferobo.com\/de\/wp-json\/wp\/v2\/media\/4499"}],"wp:attachment":[{"href":"https:\/\/easyliferobo.com\/de\/wp-json\/wp\/v2\/media?parent=4498"}],"wp:term":[{"taxonomy":"store","embeddable":true,"href":"https:\/\/easyliferobo.com\/de\/wp-json\/wp\/v2\/store?post=4498"},{"taxonomy":"product_brand","embeddable":true,"href":"https:\/\/easyliferobo.com\/de\/wp-json\/wp\/v2\/product_brand?post=4498"},{"taxonomy":"product_cat","embeddable":true,"href":"https:\/\/easyliferobo.com\/de\/wp-json\/wp\/v2\/product_cat?post=4498"},{"taxonomy":"product_tag","embeddable":true,"href":"https:\/\/easyliferobo.com\/de\/wp-json\/wp\/v2\/product_tag?post=4498"}],"curies":[{"name":"wp","href":"https:\/\/api.w.org\/{rel}","templated":true}]}}