
{"id":4488,"date":"2026-02-27T13:08:32","date_gmt":"2026-02-27T13:08:32","guid":{"rendered":"https:\/\/easyliferobo.com\/de\/product\/xbotgo-chameleon-ai-team-sports-action-cam-4k-60fps-automatische-verfolgung-von-fussball-und-basketball-freihaendige-action-kamera-fuer-sport-live-streaming-kein-abonnement-mit-ios-und-a\/"},"modified":"2026-02-27T13:08:55","modified_gmt":"2026-02-27T13:08:55","slug":"xbotgo-chameleon-ai-team-sports-action-cam-4k-60fps-automatische-verfolgung-von-fussball-und-basketball-freihaendige-action-kamera-fuer-sport-live-streaming-kein-abonnement-mit-ios-und-a","status":"publish","type":"product","link":"https:\/\/easyliferobo.com\/de\/product\/xbotgo-chameleon-ai-team-sports-action-cam-4k-60fps-automatische-verfolgung-von-fussball-und-basketball-freihaendige-action-kamera-fuer-sport-live-streaming-kein-abonnement-mit-ios-und-a\/","title":{"rendered":"XbotGo Chameleon AI Team Sports Act..."},"content":{"rendered":"<p>\n                                             Von der Marke   <\/p>\n<p>                                              <img decoding=\"async\" alt=\"Aplus-Inhaltsbild\" src=\"https:\/\/images-na.ssl-images-amazon.com\/images\/G\/01\/x-locale\/common\/grey-pixel.gif\" class=\"a-lazy-loaded\" data-src=\"https:\/\/m.media-amazon.com\/images\/S\/aplus-media-library-service-media\/26cce8b5-c13f-490b-bce3-19af4631f8a6.__CR0,0,1464,625_PT0_SX1464_V1___.png\"><img decoding=\"async\" alt=\"Aplus-Inhaltsbild\" src=\"https:\/\/m.media-amazon.com\/images\/S\/aplus-media-library-service-media\/26cce8b5-c13f-490b-bce3-19af4631f8a6.__CR0,0,1464,625_PT0_SX1464_V1___.png\">  <\/p>\n<p>                                              <img decoding=\"async\" alt=\"Aplus-Inhaltsbild\" src=\"https:\/\/images-na.ssl-images-amazon.com\/images\/G\/01\/x-locale\/common\/grey-pixel.gif\" class=\"a-lazy-loaded\" data-src=\"https:\/\/m.media-amazon.com\/images\/S\/aplus-media-library-service-media\/ebee148b-85b3-4c15-bb4d-8a8477d344e9.__CR0,0,362,453_PT0_SX362_V1___.png\"><img decoding=\"async\" alt=\"Aplus-Inhaltsbild\" src=\"https:\/\/m.media-amazon.com\/images\/S\/aplus-media-library-service-media\/ebee148b-85b3-4c15-bb4d-8a8477d344e9.__CR0,0,362,453_PT0_SX362_V1___.png\">  <\/p>\n<h3>  XbotGo: Abspielen, Filme, Teilen <\/h3>\n<h3>  Warum XbotGo w\u00e4hlen? <\/h3>\n<h3>  Fu\u00dfballmode <\/h3>\n<h3>  Basketballmode <\/h3>\n<h3>  Rugby-Mode <\/h3>\n<h3>  Lacrosse-Mode <\/h3>\n<p>Intelligentes Tracking f\u00fcr scharfe, ruhige Aufnahmen: Die automatisch verfolgende Action-Kamera f\u00fcr Sport erm\u00f6glicht die m\u00fchelose Aufzeichnung von Fu\u00dfballrekorden, Basketball, Tennis, Handball und anderen Mannschaftssportarten in Echtzeit. Nimmt mit bis zu 4K 60 FPS auf und sorgt f\u00fcr klare, leise und gleichm\u00e4\u00dfige Aufnahmen. Ideal f\u00fcr alle, die sportliche Aktivit\u00e4ten ohne gro\u00dfen Aufwand professionell per Video aufzeichnen m\u00f6chten.<br \/>FollowMe-Modus \u2013 Verfolgt denselben Spieler von Anfang bis Ende: Der FollowMe-Modus wurde f\u00fcr Basketballtraining und -spiele entwickelt und sorgt daf\u00fcr, dass die Action Cam w\u00e4hrend des gesamten Spiels auf einen einzelnen Spieler fokussiert bleibt. Es erfasst wichtige Momente, Bewegungen und Techniken \u2013 ideal f\u00fcr Leistungsanalysen, Traineranalysen oder die Erstellung von Highlight-Videos.<br \/>XbotGo-APP \u2013 Alle Funktionen ohne Abonnementgeb\u00fchren: Genie\u00dfen Sie KI-generierte Highlights, die automatisch die besten Momente festhalten, sichern Sie alle mit der XbotGo Chameleon Sport Cam aufgezeichneten Aufnahmen im 20 GB kostenlosen, verschl\u00fcsselten Cloud-Speicher und greifen Sie jederzeit auf jedem Ger\u00e4t darauf zu.<br \/>Live-Streaming und Teilen: Streamen Sie Spiele in Echtzeit mit der Sportkamera und teilen Sie sie direkt auf der XbotGo-App, YouTube, Facebook oder einer anderen RTMP-kompatiblen Plattform. Genie\u00dfen Sie reibungsloses Live-Streaming mit Familie, Freunden und Fans \u2013 egal wo sie sind.<br \/>Einfach aufzubauen, robust und langlebig: in wenigen Sekunden ohne technische Kenntnisse einsatzbereit. Starten Sie sofort Highlight-Aufnahmen mit der Action-Kamera, indem Sie einfach auf die Fernbedienung oder die Apple Watch tippen. Die Monitorfunktion erm\u00f6glicht die Fernsteuerung und Live-Anzeige von einem zweiten Smartphone aus. Kompakt und leicht f\u00fcr einfachen Transport.<\/p>\n<p>[ad_2]<\/p>\n","protected":false},"excerpt":{"rendered":"<p>Von der Marke XbotGo: Abspielen, Filme, Teilen Warum XbotGo w\u00e4hlen? Fu\u00dfballmode Basketballmode Rugby-Mode Lacrosse-Mode Intelligentes Tracking f\u00fcr scharfe, ruhige Aufnahmen: Die automatisch verfolgende Action-Kamera f\u00fcr Sport erm\u00f6glicht die m\u00fchelose Aufzeichnung von Fu\u00dfballrekorden, Basketball, Tennis, Handball und anderen Mannschaftssportarten in Echtzeit. Nimmt mit bis zu 4K 60 FPS auf und sorgt f\u00fcr klare, leise und gleichm\u00e4\u00dfige [&hellip;]<\/p>\n","protected":false},"featured_media":4489,"comment_status":"open","ping_status":"closed","template":"","meta":{"_aipt_faq_data":""},"store":[],"product_brand":[457],"product_cat":[103],"product_tag":[167],"class_list":{"0":"post-4488","1":"product","2":"type-product","3":"status-publish","4":"has-post-thumbnail","6":"product_brand-xbotgo","7":"product_cat-kamera-drohnen","8":"product_tag-kamera-drohnen-mit-4k-kamera","10":"first","11":"instock","12":"shipping-taxable","13":"product-type-external"},"yoast_head":"<!-- This site is optimized with the Yoast SEO plugin v27.0 - https:\/\/yoast.com\/product\/yoast-seo-wordpress\/ -->\n<title>XbotGo Chameleon AI Team Sports Action Cam 4K 60FPS \u2013 Automatische Verfolgung von Fu\u00dfball und Basketball, freih\u00e4ndige Action-Kamera f\u00fcr Sport, Live-Streaming, kein Abonnement, mit iOS und Android (Lava - EasyLifeBro<\/title>\n<meta name=\"description\" content=\"Entdecken Sie smarte Roboter f\u00fcr Zuhause, Garten, Bildung und Sicherheit. Vergleichen Sie Saugroboter, Rasenm\u00e4hroboter, KI-Begleitroboter und mehr bei EasyLifeRobo.\" \/>\n<meta name=\"robots\" content=\"index, follow, max-snippet:-1, max-image-preview:large, max-video-preview:-1\" \/>\n<link rel=\"canonical\" href=\"https:\/\/easyliferobo.com\/de\/product\/xbotgo-chameleon-ai-team-sports-action-cam-4k-60fps-automatische-verfolgung-von-fussball-und-basketball-freihaendige-action-kamera-fuer-sport-live-streaming-kein-abonnement-mit-ios-und-a\/\" \/>\n<meta property=\"og:locale\" content=\"de_DE\" \/>\n<meta property=\"og:type\" content=\"article\" \/>\n<meta property=\"og:title\" content=\"XbotGo Chameleon AI Team Sports Action Cam 4K 60FPS \u2013 Automatische Verfolgung von Fu\u00dfball und Basketball, freih\u00e4ndige Action-Kamera f\u00fcr Sport, Live-Streaming, kein Abonnement, mit iOS und Android (Lava - EasyLifeBro\" \/>\n<meta property=\"og:description\" content=\"Entdecken Sie smarte Roboter f\u00fcr Zuhause, Garten, Bildung und Sicherheit. Vergleichen Sie Saugroboter, Rasenm\u00e4hroboter, KI-Begleitroboter und mehr bei EasyLifeRobo.\" \/>\n<meta property=\"og:url\" content=\"https:\/\/easyliferobo.com\/de\/product\/xbotgo-chameleon-ai-team-sports-action-cam-4k-60fps-automatische-verfolgung-von-fussball-und-basketball-freihaendige-action-kamera-fuer-sport-live-streaming-kein-abonnement-mit-ios-und-a\/\" \/>\n<meta property=\"og:site_name\" content=\"EasyLifeBro\" \/>\n<meta property=\"article:modified_time\" content=\"2026-02-27T13:08:55+00:00\" \/>\n<meta property=\"og:image\" content=\"https:\/\/images-na.ssl-images-amazon.com\/images\/G\/01\/x-locale\/common\/grey-pixel.gif\" \/>\n<meta name=\"twitter:card\" content=\"summary_large_image\" \/>\n<meta name=\"twitter:label1\" content=\"Gesch\u00e4tzte Lesezeit\" \/>\n\t<meta name=\"twitter:data1\" content=\"1\u00a0Minute\" \/>\n<script type=\"application\/ld+json\" class=\"yoast-schema-graph\">{\"@context\":\"https:\/\/schema.org\",\"@graph\":[{\"@type\":\"WebPage\",\"@id\":\"https:\/\/easyliferobo.com\/de\/product\/xbotgo-chameleon-ai-team-sports-action-cam-4k-60fps-automatische-verfolgung-von-fussball-und-basketball-freihaendige-action-kamera-fuer-sport-live-streaming-kein-abonnement-mit-ios-und-a\/\",\"url\":\"https:\/\/easyliferobo.com\/de\/product\/xbotgo-chameleon-ai-team-sports-action-cam-4k-60fps-automatische-verfolgung-von-fussball-und-basketball-freihaendige-action-kamera-fuer-sport-live-streaming-kein-abonnement-mit-ios-und-a\/\",\"name\":\"XbotGo Chameleon AI Team Sports Action Cam 4K 60FPS \u2013 Automatische Verfolgung von Fu\u00dfball und Basketball, freih\u00e4ndige Action-Kamera f\u00fcr Sport, Live-Streaming, kein Abonnement, mit iOS und Android (Lava - EasyLifeBro\",\"isPartOf\":{\"@id\":\"https:\/\/easyliferobo.com\/de\/#website\"},\"primaryImageOfPage\":{\"@id\":\"https:\/\/easyliferobo.com\/de\/product\/xbotgo-chameleon-ai-team-sports-action-cam-4k-60fps-automatische-verfolgung-von-fussball-und-basketball-freihaendige-action-kamera-fuer-sport-live-streaming-kein-abonnement-mit-ios-und-a\/#primaryimage\"},\"image\":{\"@id\":\"https:\/\/easyliferobo.com\/de\/product\/xbotgo-chameleon-ai-team-sports-action-cam-4k-60fps-automatische-verfolgung-von-fussball-und-basketball-freihaendige-action-kamera-fuer-sport-live-streaming-kein-abonnement-mit-ios-und-a\/#primaryimage\"},\"thumbnailUrl\":\"https:\/\/easyliferobo.com\/de\/wp-content\/uploads\/2026\/02\/6125xGFEM7L._AC_SL1500_.jpg\",\"datePublished\":\"2026-02-27T13:08:32+00:00\",\"dateModified\":\"2026-02-27T13:08:55+00:00\",\"description\":\"Entdecken Sie smarte Roboter f\u00fcr Zuhause, Garten, Bildung und Sicherheit. Vergleichen Sie Saugroboter, Rasenm\u00e4hroboter, KI-Begleitroboter und mehr bei EasyLifeRobo.\",\"breadcrumb\":{\"@id\":\"https:\/\/easyliferobo.com\/de\/product\/xbotgo-chameleon-ai-team-sports-action-cam-4k-60fps-automatische-verfolgung-von-fussball-und-basketball-freihaendige-action-kamera-fuer-sport-live-streaming-kein-abonnement-mit-ios-und-a\/#breadcrumb\"},\"inLanguage\":\"de\",\"potentialAction\":[{\"@type\":\"ReadAction\",\"target\":[\"https:\/\/easyliferobo.com\/de\/product\/xbotgo-chameleon-ai-team-sports-action-cam-4k-60fps-automatische-verfolgung-von-fussball-und-basketball-freihaendige-action-kamera-fuer-sport-live-streaming-kein-abonnement-mit-ios-und-a\/\"]}]},{\"@type\":\"ImageObject\",\"inLanguage\":\"de\",\"@id\":\"https:\/\/easyliferobo.com\/de\/product\/xbotgo-chameleon-ai-team-sports-action-cam-4k-60fps-automatische-verfolgung-von-fussball-und-basketball-freihaendige-action-kamera-fuer-sport-live-streaming-kein-abonnement-mit-ios-und-a\/#primaryimage\",\"url\":\"https:\/\/easyliferobo.com\/de\/wp-content\/uploads\/2026\/02\/6125xGFEM7L._AC_SL1500_.jpg\",\"contentUrl\":\"https:\/\/easyliferobo.com\/de\/wp-content\/uploads\/2026\/02\/6125xGFEM7L._AC_SL1500_.jpg\",\"width\":1449,\"height\":1282},{\"@type\":\"BreadcrumbList\",\"@id\":\"https:\/\/easyliferobo.com\/de\/product\/xbotgo-chameleon-ai-team-sports-action-cam-4k-60fps-automatische-verfolgung-von-fussball-und-basketball-freihaendige-action-kamera-fuer-sport-live-streaming-kein-abonnement-mit-ios-und-a\/#breadcrumb\",\"itemListElement\":[{\"@type\":\"ListItem\",\"position\":1,\"name\":\"Home\",\"item\":\"https:\/\/easyliferobo.com\/de\/\"},{\"@type\":\"ListItem\",\"position\":2,\"name\":\"Shop\",\"item\":\"https:\/\/easyliferobo.com\/de\/shop\/\"},{\"@type\":\"ListItem\",\"position\":3,\"name\":\"XbotGo Chameleon AI Team Sports Act...\"}]},{\"@type\":\"WebSite\",\"@id\":\"https:\/\/easyliferobo.com\/de\/#website\",\"url\":\"https:\/\/easyliferobo.com\/de\/\",\"name\":\"EasyLifeBro\",\"description\":\"Smarte Roboter f\u00fcr Zuhause, Garten &amp; Bildung\",\"publisher\":{\"@id\":\"https:\/\/easyliferobo.com\/de\/#organization\"},\"potentialAction\":[{\"@type\":\"SearchAction\",\"target\":{\"@type\":\"EntryPoint\",\"urlTemplate\":\"https:\/\/easyliferobo.com\/de\/?s={search_term_string}\"},\"query-input\":{\"@type\":\"PropertyValueSpecification\",\"valueRequired\":true,\"valueName\":\"search_term_string\"}}],\"inLanguage\":\"de\"},{\"@type\":\"Organization\",\"@id\":\"https:\/\/easyliferobo.com\/de\/#organization\",\"name\":\"EasyLifeBro\",\"url\":\"https:\/\/easyliferobo.com\/de\/\",\"logo\":{\"@type\":\"ImageObject\",\"inLanguage\":\"de\",\"@id\":\"https:\/\/easyliferobo.com\/de\/#\/schema\/logo\/image\/\",\"url\":\"https:\/\/easyliferobo.com\/de\/wp-content\/uploads\/2026\/02\/Screenshot-2026-02-22-at-2.25.03-PM.png\",\"contentUrl\":\"https:\/\/easyliferobo.com\/de\/wp-content\/uploads\/2026\/02\/Screenshot-2026-02-22-at-2.25.03-PM.png\",\"width\":1858,\"height\":430,\"caption\":\"EasyLifeBro\"},\"image\":{\"@id\":\"https:\/\/easyliferobo.com\/de\/#\/schema\/logo\/image\/\"}}]}<\/script>\n<!-- \/ Yoast SEO plugin. -->","yoast_head_json":{"title":"XbotGo Chameleon AI Team Sports Action Cam 4K 60FPS \u2013 Automatische Verfolgung von Fu\u00dfball und Basketball, freih\u00e4ndige Action-Kamera f\u00fcr Sport, Live-Streaming, kein Abonnement, mit iOS und Android (Lava - EasyLifeBro","description":"Entdecken Sie smarte Roboter f\u00fcr Zuhause, Garten, Bildung und Sicherheit. Vergleichen Sie Saugroboter, Rasenm\u00e4hroboter, KI-Begleitroboter und mehr bei EasyLifeRobo.","robots":{"index":"index","follow":"follow","max-snippet":"max-snippet:-1","max-image-preview":"max-image-preview:large","max-video-preview":"max-video-preview:-1"},"canonical":"https:\/\/easyliferobo.com\/de\/product\/xbotgo-chameleon-ai-team-sports-action-cam-4k-60fps-automatische-verfolgung-von-fussball-und-basketball-freihaendige-action-kamera-fuer-sport-live-streaming-kein-abonnement-mit-ios-und-a\/","og_locale":"de_DE","og_type":"article","og_title":"XbotGo Chameleon AI Team Sports Action Cam 4K 60FPS \u2013 Automatische Verfolgung von Fu\u00dfball und Basketball, freih\u00e4ndige Action-Kamera f\u00fcr Sport, Live-Streaming, kein Abonnement, mit iOS und Android (Lava - EasyLifeBro","og_description":"Entdecken Sie smarte Roboter f\u00fcr Zuhause, Garten, Bildung und Sicherheit. Vergleichen Sie Saugroboter, Rasenm\u00e4hroboter, KI-Begleitroboter und mehr bei EasyLifeRobo.","og_url":"https:\/\/easyliferobo.com\/de\/product\/xbotgo-chameleon-ai-team-sports-action-cam-4k-60fps-automatische-verfolgung-von-fussball-und-basketball-freihaendige-action-kamera-fuer-sport-live-streaming-kein-abonnement-mit-ios-und-a\/","og_site_name":"EasyLifeBro","article_modified_time":"2026-02-27T13:08:55+00:00","og_image":[{"url":"https:\/\/images-na.ssl-images-amazon.com\/images\/G\/01\/x-locale\/common\/grey-pixel.gif","type":"","width":"","height":""}],"twitter_card":"summary_large_image","twitter_misc":{"Gesch\u00e4tzte Lesezeit":"1\u00a0Minute"},"schema":{"@context":"https:\/\/schema.org","@graph":[{"@type":"WebPage","@id":"https:\/\/easyliferobo.com\/de\/product\/xbotgo-chameleon-ai-team-sports-action-cam-4k-60fps-automatische-verfolgung-von-fussball-und-basketball-freihaendige-action-kamera-fuer-sport-live-streaming-kein-abonnement-mit-ios-und-a\/","url":"https:\/\/easyliferobo.com\/de\/product\/xbotgo-chameleon-ai-team-sports-action-cam-4k-60fps-automatische-verfolgung-von-fussball-und-basketball-freihaendige-action-kamera-fuer-sport-live-streaming-kein-abonnement-mit-ios-und-a\/","name":"XbotGo Chameleon AI Team Sports Action Cam 4K 60FPS \u2013 Automatische Verfolgung von Fu\u00dfball und Basketball, freih\u00e4ndige Action-Kamera f\u00fcr Sport, Live-Streaming, kein Abonnement, mit iOS und Android (Lava - EasyLifeBro","isPartOf":{"@id":"https:\/\/easyliferobo.com\/de\/#website"},"primaryImageOfPage":{"@id":"https:\/\/easyliferobo.com\/de\/product\/xbotgo-chameleon-ai-team-sports-action-cam-4k-60fps-automatische-verfolgung-von-fussball-und-basketball-freihaendige-action-kamera-fuer-sport-live-streaming-kein-abonnement-mit-ios-und-a\/#primaryimage"},"image":{"@id":"https:\/\/easyliferobo.com\/de\/product\/xbotgo-chameleon-ai-team-sports-action-cam-4k-60fps-automatische-verfolgung-von-fussball-und-basketball-freihaendige-action-kamera-fuer-sport-live-streaming-kein-abonnement-mit-ios-und-a\/#primaryimage"},"thumbnailUrl":"https:\/\/easyliferobo.com\/de\/wp-content\/uploads\/2026\/02\/6125xGFEM7L._AC_SL1500_.jpg","datePublished":"2026-02-27T13:08:32+00:00","dateModified":"2026-02-27T13:08:55+00:00","description":"Entdecken Sie smarte Roboter f\u00fcr Zuhause, Garten, Bildung und Sicherheit. Vergleichen Sie Saugroboter, Rasenm\u00e4hroboter, KI-Begleitroboter und mehr bei EasyLifeRobo.","breadcrumb":{"@id":"https:\/\/easyliferobo.com\/de\/product\/xbotgo-chameleon-ai-team-sports-action-cam-4k-60fps-automatische-verfolgung-von-fussball-und-basketball-freihaendige-action-kamera-fuer-sport-live-streaming-kein-abonnement-mit-ios-und-a\/#breadcrumb"},"inLanguage":"de","potentialAction":[{"@type":"ReadAction","target":["https:\/\/easyliferobo.com\/de\/product\/xbotgo-chameleon-ai-team-sports-action-cam-4k-60fps-automatische-verfolgung-von-fussball-und-basketball-freihaendige-action-kamera-fuer-sport-live-streaming-kein-abonnement-mit-ios-und-a\/"]}]},{"@type":"ImageObject","inLanguage":"de","@id":"https:\/\/easyliferobo.com\/de\/product\/xbotgo-chameleon-ai-team-sports-action-cam-4k-60fps-automatische-verfolgung-von-fussball-und-basketball-freihaendige-action-kamera-fuer-sport-live-streaming-kein-abonnement-mit-ios-und-a\/#primaryimage","url":"https:\/\/easyliferobo.com\/de\/wp-content\/uploads\/2026\/02\/6125xGFEM7L._AC_SL1500_.jpg","contentUrl":"https:\/\/easyliferobo.com\/de\/wp-content\/uploads\/2026\/02\/6125xGFEM7L._AC_SL1500_.jpg","width":1449,"height":1282},{"@type":"BreadcrumbList","@id":"https:\/\/easyliferobo.com\/de\/product\/xbotgo-chameleon-ai-team-sports-action-cam-4k-60fps-automatische-verfolgung-von-fussball-und-basketball-freihaendige-action-kamera-fuer-sport-live-streaming-kein-abonnement-mit-ios-und-a\/#breadcrumb","itemListElement":[{"@type":"ListItem","position":1,"name":"Home","item":"https:\/\/easyliferobo.com\/de\/"},{"@type":"ListItem","position":2,"name":"Shop","item":"https:\/\/easyliferobo.com\/de\/shop\/"},{"@type":"ListItem","position":3,"name":"XbotGo Chameleon AI Team Sports Act..."}]},{"@type":"WebSite","@id":"https:\/\/easyliferobo.com\/de\/#website","url":"https:\/\/easyliferobo.com\/de\/","name":"EasyLifeBro","description":"Smarte Roboter f\u00fcr Zuhause, Garten &amp; Bildung","publisher":{"@id":"https:\/\/easyliferobo.com\/de\/#organization"},"potentialAction":[{"@type":"SearchAction","target":{"@type":"EntryPoint","urlTemplate":"https:\/\/easyliferobo.com\/de\/?s={search_term_string}"},"query-input":{"@type":"PropertyValueSpecification","valueRequired":true,"valueName":"search_term_string"}}],"inLanguage":"de"},{"@type":"Organization","@id":"https:\/\/easyliferobo.com\/de\/#organization","name":"EasyLifeBro","url":"https:\/\/easyliferobo.com\/de\/","logo":{"@type":"ImageObject","inLanguage":"de","@id":"https:\/\/easyliferobo.com\/de\/#\/schema\/logo\/image\/","url":"https:\/\/easyliferobo.com\/de\/wp-content\/uploads\/2026\/02\/Screenshot-2026-02-22-at-2.25.03-PM.png","contentUrl":"https:\/\/easyliferobo.com\/de\/wp-content\/uploads\/2026\/02\/Screenshot-2026-02-22-at-2.25.03-PM.png","width":1858,"height":430,"caption":"EasyLifeBro"},"image":{"@id":"https:\/\/easyliferobo.com\/de\/#\/schema\/logo\/image\/"}}]}},"_links":{"self":[{"href":"https:\/\/easyliferobo.com\/de\/wp-json\/wp\/v2\/product\/4488","targetHints":{"allow":["GET"]}}],"collection":[{"href":"https:\/\/easyliferobo.com\/de\/wp-json\/wp\/v2\/product"}],"about":[{"href":"https:\/\/easyliferobo.com\/de\/wp-json\/wp\/v2\/types\/product"}],"replies":[{"embeddable":true,"href":"https:\/\/easyliferobo.com\/de\/wp-json\/wp\/v2\/comments?post=4488"}],"wp:featuredmedia":[{"embeddable":true,"href":"https:\/\/easyliferobo.com\/de\/wp-json\/wp\/v2\/media\/4489"}],"wp:attachment":[{"href":"https:\/\/easyliferobo.com\/de\/wp-json\/wp\/v2\/media?parent=4488"}],"wp:term":[{"taxonomy":"store","embeddable":true,"href":"https:\/\/easyliferobo.com\/de\/wp-json\/wp\/v2\/store?post=4488"},{"taxonomy":"product_brand","embeddable":true,"href":"https:\/\/easyliferobo.com\/de\/wp-json\/wp\/v2\/product_brand?post=4488"},{"taxonomy":"product_cat","embeddable":true,"href":"https:\/\/easyliferobo.com\/de\/wp-json\/wp\/v2\/product_cat?post=4488"},{"taxonomy":"product_tag","embeddable":true,"href":"https:\/\/easyliferobo.com\/de\/wp-json\/wp\/v2\/product_tag?post=4488"}],"curies":[{"name":"wp","href":"https:\/\/api.w.org\/{rel}","templated":true}]}}