
{"id":4471,"date":"2026-02-27T13:05:02","date_gmt":"2026-02-27T13:05:02","guid":{"rendered":"https:\/\/easyliferobo.com\/de\/product\/dji-neo-mini-drohne-mit-kamera-4k-uhd-fuer-erwachsene-135-g-selbstfliegende-drohne-motivverfolgung-handstart-quickshots-integrierter-propellerschutz-quadrocopter-ohne-controller\/"},"modified":"2026-02-27T13:05:20","modified_gmt":"2026-02-27T13:05:20","slug":"dji-neo-mini-drohne-mit-kamera-4k-uhd-fuer-erwachsene-135-g-selbstfliegende-drohne-motivverfolgung-handstart-quickshots-integrierter-propellerschutz-quadrocopter-ohne-controller","status":"publish","type":"product","link":"https:\/\/easyliferobo.com\/de\/product\/dji-neo-mini-drohne-mit-kamera-4k-uhd-fuer-erwachsene-135-g-selbstfliegende-drohne-motivverfolgung-handstart-quickshots-integrierter-propellerschutz-quadrocopter-ohne-controller\/","title":{"rendered":"DJI Neo Mini-Drohne mit Kamera 4K U..."},"content":{"rendered":"<p>    <span>\u00dcberblick: <br \/>Fliegen Sie durch atemberaubende Landschaften im Freien und erkunden Sie atemberaubende Szenen drinnen und stellen Sie sicher, dass alle auf dem Gruppenfoto zu sehen sind. Entdecken Sie mit DJI Neo eine neue Perspektive auf das t\u00e4gliche Leben. <br \/>DJI Neo ist in 5 Kaufoptionen erh\u00e4ltlich: <br \/>Die DJI Neo Standard Combo umfasst DJI Neo, einen Akku, einen Propellerschutz (Paar) und mehr. <br \/>Die Zwei-Akku-Kombination des DJI Neo erh\u00f6ht die Flexibilit\u00e4t Ihrer Flugzeit. Enth\u00e4lt DJI Neo, 2 Batterien, Propellerschutz (Paar) und mehr. <br \/>Der DJI Neo Fly More Combo ist f\u00fcr Abenteurer konzipiert, die pr\u00e4zise tauchen m\u00f6chten, mit DJI Neo, RC-N3, 3 Akkus, Zwei-Wege-Ladestation, Propellerschutz (Paar) und mehr. <br \/>Die DJI Neo Motion Fly More Combo bietet ein beeindruckendes Bewegungssteuerungserlebnis. Es beinhaltet DJI Neo, RC Motion 3, Goggles N3, drei Akkus, eine Ladestation und mehr. <br \/>Die Combo mit drei Akkus bietet eine l\u00e4ngere Flugzeit und beinhaltet: Neo, 3 Akkus, Zwei-Wege-Ladestation, Propellerschutz (Paar) und mehr. <br \/>* Das Ladeger\u00e4t ist separat erh\u00e4ltlich. Es wird empfohlen, das tragbare 65-W-Ladeger\u00e4t zu kaufen. <br \/><\/span>    <br \/>Der DJI Neo wiegt nur 135 g, z\u00e4hlt zur Klasse C0 und darf ohne Pr\u00fcfung in den Kategorien A1\/A3 geflogen werden. Diese Mini-Drohne ist ultraleicht, tragbar und ideal f\u00fcr unterwegs \u2013 eine Drohne mit 4K-Kamera f\u00fcr Stadt und Outdoor.<br \/>Starten Sie Ihre Drohne direkt per Handstart: ohne Fernbedienung, ferngesteuert \u00fcber die DJI-App oder per Sprachbefehl \u2013 \u200b\u200balternativ mit RC-Fernbedienung. Flexibel einsetzbar f\u00fcr Grillabende, Geburtstage und Wanderungen.<br \/>Mit QuickShot- und Smart Follow-Funktionen r\u00fcckt DJI Neo Sie ins Rampenlicht. Dieser Quadcopter ist mit acht kreativen QuickShot-Modi ausgestattet, die professionelle Videoaufnahmen einfacher denn je machen \u2013 perfekt f\u00fcr soziale Medien und Reisen.<br \/>Steuern Sie die Kameradrohne so, wie es Ihnen passt \u2013 ohne Controller, per Sprachsteuerung (EN\/CN), per DJI-App oder mit RC-Fernbedienung. So k\u00f6nnen Sie Geburtstage und Familienpicknicks m\u00fchelos filmen; Als ferngesteuerte Mini-Drohne ist sie besonders einsteigerfreundlich.<br \/>Mit modernster Stabilisierungstechnologie und Windwiderstandsstufe 4 bleiben Ihre Videos fl\u00fcssig. Diese Drohne fliegt auch bei Wind zuverl\u00e4ssig und liefert leise Sch\u00fcsse \u2013 ein stabiler Quadrocopter f\u00fcr Einsteiger.<br \/>Der integrierte Propellerschutz sorgt f\u00fcr mehr Sicherheit \u2013 egal ob drinnen oder drau\u00dfen, zum Beispiel zwischen B\u00e4umen. So k\u00f6nnen auch Einsteiger sorgenfrei fliegen und die Mini-Drohne mit 4K-Kamera stressfrei steuern.<br \/>Der DJI Neo wird standardm\u00e4\u00dfig mit Akku, Propellerschutz und mehr geliefert und kann ohne Controller oder mit einem Smartphone verwendet werden.<\/p>\n<p>[ad_2]<\/p>\n","protected":false},"excerpt":{"rendered":"<p>\u00dcberblick: Fliegen Sie durch atemberaubende Landschaften im Freien und erkunden Sie atemberaubende Szenen drinnen und stellen Sie sicher, dass alle auf dem Gruppenfoto zu sehen sind. Entdecken Sie mit DJI Neo eine neue Perspektive auf das t\u00e4gliche Leben. DJI Neo ist in 5 Kaufoptionen erh\u00e4ltlich: Die DJI Neo Standard Combo umfasst DJI Neo, einen Akku, [&hellip;]<\/p>\n","protected":false},"featured_media":4472,"comment_status":"open","ping_status":"closed","template":"","meta":{"_aipt_faq_data":""},"store":[],"product_brand":[165],"product_cat":[105],"product_tag":[164],"class_list":{"0":"post-4471","1":"product","2":"type-product","3":"status-publish","4":"has-post-thumbnail","6":"product_brand-dji","7":"product_cat-mini-drohnen","8":"product_tag-mini-drohnen-mit-kamera","10":"first","11":"instock","12":"sale","13":"shipping-taxable","14":"product-type-external"},"yoast_head":"<!-- This site is optimized with the Yoast SEO plugin v27.4 - https:\/\/yoast.com\/product\/yoast-seo-wordpress\/ -->\n<title>DJI Neo Mini-Drohne mit Kamera 4K UHD f\u00fcr Erwachsene, 135 g, selbstfliegende Drohne, Motivverfolgung, Handstart, QuickShots, integrierter Propellerschutz, Quadrocopter, ohne Controller - EasyLifeBro<\/title>\n<meta name=\"description\" content=\"Entdecken Sie smarte Roboter f\u00fcr Zuhause, Garten, Bildung und Sicherheit. Vergleichen Sie Saugroboter, Rasenm\u00e4hroboter, KI-Begleitroboter und mehr bei EasyLifeRobo.\" \/>\n<meta name=\"robots\" content=\"index, follow, max-snippet:-1, max-image-preview:large, max-video-preview:-1\" \/>\n<link rel=\"canonical\" href=\"https:\/\/easyliferobo.com\/de\/product\/dji-neo-mini-drohne-mit-kamera-4k-uhd-fuer-erwachsene-135-g-selbstfliegende-drohne-motivverfolgung-handstart-quickshots-integrierter-propellerschutz-quadrocopter-ohne-controller\/\" \/>\n<meta property=\"og:locale\" content=\"de_DE\" \/>\n<meta property=\"og:type\" content=\"article\" \/>\n<meta property=\"og:title\" content=\"DJI Neo Mini-Drohne mit Kamera 4K UHD f\u00fcr Erwachsene, 135 g, selbstfliegende Drohne, Motivverfolgung, Handstart, QuickShots, integrierter Propellerschutz, Quadrocopter, ohne Controller - EasyLifeBro\" \/>\n<meta property=\"og:description\" content=\"Entdecken Sie smarte Roboter f\u00fcr Zuhause, Garten, Bildung und Sicherheit. Vergleichen Sie Saugroboter, Rasenm\u00e4hroboter, KI-Begleitroboter und mehr bei EasyLifeRobo.\" \/>\n<meta property=\"og:url\" content=\"https:\/\/easyliferobo.com\/de\/product\/dji-neo-mini-drohne-mit-kamera-4k-uhd-fuer-erwachsene-135-g-selbstfliegende-drohne-motivverfolgung-handstart-quickshots-integrierter-propellerschutz-quadrocopter-ohne-controller\/\" \/>\n<meta property=\"og:site_name\" content=\"EasyLifeBro\" \/>\n<meta property=\"article:modified_time\" content=\"2026-02-27T13:05:20+00:00\" \/>\n<meta name=\"twitter:card\" content=\"summary_large_image\" \/>\n<meta name=\"twitter:label1\" content=\"Gesch\u00e4tzte Lesezeit\" \/>\n\t<meta name=\"twitter:data1\" content=\"2\u00a0Minuten\" \/>\n<script type=\"application\/ld+json\" class=\"yoast-schema-graph\">{\"@context\":\"https:\\\/\\\/schema.org\",\"@graph\":[{\"@type\":\"WebPage\",\"@id\":\"https:\\\/\\\/easyliferobo.com\\\/de\\\/product\\\/dji-neo-mini-drohne-mit-kamera-4k-uhd-fuer-erwachsene-135-g-selbstfliegende-drohne-motivverfolgung-handstart-quickshots-integrierter-propellerschutz-quadrocopter-ohne-controller\\\/\",\"url\":\"https:\\\/\\\/easyliferobo.com\\\/de\\\/product\\\/dji-neo-mini-drohne-mit-kamera-4k-uhd-fuer-erwachsene-135-g-selbstfliegende-drohne-motivverfolgung-handstart-quickshots-integrierter-propellerschutz-quadrocopter-ohne-controller\\\/\",\"name\":\"DJI Neo Mini-Drohne mit Kamera 4K UHD f\u00fcr Erwachsene, 135 g, selbstfliegende Drohne, Motivverfolgung, Handstart, QuickShots, integrierter Propellerschutz, Quadrocopter, ohne Controller - EasyLifeBro\",\"isPartOf\":{\"@id\":\"https:\\\/\\\/easyliferobo.com\\\/de\\\/#website\"},\"primaryImageOfPage\":{\"@id\":\"https:\\\/\\\/easyliferobo.com\\\/de\\\/product\\\/dji-neo-mini-drohne-mit-kamera-4k-uhd-fuer-erwachsene-135-g-selbstfliegende-drohne-motivverfolgung-handstart-quickshots-integrierter-propellerschutz-quadrocopter-ohne-controller\\\/#primaryimage\"},\"image\":{\"@id\":\"https:\\\/\\\/easyliferobo.com\\\/de\\\/product\\\/dji-neo-mini-drohne-mit-kamera-4k-uhd-fuer-erwachsene-135-g-selbstfliegende-drohne-motivverfolgung-handstart-quickshots-integrierter-propellerschutz-quadrocopter-ohne-controller\\\/#primaryimage\"},\"thumbnailUrl\":\"https:\\\/\\\/easyliferobo.com\\\/de\\\/wp-content\\\/uploads\\\/2026\\\/02\\\/615CGt36VBL._AC_SL1500_.jpg\",\"datePublished\":\"2026-02-27T13:05:02+00:00\",\"dateModified\":\"2026-02-27T13:05:20+00:00\",\"description\":\"Entdecken Sie smarte Roboter f\u00fcr Zuhause, Garten, Bildung und Sicherheit. Vergleichen Sie Saugroboter, Rasenm\u00e4hroboter, KI-Begleitroboter und mehr bei EasyLifeRobo.\",\"breadcrumb\":{\"@id\":\"https:\\\/\\\/easyliferobo.com\\\/de\\\/product\\\/dji-neo-mini-drohne-mit-kamera-4k-uhd-fuer-erwachsene-135-g-selbstfliegende-drohne-motivverfolgung-handstart-quickshots-integrierter-propellerschutz-quadrocopter-ohne-controller\\\/#breadcrumb\"},\"inLanguage\":\"de\",\"potentialAction\":[{\"@type\":\"ReadAction\",\"target\":[\"https:\\\/\\\/easyliferobo.com\\\/de\\\/product\\\/dji-neo-mini-drohne-mit-kamera-4k-uhd-fuer-erwachsene-135-g-selbstfliegende-drohne-motivverfolgung-handstart-quickshots-integrierter-propellerschutz-quadrocopter-ohne-controller\\\/\"]}]},{\"@type\":\"ImageObject\",\"inLanguage\":\"de\",\"@id\":\"https:\\\/\\\/easyliferobo.com\\\/de\\\/product\\\/dji-neo-mini-drohne-mit-kamera-4k-uhd-fuer-erwachsene-135-g-selbstfliegende-drohne-motivverfolgung-handstart-quickshots-integrierter-propellerschutz-quadrocopter-ohne-controller\\\/#primaryimage\",\"url\":\"https:\\\/\\\/easyliferobo.com\\\/de\\\/wp-content\\\/uploads\\\/2026\\\/02\\\/615CGt36VBL._AC_SL1500_.jpg\",\"contentUrl\":\"https:\\\/\\\/easyliferobo.com\\\/de\\\/wp-content\\\/uploads\\\/2026\\\/02\\\/615CGt36VBL._AC_SL1500_.jpg\",\"width\":1500,\"height\":523},{\"@type\":\"BreadcrumbList\",\"@id\":\"https:\\\/\\\/easyliferobo.com\\\/de\\\/product\\\/dji-neo-mini-drohne-mit-kamera-4k-uhd-fuer-erwachsene-135-g-selbstfliegende-drohne-motivverfolgung-handstart-quickshots-integrierter-propellerschutz-quadrocopter-ohne-controller\\\/#breadcrumb\",\"itemListElement\":[{\"@type\":\"ListItem\",\"position\":1,\"name\":\"Home\",\"item\":\"https:\\\/\\\/easyliferobo.com\\\/de\\\/\"},{\"@type\":\"ListItem\",\"position\":2,\"name\":\"Shop\",\"item\":\"https:\\\/\\\/easyliferobo.com\\\/de\\\/shop\\\/\"},{\"@type\":\"ListItem\",\"position\":3,\"name\":\"DJI Neo Mini-Drohne mit Kamera 4K U...\"}]},{\"@type\":\"WebSite\",\"@id\":\"https:\\\/\\\/easyliferobo.com\\\/de\\\/#website\",\"url\":\"https:\\\/\\\/easyliferobo.com\\\/de\\\/\",\"name\":\"EasyLifeBro\",\"description\":\"Smarte Roboter f\u00fcr Zuhause, Garten &amp; Bildung\",\"publisher\":{\"@id\":\"https:\\\/\\\/easyliferobo.com\\\/de\\\/#organization\"},\"potentialAction\":[{\"@type\":\"SearchAction\",\"target\":{\"@type\":\"EntryPoint\",\"urlTemplate\":\"https:\\\/\\\/easyliferobo.com\\\/de\\\/?s={search_term_string}\"},\"query-input\":{\"@type\":\"PropertyValueSpecification\",\"valueRequired\":true,\"valueName\":\"search_term_string\"}}],\"inLanguage\":\"de\"},{\"@type\":\"Organization\",\"@id\":\"https:\\\/\\\/easyliferobo.com\\\/de\\\/#organization\",\"name\":\"EasyLifeBro\",\"url\":\"https:\\\/\\\/easyliferobo.com\\\/de\\\/\",\"logo\":{\"@type\":\"ImageObject\",\"inLanguage\":\"de\",\"@id\":\"https:\\\/\\\/easyliferobo.com\\\/de\\\/#\\\/schema\\\/logo\\\/image\\\/\",\"url\":\"https:\\\/\\\/easyliferobo.com\\\/de\\\/wp-content\\\/uploads\\\/2026\\\/02\\\/Screenshot-2026-02-22-at-2.25.03-PM.png\",\"contentUrl\":\"https:\\\/\\\/easyliferobo.com\\\/de\\\/wp-content\\\/uploads\\\/2026\\\/02\\\/Screenshot-2026-02-22-at-2.25.03-PM.png\",\"width\":1858,\"height\":430,\"caption\":\"EasyLifeBro\"},\"image\":{\"@id\":\"https:\\\/\\\/easyliferobo.com\\\/de\\\/#\\\/schema\\\/logo\\\/image\\\/\"}}]}<\/script>\n<!-- \/ Yoast SEO plugin. -->","yoast_head_json":{"title":"DJI Neo Mini-Drohne mit Kamera 4K UHD f\u00fcr Erwachsene, 135 g, selbstfliegende Drohne, Motivverfolgung, Handstart, QuickShots, integrierter Propellerschutz, Quadrocopter, ohne Controller - EasyLifeBro","description":"Entdecken Sie smarte Roboter f\u00fcr Zuhause, Garten, Bildung und Sicherheit. Vergleichen Sie Saugroboter, Rasenm\u00e4hroboter, KI-Begleitroboter und mehr bei EasyLifeRobo.","robots":{"index":"index","follow":"follow","max-snippet":"max-snippet:-1","max-image-preview":"max-image-preview:large","max-video-preview":"max-video-preview:-1"},"canonical":"https:\/\/easyliferobo.com\/de\/product\/dji-neo-mini-drohne-mit-kamera-4k-uhd-fuer-erwachsene-135-g-selbstfliegende-drohne-motivverfolgung-handstart-quickshots-integrierter-propellerschutz-quadrocopter-ohne-controller\/","og_locale":"de_DE","og_type":"article","og_title":"DJI Neo Mini-Drohne mit Kamera 4K UHD f\u00fcr Erwachsene, 135 g, selbstfliegende Drohne, Motivverfolgung, Handstart, QuickShots, integrierter Propellerschutz, Quadrocopter, ohne Controller - EasyLifeBro","og_description":"Entdecken Sie smarte Roboter f\u00fcr Zuhause, Garten, Bildung und Sicherheit. Vergleichen Sie Saugroboter, Rasenm\u00e4hroboter, KI-Begleitroboter und mehr bei EasyLifeRobo.","og_url":"https:\/\/easyliferobo.com\/de\/product\/dji-neo-mini-drohne-mit-kamera-4k-uhd-fuer-erwachsene-135-g-selbstfliegende-drohne-motivverfolgung-handstart-quickshots-integrierter-propellerschutz-quadrocopter-ohne-controller\/","og_site_name":"EasyLifeBro","article_modified_time":"2026-02-27T13:05:20+00:00","twitter_card":"summary_large_image","twitter_misc":{"Gesch\u00e4tzte Lesezeit":"2\u00a0Minuten"},"schema":{"@context":"https:\/\/schema.org","@graph":[{"@type":"WebPage","@id":"https:\/\/easyliferobo.com\/de\/product\/dji-neo-mini-drohne-mit-kamera-4k-uhd-fuer-erwachsene-135-g-selbstfliegende-drohne-motivverfolgung-handstart-quickshots-integrierter-propellerschutz-quadrocopter-ohne-controller\/","url":"https:\/\/easyliferobo.com\/de\/product\/dji-neo-mini-drohne-mit-kamera-4k-uhd-fuer-erwachsene-135-g-selbstfliegende-drohne-motivverfolgung-handstart-quickshots-integrierter-propellerschutz-quadrocopter-ohne-controller\/","name":"DJI Neo Mini-Drohne mit Kamera 4K UHD f\u00fcr Erwachsene, 135 g, selbstfliegende Drohne, Motivverfolgung, Handstart, QuickShots, integrierter Propellerschutz, Quadrocopter, ohne Controller - EasyLifeBro","isPartOf":{"@id":"https:\/\/easyliferobo.com\/de\/#website"},"primaryImageOfPage":{"@id":"https:\/\/easyliferobo.com\/de\/product\/dji-neo-mini-drohne-mit-kamera-4k-uhd-fuer-erwachsene-135-g-selbstfliegende-drohne-motivverfolgung-handstart-quickshots-integrierter-propellerschutz-quadrocopter-ohne-controller\/#primaryimage"},"image":{"@id":"https:\/\/easyliferobo.com\/de\/product\/dji-neo-mini-drohne-mit-kamera-4k-uhd-fuer-erwachsene-135-g-selbstfliegende-drohne-motivverfolgung-handstart-quickshots-integrierter-propellerschutz-quadrocopter-ohne-controller\/#primaryimage"},"thumbnailUrl":"https:\/\/easyliferobo.com\/de\/wp-content\/uploads\/2026\/02\/615CGt36VBL._AC_SL1500_.jpg","datePublished":"2026-02-27T13:05:02+00:00","dateModified":"2026-02-27T13:05:20+00:00","description":"Entdecken Sie smarte Roboter f\u00fcr Zuhause, Garten, Bildung und Sicherheit. Vergleichen Sie Saugroboter, Rasenm\u00e4hroboter, KI-Begleitroboter und mehr bei EasyLifeRobo.","breadcrumb":{"@id":"https:\/\/easyliferobo.com\/de\/product\/dji-neo-mini-drohne-mit-kamera-4k-uhd-fuer-erwachsene-135-g-selbstfliegende-drohne-motivverfolgung-handstart-quickshots-integrierter-propellerschutz-quadrocopter-ohne-controller\/#breadcrumb"},"inLanguage":"de","potentialAction":[{"@type":"ReadAction","target":["https:\/\/easyliferobo.com\/de\/product\/dji-neo-mini-drohne-mit-kamera-4k-uhd-fuer-erwachsene-135-g-selbstfliegende-drohne-motivverfolgung-handstart-quickshots-integrierter-propellerschutz-quadrocopter-ohne-controller\/"]}]},{"@type":"ImageObject","inLanguage":"de","@id":"https:\/\/easyliferobo.com\/de\/product\/dji-neo-mini-drohne-mit-kamera-4k-uhd-fuer-erwachsene-135-g-selbstfliegende-drohne-motivverfolgung-handstart-quickshots-integrierter-propellerschutz-quadrocopter-ohne-controller\/#primaryimage","url":"https:\/\/easyliferobo.com\/de\/wp-content\/uploads\/2026\/02\/615CGt36VBL._AC_SL1500_.jpg","contentUrl":"https:\/\/easyliferobo.com\/de\/wp-content\/uploads\/2026\/02\/615CGt36VBL._AC_SL1500_.jpg","width":1500,"height":523},{"@type":"BreadcrumbList","@id":"https:\/\/easyliferobo.com\/de\/product\/dji-neo-mini-drohne-mit-kamera-4k-uhd-fuer-erwachsene-135-g-selbstfliegende-drohne-motivverfolgung-handstart-quickshots-integrierter-propellerschutz-quadrocopter-ohne-controller\/#breadcrumb","itemListElement":[{"@type":"ListItem","position":1,"name":"Home","item":"https:\/\/easyliferobo.com\/de\/"},{"@type":"ListItem","position":2,"name":"Shop","item":"https:\/\/easyliferobo.com\/de\/shop\/"},{"@type":"ListItem","position":3,"name":"DJI Neo Mini-Drohne mit Kamera 4K U..."}]},{"@type":"WebSite","@id":"https:\/\/easyliferobo.com\/de\/#website","url":"https:\/\/easyliferobo.com\/de\/","name":"EasyLifeBro","description":"Smarte Roboter f\u00fcr Zuhause, Garten &amp; Bildung","publisher":{"@id":"https:\/\/easyliferobo.com\/de\/#organization"},"potentialAction":[{"@type":"SearchAction","target":{"@type":"EntryPoint","urlTemplate":"https:\/\/easyliferobo.com\/de\/?s={search_term_string}"},"query-input":{"@type":"PropertyValueSpecification","valueRequired":true,"valueName":"search_term_string"}}],"inLanguage":"de"},{"@type":"Organization","@id":"https:\/\/easyliferobo.com\/de\/#organization","name":"EasyLifeBro","url":"https:\/\/easyliferobo.com\/de\/","logo":{"@type":"ImageObject","inLanguage":"de","@id":"https:\/\/easyliferobo.com\/de\/#\/schema\/logo\/image\/","url":"https:\/\/easyliferobo.com\/de\/wp-content\/uploads\/2026\/02\/Screenshot-2026-02-22-at-2.25.03-PM.png","contentUrl":"https:\/\/easyliferobo.com\/de\/wp-content\/uploads\/2026\/02\/Screenshot-2026-02-22-at-2.25.03-PM.png","width":1858,"height":430,"caption":"EasyLifeBro"},"image":{"@id":"https:\/\/easyliferobo.com\/de\/#\/schema\/logo\/image\/"}}]}},"_links":{"self":[{"href":"https:\/\/easyliferobo.com\/de\/wp-json\/wp\/v2\/product\/4471","targetHints":{"allow":["GET"]}}],"collection":[{"href":"https:\/\/easyliferobo.com\/de\/wp-json\/wp\/v2\/product"}],"about":[{"href":"https:\/\/easyliferobo.com\/de\/wp-json\/wp\/v2\/types\/product"}],"replies":[{"embeddable":true,"href":"https:\/\/easyliferobo.com\/de\/wp-json\/wp\/v2\/comments?post=4471"}],"wp:featuredmedia":[{"embeddable":true,"href":"https:\/\/easyliferobo.com\/de\/wp-json\/wp\/v2\/media\/4472"}],"wp:attachment":[{"href":"https:\/\/easyliferobo.com\/de\/wp-json\/wp\/v2\/media?parent=4471"}],"wp:term":[{"taxonomy":"store","embeddable":true,"href":"https:\/\/easyliferobo.com\/de\/wp-json\/wp\/v2\/store?post=4471"},{"taxonomy":"product_brand","embeddable":true,"href":"https:\/\/easyliferobo.com\/de\/wp-json\/wp\/v2\/product_brand?post=4471"},{"taxonomy":"product_cat","embeddable":true,"href":"https:\/\/easyliferobo.com\/de\/wp-json\/wp\/v2\/product_cat?post=4471"},{"taxonomy":"product_tag","embeddable":true,"href":"https:\/\/easyliferobo.com\/de\/wp-json\/wp\/v2\/product_tag?post=4471"}],"curies":[{"name":"wp","href":"https:\/\/api.w.org\/{rel}","templated":true}]}}