
{"id":4469,"date":"2026-02-27T13:04:01","date_gmt":"2026-02-27T13:04:01","guid":{"rendered":"https:\/\/easyliferobo.com\/de\/product\/mobile-roboternavigation-mit-intelligenter-infrarot-bildinterpretation\/"},"modified":"2026-02-27T13:04:03","modified_gmt":"2026-02-27T13:04:03","slug":"mobile-roboternavigation-mit-intelligenter-infrarot-bildinterpretation","status":"publish","type":"product","link":"https:\/\/easyliferobo.com\/de\/product\/mobile-roboternavigation-mit-intelligenter-infrarot-bildinterpretation\/","title":{"rendered":"Mobile Roboternavigation mit intell..."},"content":{"rendered":"\n<p>Mobile Roboter erfordern die F\u00e4higkeit, Entscheidungen wie \u201edurch die Hecken gehen\u201c oder \u201eum die Mauer herumgehen\u201c zu treffen. \u201eMobile Roboternavigation mit intelligenter Infrarotbildinterpretation\u201c beschreibt ausf\u00fchrlich eine Alternative zur GPS-Navigation: ein physikbasiertes, adaptives Bayes\u2019sches Musterklassifizierungsmodell, das ein passives W\u00e4rmeinfrarot-Bildgebungssystem verwendet, um nicht w\u00e4rmeerzeugende Objekte in unstrukturierten Au\u00dfenumgebungen f\u00fcr mobile Roboter automatisch zu charakterisieren. Das resultierende Klassifizierungsmodell erg\u00e4nzt das Situationsbewusstsein eines autonomen Roboters, indem es die M\u00f6glichkeit bietet, kleinere Strukturen zu klassifizieren, die h\u00e4ufig in der unmittelbaren Betriebsumgebung zu finden sind.<\/p>\n<p>ASIN \u200f : \u200e 1848825080       <br \/> Herausgeber \u200f : \u200e Springer       <br \/> Erscheinungsdatum \u200f : 5. M\u00e4rz 2010       <br \/> Auflage \u200f : \u200e 2010       <br \/> Sprache \u200f : \u200e Englisch   <br \/> Druckl\u00e4nge \u200f : \u200e 303 Seiten       <br \/> ISBN-10 \u200f : \u200e 9781848825086       <br \/> ISBN-13 \u200f : \u200e 978-1848825086       <br \/> Abmessungen \u200f : \u200e 15,49 x 2,03 x 23,37 cm       <br \/>[ad_2]<\/p>\n","protected":false},"excerpt":{"rendered":"<p>Mobile Roboter erfordern die F\u00e4higkeit, Entscheidungen wie \u201edurch die Hecken gehen\u201c oder \u201eum die Mauer herumgehen\u201c zu treffen. \u201eMobile Roboternavigation mit intelligenter Infrarotbildinterpretation\u201c beschreibt ausf\u00fchrlich eine Alternative zur GPS-Navigation: ein physikbasiertes, adaptives Bayes\u2019sches Musterklassifizierungsmodell, das ein passives W\u00e4rmeinfrarot-Bildgebungssystem verwendet, um nicht w\u00e4rmeerzeugende Objekte in unstrukturierten Au\u00dfenumgebungen f\u00fcr mobile Roboter automatisch zu charakterisieren. Das resultierende Klassifizierungsmodell [&hellip;]<\/p>\n","protected":false},"featured_media":4470,"comment_status":"open","ping_status":"closed","template":"","meta":{"_aipt_faq_data":""},"store":[],"product_brand":[],"product_cat":[106],"product_tag":[163],"class_list":{"0":"post-4469","1":"product","2":"type-product","3":"status-publish","4":"has-post-thumbnail","6":"product_cat-autonome-mobile-roboter","7":"product_tag-autonome-mobile-roboter-navigation","9":"first","10":"instock","11":"sale","12":"shipping-taxable","13":"product-type-external"},"yoast_head":"<!-- This site is optimized with the Yoast SEO plugin v27.0 - https:\/\/yoast.com\/product\/yoast-seo-wordpress\/ -->\n<title>Mobile Roboternavigation mit intelligenter Infrarot-Bildinterpretation - EasyLifeBro<\/title>\n<meta name=\"description\" content=\"Entdecken Sie smarte Roboter f\u00fcr Zuhause, Garten, Bildung und Sicherheit. Vergleichen Sie Saugroboter, Rasenm\u00e4hroboter, KI-Begleitroboter und mehr bei EasyLifeRobo.\" \/>\n<meta name=\"robots\" content=\"index, follow, max-snippet:-1, max-image-preview:large, max-video-preview:-1\" \/>\n<link rel=\"canonical\" href=\"https:\/\/easyliferobo.com\/de\/product\/mobile-roboternavigation-mit-intelligenter-infrarot-bildinterpretation\/\" \/>\n<meta property=\"og:locale\" content=\"de_DE\" \/>\n<meta property=\"og:type\" content=\"article\" \/>\n<meta property=\"og:title\" content=\"Mobile Roboternavigation mit intelligenter Infrarot-Bildinterpretation - EasyLifeBro\" \/>\n<meta property=\"og:description\" content=\"Entdecken Sie smarte Roboter f\u00fcr Zuhause, Garten, Bildung und Sicherheit. Vergleichen Sie Saugroboter, Rasenm\u00e4hroboter, KI-Begleitroboter und mehr bei EasyLifeRobo.\" \/>\n<meta property=\"og:url\" content=\"https:\/\/easyliferobo.com\/de\/product\/mobile-roboternavigation-mit-intelligenter-infrarot-bildinterpretation\/\" \/>\n<meta property=\"og:site_name\" content=\"EasyLifeBro\" \/>\n<meta property=\"article:modified_time\" content=\"2026-02-27T13:04:03+00:00\" \/>\n<meta name=\"twitter:card\" content=\"summary_large_image\" \/>\n<meta name=\"twitter:label1\" content=\"Gesch\u00e4tzte Lesezeit\" \/>\n\t<meta name=\"twitter:data1\" content=\"1\u00a0Minute\" \/>\n<script type=\"application\/ld+json\" class=\"yoast-schema-graph\">{\"@context\":\"https:\/\/schema.org\",\"@graph\":[{\"@type\":\"WebPage\",\"@id\":\"https:\/\/easyliferobo.com\/de\/product\/mobile-roboternavigation-mit-intelligenter-infrarot-bildinterpretation\/\",\"url\":\"https:\/\/easyliferobo.com\/de\/product\/mobile-roboternavigation-mit-intelligenter-infrarot-bildinterpretation\/\",\"name\":\"Mobile Roboternavigation mit intelligenter Infrarot-Bildinterpretation - EasyLifeBro\",\"isPartOf\":{\"@id\":\"https:\/\/easyliferobo.com\/de\/#website\"},\"primaryImageOfPage\":{\"@id\":\"https:\/\/easyliferobo.com\/de\/product\/mobile-roboternavigation-mit-intelligenter-infrarot-bildinterpretation\/#primaryimage\"},\"image\":{\"@id\":\"https:\/\/easyliferobo.com\/de\/product\/mobile-roboternavigation-mit-intelligenter-infrarot-bildinterpretation\/#primaryimage\"},\"thumbnailUrl\":\"https:\/\/easyliferobo.com\/de\/wp-content\/uploads\/2026\/02\/61NkQMSh2XL._SL1253_.jpg\",\"datePublished\":\"2026-02-27T13:04:01+00:00\",\"dateModified\":\"2026-02-27T13:04:03+00:00\",\"description\":\"Entdecken Sie smarte Roboter f\u00fcr Zuhause, Garten, Bildung und Sicherheit. Vergleichen Sie Saugroboter, Rasenm\u00e4hroboter, KI-Begleitroboter und mehr bei EasyLifeRobo.\",\"breadcrumb\":{\"@id\":\"https:\/\/easyliferobo.com\/de\/product\/mobile-roboternavigation-mit-intelligenter-infrarot-bildinterpretation\/#breadcrumb\"},\"inLanguage\":\"de\",\"potentialAction\":[{\"@type\":\"ReadAction\",\"target\":[\"https:\/\/easyliferobo.com\/de\/product\/mobile-roboternavigation-mit-intelligenter-infrarot-bildinterpretation\/\"]}]},{\"@type\":\"ImageObject\",\"inLanguage\":\"de\",\"@id\":\"https:\/\/easyliferobo.com\/de\/product\/mobile-roboternavigation-mit-intelligenter-infrarot-bildinterpretation\/#primaryimage\",\"url\":\"https:\/\/easyliferobo.com\/de\/wp-content\/uploads\/2026\/02\/61NkQMSh2XL._SL1253_.jpg\",\"contentUrl\":\"https:\/\/easyliferobo.com\/de\/wp-content\/uploads\/2026\/02\/61NkQMSh2XL._SL1253_.jpg\",\"width\":827,\"height\":1253},{\"@type\":\"BreadcrumbList\",\"@id\":\"https:\/\/easyliferobo.com\/de\/product\/mobile-roboternavigation-mit-intelligenter-infrarot-bildinterpretation\/#breadcrumb\",\"itemListElement\":[{\"@type\":\"ListItem\",\"position\":1,\"name\":\"Home\",\"item\":\"https:\/\/easyliferobo.com\/de\/\"},{\"@type\":\"ListItem\",\"position\":2,\"name\":\"Shop\",\"item\":\"https:\/\/easyliferobo.com\/de\/shop\/\"},{\"@type\":\"ListItem\",\"position\":3,\"name\":\"Mobile Roboternavigation mit intell...\"}]},{\"@type\":\"WebSite\",\"@id\":\"https:\/\/easyliferobo.com\/de\/#website\",\"url\":\"https:\/\/easyliferobo.com\/de\/\",\"name\":\"EasyLifeBro\",\"description\":\"Smarte Roboter f\u00fcr Zuhause, Garten &amp; Bildung\",\"publisher\":{\"@id\":\"https:\/\/easyliferobo.com\/de\/#organization\"},\"potentialAction\":[{\"@type\":\"SearchAction\",\"target\":{\"@type\":\"EntryPoint\",\"urlTemplate\":\"https:\/\/easyliferobo.com\/de\/?s={search_term_string}\"},\"query-input\":{\"@type\":\"PropertyValueSpecification\",\"valueRequired\":true,\"valueName\":\"search_term_string\"}}],\"inLanguage\":\"de\"},{\"@type\":\"Organization\",\"@id\":\"https:\/\/easyliferobo.com\/de\/#organization\",\"name\":\"EasyLifeBro\",\"url\":\"https:\/\/easyliferobo.com\/de\/\",\"logo\":{\"@type\":\"ImageObject\",\"inLanguage\":\"de\",\"@id\":\"https:\/\/easyliferobo.com\/de\/#\/schema\/logo\/image\/\",\"url\":\"https:\/\/easyliferobo.com\/de\/wp-content\/uploads\/2026\/02\/Screenshot-2026-02-22-at-2.25.03-PM.png\",\"contentUrl\":\"https:\/\/easyliferobo.com\/de\/wp-content\/uploads\/2026\/02\/Screenshot-2026-02-22-at-2.25.03-PM.png\",\"width\":1858,\"height\":430,\"caption\":\"EasyLifeBro\"},\"image\":{\"@id\":\"https:\/\/easyliferobo.com\/de\/#\/schema\/logo\/image\/\"}}]}<\/script>\n<!-- \/ Yoast SEO plugin. -->","yoast_head_json":{"title":"Mobile Roboternavigation mit intelligenter Infrarot-Bildinterpretation - EasyLifeBro","description":"Entdecken Sie smarte Roboter f\u00fcr Zuhause, Garten, Bildung und Sicherheit. Vergleichen Sie Saugroboter, Rasenm\u00e4hroboter, KI-Begleitroboter und mehr bei EasyLifeRobo.","robots":{"index":"index","follow":"follow","max-snippet":"max-snippet:-1","max-image-preview":"max-image-preview:large","max-video-preview":"max-video-preview:-1"},"canonical":"https:\/\/easyliferobo.com\/de\/product\/mobile-roboternavigation-mit-intelligenter-infrarot-bildinterpretation\/","og_locale":"de_DE","og_type":"article","og_title":"Mobile Roboternavigation mit intelligenter Infrarot-Bildinterpretation - EasyLifeBro","og_description":"Entdecken Sie smarte Roboter f\u00fcr Zuhause, Garten, Bildung und Sicherheit. Vergleichen Sie Saugroboter, Rasenm\u00e4hroboter, KI-Begleitroboter und mehr bei EasyLifeRobo.","og_url":"https:\/\/easyliferobo.com\/de\/product\/mobile-roboternavigation-mit-intelligenter-infrarot-bildinterpretation\/","og_site_name":"EasyLifeBro","article_modified_time":"2026-02-27T13:04:03+00:00","twitter_card":"summary_large_image","twitter_misc":{"Gesch\u00e4tzte Lesezeit":"1\u00a0Minute"},"schema":{"@context":"https:\/\/schema.org","@graph":[{"@type":"WebPage","@id":"https:\/\/easyliferobo.com\/de\/product\/mobile-roboternavigation-mit-intelligenter-infrarot-bildinterpretation\/","url":"https:\/\/easyliferobo.com\/de\/product\/mobile-roboternavigation-mit-intelligenter-infrarot-bildinterpretation\/","name":"Mobile Roboternavigation mit intelligenter Infrarot-Bildinterpretation - EasyLifeBro","isPartOf":{"@id":"https:\/\/easyliferobo.com\/de\/#website"},"primaryImageOfPage":{"@id":"https:\/\/easyliferobo.com\/de\/product\/mobile-roboternavigation-mit-intelligenter-infrarot-bildinterpretation\/#primaryimage"},"image":{"@id":"https:\/\/easyliferobo.com\/de\/product\/mobile-roboternavigation-mit-intelligenter-infrarot-bildinterpretation\/#primaryimage"},"thumbnailUrl":"https:\/\/easyliferobo.com\/de\/wp-content\/uploads\/2026\/02\/61NkQMSh2XL._SL1253_.jpg","datePublished":"2026-02-27T13:04:01+00:00","dateModified":"2026-02-27T13:04:03+00:00","description":"Entdecken Sie smarte Roboter f\u00fcr Zuhause, Garten, Bildung und Sicherheit. Vergleichen Sie Saugroboter, Rasenm\u00e4hroboter, KI-Begleitroboter und mehr bei EasyLifeRobo.","breadcrumb":{"@id":"https:\/\/easyliferobo.com\/de\/product\/mobile-roboternavigation-mit-intelligenter-infrarot-bildinterpretation\/#breadcrumb"},"inLanguage":"de","potentialAction":[{"@type":"ReadAction","target":["https:\/\/easyliferobo.com\/de\/product\/mobile-roboternavigation-mit-intelligenter-infrarot-bildinterpretation\/"]}]},{"@type":"ImageObject","inLanguage":"de","@id":"https:\/\/easyliferobo.com\/de\/product\/mobile-roboternavigation-mit-intelligenter-infrarot-bildinterpretation\/#primaryimage","url":"https:\/\/easyliferobo.com\/de\/wp-content\/uploads\/2026\/02\/61NkQMSh2XL._SL1253_.jpg","contentUrl":"https:\/\/easyliferobo.com\/de\/wp-content\/uploads\/2026\/02\/61NkQMSh2XL._SL1253_.jpg","width":827,"height":1253},{"@type":"BreadcrumbList","@id":"https:\/\/easyliferobo.com\/de\/product\/mobile-roboternavigation-mit-intelligenter-infrarot-bildinterpretation\/#breadcrumb","itemListElement":[{"@type":"ListItem","position":1,"name":"Home","item":"https:\/\/easyliferobo.com\/de\/"},{"@type":"ListItem","position":2,"name":"Shop","item":"https:\/\/easyliferobo.com\/de\/shop\/"},{"@type":"ListItem","position":3,"name":"Mobile Roboternavigation mit intell..."}]},{"@type":"WebSite","@id":"https:\/\/easyliferobo.com\/de\/#website","url":"https:\/\/easyliferobo.com\/de\/","name":"EasyLifeBro","description":"Smarte Roboter f\u00fcr Zuhause, Garten &amp; Bildung","publisher":{"@id":"https:\/\/easyliferobo.com\/de\/#organization"},"potentialAction":[{"@type":"SearchAction","target":{"@type":"EntryPoint","urlTemplate":"https:\/\/easyliferobo.com\/de\/?s={search_term_string}"},"query-input":{"@type":"PropertyValueSpecification","valueRequired":true,"valueName":"search_term_string"}}],"inLanguage":"de"},{"@type":"Organization","@id":"https:\/\/easyliferobo.com\/de\/#organization","name":"EasyLifeBro","url":"https:\/\/easyliferobo.com\/de\/","logo":{"@type":"ImageObject","inLanguage":"de","@id":"https:\/\/easyliferobo.com\/de\/#\/schema\/logo\/image\/","url":"https:\/\/easyliferobo.com\/de\/wp-content\/uploads\/2026\/02\/Screenshot-2026-02-22-at-2.25.03-PM.png","contentUrl":"https:\/\/easyliferobo.com\/de\/wp-content\/uploads\/2026\/02\/Screenshot-2026-02-22-at-2.25.03-PM.png","width":1858,"height":430,"caption":"EasyLifeBro"},"image":{"@id":"https:\/\/easyliferobo.com\/de\/#\/schema\/logo\/image\/"}}]}},"_links":{"self":[{"href":"https:\/\/easyliferobo.com\/de\/wp-json\/wp\/v2\/product\/4469","targetHints":{"allow":["GET"]}}],"collection":[{"href":"https:\/\/easyliferobo.com\/de\/wp-json\/wp\/v2\/product"}],"about":[{"href":"https:\/\/easyliferobo.com\/de\/wp-json\/wp\/v2\/types\/product"}],"replies":[{"embeddable":true,"href":"https:\/\/easyliferobo.com\/de\/wp-json\/wp\/v2\/comments?post=4469"}],"wp:featuredmedia":[{"embeddable":true,"href":"https:\/\/easyliferobo.com\/de\/wp-json\/wp\/v2\/media\/4470"}],"wp:attachment":[{"href":"https:\/\/easyliferobo.com\/de\/wp-json\/wp\/v2\/media?parent=4469"}],"wp:term":[{"taxonomy":"store","embeddable":true,"href":"https:\/\/easyliferobo.com\/de\/wp-json\/wp\/v2\/store?post=4469"},{"taxonomy":"product_brand","embeddable":true,"href":"https:\/\/easyliferobo.com\/de\/wp-json\/wp\/v2\/product_brand?post=4469"},{"taxonomy":"product_cat","embeddable":true,"href":"https:\/\/easyliferobo.com\/de\/wp-json\/wp\/v2\/product_cat?post=4469"},{"taxonomy":"product_tag","embeddable":true,"href":"https:\/\/easyliferobo.com\/de\/wp-json\/wp\/v2\/product_tag?post=4469"}],"curies":[{"name":"wp","href":"https:\/\/api.w.org\/{rel}","templated":true}]}}