
{"id":4461,"date":"2026-02-27T13:01:04","date_gmt":"2026-02-27T13:01:04","guid":{"rendered":"https:\/\/easyliferobo.com\/de\/product\/rehabilitationsroboter-handschuhe-handfunktion-wiederaufladbare-rehabilitationshandschuhe-handtherapiehandschuh-mit-spiegelfunktion-schlaganfall-hemiplegie-rehabilitationshandschuh-linke-hand-l\/"},"modified":"2026-02-27T13:01:22","modified_gmt":"2026-02-27T13:01:22","slug":"rehabilitationsroboter-handschuhe-handfunktion-wiederaufladbare-rehabilitationshandschuhe-handtherapiehandschuh-mit-spiegelfunktion-schlaganfall-hemiplegie-rehabilitationshandschuh-linke-hand-l","status":"publish","type":"product","link":"https:\/\/easyliferobo.com\/de\/product\/rehabilitationsroboter-handschuhe-handfunktion-wiederaufladbare-rehabilitationshandschuhe-handtherapiehandschuh-mit-spiegelfunktion-schlaganfall-hemiplegie-rehabilitationshandschuh-linke-hand-l\/","title":{"rendered":"Rehabilitationsroboter-Handschuhe, ..."},"content":{"rendered":"<p>\n                                             Produktbeschreibung   <\/p>\n<p>                                                  <img decoding=\"async\" alt=\"1\" src=\"https:\/\/images-na.ssl-images-amazon.com\/images\/G\/01\/x-locale\/common\/grey-pixel.gif\" class=\"a-lazy-loaded\" data-src=\"https:\/\/m.media-amazon.com\/images\/S\/aplus-media-library-service-media\/8767d8e8-c574-4a2c-a347-b78c7a47b0c9.__CR0,0,970,300_PT0_SX970_V1___.jpg\"><img decoding=\"async\" alt=\"1\" src=\"https:\/\/m.media-amazon.com\/images\/S\/aplus-media-library-service-media\/8767d8e8-c574-4a2c-a347-b78c7a47b0c9.__CR0,0,970,300_PT0_SX970_V1___.jpg\">  <\/p>\n<p>                                                  <img decoding=\"async\" alt=\"2\" src=\"https:\/\/images-na.ssl-images-amazon.com\/images\/G\/01\/x-locale\/common\/grey-pixel.gif\" class=\"a-lazy-loaded\" data-src=\"https:\/\/m.media-amazon.com\/images\/S\/aplus-media-library-service-media\/c3181034-2e81-4ef4-880f-832310b355e1.__CR0,0,970,300_PT0_SX970_V1___.jpg\"><img decoding=\"async\" alt=\"2\" src=\"https:\/\/m.media-amazon.com\/images\/S\/aplus-media-library-service-media\/c3181034-2e81-4ef4-880f-832310b355e1.__CR0,0,970,300_PT0_SX970_V1___.jpg\">  <\/p>\n<p>                                                                             <img decoding=\"async\" alt=\"3\" src=\"https:\/\/images-na.ssl-images-amazon.com\/images\/G\/01\/x-locale\/common\/grey-pixel.gif\" class=\"a-spacing-base a-lazy-loaded\" data-src=\"https:\/\/m.media-amazon.com\/images\/S\/aplus-media-library-service-media\/0351e7b8-9cfc-4f99-846c-fe35a189483b.__CR0,0,970,600_PT0_SX970_V1___.jpg\"><img decoding=\"async\" alt=\"3\" src=\"https:\/\/m.media-amazon.com\/images\/S\/aplus-media-library-service-media\/0351e7b8-9cfc-4f99-846c-fe35a189483b.__CR0,0,970,600_PT0_SX970_V1___.jpg\">                                                                    <\/p>\n<p>                                                                             <img decoding=\"async\" alt=\"4\" src=\"https:\/\/images-na.ssl-images-amazon.com\/images\/G\/01\/x-locale\/common\/grey-pixel.gif\" class=\"a-spacing-base a-lazy-loaded\" data-src=\"https:\/\/m.media-amazon.com\/images\/S\/aplus-media-library-service-media\/ca9b8048-32a5-44f9-9596-3b1c59f43f4c.__CR0,0,970,600_PT0_SX970_V1___.jpg\"><img decoding=\"async\" alt=\"4\" src=\"https:\/\/m.media-amazon.com\/images\/S\/aplus-media-library-service-media\/ca9b8048-32a5-44f9-9596-3b1c59f43f4c.__CR0,0,970,600_PT0_SX970_V1___.jpg\">                                                                    <\/p>\n<p>                                                                             <img decoding=\"async\" alt=\"6\" src=\"https:\/\/images-na.ssl-images-amazon.com\/images\/G\/01\/x-locale\/common\/grey-pixel.gif\" class=\"a-spacing-base a-lazy-loaded\" data-src=\"https:\/\/m.media-amazon.com\/images\/S\/aplus-media-library-service-media\/d56d666c-f3b2-4b73-9c2f-bb25ab26b0c0.__CR0,0,1920,1188_PT0_SX970_V1___.jpg\"><img decoding=\"async\" alt=\"6\" src=\"https:\/\/m.media-amazon.com\/images\/S\/aplus-media-library-service-media\/d56d666c-f3b2-4b73-9c2f-bb25ab26b0c0.__CR0,0,1920,1188_PT0_SX970_V1___.jpg\">                                                                    <\/p>\n<p>                                                                             <img decoding=\"async\" alt=\"8\" src=\"https:\/\/images-na.ssl-images-amazon.com\/images\/G\/01\/x-locale\/common\/grey-pixel.gif\" class=\"a-spacing-base a-lazy-loaded\" data-src=\"https:\/\/m.media-amazon.com\/images\/S\/aplus-media-library-service-media\/2a026aec-7899-4a84-9646-47b7300212d6.__CR0,0,970,600_PT0_SX970_V1___.jpg\"><img decoding=\"async\" alt=\"8\" src=\"https:\/\/m.media-amazon.com\/images\/S\/aplus-media-library-service-media\/2a026aec-7899-4a84-9646-47b7300212d6.__CR0,0,970,600_PT0_SX970_V1___.jpg\">                                                                    <\/p>\n<p>  Batterien \u200f : \u200e 1 9V-Batterien erforderlich.   <br \/> Produktabmessungen \u200f : \u200e 23 x 16 x 7 cm; 600 g   <br \/> Hersteller \u200f : \u200e YCKJXSMA   <br \/> ASIN \u200f : \u200e B0F37J4XHZ   <br \/> Modellnummer des Artikels \u200f : \u200e USB   <br \/> Herkunftsland \u200f : \u200e China   <br \/>  Kundenrezensionen: 3,8 3,8 von 5 Sternen (21) var dpAcrHasRegisteredArcLinkClickAction; P.when(&#8218;A&#8216;, &#8218;ready&#8216;).execute(function(A) { if (dpAcrHasRegisteredArcLinkClickAction !== true) { dpAcrHasRegisteredArcLinkClickAction = true; A.declarative( &#8218;acrLink-click-metrics&#8216;, &#8218;click&#8216;, { &#8222;allowLinkDefault&#8220;: true }, function (event) { if (window.ue) { ue.count(&#8222;acrLinkClickCount&#8220;, (ue.count(&#8222;acrLinkClickCount&#8220;) || 0) + 1 } } }); P.when(&#8218;A&#8216;, &#8218;cf&#8216;).execute(function(A) { A.declarative(&#8218;acrStarsLink-click-metrics&#8216;, &#8218;click&#8216;, { &#8222;allowLinkDefault&#8220; : true }, function(event){ if(window.ue) { ue.count(&#8222;acrStarsLinkWithPopoverClickCount&#8220;, (ue.count(&#8222;acrStarsLinkWithPopoverClickCount&#8220;) || 0) + 1); } }); });                          <br \/>Machen Sie Schluss mit den Griffen des Gastgebers: Der hochintegrierte Antrieb ist direkt in den Handschuh integriert, alle Funktionen sind ohne umst\u00e4ndliche Peripherieanschl\u00fcsse integriert. Das Training ist bequemer, die Bewegungsfreiheit ist uneingeschr\u00e4nkt und die Akkulaufzeit ist lang, sodass es leicht zu tragen ist.<br \/>Spiegelfingertraining: Intelligente Nachahmung von Handbewegungen, Nachahmung der Handstrukturproduktion, unabh\u00e4ngiges Greifen, intelligente Nachahmung des Handgreifens, Streckens und Beugens sowie andere Aktionen zur Linderung von Handkr\u00e4mpfen, Steifheit und anderen Problemen. Die kombinierte Wirkung mehrerer Reize verbessert die Wiederherstellungsgeschwindigkeit der Handfunktion.<br \/>MEHRERE MODI F\u00fcr das Rehabilitationstraining sind mehrere Modi erforderlich: Ein-Finger-Trainingsmodus, Passivmodus und Spiegelmodus, damit gut trainierte H\u00e4nde die Bewegungen anderer H\u00e4nde lernen k\u00f6nnen. Sie k\u00f6nnen die Intensit\u00e4t an Ihre spezifische Situation anpassen, egal wie viel Intensit\u00e4t Sie innerhalb eines sicheren Bereichs anpassen k\u00f6nnen, machen Sie sich keine Sorgen um die Intensit\u00e4t.<br \/>USB-LADUNG Unsere Reha-Handschuhe verf\u00fcgen \u00fcber einen USB-Lademodus. Nach dem vollst\u00e4ndigen Aufladen k\u00f6nnen Sie es jederzeit und \u00fcberall verwenden, ohne sich Sorgen machen zu m\u00fcssen, dass Sie drau\u00dfen keine Steckdose finden.<br \/>Anwendbare Personen: Rehabilitationsroboterhandschuhe eignen sich ideal f\u00fcr die Rehabilitation der Handbewegungsfunktion bei Schlaganfallpatienten und eignen sich sehr gut f\u00fcr Handtherapeuten, Hemipletiker und Menschen mit eingeschr\u00e4nkter Fingerbeweglichkeit. Schlaganfall-Handtherapieger\u00e4te verhindern und korrigieren Kontraktursteifheit und Handgelenkstreckmuskeln.<\/p>\n<p>[ad_2]<\/p>\n","protected":false},"excerpt":{"rendered":"<p>Produktbeschreibung Batterien \u200f : \u200e 1 9V-Batterien erforderlich. Produktabmessungen \u200f : \u200e 23 x 16 x 7 cm; 600 g Hersteller \u200f : \u200e YCKJXSMA ASIN \u200f : \u200e B0F37J4XHZ Modellnummer des Artikels \u200f : \u200e USB Herkunftsland \u200f : \u200e China Kundenrezensionen: 3,8 3,8 von 5 Sternen (21) var dpAcrHasRegisteredArcLinkClickAction; P.when(&#8218;A&#8216;, &#8218;ready&#8216;).execute(function(A) { if [&hellip;]<\/p>\n","protected":false},"featured_media":4462,"comment_status":"open","ping_status":"closed","template":"","meta":{"_aipt_faq_data":""},"store":[],"product_brand":[],"product_cat":[108],"product_tag":[265],"class_list":{"0":"post-4461","1":"product","2":"type-product","3":"status-publish","4":"has-post-thumbnail","6":"product_cat-rehabilitationsroboter","7":"product_tag-rehabilitationsroboter-fuer-schlaganfallpatienten","9":"first","10":"instock","11":"shipping-taxable","12":"product-type-external"},"yoast_head":"<!-- This site is optimized with the Yoast SEO plugin v27.4 - https:\/\/yoast.com\/product\/yoast-seo-wordpress\/ -->\n<title>Rehabilitationsroboter-Handschuhe, Handfunktion, wiederaufladbare Rehabilitationshandschuhe, Handtherapiehandschuh mit Spiegelfunktion, Schlaganfall, Hemiplegie-Rehabilitationshandschuh (Linke Hand-L) - EasyLifeBro<\/title>\n<meta name=\"description\" content=\"Entdecken Sie smarte Roboter f\u00fcr Zuhause, Garten, Bildung und Sicherheit. Vergleichen Sie Saugroboter, Rasenm\u00e4hroboter, KI-Begleitroboter und mehr bei EasyLifeRobo.\" \/>\n<meta name=\"robots\" content=\"index, follow, max-snippet:-1, max-image-preview:large, max-video-preview:-1\" \/>\n<link rel=\"canonical\" href=\"https:\/\/easyliferobo.com\/de\/product\/rehabilitationsroboter-handschuhe-handfunktion-wiederaufladbare-rehabilitationshandschuhe-handtherapiehandschuh-mit-spiegelfunktion-schlaganfall-hemiplegie-rehabilitationshandschuh-linke-hand-l\/\" \/>\n<meta property=\"og:locale\" content=\"de_DE\" \/>\n<meta property=\"og:type\" content=\"article\" \/>\n<meta property=\"og:title\" content=\"Rehabilitationsroboter-Handschuhe, Handfunktion, wiederaufladbare Rehabilitationshandschuhe, Handtherapiehandschuh mit Spiegelfunktion, Schlaganfall, Hemiplegie-Rehabilitationshandschuh (Linke Hand-L) - EasyLifeBro\" \/>\n<meta property=\"og:description\" content=\"Entdecken Sie smarte Roboter f\u00fcr Zuhause, Garten, Bildung und Sicherheit. Vergleichen Sie Saugroboter, Rasenm\u00e4hroboter, KI-Begleitroboter und mehr bei EasyLifeRobo.\" \/>\n<meta property=\"og:url\" content=\"https:\/\/easyliferobo.com\/de\/product\/rehabilitationsroboter-handschuhe-handfunktion-wiederaufladbare-rehabilitationshandschuhe-handtherapiehandschuh-mit-spiegelfunktion-schlaganfall-hemiplegie-rehabilitationshandschuh-linke-hand-l\/\" \/>\n<meta property=\"og:site_name\" content=\"EasyLifeBro\" \/>\n<meta property=\"article:modified_time\" content=\"2026-02-27T13:01:22+00:00\" \/>\n<meta property=\"og:image\" content=\"https:\/\/images-na.ssl-images-amazon.com\/images\/G\/01\/x-locale\/common\/grey-pixel.gif\" \/>\n<meta name=\"twitter:card\" content=\"summary_large_image\" \/>\n<meta name=\"twitter:label1\" content=\"Gesch\u00e4tzte Lesezeit\" \/>\n\t<meta name=\"twitter:data1\" content=\"1\u00a0Minute\" \/>\n<script type=\"application\/ld+json\" class=\"yoast-schema-graph\">{\"@context\":\"https:\\\/\\\/schema.org\",\"@graph\":[{\"@type\":\"WebPage\",\"@id\":\"https:\\\/\\\/easyliferobo.com\\\/de\\\/product\\\/rehabilitationsroboter-handschuhe-handfunktion-wiederaufladbare-rehabilitationshandschuhe-handtherapiehandschuh-mit-spiegelfunktion-schlaganfall-hemiplegie-rehabilitationshandschuh-linke-hand-l\\\/\",\"url\":\"https:\\\/\\\/easyliferobo.com\\\/de\\\/product\\\/rehabilitationsroboter-handschuhe-handfunktion-wiederaufladbare-rehabilitationshandschuhe-handtherapiehandschuh-mit-spiegelfunktion-schlaganfall-hemiplegie-rehabilitationshandschuh-linke-hand-l\\\/\",\"name\":\"Rehabilitationsroboter-Handschuhe, Handfunktion, wiederaufladbare Rehabilitationshandschuhe, Handtherapiehandschuh mit Spiegelfunktion, Schlaganfall, Hemiplegie-Rehabilitationshandschuh (Linke Hand-L) - EasyLifeBro\",\"isPartOf\":{\"@id\":\"https:\\\/\\\/easyliferobo.com\\\/de\\\/#website\"},\"primaryImageOfPage\":{\"@id\":\"https:\\\/\\\/easyliferobo.com\\\/de\\\/product\\\/rehabilitationsroboter-handschuhe-handfunktion-wiederaufladbare-rehabilitationshandschuhe-handtherapiehandschuh-mit-spiegelfunktion-schlaganfall-hemiplegie-rehabilitationshandschuh-linke-hand-l\\\/#primaryimage\"},\"image\":{\"@id\":\"https:\\\/\\\/easyliferobo.com\\\/de\\\/product\\\/rehabilitationsroboter-handschuhe-handfunktion-wiederaufladbare-rehabilitationshandschuhe-handtherapiehandschuh-mit-spiegelfunktion-schlaganfall-hemiplegie-rehabilitationshandschuh-linke-hand-l\\\/#primaryimage\"},\"thumbnailUrl\":\"https:\\\/\\\/easyliferobo.com\\\/de\\\/wp-content\\\/uploads\\\/2026\\\/02\\\/712dX0Rl-hL._AC_SL1500_.jpg\",\"datePublished\":\"2026-02-27T13:01:04+00:00\",\"dateModified\":\"2026-02-27T13:01:22+00:00\",\"description\":\"Entdecken Sie smarte Roboter f\u00fcr Zuhause, Garten, Bildung und Sicherheit. Vergleichen Sie Saugroboter, Rasenm\u00e4hroboter, KI-Begleitroboter und mehr bei EasyLifeRobo.\",\"breadcrumb\":{\"@id\":\"https:\\\/\\\/easyliferobo.com\\\/de\\\/product\\\/rehabilitationsroboter-handschuhe-handfunktion-wiederaufladbare-rehabilitationshandschuhe-handtherapiehandschuh-mit-spiegelfunktion-schlaganfall-hemiplegie-rehabilitationshandschuh-linke-hand-l\\\/#breadcrumb\"},\"inLanguage\":\"de\",\"potentialAction\":[{\"@type\":\"ReadAction\",\"target\":[\"https:\\\/\\\/easyliferobo.com\\\/de\\\/product\\\/rehabilitationsroboter-handschuhe-handfunktion-wiederaufladbare-rehabilitationshandschuhe-handtherapiehandschuh-mit-spiegelfunktion-schlaganfall-hemiplegie-rehabilitationshandschuh-linke-hand-l\\\/\"]}]},{\"@type\":\"ImageObject\",\"inLanguage\":\"de\",\"@id\":\"https:\\\/\\\/easyliferobo.com\\\/de\\\/product\\\/rehabilitationsroboter-handschuhe-handfunktion-wiederaufladbare-rehabilitationshandschuhe-handtherapiehandschuh-mit-spiegelfunktion-schlaganfall-hemiplegie-rehabilitationshandschuh-linke-hand-l\\\/#primaryimage\",\"url\":\"https:\\\/\\\/easyliferobo.com\\\/de\\\/wp-content\\\/uploads\\\/2026\\\/02\\\/712dX0Rl-hL._AC_SL1500_.jpg\",\"contentUrl\":\"https:\\\/\\\/easyliferobo.com\\\/de\\\/wp-content\\\/uploads\\\/2026\\\/02\\\/712dX0Rl-hL._AC_SL1500_.jpg\",\"width\":1485,\"height\":1500},{\"@type\":\"BreadcrumbList\",\"@id\":\"https:\\\/\\\/easyliferobo.com\\\/de\\\/product\\\/rehabilitationsroboter-handschuhe-handfunktion-wiederaufladbare-rehabilitationshandschuhe-handtherapiehandschuh-mit-spiegelfunktion-schlaganfall-hemiplegie-rehabilitationshandschuh-linke-hand-l\\\/#breadcrumb\",\"itemListElement\":[{\"@type\":\"ListItem\",\"position\":1,\"name\":\"Home\",\"item\":\"https:\\\/\\\/easyliferobo.com\\\/de\\\/\"},{\"@type\":\"ListItem\",\"position\":2,\"name\":\"Shop\",\"item\":\"https:\\\/\\\/easyliferobo.com\\\/de\\\/shop\\\/\"},{\"@type\":\"ListItem\",\"position\":3,\"name\":\"Rehabilitationsroboter-Handschuhe, ...\"}]},{\"@type\":\"WebSite\",\"@id\":\"https:\\\/\\\/easyliferobo.com\\\/de\\\/#website\",\"url\":\"https:\\\/\\\/easyliferobo.com\\\/de\\\/\",\"name\":\"EasyLifeBro\",\"description\":\"Smarte Roboter f\u00fcr Zuhause, Garten &amp; Bildung\",\"publisher\":{\"@id\":\"https:\\\/\\\/easyliferobo.com\\\/de\\\/#organization\"},\"potentialAction\":[{\"@type\":\"SearchAction\",\"target\":{\"@type\":\"EntryPoint\",\"urlTemplate\":\"https:\\\/\\\/easyliferobo.com\\\/de\\\/?s={search_term_string}\"},\"query-input\":{\"@type\":\"PropertyValueSpecification\",\"valueRequired\":true,\"valueName\":\"search_term_string\"}}],\"inLanguage\":\"de\"},{\"@type\":\"Organization\",\"@id\":\"https:\\\/\\\/easyliferobo.com\\\/de\\\/#organization\",\"name\":\"EasyLifeBro\",\"url\":\"https:\\\/\\\/easyliferobo.com\\\/de\\\/\",\"logo\":{\"@type\":\"ImageObject\",\"inLanguage\":\"de\",\"@id\":\"https:\\\/\\\/easyliferobo.com\\\/de\\\/#\\\/schema\\\/logo\\\/image\\\/\",\"url\":\"https:\\\/\\\/easyliferobo.com\\\/de\\\/wp-content\\\/uploads\\\/2026\\\/02\\\/Screenshot-2026-02-22-at-2.25.03-PM.png\",\"contentUrl\":\"https:\\\/\\\/easyliferobo.com\\\/de\\\/wp-content\\\/uploads\\\/2026\\\/02\\\/Screenshot-2026-02-22-at-2.25.03-PM.png\",\"width\":1858,\"height\":430,\"caption\":\"EasyLifeBro\"},\"image\":{\"@id\":\"https:\\\/\\\/easyliferobo.com\\\/de\\\/#\\\/schema\\\/logo\\\/image\\\/\"}}]}<\/script>\n<!-- \/ Yoast SEO plugin. -->","yoast_head_json":{"title":"Rehabilitationsroboter-Handschuhe, Handfunktion, wiederaufladbare Rehabilitationshandschuhe, Handtherapiehandschuh mit Spiegelfunktion, Schlaganfall, Hemiplegie-Rehabilitationshandschuh (Linke Hand-L) - EasyLifeBro","description":"Entdecken Sie smarte Roboter f\u00fcr Zuhause, Garten, Bildung und Sicherheit. Vergleichen Sie Saugroboter, Rasenm\u00e4hroboter, KI-Begleitroboter und mehr bei EasyLifeRobo.","robots":{"index":"index","follow":"follow","max-snippet":"max-snippet:-1","max-image-preview":"max-image-preview:large","max-video-preview":"max-video-preview:-1"},"canonical":"https:\/\/easyliferobo.com\/de\/product\/rehabilitationsroboter-handschuhe-handfunktion-wiederaufladbare-rehabilitationshandschuhe-handtherapiehandschuh-mit-spiegelfunktion-schlaganfall-hemiplegie-rehabilitationshandschuh-linke-hand-l\/","og_locale":"de_DE","og_type":"article","og_title":"Rehabilitationsroboter-Handschuhe, Handfunktion, wiederaufladbare Rehabilitationshandschuhe, Handtherapiehandschuh mit Spiegelfunktion, Schlaganfall, Hemiplegie-Rehabilitationshandschuh (Linke Hand-L) - EasyLifeBro","og_description":"Entdecken Sie smarte Roboter f\u00fcr Zuhause, Garten, Bildung und Sicherheit. Vergleichen Sie Saugroboter, Rasenm\u00e4hroboter, KI-Begleitroboter und mehr bei EasyLifeRobo.","og_url":"https:\/\/easyliferobo.com\/de\/product\/rehabilitationsroboter-handschuhe-handfunktion-wiederaufladbare-rehabilitationshandschuhe-handtherapiehandschuh-mit-spiegelfunktion-schlaganfall-hemiplegie-rehabilitationshandschuh-linke-hand-l\/","og_site_name":"EasyLifeBro","article_modified_time":"2026-02-27T13:01:22+00:00","og_image":[{"url":"https:\/\/images-na.ssl-images-amazon.com\/images\/G\/01\/x-locale\/common\/grey-pixel.gif","type":"","width":"","height":""}],"twitter_card":"summary_large_image","twitter_misc":{"Gesch\u00e4tzte Lesezeit":"1\u00a0Minute"},"schema":{"@context":"https:\/\/schema.org","@graph":[{"@type":"WebPage","@id":"https:\/\/easyliferobo.com\/de\/product\/rehabilitationsroboter-handschuhe-handfunktion-wiederaufladbare-rehabilitationshandschuhe-handtherapiehandschuh-mit-spiegelfunktion-schlaganfall-hemiplegie-rehabilitationshandschuh-linke-hand-l\/","url":"https:\/\/easyliferobo.com\/de\/product\/rehabilitationsroboter-handschuhe-handfunktion-wiederaufladbare-rehabilitationshandschuhe-handtherapiehandschuh-mit-spiegelfunktion-schlaganfall-hemiplegie-rehabilitationshandschuh-linke-hand-l\/","name":"Rehabilitationsroboter-Handschuhe, Handfunktion, wiederaufladbare Rehabilitationshandschuhe, Handtherapiehandschuh mit Spiegelfunktion, Schlaganfall, Hemiplegie-Rehabilitationshandschuh (Linke Hand-L) - EasyLifeBro","isPartOf":{"@id":"https:\/\/easyliferobo.com\/de\/#website"},"primaryImageOfPage":{"@id":"https:\/\/easyliferobo.com\/de\/product\/rehabilitationsroboter-handschuhe-handfunktion-wiederaufladbare-rehabilitationshandschuhe-handtherapiehandschuh-mit-spiegelfunktion-schlaganfall-hemiplegie-rehabilitationshandschuh-linke-hand-l\/#primaryimage"},"image":{"@id":"https:\/\/easyliferobo.com\/de\/product\/rehabilitationsroboter-handschuhe-handfunktion-wiederaufladbare-rehabilitationshandschuhe-handtherapiehandschuh-mit-spiegelfunktion-schlaganfall-hemiplegie-rehabilitationshandschuh-linke-hand-l\/#primaryimage"},"thumbnailUrl":"https:\/\/easyliferobo.com\/de\/wp-content\/uploads\/2026\/02\/712dX0Rl-hL._AC_SL1500_.jpg","datePublished":"2026-02-27T13:01:04+00:00","dateModified":"2026-02-27T13:01:22+00:00","description":"Entdecken Sie smarte Roboter f\u00fcr Zuhause, Garten, Bildung und Sicherheit. Vergleichen Sie Saugroboter, Rasenm\u00e4hroboter, KI-Begleitroboter und mehr bei EasyLifeRobo.","breadcrumb":{"@id":"https:\/\/easyliferobo.com\/de\/product\/rehabilitationsroboter-handschuhe-handfunktion-wiederaufladbare-rehabilitationshandschuhe-handtherapiehandschuh-mit-spiegelfunktion-schlaganfall-hemiplegie-rehabilitationshandschuh-linke-hand-l\/#breadcrumb"},"inLanguage":"de","potentialAction":[{"@type":"ReadAction","target":["https:\/\/easyliferobo.com\/de\/product\/rehabilitationsroboter-handschuhe-handfunktion-wiederaufladbare-rehabilitationshandschuhe-handtherapiehandschuh-mit-spiegelfunktion-schlaganfall-hemiplegie-rehabilitationshandschuh-linke-hand-l\/"]}]},{"@type":"ImageObject","inLanguage":"de","@id":"https:\/\/easyliferobo.com\/de\/product\/rehabilitationsroboter-handschuhe-handfunktion-wiederaufladbare-rehabilitationshandschuhe-handtherapiehandschuh-mit-spiegelfunktion-schlaganfall-hemiplegie-rehabilitationshandschuh-linke-hand-l\/#primaryimage","url":"https:\/\/easyliferobo.com\/de\/wp-content\/uploads\/2026\/02\/712dX0Rl-hL._AC_SL1500_.jpg","contentUrl":"https:\/\/easyliferobo.com\/de\/wp-content\/uploads\/2026\/02\/712dX0Rl-hL._AC_SL1500_.jpg","width":1485,"height":1500},{"@type":"BreadcrumbList","@id":"https:\/\/easyliferobo.com\/de\/product\/rehabilitationsroboter-handschuhe-handfunktion-wiederaufladbare-rehabilitationshandschuhe-handtherapiehandschuh-mit-spiegelfunktion-schlaganfall-hemiplegie-rehabilitationshandschuh-linke-hand-l\/#breadcrumb","itemListElement":[{"@type":"ListItem","position":1,"name":"Home","item":"https:\/\/easyliferobo.com\/de\/"},{"@type":"ListItem","position":2,"name":"Shop","item":"https:\/\/easyliferobo.com\/de\/shop\/"},{"@type":"ListItem","position":3,"name":"Rehabilitationsroboter-Handschuhe, ..."}]},{"@type":"WebSite","@id":"https:\/\/easyliferobo.com\/de\/#website","url":"https:\/\/easyliferobo.com\/de\/","name":"EasyLifeBro","description":"Smarte Roboter f\u00fcr Zuhause, Garten &amp; Bildung","publisher":{"@id":"https:\/\/easyliferobo.com\/de\/#organization"},"potentialAction":[{"@type":"SearchAction","target":{"@type":"EntryPoint","urlTemplate":"https:\/\/easyliferobo.com\/de\/?s={search_term_string}"},"query-input":{"@type":"PropertyValueSpecification","valueRequired":true,"valueName":"search_term_string"}}],"inLanguage":"de"},{"@type":"Organization","@id":"https:\/\/easyliferobo.com\/de\/#organization","name":"EasyLifeBro","url":"https:\/\/easyliferobo.com\/de\/","logo":{"@type":"ImageObject","inLanguage":"de","@id":"https:\/\/easyliferobo.com\/de\/#\/schema\/logo\/image\/","url":"https:\/\/easyliferobo.com\/de\/wp-content\/uploads\/2026\/02\/Screenshot-2026-02-22-at-2.25.03-PM.png","contentUrl":"https:\/\/easyliferobo.com\/de\/wp-content\/uploads\/2026\/02\/Screenshot-2026-02-22-at-2.25.03-PM.png","width":1858,"height":430,"caption":"EasyLifeBro"},"image":{"@id":"https:\/\/easyliferobo.com\/de\/#\/schema\/logo\/image\/"}}]}},"_links":{"self":[{"href":"https:\/\/easyliferobo.com\/de\/wp-json\/wp\/v2\/product\/4461","targetHints":{"allow":["GET"]}}],"collection":[{"href":"https:\/\/easyliferobo.com\/de\/wp-json\/wp\/v2\/product"}],"about":[{"href":"https:\/\/easyliferobo.com\/de\/wp-json\/wp\/v2\/types\/product"}],"replies":[{"embeddable":true,"href":"https:\/\/easyliferobo.com\/de\/wp-json\/wp\/v2\/comments?post=4461"}],"wp:featuredmedia":[{"embeddable":true,"href":"https:\/\/easyliferobo.com\/de\/wp-json\/wp\/v2\/media\/4462"}],"wp:attachment":[{"href":"https:\/\/easyliferobo.com\/de\/wp-json\/wp\/v2\/media?parent=4461"}],"wp:term":[{"taxonomy":"store","embeddable":true,"href":"https:\/\/easyliferobo.com\/de\/wp-json\/wp\/v2\/store?post=4461"},{"taxonomy":"product_brand","embeddable":true,"href":"https:\/\/easyliferobo.com\/de\/wp-json\/wp\/v2\/product_brand?post=4461"},{"taxonomy":"product_cat","embeddable":true,"href":"https:\/\/easyliferobo.com\/de\/wp-json\/wp\/v2\/product_cat?post=4461"},{"taxonomy":"product_tag","embeddable":true,"href":"https:\/\/easyliferobo.com\/de\/wp-json\/wp\/v2\/product_tag?post=4461"}],"curies":[{"name":"wp","href":"https:\/\/api.w.org\/{rel}","templated":true}]}}