
{"id":4442,"date":"2026-02-27T12:56:41","date_gmt":"2026-02-27T12:56:41","guid":{"rendered":"https:\/\/easyliferobo.com\/de\/product\/viugreum-led-baustrahler-100w-led-strahler-mit-stativ-bis-180cm-6500k-richtungsverstellbar-8000-lumen-arbeitsleuchte-230v-kaltweisser-scheinwerfer-ip65-fluter-mit-stecker-3m-kabel-fuer-baustellen\/"},"modified":"2026-02-27T12:56:59","modified_gmt":"2026-02-27T12:56:59","slug":"viugreum-led-baustrahler-100w-led-strahler-mit-stativ-bis-180cm-6500k-richtungsverstellbar-8000-lumen-arbeitsleuchte-230v-kaltweisser-scheinwerfer-ip65-fluter-mit-stecker-3m-kabel-fuer-baustellen","status":"publish","type":"product","link":"https:\/\/easyliferobo.com\/de\/product\/viugreum-led-baustrahler-100w-led-strahler-mit-stativ-bis-180cm-6500k-richtungsverstellbar-8000-lumen-arbeitsleuchte-230v-kaltweisser-scheinwerfer-ip65-fluter-mit-stecker-3m-kabel-fuer-baustellen\/","title":{"rendered":"Viugreum LED Baustrahler 100W LED S..."},"content":{"rendered":"<p>\n                                             Produktbeschreibung   <\/p>\n<p>                                                                                                       <img decoding=\"async\" alt=\"Viugreum 10000LM Bauleuchte mit um 360\u00b0 drehbarem Standfu\u00df. Wird im Einsatz bei der Beleuchtung eines Arbeiters gezeigt, der nachts schwei\u00dft. Verf\u00fcgt \u00fcber Symbole f\u00fcr Helligkeit, Drehung und Haltbarkeit.\" src=\"https:\/\/images-na.ssl-images-amazon.com\/images\/G\/01\/x-locale\/common\/grey-pixel.gif\" class=\"a-lazy-loaded\" data-src=\"https:\/\/m.media-amazon.com\/images\/S\/aplus-media-library-service-media\/87215d1b-46b5-4cc2-b3f4-28eaa6780b42.__CR0,0,1464,600_PT0_SX1464_V1___.png\"><img decoding=\"async\" alt=\"Viugreum 10000LM Bauleuchte mit um 360\u00b0 drehbarem Standfu\u00df. Wird im Einsatz bei der Beleuchtung eines Arbeiters gezeigt, der nachts schwei\u00dft. Verf\u00fcgt \u00fcber Symbole f\u00fcr Helligkeit, Drehung und Haltbarkeit.\" src=\"https:\/\/m.media-amazon.com\/images\/S\/aplus-media-library-service-media\/87215d1b-46b5-4cc2-b3f4-28eaa6780b42.__CR0,0,1464,600_PT0_SX1464_V1___.png\">                                               <\/p>\n<p>                                                                                                       <img decoding=\"async\" alt=\"Diagramm von drei gelben Stativ-Arbeitsscheinwerfern in verschiedenen H\u00f6hen. Der Text weist auf \u201eVerstellbare H\u00f6he\u201c hin und zeigt\" src=\"https:\/\/images-na.ssl-images-amazon.com\/images\/G\/01\/x-locale\/common\/grey-pixel.gif\" class=\"a-lazy-loaded\" data-src=\"https:\/\/m.media-amazon.com\/images\/S\/aplus-media-library-service-media\/d66d23a6-88dd-4d2a-a088-ac7625de3064.__CR0,0,1464,600_PT0_SX1464_V1___.png\"><img decoding=\"async\" alt=\"Diagramm von drei gelben Stativ-Arbeitsscheinwerfern in verschiedenen H\u00f6hen. Der Text weist auf \u201eVerstellbare H\u00f6he\u201c hin und zeigt\" src=\"https:\/\/m.media-amazon.com\/images\/S\/aplus-media-library-service-media\/d66d23a6-88dd-4d2a-a088-ac7625de3064.__CR0,0,1464,600_PT0_SX1464_V1___.png\">                                               <\/p>\n<p>                                                                                                       <img decoding=\"async\" alt=\"Technisches Diagramm, das die einstellbare Leuchte mit 360-Grad-Drehbarkeit zeigt. Drei Paneele zeigen unterschiedliche Positionierungsm\u00f6glichkeiten mit schwarzem Montagerahmen\" src=\"https:\/\/images-na.ssl-images-amazon.com\/images\/G\/01\/x-locale\/common\/grey-pixel.gif\" class=\"a-lazy-loaded\" data-src=\"https:\/\/m.media-amazon.com\/images\/S\/aplus-media-library-service-media\/bb24df0f-151a-4c10-b2fb-8a4279afdd8c.__CR0,0,1464,600_PT0_SX1464_V1___.png\"><img decoding=\"async\" alt=\"Technisches Diagramm, das die einstellbare Leuchte mit 360-Grad-Drehbarkeit zeigt. Drei Paneele zeigen unterschiedliche Positionierungsm\u00f6glichkeiten mit schwarzem Montagerahmen\" src=\"https:\/\/m.media-amazon.com\/images\/S\/aplus-media-library-service-media\/bb24df0f-151a-4c10-b2fb-8a4279afdd8c.__CR0,0,1464,600_PT0_SX1464_V1___.png\">                                               <\/p>\n<p>                                                                                                                    <img decoding=\"async\" alt=\"Tragbares LED-Arbeitslicht mit Stativ und 300 cm langem Kabel. Zwei kleinere Bilder zeigen den Netzstecker und den Ein-\/Ausschalter. Der deutsche Text beschreibt Kabell\u00e4nge und Steckertyp\" src=\"https:\/\/m.media-amazon.com\/images\/S\/aplus-media-library-service-media\/c28fc541-ead5-49b5-b67a-f0245cfcf3cb.__CR0,0,1464,600_PT0_SX1464_V1___.png\">                                                    <img decoding=\"async\" alt=\"Szene im Freien, in der die Wasserdichtigkeit bei starkem Regen demonstriert wird. Der Text gibt die Schutzart IP66 an und die gelbe Arbeitsleuchte ist im Hintergrund sichtbar\" src=\"https:\/\/m.media-amazon.com\/images\/S\/aplus-media-library-service-media\/740320a4-6b43-4a7c-bc89-70797f5d35ae.__CR0,0,1464,600_PT0_SX1464_V1___.png\">                                                    <img decoding=\"async\" alt=\"Gelber Stativ f\u00fcr Arbeitsscheinwerfer mit drei LED-Scheinwerfern. Der deutsche Text beschreibt es als hervorragendes Werkzeug f\u00fcr den Malprozess, das sich nicht leicht entfernen l\u00e4sst\" src=\"https:\/\/m.media-amazon.com\/images\/S\/aplus-media-library-service-media\/7255f138-73b0-4ae4-8f29-79305fc775fd.__CR0,0,1464,600_PT0_SX1464_V1___.png\">                                                    <img decoding=\"async\" alt=\"Drei-Panel-Display mit Produktmerkmalen f\u00fcr ein h\u00f6henverstellbares Ger\u00e4t. Highlights: schnelle Befestigung, einfache Installation und H\u00f6henverstellung auf gelbem Hintergrund\" src=\"https:\/\/m.media-amazon.com\/images\/S\/aplus-media-library-service-media\/3c24e8d9-e080-46f4-9d86-e84e3b4616b3.__CR0,0,1464,600_PT0_SX1464_V1___.png\">                                                    <img decoding=\"async\" alt=\"Technisches Diagramm mit W\u00e4rmeableitungsmustern mit gr\u00fcnen Pfeilen, die die Luftstr\u00f6mungsrichtung \u00fcber mehrere Ger\u00e4te hinweg anzeigen. Der deutsche Text beschreibt das W\u00e4rmemanagement\" src=\"https:\/\/m.media-amazon.com\/images\/S\/aplus-media-library-service-media\/a88a1c13-cfd4-47e9-aa8d-28d0f969c603.__CR0,0,1464,600_PT0_SX1464_V1___.png\"><br \/>\n                            1 Mit Stecker und Schalter 2 IP66 wasserdicht 3 Stabiler St\u00e4nder 4 Flexibel einstellbar 5 Gute W\u00e4rmeableitung <\/p>\n<p>                                                                                                       <img decoding=\"async\" alt=\"Vergleich der Lichtstrahlen von Fahrzeugscheinwerfern bei Nacht auf geteiltem Bildschirm, der unterschiedliche Helligkeits- und Lichtstreuungsmuster zeigt\" src=\"https:\/\/images-na.ssl-images-amazon.com\/images\/G\/01\/x-locale\/common\/grey-pixel.gif\" class=\"a-lazy-loaded\" data-src=\"https:\/\/m.media-amazon.com\/images\/S\/aplus-media-library-service-media\/73095a6d-a52f-4977-b31f-fbd98f9ba403.__CR0,0,1464,600_PT0_SX1464_V1___.png\"><img decoding=\"async\" alt=\"Vergleich der Lichtstrahlen von Fahrzeugscheinwerfern bei Nacht auf geteiltem Bildschirm, der unterschiedliche Helligkeits- und Lichtstreuungsmuster zeigt\" src=\"https:\/\/m.media-amazon.com\/images\/S\/aplus-media-library-service-media\/73095a6d-a52f-4977-b31f-fbd98f9ba403.__CR0,0,1464,600_PT0_SX1464_V1___.png\">                                               <\/p>\n<p>                                                                              <img decoding=\"async\" alt=\"Tragbares Flutlicht, das eine dunkle Baustelle beleuchtet. Gelbes Bauschild im Vordergrund sichtbar\" src=\"https:\/\/m.media-amazon.com\/images\/S\/aplus-media-library-service-media\/bfc7ee48-1811-4d2c-8e92-db2cd9154a8a.__CR0,0,1464,600_PT0_SX1464_V1___.png\">                                                    <img decoding=\"async\" alt=\"100Watt Baustrahler\" src=\"https:\/\/m.media-amazon.com\/images\/S\/aplus-media-library-service-media\/d8ef2fd8-8021-487a-b87b-f271cfb1f1c6.__CR0,0,1464,600_PT0_SX1464_V1___.png\">                                                    <img decoding=\"async\" alt=\"Nachts gestapelte Versandbeh\u00e4lter in verschiedenen Farben, beleuchtet von einem tragbaren Flutlicht auf einem St\u00e4nder im Vordergrund\" src=\"https:\/\/m.media-amazon.com\/images\/S\/aplus-media-library-service-media\/511cc4db-8ec3-4e5b-83c7-987c8ea703fa.__CR0,0,1464,600_PT0_SX1464_V1___.png\">                       <\/p>\n<p>                       1 Baustelle 2 Lagerhaus 3 Hafen                       <\/p>\n<p>Superhell und energiesparend: LED-Strahler eingebaut, 120 LEDs, Helligkeit 8000 lm, 100 W. LED-Au\u00dfenstrahler verwenden 2835 hocheffiziente LED-Lampenperlen, um Ihnen das beste Licht f\u00fcr Ihren Einsatz zu bieten. \u00dcber einen Schalter am Kabel l\u00e4sst sich die Bauleuchte bequem ein- und ausschalten. Kein Ziehen des Steckers mehr n\u00f6tig.<br \/>Abnehmbarer und verstellbarer Stativst\u00e4nder: Unser LED-Baustrahler mit Stativ ist mit einem abnehmbaren Stativst\u00e4nder ausgestattet, der sehr stabil auf dem Boden stehen kann. Ob Sie es auf dem Stativ montieren m\u00f6chten, k\u00f6nnen Sie je nach Ihren Nutzungsanforderungen entscheiden. Gleichzeitig l\u00e4sst sich die Halterung auch auf jede beliebige H\u00f6he einstellen, die maximale H\u00f6he betr\u00e4gt 180 cm.<br \/>Tragbar und flexibel anpassbar: Mit einem stabilen St\u00e4nder und Griff k\u00f6nnen Sie den LED-Baustrahler halten, aufh\u00e4ngen oder auf den Boden stellen, um Ihre Arbeit komfortabler zu gestalten. Der drehbare Sockel kann vertikal um 180\u00b0 gedreht werden, die Lichter auf beiden Seiten k\u00f6nnen nach hinten und oben verstellt werden, wodurch der gesamte Bereich beleuchtet und die maximale Beleuchtungsreichweite erreicht werden kann.<br \/>Mit Stecker und 3 m langem Kabel: Der LED-Baustrahler ist mit einem 3 m langen Netzkabel ausgestattet, was Ihnen relative Freiheit gibt, Sie ben\u00f6tigen nicht immer ein Verl\u00e4ngerungskabel und es ist bequem, die Stromversorgung direkt anzuschlie\u00dfen, z. B. als Baustellenleuchte beim Hausbau, Einsatz als Au\u00dfenstrahler bei Renovierungen.<br \/>IP65 wasserdicht und effiziente W\u00e4rmeableitung: LED-Arbeitsleuchte aufgrund von IP66 wasserdicht und hochwertigem Aluminium, dar\u00fcber hinaus erm\u00f6glichen das einzigartige Aluminiumgeh\u00e4use und der gerippte K\u00fchlk\u00f6rper der Arbeitsleuchte eine effiziente W\u00e4rmeableitung mit einer erwarteten Lebensdauer von \u00fcber 25.000 Stunden<\/p>\n<p>[ad_2]<\/p>\n","protected":false},"excerpt":{"rendered":"<p>Produktbeschreibung 1 Mit Stecker und Schalter 2 IP66 wasserdicht 3 Stabiler St\u00e4nder 4 Flexibel einstellbar 5 Gute W\u00e4rmeableitung 1 Baustelle 2 Lagerhaus 3 Hafen Superhell und energiesparend: LED-Strahler eingebaut, 120 LEDs, Helligkeit 8000 lm, 100 W. LED-Au\u00dfenstrahler verwenden 2835 hocheffiziente LED-Lampenperlen, um Ihnen das beste Licht f\u00fcr Ihren Einsatz zu bieten. \u00dcber einen Schalter am [&hellip;]<\/p>\n","protected":false},"featured_media":4443,"comment_status":"open","ping_status":"closed","template":"","meta":{"_aipt_faq_data":""},"store":[],"product_brand":[],"product_cat":[110],"product_tag":[409],"class_list":{"0":"post-4442","1":"product","2":"type-product","3":"status-publish","4":"has-post-thumbnail","6":"product_cat-exoskelette","7":"product_tag-exoskelette-zur-arbeitserleichterung","9":"first","10":"instock","11":"sale","12":"shipping-taxable","13":"product-type-external"},"yoast_head":"<!-- This site is optimized with the Yoast SEO plugin v27.4 - https:\/\/yoast.com\/product\/yoast-seo-wordpress\/ -->\n<title>Viugreum LED Baustrahler 100W LED Strahler mit Stativ bis 180cm 6500K Richtungsverstellbar 8000 Lumen Arbeitsleuchte 230V Kaltwei\u00dfer Scheinwerfer IP65 Fluter mit Stecker 3m Kabel f\u00fcr Baustellen - EasyLifeBro<\/title>\n<meta name=\"description\" content=\"Entdecken Sie smarte Roboter f\u00fcr Zuhause, Garten, Bildung und Sicherheit. Vergleichen Sie Saugroboter, Rasenm\u00e4hroboter, KI-Begleitroboter und mehr bei EasyLifeRobo.\" \/>\n<meta name=\"robots\" content=\"index, follow, max-snippet:-1, max-image-preview:large, max-video-preview:-1\" \/>\n<link rel=\"canonical\" href=\"https:\/\/easyliferobo.com\/de\/product\/viugreum-led-baustrahler-100w-led-strahler-mit-stativ-bis-180cm-6500k-richtungsverstellbar-8000-lumen-arbeitsleuchte-230v-kaltweisser-scheinwerfer-ip65-fluter-mit-stecker-3m-kabel-fuer-baustellen\/\" \/>\n<meta property=\"og:locale\" content=\"de_DE\" \/>\n<meta property=\"og:type\" content=\"article\" \/>\n<meta property=\"og:title\" content=\"Viugreum LED Baustrahler 100W LED Strahler mit Stativ bis 180cm 6500K Richtungsverstellbar 8000 Lumen Arbeitsleuchte 230V Kaltwei\u00dfer Scheinwerfer IP65 Fluter mit Stecker 3m Kabel f\u00fcr Baustellen - EasyLifeBro\" \/>\n<meta property=\"og:description\" content=\"Entdecken Sie smarte Roboter f\u00fcr Zuhause, Garten, Bildung und Sicherheit. Vergleichen Sie Saugroboter, Rasenm\u00e4hroboter, KI-Begleitroboter und mehr bei EasyLifeRobo.\" \/>\n<meta property=\"og:url\" content=\"https:\/\/easyliferobo.com\/de\/product\/viugreum-led-baustrahler-100w-led-strahler-mit-stativ-bis-180cm-6500k-richtungsverstellbar-8000-lumen-arbeitsleuchte-230v-kaltweisser-scheinwerfer-ip65-fluter-mit-stecker-3m-kabel-fuer-baustellen\/\" \/>\n<meta property=\"og:site_name\" content=\"EasyLifeBro\" \/>\n<meta property=\"article:modified_time\" content=\"2026-02-27T12:56:59+00:00\" \/>\n<meta property=\"og:image\" content=\"https:\/\/images-na.ssl-images-amazon.com\/images\/G\/01\/x-locale\/common\/grey-pixel.gif\" \/>\n<meta name=\"twitter:card\" content=\"summary_large_image\" \/>\n<meta name=\"twitter:label1\" content=\"Gesch\u00e4tzte Lesezeit\" \/>\n\t<meta name=\"twitter:data1\" content=\"1\u00a0Minute\" \/>\n<script type=\"application\/ld+json\" class=\"yoast-schema-graph\">{\"@context\":\"https:\\\/\\\/schema.org\",\"@graph\":[{\"@type\":\"WebPage\",\"@id\":\"https:\\\/\\\/easyliferobo.com\\\/de\\\/product\\\/viugreum-led-baustrahler-100w-led-strahler-mit-stativ-bis-180cm-6500k-richtungsverstellbar-8000-lumen-arbeitsleuchte-230v-kaltweisser-scheinwerfer-ip65-fluter-mit-stecker-3m-kabel-fuer-baustellen\\\/\",\"url\":\"https:\\\/\\\/easyliferobo.com\\\/de\\\/product\\\/viugreum-led-baustrahler-100w-led-strahler-mit-stativ-bis-180cm-6500k-richtungsverstellbar-8000-lumen-arbeitsleuchte-230v-kaltweisser-scheinwerfer-ip65-fluter-mit-stecker-3m-kabel-fuer-baustellen\\\/\",\"name\":\"Viugreum LED Baustrahler 100W LED Strahler mit Stativ bis 180cm 6500K Richtungsverstellbar 8000 Lumen Arbeitsleuchte 230V Kaltwei\u00dfer Scheinwerfer IP65 Fluter mit Stecker 3m Kabel f\u00fcr Baustellen - EasyLifeBro\",\"isPartOf\":{\"@id\":\"https:\\\/\\\/easyliferobo.com\\\/de\\\/#website\"},\"primaryImageOfPage\":{\"@id\":\"https:\\\/\\\/easyliferobo.com\\\/de\\\/product\\\/viugreum-led-baustrahler-100w-led-strahler-mit-stativ-bis-180cm-6500k-richtungsverstellbar-8000-lumen-arbeitsleuchte-230v-kaltweisser-scheinwerfer-ip65-fluter-mit-stecker-3m-kabel-fuer-baustellen\\\/#primaryimage\"},\"image\":{\"@id\":\"https:\\\/\\\/easyliferobo.com\\\/de\\\/product\\\/viugreum-led-baustrahler-100w-led-strahler-mit-stativ-bis-180cm-6500k-richtungsverstellbar-8000-lumen-arbeitsleuchte-230v-kaltweisser-scheinwerfer-ip65-fluter-mit-stecker-3m-kabel-fuer-baustellen\\\/#primaryimage\"},\"thumbnailUrl\":\"https:\\\/\\\/easyliferobo.com\\\/de\\\/wp-content\\\/uploads\\\/2026\\\/02\\\/611KmleiVUL._AC_SL1500_.jpg\",\"datePublished\":\"2026-02-27T12:56:41+00:00\",\"dateModified\":\"2026-02-27T12:56:59+00:00\",\"description\":\"Entdecken Sie smarte Roboter f\u00fcr Zuhause, Garten, Bildung und Sicherheit. Vergleichen Sie Saugroboter, Rasenm\u00e4hroboter, KI-Begleitroboter und mehr bei EasyLifeRobo.\",\"breadcrumb\":{\"@id\":\"https:\\\/\\\/easyliferobo.com\\\/de\\\/product\\\/viugreum-led-baustrahler-100w-led-strahler-mit-stativ-bis-180cm-6500k-richtungsverstellbar-8000-lumen-arbeitsleuchte-230v-kaltweisser-scheinwerfer-ip65-fluter-mit-stecker-3m-kabel-fuer-baustellen\\\/#breadcrumb\"},\"inLanguage\":\"de\",\"potentialAction\":[{\"@type\":\"ReadAction\",\"target\":[\"https:\\\/\\\/easyliferobo.com\\\/de\\\/product\\\/viugreum-led-baustrahler-100w-led-strahler-mit-stativ-bis-180cm-6500k-richtungsverstellbar-8000-lumen-arbeitsleuchte-230v-kaltweisser-scheinwerfer-ip65-fluter-mit-stecker-3m-kabel-fuer-baustellen\\\/\"]}]},{\"@type\":\"ImageObject\",\"inLanguage\":\"de\",\"@id\":\"https:\\\/\\\/easyliferobo.com\\\/de\\\/product\\\/viugreum-led-baustrahler-100w-led-strahler-mit-stativ-bis-180cm-6500k-richtungsverstellbar-8000-lumen-arbeitsleuchte-230v-kaltweisser-scheinwerfer-ip65-fluter-mit-stecker-3m-kabel-fuer-baustellen\\\/#primaryimage\",\"url\":\"https:\\\/\\\/easyliferobo.com\\\/de\\\/wp-content\\\/uploads\\\/2026\\\/02\\\/611KmleiVUL._AC_SL1500_.jpg\",\"contentUrl\":\"https:\\\/\\\/easyliferobo.com\\\/de\\\/wp-content\\\/uploads\\\/2026\\\/02\\\/611KmleiVUL._AC_SL1500_.jpg\",\"width\":1350,\"height\":1498},{\"@type\":\"BreadcrumbList\",\"@id\":\"https:\\\/\\\/easyliferobo.com\\\/de\\\/product\\\/viugreum-led-baustrahler-100w-led-strahler-mit-stativ-bis-180cm-6500k-richtungsverstellbar-8000-lumen-arbeitsleuchte-230v-kaltweisser-scheinwerfer-ip65-fluter-mit-stecker-3m-kabel-fuer-baustellen\\\/#breadcrumb\",\"itemListElement\":[{\"@type\":\"ListItem\",\"position\":1,\"name\":\"Home\",\"item\":\"https:\\\/\\\/easyliferobo.com\\\/de\\\/\"},{\"@type\":\"ListItem\",\"position\":2,\"name\":\"Shop\",\"item\":\"https:\\\/\\\/easyliferobo.com\\\/de\\\/shop\\\/\"},{\"@type\":\"ListItem\",\"position\":3,\"name\":\"Viugreum LED Baustrahler 100W LED S...\"}]},{\"@type\":\"WebSite\",\"@id\":\"https:\\\/\\\/easyliferobo.com\\\/de\\\/#website\",\"url\":\"https:\\\/\\\/easyliferobo.com\\\/de\\\/\",\"name\":\"EasyLifeBro\",\"description\":\"Smarte Roboter f\u00fcr Zuhause, Garten &amp; Bildung\",\"publisher\":{\"@id\":\"https:\\\/\\\/easyliferobo.com\\\/de\\\/#organization\"},\"potentialAction\":[{\"@type\":\"SearchAction\",\"target\":{\"@type\":\"EntryPoint\",\"urlTemplate\":\"https:\\\/\\\/easyliferobo.com\\\/de\\\/?s={search_term_string}\"},\"query-input\":{\"@type\":\"PropertyValueSpecification\",\"valueRequired\":true,\"valueName\":\"search_term_string\"}}],\"inLanguage\":\"de\"},{\"@type\":\"Organization\",\"@id\":\"https:\\\/\\\/easyliferobo.com\\\/de\\\/#organization\",\"name\":\"EasyLifeBro\",\"url\":\"https:\\\/\\\/easyliferobo.com\\\/de\\\/\",\"logo\":{\"@type\":\"ImageObject\",\"inLanguage\":\"de\",\"@id\":\"https:\\\/\\\/easyliferobo.com\\\/de\\\/#\\\/schema\\\/logo\\\/image\\\/\",\"url\":\"https:\\\/\\\/easyliferobo.com\\\/de\\\/wp-content\\\/uploads\\\/2026\\\/02\\\/Screenshot-2026-02-22-at-2.25.03-PM.png\",\"contentUrl\":\"https:\\\/\\\/easyliferobo.com\\\/de\\\/wp-content\\\/uploads\\\/2026\\\/02\\\/Screenshot-2026-02-22-at-2.25.03-PM.png\",\"width\":1858,\"height\":430,\"caption\":\"EasyLifeBro\"},\"image\":{\"@id\":\"https:\\\/\\\/easyliferobo.com\\\/de\\\/#\\\/schema\\\/logo\\\/image\\\/\"}}]}<\/script>\n<!-- \/ Yoast SEO plugin. -->","yoast_head_json":{"title":"Viugreum LED Baustrahler 100W LED Strahler mit Stativ bis 180cm 6500K Richtungsverstellbar 8000 Lumen Arbeitsleuchte 230V Kaltwei\u00dfer Scheinwerfer IP65 Fluter mit Stecker 3m Kabel f\u00fcr Baustellen - EasyLifeBro","description":"Entdecken Sie smarte Roboter f\u00fcr Zuhause, Garten, Bildung und Sicherheit. Vergleichen Sie Saugroboter, Rasenm\u00e4hroboter, KI-Begleitroboter und mehr bei EasyLifeRobo.","robots":{"index":"index","follow":"follow","max-snippet":"max-snippet:-1","max-image-preview":"max-image-preview:large","max-video-preview":"max-video-preview:-1"},"canonical":"https:\/\/easyliferobo.com\/de\/product\/viugreum-led-baustrahler-100w-led-strahler-mit-stativ-bis-180cm-6500k-richtungsverstellbar-8000-lumen-arbeitsleuchte-230v-kaltweisser-scheinwerfer-ip65-fluter-mit-stecker-3m-kabel-fuer-baustellen\/","og_locale":"de_DE","og_type":"article","og_title":"Viugreum LED Baustrahler 100W LED Strahler mit Stativ bis 180cm 6500K Richtungsverstellbar 8000 Lumen Arbeitsleuchte 230V Kaltwei\u00dfer Scheinwerfer IP65 Fluter mit Stecker 3m Kabel f\u00fcr Baustellen - EasyLifeBro","og_description":"Entdecken Sie smarte Roboter f\u00fcr Zuhause, Garten, Bildung und Sicherheit. Vergleichen Sie Saugroboter, Rasenm\u00e4hroboter, KI-Begleitroboter und mehr bei EasyLifeRobo.","og_url":"https:\/\/easyliferobo.com\/de\/product\/viugreum-led-baustrahler-100w-led-strahler-mit-stativ-bis-180cm-6500k-richtungsverstellbar-8000-lumen-arbeitsleuchte-230v-kaltweisser-scheinwerfer-ip65-fluter-mit-stecker-3m-kabel-fuer-baustellen\/","og_site_name":"EasyLifeBro","article_modified_time":"2026-02-27T12:56:59+00:00","og_image":[{"url":"https:\/\/images-na.ssl-images-amazon.com\/images\/G\/01\/x-locale\/common\/grey-pixel.gif","type":"","width":"","height":""}],"twitter_card":"summary_large_image","twitter_misc":{"Gesch\u00e4tzte Lesezeit":"1\u00a0Minute"},"schema":{"@context":"https:\/\/schema.org","@graph":[{"@type":"WebPage","@id":"https:\/\/easyliferobo.com\/de\/product\/viugreum-led-baustrahler-100w-led-strahler-mit-stativ-bis-180cm-6500k-richtungsverstellbar-8000-lumen-arbeitsleuchte-230v-kaltweisser-scheinwerfer-ip65-fluter-mit-stecker-3m-kabel-fuer-baustellen\/","url":"https:\/\/easyliferobo.com\/de\/product\/viugreum-led-baustrahler-100w-led-strahler-mit-stativ-bis-180cm-6500k-richtungsverstellbar-8000-lumen-arbeitsleuchte-230v-kaltweisser-scheinwerfer-ip65-fluter-mit-stecker-3m-kabel-fuer-baustellen\/","name":"Viugreum LED Baustrahler 100W LED Strahler mit Stativ bis 180cm 6500K Richtungsverstellbar 8000 Lumen Arbeitsleuchte 230V Kaltwei\u00dfer Scheinwerfer IP65 Fluter mit Stecker 3m Kabel f\u00fcr Baustellen - EasyLifeBro","isPartOf":{"@id":"https:\/\/easyliferobo.com\/de\/#website"},"primaryImageOfPage":{"@id":"https:\/\/easyliferobo.com\/de\/product\/viugreum-led-baustrahler-100w-led-strahler-mit-stativ-bis-180cm-6500k-richtungsverstellbar-8000-lumen-arbeitsleuchte-230v-kaltweisser-scheinwerfer-ip65-fluter-mit-stecker-3m-kabel-fuer-baustellen\/#primaryimage"},"image":{"@id":"https:\/\/easyliferobo.com\/de\/product\/viugreum-led-baustrahler-100w-led-strahler-mit-stativ-bis-180cm-6500k-richtungsverstellbar-8000-lumen-arbeitsleuchte-230v-kaltweisser-scheinwerfer-ip65-fluter-mit-stecker-3m-kabel-fuer-baustellen\/#primaryimage"},"thumbnailUrl":"https:\/\/easyliferobo.com\/de\/wp-content\/uploads\/2026\/02\/611KmleiVUL._AC_SL1500_.jpg","datePublished":"2026-02-27T12:56:41+00:00","dateModified":"2026-02-27T12:56:59+00:00","description":"Entdecken Sie smarte Roboter f\u00fcr Zuhause, Garten, Bildung und Sicherheit. Vergleichen Sie Saugroboter, Rasenm\u00e4hroboter, KI-Begleitroboter und mehr bei EasyLifeRobo.","breadcrumb":{"@id":"https:\/\/easyliferobo.com\/de\/product\/viugreum-led-baustrahler-100w-led-strahler-mit-stativ-bis-180cm-6500k-richtungsverstellbar-8000-lumen-arbeitsleuchte-230v-kaltweisser-scheinwerfer-ip65-fluter-mit-stecker-3m-kabel-fuer-baustellen\/#breadcrumb"},"inLanguage":"de","potentialAction":[{"@type":"ReadAction","target":["https:\/\/easyliferobo.com\/de\/product\/viugreum-led-baustrahler-100w-led-strahler-mit-stativ-bis-180cm-6500k-richtungsverstellbar-8000-lumen-arbeitsleuchte-230v-kaltweisser-scheinwerfer-ip65-fluter-mit-stecker-3m-kabel-fuer-baustellen\/"]}]},{"@type":"ImageObject","inLanguage":"de","@id":"https:\/\/easyliferobo.com\/de\/product\/viugreum-led-baustrahler-100w-led-strahler-mit-stativ-bis-180cm-6500k-richtungsverstellbar-8000-lumen-arbeitsleuchte-230v-kaltweisser-scheinwerfer-ip65-fluter-mit-stecker-3m-kabel-fuer-baustellen\/#primaryimage","url":"https:\/\/easyliferobo.com\/de\/wp-content\/uploads\/2026\/02\/611KmleiVUL._AC_SL1500_.jpg","contentUrl":"https:\/\/easyliferobo.com\/de\/wp-content\/uploads\/2026\/02\/611KmleiVUL._AC_SL1500_.jpg","width":1350,"height":1498},{"@type":"BreadcrumbList","@id":"https:\/\/easyliferobo.com\/de\/product\/viugreum-led-baustrahler-100w-led-strahler-mit-stativ-bis-180cm-6500k-richtungsverstellbar-8000-lumen-arbeitsleuchte-230v-kaltweisser-scheinwerfer-ip65-fluter-mit-stecker-3m-kabel-fuer-baustellen\/#breadcrumb","itemListElement":[{"@type":"ListItem","position":1,"name":"Home","item":"https:\/\/easyliferobo.com\/de\/"},{"@type":"ListItem","position":2,"name":"Shop","item":"https:\/\/easyliferobo.com\/de\/shop\/"},{"@type":"ListItem","position":3,"name":"Viugreum LED Baustrahler 100W LED S..."}]},{"@type":"WebSite","@id":"https:\/\/easyliferobo.com\/de\/#website","url":"https:\/\/easyliferobo.com\/de\/","name":"EasyLifeBro","description":"Smarte Roboter f\u00fcr Zuhause, Garten &amp; Bildung","publisher":{"@id":"https:\/\/easyliferobo.com\/de\/#organization"},"potentialAction":[{"@type":"SearchAction","target":{"@type":"EntryPoint","urlTemplate":"https:\/\/easyliferobo.com\/de\/?s={search_term_string}"},"query-input":{"@type":"PropertyValueSpecification","valueRequired":true,"valueName":"search_term_string"}}],"inLanguage":"de"},{"@type":"Organization","@id":"https:\/\/easyliferobo.com\/de\/#organization","name":"EasyLifeBro","url":"https:\/\/easyliferobo.com\/de\/","logo":{"@type":"ImageObject","inLanguage":"de","@id":"https:\/\/easyliferobo.com\/de\/#\/schema\/logo\/image\/","url":"https:\/\/easyliferobo.com\/de\/wp-content\/uploads\/2026\/02\/Screenshot-2026-02-22-at-2.25.03-PM.png","contentUrl":"https:\/\/easyliferobo.com\/de\/wp-content\/uploads\/2026\/02\/Screenshot-2026-02-22-at-2.25.03-PM.png","width":1858,"height":430,"caption":"EasyLifeBro"},"image":{"@id":"https:\/\/easyliferobo.com\/de\/#\/schema\/logo\/image\/"}}]}},"_links":{"self":[{"href":"https:\/\/easyliferobo.com\/de\/wp-json\/wp\/v2\/product\/4442","targetHints":{"allow":["GET"]}}],"collection":[{"href":"https:\/\/easyliferobo.com\/de\/wp-json\/wp\/v2\/product"}],"about":[{"href":"https:\/\/easyliferobo.com\/de\/wp-json\/wp\/v2\/types\/product"}],"replies":[{"embeddable":true,"href":"https:\/\/easyliferobo.com\/de\/wp-json\/wp\/v2\/comments?post=4442"}],"wp:featuredmedia":[{"embeddable":true,"href":"https:\/\/easyliferobo.com\/de\/wp-json\/wp\/v2\/media\/4443"}],"wp:attachment":[{"href":"https:\/\/easyliferobo.com\/de\/wp-json\/wp\/v2\/media?parent=4442"}],"wp:term":[{"taxonomy":"store","embeddable":true,"href":"https:\/\/easyliferobo.com\/de\/wp-json\/wp\/v2\/store?post=4442"},{"taxonomy":"product_brand","embeddable":true,"href":"https:\/\/easyliferobo.com\/de\/wp-json\/wp\/v2\/product_brand?post=4442"},{"taxonomy":"product_cat","embeddable":true,"href":"https:\/\/easyliferobo.com\/de\/wp-json\/wp\/v2\/product_cat?post=4442"},{"taxonomy":"product_tag","embeddable":true,"href":"https:\/\/easyliferobo.com\/de\/wp-json\/wp\/v2\/product_tag?post=4442"}],"curies":[{"name":"wp","href":"https:\/\/api.w.org\/{rel}","templated":true}]}}