
{"id":4426,"date":"2026-02-27T12:54:27","date_gmt":"2026-02-27T12:54:27","guid":{"rendered":"https:\/\/easyliferobo.com\/de\/product\/reolink-8-kanal-4k-ueberwachungskamera-set-fuer-den-aussenbereich-mit-4-x-8-mp-poe-ip-kameras-2-tb-festplatte-nvr-fuer-videoaufzeichnung-rund-um-die-uhr-im-innen-und-aussenbereich-personen-und\/"},"modified":"2026-02-27T12:54:43","modified_gmt":"2026-02-27T12:54:43","slug":"reolink-8-kanal-4k-ueberwachungskamera-set-fuer-den-aussenbereich-mit-4-x-8-mp-poe-ip-kameras-2-tb-festplatte-nvr-fuer-videoaufzeichnung-rund-um-die-uhr-im-innen-und-aussenbereich-personen-und","status":"publish","type":"product","link":"https:\/\/easyliferobo.com\/de\/product\/reolink-8-kanal-4k-ueberwachungskamera-set-fuer-den-aussenbereich-mit-4-x-8-mp-poe-ip-kameras-2-tb-festplatte-nvr-fuer-videoaufzeichnung-rund-um-die-uhr-im-innen-und-aussenbereich-personen-und\/","title":{"rendered":"Reolink 8-Kanal-4K-\u00dcberwachungskam..."},"content":{"rendered":"<p>\n                                             Von der Marke   <\/p>\n<p>                                              <img decoding=\"async\" alt=\"Aplus-Inhaltsbild\" src=\"https:\/\/images-na.ssl-images-amazon.com\/images\/G\/01\/x-locale\/common\/grey-pixel.gif\" class=\"a-lazy-loaded\" data-src=\"https:\/\/m.media-amazon.com\/images\/S\/aplus-media-library-service-media\/5995ab04-2c01-4531-a68e-7422e260d9e8.__CR0,0,1464,625_PT0_SX1464_V1___.jpg\"><img decoding=\"async\" alt=\"Aplus-Inhaltsbild\" src=\"https:\/\/m.media-amazon.com\/images\/S\/aplus-media-library-service-media\/5995ab04-2c01-4531-a68e-7422e260d9e8.__CR0,0,1464,625_PT0_SX1464_V1___.jpg\">  <\/p>\n<h3>  4K-PoE-\u00dcberwachungskamera-Set <\/h3>\n<p class=\"apm-brand-story-stores-link\">\n<h3>  Reolink PoE-Set <\/h3>\n<p class=\"apm-brand-story-stores-link\">\n<h3>  \u00dcberwachungskamera-Set f\u00fcr den Au\u00dfenbereich <\/h3>\n<p class=\"apm-brand-story-stores-link\">\n<h3>  Duo 3 PoE <\/h3>\n<p class=\"apm-brand-story-stores-link\">\n<h3>  Argus PT Ultra 4K+SR3 <\/h3>\n<p class=\"apm-brand-story-stores-link\">\n<h3>  E1 Outdoor Pro <\/h3>\n<p class=\"apm-brand-story-stores-link\">\n<p>                                              <img decoding=\"async\" alt=\"Aplus-Inhaltsbild\" src=\"https:\/\/images-na.ssl-images-amazon.com\/images\/G\/01\/x-locale\/common\/grey-pixel.gif\" class=\"a-lazy-loaded\" data-src=\"https:\/\/m.media-amazon.com\/images\/S\/aplus-media-library-service-media\/4454fde1-4e32-45ad-8e53-daf66e7fb08a.__CR0,0,362,453_PT0_SX362_V1___.jpg\"><img decoding=\"async\" alt=\"Aplus-Inhaltsbild\" src=\"https:\/\/m.media-amazon.com\/images\/S\/aplus-media-library-service-media\/4454fde1-4e32-45ad-8e53-daf66e7fb08a.__CR0,0,362,453_PT0_SX362_V1___.jpg\">  <\/p>\n<p>                                              <img decoding=\"async\" alt=\"Reolink-Unternehmensank\u00fcndigungstext auf Deutsch mit blauem Logo, in dem die Markenaktualisierung und die Positionierungserkl\u00e4rung besprochen werden.\" src=\"https:\/\/images-na.ssl-images-amazon.com\/images\/G\/01\/x-locale\/common\/grey-pixel.gif\" class=\"a-lazy-loaded\" data-src=\"https:\/\/m.media-amazon.com\/images\/S\/aplus-media-library-service-media\/2a7a72c2-f77e-4a90-80cc-b2344681803b.__CR0,0,362,453_PT0_SX362_V1___.jpg\"><img decoding=\"async\" alt=\"Reolink-Unternehmensank\u00fcndigungstext auf Deutsch mit blauem Logo, in dem die Markenaktualisierung und die Positionierungserkl\u00e4rung besprochen werden.\" src=\"https:\/\/m.media-amazon.com\/images\/S\/aplus-media-library-service-media\/2a7a72c2-f77e-4a90-80cc-b2344681803b.__CR0,0,362,453_PT0_SX362_V1___.jpg\">  <\/p>\n<p>4K Ultra HD: Dieses PoE-\u00dcberwachungssystem bietet mit seinem unglaublich scharfen 20-fps-Bild in 4K-Aufl\u00f6sung fast die vierfache Sch\u00e4rfe von 1080p und sorgt so f\u00fcr h\u00f6chste Detailgenauigkeit in Ihrem \u00dcberwachungs-Feed Tag und Nacht<br \/>Personen-\/Fahrzeugerkennung: Das System verf\u00fcgt jetzt \u00fcber eine Personen-\/Fahrzeugerkennungsfunktion, die die Anzahl von Fehlalarmen durch umherfliegende \u00c4ste und umherfliegende Insekten reduziert, sodass Sie nur bei echten Bedrohungen gewarnt werden<br \/>Ununterbrochene Aufzeichnungen rund um die Uhr: Ihr Eigentum ist jetzt rund um die Uhr gesch\u00fctzt, ohne dass Sie wichtige Momente verpassen, da der NVR \u00fcber eine integrierte 2-TB-Festplatte verf\u00fcgt. Zugriff und Wiedergabe k\u00f6nnen mit der Reolink-Software auch aus der Ferne erfolgen<br \/>Plug-and-Play-Einrichtung: Die PoE-Technologie erleichtert die Installation eines Kamerasystems. Schlie\u00dfen Sie einfach alle Kameras \u00fcber ein Ethernet-Kabel an Ihren PoE-NVR an, und Ihr System f\u00fcgt sie automatisch hinzu und sie sind einsatzbereit<br \/>Nur mit Reolink IP-Kameras kompatibel: Dieses 4K-PoE-CCTV-Kamera-Kit kann ohne Kompatibilit\u00e4tsprobleme mit jeder Reolink PoE\/WiFi-Kamera (batterielos) auf ein 8-Kamera-System erweitert werden. Zu den unterst\u00fctzten Reolink 8MP\/5MP\/4MP PoE IP-Kameras geh\u00f6ren: RLC510A, 820A, 811A, 822A, 823A, Duo 2, 510WA, 542WA, E-Serie usw.<\/p>\n<p>[ad_2]<\/p>\n","protected":false},"excerpt":{"rendered":"<p>Von der Marke 4K-PoE-\u00dcberwachungskamera-Set Reolink PoE-Set \u00dcberwachungskamera-Set f\u00fcr den Au\u00dfenbereich Duo 3 PoE Argus PT Ultra 4K+SR3 E1 Outdoor Pro 4K Ultra HD: Dieses PoE-\u00dcberwachungssystem bietet mit seinem unglaublich scharfen 20-fps-Bild in 4K-Aufl\u00f6sung fast die vierfache Sch\u00e4rfe von 1080p und sorgt so f\u00fcr h\u00f6chste Detailgenauigkeit in Ihrem \u00dcberwachungs-Feed Tag und NachtPersonen-\/Fahrzeugerkennung: Das System verf\u00fcgt jetzt [&hellip;]<\/p>\n","protected":false},"featured_media":4427,"comment_status":"open","ping_status":"closed","template":"","meta":{"_aipt_faq_data":""},"store":[],"product_brand":[156],"product_cat":[113],"product_tag":[155],"class_list":{"0":"post-4426","1":"product","2":"type-product","3":"status-publish","4":"has-post-thumbnail","6":"product_brand-reolink","7":"product_cat-ueberwachungsroboter","8":"product_tag-ueberwachungsroboter-mit-nachtsicht","10":"first","11":"instock","12":"shipping-taxable","13":"product-type-external"},"yoast_head":"<!-- This site is optimized with the Yoast SEO plugin v27.0 - https:\/\/yoast.com\/product\/yoast-seo-wordpress\/ -->\n<title>Reolink 8-Kanal-4K-\u00dcberwachungskamera-Set f\u00fcr den Au\u00dfenbereich, mit 4 x 8 MP PoE-IP-Kameras, 2 TB Festplatte, NVR, f\u00fcr Videoaufzeichnung rund um die Uhr im Innen- und Au\u00dfenbereich, Personen- und Fahrzeugerkennung, IP66, RLK8-800B4-A - EasyLifeBro<\/title>\n<meta name=\"description\" content=\"Entdecken Sie smarte Roboter f\u00fcr Zuhause, Garten, Bildung und Sicherheit. Vergleichen Sie Saugroboter, Rasenm\u00e4hroboter, KI-Begleitroboter und mehr bei EasyLifeRobo.\" \/>\n<meta name=\"robots\" content=\"index, follow, max-snippet:-1, max-image-preview:large, max-video-preview:-1\" \/>\n<link rel=\"canonical\" href=\"https:\/\/easyliferobo.com\/de\/product\/reolink-8-kanal-4k-ueberwachungskamera-set-fuer-den-aussenbereich-mit-4-x-8-mp-poe-ip-kameras-2-tb-festplatte-nvr-fuer-videoaufzeichnung-rund-um-die-uhr-im-innen-und-aussenbereich-personen-und\/\" \/>\n<meta property=\"og:locale\" content=\"de_DE\" \/>\n<meta property=\"og:type\" content=\"article\" \/>\n<meta property=\"og:title\" content=\"Reolink 8-Kanal-4K-\u00dcberwachungskamera-Set f\u00fcr den Au\u00dfenbereich, mit 4 x 8 MP PoE-IP-Kameras, 2 TB Festplatte, NVR, f\u00fcr Videoaufzeichnung rund um die Uhr im Innen- und Au\u00dfenbereich, Personen- und Fahrzeugerkennung, IP66, RLK8-800B4-A - EasyLifeBro\" \/>\n<meta property=\"og:description\" content=\"Entdecken Sie smarte Roboter f\u00fcr Zuhause, Garten, Bildung und Sicherheit. Vergleichen Sie Saugroboter, Rasenm\u00e4hroboter, KI-Begleitroboter und mehr bei EasyLifeRobo.\" \/>\n<meta property=\"og:url\" content=\"https:\/\/easyliferobo.com\/de\/product\/reolink-8-kanal-4k-ueberwachungskamera-set-fuer-den-aussenbereich-mit-4-x-8-mp-poe-ip-kameras-2-tb-festplatte-nvr-fuer-videoaufzeichnung-rund-um-die-uhr-im-innen-und-aussenbereich-personen-und\/\" \/>\n<meta property=\"og:site_name\" content=\"EasyLifeBro\" \/>\n<meta property=\"article:modified_time\" content=\"2026-02-27T12:54:43+00:00\" \/>\n<meta property=\"og:image\" content=\"https:\/\/images-na.ssl-images-amazon.com\/images\/G\/01\/x-locale\/common\/grey-pixel.gif\" \/>\n<meta name=\"twitter:card\" content=\"summary_large_image\" \/>\n<meta name=\"twitter:label1\" content=\"Gesch\u00e4tzte Lesezeit\" \/>\n\t<meta name=\"twitter:data1\" content=\"1\u00a0Minute\" \/>\n<script type=\"application\/ld+json\" class=\"yoast-schema-graph\">{\"@context\":\"https:\/\/schema.org\",\"@graph\":[{\"@type\":\"WebPage\",\"@id\":\"https:\/\/easyliferobo.com\/de\/product\/reolink-8-kanal-4k-ueberwachungskamera-set-fuer-den-aussenbereich-mit-4-x-8-mp-poe-ip-kameras-2-tb-festplatte-nvr-fuer-videoaufzeichnung-rund-um-die-uhr-im-innen-und-aussenbereich-personen-und\/\",\"url\":\"https:\/\/easyliferobo.com\/de\/product\/reolink-8-kanal-4k-ueberwachungskamera-set-fuer-den-aussenbereich-mit-4-x-8-mp-poe-ip-kameras-2-tb-festplatte-nvr-fuer-videoaufzeichnung-rund-um-die-uhr-im-innen-und-aussenbereich-personen-und\/\",\"name\":\"Reolink 8-Kanal-4K-\u00dcberwachungskamera-Set f\u00fcr den Au\u00dfenbereich, mit 4 x 8 MP PoE-IP-Kameras, 2 TB Festplatte, NVR, f\u00fcr Videoaufzeichnung rund um die Uhr im Innen- und Au\u00dfenbereich, Personen- und Fahrzeugerkennung, IP66, RLK8-800B4-A - EasyLifeBro\",\"isPartOf\":{\"@id\":\"https:\/\/easyliferobo.com\/de\/#website\"},\"primaryImageOfPage\":{\"@id\":\"https:\/\/easyliferobo.com\/de\/product\/reolink-8-kanal-4k-ueberwachungskamera-set-fuer-den-aussenbereich-mit-4-x-8-mp-poe-ip-kameras-2-tb-festplatte-nvr-fuer-videoaufzeichnung-rund-um-die-uhr-im-innen-und-aussenbereich-personen-und\/#primaryimage\"},\"image\":{\"@id\":\"https:\/\/easyliferobo.com\/de\/product\/reolink-8-kanal-4k-ueberwachungskamera-set-fuer-den-aussenbereich-mit-4-x-8-mp-poe-ip-kameras-2-tb-festplatte-nvr-fuer-videoaufzeichnung-rund-um-die-uhr-im-innen-und-aussenbereich-personen-und\/#primaryimage\"},\"thumbnailUrl\":\"https:\/\/easyliferobo.com\/de\/wp-content\/uploads\/2026\/02\/61S70hSC2hL._AC_SL1500_.jpg\",\"datePublished\":\"2026-02-27T12:54:27+00:00\",\"dateModified\":\"2026-02-27T12:54:43+00:00\",\"description\":\"Entdecken Sie smarte Roboter f\u00fcr Zuhause, Garten, Bildung und Sicherheit. Vergleichen Sie Saugroboter, Rasenm\u00e4hroboter, KI-Begleitroboter und mehr bei EasyLifeRobo.\",\"breadcrumb\":{\"@id\":\"https:\/\/easyliferobo.com\/de\/product\/reolink-8-kanal-4k-ueberwachungskamera-set-fuer-den-aussenbereich-mit-4-x-8-mp-poe-ip-kameras-2-tb-festplatte-nvr-fuer-videoaufzeichnung-rund-um-die-uhr-im-innen-und-aussenbereich-personen-und\/#breadcrumb\"},\"inLanguage\":\"de\",\"potentialAction\":[{\"@type\":\"ReadAction\",\"target\":[\"https:\/\/easyliferobo.com\/de\/product\/reolink-8-kanal-4k-ueberwachungskamera-set-fuer-den-aussenbereich-mit-4-x-8-mp-poe-ip-kameras-2-tb-festplatte-nvr-fuer-videoaufzeichnung-rund-um-die-uhr-im-innen-und-aussenbereich-personen-und\/\"]}]},{\"@type\":\"ImageObject\",\"inLanguage\":\"de\",\"@id\":\"https:\/\/easyliferobo.com\/de\/product\/reolink-8-kanal-4k-ueberwachungskamera-set-fuer-den-aussenbereich-mit-4-x-8-mp-poe-ip-kameras-2-tb-festplatte-nvr-fuer-videoaufzeichnung-rund-um-die-uhr-im-innen-und-aussenbereich-personen-und\/#primaryimage\",\"url\":\"https:\/\/easyliferobo.com\/de\/wp-content\/uploads\/2026\/02\/61S70hSC2hL._AC_SL1500_.jpg\",\"contentUrl\":\"https:\/\/easyliferobo.com\/de\/wp-content\/uploads\/2026\/02\/61S70hSC2hL._AC_SL1500_.jpg\",\"width\":1500,\"height\":995},{\"@type\":\"BreadcrumbList\",\"@id\":\"https:\/\/easyliferobo.com\/de\/product\/reolink-8-kanal-4k-ueberwachungskamera-set-fuer-den-aussenbereich-mit-4-x-8-mp-poe-ip-kameras-2-tb-festplatte-nvr-fuer-videoaufzeichnung-rund-um-die-uhr-im-innen-und-aussenbereich-personen-und\/#breadcrumb\",\"itemListElement\":[{\"@type\":\"ListItem\",\"position\":1,\"name\":\"Home\",\"item\":\"https:\/\/easyliferobo.com\/de\/\"},{\"@type\":\"ListItem\",\"position\":2,\"name\":\"Shop\",\"item\":\"https:\/\/easyliferobo.com\/de\/shop\/\"},{\"@type\":\"ListItem\",\"position\":3,\"name\":\"Reolink 8-Kanal-4K-\u00dcberwachungskam...\"}]},{\"@type\":\"WebSite\",\"@id\":\"https:\/\/easyliferobo.com\/de\/#website\",\"url\":\"https:\/\/easyliferobo.com\/de\/\",\"name\":\"EasyLifeBro\",\"description\":\"Smarte Roboter f\u00fcr Zuhause, Garten &amp; Bildung\",\"publisher\":{\"@id\":\"https:\/\/easyliferobo.com\/de\/#organization\"},\"potentialAction\":[{\"@type\":\"SearchAction\",\"target\":{\"@type\":\"EntryPoint\",\"urlTemplate\":\"https:\/\/easyliferobo.com\/de\/?s={search_term_string}\"},\"query-input\":{\"@type\":\"PropertyValueSpecification\",\"valueRequired\":true,\"valueName\":\"search_term_string\"}}],\"inLanguage\":\"de\"},{\"@type\":\"Organization\",\"@id\":\"https:\/\/easyliferobo.com\/de\/#organization\",\"name\":\"EasyLifeBro\",\"url\":\"https:\/\/easyliferobo.com\/de\/\",\"logo\":{\"@type\":\"ImageObject\",\"inLanguage\":\"de\",\"@id\":\"https:\/\/easyliferobo.com\/de\/#\/schema\/logo\/image\/\",\"url\":\"https:\/\/easyliferobo.com\/de\/wp-content\/uploads\/2026\/02\/Screenshot-2026-02-22-at-2.25.03-PM.png\",\"contentUrl\":\"https:\/\/easyliferobo.com\/de\/wp-content\/uploads\/2026\/02\/Screenshot-2026-02-22-at-2.25.03-PM.png\",\"width\":1858,\"height\":430,\"caption\":\"EasyLifeBro\"},\"image\":{\"@id\":\"https:\/\/easyliferobo.com\/de\/#\/schema\/logo\/image\/\"}}]}<\/script>\n<!-- \/ Yoast SEO plugin. -->","yoast_head_json":{"title":"Reolink 8-Kanal-4K-\u00dcberwachungskamera-Set f\u00fcr den Au\u00dfenbereich, mit 4 x 8 MP PoE-IP-Kameras, 2 TB Festplatte, NVR, f\u00fcr Videoaufzeichnung rund um die Uhr im Innen- und Au\u00dfenbereich, Personen- und Fahrzeugerkennung, IP66, RLK8-800B4-A - EasyLifeBro","description":"Entdecken Sie smarte Roboter f\u00fcr Zuhause, Garten, Bildung und Sicherheit. Vergleichen Sie Saugroboter, Rasenm\u00e4hroboter, KI-Begleitroboter und mehr bei EasyLifeRobo.","robots":{"index":"index","follow":"follow","max-snippet":"max-snippet:-1","max-image-preview":"max-image-preview:large","max-video-preview":"max-video-preview:-1"},"canonical":"https:\/\/easyliferobo.com\/de\/product\/reolink-8-kanal-4k-ueberwachungskamera-set-fuer-den-aussenbereich-mit-4-x-8-mp-poe-ip-kameras-2-tb-festplatte-nvr-fuer-videoaufzeichnung-rund-um-die-uhr-im-innen-und-aussenbereich-personen-und\/","og_locale":"de_DE","og_type":"article","og_title":"Reolink 8-Kanal-4K-\u00dcberwachungskamera-Set f\u00fcr den Au\u00dfenbereich, mit 4 x 8 MP PoE-IP-Kameras, 2 TB Festplatte, NVR, f\u00fcr Videoaufzeichnung rund um die Uhr im Innen- und Au\u00dfenbereich, Personen- und Fahrzeugerkennung, IP66, RLK8-800B4-A - EasyLifeBro","og_description":"Entdecken Sie smarte Roboter f\u00fcr Zuhause, Garten, Bildung und Sicherheit. Vergleichen Sie Saugroboter, Rasenm\u00e4hroboter, KI-Begleitroboter und mehr bei EasyLifeRobo.","og_url":"https:\/\/easyliferobo.com\/de\/product\/reolink-8-kanal-4k-ueberwachungskamera-set-fuer-den-aussenbereich-mit-4-x-8-mp-poe-ip-kameras-2-tb-festplatte-nvr-fuer-videoaufzeichnung-rund-um-die-uhr-im-innen-und-aussenbereich-personen-und\/","og_site_name":"EasyLifeBro","article_modified_time":"2026-02-27T12:54:43+00:00","og_image":[{"url":"https:\/\/images-na.ssl-images-amazon.com\/images\/G\/01\/x-locale\/common\/grey-pixel.gif","type":"","width":"","height":""}],"twitter_card":"summary_large_image","twitter_misc":{"Gesch\u00e4tzte Lesezeit":"1\u00a0Minute"},"schema":{"@context":"https:\/\/schema.org","@graph":[{"@type":"WebPage","@id":"https:\/\/easyliferobo.com\/de\/product\/reolink-8-kanal-4k-ueberwachungskamera-set-fuer-den-aussenbereich-mit-4-x-8-mp-poe-ip-kameras-2-tb-festplatte-nvr-fuer-videoaufzeichnung-rund-um-die-uhr-im-innen-und-aussenbereich-personen-und\/","url":"https:\/\/easyliferobo.com\/de\/product\/reolink-8-kanal-4k-ueberwachungskamera-set-fuer-den-aussenbereich-mit-4-x-8-mp-poe-ip-kameras-2-tb-festplatte-nvr-fuer-videoaufzeichnung-rund-um-die-uhr-im-innen-und-aussenbereich-personen-und\/","name":"Reolink 8-Kanal-4K-\u00dcberwachungskamera-Set f\u00fcr den Au\u00dfenbereich, mit 4 x 8 MP PoE-IP-Kameras, 2 TB Festplatte, NVR, f\u00fcr Videoaufzeichnung rund um die Uhr im Innen- und Au\u00dfenbereich, Personen- und Fahrzeugerkennung, IP66, RLK8-800B4-A - EasyLifeBro","isPartOf":{"@id":"https:\/\/easyliferobo.com\/de\/#website"},"primaryImageOfPage":{"@id":"https:\/\/easyliferobo.com\/de\/product\/reolink-8-kanal-4k-ueberwachungskamera-set-fuer-den-aussenbereich-mit-4-x-8-mp-poe-ip-kameras-2-tb-festplatte-nvr-fuer-videoaufzeichnung-rund-um-die-uhr-im-innen-und-aussenbereich-personen-und\/#primaryimage"},"image":{"@id":"https:\/\/easyliferobo.com\/de\/product\/reolink-8-kanal-4k-ueberwachungskamera-set-fuer-den-aussenbereich-mit-4-x-8-mp-poe-ip-kameras-2-tb-festplatte-nvr-fuer-videoaufzeichnung-rund-um-die-uhr-im-innen-und-aussenbereich-personen-und\/#primaryimage"},"thumbnailUrl":"https:\/\/easyliferobo.com\/de\/wp-content\/uploads\/2026\/02\/61S70hSC2hL._AC_SL1500_.jpg","datePublished":"2026-02-27T12:54:27+00:00","dateModified":"2026-02-27T12:54:43+00:00","description":"Entdecken Sie smarte Roboter f\u00fcr Zuhause, Garten, Bildung und Sicherheit. Vergleichen Sie Saugroboter, Rasenm\u00e4hroboter, KI-Begleitroboter und mehr bei EasyLifeRobo.","breadcrumb":{"@id":"https:\/\/easyliferobo.com\/de\/product\/reolink-8-kanal-4k-ueberwachungskamera-set-fuer-den-aussenbereich-mit-4-x-8-mp-poe-ip-kameras-2-tb-festplatte-nvr-fuer-videoaufzeichnung-rund-um-die-uhr-im-innen-und-aussenbereich-personen-und\/#breadcrumb"},"inLanguage":"de","potentialAction":[{"@type":"ReadAction","target":["https:\/\/easyliferobo.com\/de\/product\/reolink-8-kanal-4k-ueberwachungskamera-set-fuer-den-aussenbereich-mit-4-x-8-mp-poe-ip-kameras-2-tb-festplatte-nvr-fuer-videoaufzeichnung-rund-um-die-uhr-im-innen-und-aussenbereich-personen-und\/"]}]},{"@type":"ImageObject","inLanguage":"de","@id":"https:\/\/easyliferobo.com\/de\/product\/reolink-8-kanal-4k-ueberwachungskamera-set-fuer-den-aussenbereich-mit-4-x-8-mp-poe-ip-kameras-2-tb-festplatte-nvr-fuer-videoaufzeichnung-rund-um-die-uhr-im-innen-und-aussenbereich-personen-und\/#primaryimage","url":"https:\/\/easyliferobo.com\/de\/wp-content\/uploads\/2026\/02\/61S70hSC2hL._AC_SL1500_.jpg","contentUrl":"https:\/\/easyliferobo.com\/de\/wp-content\/uploads\/2026\/02\/61S70hSC2hL._AC_SL1500_.jpg","width":1500,"height":995},{"@type":"BreadcrumbList","@id":"https:\/\/easyliferobo.com\/de\/product\/reolink-8-kanal-4k-ueberwachungskamera-set-fuer-den-aussenbereich-mit-4-x-8-mp-poe-ip-kameras-2-tb-festplatte-nvr-fuer-videoaufzeichnung-rund-um-die-uhr-im-innen-und-aussenbereich-personen-und\/#breadcrumb","itemListElement":[{"@type":"ListItem","position":1,"name":"Home","item":"https:\/\/easyliferobo.com\/de\/"},{"@type":"ListItem","position":2,"name":"Shop","item":"https:\/\/easyliferobo.com\/de\/shop\/"},{"@type":"ListItem","position":3,"name":"Reolink 8-Kanal-4K-\u00dcberwachungskam..."}]},{"@type":"WebSite","@id":"https:\/\/easyliferobo.com\/de\/#website","url":"https:\/\/easyliferobo.com\/de\/","name":"EasyLifeBro","description":"Smarte Roboter f\u00fcr Zuhause, Garten &amp; Bildung","publisher":{"@id":"https:\/\/easyliferobo.com\/de\/#organization"},"potentialAction":[{"@type":"SearchAction","target":{"@type":"EntryPoint","urlTemplate":"https:\/\/easyliferobo.com\/de\/?s={search_term_string}"},"query-input":{"@type":"PropertyValueSpecification","valueRequired":true,"valueName":"search_term_string"}}],"inLanguage":"de"},{"@type":"Organization","@id":"https:\/\/easyliferobo.com\/de\/#organization","name":"EasyLifeBro","url":"https:\/\/easyliferobo.com\/de\/","logo":{"@type":"ImageObject","inLanguage":"de","@id":"https:\/\/easyliferobo.com\/de\/#\/schema\/logo\/image\/","url":"https:\/\/easyliferobo.com\/de\/wp-content\/uploads\/2026\/02\/Screenshot-2026-02-22-at-2.25.03-PM.png","contentUrl":"https:\/\/easyliferobo.com\/de\/wp-content\/uploads\/2026\/02\/Screenshot-2026-02-22-at-2.25.03-PM.png","width":1858,"height":430,"caption":"EasyLifeBro"},"image":{"@id":"https:\/\/easyliferobo.com\/de\/#\/schema\/logo\/image\/"}}]}},"_links":{"self":[{"href":"https:\/\/easyliferobo.com\/de\/wp-json\/wp\/v2\/product\/4426","targetHints":{"allow":["GET"]}}],"collection":[{"href":"https:\/\/easyliferobo.com\/de\/wp-json\/wp\/v2\/product"}],"about":[{"href":"https:\/\/easyliferobo.com\/de\/wp-json\/wp\/v2\/types\/product"}],"replies":[{"embeddable":true,"href":"https:\/\/easyliferobo.com\/de\/wp-json\/wp\/v2\/comments?post=4426"}],"wp:featuredmedia":[{"embeddable":true,"href":"https:\/\/easyliferobo.com\/de\/wp-json\/wp\/v2\/media\/4427"}],"wp:attachment":[{"href":"https:\/\/easyliferobo.com\/de\/wp-json\/wp\/v2\/media?parent=4426"}],"wp:term":[{"taxonomy":"store","embeddable":true,"href":"https:\/\/easyliferobo.com\/de\/wp-json\/wp\/v2\/store?post=4426"},{"taxonomy":"product_brand","embeddable":true,"href":"https:\/\/easyliferobo.com\/de\/wp-json\/wp\/v2\/product_brand?post=4426"},{"taxonomy":"product_cat","embeddable":true,"href":"https:\/\/easyliferobo.com\/de\/wp-json\/wp\/v2\/product_cat?post=4426"},{"taxonomy":"product_tag","embeddable":true,"href":"https:\/\/easyliferobo.com\/de\/wp-json\/wp\/v2\/product_tag?post=4426"}],"curies":[{"name":"wp","href":"https:\/\/api.w.org\/{rel}","templated":true}]}}