
{"id":4417,"date":"2026-02-27T12:52:46","date_gmt":"2026-02-27T12:52:46","guid":{"rendered":"https:\/\/easyliferobo.com\/de\/product\/8-24-v-einzeltreiber-hochstrom-servomotorsteuerung-mit-hoher-praezision-fuer-industrielle-automatisierung-und-bldc-anwendungen\/"},"modified":"2026-02-27T12:53:02","modified_gmt":"2026-02-27T12:53:02","slug":"8-24-v-einzeltreiber-hochstrom-servomotorsteuerung-mit-hoher-praezision-fuer-industrielle-automatisierung-und-bldc-anwendungen","status":"publish","type":"product","link":"https:\/\/easyliferobo.com\/de\/product\/8-24-v-einzeltreiber-hochstrom-servomotorsteuerung-mit-hoher-praezision-fuer-industrielle-automatisierung-und-bldc-anwendungen\/","title":{"rendered":"8\u201324 V Einzeltreiber-Hochstrom-Se..."},"content":{"rendered":"<p>    <span>Spezifikation: <br \/>Artikeltyp: B\u00fcrstenloser Servomotor-Controller <br \/>Hardwareversion: F\u00fcr ODESC V4.2 <br \/>Antriebsmotor: B\u00fcrstenloser Gleichstrommotor (BLDC) <br \/>Bremsmodus: Leistungswiderstand, Batterierecycling. <br \/>Mikroprozessor: F\u00fcr STM32F405RGT6 <br \/>Betriebsspannung: 8-24V <br \/>Maximaler Strom: 120 A. <br \/>Dauerstrom: 70 A. <br \/>Gr\u00f6\u00dfe: ca. 63 x 58 x 30 mm <br \/>Das Paket beinhaltet: <br \/>1 x Motortreiber. <br \/>1 x Typ-C-Datenkabel. <br \/>1 x 50 W Leistungswiderstand (2 \u03a9) <br \/>2 x 12 AWG Silikonkabel. <br \/>1 x SH1,0 mm 2P \u200b\u200bEinleiterkabel. <br \/>1 x SH1,0 mm 5P Einleiterkabel. <br \/>1 x SH1,0 mm 6P Einleiterkabel. <br \/>1 x SH1,0 mm 5P Doppelleiterkabel. <br \/>1 x SH1,0 mm 6P Doppelleiterkabel. <br \/><\/span>    <br \/>Zuverl\u00e4ssige W\u00e4rmeabteilung Die Leiterplatte verwendet eine dicke Kupferschicht, Immersionsgold und einen integrierten Aluminiumk\u00fchlk\u00f6rper, der die \u00dcberstromkapazit\u00e4t verbessert und eine stabile Leistung im Dauerbetrieb gew\u00e4hrleistet<br \/>Motorsteuerungsmodi: Die Servomotorsteuerung unterst\u00fctzt Geschwindigkeit, Position, Strom, Drehmoment, Flugbahn und andere Steuerungsmodi und bietet eine hervorragende Kompatibilit\u00e4t zur Anpassung an unterschiedliche Betriebsanforderungen<br \/>ENCOR-KOMPATIBILIT\u00c4T Dieser Treiber ist mit Inkrementalgebern (AB, ABI), SPI-Absolutwertgebern, Hall-Sensoren und Encodern wie AMT102, AMT103, TLB5012 und AS5047P kompatibel und gew\u00e4hrleistet so umfassende Flexibilit\u00e4t<br \/>Leistung und Schnittstellen: Mit einer Betriebsspannung von 8 bis 24 V, einem Maximalstrom von 120 A und einem Dauerstrom von 70 A verf\u00fcgt es \u00fcber USB-, PWM-, UART-, Can-, Analogeingangs-, Step-, Dir-, GPIO- und ASCII-Schnittstellen.<br \/>Vielseitige Anwendungen: Wird h\u00e4ufig in Robotergelenken, Roboterarmen, AGVs, Inspektionsrobotern, CNC-Maschinen, 3D-Druckern, Kraftsimulatoren und verschiedenen industriellen Automatisierungs- und Bewegungssteuerungssystemen verwendet<\/p>\n<p>[ad_2]<\/p>\n","protected":false},"excerpt":{"rendered":"<p>Spezifikation: Artikeltyp: B\u00fcrstenloser Servomotor-Controller Hardwareversion: F\u00fcr ODESC V4.2 Antriebsmotor: B\u00fcrstenloser Gleichstrommotor (BLDC) Bremsmodus: Leistungswiderstand, Batterierecycling. Mikroprozessor: F\u00fcr STM32F405RGT6 Betriebsspannung: 8-24V Maximaler Strom: 120 A. Dauerstrom: 70 A. Gr\u00f6\u00dfe: ca. 63 x 58 x 30 mm Das Paket beinhaltet: 1 x Motortreiber. 1 x Typ-C-Datenkabel. 1 x 50 W Leistungswiderstand (2 \u03a9) 2 x 12 AWG [&hellip;]<\/p>\n","protected":false},"featured_media":4418,"comment_status":"open","ping_status":"closed","template":"","meta":{"_aipt_faq_data":""},"store":[],"product_brand":[],"product_cat":[114],"product_tag":[258],"class_list":{"0":"post-4417","1":"product","2":"type-product","3":"status-publish","4":"has-post-thumbnail","6":"product_cat-inspektionsroboter","7":"product_tag-industrielle-inspektionsroboter","9":"first","10":"instock","11":"shipping-taxable","12":"product-type-external"},"yoast_head":"<!-- This site is optimized with the Yoast SEO plugin v27.0 - https:\/\/yoast.com\/product\/yoast-seo-wordpress\/ -->\n<title>8\u201324 V Einzeltreiber-Hochstrom-Servomotorsteuerung mit hoher Pr\u00e4zision f\u00fcr industrielle Automatisierung und BLDC-Anwendungen - EasyLifeBro<\/title>\n<meta name=\"description\" content=\"Entdecken Sie smarte Roboter f\u00fcr Zuhause, Garten, Bildung und Sicherheit. Vergleichen Sie Saugroboter, Rasenm\u00e4hroboter, KI-Begleitroboter und mehr bei EasyLifeRobo.\" \/>\n<meta name=\"robots\" content=\"index, follow, max-snippet:-1, max-image-preview:large, max-video-preview:-1\" \/>\n<link rel=\"canonical\" href=\"https:\/\/easyliferobo.com\/de\/product\/8-24-v-einzeltreiber-hochstrom-servomotorsteuerung-mit-hoher-praezision-fuer-industrielle-automatisierung-und-bldc-anwendungen\/\" \/>\n<meta property=\"og:locale\" content=\"de_DE\" \/>\n<meta property=\"og:type\" content=\"article\" \/>\n<meta property=\"og:title\" content=\"8\u201324 V Einzeltreiber-Hochstrom-Servomotorsteuerung mit hoher Pr\u00e4zision f\u00fcr industrielle Automatisierung und BLDC-Anwendungen - EasyLifeBro\" \/>\n<meta property=\"og:description\" content=\"Entdecken Sie smarte Roboter f\u00fcr Zuhause, Garten, Bildung und Sicherheit. Vergleichen Sie Saugroboter, Rasenm\u00e4hroboter, KI-Begleitroboter und mehr bei EasyLifeRobo.\" \/>\n<meta property=\"og:url\" content=\"https:\/\/easyliferobo.com\/de\/product\/8-24-v-einzeltreiber-hochstrom-servomotorsteuerung-mit-hoher-praezision-fuer-industrielle-automatisierung-und-bldc-anwendungen\/\" \/>\n<meta property=\"og:site_name\" content=\"EasyLifeBro\" \/>\n<meta property=\"article:modified_time\" content=\"2026-02-27T12:53:02+00:00\" \/>\n<meta name=\"twitter:card\" content=\"summary_large_image\" \/>\n<meta name=\"twitter:label1\" content=\"Gesch\u00e4tzte Lesezeit\" \/>\n\t<meta name=\"twitter:data1\" content=\"1\u00a0Minute\" \/>\n<script type=\"application\/ld+json\" class=\"yoast-schema-graph\">{\"@context\":\"https:\/\/schema.org\",\"@graph\":[{\"@type\":\"WebPage\",\"@id\":\"https:\/\/easyliferobo.com\/de\/product\/8-24-v-einzeltreiber-hochstrom-servomotorsteuerung-mit-hoher-praezision-fuer-industrielle-automatisierung-und-bldc-anwendungen\/\",\"url\":\"https:\/\/easyliferobo.com\/de\/product\/8-24-v-einzeltreiber-hochstrom-servomotorsteuerung-mit-hoher-praezision-fuer-industrielle-automatisierung-und-bldc-anwendungen\/\",\"name\":\"8\u201324 V Einzeltreiber-Hochstrom-Servomotorsteuerung mit hoher Pr\u00e4zision f\u00fcr industrielle Automatisierung und BLDC-Anwendungen - EasyLifeBro\",\"isPartOf\":{\"@id\":\"https:\/\/easyliferobo.com\/de\/#website\"},\"primaryImageOfPage\":{\"@id\":\"https:\/\/easyliferobo.com\/de\/product\/8-24-v-einzeltreiber-hochstrom-servomotorsteuerung-mit-hoher-praezision-fuer-industrielle-automatisierung-und-bldc-anwendungen\/#primaryimage\"},\"image\":{\"@id\":\"https:\/\/easyliferobo.com\/de\/product\/8-24-v-einzeltreiber-hochstrom-servomotorsteuerung-mit-hoher-praezision-fuer-industrielle-automatisierung-und-bldc-anwendungen\/#primaryimage\"},\"thumbnailUrl\":\"https:\/\/easyliferobo.com\/de\/wp-content\/uploads\/2026\/02\/1772196766_71FsfZCT57L._AC_SL1500_.jpg\",\"datePublished\":\"2026-02-27T12:52:46+00:00\",\"dateModified\":\"2026-02-27T12:53:02+00:00\",\"description\":\"Entdecken Sie smarte Roboter f\u00fcr Zuhause, Garten, Bildung und Sicherheit. Vergleichen Sie Saugroboter, Rasenm\u00e4hroboter, KI-Begleitroboter und mehr bei EasyLifeRobo.\",\"breadcrumb\":{\"@id\":\"https:\/\/easyliferobo.com\/de\/product\/8-24-v-einzeltreiber-hochstrom-servomotorsteuerung-mit-hoher-praezision-fuer-industrielle-automatisierung-und-bldc-anwendungen\/#breadcrumb\"},\"inLanguage\":\"de\",\"potentialAction\":[{\"@type\":\"ReadAction\",\"target\":[\"https:\/\/easyliferobo.com\/de\/product\/8-24-v-einzeltreiber-hochstrom-servomotorsteuerung-mit-hoher-praezision-fuer-industrielle-automatisierung-und-bldc-anwendungen\/\"]}]},{\"@type\":\"ImageObject\",\"inLanguage\":\"de\",\"@id\":\"https:\/\/easyliferobo.com\/de\/product\/8-24-v-einzeltreiber-hochstrom-servomotorsteuerung-mit-hoher-praezision-fuer-industrielle-automatisierung-und-bldc-anwendungen\/#primaryimage\",\"url\":\"https:\/\/easyliferobo.com\/de\/wp-content\/uploads\/2026\/02\/1772196766_71FsfZCT57L._AC_SL1500_.jpg\",\"contentUrl\":\"https:\/\/easyliferobo.com\/de\/wp-content\/uploads\/2026\/02\/1772196766_71FsfZCT57L._AC_SL1500_.jpg\",\"width\":1494,\"height\":1460},{\"@type\":\"BreadcrumbList\",\"@id\":\"https:\/\/easyliferobo.com\/de\/product\/8-24-v-einzeltreiber-hochstrom-servomotorsteuerung-mit-hoher-praezision-fuer-industrielle-automatisierung-und-bldc-anwendungen\/#breadcrumb\",\"itemListElement\":[{\"@type\":\"ListItem\",\"position\":1,\"name\":\"Home\",\"item\":\"https:\/\/easyliferobo.com\/de\/\"},{\"@type\":\"ListItem\",\"position\":2,\"name\":\"Shop\",\"item\":\"https:\/\/easyliferobo.com\/de\/shop\/\"},{\"@type\":\"ListItem\",\"position\":3,\"name\":\"8\u201324 V Einzeltreiber-Hochstrom-Se...\"}]},{\"@type\":\"WebSite\",\"@id\":\"https:\/\/easyliferobo.com\/de\/#website\",\"url\":\"https:\/\/easyliferobo.com\/de\/\",\"name\":\"EasyLifeBro\",\"description\":\"Smarte Roboter f\u00fcr Zuhause, Garten &amp; Bildung\",\"publisher\":{\"@id\":\"https:\/\/easyliferobo.com\/de\/#organization\"},\"potentialAction\":[{\"@type\":\"SearchAction\",\"target\":{\"@type\":\"EntryPoint\",\"urlTemplate\":\"https:\/\/easyliferobo.com\/de\/?s={search_term_string}\"},\"query-input\":{\"@type\":\"PropertyValueSpecification\",\"valueRequired\":true,\"valueName\":\"search_term_string\"}}],\"inLanguage\":\"de\"},{\"@type\":\"Organization\",\"@id\":\"https:\/\/easyliferobo.com\/de\/#organization\",\"name\":\"EasyLifeBro\",\"url\":\"https:\/\/easyliferobo.com\/de\/\",\"logo\":{\"@type\":\"ImageObject\",\"inLanguage\":\"de\",\"@id\":\"https:\/\/easyliferobo.com\/de\/#\/schema\/logo\/image\/\",\"url\":\"https:\/\/easyliferobo.com\/de\/wp-content\/uploads\/2026\/02\/Screenshot-2026-02-22-at-2.25.03-PM.png\",\"contentUrl\":\"https:\/\/easyliferobo.com\/de\/wp-content\/uploads\/2026\/02\/Screenshot-2026-02-22-at-2.25.03-PM.png\",\"width\":1858,\"height\":430,\"caption\":\"EasyLifeBro\"},\"image\":{\"@id\":\"https:\/\/easyliferobo.com\/de\/#\/schema\/logo\/image\/\"}}]}<\/script>\n<!-- \/ Yoast SEO plugin. -->","yoast_head_json":{"title":"8\u201324 V Einzeltreiber-Hochstrom-Servomotorsteuerung mit hoher Pr\u00e4zision f\u00fcr industrielle Automatisierung und BLDC-Anwendungen - EasyLifeBro","description":"Entdecken Sie smarte Roboter f\u00fcr Zuhause, Garten, Bildung und Sicherheit. Vergleichen Sie Saugroboter, Rasenm\u00e4hroboter, KI-Begleitroboter und mehr bei EasyLifeRobo.","robots":{"index":"index","follow":"follow","max-snippet":"max-snippet:-1","max-image-preview":"max-image-preview:large","max-video-preview":"max-video-preview:-1"},"canonical":"https:\/\/easyliferobo.com\/de\/product\/8-24-v-einzeltreiber-hochstrom-servomotorsteuerung-mit-hoher-praezision-fuer-industrielle-automatisierung-und-bldc-anwendungen\/","og_locale":"de_DE","og_type":"article","og_title":"8\u201324 V Einzeltreiber-Hochstrom-Servomotorsteuerung mit hoher Pr\u00e4zision f\u00fcr industrielle Automatisierung und BLDC-Anwendungen - EasyLifeBro","og_description":"Entdecken Sie smarte Roboter f\u00fcr Zuhause, Garten, Bildung und Sicherheit. Vergleichen Sie Saugroboter, Rasenm\u00e4hroboter, KI-Begleitroboter und mehr bei EasyLifeRobo.","og_url":"https:\/\/easyliferobo.com\/de\/product\/8-24-v-einzeltreiber-hochstrom-servomotorsteuerung-mit-hoher-praezision-fuer-industrielle-automatisierung-und-bldc-anwendungen\/","og_site_name":"EasyLifeBro","article_modified_time":"2026-02-27T12:53:02+00:00","twitter_card":"summary_large_image","twitter_misc":{"Gesch\u00e4tzte Lesezeit":"1\u00a0Minute"},"schema":{"@context":"https:\/\/schema.org","@graph":[{"@type":"WebPage","@id":"https:\/\/easyliferobo.com\/de\/product\/8-24-v-einzeltreiber-hochstrom-servomotorsteuerung-mit-hoher-praezision-fuer-industrielle-automatisierung-und-bldc-anwendungen\/","url":"https:\/\/easyliferobo.com\/de\/product\/8-24-v-einzeltreiber-hochstrom-servomotorsteuerung-mit-hoher-praezision-fuer-industrielle-automatisierung-und-bldc-anwendungen\/","name":"8\u201324 V Einzeltreiber-Hochstrom-Servomotorsteuerung mit hoher Pr\u00e4zision f\u00fcr industrielle Automatisierung und BLDC-Anwendungen - EasyLifeBro","isPartOf":{"@id":"https:\/\/easyliferobo.com\/de\/#website"},"primaryImageOfPage":{"@id":"https:\/\/easyliferobo.com\/de\/product\/8-24-v-einzeltreiber-hochstrom-servomotorsteuerung-mit-hoher-praezision-fuer-industrielle-automatisierung-und-bldc-anwendungen\/#primaryimage"},"image":{"@id":"https:\/\/easyliferobo.com\/de\/product\/8-24-v-einzeltreiber-hochstrom-servomotorsteuerung-mit-hoher-praezision-fuer-industrielle-automatisierung-und-bldc-anwendungen\/#primaryimage"},"thumbnailUrl":"https:\/\/easyliferobo.com\/de\/wp-content\/uploads\/2026\/02\/1772196766_71FsfZCT57L._AC_SL1500_.jpg","datePublished":"2026-02-27T12:52:46+00:00","dateModified":"2026-02-27T12:53:02+00:00","description":"Entdecken Sie smarte Roboter f\u00fcr Zuhause, Garten, Bildung und Sicherheit. Vergleichen Sie Saugroboter, Rasenm\u00e4hroboter, KI-Begleitroboter und mehr bei EasyLifeRobo.","breadcrumb":{"@id":"https:\/\/easyliferobo.com\/de\/product\/8-24-v-einzeltreiber-hochstrom-servomotorsteuerung-mit-hoher-praezision-fuer-industrielle-automatisierung-und-bldc-anwendungen\/#breadcrumb"},"inLanguage":"de","potentialAction":[{"@type":"ReadAction","target":["https:\/\/easyliferobo.com\/de\/product\/8-24-v-einzeltreiber-hochstrom-servomotorsteuerung-mit-hoher-praezision-fuer-industrielle-automatisierung-und-bldc-anwendungen\/"]}]},{"@type":"ImageObject","inLanguage":"de","@id":"https:\/\/easyliferobo.com\/de\/product\/8-24-v-einzeltreiber-hochstrom-servomotorsteuerung-mit-hoher-praezision-fuer-industrielle-automatisierung-und-bldc-anwendungen\/#primaryimage","url":"https:\/\/easyliferobo.com\/de\/wp-content\/uploads\/2026\/02\/1772196766_71FsfZCT57L._AC_SL1500_.jpg","contentUrl":"https:\/\/easyliferobo.com\/de\/wp-content\/uploads\/2026\/02\/1772196766_71FsfZCT57L._AC_SL1500_.jpg","width":1494,"height":1460},{"@type":"BreadcrumbList","@id":"https:\/\/easyliferobo.com\/de\/product\/8-24-v-einzeltreiber-hochstrom-servomotorsteuerung-mit-hoher-praezision-fuer-industrielle-automatisierung-und-bldc-anwendungen\/#breadcrumb","itemListElement":[{"@type":"ListItem","position":1,"name":"Home","item":"https:\/\/easyliferobo.com\/de\/"},{"@type":"ListItem","position":2,"name":"Shop","item":"https:\/\/easyliferobo.com\/de\/shop\/"},{"@type":"ListItem","position":3,"name":"8\u201324 V Einzeltreiber-Hochstrom-Se..."}]},{"@type":"WebSite","@id":"https:\/\/easyliferobo.com\/de\/#website","url":"https:\/\/easyliferobo.com\/de\/","name":"EasyLifeBro","description":"Smarte Roboter f\u00fcr Zuhause, Garten &amp; Bildung","publisher":{"@id":"https:\/\/easyliferobo.com\/de\/#organization"},"potentialAction":[{"@type":"SearchAction","target":{"@type":"EntryPoint","urlTemplate":"https:\/\/easyliferobo.com\/de\/?s={search_term_string}"},"query-input":{"@type":"PropertyValueSpecification","valueRequired":true,"valueName":"search_term_string"}}],"inLanguage":"de"},{"@type":"Organization","@id":"https:\/\/easyliferobo.com\/de\/#organization","name":"EasyLifeBro","url":"https:\/\/easyliferobo.com\/de\/","logo":{"@type":"ImageObject","inLanguage":"de","@id":"https:\/\/easyliferobo.com\/de\/#\/schema\/logo\/image\/","url":"https:\/\/easyliferobo.com\/de\/wp-content\/uploads\/2026\/02\/Screenshot-2026-02-22-at-2.25.03-PM.png","contentUrl":"https:\/\/easyliferobo.com\/de\/wp-content\/uploads\/2026\/02\/Screenshot-2026-02-22-at-2.25.03-PM.png","width":1858,"height":430,"caption":"EasyLifeBro"},"image":{"@id":"https:\/\/easyliferobo.com\/de\/#\/schema\/logo\/image\/"}}]}},"_links":{"self":[{"href":"https:\/\/easyliferobo.com\/de\/wp-json\/wp\/v2\/product\/4417","targetHints":{"allow":["GET"]}}],"collection":[{"href":"https:\/\/easyliferobo.com\/de\/wp-json\/wp\/v2\/product"}],"about":[{"href":"https:\/\/easyliferobo.com\/de\/wp-json\/wp\/v2\/types\/product"}],"replies":[{"embeddable":true,"href":"https:\/\/easyliferobo.com\/de\/wp-json\/wp\/v2\/comments?post=4417"}],"wp:featuredmedia":[{"embeddable":true,"href":"https:\/\/easyliferobo.com\/de\/wp-json\/wp\/v2\/media\/4418"}],"wp:attachment":[{"href":"https:\/\/easyliferobo.com\/de\/wp-json\/wp\/v2\/media?parent=4417"}],"wp:term":[{"taxonomy":"store","embeddable":true,"href":"https:\/\/easyliferobo.com\/de\/wp-json\/wp\/v2\/store?post=4417"},{"taxonomy":"product_brand","embeddable":true,"href":"https:\/\/easyliferobo.com\/de\/wp-json\/wp\/v2\/product_brand?post=4417"},{"taxonomy":"product_cat","embeddable":true,"href":"https:\/\/easyliferobo.com\/de\/wp-json\/wp\/v2\/product_cat?post=4417"},{"taxonomy":"product_tag","embeddable":true,"href":"https:\/\/easyliferobo.com\/de\/wp-json\/wp\/v2\/product_tag?post=4417"}],"curies":[{"name":"wp","href":"https:\/\/api.w.org\/{rel}","templated":true}]}}