
{"id":4410,"date":"2026-02-27T12:50:45","date_gmt":"2026-02-27T12:50:45","guid":{"rendered":"https:\/\/easyliferobo.com\/de\/product\/edurino-figur-mika-abc-buchstaben-lesen-schreiben-ab-4-jahren-level-2-inklusive-app-gross-und-kleinbuchstaben-briefe-richtig-schreiben-laut-in-worten-abbildung-mika\/"},"modified":"2026-02-27T12:50:56","modified_gmt":"2026-02-27T12:50:56","slug":"edurino-figur-mika-abc-buchstaben-lesen-schreiben-ab-4-jahren-level-2-inklusive-app-gross-und-kleinbuchstaben-briefe-richtig-schreiben-laut-in-worten-abbildung-mika","status":"publish","type":"product","link":"https:\/\/easyliferobo.com\/de\/product\/edurino-figur-mika-abc-buchstaben-lesen-schreiben-ab-4-jahren-level-2-inklusive-app-gross-und-kleinbuchstaben-briefe-richtig-schreiben-laut-in-worten-abbildung-mika\/","title":{"rendered":"Edurino Figur Mika ABC: Buchstaben ..."},"content":{"rendered":"<p>\n                                             Produktbeschreibung   <\/p>\n<p>                                                                             <img decoding=\"async\" alt=\"Digitales Lernspielzeug mit Stift und Figur. Sichtbare Kinderh\u00e4nde bei der Interaktion mit einem Tablet-Ger\u00e4t und einer kleinen tierf\u00f6rmigen Figur.\" src=\"https:\/\/images-na.ssl-images-amazon.com\/images\/G\/01\/x-locale\/common\/grey-pixel.gif\" class=\"a-spacing-base a-lazy-loaded\" data-src=\"https:\/\/m.media-amazon.com\/images\/S\/aplus-media-library-service-media\/81d79cae-2a1e-49fc-bba1-2fbad75d823f.__CR0,0,4134,2557_PT0_SX970_V1___.png\"><img decoding=\"async\" alt=\"Digitales Lernspielzeug mit Stift und Figur. Sichtbare Kinderh\u00e4nde bei der Interaktion mit einem Tablet-Ger\u00e4t und einer kleinen tierf\u00f6rmigen Figur.\" src=\"https:\/\/m.media-amazon.com\/images\/S\/aplus-media-library-service-media\/81d79cae-2a1e-49fc-bba1-2fbad75d823f.__CR0,0,4134,2557_PT0_SX970_V1___.png\">                                                                    <\/p>\n<p>                                                                             <img decoding=\"async\" alt=\"Lern-App-Oberfl\u00e4che mit farbenfrohem Text \u201eMIKA ABC: DIE BUCHSTABEN\u201c mit einer Person, die ein Tablet verwendet, wahrscheinlich um Kindern das Alphabet beizubringen.\" src=\"https:\/\/images-na.ssl-images-amazon.com\/images\/G\/01\/x-locale\/common\/grey-pixel.gif\" class=\"a-spacing-base a-lazy-loaded\" data-src=\"https:\/\/m.media-amazon.com\/images\/S\/aplus-media-library-service-media\/560be4b8-b8dd-451f-b9e6-b1d55704451d.__CR0,0,4134,2557_PT0_SX970_V1___.png\"><img decoding=\"async\" alt=\"Lern-App-Oberfl\u00e4che mit farbenfrohem Text \u201eMIKA ABC: DIE BUCHSTABEN\u201c mit einer Person, die ein Tablet verwendet, wahrscheinlich um Kindern das Alphabet beizubringen.\" src=\"https:\/\/m.media-amazon.com\/images\/S\/aplus-media-library-service-media\/560be4b8-b8dd-451f-b9e6-b1d55704451d.__CR0,0,4134,2557_PT0_SX970_V1___.png\">                                                                    <\/p>\n<p>                                                                             <img decoding=\"async\" alt=\"Infografik auf Deutsch, die den Inhalt eines Produktpakets zeigt: Cartoon-Fuchsfigur und App-Symbol, mit Aufz\u00e4hlungspunkten, die Funktionen beschreiben.\" src=\"https:\/\/images-na.ssl-images-amazon.com\/images\/G\/01\/x-locale\/common\/grey-pixel.gif\" class=\"a-spacing-base a-lazy-loaded\" data-src=\"https:\/\/m.media-amazon.com\/images\/S\/aplus-media-library-service-media\/6071019e-cb18-450b-ace6-270c51ae13ee.__CR0,0,4134,2557_PT0_SX970_V1___.png\"><img decoding=\"async\" alt=\"Infografik auf Deutsch, die den Inhalt eines Produktpakets zeigt: Cartoon-Fuchsfigur und App-Symbol, mit Aufz\u00e4hlungspunkten, die Funktionen beschreiben.\" src=\"https:\/\/m.media-amazon.com\/images\/S\/aplus-media-library-service-media\/6071019e-cb18-450b-ace6-270c51ae13ee.__CR0,0,4134,2557_PT0_SX970_V1___.png\">                                                                    <\/p>\n<p>                                                                             <img decoding=\"async\" alt=\"Bildungsinfografik mit Lernzielen f\u00fcr die Buchstabenerkennung, einschlie\u00dflich des H\u00f6rens von Lauten in W\u00f6rtern und der Identifizierung von Gro\u00df- und Kleinbuchstaben.\" src=\"https:\/\/images-na.ssl-images-amazon.com\/images\/G\/01\/x-locale\/common\/grey-pixel.gif\" class=\"a-spacing-base a-lazy-loaded\" data-src=\"https:\/\/m.media-amazon.com\/images\/S\/aplus-media-library-service-media\/9aa1de8f-45cb-4a9c-9272-4b75e5a5783d.__CR0,0,4134,2557_PT0_SX970_V1___.png\"><img decoding=\"async\" alt=\"Bildungsinfografik mit Lernzielen f\u00fcr die Buchstabenerkennung, einschlie\u00dflich des H\u00f6rens von Lauten in W\u00f6rtern und der Identifizierung von Gro\u00df- und Kleinbuchstaben.\" src=\"https:\/\/m.media-amazon.com\/images\/S\/aplus-media-library-service-media\/9aa1de8f-45cb-4a9c-9272-4b75e5a5783d.__CR0,0,4134,2557_PT0_SX970_V1___.png\">                                                                    <\/p>\n<p>                                                                             <img decoding=\"async\" alt=\"Infografik, die die Funktionalit\u00e4t der EDURINO-App erkl\u00e4rt, die Kompatibilit\u00e4t mit verschiedenen App-Stores zeigt und eine Anleitung zur Verwendung eines Tablet-basierten Lernspiels enth\u00e4lt.\" src=\"https:\/\/images-na.ssl-images-amazon.com\/images\/G\/01\/x-locale\/common\/grey-pixel.gif\" class=\"a-spacing-base a-lazy-loaded\" data-src=\"https:\/\/m.media-amazon.com\/images\/S\/aplus-media-library-service-media\/5a179dbe-a0e0-4ea0-99ca-831e58c4c80a.__CR0,0,4134,2557_PT0_SX970_V1___.png\"><img decoding=\"async\" alt=\"Infografik, die die Funktionalit\u00e4t der EDURINO-App erkl\u00e4rt, die Kompatibilit\u00e4t mit verschiedenen App-Stores zeigt und eine Anleitung zur Verwendung eines Tablet-basierten Lernspiels enth\u00e4lt.\" src=\"https:\/\/m.media-amazon.com\/images\/S\/aplus-media-library-service-media\/5a179dbe-a0e0-4ea0-99ca-831e58c4c80a.__CR0,0,4134,2557_PT0_SX970_V1___.png\">                                                                    <\/p>\n<p>                         Zum Warenkorb hinzuf\u00fcgen Zum Warenkorb hinzuf\u00fcgen Zum Warenkorb hinzuf\u00fcgen Zum Warenkorb hinzuf\u00fcgen Kundenrezensionen 4,5 von 5 Sternen 979 4,6 von 5 Sternen 483 4,7 von 5 Sternen 375 4,7 von 5 Sternen 527 Preis 44,99 \u20ac 44,99 \u20ac 44,99 \u20ac 44,99 \u20ac 24,99 \u20ac 24,99 \u20ac 24,99 \u20ac 24,99 \u20ac Lerninhalt Grundkenntnisse zum Lesen und Schreiben | Die Lautstruktur von W\u00f6rtern erkennen | Schwung\u00fcbungen f\u00fcr einzelne Buchstaben Geometrische Formen | Zahlen erkennen und schreiben | Erstes Rechnen Grundkenntnisse zum Lesen und Schreiben | Die Lautstruktur von W\u00f6rtern erkennen | Schwung\u00fcbungen f\u00fcr einzelne Buchstaben Geometrische Formen | Zahlen erkennen und schreiben | Erste Berechnung inklusive EDURINO Eingabestift \u2713 \u2713 keine Daten keine Daten Empfohlenes Alter: 4\u20138 Jahre 4\u20138 Jahre 4\u20138 Jahre 4\u20138 Jahre              <\/p>\n<p>                                                                             <img decoding=\"async\" alt=\"Orangefarbener Hintergrund mit Text \u00fcber sicheres digitales Lernen f\u00fcr Kinder. Zeigt eine Hand, die ein Smartphone mit einer farbenfrohen App-Oberfl\u00e4che h\u00e4lt.\" src=\"https:\/\/images-na.ssl-images-amazon.com\/images\/G\/01\/x-locale\/common\/grey-pixel.gif\" class=\"a-spacing-base a-lazy-loaded\" data-src=\"https:\/\/m.media-amazon.com\/images\/S\/aplus-media-library-service-media\/53eec691-0513-41f6-a241-8cedd2939658.__CR0,0,4134,2557_PT0_SX970_V1___.png\"><img decoding=\"async\" alt=\"Orangefarbener Hintergrund mit Text \u00fcber sicheres digitales Lernen f\u00fcr Kinder. Zeigt eine Hand, die ein Smartphone mit einer farbenfrohen App-Oberfl\u00e4che h\u00e4lt.\" src=\"https:\/\/m.media-amazon.com\/images\/S\/aplus-media-library-service-media\/53eec691-0513-41f6-a241-8cedd2939658.__CR0,0,4134,2557_PT0_SX970_V1___.png\">                                                                    <\/p>\n<p>\u2714\ufe0f Spielerisch lernen \u2013 ob einfache W\u00f6rter, Reime oder Schreibmotorik \u2013 tauchen Sie mit V\u00fcchsin Mika in die Welt der W\u00f6rter ein und lernen Sie spielerisch Laute und Buchstaben kennen.<br \/>\u2714\ufe0f Ideal f\u00fcr Kinder ab 4 Jahren \u2013 die innovativen und digitalen Lernspiele sind ideal f\u00fcr M\u00e4dchen und Jungen ab 4 Jahren \u2013 spannende Geschichten f\u00f6rdern das selbstst\u00e4ndige Erlernen von Gro\u00df- und Kleinbuchstaben.<br \/>\u2714\ufe0f Neueste Lernmethoden: Vorschul- und Schwung\u00fcbungen eingebettet in spannende Missionen f\u00f6rdern den Spa\u00df beim Lesen- und Schreibenlernen und sorgen durch optimierte Lernmethoden f\u00fcr beste Ergebnisse.<br \/>\u2714\ufe0f H\u00f6chste Kompatibilit\u00e4t \u2013 Unsere Eurino-App f\u00fcr digitales Lernspiel unterst\u00fctzt alle g\u00e4ngigen Betriebssysteme. F\u00fcr das beste Spielerlebnis empfehlen wir iOS 15+ (min. 3GB RAM), Android 10+ (min. 3GB RAM) sowie Amazon Fire Tablets HD 10 (2021), HD 10+ (2021) und Fire Max 11 (2023).<br \/>\u2714\ufe0f Maximaler Lernerfolg \u2013 \u200b\u200bDank der engen Zusammenarbeit mit P\u00e4dagogen und Experten entwickeln wir bei EDURINO spielerische Lerninhalte, um die Bildschirmzeiten sinnvoll zu nutzen.<\/p>\n<p>[ad_2]<\/p>\n","protected":false},"excerpt":{"rendered":"<p>Produktbeschreibung Zum Warenkorb hinzuf\u00fcgen Zum Warenkorb hinzuf\u00fcgen Zum Warenkorb hinzuf\u00fcgen Zum Warenkorb hinzuf\u00fcgen Kundenrezensionen 4,5 von 5 Sternen 979 4,6 von 5 Sternen 483 4,7 von 5 Sternen 375 4,7 von 5 Sternen 527 Preis 44,99 \u20ac 44,99 \u20ac 44,99 \u20ac 44,99 \u20ac 24,99 \u20ac 24,99 \u20ac 24,99 \u20ac 24,99 \u20ac Lerninhalt Grundkenntnisse zum Lesen [&hellip;]<\/p>\n","protected":false},"featured_media":4411,"comment_status":"open","ping_status":"closed","template":"","meta":{"_aipt_faq_data":""},"store":[],"product_brand":[],"product_cat":[115],"product_tag":[257],"class_list":{"0":"post-4410","1":"product","2":"type-product","3":"status-publish","4":"has-post-thumbnail","6":"product_cat-patrouillenroboter","7":"product_tag-intelligente-patrouillenroboter-systeme","9":"first","10":"instock","11":"shipping-taxable","12":"product-type-external"},"yoast_head":"<!-- This site is optimized with the Yoast SEO plugin v27.4 - https:\/\/yoast.com\/product\/yoast-seo-wordpress\/ -->\n<title>Edurino Figur Mika ABC: Buchstaben Lesen &amp; Schreiben ab 4 Jahren \u2013 Level 2 inklusive App | Gro\u00df- und Kleinbuchstaben | Briefe richtig schreiben | Laut in Worten (Abbildung Mika) - EasyLifeBro<\/title>\n<meta name=\"description\" content=\"Entdecken Sie smarte Roboter f\u00fcr Zuhause, Garten, Bildung und Sicherheit. Vergleichen Sie Saugroboter, Rasenm\u00e4hroboter, KI-Begleitroboter und mehr bei EasyLifeRobo.\" \/>\n<meta name=\"robots\" content=\"index, follow, max-snippet:-1, max-image-preview:large, max-video-preview:-1\" \/>\n<link rel=\"canonical\" href=\"https:\/\/easyliferobo.com\/de\/product\/edurino-figur-mika-abc-buchstaben-lesen-schreiben-ab-4-jahren-level-2-inklusive-app-gross-und-kleinbuchstaben-briefe-richtig-schreiben-laut-in-worten-abbildung-mika\/\" \/>\n<meta property=\"og:locale\" content=\"de_DE\" \/>\n<meta property=\"og:type\" content=\"article\" \/>\n<meta property=\"og:title\" content=\"Edurino Figur Mika ABC: Buchstaben Lesen &amp; Schreiben ab 4 Jahren \u2013 Level 2 inklusive App | Gro\u00df- und Kleinbuchstaben | Briefe richtig schreiben | Laut in Worten (Abbildung Mika) - EasyLifeBro\" \/>\n<meta property=\"og:description\" content=\"Entdecken Sie smarte Roboter f\u00fcr Zuhause, Garten, Bildung und Sicherheit. Vergleichen Sie Saugroboter, Rasenm\u00e4hroboter, KI-Begleitroboter und mehr bei EasyLifeRobo.\" \/>\n<meta property=\"og:url\" content=\"https:\/\/easyliferobo.com\/de\/product\/edurino-figur-mika-abc-buchstaben-lesen-schreiben-ab-4-jahren-level-2-inklusive-app-gross-und-kleinbuchstaben-briefe-richtig-schreiben-laut-in-worten-abbildung-mika\/\" \/>\n<meta property=\"og:site_name\" content=\"EasyLifeBro\" \/>\n<meta property=\"article:modified_time\" content=\"2026-02-27T12:50:56+00:00\" \/>\n<meta property=\"og:image\" content=\"https:\/\/images-na.ssl-images-amazon.com\/images\/G\/01\/x-locale\/common\/grey-pixel.gif\" \/>\n<meta name=\"twitter:card\" content=\"summary_large_image\" \/>\n<meta name=\"twitter:label1\" content=\"Gesch\u00e4tzte Lesezeit\" \/>\n\t<meta name=\"twitter:data1\" content=\"1\u00a0Minute\" \/>\n<script type=\"application\/ld+json\" class=\"yoast-schema-graph\">{\"@context\":\"https:\\\/\\\/schema.org\",\"@graph\":[{\"@type\":\"WebPage\",\"@id\":\"https:\\\/\\\/easyliferobo.com\\\/de\\\/product\\\/edurino-figur-mika-abc-buchstaben-lesen-schreiben-ab-4-jahren-level-2-inklusive-app-gross-und-kleinbuchstaben-briefe-richtig-schreiben-laut-in-worten-abbildung-mika\\\/\",\"url\":\"https:\\\/\\\/easyliferobo.com\\\/de\\\/product\\\/edurino-figur-mika-abc-buchstaben-lesen-schreiben-ab-4-jahren-level-2-inklusive-app-gross-und-kleinbuchstaben-briefe-richtig-schreiben-laut-in-worten-abbildung-mika\\\/\",\"name\":\"Edurino Figur Mika ABC: Buchstaben Lesen & Schreiben ab 4 Jahren \u2013 Level 2 inklusive App | Gro\u00df- und Kleinbuchstaben | Briefe richtig schreiben | Laut in Worten (Abbildung Mika) - EasyLifeBro\",\"isPartOf\":{\"@id\":\"https:\\\/\\\/easyliferobo.com\\\/de\\\/#website\"},\"primaryImageOfPage\":{\"@id\":\"https:\\\/\\\/easyliferobo.com\\\/de\\\/product\\\/edurino-figur-mika-abc-buchstaben-lesen-schreiben-ab-4-jahren-level-2-inklusive-app-gross-und-kleinbuchstaben-briefe-richtig-schreiben-laut-in-worten-abbildung-mika\\\/#primaryimage\"},\"image\":{\"@id\":\"https:\\\/\\\/easyliferobo.com\\\/de\\\/product\\\/edurino-figur-mika-abc-buchstaben-lesen-schreiben-ab-4-jahren-level-2-inklusive-app-gross-und-kleinbuchstaben-briefe-richtig-schreiben-laut-in-worten-abbildung-mika\\\/#primaryimage\"},\"thumbnailUrl\":\"https:\\\/\\\/easyliferobo.com\\\/de\\\/wp-content\\\/uploads\\\/2026\\\/02\\\/61onYiNrijL._AC_SL1350_.jpg\",\"datePublished\":\"2026-02-27T12:50:45+00:00\",\"dateModified\":\"2026-02-27T12:50:56+00:00\",\"description\":\"Entdecken Sie smarte Roboter f\u00fcr Zuhause, Garten, Bildung und Sicherheit. Vergleichen Sie Saugroboter, Rasenm\u00e4hroboter, KI-Begleitroboter und mehr bei EasyLifeRobo.\",\"breadcrumb\":{\"@id\":\"https:\\\/\\\/easyliferobo.com\\\/de\\\/product\\\/edurino-figur-mika-abc-buchstaben-lesen-schreiben-ab-4-jahren-level-2-inklusive-app-gross-und-kleinbuchstaben-briefe-richtig-schreiben-laut-in-worten-abbildung-mika\\\/#breadcrumb\"},\"inLanguage\":\"de\",\"potentialAction\":[{\"@type\":\"ReadAction\",\"target\":[\"https:\\\/\\\/easyliferobo.com\\\/de\\\/product\\\/edurino-figur-mika-abc-buchstaben-lesen-schreiben-ab-4-jahren-level-2-inklusive-app-gross-und-kleinbuchstaben-briefe-richtig-schreiben-laut-in-worten-abbildung-mika\\\/\"]}]},{\"@type\":\"ImageObject\",\"inLanguage\":\"de\",\"@id\":\"https:\\\/\\\/easyliferobo.com\\\/de\\\/product\\\/edurino-figur-mika-abc-buchstaben-lesen-schreiben-ab-4-jahren-level-2-inklusive-app-gross-und-kleinbuchstaben-briefe-richtig-schreiben-laut-in-worten-abbildung-mika\\\/#primaryimage\",\"url\":\"https:\\\/\\\/easyliferobo.com\\\/de\\\/wp-content\\\/uploads\\\/2026\\\/02\\\/61onYiNrijL._AC_SL1350_.jpg\",\"contentUrl\":\"https:\\\/\\\/easyliferobo.com\\\/de\\\/wp-content\\\/uploads\\\/2026\\\/02\\\/61onYiNrijL._AC_SL1350_.jpg\",\"width\":974,\"height\":1261},{\"@type\":\"BreadcrumbList\",\"@id\":\"https:\\\/\\\/easyliferobo.com\\\/de\\\/product\\\/edurino-figur-mika-abc-buchstaben-lesen-schreiben-ab-4-jahren-level-2-inklusive-app-gross-und-kleinbuchstaben-briefe-richtig-schreiben-laut-in-worten-abbildung-mika\\\/#breadcrumb\",\"itemListElement\":[{\"@type\":\"ListItem\",\"position\":1,\"name\":\"Home\",\"item\":\"https:\\\/\\\/easyliferobo.com\\\/de\\\/\"},{\"@type\":\"ListItem\",\"position\":2,\"name\":\"Shop\",\"item\":\"https:\\\/\\\/easyliferobo.com\\\/de\\\/shop\\\/\"},{\"@type\":\"ListItem\",\"position\":3,\"name\":\"Edurino Figur Mika ABC: Buchstaben ...\"}]},{\"@type\":\"WebSite\",\"@id\":\"https:\\\/\\\/easyliferobo.com\\\/de\\\/#website\",\"url\":\"https:\\\/\\\/easyliferobo.com\\\/de\\\/\",\"name\":\"EasyLifeBro\",\"description\":\"Smarte Roboter f\u00fcr Zuhause, Garten &amp; Bildung\",\"publisher\":{\"@id\":\"https:\\\/\\\/easyliferobo.com\\\/de\\\/#organization\"},\"potentialAction\":[{\"@type\":\"SearchAction\",\"target\":{\"@type\":\"EntryPoint\",\"urlTemplate\":\"https:\\\/\\\/easyliferobo.com\\\/de\\\/?s={search_term_string}\"},\"query-input\":{\"@type\":\"PropertyValueSpecification\",\"valueRequired\":true,\"valueName\":\"search_term_string\"}}],\"inLanguage\":\"de\"},{\"@type\":\"Organization\",\"@id\":\"https:\\\/\\\/easyliferobo.com\\\/de\\\/#organization\",\"name\":\"EasyLifeBro\",\"url\":\"https:\\\/\\\/easyliferobo.com\\\/de\\\/\",\"logo\":{\"@type\":\"ImageObject\",\"inLanguage\":\"de\",\"@id\":\"https:\\\/\\\/easyliferobo.com\\\/de\\\/#\\\/schema\\\/logo\\\/image\\\/\",\"url\":\"https:\\\/\\\/easyliferobo.com\\\/de\\\/wp-content\\\/uploads\\\/2026\\\/02\\\/Screenshot-2026-02-22-at-2.25.03-PM.png\",\"contentUrl\":\"https:\\\/\\\/easyliferobo.com\\\/de\\\/wp-content\\\/uploads\\\/2026\\\/02\\\/Screenshot-2026-02-22-at-2.25.03-PM.png\",\"width\":1858,\"height\":430,\"caption\":\"EasyLifeBro\"},\"image\":{\"@id\":\"https:\\\/\\\/easyliferobo.com\\\/de\\\/#\\\/schema\\\/logo\\\/image\\\/\"}}]}<\/script>\n<!-- \/ Yoast SEO plugin. -->","yoast_head_json":{"title":"Edurino Figur Mika ABC: Buchstaben Lesen & Schreiben ab 4 Jahren \u2013 Level 2 inklusive App | Gro\u00df- und Kleinbuchstaben | Briefe richtig schreiben | Laut in Worten (Abbildung Mika) - EasyLifeBro","description":"Entdecken Sie smarte Roboter f\u00fcr Zuhause, Garten, Bildung und Sicherheit. Vergleichen Sie Saugroboter, Rasenm\u00e4hroboter, KI-Begleitroboter und mehr bei EasyLifeRobo.","robots":{"index":"index","follow":"follow","max-snippet":"max-snippet:-1","max-image-preview":"max-image-preview:large","max-video-preview":"max-video-preview:-1"},"canonical":"https:\/\/easyliferobo.com\/de\/product\/edurino-figur-mika-abc-buchstaben-lesen-schreiben-ab-4-jahren-level-2-inklusive-app-gross-und-kleinbuchstaben-briefe-richtig-schreiben-laut-in-worten-abbildung-mika\/","og_locale":"de_DE","og_type":"article","og_title":"Edurino Figur Mika ABC: Buchstaben Lesen & Schreiben ab 4 Jahren \u2013 Level 2 inklusive App | Gro\u00df- und Kleinbuchstaben | Briefe richtig schreiben | Laut in Worten (Abbildung Mika) - EasyLifeBro","og_description":"Entdecken Sie smarte Roboter f\u00fcr Zuhause, Garten, Bildung und Sicherheit. Vergleichen Sie Saugroboter, Rasenm\u00e4hroboter, KI-Begleitroboter und mehr bei EasyLifeRobo.","og_url":"https:\/\/easyliferobo.com\/de\/product\/edurino-figur-mika-abc-buchstaben-lesen-schreiben-ab-4-jahren-level-2-inklusive-app-gross-und-kleinbuchstaben-briefe-richtig-schreiben-laut-in-worten-abbildung-mika\/","og_site_name":"EasyLifeBro","article_modified_time":"2026-02-27T12:50:56+00:00","og_image":[{"url":"https:\/\/images-na.ssl-images-amazon.com\/images\/G\/01\/x-locale\/common\/grey-pixel.gif","type":"","width":"","height":""}],"twitter_card":"summary_large_image","twitter_misc":{"Gesch\u00e4tzte Lesezeit":"1\u00a0Minute"},"schema":{"@context":"https:\/\/schema.org","@graph":[{"@type":"WebPage","@id":"https:\/\/easyliferobo.com\/de\/product\/edurino-figur-mika-abc-buchstaben-lesen-schreiben-ab-4-jahren-level-2-inklusive-app-gross-und-kleinbuchstaben-briefe-richtig-schreiben-laut-in-worten-abbildung-mika\/","url":"https:\/\/easyliferobo.com\/de\/product\/edurino-figur-mika-abc-buchstaben-lesen-schreiben-ab-4-jahren-level-2-inklusive-app-gross-und-kleinbuchstaben-briefe-richtig-schreiben-laut-in-worten-abbildung-mika\/","name":"Edurino Figur Mika ABC: Buchstaben Lesen & Schreiben ab 4 Jahren \u2013 Level 2 inklusive App | Gro\u00df- und Kleinbuchstaben | Briefe richtig schreiben | Laut in Worten (Abbildung Mika) - EasyLifeBro","isPartOf":{"@id":"https:\/\/easyliferobo.com\/de\/#website"},"primaryImageOfPage":{"@id":"https:\/\/easyliferobo.com\/de\/product\/edurino-figur-mika-abc-buchstaben-lesen-schreiben-ab-4-jahren-level-2-inklusive-app-gross-und-kleinbuchstaben-briefe-richtig-schreiben-laut-in-worten-abbildung-mika\/#primaryimage"},"image":{"@id":"https:\/\/easyliferobo.com\/de\/product\/edurino-figur-mika-abc-buchstaben-lesen-schreiben-ab-4-jahren-level-2-inklusive-app-gross-und-kleinbuchstaben-briefe-richtig-schreiben-laut-in-worten-abbildung-mika\/#primaryimage"},"thumbnailUrl":"https:\/\/easyliferobo.com\/de\/wp-content\/uploads\/2026\/02\/61onYiNrijL._AC_SL1350_.jpg","datePublished":"2026-02-27T12:50:45+00:00","dateModified":"2026-02-27T12:50:56+00:00","description":"Entdecken Sie smarte Roboter f\u00fcr Zuhause, Garten, Bildung und Sicherheit. Vergleichen Sie Saugroboter, Rasenm\u00e4hroboter, KI-Begleitroboter und mehr bei EasyLifeRobo.","breadcrumb":{"@id":"https:\/\/easyliferobo.com\/de\/product\/edurino-figur-mika-abc-buchstaben-lesen-schreiben-ab-4-jahren-level-2-inklusive-app-gross-und-kleinbuchstaben-briefe-richtig-schreiben-laut-in-worten-abbildung-mika\/#breadcrumb"},"inLanguage":"de","potentialAction":[{"@type":"ReadAction","target":["https:\/\/easyliferobo.com\/de\/product\/edurino-figur-mika-abc-buchstaben-lesen-schreiben-ab-4-jahren-level-2-inklusive-app-gross-und-kleinbuchstaben-briefe-richtig-schreiben-laut-in-worten-abbildung-mika\/"]}]},{"@type":"ImageObject","inLanguage":"de","@id":"https:\/\/easyliferobo.com\/de\/product\/edurino-figur-mika-abc-buchstaben-lesen-schreiben-ab-4-jahren-level-2-inklusive-app-gross-und-kleinbuchstaben-briefe-richtig-schreiben-laut-in-worten-abbildung-mika\/#primaryimage","url":"https:\/\/easyliferobo.com\/de\/wp-content\/uploads\/2026\/02\/61onYiNrijL._AC_SL1350_.jpg","contentUrl":"https:\/\/easyliferobo.com\/de\/wp-content\/uploads\/2026\/02\/61onYiNrijL._AC_SL1350_.jpg","width":974,"height":1261},{"@type":"BreadcrumbList","@id":"https:\/\/easyliferobo.com\/de\/product\/edurino-figur-mika-abc-buchstaben-lesen-schreiben-ab-4-jahren-level-2-inklusive-app-gross-und-kleinbuchstaben-briefe-richtig-schreiben-laut-in-worten-abbildung-mika\/#breadcrumb","itemListElement":[{"@type":"ListItem","position":1,"name":"Home","item":"https:\/\/easyliferobo.com\/de\/"},{"@type":"ListItem","position":2,"name":"Shop","item":"https:\/\/easyliferobo.com\/de\/shop\/"},{"@type":"ListItem","position":3,"name":"Edurino Figur Mika ABC: Buchstaben ..."}]},{"@type":"WebSite","@id":"https:\/\/easyliferobo.com\/de\/#website","url":"https:\/\/easyliferobo.com\/de\/","name":"EasyLifeBro","description":"Smarte Roboter f\u00fcr Zuhause, Garten &amp; Bildung","publisher":{"@id":"https:\/\/easyliferobo.com\/de\/#organization"},"potentialAction":[{"@type":"SearchAction","target":{"@type":"EntryPoint","urlTemplate":"https:\/\/easyliferobo.com\/de\/?s={search_term_string}"},"query-input":{"@type":"PropertyValueSpecification","valueRequired":true,"valueName":"search_term_string"}}],"inLanguage":"de"},{"@type":"Organization","@id":"https:\/\/easyliferobo.com\/de\/#organization","name":"EasyLifeBro","url":"https:\/\/easyliferobo.com\/de\/","logo":{"@type":"ImageObject","inLanguage":"de","@id":"https:\/\/easyliferobo.com\/de\/#\/schema\/logo\/image\/","url":"https:\/\/easyliferobo.com\/de\/wp-content\/uploads\/2026\/02\/Screenshot-2026-02-22-at-2.25.03-PM.png","contentUrl":"https:\/\/easyliferobo.com\/de\/wp-content\/uploads\/2026\/02\/Screenshot-2026-02-22-at-2.25.03-PM.png","width":1858,"height":430,"caption":"EasyLifeBro"},"image":{"@id":"https:\/\/easyliferobo.com\/de\/#\/schema\/logo\/image\/"}}]}},"_links":{"self":[{"href":"https:\/\/easyliferobo.com\/de\/wp-json\/wp\/v2\/product\/4410","targetHints":{"allow":["GET"]}}],"collection":[{"href":"https:\/\/easyliferobo.com\/de\/wp-json\/wp\/v2\/product"}],"about":[{"href":"https:\/\/easyliferobo.com\/de\/wp-json\/wp\/v2\/types\/product"}],"replies":[{"embeddable":true,"href":"https:\/\/easyliferobo.com\/de\/wp-json\/wp\/v2\/comments?post=4410"}],"wp:featuredmedia":[{"embeddable":true,"href":"https:\/\/easyliferobo.com\/de\/wp-json\/wp\/v2\/media\/4411"}],"wp:attachment":[{"href":"https:\/\/easyliferobo.com\/de\/wp-json\/wp\/v2\/media?parent=4410"}],"wp:term":[{"taxonomy":"store","embeddable":true,"href":"https:\/\/easyliferobo.com\/de\/wp-json\/wp\/v2\/store?post=4410"},{"taxonomy":"product_brand","embeddable":true,"href":"https:\/\/easyliferobo.com\/de\/wp-json\/wp\/v2\/product_brand?post=4410"},{"taxonomy":"product_cat","embeddable":true,"href":"https:\/\/easyliferobo.com\/de\/wp-json\/wp\/v2\/product_cat?post=4410"},{"taxonomy":"product_tag","embeddable":true,"href":"https:\/\/easyliferobo.com\/de\/wp-json\/wp\/v2\/product_tag?post=4410"}],"curies":[{"name":"wp","href":"https:\/\/api.w.org\/{rel}","templated":true}]}}