
{"id":4403,"date":"2026-02-27T12:48:42","date_gmt":"2026-02-27T12:48:42","guid":{"rendered":"https:\/\/easyliferobo.com\/de\/product\/theben-1010201-theluxa-r180-bk-180-passiv-infrarot-pir-bewegungsmelder-fuer-den-aussenbereich-gehaeusefarbe-schwarz\/"},"modified":"2026-02-27T12:48:52","modified_gmt":"2026-02-27T12:48:52","slug":"theben-1010201-theluxa-r180-bk-180-passiv-infrarot-pir-bewegungsmelder-fuer-den-aussenbereich-gehaeusefarbe-schwarz","status":"publish","type":"product","link":"https:\/\/easyliferobo.com\/de\/product\/theben-1010201-theluxa-r180-bk-180-passiv-infrarot-pir-bewegungsmelder-fuer-den-aussenbereich-gehaeusefarbe-schwarz\/","title":{"rendered":"Theben 1010201 theLuxa R180 BK \u2013 ..."},"content":{"rendered":"<p>    <span>Bewegungsmelder<\/span>    <br \/>Passiver Infrarot-Bewegungssensor (PIR) mit 180\u00b0 Erfassungswinkel f\u00fcr den Au\u00dfenbereich<br \/>Automatische Lichtsteuerung je nach Anwesenheit und Helligkeit<br \/>Sicherer Manipulationsschutz durch robustes Geh\u00e4usedesign sowie verdeckte Bedienelemente unter der gesicherten Fronthaube<br \/>Helligkeitsschaltwert und Nachlaufzeit einstellbar sowie Testfunktion zur \u00dcberpr\u00fcfung des Erfassungsbereichs<br \/>Mischlichtmessung geeignet zur Ansteuerung von Leuchtstoff-, Gl\u00fch- und Halogenlampen sowie LEDs, Nulldurchgangsschaltung f\u00fcr relaisschonendes Schalten und hohe Lampenlasten<\/p>\n<p>[ad_2]<\/p>\n","protected":false},"excerpt":{"rendered":"<p>Bewegungsmelder Passiver Infrarot-Bewegungssensor (PIR) mit 180\u00b0 Erfassungswinkel f\u00fcr den Au\u00dfenbereichAutomatische Lichtsteuerung je nach Anwesenheit und HelligkeitSicherer Manipulationsschutz durch robustes Geh\u00e4usedesign sowie verdeckte Bedienelemente unter der gesicherten FronthaubeHelligkeitsschaltwert und Nachlaufzeit einstellbar sowie Testfunktion zur \u00dcberpr\u00fcfung des ErfassungsbereichsMischlichtmessung geeignet zur Ansteuerung von Leuchtstoff-, Gl\u00fch- und Halogenlampen sowie LEDs, Nulldurchgangsschaltung f\u00fcr relaisschonendes Schalten und hohe Lampenlasten [ad_2]<\/p>\n","protected":false},"featured_media":4404,"comment_status":"open","ping_status":"closed","template":"","meta":{"_aipt_faq_data":""},"store":[],"product_brand":[309],"product_cat":[116],"product_tag":[307],"class_list":{"0":"post-4403","1":"product","2":"type-product","3":"status-publish","4":"has-post-thumbnail","6":"product_brand-theben","7":"product_cat-innen-aussen-sicherheitsroboter","8":"product_tag-innen-aussen-sicherheitsroboter-mit-bewegungsmelder","10":"first","11":"instock","12":"sale","13":"shipping-taxable","14":"product-type-external"},"yoast_head":"<!-- This site is optimized with the Yoast SEO plugin v27.4 - https:\/\/yoast.com\/product\/yoast-seo-wordpress\/ -->\n<title>Theben 1010201 theLuxa R180 BK \u2013 180\u00b0 Passiv-Infrarot (PIR) Bewegungsmelder f\u00fcr den Au\u00dfenbereich \u2013 Geh\u00e4usefarbe Schwarz - EasyLifeBro<\/title>\n<meta name=\"description\" content=\"Entdecken Sie smarte Roboter f\u00fcr Zuhause, Garten, Bildung und Sicherheit. Vergleichen Sie Saugroboter, Rasenm\u00e4hroboter, KI-Begleitroboter und mehr bei EasyLifeRobo.\" \/>\n<meta name=\"robots\" content=\"index, follow, max-snippet:-1, max-image-preview:large, max-video-preview:-1\" \/>\n<link rel=\"canonical\" href=\"https:\/\/easyliferobo.com\/de\/product\/theben-1010201-theluxa-r180-bk-180-passiv-infrarot-pir-bewegungsmelder-fuer-den-aussenbereich-gehaeusefarbe-schwarz\/\" \/>\n<meta property=\"og:locale\" content=\"de_DE\" \/>\n<meta property=\"og:type\" content=\"article\" \/>\n<meta property=\"og:title\" content=\"Theben 1010201 theLuxa R180 BK \u2013 180\u00b0 Passiv-Infrarot (PIR) Bewegungsmelder f\u00fcr den Au\u00dfenbereich \u2013 Geh\u00e4usefarbe Schwarz - EasyLifeBro\" \/>\n<meta property=\"og:description\" content=\"Entdecken Sie smarte Roboter f\u00fcr Zuhause, Garten, Bildung und Sicherheit. Vergleichen Sie Saugroboter, Rasenm\u00e4hroboter, KI-Begleitroboter und mehr bei EasyLifeRobo.\" \/>\n<meta property=\"og:url\" content=\"https:\/\/easyliferobo.com\/de\/product\/theben-1010201-theluxa-r180-bk-180-passiv-infrarot-pir-bewegungsmelder-fuer-den-aussenbereich-gehaeusefarbe-schwarz\/\" \/>\n<meta property=\"og:site_name\" content=\"EasyLifeBro\" \/>\n<meta property=\"article:modified_time\" content=\"2026-02-27T12:48:52+00:00\" \/>\n<meta name=\"twitter:card\" content=\"summary_large_image\" \/>\n<script type=\"application\/ld+json\" class=\"yoast-schema-graph\">{\"@context\":\"https:\\\/\\\/schema.org\",\"@graph\":[{\"@type\":\"WebPage\",\"@id\":\"https:\\\/\\\/easyliferobo.com\\\/de\\\/product\\\/theben-1010201-theluxa-r180-bk-180-passiv-infrarot-pir-bewegungsmelder-fuer-den-aussenbereich-gehaeusefarbe-schwarz\\\/\",\"url\":\"https:\\\/\\\/easyliferobo.com\\\/de\\\/product\\\/theben-1010201-theluxa-r180-bk-180-passiv-infrarot-pir-bewegungsmelder-fuer-den-aussenbereich-gehaeusefarbe-schwarz\\\/\",\"name\":\"Theben 1010201 theLuxa R180 BK \u2013 180\u00b0 Passiv-Infrarot (PIR) Bewegungsmelder f\u00fcr den Au\u00dfenbereich \u2013 Geh\u00e4usefarbe Schwarz - EasyLifeBro\",\"isPartOf\":{\"@id\":\"https:\\\/\\\/easyliferobo.com\\\/de\\\/#website\"},\"primaryImageOfPage\":{\"@id\":\"https:\\\/\\\/easyliferobo.com\\\/de\\\/product\\\/theben-1010201-theluxa-r180-bk-180-passiv-infrarot-pir-bewegungsmelder-fuer-den-aussenbereich-gehaeusefarbe-schwarz\\\/#primaryimage\"},\"image\":{\"@id\":\"https:\\\/\\\/easyliferobo.com\\\/de\\\/product\\\/theben-1010201-theluxa-r180-bk-180-passiv-infrarot-pir-bewegungsmelder-fuer-den-aussenbereich-gehaeusefarbe-schwarz\\\/#primaryimage\"},\"thumbnailUrl\":\"https:\\\/\\\/easyliferobo.com\\\/de\\\/wp-content\\\/uploads\\\/2026\\\/02\\\/61XzqB0sW3L._AC_SL1181_.jpg\",\"datePublished\":\"2026-02-27T12:48:42+00:00\",\"dateModified\":\"2026-02-27T12:48:52+00:00\",\"description\":\"Entdecken Sie smarte Roboter f\u00fcr Zuhause, Garten, Bildung und Sicherheit. Vergleichen Sie Saugroboter, Rasenm\u00e4hroboter, KI-Begleitroboter und mehr bei EasyLifeRobo.\",\"breadcrumb\":{\"@id\":\"https:\\\/\\\/easyliferobo.com\\\/de\\\/product\\\/theben-1010201-theluxa-r180-bk-180-passiv-infrarot-pir-bewegungsmelder-fuer-den-aussenbereich-gehaeusefarbe-schwarz\\\/#breadcrumb\"},\"inLanguage\":\"de\",\"potentialAction\":[{\"@type\":\"ReadAction\",\"target\":[\"https:\\\/\\\/easyliferobo.com\\\/de\\\/product\\\/theben-1010201-theluxa-r180-bk-180-passiv-infrarot-pir-bewegungsmelder-fuer-den-aussenbereich-gehaeusefarbe-schwarz\\\/\"]}]},{\"@type\":\"ImageObject\",\"inLanguage\":\"de\",\"@id\":\"https:\\\/\\\/easyliferobo.com\\\/de\\\/product\\\/theben-1010201-theluxa-r180-bk-180-passiv-infrarot-pir-bewegungsmelder-fuer-den-aussenbereich-gehaeusefarbe-schwarz\\\/#primaryimage\",\"url\":\"https:\\\/\\\/easyliferobo.com\\\/de\\\/wp-content\\\/uploads\\\/2026\\\/02\\\/61XzqB0sW3L._AC_SL1181_.jpg\",\"contentUrl\":\"https:\\\/\\\/easyliferobo.com\\\/de\\\/wp-content\\\/uploads\\\/2026\\\/02\\\/61XzqB0sW3L._AC_SL1181_.jpg\",\"width\":803,\"height\":812},{\"@type\":\"BreadcrumbList\",\"@id\":\"https:\\\/\\\/easyliferobo.com\\\/de\\\/product\\\/theben-1010201-theluxa-r180-bk-180-passiv-infrarot-pir-bewegungsmelder-fuer-den-aussenbereich-gehaeusefarbe-schwarz\\\/#breadcrumb\",\"itemListElement\":[{\"@type\":\"ListItem\",\"position\":1,\"name\":\"Home\",\"item\":\"https:\\\/\\\/easyliferobo.com\\\/de\\\/\"},{\"@type\":\"ListItem\",\"position\":2,\"name\":\"Shop\",\"item\":\"https:\\\/\\\/easyliferobo.com\\\/de\\\/shop\\\/\"},{\"@type\":\"ListItem\",\"position\":3,\"name\":\"Theben 1010201 theLuxa R180 BK \u2013 ...\"}]},{\"@type\":\"WebSite\",\"@id\":\"https:\\\/\\\/easyliferobo.com\\\/de\\\/#website\",\"url\":\"https:\\\/\\\/easyliferobo.com\\\/de\\\/\",\"name\":\"EasyLifeBro\",\"description\":\"Smarte Roboter f\u00fcr Zuhause, Garten &amp; Bildung\",\"publisher\":{\"@id\":\"https:\\\/\\\/easyliferobo.com\\\/de\\\/#organization\"},\"potentialAction\":[{\"@type\":\"SearchAction\",\"target\":{\"@type\":\"EntryPoint\",\"urlTemplate\":\"https:\\\/\\\/easyliferobo.com\\\/de\\\/?s={search_term_string}\"},\"query-input\":{\"@type\":\"PropertyValueSpecification\",\"valueRequired\":true,\"valueName\":\"search_term_string\"}}],\"inLanguage\":\"de\"},{\"@type\":\"Organization\",\"@id\":\"https:\\\/\\\/easyliferobo.com\\\/de\\\/#organization\",\"name\":\"EasyLifeBro\",\"url\":\"https:\\\/\\\/easyliferobo.com\\\/de\\\/\",\"logo\":{\"@type\":\"ImageObject\",\"inLanguage\":\"de\",\"@id\":\"https:\\\/\\\/easyliferobo.com\\\/de\\\/#\\\/schema\\\/logo\\\/image\\\/\",\"url\":\"https:\\\/\\\/easyliferobo.com\\\/de\\\/wp-content\\\/uploads\\\/2026\\\/02\\\/Screenshot-2026-02-22-at-2.25.03-PM.png\",\"contentUrl\":\"https:\\\/\\\/easyliferobo.com\\\/de\\\/wp-content\\\/uploads\\\/2026\\\/02\\\/Screenshot-2026-02-22-at-2.25.03-PM.png\",\"width\":1858,\"height\":430,\"caption\":\"EasyLifeBro\"},\"image\":{\"@id\":\"https:\\\/\\\/easyliferobo.com\\\/de\\\/#\\\/schema\\\/logo\\\/image\\\/\"}}]}<\/script>\n<!-- \/ Yoast SEO plugin. -->","yoast_head_json":{"title":"Theben 1010201 theLuxa R180 BK \u2013 180\u00b0 Passiv-Infrarot (PIR) Bewegungsmelder f\u00fcr den Au\u00dfenbereich \u2013 Geh\u00e4usefarbe Schwarz - EasyLifeBro","description":"Entdecken Sie smarte Roboter f\u00fcr Zuhause, Garten, Bildung und Sicherheit. Vergleichen Sie Saugroboter, Rasenm\u00e4hroboter, KI-Begleitroboter und mehr bei EasyLifeRobo.","robots":{"index":"index","follow":"follow","max-snippet":"max-snippet:-1","max-image-preview":"max-image-preview:large","max-video-preview":"max-video-preview:-1"},"canonical":"https:\/\/easyliferobo.com\/de\/product\/theben-1010201-theluxa-r180-bk-180-passiv-infrarot-pir-bewegungsmelder-fuer-den-aussenbereich-gehaeusefarbe-schwarz\/","og_locale":"de_DE","og_type":"article","og_title":"Theben 1010201 theLuxa R180 BK \u2013 180\u00b0 Passiv-Infrarot (PIR) Bewegungsmelder f\u00fcr den Au\u00dfenbereich \u2013 Geh\u00e4usefarbe Schwarz - EasyLifeBro","og_description":"Entdecken Sie smarte Roboter f\u00fcr Zuhause, Garten, Bildung und Sicherheit. Vergleichen Sie Saugroboter, Rasenm\u00e4hroboter, KI-Begleitroboter und mehr bei EasyLifeRobo.","og_url":"https:\/\/easyliferobo.com\/de\/product\/theben-1010201-theluxa-r180-bk-180-passiv-infrarot-pir-bewegungsmelder-fuer-den-aussenbereich-gehaeusefarbe-schwarz\/","og_site_name":"EasyLifeBro","article_modified_time":"2026-02-27T12:48:52+00:00","twitter_card":"summary_large_image","schema":{"@context":"https:\/\/schema.org","@graph":[{"@type":"WebPage","@id":"https:\/\/easyliferobo.com\/de\/product\/theben-1010201-theluxa-r180-bk-180-passiv-infrarot-pir-bewegungsmelder-fuer-den-aussenbereich-gehaeusefarbe-schwarz\/","url":"https:\/\/easyliferobo.com\/de\/product\/theben-1010201-theluxa-r180-bk-180-passiv-infrarot-pir-bewegungsmelder-fuer-den-aussenbereich-gehaeusefarbe-schwarz\/","name":"Theben 1010201 theLuxa R180 BK \u2013 180\u00b0 Passiv-Infrarot (PIR) Bewegungsmelder f\u00fcr den Au\u00dfenbereich \u2013 Geh\u00e4usefarbe Schwarz - EasyLifeBro","isPartOf":{"@id":"https:\/\/easyliferobo.com\/de\/#website"},"primaryImageOfPage":{"@id":"https:\/\/easyliferobo.com\/de\/product\/theben-1010201-theluxa-r180-bk-180-passiv-infrarot-pir-bewegungsmelder-fuer-den-aussenbereich-gehaeusefarbe-schwarz\/#primaryimage"},"image":{"@id":"https:\/\/easyliferobo.com\/de\/product\/theben-1010201-theluxa-r180-bk-180-passiv-infrarot-pir-bewegungsmelder-fuer-den-aussenbereich-gehaeusefarbe-schwarz\/#primaryimage"},"thumbnailUrl":"https:\/\/easyliferobo.com\/de\/wp-content\/uploads\/2026\/02\/61XzqB0sW3L._AC_SL1181_.jpg","datePublished":"2026-02-27T12:48:42+00:00","dateModified":"2026-02-27T12:48:52+00:00","description":"Entdecken Sie smarte Roboter f\u00fcr Zuhause, Garten, Bildung und Sicherheit. Vergleichen Sie Saugroboter, Rasenm\u00e4hroboter, KI-Begleitroboter und mehr bei EasyLifeRobo.","breadcrumb":{"@id":"https:\/\/easyliferobo.com\/de\/product\/theben-1010201-theluxa-r180-bk-180-passiv-infrarot-pir-bewegungsmelder-fuer-den-aussenbereich-gehaeusefarbe-schwarz\/#breadcrumb"},"inLanguage":"de","potentialAction":[{"@type":"ReadAction","target":["https:\/\/easyliferobo.com\/de\/product\/theben-1010201-theluxa-r180-bk-180-passiv-infrarot-pir-bewegungsmelder-fuer-den-aussenbereich-gehaeusefarbe-schwarz\/"]}]},{"@type":"ImageObject","inLanguage":"de","@id":"https:\/\/easyliferobo.com\/de\/product\/theben-1010201-theluxa-r180-bk-180-passiv-infrarot-pir-bewegungsmelder-fuer-den-aussenbereich-gehaeusefarbe-schwarz\/#primaryimage","url":"https:\/\/easyliferobo.com\/de\/wp-content\/uploads\/2026\/02\/61XzqB0sW3L._AC_SL1181_.jpg","contentUrl":"https:\/\/easyliferobo.com\/de\/wp-content\/uploads\/2026\/02\/61XzqB0sW3L._AC_SL1181_.jpg","width":803,"height":812},{"@type":"BreadcrumbList","@id":"https:\/\/easyliferobo.com\/de\/product\/theben-1010201-theluxa-r180-bk-180-passiv-infrarot-pir-bewegungsmelder-fuer-den-aussenbereich-gehaeusefarbe-schwarz\/#breadcrumb","itemListElement":[{"@type":"ListItem","position":1,"name":"Home","item":"https:\/\/easyliferobo.com\/de\/"},{"@type":"ListItem","position":2,"name":"Shop","item":"https:\/\/easyliferobo.com\/de\/shop\/"},{"@type":"ListItem","position":3,"name":"Theben 1010201 theLuxa R180 BK \u2013 ..."}]},{"@type":"WebSite","@id":"https:\/\/easyliferobo.com\/de\/#website","url":"https:\/\/easyliferobo.com\/de\/","name":"EasyLifeBro","description":"Smarte Roboter f\u00fcr Zuhause, Garten &amp; Bildung","publisher":{"@id":"https:\/\/easyliferobo.com\/de\/#organization"},"potentialAction":[{"@type":"SearchAction","target":{"@type":"EntryPoint","urlTemplate":"https:\/\/easyliferobo.com\/de\/?s={search_term_string}"},"query-input":{"@type":"PropertyValueSpecification","valueRequired":true,"valueName":"search_term_string"}}],"inLanguage":"de"},{"@type":"Organization","@id":"https:\/\/easyliferobo.com\/de\/#organization","name":"EasyLifeBro","url":"https:\/\/easyliferobo.com\/de\/","logo":{"@type":"ImageObject","inLanguage":"de","@id":"https:\/\/easyliferobo.com\/de\/#\/schema\/logo\/image\/","url":"https:\/\/easyliferobo.com\/de\/wp-content\/uploads\/2026\/02\/Screenshot-2026-02-22-at-2.25.03-PM.png","contentUrl":"https:\/\/easyliferobo.com\/de\/wp-content\/uploads\/2026\/02\/Screenshot-2026-02-22-at-2.25.03-PM.png","width":1858,"height":430,"caption":"EasyLifeBro"},"image":{"@id":"https:\/\/easyliferobo.com\/de\/#\/schema\/logo\/image\/"}}]}},"_links":{"self":[{"href":"https:\/\/easyliferobo.com\/de\/wp-json\/wp\/v2\/product\/4403","targetHints":{"allow":["GET"]}}],"collection":[{"href":"https:\/\/easyliferobo.com\/de\/wp-json\/wp\/v2\/product"}],"about":[{"href":"https:\/\/easyliferobo.com\/de\/wp-json\/wp\/v2\/types\/product"}],"replies":[{"embeddable":true,"href":"https:\/\/easyliferobo.com\/de\/wp-json\/wp\/v2\/comments?post=4403"}],"wp:featuredmedia":[{"embeddable":true,"href":"https:\/\/easyliferobo.com\/de\/wp-json\/wp\/v2\/media\/4404"}],"wp:attachment":[{"href":"https:\/\/easyliferobo.com\/de\/wp-json\/wp\/v2\/media?parent=4403"}],"wp:term":[{"taxonomy":"store","embeddable":true,"href":"https:\/\/easyliferobo.com\/de\/wp-json\/wp\/v2\/store?post=4403"},{"taxonomy":"product_brand","embeddable":true,"href":"https:\/\/easyliferobo.com\/de\/wp-json\/wp\/v2\/product_brand?post=4403"},{"taxonomy":"product_cat","embeddable":true,"href":"https:\/\/easyliferobo.com\/de\/wp-json\/wp\/v2\/product_cat?post=4403"},{"taxonomy":"product_tag","embeddable":true,"href":"https:\/\/easyliferobo.com\/de\/wp-json\/wp\/v2\/product_tag?post=4403"}],"curies":[{"name":"wp","href":"https:\/\/api.w.org\/{rel}","templated":true}]}}