
{"id":4395,"date":"2026-02-27T12:46:47","date_gmt":"2026-02-27T12:46:47","guid":{"rendered":"https:\/\/easyliferobo.com\/de\/product\/vyzzle-5000pa-saugroboter-mit-wischfunktion-ultraduenner-3-1-saugroboter-mit-lds-navigation-staubsaugerroboter-d10-app-alexa-ideal-fuer-tierhaare-teppich-hartboden\/"},"modified":"2026-02-27T12:46:58","modified_gmt":"2026-02-27T12:46:58","slug":"vyzzle-5000pa-saugroboter-mit-wischfunktion-ultraduenner-3-1-saugroboter-mit-lds-navigation-staubsaugerroboter-d10-app-alexa-ideal-fuer-tierhaare-teppich-hartboden","status":"publish","type":"product","link":"https:\/\/easyliferobo.com\/de\/product\/vyzzle-5000pa-saugroboter-mit-wischfunktion-ultraduenner-3-1-saugroboter-mit-lds-navigation-staubsaugerroboter-d10-app-alexa-ideal-fuer-tierhaare-teppich-hartboden\/","title":{"rendered":"Vyzzle 5000Pa Saugroboter mit Wisch..."},"content":{"rendered":"<p>\n                                             Produktbeschreibung   <\/p>\n<p>                                                                                                       <img decoding=\"async\" alt=\"Vyzzle D10 Roboter-Staubsauger mit intelligenten Navigationsfunktionen, abgebildet beim Reinigen eines Fu\u00dfbodens. Das Bild zeigt Produktfunktionen wie Hindernisvermeidung, gro\u00dfe M\u00fclltonne und autonomes Aufladen\" src=\"https:\/\/images-na.ssl-images-amazon.com\/images\/G\/01\/x-locale\/common\/grey-pixel.gif\" class=\"a-lazy-loaded\" data-src=\"https:\/\/m.media-amazon.com\/images\/S\/aplus-media-library-service-media\/5c075016-b93c-4e44-a20c-abc519142010.__CR0,0,1464,600_PT0_SX1464_V1___.jpg\"><img decoding=\"async\" alt=\"Vyzzle D10 Roboter-Staubsauger mit intelligenten Navigationsfunktionen, abgebildet beim Reinigen eines Fu\u00dfbodens. Das Bild zeigt Produktfunktionen wie Hindernisvermeidung, gro\u00dfe M\u00fclltonne und autonomes Aufladen\" src=\"https:\/\/m.media-amazon.com\/images\/S\/aplus-media-library-service-media\/5c075016-b93c-4e44-a20c-abc519142010.__CR0,0,1464,600_PT0_SX1464_V1___.jpg\">                                               <\/p>\n<p>Das Video zeigt das Produkt im Einsatz. Das Video f\u00fchrt Sie durch die Produkteinrichtung. Das Video vergleicht mehrere Produkte. Das Video zeigt das Auspacken des Produkts. Vyzzle Staubsauger Roboter D10 H\u00e4ndlervideo<\/p>\n<p>                                                                                                       <img decoding=\"async\" alt=\"Saugroboter\" src=\"https:\/\/images-na.ssl-images-amazon.com\/images\/G\/01\/x-locale\/common\/grey-pixel.gif\" class=\"a-lazy-loaded\" data-src=\"https:\/\/m.media-amazon.com\/images\/S\/aplus-media-library-service-media\/ad003833-3ca9-44e9-9b16-f15274f7d9e1.__CR0,0,1464,600_PT0_SX1464_V1___.jpg\"><img decoding=\"async\" alt=\"Saugroboter\" src=\"https:\/\/m.media-amazon.com\/images\/S\/aplus-media-library-service-media\/ad003833-3ca9-44e9-9b16-f15274f7d9e1.__CR0,0,1464,600_PT0_SX1464_V1___.jpg\">                                         <\/p>\n<p class=\"aplus-description aplus-container-3 aplus-p1\">  Ausgestattet mit pr\u00e4ziser Lasernavigationstechnologie kartiert dieser Saugroboter mit Wischfunktion in Echtzeit das gesamte Zuhause. <\/p>\n<p>                                                                                                       <img decoding=\"async\" alt=\"Bilderserie, die einen kleinen wei\u00dfen Hund zeigt, der mit verschiedenen Objekten in sonnenbeschienenen Innenr\u00e4umen interagiert und diese untersucht.\" src=\"https:\/\/images-na.ssl-images-amazon.com\/images\/G\/01\/x-locale\/common\/grey-pixel.gif\" class=\"a-lazy-loaded\" data-src=\"https:\/\/m.media-amazon.com\/images\/S\/aplus-media-library-service-media\/e126fadb-f572-464a-a754-f9be9e991cd2.__CR0,0,1464,600_PT0_SX1464_V1___.jpg\"><img decoding=\"async\" alt=\"Bilderserie, die einen kleinen wei\u00dfen Hund zeigt, der mit verschiedenen Objekten in sonnenbeschienenen Innenr\u00e4umen interagiert und diese untersucht.\" src=\"https:\/\/m.media-amazon.com\/images\/S\/aplus-media-library-service-media\/e126fadb-f572-464a-a754-f9be9e991cd2.__CR0,0,1464,600_PT0_SX1464_V1___.jpg\">                                               <\/p>\n<p>                                                                                                       <img decoding=\"async\" alt=\"Aplus-Inhaltsbild\" src=\"https:\/\/images-na.ssl-images-amazon.com\/images\/G\/01\/x-locale\/common\/grey-pixel.gif\" class=\"a-lazy-loaded\" data-src=\"https:\/\/m.media-amazon.com\/images\/S\/aplus-media-library-service-media\/b764c257-d4d7-42a9-976f-41179489178a.__CR0,0,1464,600_PT0_SX1464_V1___.jpg\"><img decoding=\"async\" alt=\"Aplus-Inhaltsbild\" src=\"https:\/\/m.media-amazon.com\/images\/S\/aplus-media-library-service-media\/b764c257-d4d7-42a9-976f-41179489178a.__CR0,0,1464,600_PT0_SX1464_V1___.jpg\">                                         <\/p>\n<p class=\"aplus-description aplus-container-3 aplus-p1\">  Der Staubsaugerroboter Vyzzle D10 vereint leistungsstarke Saugkraft, intelligente Navigation und fortschrittliche Komfortfunktionen und ist ein unverzichtbares Werkzeug f\u00fcr ein stets sauberes und gesundes Zuhause. <\/p>\n<p>                                                                                  <img decoding=\"async\" alt=\"ein Roboter-Staubsauger auf einem Teppich\" src=\"https:\/\/m.media-amazon.com\/images\/S\/aplus-media-library-service-media\/248edd05-3b5e-42c4-a14d-1eff77ce3958.__CR0,0,1464,600_PT0_SX1464_V1___.jpg\">       <\/p>\n<p>                                                                                  <img decoding=\"async\" alt=\"ein Bild von einem Ventilator mit einem Licht darauf.\" src=\"https:\/\/m.media-amazon.com\/images\/S\/aplus-media-library-service-media\/b48a5b94-3084-4e03-ac61-1da8f2fcf070.__CR0,0,1464,600_PT0_SX1464_V1___.jpg\">       <\/p>\n<p>                                                                                  <img decoding=\"async\" alt=\"ein Roboter-Staubsauger auf einem Holzboden.\" src=\"https:\/\/m.media-amazon.com\/images\/S\/aplus-media-library-service-media\/1ee0c8bc-90f8-4932-82a5-2c7aa9718259.__CR0,0,1464,600_PT0_SX1464_V1___.jpg\">       <\/p>\n<p>                                                                                  <img decoding=\"async\" alt=\"Ein Hund liegt neben einem Roboterhund auf dem Boden.\" src=\"https:\/\/m.media-amazon.com\/images\/S\/aplus-media-library-service-media\/bf263a77-f0a9-4679-ab49-5b43b653c0c4.__CR0,0,1464,600_PT0_SX1464_V1___.jpg\">       <\/p>\n<p class=\"aplus-description aplus-container-3 aplus-p1\">  WLAN-Kompatibilit\u00e4t: Dieses Ger\u00e4t unterst\u00fctzt ausschlie\u00dflich 2,4-GHz-WLAN-Netzwerke. 5-GHz-Netzwerke werden nicht unterst\u00fctzt. Bitte stellen Sie sicher, dass Ihr Heimnetzwerk entsprechend eingestellt ist, bevor Sie das Ger\u00e4t anschlie\u00dfen. <\/p>\n<h3 class=\"a-text-center aplus-h1 a-text-bold\">  Originalzubeh\u00f6r <\/h3>\n<p>                         Zum Warenkorb hinzuf\u00fcgen Zum Warenkorb hinzuf\u00fcgen Zum Warenkorb hinzuf\u00fcgen Zum Warenkorb hinzuf\u00fcgen Zum Warenkorb hinzuf\u00fcgen Zum Warenkorb hinzuf\u00fcgen Kundenrezensionen \u2014 4,7 von 5 Sternen 4 \u2014 \u2014 \u2014 2,8 von 5 Sternen 2 Preis 19,99 \u20ac 19,99 \u20ac 9,99 \u20ac 9,99 \u20ac 10,99 \u20ac 10,99 \u20ac 12,99 \u20ac 12,99 \u20ac 7,99 \u20ac 7,99 \u20ac 15,99 \u20ac 15,99 \u20ac Betroffene Modelle D10 D10 D10 D10 D10 D10 Menge 6 2 2 1 2 1 H\u00e4ufigkeit der Ersetzung Einmal alle drei Monate Alle zwei Monate \u2014 Alle zwei Monate Einmal alle drei Monate Waschbar \u2714 \u2714 \u2714 \u2714 \u2714 \u2714 Keine Werkzeuge erforderlich \u2714 \u2714 \u2714 \u2714 \u2714 \u2714       <\/p>\n<p>\u3010Ultra-Design mit Laserrobotern mit hervorstehendem Radarturm\u3011 Dieses Modell verwendet eine integrierte Lasernavigation ohne Radaraufsatz. Dadurch wird die H\u00f6he deutlich reduziert, sodass der Roboter problemlos unter niedrigen M\u00f6beln wie Sofas, Betten oder Schr\u00e4nken reinigen kann \u2013 auch in Bereichen, die f\u00fcr viele andere Laser-Roboterstaubsauger nicht zug\u00e4nglich sind.<br \/>\u3010Effiziente Reinigung und Reinigung des Roboters\u3011 Der Roboterstaubsauger bietet eine hohe Saugleistung und unterst\u00fctzt sowohl das Staubsaugen als auch das Wischen. Es eignet sich f\u00fcr Hartb\u00f6den, Holzb\u00f6den und Teppiche und kann je nach Bedarf verschiedene Reinigungsmodi nutzen, um den t\u00e4glichen Reinigungsanforderungen gerecht zu werden.<br \/>\u3010Pr\u00e4zise Reinigung und Reinigungsroute\u3011Dank moderner Lasernavigation erstellt der Saug- und Wischroboter pr\u00e4zise Raumkarten und plant systematische Reinigungsrouten. Eine strukturierte Navigation tr\u00e4gt dazu bei, Oberfl\u00e4chen gleichm\u00e4\u00dfig abzudecken und unn\u00f6tige Wiederholungen oder ausgelassene Bereiche zu reduzieren.<br \/>\u3010Mehrfachgeschwindigkeit und sicherer Platz\u3011 Der Roboterstaubsauger mit Wischfunktion unterst\u00fctzt die Aufbewahrung mehrerer Karten f\u00fcr verschiedene Ebenen. Nach der automatischen Raumerkennung k\u00f6nnen einzelne R\u00e4ume oder definierte Zonen gezielt zur Reinigung ausgew\u00e4hlt werden.<br \/>\u3010APP-AUFBAU &#038; FLEXIBLE REINIGUNG\u3011 Mit der App k\u00f6nnen Sie Reinigungspl\u00e4ne erstellen, Sperrzonen definieren und Reinigungsbereiche individuell festlegen. Die Steuerung erm\u00f6glicht eine flexible Anpassung der Reinigung \u2013 sowohl zu Hause als auch unterwegs.<br \/>\u3010Perfekte Reinigung und Reinigungskontrolle\u3011Benutzer k\u00f6nnen \u00fcber die App die Echtzeitkarte anzeigen, Reinigungsbereiche und Sperrzonen festlegen. Anpassen Anpassen Anpassen Mit der praktischen Fernbedienung k\u00f6nnen Benutzer den Reinigungsfortschritt jederzeit, egal ob zu Hause oder unterwegs, \u00fcberwachen und ein personalisiertes Reinigungsmanagement genie\u00dfen.<\/p>\n<p>[ad_2]<\/p>\n","protected":false},"excerpt":{"rendered":"<p>Produktbeschreibung Das Video zeigt das Produkt im Einsatz. Das Video f\u00fchrt Sie durch die Produkteinrichtung. Das Video vergleicht mehrere Produkte. Das Video zeigt das Auspacken des Produkts. Vyzzle Staubsauger Roboter D10 H\u00e4ndlervideo Ausgestattet mit pr\u00e4ziser Lasernavigationstechnologie kartiert dieser Saugroboter mit Wischfunktion in Echtzeit das gesamte Zuhause. Der Staubsaugerroboter Vyzzle D10 vereint leistungsstarke Saugkraft, intelligente Navigation [&hellip;]<\/p>\n","protected":false},"featured_media":4396,"comment_status":"open","ping_status":"closed","template":"","meta":{"_aipt_faq_data":""},"store":[],"product_brand":[455],"product_cat":[28],"product_tag":[39],"class_list":{"0":"post-4395","1":"product","2":"type-product","3":"status-publish","4":"has-post-thumbnail","6":"product_brand-vyzzle","7":"product_cat-trending","8":"product_tag-saugroboter-mit-wischfunktion","10":"first","11":"instock","12":"sale","13":"shipping-taxable","14":"product-type-external"},"yoast_head":"<!-- This site is optimized with the Yoast SEO plugin v27.4 - https:\/\/yoast.com\/product\/yoast-seo-wordpress\/ -->\n<title>Vyzzle 5000Pa Saugroboter mit Wischfunktion, ultrad\u00fcnner 3-1 Saugroboter mit LDS-Navigation, Staubsaugerroboter D10, App\/Alexa, ideal f\u00fcr Tierhaare, Teppich, Hartboden - EasyLifeBro<\/title>\n<meta name=\"description\" content=\"Entdecken Sie smarte Roboter f\u00fcr Zuhause, Garten, Bildung und Sicherheit. Vergleichen Sie Saugroboter, Rasenm\u00e4hroboter, KI-Begleitroboter und mehr bei EasyLifeRobo.\" \/>\n<meta name=\"robots\" content=\"index, follow, max-snippet:-1, max-image-preview:large, max-video-preview:-1\" \/>\n<link rel=\"canonical\" href=\"https:\/\/easyliferobo.com\/de\/product\/vyzzle-5000pa-saugroboter-mit-wischfunktion-ultraduenner-3-1-saugroboter-mit-lds-navigation-staubsaugerroboter-d10-app-alexa-ideal-fuer-tierhaare-teppich-hartboden\/\" \/>\n<meta property=\"og:locale\" content=\"de_DE\" \/>\n<meta property=\"og:type\" content=\"article\" \/>\n<meta property=\"og:title\" content=\"Vyzzle 5000Pa Saugroboter mit Wischfunktion, ultrad\u00fcnner 3-1 Saugroboter mit LDS-Navigation, Staubsaugerroboter D10, App\/Alexa, ideal f\u00fcr Tierhaare, Teppich, Hartboden - EasyLifeBro\" \/>\n<meta property=\"og:description\" content=\"Entdecken Sie smarte Roboter f\u00fcr Zuhause, Garten, Bildung und Sicherheit. Vergleichen Sie Saugroboter, Rasenm\u00e4hroboter, KI-Begleitroboter und mehr bei EasyLifeRobo.\" \/>\n<meta property=\"og:url\" content=\"https:\/\/easyliferobo.com\/de\/product\/vyzzle-5000pa-saugroboter-mit-wischfunktion-ultraduenner-3-1-saugroboter-mit-lds-navigation-staubsaugerroboter-d10-app-alexa-ideal-fuer-tierhaare-teppich-hartboden\/\" \/>\n<meta property=\"og:site_name\" content=\"EasyLifeBro\" \/>\n<meta property=\"article:modified_time\" content=\"2026-02-27T12:46:58+00:00\" \/>\n<meta property=\"og:image\" content=\"https:\/\/images-na.ssl-images-amazon.com\/images\/G\/01\/x-locale\/common\/grey-pixel.gif\" \/>\n<meta name=\"twitter:card\" content=\"summary_large_image\" \/>\n<meta name=\"twitter:label1\" content=\"Gesch\u00e4tzte Lesezeit\" \/>\n\t<meta name=\"twitter:data1\" content=\"2\u00a0Minuten\" \/>\n<script type=\"application\/ld+json\" class=\"yoast-schema-graph\">{\"@context\":\"https:\\\/\\\/schema.org\",\"@graph\":[{\"@type\":\"WebPage\",\"@id\":\"https:\\\/\\\/easyliferobo.com\\\/de\\\/product\\\/vyzzle-5000pa-saugroboter-mit-wischfunktion-ultraduenner-3-1-saugroboter-mit-lds-navigation-staubsaugerroboter-d10-app-alexa-ideal-fuer-tierhaare-teppich-hartboden\\\/\",\"url\":\"https:\\\/\\\/easyliferobo.com\\\/de\\\/product\\\/vyzzle-5000pa-saugroboter-mit-wischfunktion-ultraduenner-3-1-saugroboter-mit-lds-navigation-staubsaugerroboter-d10-app-alexa-ideal-fuer-tierhaare-teppich-hartboden\\\/\",\"name\":\"Vyzzle 5000Pa Saugroboter mit Wischfunktion, ultrad\u00fcnner 3-1 Saugroboter mit LDS-Navigation, Staubsaugerroboter D10, App\\\/Alexa, ideal f\u00fcr Tierhaare, Teppich, Hartboden - EasyLifeBro\",\"isPartOf\":{\"@id\":\"https:\\\/\\\/easyliferobo.com\\\/de\\\/#website\"},\"primaryImageOfPage\":{\"@id\":\"https:\\\/\\\/easyliferobo.com\\\/de\\\/product\\\/vyzzle-5000pa-saugroboter-mit-wischfunktion-ultraduenner-3-1-saugroboter-mit-lds-navigation-staubsaugerroboter-d10-app-alexa-ideal-fuer-tierhaare-teppich-hartboden\\\/#primaryimage\"},\"image\":{\"@id\":\"https:\\\/\\\/easyliferobo.com\\\/de\\\/product\\\/vyzzle-5000pa-saugroboter-mit-wischfunktion-ultraduenner-3-1-saugroboter-mit-lds-navigation-staubsaugerroboter-d10-app-alexa-ideal-fuer-tierhaare-teppich-hartboden\\\/#primaryimage\"},\"thumbnailUrl\":\"https:\\\/\\\/easyliferobo.com\\\/de\\\/wp-content\\\/uploads\\\/2026\\\/02\\\/71BwnQDxCjL._AC_SL1500_.jpg\",\"datePublished\":\"2026-02-27T12:46:47+00:00\",\"dateModified\":\"2026-02-27T12:46:58+00:00\",\"description\":\"Entdecken Sie smarte Roboter f\u00fcr Zuhause, Garten, Bildung und Sicherheit. Vergleichen Sie Saugroboter, Rasenm\u00e4hroboter, KI-Begleitroboter und mehr bei EasyLifeRobo.\",\"breadcrumb\":{\"@id\":\"https:\\\/\\\/easyliferobo.com\\\/de\\\/product\\\/vyzzle-5000pa-saugroboter-mit-wischfunktion-ultraduenner-3-1-saugroboter-mit-lds-navigation-staubsaugerroboter-d10-app-alexa-ideal-fuer-tierhaare-teppich-hartboden\\\/#breadcrumb\"},\"inLanguage\":\"de\",\"potentialAction\":[{\"@type\":\"ReadAction\",\"target\":[\"https:\\\/\\\/easyliferobo.com\\\/de\\\/product\\\/vyzzle-5000pa-saugroboter-mit-wischfunktion-ultraduenner-3-1-saugroboter-mit-lds-navigation-staubsaugerroboter-d10-app-alexa-ideal-fuer-tierhaare-teppich-hartboden\\\/\"]}]},{\"@type\":\"ImageObject\",\"inLanguage\":\"de\",\"@id\":\"https:\\\/\\\/easyliferobo.com\\\/de\\\/product\\\/vyzzle-5000pa-saugroboter-mit-wischfunktion-ultraduenner-3-1-saugroboter-mit-lds-navigation-staubsaugerroboter-d10-app-alexa-ideal-fuer-tierhaare-teppich-hartboden\\\/#primaryimage\",\"url\":\"https:\\\/\\\/easyliferobo.com\\\/de\\\/wp-content\\\/uploads\\\/2026\\\/02\\\/71BwnQDxCjL._AC_SL1500_.jpg\",\"contentUrl\":\"https:\\\/\\\/easyliferobo.com\\\/de\\\/wp-content\\\/uploads\\\/2026\\\/02\\\/71BwnQDxCjL._AC_SL1500_.jpg\",\"width\":1500,\"height\":1486},{\"@type\":\"BreadcrumbList\",\"@id\":\"https:\\\/\\\/easyliferobo.com\\\/de\\\/product\\\/vyzzle-5000pa-saugroboter-mit-wischfunktion-ultraduenner-3-1-saugroboter-mit-lds-navigation-staubsaugerroboter-d10-app-alexa-ideal-fuer-tierhaare-teppich-hartboden\\\/#breadcrumb\",\"itemListElement\":[{\"@type\":\"ListItem\",\"position\":1,\"name\":\"Home\",\"item\":\"https:\\\/\\\/easyliferobo.com\\\/de\\\/\"},{\"@type\":\"ListItem\",\"position\":2,\"name\":\"Shop\",\"item\":\"https:\\\/\\\/easyliferobo.com\\\/de\\\/shop\\\/\"},{\"@type\":\"ListItem\",\"position\":3,\"name\":\"Vyzzle 5000Pa Saugroboter mit Wisch...\"}]},{\"@type\":\"WebSite\",\"@id\":\"https:\\\/\\\/easyliferobo.com\\\/de\\\/#website\",\"url\":\"https:\\\/\\\/easyliferobo.com\\\/de\\\/\",\"name\":\"EasyLifeBro\",\"description\":\"Smarte Roboter f\u00fcr Zuhause, Garten &amp; Bildung\",\"publisher\":{\"@id\":\"https:\\\/\\\/easyliferobo.com\\\/de\\\/#organization\"},\"potentialAction\":[{\"@type\":\"SearchAction\",\"target\":{\"@type\":\"EntryPoint\",\"urlTemplate\":\"https:\\\/\\\/easyliferobo.com\\\/de\\\/?s={search_term_string}\"},\"query-input\":{\"@type\":\"PropertyValueSpecification\",\"valueRequired\":true,\"valueName\":\"search_term_string\"}}],\"inLanguage\":\"de\"},{\"@type\":\"Organization\",\"@id\":\"https:\\\/\\\/easyliferobo.com\\\/de\\\/#organization\",\"name\":\"EasyLifeBro\",\"url\":\"https:\\\/\\\/easyliferobo.com\\\/de\\\/\",\"logo\":{\"@type\":\"ImageObject\",\"inLanguage\":\"de\",\"@id\":\"https:\\\/\\\/easyliferobo.com\\\/de\\\/#\\\/schema\\\/logo\\\/image\\\/\",\"url\":\"https:\\\/\\\/easyliferobo.com\\\/de\\\/wp-content\\\/uploads\\\/2026\\\/02\\\/Screenshot-2026-02-22-at-2.25.03-PM.png\",\"contentUrl\":\"https:\\\/\\\/easyliferobo.com\\\/de\\\/wp-content\\\/uploads\\\/2026\\\/02\\\/Screenshot-2026-02-22-at-2.25.03-PM.png\",\"width\":1858,\"height\":430,\"caption\":\"EasyLifeBro\"},\"image\":{\"@id\":\"https:\\\/\\\/easyliferobo.com\\\/de\\\/#\\\/schema\\\/logo\\\/image\\\/\"}}]}<\/script>\n<!-- \/ Yoast SEO plugin. -->","yoast_head_json":{"title":"Vyzzle 5000Pa Saugroboter mit Wischfunktion, ultrad\u00fcnner 3-1 Saugroboter mit LDS-Navigation, Staubsaugerroboter D10, App\/Alexa, ideal f\u00fcr Tierhaare, Teppich, Hartboden - EasyLifeBro","description":"Entdecken Sie smarte Roboter f\u00fcr Zuhause, Garten, Bildung und Sicherheit. Vergleichen Sie Saugroboter, Rasenm\u00e4hroboter, KI-Begleitroboter und mehr bei EasyLifeRobo.","robots":{"index":"index","follow":"follow","max-snippet":"max-snippet:-1","max-image-preview":"max-image-preview:large","max-video-preview":"max-video-preview:-1"},"canonical":"https:\/\/easyliferobo.com\/de\/product\/vyzzle-5000pa-saugroboter-mit-wischfunktion-ultraduenner-3-1-saugroboter-mit-lds-navigation-staubsaugerroboter-d10-app-alexa-ideal-fuer-tierhaare-teppich-hartboden\/","og_locale":"de_DE","og_type":"article","og_title":"Vyzzle 5000Pa Saugroboter mit Wischfunktion, ultrad\u00fcnner 3-1 Saugroboter mit LDS-Navigation, Staubsaugerroboter D10, App\/Alexa, ideal f\u00fcr Tierhaare, Teppich, Hartboden - EasyLifeBro","og_description":"Entdecken Sie smarte Roboter f\u00fcr Zuhause, Garten, Bildung und Sicherheit. Vergleichen Sie Saugroboter, Rasenm\u00e4hroboter, KI-Begleitroboter und mehr bei EasyLifeRobo.","og_url":"https:\/\/easyliferobo.com\/de\/product\/vyzzle-5000pa-saugroboter-mit-wischfunktion-ultraduenner-3-1-saugroboter-mit-lds-navigation-staubsaugerroboter-d10-app-alexa-ideal-fuer-tierhaare-teppich-hartboden\/","og_site_name":"EasyLifeBro","article_modified_time":"2026-02-27T12:46:58+00:00","og_image":[{"url":"https:\/\/images-na.ssl-images-amazon.com\/images\/G\/01\/x-locale\/common\/grey-pixel.gif","type":"","width":"","height":""}],"twitter_card":"summary_large_image","twitter_misc":{"Gesch\u00e4tzte Lesezeit":"2\u00a0Minuten"},"schema":{"@context":"https:\/\/schema.org","@graph":[{"@type":"WebPage","@id":"https:\/\/easyliferobo.com\/de\/product\/vyzzle-5000pa-saugroboter-mit-wischfunktion-ultraduenner-3-1-saugroboter-mit-lds-navigation-staubsaugerroboter-d10-app-alexa-ideal-fuer-tierhaare-teppich-hartboden\/","url":"https:\/\/easyliferobo.com\/de\/product\/vyzzle-5000pa-saugroboter-mit-wischfunktion-ultraduenner-3-1-saugroboter-mit-lds-navigation-staubsaugerroboter-d10-app-alexa-ideal-fuer-tierhaare-teppich-hartboden\/","name":"Vyzzle 5000Pa Saugroboter mit Wischfunktion, ultrad\u00fcnner 3-1 Saugroboter mit LDS-Navigation, Staubsaugerroboter D10, App\/Alexa, ideal f\u00fcr Tierhaare, Teppich, Hartboden - EasyLifeBro","isPartOf":{"@id":"https:\/\/easyliferobo.com\/de\/#website"},"primaryImageOfPage":{"@id":"https:\/\/easyliferobo.com\/de\/product\/vyzzle-5000pa-saugroboter-mit-wischfunktion-ultraduenner-3-1-saugroboter-mit-lds-navigation-staubsaugerroboter-d10-app-alexa-ideal-fuer-tierhaare-teppich-hartboden\/#primaryimage"},"image":{"@id":"https:\/\/easyliferobo.com\/de\/product\/vyzzle-5000pa-saugroboter-mit-wischfunktion-ultraduenner-3-1-saugroboter-mit-lds-navigation-staubsaugerroboter-d10-app-alexa-ideal-fuer-tierhaare-teppich-hartboden\/#primaryimage"},"thumbnailUrl":"https:\/\/easyliferobo.com\/de\/wp-content\/uploads\/2026\/02\/71BwnQDxCjL._AC_SL1500_.jpg","datePublished":"2026-02-27T12:46:47+00:00","dateModified":"2026-02-27T12:46:58+00:00","description":"Entdecken Sie smarte Roboter f\u00fcr Zuhause, Garten, Bildung und Sicherheit. Vergleichen Sie Saugroboter, Rasenm\u00e4hroboter, KI-Begleitroboter und mehr bei EasyLifeRobo.","breadcrumb":{"@id":"https:\/\/easyliferobo.com\/de\/product\/vyzzle-5000pa-saugroboter-mit-wischfunktion-ultraduenner-3-1-saugroboter-mit-lds-navigation-staubsaugerroboter-d10-app-alexa-ideal-fuer-tierhaare-teppich-hartboden\/#breadcrumb"},"inLanguage":"de","potentialAction":[{"@type":"ReadAction","target":["https:\/\/easyliferobo.com\/de\/product\/vyzzle-5000pa-saugroboter-mit-wischfunktion-ultraduenner-3-1-saugroboter-mit-lds-navigation-staubsaugerroboter-d10-app-alexa-ideal-fuer-tierhaare-teppich-hartboden\/"]}]},{"@type":"ImageObject","inLanguage":"de","@id":"https:\/\/easyliferobo.com\/de\/product\/vyzzle-5000pa-saugroboter-mit-wischfunktion-ultraduenner-3-1-saugroboter-mit-lds-navigation-staubsaugerroboter-d10-app-alexa-ideal-fuer-tierhaare-teppich-hartboden\/#primaryimage","url":"https:\/\/easyliferobo.com\/de\/wp-content\/uploads\/2026\/02\/71BwnQDxCjL._AC_SL1500_.jpg","contentUrl":"https:\/\/easyliferobo.com\/de\/wp-content\/uploads\/2026\/02\/71BwnQDxCjL._AC_SL1500_.jpg","width":1500,"height":1486},{"@type":"BreadcrumbList","@id":"https:\/\/easyliferobo.com\/de\/product\/vyzzle-5000pa-saugroboter-mit-wischfunktion-ultraduenner-3-1-saugroboter-mit-lds-navigation-staubsaugerroboter-d10-app-alexa-ideal-fuer-tierhaare-teppich-hartboden\/#breadcrumb","itemListElement":[{"@type":"ListItem","position":1,"name":"Home","item":"https:\/\/easyliferobo.com\/de\/"},{"@type":"ListItem","position":2,"name":"Shop","item":"https:\/\/easyliferobo.com\/de\/shop\/"},{"@type":"ListItem","position":3,"name":"Vyzzle 5000Pa Saugroboter mit Wisch..."}]},{"@type":"WebSite","@id":"https:\/\/easyliferobo.com\/de\/#website","url":"https:\/\/easyliferobo.com\/de\/","name":"EasyLifeBro","description":"Smarte Roboter f\u00fcr Zuhause, Garten &amp; Bildung","publisher":{"@id":"https:\/\/easyliferobo.com\/de\/#organization"},"potentialAction":[{"@type":"SearchAction","target":{"@type":"EntryPoint","urlTemplate":"https:\/\/easyliferobo.com\/de\/?s={search_term_string}"},"query-input":{"@type":"PropertyValueSpecification","valueRequired":true,"valueName":"search_term_string"}}],"inLanguage":"de"},{"@type":"Organization","@id":"https:\/\/easyliferobo.com\/de\/#organization","name":"EasyLifeBro","url":"https:\/\/easyliferobo.com\/de\/","logo":{"@type":"ImageObject","inLanguage":"de","@id":"https:\/\/easyliferobo.com\/de\/#\/schema\/logo\/image\/","url":"https:\/\/easyliferobo.com\/de\/wp-content\/uploads\/2026\/02\/Screenshot-2026-02-22-at-2.25.03-PM.png","contentUrl":"https:\/\/easyliferobo.com\/de\/wp-content\/uploads\/2026\/02\/Screenshot-2026-02-22-at-2.25.03-PM.png","width":1858,"height":430,"caption":"EasyLifeBro"},"image":{"@id":"https:\/\/easyliferobo.com\/de\/#\/schema\/logo\/image\/"}}]}},"_links":{"self":[{"href":"https:\/\/easyliferobo.com\/de\/wp-json\/wp\/v2\/product\/4395","targetHints":{"allow":["GET"]}}],"collection":[{"href":"https:\/\/easyliferobo.com\/de\/wp-json\/wp\/v2\/product"}],"about":[{"href":"https:\/\/easyliferobo.com\/de\/wp-json\/wp\/v2\/types\/product"}],"replies":[{"embeddable":true,"href":"https:\/\/easyliferobo.com\/de\/wp-json\/wp\/v2\/comments?post=4395"}],"wp:featuredmedia":[{"embeddable":true,"href":"https:\/\/easyliferobo.com\/de\/wp-json\/wp\/v2\/media\/4396"}],"wp:attachment":[{"href":"https:\/\/easyliferobo.com\/de\/wp-json\/wp\/v2\/media?parent=4395"}],"wp:term":[{"taxonomy":"store","embeddable":true,"href":"https:\/\/easyliferobo.com\/de\/wp-json\/wp\/v2\/store?post=4395"},{"taxonomy":"product_brand","embeddable":true,"href":"https:\/\/easyliferobo.com\/de\/wp-json\/wp\/v2\/product_brand?post=4395"},{"taxonomy":"product_cat","embeddable":true,"href":"https:\/\/easyliferobo.com\/de\/wp-json\/wp\/v2\/product_cat?post=4395"},{"taxonomy":"product_tag","embeddable":true,"href":"https:\/\/easyliferobo.com\/de\/wp-json\/wp\/v2\/product_tag?post=4395"}],"curies":[{"name":"wp","href":"https:\/\/api.w.org\/{rel}","templated":true}]}}