
{"id":4383,"date":"2026-02-27T12:44:52","date_gmt":"2026-02-27T12:44:52","guid":{"rendered":"https:\/\/easyliferobo.com\/de\/product\/dreame-l10s-ultra-gen-3-saug-und-wischroboter-mit-einer-saugleistung-von-25-000-pa-ausziehbarer-seitenbuerste-und-wischfunktion-selbstreinigender-all-in-one-dockingstation-app-und-sprachsteuerung\/"},"modified":"2026-02-27T12:45:17","modified_gmt":"2026-02-27T12:45:17","slug":"dreame-l10s-ultra-gen-3-saug-und-wischroboter-mit-einer-saugleistung-von-25-000-pa-ausziehbarer-seitenbuerste-und-wischfunktion-selbstreinigender-all-in-one-dockingstation-app-und-sprachsteuerung","status":"publish","type":"product","link":"https:\/\/easyliferobo.com\/de\/product\/dreame-l10s-ultra-gen-3-saug-und-wischroboter-mit-einer-saugleistung-von-25-000-pa-ausziehbarer-seitenbuerste-und-wischfunktion-selbstreinigender-all-in-one-dockingstation-app-und-sprachsteuerung\/","title":{"rendered":"Dreame L10s Ultra Gen 3 Saug- und W..."},"content":{"rendered":"<p>\n                                             Vom Hersteller Das Video zeigt das Produkt im Einsatz. Das Video f\u00fchrt Sie durch die Produkteinrichtung. Das Video vergleicht mehrere Produkte. Das Video zeigt das Auspacken des Produkts. Dreame L10s Ultra Gen 3 Merchant Video Extreme Saugleistung    <\/p>\n<p class=\"aplus-p2\">  Mit dem TurboForce-Motor der 6. Generation bietet dieser Saugroboter eine beeindruckende Vormax-Saugkraft von 25.000 Pa*, um verschiedene Arten von Schmutz effizient zu entfernen \u2013 von Haaren bis hin zu Katzenstreu. W\u00e4hlen Sie je nach Ihren Reinigungsbed\u00fcrfnissen eine von 5 Saugstufen*. <\/p>\n<p class=\"aplus-p2\">  100%ige Aufnahme von Partikeln <\/p>\n<p class=\"aplus-p2\">  99%ige Aufnahme von Haaren <\/p>\n<p>Das Video zeigt das Produkt im Einsatz. Das Video f\u00fchrt Sie durch die Produkteinrichtung. Das Video vergleicht mehrere Produkte. Das Video zeigt das Auspacken des Produkts. L10s Ultra Gen 3 H\u00e4ndlervideo Flexible Reichweite in engen Bereichen    <\/p>\n<p class=\"aplus-p2\">  Dank der SideReach-Saugtechnologie und MopExtend RoboSwing l\u00e4sst sich dieser Saugroboter nicht von schwer erreichbaren Ecken, geschwungenen M\u00f6beln, niedrigen Bereichen oder geraden Kanten aufhalten. Ihr Boden wird vollst\u00e4ndig gereinigt, sodass kein nachtr\u00e4gliches Nachwischen erforderlich ist. <\/p>\n<p class=\"aplus-p2\">  100%ige Reinigung von Ecken <\/p>\n<p class=\"aplus-p2\">  0 mm L\u00fccke zur Ecke <\/p>\n<p class=\"aplus-p2\">  99 % Kantenreinigung <\/p>\n<p>Das Video zeigt das Produkt im Einsatz. Das Video f\u00fchrt Sie durch die Produkteinrichtung. Das Video vergleicht mehrere Produkte. Das Video zeigt das Auspacken des Produkts. L10s Ultra Gen 3 Merchant Video Effiziente Selbstreinigung mit weniger R\u00fcckst\u00e4nden    <\/p>\n<p class=\"aplus-p2\">  W\u00e4hrend die Wischmopps gereinigt werden, wird auch das Waschbrett selbst gereinigt. Das AceClean DryBoard-Selbstreinigungssystem schrubbt mithilfe von 20 Spr\u00fchd\u00fcsen und rotierenden Wischmopps das Waschbrett. Nach der Reinigung wird Schmutzwasser abgelassen. <\/p>\n<p class=\"aplus-p2\">  99 % Fleckenentfernung auf dem Wischmopp <\/p>\n<p>Das Video zeigt das Produkt im Einsatz. Das Video f\u00fchrt Sie durch die Produkteinrichtung. Das Video vergleicht mehrere Produkte. Das Video zeigt das Auspacken des Produkts. L10s Ultra Gen 3 Merchant-Video<\/p>\n<p>                                                                                                                  <img decoding=\"async\" alt=\"Aplus-Inhaltsbild\" src=\"https:\/\/m.media-amazon.com\/images\/S\/aplus-media-library-service-media\/23fc58c8-df26-4814-a1a2-725a0297ea8b.__CR0,0,1464,600_PT0_SX1464_V1___.jpg\">                                                    <img decoding=\"async\" alt=\"Aplus-Inhaltsbild\" src=\"https:\/\/m.media-amazon.com\/images\/S\/aplus-media-library-service-media\/63b2a1fb-7198-4088-8bfa-b6100514ca83.__CR0,0,1464,600_PT0_SX1464_V1___.jpg\">                                                    <img decoding=\"async\" alt=\"Aplus-Inhaltsbild\" src=\"https:\/\/m.media-amazon.com\/images\/S\/aplus-media-library-service-media\/60b8e706-110c-4dbb-a621-b2b0501c8617.__CR0,0,1464,600_PT0_SX1464_V1___.jpg\">                                                    <img decoding=\"async\" alt=\"Aplus-Inhaltsbild\" src=\"https:\/\/m.media-amazon.com\/images\/S\/aplus-media-library-service-media\/6399da64-d723-4a29-a242-627939fdb29b.__CR0,0,1464,600_PT0_SX1464_V1___.jpg\"><br \/>\n                            1 Enorme Saugleistung 2 Umfassende Reinigung 3 Anpassbares Wischsystem 4 Moppanhebung um 10,5 mm <\/p>\n<p>                                                                                                                  <img decoding=\"async\" alt=\"Aplus-Inhaltsbild\" src=\"https:\/\/m.media-amazon.com\/images\/S\/aplus-media-library-service-media\/26003863-f0f6-44f4-90e8-9eb81e9522a2.__CR0,0,1464,600_PT0_SX1464_V1___.jpg\">                                                    <img decoding=\"async\" alt=\"Aplus-Inhaltsbild\" src=\"https:\/\/m.media-amazon.com\/images\/S\/aplus-media-library-service-media\/9a764628-5b12-4a7e-96cb-f5179c137288.__CR0,0,1464,600_PT0_SX1464_V1___.jpg\">                                                    <img decoding=\"async\" alt=\"Aplus-Inhaltsbild\" src=\"https:\/\/m.media-amazon.com\/images\/S\/aplus-media-library-service-media\/77eb2694-d888-44d2-8780-5171a7dd9742.__CR0,0,1464,600_PT0_SX1464_V1___.jpg\">                                                    <img decoding=\"async\" alt=\"Aplus-Inhaltsbild\" src=\"https:\/\/m.media-amazon.com\/images\/S\/aplus-media-library-service-media\/ee6fd535-4bd2-4808-9485-dccac06a2cfb.__CR0,0,1464,600_PT0_SX1464_V1___.jpg\"><br \/>\n                            1 Multi-PowerDock 2 AceClean DryBoard 3 100 Tage Auto-Entleerung 4 Auto-Nachf\u00fcllung <\/p>\n<p>                                                                                                                    <img decoding=\"async\" alt=\"Aplus-Inhaltsbild\" src=\"https:\/\/m.media-amazon.com\/images\/S\/aplus-media-library-service-media\/d235cb7f-aa5e-4682-8d6a-dfb61fe7efaf.__CR0,0,1464,600_PT0_SX1464_V1___.jpg\">                                                    <img decoding=\"async\" alt=\"Aplus-Inhaltsbild\" src=\"https:\/\/m.media-amazon.com\/images\/S\/aplus-media-library-service-media\/66c3d8e9-810a-4c5f-bd40-b006c5f6cd29.__CR0,0,1464,600_PT0_SX1464_V1___.jpg\">                                                    <img decoding=\"async\" alt=\"Aplus-Inhaltsbild\" src=\"https:\/\/m.media-amazon.com\/images\/S\/aplus-media-library-service-media\/4997d38e-71f5-4915-8c88-c9a3d7b3152b.__CR0,0,1464,600_PT0_SX1464_V1___.jpg\">                                                    <img decoding=\"async\" alt=\"Mehrere Innenraumszenen, die Wohnr\u00e4ume und M\u00f6belarrangements zeigen.\" src=\"https:\/\/m.media-amazon.com\/images\/S\/aplus-media-library-service-media\/6d0cb42c-376a-4ae7-afab-df093251fa0d.__CR0,0,1464,600_PT0_SX1464_V1___.jpg\">                                                    <img decoding=\"async\" alt=\"Der Text lautet \u201eSp\u00fclbecken stark bares Geld\u201c. Benutzeroberfl\u00e4che f\u00fcr Produktlisten mit Preisinformationen im deutschen W\u00e4hrungsformat.\" src=\"https:\/\/m.media-amazon.com\/images\/S\/aplus-media-library-service-media\/f480c6ae-581f-4a33-89c4-46af7bac4c4c.__CR0,0,1464,600_PT0_SX1464_V1___.jpg\"><br \/>\n                            1 3DAdapt 2 Intelligente Navigation 3 Mehrgeschoss-Kartierung 4 Intelligente No-Go-Zone 5 Verl\u00e4ngerte Akkulaufzeit <\/p>\n<p>                                                                                                                    <img decoding=\"async\" alt=\"Aplus-Inhaltsbild\" src=\"https:\/\/m.media-amazon.com\/images\/S\/aplus-media-library-service-media\/e8bf4c90-ed50-4715-8a90-c8a5622712b6.__CR0,0,1464,600_PT0_SX1464_V1___.jpg\">                                                    <img decoding=\"async\" alt=\"Aplus-Inhaltsbild\" src=\"https:\/\/m.media-amazon.com\/images\/S\/aplus-media-library-service-media\/724e1d12-8f83-428f-8d75-9f32233286dd.__CR0,0,1464,600_PT0_SX1464_V1___.jpg\">                                                    <img decoding=\"async\" alt=\"Aplus-Inhaltsbild\" src=\"https:\/\/m.media-amazon.com\/images\/S\/aplus-media-library-service-media\/bc348a62-ab62-45d8-b211-a44d3287436c.__CR0,0,1464,600_PT0_SX1464_V1___.jpg\">                                                    <img decoding=\"async\" alt=\"Aplus-Inhaltsbild\" src=\"https:\/\/m.media-amazon.com\/images\/S\/aplus-media-library-service-media\/243c50de-4119-438f-8357-4022a2cf4971.__CR0,0,1464,600_PT0_SX1464_V1___.jpg\">                                                    <img decoding=\"async\" alt=\"Aplus-Inhaltsbild\" src=\"https:\/\/m.media-amazon.com\/images\/S\/aplus-media-library-service-media\/9aa3d6d9-ea0e-47d0-9917-48b45488a2f4.__CR0,0,1464,600_PT0_SX1464_V1___.jpg\"><br \/>\n                            1 DREAME-APP 2 Teppichreinigung 3 Haustiermodus 4 Matter-Protokolls 5 Flexible Steuerung <\/p>\n<p>Leistungsstarke Saugleistung von 25.000 Pa: Kraftvolle Reinigung von Hartb\u00f6den und Teppichen mit einer Saugleistung von 25.000 Pa und 5 Saugstufen f\u00fcr eine individuelle Reinigung im gesamten Zuhause.<br \/>Entfernt Schmutz m\u00fchelos aus allen Ecken: Der L10s Ultra Gen 3 verf\u00fcgt \u00fcber eine ausziehbare B\u00fcrste und einen Wischmopp, sodass er auch Ecken und Bereiche unter M\u00f6beln erreicht und dort eine gr\u00fcndliche Reinigung erm\u00f6glicht, an denen die meisten Staubsauger versagen.<br \/>Weniger manuelle Wartung erforderlich: Die selbstreinigende All-in-One-Dockingstation optimiert das autonome Reinigungserlebnis.<br \/>Pflege und Reinigung Ihres Teppichs: 4 individuelle Modi erm\u00f6glichen Ihnen eine gezielte Pflege Ihrer Bodenbel\u00e4ge \u2013 Teppichvermeidung, Saugkraftverst\u00e4rkung, intensive Teppichreinigung und Mopphub um 10,5 mm.<br \/>Ein ges\u00fcnderes Zuhause f\u00fcr Ihre Haustiere: Halten Sie die Haustierbereiche mit weniger manuellem Aufwand sauber \u2013 f\u00fcr eine ges\u00fcndere, gl\u00fccklichere und sicherere Umgebung f\u00fcr Ihre Haustiere.<br \/>Ihr zuverl\u00e4ssiger Reiniger f\u00fcr ein saubereres Zuhause: Der L10s Ultra Gen 3 kartiert Ihr Zuhause pr\u00e4zise und umgeht Hindernisse wie Schuhe mit Smart Pathfinder und 3DAdapt-Technologie.<br \/>Laden au\u00dferhalb der Sto\u00dfzeiten spart Geld: Genie\u00dfen Sie bis zu 231 Minuten Reinigungszeit und 156 m\u00b2 im Leisemodus. Der robuste Akku mit einer Kapazit\u00e4t von 5.200 mAh l\u00e4dt 30 % schneller und unterst\u00fctzt das Laden au\u00dferhalb der Spitzenzeiten.<br \/>Komfortable App- und Sprachsteuerung: M\u00fchelose Steuerung und reibungslose Reinigung mit der Reinigungs-App und Sprachassistenten wie Alexa, Siri und Google Home.<\/p>\n<p>[ad_2]<\/p>\n","protected":false},"excerpt":{"rendered":"<p>Vom Hersteller Das Video zeigt das Produkt im Einsatz. Das Video f\u00fchrt Sie durch die Produkteinrichtung. Das Video vergleicht mehrere Produkte. Das Video zeigt das Auspacken des Produkts. Dreame L10s Ultra Gen 3 Merchant Video Extreme Saugleistung Mit dem TurboForce-Motor der 6. Generation bietet dieser Saugroboter eine beeindruckende Vormax-Saugkraft von 25.000 Pa*, um verschiedene Arten [&hellip;]<\/p>\n","protected":false},"featured_media":4384,"comment_status":"open","ping_status":"closed","template":"","meta":{"_aipt_faq_data":""},"store":[],"product_brand":[351],"product_cat":[72],"product_tag":[39],"class_list":{"0":"post-4383","1":"product","2":"type-product","3":"status-publish","4":"has-post-thumbnail","6":"product_brand-dreame","7":"product_cat-saugroboter","8":"product_tag-saugroboter-mit-wischfunktion","10":"first","11":"instock","12":"sale","13":"shipping-taxable","14":"product-type-external"},"yoast_head":"<!-- This site is optimized with the Yoast SEO plugin v27.4 - https:\/\/yoast.com\/product\/yoast-seo-wordpress\/ -->\n<title>Dreame L10s Ultra Gen 3 Saug- und Wischroboter mit einer Saugleistung von 25.000 Pa, ausziehbarer Seitenb\u00fcrste und Wischfunktion, selbstreinigender All-in-One-Dockingstation, App- und Sprachsteuerung - EasyLifeBro<\/title>\n<meta name=\"description\" content=\"Entdecken Sie smarte Roboter f\u00fcr Zuhause, Garten, Bildung und Sicherheit. Vergleichen Sie Saugroboter, Rasenm\u00e4hroboter, KI-Begleitroboter und mehr bei EasyLifeRobo.\" \/>\n<meta name=\"robots\" content=\"index, follow, max-snippet:-1, max-image-preview:large, max-video-preview:-1\" \/>\n<link rel=\"canonical\" href=\"https:\/\/easyliferobo.com\/de\/product\/dreame-l10s-ultra-gen-3-saug-und-wischroboter-mit-einer-saugleistung-von-25-000-pa-ausziehbarer-seitenbuerste-und-wischfunktion-selbstreinigender-all-in-one-dockingstation-app-und-sprachsteuerung\/\" \/>\n<meta property=\"og:locale\" content=\"de_DE\" \/>\n<meta property=\"og:type\" content=\"article\" \/>\n<meta property=\"og:title\" content=\"Dreame L10s Ultra Gen 3 Saug- und Wischroboter mit einer Saugleistung von 25.000 Pa, ausziehbarer Seitenb\u00fcrste und Wischfunktion, selbstreinigender All-in-One-Dockingstation, App- und Sprachsteuerung - EasyLifeBro\" \/>\n<meta property=\"og:description\" content=\"Entdecken Sie smarte Roboter f\u00fcr Zuhause, Garten, Bildung und Sicherheit. Vergleichen Sie Saugroboter, Rasenm\u00e4hroboter, KI-Begleitroboter und mehr bei EasyLifeRobo.\" \/>\n<meta property=\"og:url\" content=\"https:\/\/easyliferobo.com\/de\/product\/dreame-l10s-ultra-gen-3-saug-und-wischroboter-mit-einer-saugleistung-von-25-000-pa-ausziehbarer-seitenbuerste-und-wischfunktion-selbstreinigender-all-in-one-dockingstation-app-und-sprachsteuerung\/\" \/>\n<meta property=\"og:site_name\" content=\"EasyLifeBro\" \/>\n<meta property=\"article:modified_time\" content=\"2026-02-27T12:45:17+00:00\" \/>\n<meta property=\"og:image\" content=\"https:\/\/m.media-amazon.com\/images\/S\/aplus-media-library-service-media\/23fc58c8-df26-4814-a1a2-725a0297ea8b.__CR0,0,1464,600_PT0_SX1464_V1___.jpg\" \/>\n<meta name=\"twitter:card\" content=\"summary_large_image\" \/>\n<meta name=\"twitter:label1\" content=\"Gesch\u00e4tzte Lesezeit\" \/>\n\t<meta name=\"twitter:data1\" content=\"3\u00a0Minuten\" \/>\n<script type=\"application\/ld+json\" class=\"yoast-schema-graph\">{\"@context\":\"https:\\\/\\\/schema.org\",\"@graph\":[{\"@type\":\"WebPage\",\"@id\":\"https:\\\/\\\/easyliferobo.com\\\/de\\\/product\\\/dreame-l10s-ultra-gen-3-saug-und-wischroboter-mit-einer-saugleistung-von-25-000-pa-ausziehbarer-seitenbuerste-und-wischfunktion-selbstreinigender-all-in-one-dockingstation-app-und-sprachsteuerung\\\/\",\"url\":\"https:\\\/\\\/easyliferobo.com\\\/de\\\/product\\\/dreame-l10s-ultra-gen-3-saug-und-wischroboter-mit-einer-saugleistung-von-25-000-pa-ausziehbarer-seitenbuerste-und-wischfunktion-selbstreinigender-all-in-one-dockingstation-app-und-sprachsteuerung\\\/\",\"name\":\"Dreame L10s Ultra Gen 3 Saug- und Wischroboter mit einer Saugleistung von 25.000 Pa, ausziehbarer Seitenb\u00fcrste und Wischfunktion, selbstreinigender All-in-One-Dockingstation, App- und Sprachsteuerung - EasyLifeBro\",\"isPartOf\":{\"@id\":\"https:\\\/\\\/easyliferobo.com\\\/de\\\/#website\"},\"primaryImageOfPage\":{\"@id\":\"https:\\\/\\\/easyliferobo.com\\\/de\\\/product\\\/dreame-l10s-ultra-gen-3-saug-und-wischroboter-mit-einer-saugleistung-von-25-000-pa-ausziehbarer-seitenbuerste-und-wischfunktion-selbstreinigender-all-in-one-dockingstation-app-und-sprachsteuerung\\\/#primaryimage\"},\"image\":{\"@id\":\"https:\\\/\\\/easyliferobo.com\\\/de\\\/product\\\/dreame-l10s-ultra-gen-3-saug-und-wischroboter-mit-einer-saugleistung-von-25-000-pa-ausziehbarer-seitenbuerste-und-wischfunktion-selbstreinigender-all-in-one-dockingstation-app-und-sprachsteuerung\\\/#primaryimage\"},\"thumbnailUrl\":\"https:\\\/\\\/easyliferobo.com\\\/de\\\/wp-content\\\/uploads\\\/2026\\\/02\\\/61iZDTEuloL._AC_SL1500_.jpg\",\"datePublished\":\"2026-02-27T12:44:52+00:00\",\"dateModified\":\"2026-02-27T12:45:17+00:00\",\"description\":\"Entdecken Sie smarte Roboter f\u00fcr Zuhause, Garten, Bildung und Sicherheit. Vergleichen Sie Saugroboter, Rasenm\u00e4hroboter, KI-Begleitroboter und mehr bei EasyLifeRobo.\",\"breadcrumb\":{\"@id\":\"https:\\\/\\\/easyliferobo.com\\\/de\\\/product\\\/dreame-l10s-ultra-gen-3-saug-und-wischroboter-mit-einer-saugleistung-von-25-000-pa-ausziehbarer-seitenbuerste-und-wischfunktion-selbstreinigender-all-in-one-dockingstation-app-und-sprachsteuerung\\\/#breadcrumb\"},\"inLanguage\":\"de\",\"potentialAction\":[{\"@type\":\"ReadAction\",\"target\":[\"https:\\\/\\\/easyliferobo.com\\\/de\\\/product\\\/dreame-l10s-ultra-gen-3-saug-und-wischroboter-mit-einer-saugleistung-von-25-000-pa-ausziehbarer-seitenbuerste-und-wischfunktion-selbstreinigender-all-in-one-dockingstation-app-und-sprachsteuerung\\\/\"]}]},{\"@type\":\"ImageObject\",\"inLanguage\":\"de\",\"@id\":\"https:\\\/\\\/easyliferobo.com\\\/de\\\/product\\\/dreame-l10s-ultra-gen-3-saug-und-wischroboter-mit-einer-saugleistung-von-25-000-pa-ausziehbarer-seitenbuerste-und-wischfunktion-selbstreinigender-all-in-one-dockingstation-app-und-sprachsteuerung\\\/#primaryimage\",\"url\":\"https:\\\/\\\/easyliferobo.com\\\/de\\\/wp-content\\\/uploads\\\/2026\\\/02\\\/61iZDTEuloL._AC_SL1500_.jpg\",\"contentUrl\":\"https:\\\/\\\/easyliferobo.com\\\/de\\\/wp-content\\\/uploads\\\/2026\\\/02\\\/61iZDTEuloL._AC_SL1500_.jpg\",\"width\":1447,\"height\":1500},{\"@type\":\"BreadcrumbList\",\"@id\":\"https:\\\/\\\/easyliferobo.com\\\/de\\\/product\\\/dreame-l10s-ultra-gen-3-saug-und-wischroboter-mit-einer-saugleistung-von-25-000-pa-ausziehbarer-seitenbuerste-und-wischfunktion-selbstreinigender-all-in-one-dockingstation-app-und-sprachsteuerung\\\/#breadcrumb\",\"itemListElement\":[{\"@type\":\"ListItem\",\"position\":1,\"name\":\"Home\",\"item\":\"https:\\\/\\\/easyliferobo.com\\\/de\\\/\"},{\"@type\":\"ListItem\",\"position\":2,\"name\":\"Shop\",\"item\":\"https:\\\/\\\/easyliferobo.com\\\/de\\\/shop\\\/\"},{\"@type\":\"ListItem\",\"position\":3,\"name\":\"Dreame L10s Ultra Gen 3 Saug- und W...\"}]},{\"@type\":\"WebSite\",\"@id\":\"https:\\\/\\\/easyliferobo.com\\\/de\\\/#website\",\"url\":\"https:\\\/\\\/easyliferobo.com\\\/de\\\/\",\"name\":\"EasyLifeBro\",\"description\":\"Smarte Roboter f\u00fcr Zuhause, Garten &amp; Bildung\",\"publisher\":{\"@id\":\"https:\\\/\\\/easyliferobo.com\\\/de\\\/#organization\"},\"potentialAction\":[{\"@type\":\"SearchAction\",\"target\":{\"@type\":\"EntryPoint\",\"urlTemplate\":\"https:\\\/\\\/easyliferobo.com\\\/de\\\/?s={search_term_string}\"},\"query-input\":{\"@type\":\"PropertyValueSpecification\",\"valueRequired\":true,\"valueName\":\"search_term_string\"}}],\"inLanguage\":\"de\"},{\"@type\":\"Organization\",\"@id\":\"https:\\\/\\\/easyliferobo.com\\\/de\\\/#organization\",\"name\":\"EasyLifeBro\",\"url\":\"https:\\\/\\\/easyliferobo.com\\\/de\\\/\",\"logo\":{\"@type\":\"ImageObject\",\"inLanguage\":\"de\",\"@id\":\"https:\\\/\\\/easyliferobo.com\\\/de\\\/#\\\/schema\\\/logo\\\/image\\\/\",\"url\":\"https:\\\/\\\/easyliferobo.com\\\/de\\\/wp-content\\\/uploads\\\/2026\\\/02\\\/Screenshot-2026-02-22-at-2.25.03-PM.png\",\"contentUrl\":\"https:\\\/\\\/easyliferobo.com\\\/de\\\/wp-content\\\/uploads\\\/2026\\\/02\\\/Screenshot-2026-02-22-at-2.25.03-PM.png\",\"width\":1858,\"height\":430,\"caption\":\"EasyLifeBro\"},\"image\":{\"@id\":\"https:\\\/\\\/easyliferobo.com\\\/de\\\/#\\\/schema\\\/logo\\\/image\\\/\"}}]}<\/script>\n<!-- \/ Yoast SEO plugin. -->","yoast_head_json":{"title":"Dreame L10s Ultra Gen 3 Saug- und Wischroboter mit einer Saugleistung von 25.000 Pa, ausziehbarer Seitenb\u00fcrste und Wischfunktion, selbstreinigender All-in-One-Dockingstation, App- und Sprachsteuerung - EasyLifeBro","description":"Entdecken Sie smarte Roboter f\u00fcr Zuhause, Garten, Bildung und Sicherheit. Vergleichen Sie Saugroboter, Rasenm\u00e4hroboter, KI-Begleitroboter und mehr bei EasyLifeRobo.","robots":{"index":"index","follow":"follow","max-snippet":"max-snippet:-1","max-image-preview":"max-image-preview:large","max-video-preview":"max-video-preview:-1"},"canonical":"https:\/\/easyliferobo.com\/de\/product\/dreame-l10s-ultra-gen-3-saug-und-wischroboter-mit-einer-saugleistung-von-25-000-pa-ausziehbarer-seitenbuerste-und-wischfunktion-selbstreinigender-all-in-one-dockingstation-app-und-sprachsteuerung\/","og_locale":"de_DE","og_type":"article","og_title":"Dreame L10s Ultra Gen 3 Saug- und Wischroboter mit einer Saugleistung von 25.000 Pa, ausziehbarer Seitenb\u00fcrste und Wischfunktion, selbstreinigender All-in-One-Dockingstation, App- und Sprachsteuerung - EasyLifeBro","og_description":"Entdecken Sie smarte Roboter f\u00fcr Zuhause, Garten, Bildung und Sicherheit. Vergleichen Sie Saugroboter, Rasenm\u00e4hroboter, KI-Begleitroboter und mehr bei EasyLifeRobo.","og_url":"https:\/\/easyliferobo.com\/de\/product\/dreame-l10s-ultra-gen-3-saug-und-wischroboter-mit-einer-saugleistung-von-25-000-pa-ausziehbarer-seitenbuerste-und-wischfunktion-selbstreinigender-all-in-one-dockingstation-app-und-sprachsteuerung\/","og_site_name":"EasyLifeBro","article_modified_time":"2026-02-27T12:45:17+00:00","og_image":[{"url":"https:\/\/m.media-amazon.com\/images\/S\/aplus-media-library-service-media\/23fc58c8-df26-4814-a1a2-725a0297ea8b.__CR0,0,1464,600_PT0_SX1464_V1___.jpg","type":"","width":"","height":""}],"twitter_card":"summary_large_image","twitter_misc":{"Gesch\u00e4tzte Lesezeit":"3\u00a0Minuten"},"schema":{"@context":"https:\/\/schema.org","@graph":[{"@type":"WebPage","@id":"https:\/\/easyliferobo.com\/de\/product\/dreame-l10s-ultra-gen-3-saug-und-wischroboter-mit-einer-saugleistung-von-25-000-pa-ausziehbarer-seitenbuerste-und-wischfunktion-selbstreinigender-all-in-one-dockingstation-app-und-sprachsteuerung\/","url":"https:\/\/easyliferobo.com\/de\/product\/dreame-l10s-ultra-gen-3-saug-und-wischroboter-mit-einer-saugleistung-von-25-000-pa-ausziehbarer-seitenbuerste-und-wischfunktion-selbstreinigender-all-in-one-dockingstation-app-und-sprachsteuerung\/","name":"Dreame L10s Ultra Gen 3 Saug- und Wischroboter mit einer Saugleistung von 25.000 Pa, ausziehbarer Seitenb\u00fcrste und Wischfunktion, selbstreinigender All-in-One-Dockingstation, App- und Sprachsteuerung - EasyLifeBro","isPartOf":{"@id":"https:\/\/easyliferobo.com\/de\/#website"},"primaryImageOfPage":{"@id":"https:\/\/easyliferobo.com\/de\/product\/dreame-l10s-ultra-gen-3-saug-und-wischroboter-mit-einer-saugleistung-von-25-000-pa-ausziehbarer-seitenbuerste-und-wischfunktion-selbstreinigender-all-in-one-dockingstation-app-und-sprachsteuerung\/#primaryimage"},"image":{"@id":"https:\/\/easyliferobo.com\/de\/product\/dreame-l10s-ultra-gen-3-saug-und-wischroboter-mit-einer-saugleistung-von-25-000-pa-ausziehbarer-seitenbuerste-und-wischfunktion-selbstreinigender-all-in-one-dockingstation-app-und-sprachsteuerung\/#primaryimage"},"thumbnailUrl":"https:\/\/easyliferobo.com\/de\/wp-content\/uploads\/2026\/02\/61iZDTEuloL._AC_SL1500_.jpg","datePublished":"2026-02-27T12:44:52+00:00","dateModified":"2026-02-27T12:45:17+00:00","description":"Entdecken Sie smarte Roboter f\u00fcr Zuhause, Garten, Bildung und Sicherheit. Vergleichen Sie Saugroboter, Rasenm\u00e4hroboter, KI-Begleitroboter und mehr bei EasyLifeRobo.","breadcrumb":{"@id":"https:\/\/easyliferobo.com\/de\/product\/dreame-l10s-ultra-gen-3-saug-und-wischroboter-mit-einer-saugleistung-von-25-000-pa-ausziehbarer-seitenbuerste-und-wischfunktion-selbstreinigender-all-in-one-dockingstation-app-und-sprachsteuerung\/#breadcrumb"},"inLanguage":"de","potentialAction":[{"@type":"ReadAction","target":["https:\/\/easyliferobo.com\/de\/product\/dreame-l10s-ultra-gen-3-saug-und-wischroboter-mit-einer-saugleistung-von-25-000-pa-ausziehbarer-seitenbuerste-und-wischfunktion-selbstreinigender-all-in-one-dockingstation-app-und-sprachsteuerung\/"]}]},{"@type":"ImageObject","inLanguage":"de","@id":"https:\/\/easyliferobo.com\/de\/product\/dreame-l10s-ultra-gen-3-saug-und-wischroboter-mit-einer-saugleistung-von-25-000-pa-ausziehbarer-seitenbuerste-und-wischfunktion-selbstreinigender-all-in-one-dockingstation-app-und-sprachsteuerung\/#primaryimage","url":"https:\/\/easyliferobo.com\/de\/wp-content\/uploads\/2026\/02\/61iZDTEuloL._AC_SL1500_.jpg","contentUrl":"https:\/\/easyliferobo.com\/de\/wp-content\/uploads\/2026\/02\/61iZDTEuloL._AC_SL1500_.jpg","width":1447,"height":1500},{"@type":"BreadcrumbList","@id":"https:\/\/easyliferobo.com\/de\/product\/dreame-l10s-ultra-gen-3-saug-und-wischroboter-mit-einer-saugleistung-von-25-000-pa-ausziehbarer-seitenbuerste-und-wischfunktion-selbstreinigender-all-in-one-dockingstation-app-und-sprachsteuerung\/#breadcrumb","itemListElement":[{"@type":"ListItem","position":1,"name":"Home","item":"https:\/\/easyliferobo.com\/de\/"},{"@type":"ListItem","position":2,"name":"Shop","item":"https:\/\/easyliferobo.com\/de\/shop\/"},{"@type":"ListItem","position":3,"name":"Dreame L10s Ultra Gen 3 Saug- und W..."}]},{"@type":"WebSite","@id":"https:\/\/easyliferobo.com\/de\/#website","url":"https:\/\/easyliferobo.com\/de\/","name":"EasyLifeBro","description":"Smarte Roboter f\u00fcr Zuhause, Garten &amp; Bildung","publisher":{"@id":"https:\/\/easyliferobo.com\/de\/#organization"},"potentialAction":[{"@type":"SearchAction","target":{"@type":"EntryPoint","urlTemplate":"https:\/\/easyliferobo.com\/de\/?s={search_term_string}"},"query-input":{"@type":"PropertyValueSpecification","valueRequired":true,"valueName":"search_term_string"}}],"inLanguage":"de"},{"@type":"Organization","@id":"https:\/\/easyliferobo.com\/de\/#organization","name":"EasyLifeBro","url":"https:\/\/easyliferobo.com\/de\/","logo":{"@type":"ImageObject","inLanguage":"de","@id":"https:\/\/easyliferobo.com\/de\/#\/schema\/logo\/image\/","url":"https:\/\/easyliferobo.com\/de\/wp-content\/uploads\/2026\/02\/Screenshot-2026-02-22-at-2.25.03-PM.png","contentUrl":"https:\/\/easyliferobo.com\/de\/wp-content\/uploads\/2026\/02\/Screenshot-2026-02-22-at-2.25.03-PM.png","width":1858,"height":430,"caption":"EasyLifeBro"},"image":{"@id":"https:\/\/easyliferobo.com\/de\/#\/schema\/logo\/image\/"}}]}},"_links":{"self":[{"href":"https:\/\/easyliferobo.com\/de\/wp-json\/wp\/v2\/product\/4383","targetHints":{"allow":["GET"]}}],"collection":[{"href":"https:\/\/easyliferobo.com\/de\/wp-json\/wp\/v2\/product"}],"about":[{"href":"https:\/\/easyliferobo.com\/de\/wp-json\/wp\/v2\/types\/product"}],"replies":[{"embeddable":true,"href":"https:\/\/easyliferobo.com\/de\/wp-json\/wp\/v2\/comments?post=4383"}],"wp:featuredmedia":[{"embeddable":true,"href":"https:\/\/easyliferobo.com\/de\/wp-json\/wp\/v2\/media\/4384"}],"wp:attachment":[{"href":"https:\/\/easyliferobo.com\/de\/wp-json\/wp\/v2\/media?parent=4383"}],"wp:term":[{"taxonomy":"store","embeddable":true,"href":"https:\/\/easyliferobo.com\/de\/wp-json\/wp\/v2\/store?post=4383"},{"taxonomy":"product_brand","embeddable":true,"href":"https:\/\/easyliferobo.com\/de\/wp-json\/wp\/v2\/product_brand?post=4383"},{"taxonomy":"product_cat","embeddable":true,"href":"https:\/\/easyliferobo.com\/de\/wp-json\/wp\/v2\/product_cat?post=4383"},{"taxonomy":"product_tag","embeddable":true,"href":"https:\/\/easyliferobo.com\/de\/wp-json\/wp\/v2\/product_tag?post=4383"}],"curies":[{"name":"wp","href":"https:\/\/api.w.org\/{rel}","templated":true}]}}