
{"id":4371,"date":"2026-02-27T12:42:53","date_gmt":"2026-02-27T12:42:53","guid":{"rendered":"https:\/\/easyliferobo.com\/de\/product\/proscenic-q20plus-roboterstaubsauger-mit-wischfunktion-10000pa-200min-staubsaugerroboter-mit-beutelloser-entleerungsstation-3-in-1-saug-und-wischroboter-fuer-tierhaare-teppiche-hartboeden-schwar\/"},"modified":"2026-02-27T12:43:15","modified_gmt":"2026-02-27T12:43:15","slug":"proscenic-q20plus-roboterstaubsauger-mit-wischfunktion-10000pa-200min-staubsaugerroboter-mit-beutelloser-entleerungsstation-3-in-1-saug-und-wischroboter-fuer-tierhaare-teppiche-hartboeden-schwar","status":"publish","type":"product","link":"https:\/\/easyliferobo.com\/de\/product\/proscenic-q20plus-roboterstaubsauger-mit-wischfunktion-10000pa-200min-staubsaugerroboter-mit-beutelloser-entleerungsstation-3-in-1-saug-und-wischroboter-fuer-tierhaare-teppiche-hartboeden-schwar\/","title":{"rendered":"Proscenic Q20Plus Roboterstaubsauge..."},"content":{"rendered":"<p>\n                                             Von der Marke   <\/p>\n<p>                                              <img decoding=\"async\" alt=\"Aplus-Inhaltsbild\" src=\"https:\/\/images-na.ssl-images-amazon.com\/images\/G\/01\/x-locale\/common\/grey-pixel.gif\" class=\"a-lazy-loaded\" data-src=\"https:\/\/m.media-amazon.com\/images\/S\/aplus-media-library-service-media\/57893f6d-a658-4ee0-b31f-2e6e00ba16e0.__CR0,0,4392,1875_PT0_SX1464_V1___.jpg\"><img decoding=\"async\" alt=\"Aplus-Inhaltsbild\" src=\"https:\/\/m.media-amazon.com\/images\/S\/aplus-media-library-service-media\/57893f6d-a658-4ee0-b31f-2e6e00ba16e0.__CR0,0,4392,1875_PT0_SX1464_V1___.jpg\">  <\/p>\n<p>                                              <img decoding=\"async\" alt=\"Plakat f\u00fcr die neue Technologie\" src=\"https:\/\/images-na.ssl-images-amazon.com\/images\/G\/01\/x-locale\/common\/grey-pixel.gif\" class=\"a-lazy-loaded\" data-src=\"https:\/\/m.media-amazon.com\/images\/S\/aplus-media-library-service-media\/88e0d61a-dac0-4ac9-a521-4fcefd61a315.__CR0,0,362,453_PT0_SX362_V1___.jpg\"><img decoding=\"async\" alt=\"Plakat f\u00fcr die neue Technologie\" src=\"https:\/\/m.media-amazon.com\/images\/S\/aplus-media-library-service-media\/88e0d61a-dac0-4ac9-a521-4fcefd61a315.__CR0,0,362,453_PT0_SX362_V1___.jpg\">  <\/p>\n<h3>    Q20 Plus Staubsaugerroboter <\/h3>\n<h3>  Q10 Staubsaugerroboter <\/h3>\n<h3>  Q8 Max+ Roboterstaubsauger <\/h3>\n<h3>  Staubsauger mit Wischfunktion <\/h3>\n<h3>  P11 Ultra-Akku-Staubsauger <\/h3>\n<h3>  Akku-Staubsauger P15 <\/h3>\n<h3>  F10 Pro Nass-Trockensauger <\/h3>\n<p>                                              <img decoding=\"async\" alt=\"ein Screenshot eines Mobilfunkanrufdienstes\" src=\"https:\/\/images-na.ssl-images-amazon.com\/images\/G\/01\/x-locale\/common\/grey-pixel.gif\" class=\"a-lazy-loaded\" data-src=\"https:\/\/m.media-amazon.com\/images\/S\/aplus-media-library-service-media\/10f2efc7-d339-4428-8a48-47c30b8889ab.__CR0,0,362,453_PT0_SX362_V1___.jpg\"><img decoding=\"async\" alt=\"ein Screenshot eines Mobilfunkanrufdienstes\" src=\"https:\/\/m.media-amazon.com\/images\/S\/aplus-media-library-service-media\/10f2efc7-d339-4428-8a48-47c30b8889ab.__CR0,0,362,453_PT0_SX362_V1___.jpg\">  <\/p>\n<p>Beutellose automatische Entleerung: Der Saugroboter Q20 plus verf\u00fcgt \u00fcber einen innovativen Multizyklon-Staubbeh\u00e4lter, der sich nach jedem Gebrauch in nur 10 Sekunden automatisch in den 4-Liter-Auffangbeh\u00e4lter entleert \u2013 bis zu 90 Tage wartungsfreier Betrieb. Dank der beutellosen Bauweise entf\u00e4llt der Austausch von Verbrauchsmaterialien, was den Saugroboter wirtschaftlich und umweltfreundlich macht. (*Spart ca. 70 \u20ac pro Jahr)<br \/>10.000 Pa Hochleistungssaugleistung und 60 dB Leisemodus: Der Roboter Q20 plus ist mit einem leistungsstarken b\u00fcrstenlosen Motor mit einer Saugleistung von bis zu 10.000 Pa ausgestattet. Er entfernt m\u00fchelos Staub, Kr\u00fcmel, Haare und festsitzenden Schmutz von allen Bodenarten \u2013 egal ob Hartboden oder Teppich. Dank automatischer Saugverst\u00e4rkung bei Teppichen dringt es tief in die Fasern ein, ohne die Oberfl\u00e4che zu besch\u00e4digen. Gleichzeitig arbeitet es ger\u00e4uschlos (60 dB).<br \/>Reaktive KI-Hinderniserkennung und pr\u00e4zise LiDAR-Navigation: Der Roboterstaubsauger Q20 Plus kombiniert LiDAR-Technologie und fortschrittliche KI, um Ihr Zuhause millimetergenau zu kartieren. Es scannt 2160 Mal pro Sekunde und deckt eine Reichweite von 8 Metern ab. In nur 15 Minuten erstellt der Roboter eine detaillierte Karte Ihres Zuhauses und plant die effizienteste Reinigungsroute. Ausgestattet mit einem Dual-Lasersystem erkennt es Hindernisse aus gro\u00dfer Entfernung und reagiert schnell und pr\u00e4zise auf Kabel, niedrige M\u00f6bel und Treppen.<br \/>Speicher f\u00fcr mehrere Karten: Der Saugroboter Q20 Plus speichert bis zu 5 bearbeitbare Karten, sodass Sie die Reinigungseinstellungen individuell an verschiedene B\u00f6den und Umgebungen (z. B. Doppelhaush\u00e4lften, Dachb\u00f6den usw.) anpassen k\u00f6nnen. Definieren Sie ganz einfach rechteckige Bereiche auf der Karte \u2013 zur gezielten Reinigung (z. B. unter dem Esstisch) oder als Barrierezonen (z. B. rund um den Futternapf oder die Spielmatte). Mit flexiblen Reinigungspl\u00e4nen, Reinigungsreihenfolge und Modusauswahl profitieren Sie von personalisierten, intelligenten Reinigungsl\u00f6sungen.<br \/>3-in-1 Saug- und Wischroboter: Der Staubsaugerroboter Q20 plus vereint Kehren, Staubsaugen und Wischen in einem Arbeitsgang. Mit einem 300 ml Staubbeh\u00e4lter und einem 200 ml Wassertank erfolgt die Reinigung ohne manuellen Wechsel. Drei Saugstufen und drei Wasserstufen sind frei kombinierbar \u2013 ideal f\u00fcr Fliesen, Hartb\u00f6den und punktuelle Intensivreinigung. Durch zweimaliges Einrichten des Reinigungszyklus startet der Matrix-Reinigungsmodus f\u00fcr eine gezielte Oberfl\u00e4chenabdeckung und intensive Entfernung von R\u00fcckst\u00e4nden.<br \/>Kontinuierliche Reinigung und 200 Minuten Laufzeit: Mit seinem 3200-mAh-Akku bietet der Roboter 200 Minuten Reinigungszeit (230 m\u00b2). Es l\u00e4dt sich automatisch auf, wenn der Akkustand unter 15 % sinkt, und setzt die Reinigung genau dort fort, wo sie nach dem Aufladen aufgeh\u00f6rt hat \u2013 ohne manuellen Eingriff. Ein makellos sauberes Zuhause, m\u00fchelos.<br \/>Einfache Steuerung per App und Sprachbefehl: Der Q20 Plus verbindet sich \u00fcber 2,4 GHz WLAN und l\u00e4sst sich bequem per Smartphone-App steuern. Es ist au\u00dferdem mit Alexa, Google Assistant und Siri (einschlie\u00dflich Apple Watch) kompatibel, sodass Sie die Reinigung mit einfachen Sprachbefehlen starten und stoppen k\u00f6nnen. Ob beim Entspannen auf dem Sofa oder unterwegs, Sie haben alles im Griff. Die mitgelieferte Fernbedienung ist sofort einsatzbereit und einfach zu bedienen, sodass jedes Familienmitglied den Roboter starten kann.<\/p>\n<p>[ad_2]<\/p>\n","protected":false},"excerpt":{"rendered":"<p>Von der Marke Q20 Plus Staubsaugerroboter Q10 Staubsaugerroboter Q8 Max+ Roboterstaubsauger Staubsauger mit Wischfunktion P11 Ultra-Akku-Staubsauger Akku-Staubsauger P15 F10 Pro Nass-Trockensauger Beutellose automatische Entleerung: Der Saugroboter Q20 plus verf\u00fcgt \u00fcber einen innovativen Multizyklon-Staubbeh\u00e4lter, der sich nach jedem Gebrauch in nur 10 Sekunden automatisch in den 4-Liter-Auffangbeh\u00e4lter entleert \u2013 bis zu 90 Tage wartungsfreier Betrieb. Dank [&hellip;]<\/p>\n","protected":false},"featured_media":4372,"comment_status":"open","ping_status":"closed","template":"","meta":{"_aipt_faq_data":""},"store":[],"product_brand":[454],"product_cat":[73],"product_tag":[149],"class_list":{"0":"post-4371","1":"product","2":"type-product","3":"status-publish","4":"has-post-thumbnail","6":"product_brand-proscenic","7":"product_cat-wischroboter","8":"product_tag-wischroboter-fuer-fliesen","10":"first","11":"instock","12":"sale","13":"shipping-taxable","14":"product-type-external"},"yoast_head":"<!-- This site is optimized with the Yoast SEO plugin v27.4 - https:\/\/yoast.com\/product\/yoast-seo-wordpress\/ -->\n<title>Proscenic Q20Plus Roboterstaubsauger mit Wischfunktion, 10000Pa 200min Staubsaugerroboter mit beutelloser Entleerungsstation, 3-in-1 Saug- und Wischroboter f\u00fcr Tierhaare, Teppiche, Hartb\u00f6den, Schwarz - EasyLifeBro<\/title>\n<meta name=\"description\" content=\"Entdecken Sie smarte Roboter f\u00fcr Zuhause, Garten, Bildung und Sicherheit. Vergleichen Sie Saugroboter, Rasenm\u00e4hroboter, KI-Begleitroboter und mehr bei EasyLifeRobo.\" \/>\n<meta name=\"robots\" content=\"index, follow, max-snippet:-1, max-image-preview:large, max-video-preview:-1\" \/>\n<link rel=\"canonical\" href=\"https:\/\/easyliferobo.com\/de\/product\/proscenic-q20plus-roboterstaubsauger-mit-wischfunktion-10000pa-200min-staubsaugerroboter-mit-beutelloser-entleerungsstation-3-in-1-saug-und-wischroboter-fuer-tierhaare-teppiche-hartboeden-schwar\/\" \/>\n<meta property=\"og:locale\" content=\"de_DE\" \/>\n<meta property=\"og:type\" content=\"article\" \/>\n<meta property=\"og:title\" content=\"Proscenic Q20Plus Roboterstaubsauger mit Wischfunktion, 10000Pa 200min Staubsaugerroboter mit beutelloser Entleerungsstation, 3-in-1 Saug- und Wischroboter f\u00fcr Tierhaare, Teppiche, Hartb\u00f6den, Schwarz - EasyLifeBro\" \/>\n<meta property=\"og:description\" content=\"Entdecken Sie smarte Roboter f\u00fcr Zuhause, Garten, Bildung und Sicherheit. Vergleichen Sie Saugroboter, Rasenm\u00e4hroboter, KI-Begleitroboter und mehr bei EasyLifeRobo.\" \/>\n<meta property=\"og:url\" content=\"https:\/\/easyliferobo.com\/de\/product\/proscenic-q20plus-roboterstaubsauger-mit-wischfunktion-10000pa-200min-staubsaugerroboter-mit-beutelloser-entleerungsstation-3-in-1-saug-und-wischroboter-fuer-tierhaare-teppiche-hartboeden-schwar\/\" \/>\n<meta property=\"og:site_name\" content=\"EasyLifeBro\" \/>\n<meta property=\"article:modified_time\" content=\"2026-02-27T12:43:15+00:00\" \/>\n<meta property=\"og:image\" content=\"https:\/\/images-na.ssl-images-amazon.com\/images\/G\/01\/x-locale\/common\/grey-pixel.gif\" \/>\n<meta name=\"twitter:card\" content=\"summary_large_image\" \/>\n<meta name=\"twitter:label1\" content=\"Gesch\u00e4tzte Lesezeit\" \/>\n\t<meta name=\"twitter:data1\" content=\"2\u00a0Minuten\" \/>\n<script type=\"application\/ld+json\" class=\"yoast-schema-graph\">{\"@context\":\"https:\\\/\\\/schema.org\",\"@graph\":[{\"@type\":\"WebPage\",\"@id\":\"https:\\\/\\\/easyliferobo.com\\\/de\\\/product\\\/proscenic-q20plus-roboterstaubsauger-mit-wischfunktion-10000pa-200min-staubsaugerroboter-mit-beutelloser-entleerungsstation-3-in-1-saug-und-wischroboter-fuer-tierhaare-teppiche-hartboeden-schwar\\\/\",\"url\":\"https:\\\/\\\/easyliferobo.com\\\/de\\\/product\\\/proscenic-q20plus-roboterstaubsauger-mit-wischfunktion-10000pa-200min-staubsaugerroboter-mit-beutelloser-entleerungsstation-3-in-1-saug-und-wischroboter-fuer-tierhaare-teppiche-hartboeden-schwar\\\/\",\"name\":\"Proscenic Q20Plus Roboterstaubsauger mit Wischfunktion, 10000Pa 200min Staubsaugerroboter mit beutelloser Entleerungsstation, 3-in-1 Saug- und Wischroboter f\u00fcr Tierhaare, Teppiche, Hartb\u00f6den, Schwarz - EasyLifeBro\",\"isPartOf\":{\"@id\":\"https:\\\/\\\/easyliferobo.com\\\/de\\\/#website\"},\"primaryImageOfPage\":{\"@id\":\"https:\\\/\\\/easyliferobo.com\\\/de\\\/product\\\/proscenic-q20plus-roboterstaubsauger-mit-wischfunktion-10000pa-200min-staubsaugerroboter-mit-beutelloser-entleerungsstation-3-in-1-saug-und-wischroboter-fuer-tierhaare-teppiche-hartboeden-schwar\\\/#primaryimage\"},\"image\":{\"@id\":\"https:\\\/\\\/easyliferobo.com\\\/de\\\/product\\\/proscenic-q20plus-roboterstaubsauger-mit-wischfunktion-10000pa-200min-staubsaugerroboter-mit-beutelloser-entleerungsstation-3-in-1-saug-und-wischroboter-fuer-tierhaare-teppiche-hartboeden-schwar\\\/#primaryimage\"},\"thumbnailUrl\":\"https:\\\/\\\/easyliferobo.com\\\/de\\\/wp-content\\\/uploads\\\/2026\\\/02\\\/714myIEv-eL._AC_SL1500_.jpg\",\"datePublished\":\"2026-02-27T12:42:53+00:00\",\"dateModified\":\"2026-02-27T12:43:15+00:00\",\"description\":\"Entdecken Sie smarte Roboter f\u00fcr Zuhause, Garten, Bildung und Sicherheit. Vergleichen Sie Saugroboter, Rasenm\u00e4hroboter, KI-Begleitroboter und mehr bei EasyLifeRobo.\",\"breadcrumb\":{\"@id\":\"https:\\\/\\\/easyliferobo.com\\\/de\\\/product\\\/proscenic-q20plus-roboterstaubsauger-mit-wischfunktion-10000pa-200min-staubsaugerroboter-mit-beutelloser-entleerungsstation-3-in-1-saug-und-wischroboter-fuer-tierhaare-teppiche-hartboeden-schwar\\\/#breadcrumb\"},\"inLanguage\":\"de\",\"potentialAction\":[{\"@type\":\"ReadAction\",\"target\":[\"https:\\\/\\\/easyliferobo.com\\\/de\\\/product\\\/proscenic-q20plus-roboterstaubsauger-mit-wischfunktion-10000pa-200min-staubsaugerroboter-mit-beutelloser-entleerungsstation-3-in-1-saug-und-wischroboter-fuer-tierhaare-teppiche-hartboeden-schwar\\\/\"]}]},{\"@type\":\"ImageObject\",\"inLanguage\":\"de\",\"@id\":\"https:\\\/\\\/easyliferobo.com\\\/de\\\/product\\\/proscenic-q20plus-roboterstaubsauger-mit-wischfunktion-10000pa-200min-staubsaugerroboter-mit-beutelloser-entleerungsstation-3-in-1-saug-und-wischroboter-fuer-tierhaare-teppiche-hartboeden-schwar\\\/#primaryimage\",\"url\":\"https:\\\/\\\/easyliferobo.com\\\/de\\\/wp-content\\\/uploads\\\/2026\\\/02\\\/714myIEv-eL._AC_SL1500_.jpg\",\"contentUrl\":\"https:\\\/\\\/easyliferobo.com\\\/de\\\/wp-content\\\/uploads\\\/2026\\\/02\\\/714myIEv-eL._AC_SL1500_.jpg\",\"width\":1500,\"height\":1460},{\"@type\":\"BreadcrumbList\",\"@id\":\"https:\\\/\\\/easyliferobo.com\\\/de\\\/product\\\/proscenic-q20plus-roboterstaubsauger-mit-wischfunktion-10000pa-200min-staubsaugerroboter-mit-beutelloser-entleerungsstation-3-in-1-saug-und-wischroboter-fuer-tierhaare-teppiche-hartboeden-schwar\\\/#breadcrumb\",\"itemListElement\":[{\"@type\":\"ListItem\",\"position\":1,\"name\":\"Home\",\"item\":\"https:\\\/\\\/easyliferobo.com\\\/de\\\/\"},{\"@type\":\"ListItem\",\"position\":2,\"name\":\"Shop\",\"item\":\"https:\\\/\\\/easyliferobo.com\\\/de\\\/shop\\\/\"},{\"@type\":\"ListItem\",\"position\":3,\"name\":\"Proscenic Q20Plus Roboterstaubsauge...\"}]},{\"@type\":\"WebSite\",\"@id\":\"https:\\\/\\\/easyliferobo.com\\\/de\\\/#website\",\"url\":\"https:\\\/\\\/easyliferobo.com\\\/de\\\/\",\"name\":\"EasyLifeBro\",\"description\":\"Smarte Roboter f\u00fcr Zuhause, Garten &amp; Bildung\",\"publisher\":{\"@id\":\"https:\\\/\\\/easyliferobo.com\\\/de\\\/#organization\"},\"potentialAction\":[{\"@type\":\"SearchAction\",\"target\":{\"@type\":\"EntryPoint\",\"urlTemplate\":\"https:\\\/\\\/easyliferobo.com\\\/de\\\/?s={search_term_string}\"},\"query-input\":{\"@type\":\"PropertyValueSpecification\",\"valueRequired\":true,\"valueName\":\"search_term_string\"}}],\"inLanguage\":\"de\"},{\"@type\":\"Organization\",\"@id\":\"https:\\\/\\\/easyliferobo.com\\\/de\\\/#organization\",\"name\":\"EasyLifeBro\",\"url\":\"https:\\\/\\\/easyliferobo.com\\\/de\\\/\",\"logo\":{\"@type\":\"ImageObject\",\"inLanguage\":\"de\",\"@id\":\"https:\\\/\\\/easyliferobo.com\\\/de\\\/#\\\/schema\\\/logo\\\/image\\\/\",\"url\":\"https:\\\/\\\/easyliferobo.com\\\/de\\\/wp-content\\\/uploads\\\/2026\\\/02\\\/Screenshot-2026-02-22-at-2.25.03-PM.png\",\"contentUrl\":\"https:\\\/\\\/easyliferobo.com\\\/de\\\/wp-content\\\/uploads\\\/2026\\\/02\\\/Screenshot-2026-02-22-at-2.25.03-PM.png\",\"width\":1858,\"height\":430,\"caption\":\"EasyLifeBro\"},\"image\":{\"@id\":\"https:\\\/\\\/easyliferobo.com\\\/de\\\/#\\\/schema\\\/logo\\\/image\\\/\"}}]}<\/script>\n<!-- \/ Yoast SEO plugin. -->","yoast_head_json":{"title":"Proscenic Q20Plus Roboterstaubsauger mit Wischfunktion, 10000Pa 200min Staubsaugerroboter mit beutelloser Entleerungsstation, 3-in-1 Saug- und Wischroboter f\u00fcr Tierhaare, Teppiche, Hartb\u00f6den, Schwarz - EasyLifeBro","description":"Entdecken Sie smarte Roboter f\u00fcr Zuhause, Garten, Bildung und Sicherheit. Vergleichen Sie Saugroboter, Rasenm\u00e4hroboter, KI-Begleitroboter und mehr bei EasyLifeRobo.","robots":{"index":"index","follow":"follow","max-snippet":"max-snippet:-1","max-image-preview":"max-image-preview:large","max-video-preview":"max-video-preview:-1"},"canonical":"https:\/\/easyliferobo.com\/de\/product\/proscenic-q20plus-roboterstaubsauger-mit-wischfunktion-10000pa-200min-staubsaugerroboter-mit-beutelloser-entleerungsstation-3-in-1-saug-und-wischroboter-fuer-tierhaare-teppiche-hartboeden-schwar\/","og_locale":"de_DE","og_type":"article","og_title":"Proscenic Q20Plus Roboterstaubsauger mit Wischfunktion, 10000Pa 200min Staubsaugerroboter mit beutelloser Entleerungsstation, 3-in-1 Saug- und Wischroboter f\u00fcr Tierhaare, Teppiche, Hartb\u00f6den, Schwarz - EasyLifeBro","og_description":"Entdecken Sie smarte Roboter f\u00fcr Zuhause, Garten, Bildung und Sicherheit. Vergleichen Sie Saugroboter, Rasenm\u00e4hroboter, KI-Begleitroboter und mehr bei EasyLifeRobo.","og_url":"https:\/\/easyliferobo.com\/de\/product\/proscenic-q20plus-roboterstaubsauger-mit-wischfunktion-10000pa-200min-staubsaugerroboter-mit-beutelloser-entleerungsstation-3-in-1-saug-und-wischroboter-fuer-tierhaare-teppiche-hartboeden-schwar\/","og_site_name":"EasyLifeBro","article_modified_time":"2026-02-27T12:43:15+00:00","og_image":[{"url":"https:\/\/images-na.ssl-images-amazon.com\/images\/G\/01\/x-locale\/common\/grey-pixel.gif","type":"","width":"","height":""}],"twitter_card":"summary_large_image","twitter_misc":{"Gesch\u00e4tzte Lesezeit":"2\u00a0Minuten"},"schema":{"@context":"https:\/\/schema.org","@graph":[{"@type":"WebPage","@id":"https:\/\/easyliferobo.com\/de\/product\/proscenic-q20plus-roboterstaubsauger-mit-wischfunktion-10000pa-200min-staubsaugerroboter-mit-beutelloser-entleerungsstation-3-in-1-saug-und-wischroboter-fuer-tierhaare-teppiche-hartboeden-schwar\/","url":"https:\/\/easyliferobo.com\/de\/product\/proscenic-q20plus-roboterstaubsauger-mit-wischfunktion-10000pa-200min-staubsaugerroboter-mit-beutelloser-entleerungsstation-3-in-1-saug-und-wischroboter-fuer-tierhaare-teppiche-hartboeden-schwar\/","name":"Proscenic Q20Plus Roboterstaubsauger mit Wischfunktion, 10000Pa 200min Staubsaugerroboter mit beutelloser Entleerungsstation, 3-in-1 Saug- und Wischroboter f\u00fcr Tierhaare, Teppiche, Hartb\u00f6den, Schwarz - EasyLifeBro","isPartOf":{"@id":"https:\/\/easyliferobo.com\/de\/#website"},"primaryImageOfPage":{"@id":"https:\/\/easyliferobo.com\/de\/product\/proscenic-q20plus-roboterstaubsauger-mit-wischfunktion-10000pa-200min-staubsaugerroboter-mit-beutelloser-entleerungsstation-3-in-1-saug-und-wischroboter-fuer-tierhaare-teppiche-hartboeden-schwar\/#primaryimage"},"image":{"@id":"https:\/\/easyliferobo.com\/de\/product\/proscenic-q20plus-roboterstaubsauger-mit-wischfunktion-10000pa-200min-staubsaugerroboter-mit-beutelloser-entleerungsstation-3-in-1-saug-und-wischroboter-fuer-tierhaare-teppiche-hartboeden-schwar\/#primaryimage"},"thumbnailUrl":"https:\/\/easyliferobo.com\/de\/wp-content\/uploads\/2026\/02\/714myIEv-eL._AC_SL1500_.jpg","datePublished":"2026-02-27T12:42:53+00:00","dateModified":"2026-02-27T12:43:15+00:00","description":"Entdecken Sie smarte Roboter f\u00fcr Zuhause, Garten, Bildung und Sicherheit. Vergleichen Sie Saugroboter, Rasenm\u00e4hroboter, KI-Begleitroboter und mehr bei EasyLifeRobo.","breadcrumb":{"@id":"https:\/\/easyliferobo.com\/de\/product\/proscenic-q20plus-roboterstaubsauger-mit-wischfunktion-10000pa-200min-staubsaugerroboter-mit-beutelloser-entleerungsstation-3-in-1-saug-und-wischroboter-fuer-tierhaare-teppiche-hartboeden-schwar\/#breadcrumb"},"inLanguage":"de","potentialAction":[{"@type":"ReadAction","target":["https:\/\/easyliferobo.com\/de\/product\/proscenic-q20plus-roboterstaubsauger-mit-wischfunktion-10000pa-200min-staubsaugerroboter-mit-beutelloser-entleerungsstation-3-in-1-saug-und-wischroboter-fuer-tierhaare-teppiche-hartboeden-schwar\/"]}]},{"@type":"ImageObject","inLanguage":"de","@id":"https:\/\/easyliferobo.com\/de\/product\/proscenic-q20plus-roboterstaubsauger-mit-wischfunktion-10000pa-200min-staubsaugerroboter-mit-beutelloser-entleerungsstation-3-in-1-saug-und-wischroboter-fuer-tierhaare-teppiche-hartboeden-schwar\/#primaryimage","url":"https:\/\/easyliferobo.com\/de\/wp-content\/uploads\/2026\/02\/714myIEv-eL._AC_SL1500_.jpg","contentUrl":"https:\/\/easyliferobo.com\/de\/wp-content\/uploads\/2026\/02\/714myIEv-eL._AC_SL1500_.jpg","width":1500,"height":1460},{"@type":"BreadcrumbList","@id":"https:\/\/easyliferobo.com\/de\/product\/proscenic-q20plus-roboterstaubsauger-mit-wischfunktion-10000pa-200min-staubsaugerroboter-mit-beutelloser-entleerungsstation-3-in-1-saug-und-wischroboter-fuer-tierhaare-teppiche-hartboeden-schwar\/#breadcrumb","itemListElement":[{"@type":"ListItem","position":1,"name":"Home","item":"https:\/\/easyliferobo.com\/de\/"},{"@type":"ListItem","position":2,"name":"Shop","item":"https:\/\/easyliferobo.com\/de\/shop\/"},{"@type":"ListItem","position":3,"name":"Proscenic Q20Plus Roboterstaubsauge..."}]},{"@type":"WebSite","@id":"https:\/\/easyliferobo.com\/de\/#website","url":"https:\/\/easyliferobo.com\/de\/","name":"EasyLifeBro","description":"Smarte Roboter f\u00fcr Zuhause, Garten &amp; Bildung","publisher":{"@id":"https:\/\/easyliferobo.com\/de\/#organization"},"potentialAction":[{"@type":"SearchAction","target":{"@type":"EntryPoint","urlTemplate":"https:\/\/easyliferobo.com\/de\/?s={search_term_string}"},"query-input":{"@type":"PropertyValueSpecification","valueRequired":true,"valueName":"search_term_string"}}],"inLanguage":"de"},{"@type":"Organization","@id":"https:\/\/easyliferobo.com\/de\/#organization","name":"EasyLifeBro","url":"https:\/\/easyliferobo.com\/de\/","logo":{"@type":"ImageObject","inLanguage":"de","@id":"https:\/\/easyliferobo.com\/de\/#\/schema\/logo\/image\/","url":"https:\/\/easyliferobo.com\/de\/wp-content\/uploads\/2026\/02\/Screenshot-2026-02-22-at-2.25.03-PM.png","contentUrl":"https:\/\/easyliferobo.com\/de\/wp-content\/uploads\/2026\/02\/Screenshot-2026-02-22-at-2.25.03-PM.png","width":1858,"height":430,"caption":"EasyLifeBro"},"image":{"@id":"https:\/\/easyliferobo.com\/de\/#\/schema\/logo\/image\/"}}]}},"_links":{"self":[{"href":"https:\/\/easyliferobo.com\/de\/wp-json\/wp\/v2\/product\/4371","targetHints":{"allow":["GET"]}}],"collection":[{"href":"https:\/\/easyliferobo.com\/de\/wp-json\/wp\/v2\/product"}],"about":[{"href":"https:\/\/easyliferobo.com\/de\/wp-json\/wp\/v2\/types\/product"}],"replies":[{"embeddable":true,"href":"https:\/\/easyliferobo.com\/de\/wp-json\/wp\/v2\/comments?post=4371"}],"wp:featuredmedia":[{"embeddable":true,"href":"https:\/\/easyliferobo.com\/de\/wp-json\/wp\/v2\/media\/4372"}],"wp:attachment":[{"href":"https:\/\/easyliferobo.com\/de\/wp-json\/wp\/v2\/media?parent=4371"}],"wp:term":[{"taxonomy":"store","embeddable":true,"href":"https:\/\/easyliferobo.com\/de\/wp-json\/wp\/v2\/store?post=4371"},{"taxonomy":"product_brand","embeddable":true,"href":"https:\/\/easyliferobo.com\/de\/wp-json\/wp\/v2\/product_brand?post=4371"},{"taxonomy":"product_cat","embeddable":true,"href":"https:\/\/easyliferobo.com\/de\/wp-json\/wp\/v2\/product_cat?post=4371"},{"taxonomy":"product_tag","embeddable":true,"href":"https:\/\/easyliferobo.com\/de\/wp-json\/wp\/v2\/product_tag?post=4371"}],"curies":[{"name":"wp","href":"https:\/\/api.w.org\/{rel}","templated":true}]}}