
{"id":4364,"date":"2026-02-27T12:40:53","date_gmt":"2026-02-27T12:40:53","guid":{"rendered":"https:\/\/easyliferobo.com\/de\/product\/fensterputzroboter-5600pa-elektrischer-fensterreiniger-mit-spruehwasser-3-reinigungsmodi-intelligente-navigation-kantenerkennung-sicherheitssystem-fernbedienung-10-reinigungstuecher-fuer-fens\/"},"modified":"2026-02-27T12:41:05","modified_gmt":"2026-02-27T12:41:05","slug":"fensterputzroboter-5600pa-elektrischer-fensterreiniger-mit-spruehwasser-3-reinigungsmodi-intelligente-navigation-kantenerkennung-sicherheitssystem-fernbedienung-10-reinigungstuecher-fuer-fens","status":"publish","type":"product","link":"https:\/\/easyliferobo.com\/de\/product\/fensterputzroboter-5600pa-elektrischer-fensterreiniger-mit-spruehwasser-3-reinigungsmodi-intelligente-navigation-kantenerkennung-sicherheitssystem-fernbedienung-10-reinigungstuecher-fuer-fens\/","title":{"rendered":"Fensterputzroboter, 5600Pa elektris..."},"content":{"rendered":"<p>\n                                             Produktbeschreibung   <\/p>\n<p>                                                                                                       <img decoding=\"async\" alt=\"Der Text lautet \u201eFensterputzroboter\u201c. Wei\u00dfer Fensterputzroboter mit mehreren Funktionssymbolen, darunter Reinigungsmodi und Sicherheitsfunktionen.\" src=\"https:\/\/images-na.ssl-images-amazon.com\/images\/G\/01\/x-locale\/common\/grey-pixel.gif\" class=\"a-lazy-loaded\" data-src=\"https:\/\/m.media-amazon.com\/images\/S\/aplus-media-library-service-media\/46b9b5a6-08ee-4ab0-a8ee-260a9dc292b6.__CR0,0,1464,600_PT0_SX1464_V1___.jpg\"><img decoding=\"async\" alt=\"Der Text lautet \u201eFensterputzroboter\u201c. Wei\u00dfer Fensterputzroboter mit mehreren Funktionssymbolen, darunter Reinigungsmodi und Sicherheitsfunktionen.\" src=\"https:\/\/m.media-amazon.com\/images\/S\/aplus-media-library-service-media\/46b9b5a6-08ee-4ab0-a8ee-260a9dc292b6.__CR0,0,1464,600_PT0_SX1464_V1___.jpg\">                                               <\/p>\n<p>                                                                                                       <img decoding=\"async\" alt=\"Der Text lautet \u201eFensterputzroboter\u201c. und \u201eHochpr\u00e4zise Sensoren\u201c. Fensterputzroboter vor Stadthintergrund mit wei\u00dfem Ger\u00e4t und blauen Akzenten auf einer Glasoberfl\u00e4che.\" src=\"https:\/\/images-na.ssl-images-amazon.com\/images\/G\/01\/x-locale\/common\/grey-pixel.gif\" class=\"a-lazy-loaded\" data-src=\"https:\/\/m.media-amazon.com\/images\/S\/aplus-media-library-service-media\/32a03548-6585-4dba-b95f-c8558aa81686.__CR0,0,1464,600_PT0_SX1464_V1___.jpg\"><img decoding=\"async\" alt=\"Der Text lautet \u201eFensterputzroboter\u201c. und \u201eHochpr\u00e4zise Sensoren\u201c. Fensterputzroboter vor Stadthintergrund mit wei\u00dfem Ger\u00e4t und blauen Akzenten auf einer Glasoberfl\u00e4che.\" src=\"https:\/\/m.media-amazon.com\/images\/S\/aplus-media-library-service-media\/32a03548-6585-4dba-b95f-c8558aa81686.__CR0,0,1464,600_PT0_SX1464_V1___.jpg\">                                               <\/p>\n<p>                                                                                                       <img decoding=\"async\" alt=\"Der Text lautet \u201eSicherheitssystem f\u00fcr die Au\u00dfenreinigung\u201c. Zusammenstellung von Bildern, die ein Fensterreinigungssystem mit Sicherheitsfunktionen f\u00fcr die Wartung von Hochh\u00e4usern zeigen.\" src=\"https:\/\/images-na.ssl-images-amazon.com\/images\/G\/01\/x-locale\/common\/grey-pixel.gif\" class=\"a-lazy-loaded\" data-src=\"https:\/\/m.media-amazon.com\/images\/S\/aplus-media-library-service-media\/7b4de3e5-7a55-437a-aec6-2a3096f838aa.__CR0,0,1464,600_PT0_SX1464_V1___.jpg\"><img decoding=\"async\" alt=\"Der Text lautet \u201eSicherheitssystem f\u00fcr die Au\u00dfenreinigung\u201c. Zusammenstellung von Bildern, die ein Fensterreinigungssystem mit Sicherheitsfunktionen f\u00fcr die Wartung von Hochh\u00e4usern zeigen.\" src=\"https:\/\/m.media-amazon.com\/images\/S\/aplus-media-library-service-media\/7b4de3e5-7a55-437a-aec6-2a3096f838aa.__CR0,0,1464,600_PT0_SX1464_V1___.jpg\">                                               <\/p>\n<p>                                                                                                       <img decoding=\"async\" alt=\"Der Text lautet \u201eAutomatische Pfadplanung\u201c. mit illustrierter Sequenz, die automatisierte Wegeplanungsschritte im Au\u00dfenbereich mit Markierungen und Routen zeigt.\" src=\"https:\/\/images-na.ssl-images-amazon.com\/images\/G\/01\/x-locale\/common\/grey-pixel.gif\" class=\"a-lazy-loaded\" data-src=\"https:\/\/m.media-amazon.com\/images\/S\/aplus-media-library-service-media\/39175c80-99ad-49ef-aec5-98c54d4bcb41.__CR0,0,1464,600_PT0_SX1464_V1___.jpg\"><img decoding=\"async\" alt=\"Der Text lautet \u201eAutomatische Pfadplanung\u201c. mit illustrierter Sequenz, die automatisierte Wegeplanungsschritte im Au\u00dfenbereich mit Markierungen und Routen zeigt.\" src=\"https:\/\/m.media-amazon.com\/images\/S\/aplus-media-library-service-media\/39175c80-99ad-49ef-aec5-98c54d4bcb41.__CR0,0,1464,600_PT0_SX1464_V1___.jpg\">                                               <\/p>\n<p>                                                                                                       <img decoding=\"async\" alt=\"Bildfolge, die drahtlose Konnektivit\u00e4t mit Signalanzeigen, Fernbedienungsbetrieb und Automatisierungsfunktionen in einer Innenumgebung zeigt.\" src=\"https:\/\/images-na.ssl-images-amazon.com\/images\/G\/01\/x-locale\/common\/grey-pixel.gif\" class=\"a-lazy-loaded\" data-src=\"https:\/\/m.media-amazon.com\/images\/S\/aplus-media-library-service-media\/97d09862-4375-47b4-bccc-a637f9939812.__CR0,0,1464,600_PT0_SX1464_V1___.jpg\"><img decoding=\"async\" alt=\"Bildfolge, die drahtlose Konnektivit\u00e4t mit Signalanzeigen, Fernbedienungsbetrieb und Automatisierungsfunktionen in einer Innenumgebung zeigt.\" src=\"https:\/\/m.media-amazon.com\/images\/S\/aplus-media-library-service-media\/97d09862-4375-47b4-bccc-a637f9939812.__CR0,0,1464,600_PT0_SX1464_V1___.jpg\">                                               <\/p>\n<p>                                                                                                       <img decoding=\"async\" alt=\"Der Text lautet \u201eMicrofaser Reinigungspads\u201c. Wissenschaftliches Diagramm, das mikroskopische Ansichten von Reinigungspadfasern und -oberfl\u00e4chen in verschiedenen Vergr\u00f6\u00dferungsstufen zeigt, dargestellt in kreisf\u00f6rmigen Feldern.\" src=\"https:\/\/images-na.ssl-images-amazon.com\/images\/G\/01\/x-locale\/common\/grey-pixel.gif\" class=\"a-lazy-loaded\" data-src=\"https:\/\/m.media-amazon.com\/images\/S\/aplus-media-library-service-media\/ad2d3c07-f427-48d4-883f-ffed98107567.__CR0,0,1464,600_PT0_SX1464_V1___.jpg\"><img decoding=\"async\" alt=\"Der Text lautet \u201eMicrofaser Reinigungspads\u201c. Wissenschaftliches Diagramm, das mikroskopische Ansichten von Reinigungspadfasern und -oberfl\u00e4chen in verschiedenen Vergr\u00f6\u00dferungsstufen zeigt, dargestellt in kreisf\u00f6rmigen Feldern.\" src=\"https:\/\/m.media-amazon.com\/images\/S\/aplus-media-library-service-media\/ad2d3c07-f427-48d4-883f-ffed98107567.__CR0,0,1464,600_PT0_SX1464_V1___.jpg\">                                               <\/p>\n<p>5600 Pa Saugkraft \u2013 stabiler Halt: Der Fensterputzroboter mit 5600 Pa Hochleistungssaugkraft haftet sicher auf Glas, Fliesen und Spiegeln. W\u00e4hrend der Reinigung bleibt es zuverl\u00e4ssig auf der Oberfl\u00e4che und sorgt f\u00fcr gleichm\u00e4\u00dfige Ergebnisse. Dadurch k\u00f6nnen auch gr\u00f6\u00dfere Fensterfl\u00e4chen bequem und ohne manuelles Polieren gereinigt werden.<br \/>Spr\u00fchwasserfunktion \u2013 Gleichm\u00e4\u00dfige Befeuchtung: Der elektrische Fensterreiniger mit Spr\u00fchwasser verteilt feinen Nebel auf der Glasoberfl\u00e4che, der Staub und leichte Verschmutzungen besser aufnimmt. Die gleichm\u00e4\u00dfige Befeuchtung unterst\u00fctzt ein gepflegtes Erscheinungsbild der Fenster und macht die Reinigung effizienter und angenehmer.<br \/>3 Modi und intelligente Navigation: Mit drei Reinigungsmodi (Z-Modus, horizontaler Modus, vertikaler Modus) und intelligenter Navigation arbeitet der Fensterputzroboter systematisch und deckt die gesamte Fl\u00e4che ab. Die integrierte Kantenerkennung verhindert ein Verrutschen und sorgt daf\u00fcr, dass auch gro\u00dfe Fensterfronten vollst\u00e4ndig gereinigt werden.<br \/>Fernbedienung \u2013 Komfortable Steuerung: Die praktische Fernbedienung erm\u00f6glicht eine einfache Steuerung des elektrischen Fensterreinigers. Ob gezielte Reinigung einzelner Bereiche oder manueller Richtungswechsel, die Bedienung ist intuitiv und komfortabel, sodass die Fensterreinigung ohne direkten Kontakt mit der Glasoberfl\u00e4che erfolgt.<br \/>Sicherheitssystem und Zubeh\u00f6r \u2013 alltagstauglich: Der Fensterputzroboter verf\u00fcgt \u00fcber ein Sicherheitssystem mit integriertem Akku, das die Saugkraft bei Stromausfall bis zu 20 Minuten aufrechterh\u00e4lt. Eine 4 m lange Sicherheitsleine verhindert St\u00fcrze in h\u00f6here Stockwerke. Im Lieferumfang sind 10 Reinigungst\u00fccher, 4 Reinigungsscheiben und ein Netzteil f\u00fcr den sicheren und sofortigen Einsatz im Alltag enthalten.<\/p>\n<p>[ad_2]<\/p>\n","protected":false},"excerpt":{"rendered":"<p>Produktbeschreibung 5600 Pa Saugkraft \u2013 stabiler Halt: Der Fensterputzroboter mit 5600 Pa Hochleistungssaugkraft haftet sicher auf Glas, Fliesen und Spiegeln. W\u00e4hrend der Reinigung bleibt es zuverl\u00e4ssig auf der Oberfl\u00e4che und sorgt f\u00fcr gleichm\u00e4\u00dfige Ergebnisse. Dadurch k\u00f6nnen auch gr\u00f6\u00dfere Fensterfl\u00e4chen bequem und ohne manuelles Polieren gereinigt werden.Spr\u00fchwasserfunktion \u2013 Gleichm\u00e4\u00dfige Befeuchtung: Der elektrische Fensterreiniger mit Spr\u00fchwasser verteilt [&hellip;]<\/p>\n","protected":false},"featured_media":4365,"comment_status":"open","ping_status":"closed","template":"","meta":{"_aipt_faq_data":""},"store":[],"product_brand":[453],"product_cat":[74],"product_tag":[148],"class_list":{"0":"post-4364","1":"product","2":"type-product","3":"status-publish","4":"has-post-thumbnail","6":"product_brand-ierakor","7":"product_cat-fensterreinigungsroboter","8":"product_tag-fensterreinigungsroboter-glasflaechen","10":"first","11":"instock","12":"shipping-taxable","13":"product-type-external"},"yoast_head":"<!-- This site is optimized with the Yoast SEO plugin v27.0 - https:\/\/yoast.com\/product\/yoast-seo-wordpress\/ -->\n<title>Fensterputzroboter, 5600Pa elektrischer Fensterreiniger mit Spr\u00fchwasser, 3 Reinigungsmodi, intelligente Navigation, Kantenerkennung, Sicherheitssystem, Fernbedienung &amp; 10 Reinigungst\u00fccher, f\u00fcr Fenster - EasyLifeBro<\/title>\n<meta name=\"description\" content=\"Entdecken Sie smarte Roboter f\u00fcr Zuhause, Garten, Bildung und Sicherheit. Vergleichen Sie Saugroboter, Rasenm\u00e4hroboter, KI-Begleitroboter und mehr bei EasyLifeRobo.\" \/>\n<meta name=\"robots\" content=\"index, follow, max-snippet:-1, max-image-preview:large, max-video-preview:-1\" \/>\n<link rel=\"canonical\" href=\"https:\/\/easyliferobo.com\/de\/product\/fensterputzroboter-5600pa-elektrischer-fensterreiniger-mit-spruehwasser-3-reinigungsmodi-intelligente-navigation-kantenerkennung-sicherheitssystem-fernbedienung-10-reinigungstuecher-fuer-fens\/\" \/>\n<meta property=\"og:locale\" content=\"de_DE\" \/>\n<meta property=\"og:type\" content=\"article\" \/>\n<meta property=\"og:title\" content=\"Fensterputzroboter, 5600Pa elektrischer Fensterreiniger mit Spr\u00fchwasser, 3 Reinigungsmodi, intelligente Navigation, Kantenerkennung, Sicherheitssystem, Fernbedienung &amp; 10 Reinigungst\u00fccher, f\u00fcr Fenster - EasyLifeBro\" \/>\n<meta property=\"og:description\" content=\"Entdecken Sie smarte Roboter f\u00fcr Zuhause, Garten, Bildung und Sicherheit. Vergleichen Sie Saugroboter, Rasenm\u00e4hroboter, KI-Begleitroboter und mehr bei EasyLifeRobo.\" \/>\n<meta property=\"og:url\" content=\"https:\/\/easyliferobo.com\/de\/product\/fensterputzroboter-5600pa-elektrischer-fensterreiniger-mit-spruehwasser-3-reinigungsmodi-intelligente-navigation-kantenerkennung-sicherheitssystem-fernbedienung-10-reinigungstuecher-fuer-fens\/\" \/>\n<meta property=\"og:site_name\" content=\"EasyLifeBro\" \/>\n<meta property=\"article:modified_time\" content=\"2026-02-27T12:41:05+00:00\" \/>\n<meta property=\"og:image\" content=\"https:\/\/images-na.ssl-images-amazon.com\/images\/G\/01\/x-locale\/common\/grey-pixel.gif\" \/>\n<meta name=\"twitter:card\" content=\"summary_large_image\" \/>\n<meta name=\"twitter:label1\" content=\"Gesch\u00e4tzte Lesezeit\" \/>\n\t<meta name=\"twitter:data1\" content=\"1\u00a0Minute\" \/>\n<script type=\"application\/ld+json\" class=\"yoast-schema-graph\">{\"@context\":\"https:\/\/schema.org\",\"@graph\":[{\"@type\":\"WebPage\",\"@id\":\"https:\/\/easyliferobo.com\/de\/product\/fensterputzroboter-5600pa-elektrischer-fensterreiniger-mit-spruehwasser-3-reinigungsmodi-intelligente-navigation-kantenerkennung-sicherheitssystem-fernbedienung-10-reinigungstuecher-fuer-fens\/\",\"url\":\"https:\/\/easyliferobo.com\/de\/product\/fensterputzroboter-5600pa-elektrischer-fensterreiniger-mit-spruehwasser-3-reinigungsmodi-intelligente-navigation-kantenerkennung-sicherheitssystem-fernbedienung-10-reinigungstuecher-fuer-fens\/\",\"name\":\"Fensterputzroboter, 5600Pa elektrischer Fensterreiniger mit Spr\u00fchwasser, 3 Reinigungsmodi, intelligente Navigation, Kantenerkennung, Sicherheitssystem, Fernbedienung & 10 Reinigungst\u00fccher, f\u00fcr Fenster - EasyLifeBro\",\"isPartOf\":{\"@id\":\"https:\/\/easyliferobo.com\/de\/#website\"},\"primaryImageOfPage\":{\"@id\":\"https:\/\/easyliferobo.com\/de\/product\/fensterputzroboter-5600pa-elektrischer-fensterreiniger-mit-spruehwasser-3-reinigungsmodi-intelligente-navigation-kantenerkennung-sicherheitssystem-fernbedienung-10-reinigungstuecher-fuer-fens\/#primaryimage\"},\"image\":{\"@id\":\"https:\/\/easyliferobo.com\/de\/product\/fensterputzroboter-5600pa-elektrischer-fensterreiniger-mit-spruehwasser-3-reinigungsmodi-intelligente-navigation-kantenerkennung-sicherheitssystem-fernbedienung-10-reinigungstuecher-fuer-fens\/#primaryimage\"},\"thumbnailUrl\":\"https:\/\/easyliferobo.com\/de\/wp-content\/uploads\/2026\/02\/716oWBDNG6L._AC_SL1500_.jpg\",\"datePublished\":\"2026-02-27T12:40:53+00:00\",\"dateModified\":\"2026-02-27T12:41:05+00:00\",\"description\":\"Entdecken Sie smarte Roboter f\u00fcr Zuhause, Garten, Bildung und Sicherheit. Vergleichen Sie Saugroboter, Rasenm\u00e4hroboter, KI-Begleitroboter und mehr bei EasyLifeRobo.\",\"breadcrumb\":{\"@id\":\"https:\/\/easyliferobo.com\/de\/product\/fensterputzroboter-5600pa-elektrischer-fensterreiniger-mit-spruehwasser-3-reinigungsmodi-intelligente-navigation-kantenerkennung-sicherheitssystem-fernbedienung-10-reinigungstuecher-fuer-fens\/#breadcrumb\"},\"inLanguage\":\"de\",\"potentialAction\":[{\"@type\":\"ReadAction\",\"target\":[\"https:\/\/easyliferobo.com\/de\/product\/fensterputzroboter-5600pa-elektrischer-fensterreiniger-mit-spruehwasser-3-reinigungsmodi-intelligente-navigation-kantenerkennung-sicherheitssystem-fernbedienung-10-reinigungstuecher-fuer-fens\/\"]}]},{\"@type\":\"ImageObject\",\"inLanguage\":\"de\",\"@id\":\"https:\/\/easyliferobo.com\/de\/product\/fensterputzroboter-5600pa-elektrischer-fensterreiniger-mit-spruehwasser-3-reinigungsmodi-intelligente-navigation-kantenerkennung-sicherheitssystem-fernbedienung-10-reinigungstuecher-fuer-fens\/#primaryimage\",\"url\":\"https:\/\/easyliferobo.com\/de\/wp-content\/uploads\/2026\/02\/716oWBDNG6L._AC_SL1500_.jpg\",\"contentUrl\":\"https:\/\/easyliferobo.com\/de\/wp-content\/uploads\/2026\/02\/716oWBDNG6L._AC_SL1500_.jpg\",\"width\":1469,\"height\":1500},{\"@type\":\"BreadcrumbList\",\"@id\":\"https:\/\/easyliferobo.com\/de\/product\/fensterputzroboter-5600pa-elektrischer-fensterreiniger-mit-spruehwasser-3-reinigungsmodi-intelligente-navigation-kantenerkennung-sicherheitssystem-fernbedienung-10-reinigungstuecher-fuer-fens\/#breadcrumb\",\"itemListElement\":[{\"@type\":\"ListItem\",\"position\":1,\"name\":\"Home\",\"item\":\"https:\/\/easyliferobo.com\/de\/\"},{\"@type\":\"ListItem\",\"position\":2,\"name\":\"Shop\",\"item\":\"https:\/\/easyliferobo.com\/de\/shop\/\"},{\"@type\":\"ListItem\",\"position\":3,\"name\":\"Fensterputzroboter, 5600Pa elektris...\"}]},{\"@type\":\"WebSite\",\"@id\":\"https:\/\/easyliferobo.com\/de\/#website\",\"url\":\"https:\/\/easyliferobo.com\/de\/\",\"name\":\"EasyLifeBro\",\"description\":\"Smarte Roboter f\u00fcr Zuhause, Garten &amp; Bildung\",\"publisher\":{\"@id\":\"https:\/\/easyliferobo.com\/de\/#organization\"},\"potentialAction\":[{\"@type\":\"SearchAction\",\"target\":{\"@type\":\"EntryPoint\",\"urlTemplate\":\"https:\/\/easyliferobo.com\/de\/?s={search_term_string}\"},\"query-input\":{\"@type\":\"PropertyValueSpecification\",\"valueRequired\":true,\"valueName\":\"search_term_string\"}}],\"inLanguage\":\"de\"},{\"@type\":\"Organization\",\"@id\":\"https:\/\/easyliferobo.com\/de\/#organization\",\"name\":\"EasyLifeBro\",\"url\":\"https:\/\/easyliferobo.com\/de\/\",\"logo\":{\"@type\":\"ImageObject\",\"inLanguage\":\"de\",\"@id\":\"https:\/\/easyliferobo.com\/de\/#\/schema\/logo\/image\/\",\"url\":\"https:\/\/easyliferobo.com\/de\/wp-content\/uploads\/2026\/02\/Screenshot-2026-02-22-at-2.25.03-PM.png\",\"contentUrl\":\"https:\/\/easyliferobo.com\/de\/wp-content\/uploads\/2026\/02\/Screenshot-2026-02-22-at-2.25.03-PM.png\",\"width\":1858,\"height\":430,\"caption\":\"EasyLifeBro\"},\"image\":{\"@id\":\"https:\/\/easyliferobo.com\/de\/#\/schema\/logo\/image\/\"}}]}<\/script>\n<!-- \/ Yoast SEO plugin. -->","yoast_head_json":{"title":"Fensterputzroboter, 5600Pa elektrischer Fensterreiniger mit Spr\u00fchwasser, 3 Reinigungsmodi, intelligente Navigation, Kantenerkennung, Sicherheitssystem, Fernbedienung & 10 Reinigungst\u00fccher, f\u00fcr Fenster - EasyLifeBro","description":"Entdecken Sie smarte Roboter f\u00fcr Zuhause, Garten, Bildung und Sicherheit. Vergleichen Sie Saugroboter, Rasenm\u00e4hroboter, KI-Begleitroboter und mehr bei EasyLifeRobo.","robots":{"index":"index","follow":"follow","max-snippet":"max-snippet:-1","max-image-preview":"max-image-preview:large","max-video-preview":"max-video-preview:-1"},"canonical":"https:\/\/easyliferobo.com\/de\/product\/fensterputzroboter-5600pa-elektrischer-fensterreiniger-mit-spruehwasser-3-reinigungsmodi-intelligente-navigation-kantenerkennung-sicherheitssystem-fernbedienung-10-reinigungstuecher-fuer-fens\/","og_locale":"de_DE","og_type":"article","og_title":"Fensterputzroboter, 5600Pa elektrischer Fensterreiniger mit Spr\u00fchwasser, 3 Reinigungsmodi, intelligente Navigation, Kantenerkennung, Sicherheitssystem, Fernbedienung & 10 Reinigungst\u00fccher, f\u00fcr Fenster - EasyLifeBro","og_description":"Entdecken Sie smarte Roboter f\u00fcr Zuhause, Garten, Bildung und Sicherheit. Vergleichen Sie Saugroboter, Rasenm\u00e4hroboter, KI-Begleitroboter und mehr bei EasyLifeRobo.","og_url":"https:\/\/easyliferobo.com\/de\/product\/fensterputzroboter-5600pa-elektrischer-fensterreiniger-mit-spruehwasser-3-reinigungsmodi-intelligente-navigation-kantenerkennung-sicherheitssystem-fernbedienung-10-reinigungstuecher-fuer-fens\/","og_site_name":"EasyLifeBro","article_modified_time":"2026-02-27T12:41:05+00:00","og_image":[{"url":"https:\/\/images-na.ssl-images-amazon.com\/images\/G\/01\/x-locale\/common\/grey-pixel.gif","type":"","width":"","height":""}],"twitter_card":"summary_large_image","twitter_misc":{"Gesch\u00e4tzte Lesezeit":"1\u00a0Minute"},"schema":{"@context":"https:\/\/schema.org","@graph":[{"@type":"WebPage","@id":"https:\/\/easyliferobo.com\/de\/product\/fensterputzroboter-5600pa-elektrischer-fensterreiniger-mit-spruehwasser-3-reinigungsmodi-intelligente-navigation-kantenerkennung-sicherheitssystem-fernbedienung-10-reinigungstuecher-fuer-fens\/","url":"https:\/\/easyliferobo.com\/de\/product\/fensterputzroboter-5600pa-elektrischer-fensterreiniger-mit-spruehwasser-3-reinigungsmodi-intelligente-navigation-kantenerkennung-sicherheitssystem-fernbedienung-10-reinigungstuecher-fuer-fens\/","name":"Fensterputzroboter, 5600Pa elektrischer Fensterreiniger mit Spr\u00fchwasser, 3 Reinigungsmodi, intelligente Navigation, Kantenerkennung, Sicherheitssystem, Fernbedienung & 10 Reinigungst\u00fccher, f\u00fcr Fenster - EasyLifeBro","isPartOf":{"@id":"https:\/\/easyliferobo.com\/de\/#website"},"primaryImageOfPage":{"@id":"https:\/\/easyliferobo.com\/de\/product\/fensterputzroboter-5600pa-elektrischer-fensterreiniger-mit-spruehwasser-3-reinigungsmodi-intelligente-navigation-kantenerkennung-sicherheitssystem-fernbedienung-10-reinigungstuecher-fuer-fens\/#primaryimage"},"image":{"@id":"https:\/\/easyliferobo.com\/de\/product\/fensterputzroboter-5600pa-elektrischer-fensterreiniger-mit-spruehwasser-3-reinigungsmodi-intelligente-navigation-kantenerkennung-sicherheitssystem-fernbedienung-10-reinigungstuecher-fuer-fens\/#primaryimage"},"thumbnailUrl":"https:\/\/easyliferobo.com\/de\/wp-content\/uploads\/2026\/02\/716oWBDNG6L._AC_SL1500_.jpg","datePublished":"2026-02-27T12:40:53+00:00","dateModified":"2026-02-27T12:41:05+00:00","description":"Entdecken Sie smarte Roboter f\u00fcr Zuhause, Garten, Bildung und Sicherheit. Vergleichen Sie Saugroboter, Rasenm\u00e4hroboter, KI-Begleitroboter und mehr bei EasyLifeRobo.","breadcrumb":{"@id":"https:\/\/easyliferobo.com\/de\/product\/fensterputzroboter-5600pa-elektrischer-fensterreiniger-mit-spruehwasser-3-reinigungsmodi-intelligente-navigation-kantenerkennung-sicherheitssystem-fernbedienung-10-reinigungstuecher-fuer-fens\/#breadcrumb"},"inLanguage":"de","potentialAction":[{"@type":"ReadAction","target":["https:\/\/easyliferobo.com\/de\/product\/fensterputzroboter-5600pa-elektrischer-fensterreiniger-mit-spruehwasser-3-reinigungsmodi-intelligente-navigation-kantenerkennung-sicherheitssystem-fernbedienung-10-reinigungstuecher-fuer-fens\/"]}]},{"@type":"ImageObject","inLanguage":"de","@id":"https:\/\/easyliferobo.com\/de\/product\/fensterputzroboter-5600pa-elektrischer-fensterreiniger-mit-spruehwasser-3-reinigungsmodi-intelligente-navigation-kantenerkennung-sicherheitssystem-fernbedienung-10-reinigungstuecher-fuer-fens\/#primaryimage","url":"https:\/\/easyliferobo.com\/de\/wp-content\/uploads\/2026\/02\/716oWBDNG6L._AC_SL1500_.jpg","contentUrl":"https:\/\/easyliferobo.com\/de\/wp-content\/uploads\/2026\/02\/716oWBDNG6L._AC_SL1500_.jpg","width":1469,"height":1500},{"@type":"BreadcrumbList","@id":"https:\/\/easyliferobo.com\/de\/product\/fensterputzroboter-5600pa-elektrischer-fensterreiniger-mit-spruehwasser-3-reinigungsmodi-intelligente-navigation-kantenerkennung-sicherheitssystem-fernbedienung-10-reinigungstuecher-fuer-fens\/#breadcrumb","itemListElement":[{"@type":"ListItem","position":1,"name":"Home","item":"https:\/\/easyliferobo.com\/de\/"},{"@type":"ListItem","position":2,"name":"Shop","item":"https:\/\/easyliferobo.com\/de\/shop\/"},{"@type":"ListItem","position":3,"name":"Fensterputzroboter, 5600Pa elektris..."}]},{"@type":"WebSite","@id":"https:\/\/easyliferobo.com\/de\/#website","url":"https:\/\/easyliferobo.com\/de\/","name":"EasyLifeBro","description":"Smarte Roboter f\u00fcr Zuhause, Garten &amp; Bildung","publisher":{"@id":"https:\/\/easyliferobo.com\/de\/#organization"},"potentialAction":[{"@type":"SearchAction","target":{"@type":"EntryPoint","urlTemplate":"https:\/\/easyliferobo.com\/de\/?s={search_term_string}"},"query-input":{"@type":"PropertyValueSpecification","valueRequired":true,"valueName":"search_term_string"}}],"inLanguage":"de"},{"@type":"Organization","@id":"https:\/\/easyliferobo.com\/de\/#organization","name":"EasyLifeBro","url":"https:\/\/easyliferobo.com\/de\/","logo":{"@type":"ImageObject","inLanguage":"de","@id":"https:\/\/easyliferobo.com\/de\/#\/schema\/logo\/image\/","url":"https:\/\/easyliferobo.com\/de\/wp-content\/uploads\/2026\/02\/Screenshot-2026-02-22-at-2.25.03-PM.png","contentUrl":"https:\/\/easyliferobo.com\/de\/wp-content\/uploads\/2026\/02\/Screenshot-2026-02-22-at-2.25.03-PM.png","width":1858,"height":430,"caption":"EasyLifeBro"},"image":{"@id":"https:\/\/easyliferobo.com\/de\/#\/schema\/logo\/image\/"}}]}},"_links":{"self":[{"href":"https:\/\/easyliferobo.com\/de\/wp-json\/wp\/v2\/product\/4364","targetHints":{"allow":["GET"]}}],"collection":[{"href":"https:\/\/easyliferobo.com\/de\/wp-json\/wp\/v2\/product"}],"about":[{"href":"https:\/\/easyliferobo.com\/de\/wp-json\/wp\/v2\/types\/product"}],"replies":[{"embeddable":true,"href":"https:\/\/easyliferobo.com\/de\/wp-json\/wp\/v2\/comments?post=4364"}],"wp:featuredmedia":[{"embeddable":true,"href":"https:\/\/easyliferobo.com\/de\/wp-json\/wp\/v2\/media\/4365"}],"wp:attachment":[{"href":"https:\/\/easyliferobo.com\/de\/wp-json\/wp\/v2\/media?parent=4364"}],"wp:term":[{"taxonomy":"store","embeddable":true,"href":"https:\/\/easyliferobo.com\/de\/wp-json\/wp\/v2\/store?post=4364"},{"taxonomy":"product_brand","embeddable":true,"href":"https:\/\/easyliferobo.com\/de\/wp-json\/wp\/v2\/product_brand?post=4364"},{"taxonomy":"product_cat","embeddable":true,"href":"https:\/\/easyliferobo.com\/de\/wp-json\/wp\/v2\/product_cat?post=4364"},{"taxonomy":"product_tag","embeddable":true,"href":"https:\/\/easyliferobo.com\/de\/wp-json\/wp\/v2\/product_tag?post=4364"}],"curies":[{"name":"wp","href":"https:\/\/api.w.org\/{rel}","templated":true}]}}