
{"id":4354,"date":"2026-02-27T12:38:24","date_gmt":"2026-02-27T12:38:24","guid":{"rendered":"https:\/\/easyliferobo.com\/de\/product\/pleco-s1-poolroboter-mit-akku-leichter-poolstaubsauger-mit-zwei-antriebsmotoren-80-minuten-reinigungszeit-25-stunden-ladezeit-parkplatz-poolreiniger-fuer-pools-mit-flachem-boden\/"},"modified":"2026-02-27T12:38:43","modified_gmt":"2026-02-27T12:38:43","slug":"pleco-s1-poolroboter-mit-akku-leichter-poolstaubsauger-mit-zwei-antriebsmotoren-80-minuten-reinigungszeit-25-stunden-ladezeit-parkplatz-poolreiniger-fuer-pools-mit-flachem-boden","status":"publish","type":"product","link":"https:\/\/easyliferobo.com\/de\/product\/pleco-s1-poolroboter-mit-akku-leichter-poolstaubsauger-mit-zwei-antriebsmotoren-80-minuten-reinigungszeit-25-stunden-ladezeit-parkplatz-poolreiniger-fuer-pools-mit-flachem-boden\/","title":{"rendered":"Pleco S1 Poolroboter mit Akku, leic..."},"content":{"rendered":"<p>\n                                             Von der Marke   <\/p>\n<p>                                              <img decoding=\"async\" alt=\"Au\u00dfenpool mit klarem, blauem Wasser, umgeben von modernen Terrassenm\u00f6beln, darunter Liegest\u00fchlen und einem Sonnenschirm. Im Wasser ist ein Roboter-Poolreiniger zu sehen.\" src=\"https:\/\/images-na.ssl-images-amazon.com\/images\/G\/01\/x-locale\/common\/grey-pixel.gif\" class=\"a-lazy-loaded\" data-src=\"https:\/\/m.media-amazon.com\/images\/S\/aplus-media-library-service-media\/e6155317-74b3-48d4-941c-4c2cd6e9c6c6.__CR0,0,1464,625_PT0_SX1464_V1___.jpg\"><img decoding=\"async\" alt=\"Au\u00dfenpool mit klarem, blauem Wasser, umgeben von modernen Terrassenm\u00f6beln, darunter Liegest\u00fchlen und einem Sonnenschirm. Im Wasser ist ein Roboter-Poolreiniger zu sehen.\" src=\"https:\/\/m.media-amazon.com\/images\/S\/aplus-media-library-service-media\/e6155317-74b3-48d4-941c-4c2cd6e9c6c6.__CR0,0,1464,625_PT0_SX1464_V1___.jpg\">  <\/p>\n<p>                                              <img decoding=\"async\" alt=\"Hellblaues rechteckiges Feld mit Talosbo-Logo und deutschem Text, der den Fokus des Unternehmens auf Outdoor-Robotik f\u00fcr die Pool- und Gartenpflege beschreibt.\" src=\"https:\/\/images-na.ssl-images-amazon.com\/images\/G\/01\/x-locale\/common\/grey-pixel.gif\" class=\"a-lazy-loaded\" data-src=\"https:\/\/m.media-amazon.com\/images\/S\/aplus-media-library-service-media\/b51c4faf-dcbb-4230-8ee6-2cf7398dbe36.__CR0,0,362,453_PT0_SX362_V1___.jpg\"><img decoding=\"async\" alt=\"Hellblaues rechteckiges Feld mit Talosbo-Logo und deutschem Text, der den Fokus des Unternehmens auf Outdoor-Robotik f\u00fcr die Pool- und Gartenpflege beschreibt.\" src=\"https:\/\/m.media-amazon.com\/images\/S\/aplus-media-library-service-media\/b51c4faf-dcbb-4230-8ee6-2cf7398dbe36.__CR0,0,362,453_PT0_SX362_V1___.jpg\">  <\/p>\n<h3>  Talosbo Pleco S1 <\/h3>\n<h3>  Talosbo S1PRO 2026-Upgrade <\/h3>\n<p>                                                         Wer sind wir?                                       <\/p>\n<p> Talosbo entstand aus einem einfachen Bed\u00fcrfnis heraus: Geben Sie Ihnen Zeit zur\u00fcck, die Sie sonst f\u00fcr die Instandhaltung Ihres Zuhauses aufwenden w\u00fcrden. <\/p>\n<p>                                                         Was machen wir?                                       <\/p>\n<p> Wir statten Menschen mit effizienten L\u00f6sungen f\u00fcr die Pool-, Garten- und Heimpflege aus \u2013 damit sie mehr Zeit mit ihren Lieben verbringen k\u00f6nnen. <\/p>\n<p>                                                         Warum machen wir das?                                       <\/p>\n<p> Mit einer breiten Palette an Roboterl\u00f6sungen wollen wir zum Ma\u00dfstab in der Outdoor-Pflege werden. <\/p>\n<p>Langlebiger Akku: Mit einer Betriebszeit von 75-80 Minuten ist der Akku-Poolsauger ideal f\u00fcr Flachbodenpools bis 60 m\u00b2. Nach einer kurzen Ladezeit von nur 2,5 Stunden ist es wieder einsatzbereit.<br \/>Leicht und komfortabel: Der Poolsauger startet auf Knopfdruck, l\u00e4sst sich nach der Reinigung oder bei niedrigem Akkustand einfach anheben und leert 80 % des gespeicherten Wassers in weniger als 10 Sekunden. Ideal f\u00fcr die t\u00e4gliche Poolreinigung.<br \/>Kraftvolle Reinigung: Dank seiner starken Saugkraft entfernt der Poolreiniger zuverl\u00e4ssig Schmutz, Bl\u00e4tter und Ablagerungen vom Poolboden und sorgt so f\u00fcr sauberes und klares Poolwasser.<br \/>Geeignet f\u00fcr verschiedene Pools: Kompatibel mit PVC, Fliesen, Vinyl und Beton und geeignet f\u00fcr runde, rechteckige und ovale flache B\u00f6den f\u00fcr die meisten Pools mit flachem Boden und Neigungen unter 15\u00b0.<br \/>EFFIZIENTES FILTERSYSTEM Der 2,5-Liter-Filterkorb verl\u00e4ngert die Reinigungszeit und reduziert den Wartungsaufwand durch einfaches Sp\u00fclen mit Wasser. Damit ist der Pleco S1 Poolsauger ein zuverl\u00e4ssiger Partner bei der Poolpflege.<\/p>\n<p>[ad_2]<\/p>\n","protected":false},"excerpt":{"rendered":"<p>Von der Marke Talosbo Pleco S1 Talosbo S1PRO 2026-Upgrade Wer sind wir? Talosbo entstand aus einem einfachen Bed\u00fcrfnis heraus: Geben Sie Ihnen Zeit zur\u00fcck, die Sie sonst f\u00fcr die Instandhaltung Ihres Zuhauses aufwenden w\u00fcrden. Was machen wir? Wir statten Menschen mit effizienten L\u00f6sungen f\u00fcr die Pool-, Garten- und Heimpflege aus \u2013 damit sie mehr Zeit [&hellip;]<\/p>\n","protected":false},"featured_media":4355,"comment_status":"open","ping_status":"closed","template":"","meta":{"_aipt_faq_data":""},"store":[],"product_brand":[421],"product_cat":[75],"product_tag":[146],"class_list":{"0":"post-4354","1":"product","2":"type-product","3":"status-publish","4":"has-post-thumbnail","6":"product_brand-talosbo","7":"product_cat-poolroboter","8":"product_tag-poolroboter-fuer-rechteckpools","10":"first","11":"instock","12":"shipping-taxable","13":"product-type-external"},"yoast_head":"<!-- This site is optimized with the Yoast SEO plugin v27.4 - https:\/\/yoast.com\/product\/yoast-seo-wordpress\/ -->\n<title>Pleco S1 Poolroboter mit Akku, leichter Poolstaubsauger mit zwei Antriebsmotoren, 80 Minuten Reinigungszeit, 2,5 Stunden Ladezeit, Parkplatz-Poolreiniger f\u00fcr Pools mit flachem Boden - EasyLifeBro<\/title>\n<meta name=\"description\" content=\"Entdecken Sie smarte Roboter f\u00fcr Zuhause, Garten, Bildung und Sicherheit. Vergleichen Sie Saugroboter, Rasenm\u00e4hroboter, KI-Begleitroboter und mehr bei EasyLifeRobo.\" \/>\n<meta name=\"robots\" content=\"index, follow, max-snippet:-1, max-image-preview:large, max-video-preview:-1\" \/>\n<link rel=\"canonical\" href=\"https:\/\/easyliferobo.com\/de\/product\/pleco-s1-poolroboter-mit-akku-leichter-poolstaubsauger-mit-zwei-antriebsmotoren-80-minuten-reinigungszeit-25-stunden-ladezeit-parkplatz-poolreiniger-fuer-pools-mit-flachem-boden\/\" \/>\n<meta property=\"og:locale\" content=\"de_DE\" \/>\n<meta property=\"og:type\" content=\"article\" \/>\n<meta property=\"og:title\" content=\"Pleco S1 Poolroboter mit Akku, leichter Poolstaubsauger mit zwei Antriebsmotoren, 80 Minuten Reinigungszeit, 2,5 Stunden Ladezeit, Parkplatz-Poolreiniger f\u00fcr Pools mit flachem Boden - EasyLifeBro\" \/>\n<meta property=\"og:description\" content=\"Entdecken Sie smarte Roboter f\u00fcr Zuhause, Garten, Bildung und Sicherheit. Vergleichen Sie Saugroboter, Rasenm\u00e4hroboter, KI-Begleitroboter und mehr bei EasyLifeRobo.\" \/>\n<meta property=\"og:url\" content=\"https:\/\/easyliferobo.com\/de\/product\/pleco-s1-poolroboter-mit-akku-leichter-poolstaubsauger-mit-zwei-antriebsmotoren-80-minuten-reinigungszeit-25-stunden-ladezeit-parkplatz-poolreiniger-fuer-pools-mit-flachem-boden\/\" \/>\n<meta property=\"og:site_name\" content=\"EasyLifeBro\" \/>\n<meta property=\"article:modified_time\" content=\"2026-02-27T12:38:43+00:00\" \/>\n<meta property=\"og:image\" content=\"https:\/\/images-na.ssl-images-amazon.com\/images\/G\/01\/x-locale\/common\/grey-pixel.gif\" \/>\n<meta name=\"twitter:card\" content=\"summary_large_image\" \/>\n<meta name=\"twitter:label1\" content=\"Gesch\u00e4tzte Lesezeit\" \/>\n\t<meta name=\"twitter:data1\" content=\"1\u00a0Minute\" \/>\n<script type=\"application\/ld+json\" class=\"yoast-schema-graph\">{\"@context\":\"https:\\\/\\\/schema.org\",\"@graph\":[{\"@type\":\"WebPage\",\"@id\":\"https:\\\/\\\/easyliferobo.com\\\/de\\\/product\\\/pleco-s1-poolroboter-mit-akku-leichter-poolstaubsauger-mit-zwei-antriebsmotoren-80-minuten-reinigungszeit-25-stunden-ladezeit-parkplatz-poolreiniger-fuer-pools-mit-flachem-boden\\\/\",\"url\":\"https:\\\/\\\/easyliferobo.com\\\/de\\\/product\\\/pleco-s1-poolroboter-mit-akku-leichter-poolstaubsauger-mit-zwei-antriebsmotoren-80-minuten-reinigungszeit-25-stunden-ladezeit-parkplatz-poolreiniger-fuer-pools-mit-flachem-boden\\\/\",\"name\":\"Pleco S1 Poolroboter mit Akku, leichter Poolstaubsauger mit zwei Antriebsmotoren, 80 Minuten Reinigungszeit, 2,5 Stunden Ladezeit, Parkplatz-Poolreiniger f\u00fcr Pools mit flachem Boden - EasyLifeBro\",\"isPartOf\":{\"@id\":\"https:\\\/\\\/easyliferobo.com\\\/de\\\/#website\"},\"primaryImageOfPage\":{\"@id\":\"https:\\\/\\\/easyliferobo.com\\\/de\\\/product\\\/pleco-s1-poolroboter-mit-akku-leichter-poolstaubsauger-mit-zwei-antriebsmotoren-80-minuten-reinigungszeit-25-stunden-ladezeit-parkplatz-poolreiniger-fuer-pools-mit-flachem-boden\\\/#primaryimage\"},\"image\":{\"@id\":\"https:\\\/\\\/easyliferobo.com\\\/de\\\/product\\\/pleco-s1-poolroboter-mit-akku-leichter-poolstaubsauger-mit-zwei-antriebsmotoren-80-minuten-reinigungszeit-25-stunden-ladezeit-parkplatz-poolreiniger-fuer-pools-mit-flachem-boden\\\/#primaryimage\"},\"thumbnailUrl\":\"https:\\\/\\\/easyliferobo.com\\\/de\\\/wp-content\\\/uploads\\\/2026\\\/02\\\/61sRMqGImtL._AC_SL1500_.jpg\",\"datePublished\":\"2026-02-27T12:38:24+00:00\",\"dateModified\":\"2026-02-27T12:38:43+00:00\",\"description\":\"Entdecken Sie smarte Roboter f\u00fcr Zuhause, Garten, Bildung und Sicherheit. Vergleichen Sie Saugroboter, Rasenm\u00e4hroboter, KI-Begleitroboter und mehr bei EasyLifeRobo.\",\"breadcrumb\":{\"@id\":\"https:\\\/\\\/easyliferobo.com\\\/de\\\/product\\\/pleco-s1-poolroboter-mit-akku-leichter-poolstaubsauger-mit-zwei-antriebsmotoren-80-minuten-reinigungszeit-25-stunden-ladezeit-parkplatz-poolreiniger-fuer-pools-mit-flachem-boden\\\/#breadcrumb\"},\"inLanguage\":\"de\",\"potentialAction\":[{\"@type\":\"ReadAction\",\"target\":[\"https:\\\/\\\/easyliferobo.com\\\/de\\\/product\\\/pleco-s1-poolroboter-mit-akku-leichter-poolstaubsauger-mit-zwei-antriebsmotoren-80-minuten-reinigungszeit-25-stunden-ladezeit-parkplatz-poolreiniger-fuer-pools-mit-flachem-boden\\\/\"]}]},{\"@type\":\"ImageObject\",\"inLanguage\":\"de\",\"@id\":\"https:\\\/\\\/easyliferobo.com\\\/de\\\/product\\\/pleco-s1-poolroboter-mit-akku-leichter-poolstaubsauger-mit-zwei-antriebsmotoren-80-minuten-reinigungszeit-25-stunden-ladezeit-parkplatz-poolreiniger-fuer-pools-mit-flachem-boden\\\/#primaryimage\",\"url\":\"https:\\\/\\\/easyliferobo.com\\\/de\\\/wp-content\\\/uploads\\\/2026\\\/02\\\/61sRMqGImtL._AC_SL1500_.jpg\",\"contentUrl\":\"https:\\\/\\\/easyliferobo.com\\\/de\\\/wp-content\\\/uploads\\\/2026\\\/02\\\/61sRMqGImtL._AC_SL1500_.jpg\",\"width\":1500,\"height\":1354},{\"@type\":\"BreadcrumbList\",\"@id\":\"https:\\\/\\\/easyliferobo.com\\\/de\\\/product\\\/pleco-s1-poolroboter-mit-akku-leichter-poolstaubsauger-mit-zwei-antriebsmotoren-80-minuten-reinigungszeit-25-stunden-ladezeit-parkplatz-poolreiniger-fuer-pools-mit-flachem-boden\\\/#breadcrumb\",\"itemListElement\":[{\"@type\":\"ListItem\",\"position\":1,\"name\":\"Home\",\"item\":\"https:\\\/\\\/easyliferobo.com\\\/de\\\/\"},{\"@type\":\"ListItem\",\"position\":2,\"name\":\"Shop\",\"item\":\"https:\\\/\\\/easyliferobo.com\\\/de\\\/shop\\\/\"},{\"@type\":\"ListItem\",\"position\":3,\"name\":\"Pleco S1 Poolroboter mit Akku, leic...\"}]},{\"@type\":\"WebSite\",\"@id\":\"https:\\\/\\\/easyliferobo.com\\\/de\\\/#website\",\"url\":\"https:\\\/\\\/easyliferobo.com\\\/de\\\/\",\"name\":\"EasyLifeBro\",\"description\":\"Smarte Roboter f\u00fcr Zuhause, Garten &amp; Bildung\",\"publisher\":{\"@id\":\"https:\\\/\\\/easyliferobo.com\\\/de\\\/#organization\"},\"potentialAction\":[{\"@type\":\"SearchAction\",\"target\":{\"@type\":\"EntryPoint\",\"urlTemplate\":\"https:\\\/\\\/easyliferobo.com\\\/de\\\/?s={search_term_string}\"},\"query-input\":{\"@type\":\"PropertyValueSpecification\",\"valueRequired\":true,\"valueName\":\"search_term_string\"}}],\"inLanguage\":\"de\"},{\"@type\":\"Organization\",\"@id\":\"https:\\\/\\\/easyliferobo.com\\\/de\\\/#organization\",\"name\":\"EasyLifeBro\",\"url\":\"https:\\\/\\\/easyliferobo.com\\\/de\\\/\",\"logo\":{\"@type\":\"ImageObject\",\"inLanguage\":\"de\",\"@id\":\"https:\\\/\\\/easyliferobo.com\\\/de\\\/#\\\/schema\\\/logo\\\/image\\\/\",\"url\":\"https:\\\/\\\/easyliferobo.com\\\/de\\\/wp-content\\\/uploads\\\/2026\\\/02\\\/Screenshot-2026-02-22-at-2.25.03-PM.png\",\"contentUrl\":\"https:\\\/\\\/easyliferobo.com\\\/de\\\/wp-content\\\/uploads\\\/2026\\\/02\\\/Screenshot-2026-02-22-at-2.25.03-PM.png\",\"width\":1858,\"height\":430,\"caption\":\"EasyLifeBro\"},\"image\":{\"@id\":\"https:\\\/\\\/easyliferobo.com\\\/de\\\/#\\\/schema\\\/logo\\\/image\\\/\"}}]}<\/script>\n<!-- \/ Yoast SEO plugin. -->","yoast_head_json":{"title":"Pleco S1 Poolroboter mit Akku, leichter Poolstaubsauger mit zwei Antriebsmotoren, 80 Minuten Reinigungszeit, 2,5 Stunden Ladezeit, Parkplatz-Poolreiniger f\u00fcr Pools mit flachem Boden - EasyLifeBro","description":"Entdecken Sie smarte Roboter f\u00fcr Zuhause, Garten, Bildung und Sicherheit. Vergleichen Sie Saugroboter, Rasenm\u00e4hroboter, KI-Begleitroboter und mehr bei EasyLifeRobo.","robots":{"index":"index","follow":"follow","max-snippet":"max-snippet:-1","max-image-preview":"max-image-preview:large","max-video-preview":"max-video-preview:-1"},"canonical":"https:\/\/easyliferobo.com\/de\/product\/pleco-s1-poolroboter-mit-akku-leichter-poolstaubsauger-mit-zwei-antriebsmotoren-80-minuten-reinigungszeit-25-stunden-ladezeit-parkplatz-poolreiniger-fuer-pools-mit-flachem-boden\/","og_locale":"de_DE","og_type":"article","og_title":"Pleco S1 Poolroboter mit Akku, leichter Poolstaubsauger mit zwei Antriebsmotoren, 80 Minuten Reinigungszeit, 2,5 Stunden Ladezeit, Parkplatz-Poolreiniger f\u00fcr Pools mit flachem Boden - EasyLifeBro","og_description":"Entdecken Sie smarte Roboter f\u00fcr Zuhause, Garten, Bildung und Sicherheit. Vergleichen Sie Saugroboter, Rasenm\u00e4hroboter, KI-Begleitroboter und mehr bei EasyLifeRobo.","og_url":"https:\/\/easyliferobo.com\/de\/product\/pleco-s1-poolroboter-mit-akku-leichter-poolstaubsauger-mit-zwei-antriebsmotoren-80-minuten-reinigungszeit-25-stunden-ladezeit-parkplatz-poolreiniger-fuer-pools-mit-flachem-boden\/","og_site_name":"EasyLifeBro","article_modified_time":"2026-02-27T12:38:43+00:00","og_image":[{"url":"https:\/\/images-na.ssl-images-amazon.com\/images\/G\/01\/x-locale\/common\/grey-pixel.gif","type":"","width":"","height":""}],"twitter_card":"summary_large_image","twitter_misc":{"Gesch\u00e4tzte Lesezeit":"1\u00a0Minute"},"schema":{"@context":"https:\/\/schema.org","@graph":[{"@type":"WebPage","@id":"https:\/\/easyliferobo.com\/de\/product\/pleco-s1-poolroboter-mit-akku-leichter-poolstaubsauger-mit-zwei-antriebsmotoren-80-minuten-reinigungszeit-25-stunden-ladezeit-parkplatz-poolreiniger-fuer-pools-mit-flachem-boden\/","url":"https:\/\/easyliferobo.com\/de\/product\/pleco-s1-poolroboter-mit-akku-leichter-poolstaubsauger-mit-zwei-antriebsmotoren-80-minuten-reinigungszeit-25-stunden-ladezeit-parkplatz-poolreiniger-fuer-pools-mit-flachem-boden\/","name":"Pleco S1 Poolroboter mit Akku, leichter Poolstaubsauger mit zwei Antriebsmotoren, 80 Minuten Reinigungszeit, 2,5 Stunden Ladezeit, Parkplatz-Poolreiniger f\u00fcr Pools mit flachem Boden - EasyLifeBro","isPartOf":{"@id":"https:\/\/easyliferobo.com\/de\/#website"},"primaryImageOfPage":{"@id":"https:\/\/easyliferobo.com\/de\/product\/pleco-s1-poolroboter-mit-akku-leichter-poolstaubsauger-mit-zwei-antriebsmotoren-80-minuten-reinigungszeit-25-stunden-ladezeit-parkplatz-poolreiniger-fuer-pools-mit-flachem-boden\/#primaryimage"},"image":{"@id":"https:\/\/easyliferobo.com\/de\/product\/pleco-s1-poolroboter-mit-akku-leichter-poolstaubsauger-mit-zwei-antriebsmotoren-80-minuten-reinigungszeit-25-stunden-ladezeit-parkplatz-poolreiniger-fuer-pools-mit-flachem-boden\/#primaryimage"},"thumbnailUrl":"https:\/\/easyliferobo.com\/de\/wp-content\/uploads\/2026\/02\/61sRMqGImtL._AC_SL1500_.jpg","datePublished":"2026-02-27T12:38:24+00:00","dateModified":"2026-02-27T12:38:43+00:00","description":"Entdecken Sie smarte Roboter f\u00fcr Zuhause, Garten, Bildung und Sicherheit. Vergleichen Sie Saugroboter, Rasenm\u00e4hroboter, KI-Begleitroboter und mehr bei EasyLifeRobo.","breadcrumb":{"@id":"https:\/\/easyliferobo.com\/de\/product\/pleco-s1-poolroboter-mit-akku-leichter-poolstaubsauger-mit-zwei-antriebsmotoren-80-minuten-reinigungszeit-25-stunden-ladezeit-parkplatz-poolreiniger-fuer-pools-mit-flachem-boden\/#breadcrumb"},"inLanguage":"de","potentialAction":[{"@type":"ReadAction","target":["https:\/\/easyliferobo.com\/de\/product\/pleco-s1-poolroboter-mit-akku-leichter-poolstaubsauger-mit-zwei-antriebsmotoren-80-minuten-reinigungszeit-25-stunden-ladezeit-parkplatz-poolreiniger-fuer-pools-mit-flachem-boden\/"]}]},{"@type":"ImageObject","inLanguage":"de","@id":"https:\/\/easyliferobo.com\/de\/product\/pleco-s1-poolroboter-mit-akku-leichter-poolstaubsauger-mit-zwei-antriebsmotoren-80-minuten-reinigungszeit-25-stunden-ladezeit-parkplatz-poolreiniger-fuer-pools-mit-flachem-boden\/#primaryimage","url":"https:\/\/easyliferobo.com\/de\/wp-content\/uploads\/2026\/02\/61sRMqGImtL._AC_SL1500_.jpg","contentUrl":"https:\/\/easyliferobo.com\/de\/wp-content\/uploads\/2026\/02\/61sRMqGImtL._AC_SL1500_.jpg","width":1500,"height":1354},{"@type":"BreadcrumbList","@id":"https:\/\/easyliferobo.com\/de\/product\/pleco-s1-poolroboter-mit-akku-leichter-poolstaubsauger-mit-zwei-antriebsmotoren-80-minuten-reinigungszeit-25-stunden-ladezeit-parkplatz-poolreiniger-fuer-pools-mit-flachem-boden\/#breadcrumb","itemListElement":[{"@type":"ListItem","position":1,"name":"Home","item":"https:\/\/easyliferobo.com\/de\/"},{"@type":"ListItem","position":2,"name":"Shop","item":"https:\/\/easyliferobo.com\/de\/shop\/"},{"@type":"ListItem","position":3,"name":"Pleco S1 Poolroboter mit Akku, leic..."}]},{"@type":"WebSite","@id":"https:\/\/easyliferobo.com\/de\/#website","url":"https:\/\/easyliferobo.com\/de\/","name":"EasyLifeBro","description":"Smarte Roboter f\u00fcr Zuhause, Garten &amp; Bildung","publisher":{"@id":"https:\/\/easyliferobo.com\/de\/#organization"},"potentialAction":[{"@type":"SearchAction","target":{"@type":"EntryPoint","urlTemplate":"https:\/\/easyliferobo.com\/de\/?s={search_term_string}"},"query-input":{"@type":"PropertyValueSpecification","valueRequired":true,"valueName":"search_term_string"}}],"inLanguage":"de"},{"@type":"Organization","@id":"https:\/\/easyliferobo.com\/de\/#organization","name":"EasyLifeBro","url":"https:\/\/easyliferobo.com\/de\/","logo":{"@type":"ImageObject","inLanguage":"de","@id":"https:\/\/easyliferobo.com\/de\/#\/schema\/logo\/image\/","url":"https:\/\/easyliferobo.com\/de\/wp-content\/uploads\/2026\/02\/Screenshot-2026-02-22-at-2.25.03-PM.png","contentUrl":"https:\/\/easyliferobo.com\/de\/wp-content\/uploads\/2026\/02\/Screenshot-2026-02-22-at-2.25.03-PM.png","width":1858,"height":430,"caption":"EasyLifeBro"},"image":{"@id":"https:\/\/easyliferobo.com\/de\/#\/schema\/logo\/image\/"}}]}},"_links":{"self":[{"href":"https:\/\/easyliferobo.com\/de\/wp-json\/wp\/v2\/product\/4354","targetHints":{"allow":["GET"]}}],"collection":[{"href":"https:\/\/easyliferobo.com\/de\/wp-json\/wp\/v2\/product"}],"about":[{"href":"https:\/\/easyliferobo.com\/de\/wp-json\/wp\/v2\/types\/product"}],"replies":[{"embeddable":true,"href":"https:\/\/easyliferobo.com\/de\/wp-json\/wp\/v2\/comments?post=4354"}],"wp:featuredmedia":[{"embeddable":true,"href":"https:\/\/easyliferobo.com\/de\/wp-json\/wp\/v2\/media\/4355"}],"wp:attachment":[{"href":"https:\/\/easyliferobo.com\/de\/wp-json\/wp\/v2\/media?parent=4354"}],"wp:term":[{"taxonomy":"store","embeddable":true,"href":"https:\/\/easyliferobo.com\/de\/wp-json\/wp\/v2\/store?post=4354"},{"taxonomy":"product_brand","embeddable":true,"href":"https:\/\/easyliferobo.com\/de\/wp-json\/wp\/v2\/product_brand?post=4354"},{"taxonomy":"product_cat","embeddable":true,"href":"https:\/\/easyliferobo.com\/de\/wp-json\/wp\/v2\/product_cat?post=4354"},{"taxonomy":"product_tag","embeddable":true,"href":"https:\/\/easyliferobo.com\/de\/wp-json\/wp\/v2\/product_tag?post=4354"}],"curies":[{"name":"wp","href":"https:\/\/api.w.org\/{rel}","templated":true}]}}