
{"id":4345,"date":"2026-02-27T12:34:15","date_gmt":"2026-02-27T12:34:15","guid":{"rendered":"https:\/\/easyliferobo.com\/de\/product\/roborock-q7-l5-saugroboter-mit-wischfunktion-automatischer-staubentleerung-dual-anti-tangle-system-8-000-pa-saugleistung-lidar-navigation-wischroboter-fuer-teppich-tierhaare-app-steuerung\/"},"modified":"2026-02-27T12:34:32","modified_gmt":"2026-02-27T12:34:32","slug":"roborock-q7-l5-saugroboter-mit-wischfunktion-automatischer-staubentleerung-dual-anti-tangle-system-8-000-pa-saugleistung-lidar-navigation-wischroboter-fuer-teppich-tierhaare-app-steuerung","status":"publish","type":"product","link":"https:\/\/easyliferobo.com\/de\/product\/roborock-q7-l5-saugroboter-mit-wischfunktion-automatischer-staubentleerung-dual-anti-tangle-system-8-000-pa-saugleistung-lidar-navigation-wischroboter-fuer-teppich-tierhaare-app-steuerung\/","title":{"rendered":"roborock Q7 L5+ Saugroboter mit Wis..."},"content":{"rendered":"<p>\n                                             Von der Marke   <\/p>\n<p>                                              <img decoding=\"async\" alt=\"\" src=\"https:\/\/images-na.ssl-images-amazon.com\/images\/G\/01\/x-locale\/common\/grey-pixel.gif\" class=\"a-lazy-loaded\" data-src=\"https:\/\/m.media-amazon.com\/images\/S\/aplus-media-library-service-media\/eef8d969-7c20-4610-bff6-6a91bc683c3e.__CR0,0,1464,625_PT0_SX1464_V1___.jpg\"><img decoding=\"async\" alt=\"\" src=\"https:\/\/m.media-amazon.com\/images\/S\/aplus-media-library-service-media\/eef8d969-7c20-4610-bff6-6a91bc683c3e.__CR0,0,1464,625_PT0_SX1464_V1___.jpg\">  <\/p>\n<p>                                              <img decoding=\"async\" alt=\"\" src=\"https:\/\/images-na.ssl-images-amazon.com\/images\/G\/01\/x-locale\/common\/grey-pixel.gif\" class=\"a-lazy-loaded\" data-src=\"https:\/\/m.media-amazon.com\/images\/S\/aplus-media-library-service-media\/89823498-7fb0-4262-a2a6-7c3b9690c63d.__CR0,0,315,145_PT0_SX315_V1___.jpg\"><img decoding=\"async\" alt=\"\" src=\"https:\/\/m.media-amazon.com\/images\/S\/aplus-media-library-service-media\/89823498-7fb0-4262-a2a6-7c3b9690c63d.__CR0,0,315,145_PT0_SX315_V1___.jpg\">  <\/p>\n<p>  Roborock ist auf die Forschung, Entwicklung und Produktion von Smart-Home-Robotern spezialisiert <\/p>\n<p>  Die Produkte von Roborock arbeiten so effizient, dass Menschen mehr Zeit f\u00fcr Dinge haben, die ihnen wichtig sind, und weniger Zeit mit Hausarbeit verbringen m\u00fcssen. Mit seinen intelligenten Robotern und Akkustaubsaugern bietet das Unternehmen vielf\u00e4ltige Produkte an und m\u00f6chte zu einem komfortableren und entspannteren Lebensstil der Menschen beitragen <\/p>\n<p>                                              <img decoding=\"async\" alt=\"Eine Grafik, die die Anzahl der Menschen auf der Welt zeigt.\" src=\"https:\/\/images-na.ssl-images-amazon.com\/images\/G\/01\/x-locale\/common\/grey-pixel.gif\" class=\"a-lazy-loaded\" data-src=\"https:\/\/m.media-amazon.com\/images\/S\/aplus-media-library-service-media\/e547801e-ddec-445d-8c47-4428d140d106.__CR0,0,362,453_PT0_SX362_V1___.jpg\"><img decoding=\"async\" alt=\"Eine Grafik, die die Anzahl der Menschen auf der Welt zeigt.\" src=\"https:\/\/m.media-amazon.com\/images\/S\/aplus-media-library-service-media\/e547801e-ddec-445d-8c47-4428d140d106.__CR0,0,362,453_PT0_SX362_V1___.jpg\">  <\/p>\n<p>                                              <img decoding=\"async\" alt=\"Roborock-Roboterstaubsauger\" src=\"https:\/\/images-na.ssl-images-amazon.com\/images\/G\/01\/x-locale\/common\/grey-pixel.gif\" class=\"a-lazy-loaded\" data-src=\"https:\/\/m.media-amazon.com\/images\/S\/aplus-media-library-service-media\/a6772a21-24e2-4f2c-a405-2f606f0d0f23.__CR0,0,362,453_PT0_SX362_V1___.jpg\"><img decoding=\"async\" alt=\"Roborock-Roboterstaubsauger\" src=\"https:\/\/m.media-amazon.com\/images\/S\/aplus-media-library-service-media\/a6772a21-24e2-4f2c-a405-2f606f0d0f23.__CR0,0,362,453_PT0_SX362_V1___.jpg\">  <\/p>\n<h3>  Roborock-Roboterstaubsauger <\/h3>\n<h3>  Roborock-Roboterstaubsauger <\/h3>\n<h3>  Roborock Nass- und Trockensauger <\/h3>\n<p>7 Wochen ohne manuellen Eingriff: Genie\u00dfen Sie eine sorgenfreie Reinigung mit der selbstentleerenden Dockingstation und einem gro\u00dfen 2,7-Liter-Staubbeutel \u2013 der bis zu 7 Wochen lang nicht geleert werden muss. Ideal f\u00fcr vielbesch\u00e4ftigte Familien und Haustierbesitzer. Dar\u00fcber hinaus hilft Ihnen intelligentes Laden au\u00dferhalb der Spitzenzeiten, Energie zu sparen und h\u00e4lt Ihren Roboter immer einsatzbereit.<br \/>Leistungsstarke Saugleistung von 8.000 Pa f\u00fcr eine gr\u00fcndliche Reinigung: Mit der branchenf\u00fchrenden HyperForce-Saugleistung von 8.000 Pa entfernt dieser Roboterstaubsauger m\u00fchelos Schmutz, R\u00fcckst\u00e4nde und Tierhaare von Teppichen und Hartb\u00f6den. Die intelligente Ausrichtung des Weges verbessert die Fugenreinigung und reduziert gleichzeitig den durch die Reibung der B\u00fcrste verursachten L\u00e4rm.<br \/>Staubsaugen und Wischen 2-in-1: F\u00fcr eine noch gr\u00fcndlichere Reinigung k\u00f6nnen Sie gleichzeitig saugen und wischen. W\u00e4hlen Sie aus 3 Wasserdurchflussstufen f\u00fcr unterschiedliche Bodentypen. Reinigt kontinuierlich bis zu 150 Minuten und deckt bis zu 220 \u33a1 beim Wischen und 170 \u33a1 beim Staubsaugen ab.<br \/>Pr\u00e4zise LiDAR-Navigation: 360\u00b0-LiDAR-Scannen kartiert Ihr Zuhause schnell und genau \u2013 bis zu 6x schneller als Standardmethoden. Speichert bis zu dreistufige Karten f\u00fcr eine effiziente mehrstufige Reinigung und optimale Wegplanung.<br \/>\u00dcberwindet m\u00fchelos Schwellen bis zu 2 cm: \u00dcberwindet m\u00fchelos \u00dcberg\u00e4nge zwischen R\u00e4umen und \u00fcberwindet problemlos T\u00fcrschwellen, Teppiche und andere Hindernisse mit einer H\u00f6he von bis zu 2 cm.<br \/>Intelligente Steuerung per App und Sprache: Passen Sie Ihre Reinigung mit der Roborock-App individuell an \u2013 Sie k\u00f6nnen sie planen, Sperrzonen einrichten und mehr. Funktioniert mit Alexa und Google Home f\u00fcr Sprachbefehle ohne manuellen Eingriff.<br \/>Hinweis: F\u00fcr die App-Verbindung ist 2,4-GHz-WLAN erforderlich.<\/p>\n<p>[ad_2]<\/p>\n","protected":false},"excerpt":{"rendered":"<p>Von der Marke Roborock ist auf die Forschung, Entwicklung und Produktion von Smart-Home-Robotern spezialisiert Die Produkte von Roborock arbeiten so effizient, dass Menschen mehr Zeit f\u00fcr Dinge haben, die ihnen wichtig sind, und weniger Zeit mit Hausarbeit verbringen m\u00fcssen. Mit seinen intelligenten Robotern und Akkustaubsaugern bietet das Unternehmen vielf\u00e4ltige Produkte an und m\u00f6chte zu einem [&hellip;]<\/p>\n","protected":false},"featured_media":4346,"comment_status":"open","ping_status":"closed","template":"","meta":{"_aipt_faq_data":""},"store":[],"product_brand":[40],"product_cat":[76],"product_tag":[145],"class_list":{"0":"post-4345","1":"product","2":"type-product","3":"status-publish","4":"has-post-thumbnail","6":"product_brand-roborock","7":"product_cat-staubsauger-roboter-mit-wischfunktion","8":"product_tag-staubsauger-roboter-mit-wischfunktion-leise","10":"first","11":"instock","12":"shipping-taxable","13":"product-type-external"},"yoast_head":"<!-- This site is optimized with the Yoast SEO plugin v27.0 - https:\/\/yoast.com\/product\/yoast-seo-wordpress\/ -->\n<title>roborock Q7 L5+ Saugroboter mit Wischfunktion, automatischer Staubentleerung, Dual-Anti-Tangle-System, 8.000 Pa Saugleistung, LiDAR-Navigation, Wischroboter f\u00fcr Teppich, Tierhaare, App-Steuerung - EasyLifeBro<\/title>\n<meta name=\"description\" content=\"Entdecken Sie smarte Roboter f\u00fcr Zuhause, Garten, Bildung und Sicherheit. Vergleichen Sie Saugroboter, Rasenm\u00e4hroboter, KI-Begleitroboter und mehr bei EasyLifeRobo.\" \/>\n<meta name=\"robots\" content=\"index, follow, max-snippet:-1, max-image-preview:large, max-video-preview:-1\" \/>\n<link rel=\"canonical\" href=\"https:\/\/easyliferobo.com\/de\/product\/roborock-q7-l5-saugroboter-mit-wischfunktion-automatischer-staubentleerung-dual-anti-tangle-system-8-000-pa-saugleistung-lidar-navigation-wischroboter-fuer-teppich-tierhaare-app-steuerung\/\" \/>\n<meta property=\"og:locale\" content=\"de_DE\" \/>\n<meta property=\"og:type\" content=\"article\" \/>\n<meta property=\"og:title\" content=\"roborock Q7 L5+ Saugroboter mit Wischfunktion, automatischer Staubentleerung, Dual-Anti-Tangle-System, 8.000 Pa Saugleistung, LiDAR-Navigation, Wischroboter f\u00fcr Teppich, Tierhaare, App-Steuerung - EasyLifeBro\" \/>\n<meta property=\"og:description\" content=\"Entdecken Sie smarte Roboter f\u00fcr Zuhause, Garten, Bildung und Sicherheit. Vergleichen Sie Saugroboter, Rasenm\u00e4hroboter, KI-Begleitroboter und mehr bei EasyLifeRobo.\" \/>\n<meta property=\"og:url\" content=\"https:\/\/easyliferobo.com\/de\/product\/roborock-q7-l5-saugroboter-mit-wischfunktion-automatischer-staubentleerung-dual-anti-tangle-system-8-000-pa-saugleistung-lidar-navigation-wischroboter-fuer-teppich-tierhaare-app-steuerung\/\" \/>\n<meta property=\"og:site_name\" content=\"EasyLifeBro\" \/>\n<meta property=\"article:modified_time\" content=\"2026-02-27T12:34:32+00:00\" \/>\n<meta property=\"og:image\" content=\"https:\/\/images-na.ssl-images-amazon.com\/images\/G\/01\/x-locale\/common\/grey-pixel.gif\" \/>\n<meta name=\"twitter:card\" content=\"summary_large_image\" \/>\n<meta name=\"twitter:label1\" content=\"Gesch\u00e4tzte Lesezeit\" \/>\n\t<meta name=\"twitter:data1\" content=\"2\u00a0Minuten\" \/>\n<script type=\"application\/ld+json\" class=\"yoast-schema-graph\">{\"@context\":\"https:\/\/schema.org\",\"@graph\":[{\"@type\":\"WebPage\",\"@id\":\"https:\/\/easyliferobo.com\/de\/product\/roborock-q7-l5-saugroboter-mit-wischfunktion-automatischer-staubentleerung-dual-anti-tangle-system-8-000-pa-saugleistung-lidar-navigation-wischroboter-fuer-teppich-tierhaare-app-steuerung\/\",\"url\":\"https:\/\/easyliferobo.com\/de\/product\/roborock-q7-l5-saugroboter-mit-wischfunktion-automatischer-staubentleerung-dual-anti-tangle-system-8-000-pa-saugleistung-lidar-navigation-wischroboter-fuer-teppich-tierhaare-app-steuerung\/\",\"name\":\"roborock Q7 L5+ Saugroboter mit Wischfunktion, automatischer Staubentleerung, Dual-Anti-Tangle-System, 8.000 Pa Saugleistung, LiDAR-Navigation, Wischroboter f\u00fcr Teppich, Tierhaare, App-Steuerung - EasyLifeBro\",\"isPartOf\":{\"@id\":\"https:\/\/easyliferobo.com\/de\/#website\"},\"primaryImageOfPage\":{\"@id\":\"https:\/\/easyliferobo.com\/de\/product\/roborock-q7-l5-saugroboter-mit-wischfunktion-automatischer-staubentleerung-dual-anti-tangle-system-8-000-pa-saugleistung-lidar-navigation-wischroboter-fuer-teppich-tierhaare-app-steuerung\/#primaryimage\"},\"image\":{\"@id\":\"https:\/\/easyliferobo.com\/de\/product\/roborock-q7-l5-saugroboter-mit-wischfunktion-automatischer-staubentleerung-dual-anti-tangle-system-8-000-pa-saugleistung-lidar-navigation-wischroboter-fuer-teppich-tierhaare-app-steuerung\/#primaryimage\"},\"thumbnailUrl\":\"https:\/\/easyliferobo.com\/de\/wp-content\/uploads\/2026\/02\/518ZZDibQUL._AC_SL1500_.jpg\",\"datePublished\":\"2026-02-27T12:34:15+00:00\",\"dateModified\":\"2026-02-27T12:34:32+00:00\",\"description\":\"Entdecken Sie smarte Roboter f\u00fcr Zuhause, Garten, Bildung und Sicherheit. Vergleichen Sie Saugroboter, Rasenm\u00e4hroboter, KI-Begleitroboter und mehr bei EasyLifeRobo.\",\"breadcrumb\":{\"@id\":\"https:\/\/easyliferobo.com\/de\/product\/roborock-q7-l5-saugroboter-mit-wischfunktion-automatischer-staubentleerung-dual-anti-tangle-system-8-000-pa-saugleistung-lidar-navigation-wischroboter-fuer-teppich-tierhaare-app-steuerung\/#breadcrumb\"},\"inLanguage\":\"de\",\"potentialAction\":[{\"@type\":\"ReadAction\",\"target\":[\"https:\/\/easyliferobo.com\/de\/product\/roborock-q7-l5-saugroboter-mit-wischfunktion-automatischer-staubentleerung-dual-anti-tangle-system-8-000-pa-saugleistung-lidar-navigation-wischroboter-fuer-teppich-tierhaare-app-steuerung\/\"]}]},{\"@type\":\"ImageObject\",\"inLanguage\":\"de\",\"@id\":\"https:\/\/easyliferobo.com\/de\/product\/roborock-q7-l5-saugroboter-mit-wischfunktion-automatischer-staubentleerung-dual-anti-tangle-system-8-000-pa-saugleistung-lidar-navigation-wischroboter-fuer-teppich-tierhaare-app-steuerung\/#primaryimage\",\"url\":\"https:\/\/easyliferobo.com\/de\/wp-content\/uploads\/2026\/02\/518ZZDibQUL._AC_SL1500_.jpg\",\"contentUrl\":\"https:\/\/easyliferobo.com\/de\/wp-content\/uploads\/2026\/02\/518ZZDibQUL._AC_SL1500_.jpg\",\"width\":1415,\"height\":1172},{\"@type\":\"BreadcrumbList\",\"@id\":\"https:\/\/easyliferobo.com\/de\/product\/roborock-q7-l5-saugroboter-mit-wischfunktion-automatischer-staubentleerung-dual-anti-tangle-system-8-000-pa-saugleistung-lidar-navigation-wischroboter-fuer-teppich-tierhaare-app-steuerung\/#breadcrumb\",\"itemListElement\":[{\"@type\":\"ListItem\",\"position\":1,\"name\":\"Home\",\"item\":\"https:\/\/easyliferobo.com\/de\/\"},{\"@type\":\"ListItem\",\"position\":2,\"name\":\"Shop\",\"item\":\"https:\/\/easyliferobo.com\/de\/shop\/\"},{\"@type\":\"ListItem\",\"position\":3,\"name\":\"roborock Q7 L5+ Saugroboter mit Wis...\"}]},{\"@type\":\"WebSite\",\"@id\":\"https:\/\/easyliferobo.com\/de\/#website\",\"url\":\"https:\/\/easyliferobo.com\/de\/\",\"name\":\"EasyLifeBro\",\"description\":\"Smarte Roboter f\u00fcr Zuhause, Garten &amp; Bildung\",\"publisher\":{\"@id\":\"https:\/\/easyliferobo.com\/de\/#organization\"},\"potentialAction\":[{\"@type\":\"SearchAction\",\"target\":{\"@type\":\"EntryPoint\",\"urlTemplate\":\"https:\/\/easyliferobo.com\/de\/?s={search_term_string}\"},\"query-input\":{\"@type\":\"PropertyValueSpecification\",\"valueRequired\":true,\"valueName\":\"search_term_string\"}}],\"inLanguage\":\"de\"},{\"@type\":\"Organization\",\"@id\":\"https:\/\/easyliferobo.com\/de\/#organization\",\"name\":\"EasyLifeBro\",\"url\":\"https:\/\/easyliferobo.com\/de\/\",\"logo\":{\"@type\":\"ImageObject\",\"inLanguage\":\"de\",\"@id\":\"https:\/\/easyliferobo.com\/de\/#\/schema\/logo\/image\/\",\"url\":\"https:\/\/easyliferobo.com\/de\/wp-content\/uploads\/2026\/02\/Screenshot-2026-02-22-at-2.25.03-PM.png\",\"contentUrl\":\"https:\/\/easyliferobo.com\/de\/wp-content\/uploads\/2026\/02\/Screenshot-2026-02-22-at-2.25.03-PM.png\",\"width\":1858,\"height\":430,\"caption\":\"EasyLifeBro\"},\"image\":{\"@id\":\"https:\/\/easyliferobo.com\/de\/#\/schema\/logo\/image\/\"}}]}<\/script>\n<!-- \/ Yoast SEO plugin. -->","yoast_head_json":{"title":"roborock Q7 L5+ Saugroboter mit Wischfunktion, automatischer Staubentleerung, Dual-Anti-Tangle-System, 8.000 Pa Saugleistung, LiDAR-Navigation, Wischroboter f\u00fcr Teppich, Tierhaare, App-Steuerung - EasyLifeBro","description":"Entdecken Sie smarte Roboter f\u00fcr Zuhause, Garten, Bildung und Sicherheit. Vergleichen Sie Saugroboter, Rasenm\u00e4hroboter, KI-Begleitroboter und mehr bei EasyLifeRobo.","robots":{"index":"index","follow":"follow","max-snippet":"max-snippet:-1","max-image-preview":"max-image-preview:large","max-video-preview":"max-video-preview:-1"},"canonical":"https:\/\/easyliferobo.com\/de\/product\/roborock-q7-l5-saugroboter-mit-wischfunktion-automatischer-staubentleerung-dual-anti-tangle-system-8-000-pa-saugleistung-lidar-navigation-wischroboter-fuer-teppich-tierhaare-app-steuerung\/","og_locale":"de_DE","og_type":"article","og_title":"roborock Q7 L5+ Saugroboter mit Wischfunktion, automatischer Staubentleerung, Dual-Anti-Tangle-System, 8.000 Pa Saugleistung, LiDAR-Navigation, Wischroboter f\u00fcr Teppich, Tierhaare, App-Steuerung - EasyLifeBro","og_description":"Entdecken Sie smarte Roboter f\u00fcr Zuhause, Garten, Bildung und Sicherheit. Vergleichen Sie Saugroboter, Rasenm\u00e4hroboter, KI-Begleitroboter und mehr bei EasyLifeRobo.","og_url":"https:\/\/easyliferobo.com\/de\/product\/roborock-q7-l5-saugroboter-mit-wischfunktion-automatischer-staubentleerung-dual-anti-tangle-system-8-000-pa-saugleistung-lidar-navigation-wischroboter-fuer-teppich-tierhaare-app-steuerung\/","og_site_name":"EasyLifeBro","article_modified_time":"2026-02-27T12:34:32+00:00","og_image":[{"url":"https:\/\/images-na.ssl-images-amazon.com\/images\/G\/01\/x-locale\/common\/grey-pixel.gif","type":"","width":"","height":""}],"twitter_card":"summary_large_image","twitter_misc":{"Gesch\u00e4tzte Lesezeit":"2\u00a0Minuten"},"schema":{"@context":"https:\/\/schema.org","@graph":[{"@type":"WebPage","@id":"https:\/\/easyliferobo.com\/de\/product\/roborock-q7-l5-saugroboter-mit-wischfunktion-automatischer-staubentleerung-dual-anti-tangle-system-8-000-pa-saugleistung-lidar-navigation-wischroboter-fuer-teppich-tierhaare-app-steuerung\/","url":"https:\/\/easyliferobo.com\/de\/product\/roborock-q7-l5-saugroboter-mit-wischfunktion-automatischer-staubentleerung-dual-anti-tangle-system-8-000-pa-saugleistung-lidar-navigation-wischroboter-fuer-teppich-tierhaare-app-steuerung\/","name":"roborock Q7 L5+ Saugroboter mit Wischfunktion, automatischer Staubentleerung, Dual-Anti-Tangle-System, 8.000 Pa Saugleistung, LiDAR-Navigation, Wischroboter f\u00fcr Teppich, Tierhaare, App-Steuerung - EasyLifeBro","isPartOf":{"@id":"https:\/\/easyliferobo.com\/de\/#website"},"primaryImageOfPage":{"@id":"https:\/\/easyliferobo.com\/de\/product\/roborock-q7-l5-saugroboter-mit-wischfunktion-automatischer-staubentleerung-dual-anti-tangle-system-8-000-pa-saugleistung-lidar-navigation-wischroboter-fuer-teppich-tierhaare-app-steuerung\/#primaryimage"},"image":{"@id":"https:\/\/easyliferobo.com\/de\/product\/roborock-q7-l5-saugroboter-mit-wischfunktion-automatischer-staubentleerung-dual-anti-tangle-system-8-000-pa-saugleistung-lidar-navigation-wischroboter-fuer-teppich-tierhaare-app-steuerung\/#primaryimage"},"thumbnailUrl":"https:\/\/easyliferobo.com\/de\/wp-content\/uploads\/2026\/02\/518ZZDibQUL._AC_SL1500_.jpg","datePublished":"2026-02-27T12:34:15+00:00","dateModified":"2026-02-27T12:34:32+00:00","description":"Entdecken Sie smarte Roboter f\u00fcr Zuhause, Garten, Bildung und Sicherheit. Vergleichen Sie Saugroboter, Rasenm\u00e4hroboter, KI-Begleitroboter und mehr bei EasyLifeRobo.","breadcrumb":{"@id":"https:\/\/easyliferobo.com\/de\/product\/roborock-q7-l5-saugroboter-mit-wischfunktion-automatischer-staubentleerung-dual-anti-tangle-system-8-000-pa-saugleistung-lidar-navigation-wischroboter-fuer-teppich-tierhaare-app-steuerung\/#breadcrumb"},"inLanguage":"de","potentialAction":[{"@type":"ReadAction","target":["https:\/\/easyliferobo.com\/de\/product\/roborock-q7-l5-saugroboter-mit-wischfunktion-automatischer-staubentleerung-dual-anti-tangle-system-8-000-pa-saugleistung-lidar-navigation-wischroboter-fuer-teppich-tierhaare-app-steuerung\/"]}]},{"@type":"ImageObject","inLanguage":"de","@id":"https:\/\/easyliferobo.com\/de\/product\/roborock-q7-l5-saugroboter-mit-wischfunktion-automatischer-staubentleerung-dual-anti-tangle-system-8-000-pa-saugleistung-lidar-navigation-wischroboter-fuer-teppich-tierhaare-app-steuerung\/#primaryimage","url":"https:\/\/easyliferobo.com\/de\/wp-content\/uploads\/2026\/02\/518ZZDibQUL._AC_SL1500_.jpg","contentUrl":"https:\/\/easyliferobo.com\/de\/wp-content\/uploads\/2026\/02\/518ZZDibQUL._AC_SL1500_.jpg","width":1415,"height":1172},{"@type":"BreadcrumbList","@id":"https:\/\/easyliferobo.com\/de\/product\/roborock-q7-l5-saugroboter-mit-wischfunktion-automatischer-staubentleerung-dual-anti-tangle-system-8-000-pa-saugleistung-lidar-navigation-wischroboter-fuer-teppich-tierhaare-app-steuerung\/#breadcrumb","itemListElement":[{"@type":"ListItem","position":1,"name":"Home","item":"https:\/\/easyliferobo.com\/de\/"},{"@type":"ListItem","position":2,"name":"Shop","item":"https:\/\/easyliferobo.com\/de\/shop\/"},{"@type":"ListItem","position":3,"name":"roborock Q7 L5+ Saugroboter mit Wis..."}]},{"@type":"WebSite","@id":"https:\/\/easyliferobo.com\/de\/#website","url":"https:\/\/easyliferobo.com\/de\/","name":"EasyLifeBro","description":"Smarte Roboter f\u00fcr Zuhause, Garten &amp; Bildung","publisher":{"@id":"https:\/\/easyliferobo.com\/de\/#organization"},"potentialAction":[{"@type":"SearchAction","target":{"@type":"EntryPoint","urlTemplate":"https:\/\/easyliferobo.com\/de\/?s={search_term_string}"},"query-input":{"@type":"PropertyValueSpecification","valueRequired":true,"valueName":"search_term_string"}}],"inLanguage":"de"},{"@type":"Organization","@id":"https:\/\/easyliferobo.com\/de\/#organization","name":"EasyLifeBro","url":"https:\/\/easyliferobo.com\/de\/","logo":{"@type":"ImageObject","inLanguage":"de","@id":"https:\/\/easyliferobo.com\/de\/#\/schema\/logo\/image\/","url":"https:\/\/easyliferobo.com\/de\/wp-content\/uploads\/2026\/02\/Screenshot-2026-02-22-at-2.25.03-PM.png","contentUrl":"https:\/\/easyliferobo.com\/de\/wp-content\/uploads\/2026\/02\/Screenshot-2026-02-22-at-2.25.03-PM.png","width":1858,"height":430,"caption":"EasyLifeBro"},"image":{"@id":"https:\/\/easyliferobo.com\/de\/#\/schema\/logo\/image\/"}}]}},"_links":{"self":[{"href":"https:\/\/easyliferobo.com\/de\/wp-json\/wp\/v2\/product\/4345","targetHints":{"allow":["GET"]}}],"collection":[{"href":"https:\/\/easyliferobo.com\/de\/wp-json\/wp\/v2\/product"}],"about":[{"href":"https:\/\/easyliferobo.com\/de\/wp-json\/wp\/v2\/types\/product"}],"replies":[{"embeddable":true,"href":"https:\/\/easyliferobo.com\/de\/wp-json\/wp\/v2\/comments?post=4345"}],"wp:featuredmedia":[{"embeddable":true,"href":"https:\/\/easyliferobo.com\/de\/wp-json\/wp\/v2\/media\/4346"}],"wp:attachment":[{"href":"https:\/\/easyliferobo.com\/de\/wp-json\/wp\/v2\/media?parent=4345"}],"wp:term":[{"taxonomy":"store","embeddable":true,"href":"https:\/\/easyliferobo.com\/de\/wp-json\/wp\/v2\/store?post=4345"},{"taxonomy":"product_brand","embeddable":true,"href":"https:\/\/easyliferobo.com\/de\/wp-json\/wp\/v2\/product_brand?post=4345"},{"taxonomy":"product_cat","embeddable":true,"href":"https:\/\/easyliferobo.com\/de\/wp-json\/wp\/v2\/product_cat?post=4345"},{"taxonomy":"product_tag","embeddable":true,"href":"https:\/\/easyliferobo.com\/de\/wp-json\/wp\/v2\/product_tag?post=4345"}],"curies":[{"name":"wp","href":"https:\/\/api.w.org\/{rel}","templated":true}]}}