
{"id":4336,"date":"2026-02-27T12:30:33","date_gmt":"2026-02-27T12:30:33","guid":{"rendered":"https:\/\/easyliferobo.com\/de\/product\/soccer-bot-smart-ball-indoor-trainingsroboter-solo-oder-multiplayer-fuer-kinder-ab-6-jahren-mr100\/"},"modified":"2026-02-27T12:30:48","modified_gmt":"2026-02-27T12:30:48","slug":"soccer-bot-smart-ball-indoor-trainingsroboter-solo-oder-multiplayer-fuer-kinder-ab-6-jahren-mr100","status":"publish","type":"product","link":"https:\/\/easyliferobo.com\/de\/product\/soccer-bot-smart-ball-indoor-trainingsroboter-solo-oder-multiplayer-fuer-kinder-ab-6-jahren-mr100\/","title":{"rendered":"Soccer Bot Smart Ball Indoor-Traini..."},"content":{"rendered":"<p>\n                                             Von der Marke   <\/p>\n<p>                                              <img decoding=\"async\" alt=\"Aplus-Inhaltsbild\" src=\"https:\/\/images-na.ssl-images-amazon.com\/images\/G\/01\/x-locale\/common\/grey-pixel.gif\" class=\"a-lazy-loaded\" data-src=\"https:\/\/m.media-amazon.com\/images\/S\/aplus-media-library-service-media\/336825e5-b92c-4b8e-9422-ede62b803acc.__CR0,0,1464,625_PT0_SX1464_V1___.jpg\"><img decoding=\"async\" alt=\"Aplus-Inhaltsbild\" src=\"https:\/\/m.media-amazon.com\/images\/S\/aplus-media-library-service-media\/336825e5-b92c-4b8e-9422-ede62b803acc.__CR0,0,1464,625_PT0_SX1464_V1___.jpg\">  <\/p>\n<p>                                              <img decoding=\"async\" alt=\"\" src=\"https:\/\/images-na.ssl-images-amazon.com\/images\/G\/01\/x-locale\/common\/grey-pixel.gif\" class=\"a-lazy-loaded\" data-src=\"https:\/\/m.media-amazon.com\/images\/S\/aplus-media-library-service-media\/02b02bca-e562-4287-a1ad-78c25b2d204e.__CR0,0,315,145_PT0_SX315_V1___.jpg\"><img decoding=\"async\" alt=\"\" src=\"https:\/\/m.media-amazon.com\/images\/S\/aplus-media-library-service-media\/02b02bca-e562-4287-a1ad-78c25b2d204e.__CR0,0,315,145_PT0_SX315_V1___.jpg\">  <\/p>\n<h3>  GP Games, die Welt des Spiels! <\/h3>\n<p>  Bei Giochi Preziosi glauben wir an die Kraft des Spiels, um Momente zu sammeln, die z\u00e4hlen. <\/p>\n<p>  GP Games entstand \u2013 eine Marke voller Energie, die entwickelt wurde, um mit Familie oder Freunden zum Lachen, Nachdenken und Herausfordern zu bringen. <\/p>\n<p>  Einfache, clevere und s\u00fcchtig machende Spiele \u2013 denn Spielen ist immer eine gute Idee. <\/p>\n<h3>  Entdecken Sie den Shop <\/h3>\n<p class=\"apm-brand-story-stores-link\">\n<p>Der Soccer Bot fordert Sie heraus: Er folgt dem Ball und versucht, ihn zu ber\u00fchren, um Sie zu treffen<br \/>Spielregeln Bereiten Sie Ihre Spielzone mit den 4 Chips vor und weichen Sie dem Roboter aus, indem Sie den Ball pr\u00e4zise und schnell dr\u00fccken.<br \/>3 Schwierigkeitsstufen: F\u00fcr alle Profile und zur Leistungssteigerung.<br \/>Anpassung Der Soccert Bot kann sich an verschiedene Bodenarten anpassen.<br \/>Anzahl der Spieler: 1 bis 4 Spieler. Spielen Sie alleine, um Ihre F\u00e4higkeiten zu verbessern, oder im Mehrspielermodus, um Spa\u00df mit Familie oder Freunden zu haben.<\/p>\n<p>[ad_2]<\/p>\n","protected":false},"excerpt":{"rendered":"<p>Von der Marke GP Games, die Welt des Spiels! Bei Giochi Preziosi glauben wir an die Kraft des Spiels, um Momente zu sammeln, die z\u00e4hlen. GP Games entstand \u2013 eine Marke voller Energie, die entwickelt wurde, um mit Familie oder Freunden zum Lachen, Nachdenken und Herausfordern zu bringen. Einfache, clevere und s\u00fcchtig machende Spiele \u2013 [&hellip;]<\/p>\n","protected":false},"featured_media":4337,"comment_status":"open","ping_status":"closed","template":"","meta":{"_aipt_faq_data":""},"store":[],"product_brand":[],"product_cat":[78],"product_tag":[144],"class_list":{"0":"post-4336","1":"product","2":"type-product","3":"status-publish","4":"has-post-thumbnail","6":"product_cat-programmierroboter-fuer-kinder","7":"product_tag-programmierroboter-fuer-kinder-mit-sensoren","9":"first","10":"instock","11":"sale","12":"shipping-taxable","13":"product-type-external"},"yoast_head":"<!-- This site is optimized with the Yoast SEO plugin v27.4 - https:\/\/yoast.com\/product\/yoast-seo-wordpress\/ -->\n<title>Soccer Bot Smart Ball Indoor-Trainingsroboter Solo oder Multiplayer f\u00fcr Kinder ab 6 Jahren MR100 - EasyLifeBro<\/title>\n<meta name=\"description\" content=\"Entdecken Sie smarte Roboter f\u00fcr Zuhause, Garten, Bildung und Sicherheit. Vergleichen Sie Saugroboter, Rasenm\u00e4hroboter, KI-Begleitroboter und mehr bei EasyLifeRobo.\" \/>\n<meta name=\"robots\" content=\"index, follow, max-snippet:-1, max-image-preview:large, max-video-preview:-1\" \/>\n<link rel=\"canonical\" href=\"https:\/\/easyliferobo.com\/de\/product\/soccer-bot-smart-ball-indoor-trainingsroboter-solo-oder-multiplayer-fuer-kinder-ab-6-jahren-mr100\/\" \/>\n<meta property=\"og:locale\" content=\"de_DE\" \/>\n<meta property=\"og:type\" content=\"article\" \/>\n<meta property=\"og:title\" content=\"Soccer Bot Smart Ball Indoor-Trainingsroboter Solo oder Multiplayer f\u00fcr Kinder ab 6 Jahren MR100 - EasyLifeBro\" \/>\n<meta property=\"og:description\" content=\"Entdecken Sie smarte Roboter f\u00fcr Zuhause, Garten, Bildung und Sicherheit. Vergleichen Sie Saugroboter, Rasenm\u00e4hroboter, KI-Begleitroboter und mehr bei EasyLifeRobo.\" \/>\n<meta property=\"og:url\" content=\"https:\/\/easyliferobo.com\/de\/product\/soccer-bot-smart-ball-indoor-trainingsroboter-solo-oder-multiplayer-fuer-kinder-ab-6-jahren-mr100\/\" \/>\n<meta property=\"og:site_name\" content=\"EasyLifeBro\" \/>\n<meta property=\"article:modified_time\" content=\"2026-02-27T12:30:48+00:00\" \/>\n<meta property=\"og:image\" content=\"https:\/\/images-na.ssl-images-amazon.com\/images\/G\/01\/x-locale\/common\/grey-pixel.gif\" \/>\n<meta name=\"twitter:card\" content=\"summary_large_image\" \/>\n<meta name=\"twitter:label1\" content=\"Gesch\u00e4tzte Lesezeit\" \/>\n\t<meta name=\"twitter:data1\" content=\"1\u00a0Minute\" \/>\n<script type=\"application\/ld+json\" class=\"yoast-schema-graph\">{\"@context\":\"https:\\\/\\\/schema.org\",\"@graph\":[{\"@type\":\"WebPage\",\"@id\":\"https:\\\/\\\/easyliferobo.com\\\/de\\\/product\\\/soccer-bot-smart-ball-indoor-trainingsroboter-solo-oder-multiplayer-fuer-kinder-ab-6-jahren-mr100\\\/\",\"url\":\"https:\\\/\\\/easyliferobo.com\\\/de\\\/product\\\/soccer-bot-smart-ball-indoor-trainingsroboter-solo-oder-multiplayer-fuer-kinder-ab-6-jahren-mr100\\\/\",\"name\":\"Soccer Bot Smart Ball Indoor-Trainingsroboter Solo oder Multiplayer f\u00fcr Kinder ab 6 Jahren MR100 - EasyLifeBro\",\"isPartOf\":{\"@id\":\"https:\\\/\\\/easyliferobo.com\\\/de\\\/#website\"},\"primaryImageOfPage\":{\"@id\":\"https:\\\/\\\/easyliferobo.com\\\/de\\\/product\\\/soccer-bot-smart-ball-indoor-trainingsroboter-solo-oder-multiplayer-fuer-kinder-ab-6-jahren-mr100\\\/#primaryimage\"},\"image\":{\"@id\":\"https:\\\/\\\/easyliferobo.com\\\/de\\\/product\\\/soccer-bot-smart-ball-indoor-trainingsroboter-solo-oder-multiplayer-fuer-kinder-ab-6-jahren-mr100\\\/#primaryimage\"},\"thumbnailUrl\":\"https:\\\/\\\/easyliferobo.com\\\/de\\\/wp-content\\\/uploads\\\/2026\\\/02\\\/614IsbbWcCL._AC_SL1500_.jpg\",\"datePublished\":\"2026-02-27T12:30:33+00:00\",\"dateModified\":\"2026-02-27T12:30:48+00:00\",\"description\":\"Entdecken Sie smarte Roboter f\u00fcr Zuhause, Garten, Bildung und Sicherheit. Vergleichen Sie Saugroboter, Rasenm\u00e4hroboter, KI-Begleitroboter und mehr bei EasyLifeRobo.\",\"breadcrumb\":{\"@id\":\"https:\\\/\\\/easyliferobo.com\\\/de\\\/product\\\/soccer-bot-smart-ball-indoor-trainingsroboter-solo-oder-multiplayer-fuer-kinder-ab-6-jahren-mr100\\\/#breadcrumb\"},\"inLanguage\":\"de\",\"potentialAction\":[{\"@type\":\"ReadAction\",\"target\":[\"https:\\\/\\\/easyliferobo.com\\\/de\\\/product\\\/soccer-bot-smart-ball-indoor-trainingsroboter-solo-oder-multiplayer-fuer-kinder-ab-6-jahren-mr100\\\/\"]}]},{\"@type\":\"ImageObject\",\"inLanguage\":\"de\",\"@id\":\"https:\\\/\\\/easyliferobo.com\\\/de\\\/product\\\/soccer-bot-smart-ball-indoor-trainingsroboter-solo-oder-multiplayer-fuer-kinder-ab-6-jahren-mr100\\\/#primaryimage\",\"url\":\"https:\\\/\\\/easyliferobo.com\\\/de\\\/wp-content\\\/uploads\\\/2026\\\/02\\\/614IsbbWcCL._AC_SL1500_.jpg\",\"contentUrl\":\"https:\\\/\\\/easyliferobo.com\\\/de\\\/wp-content\\\/uploads\\\/2026\\\/02\\\/614IsbbWcCL._AC_SL1500_.jpg\",\"width\":1335,\"height\":938},{\"@type\":\"BreadcrumbList\",\"@id\":\"https:\\\/\\\/easyliferobo.com\\\/de\\\/product\\\/soccer-bot-smart-ball-indoor-trainingsroboter-solo-oder-multiplayer-fuer-kinder-ab-6-jahren-mr100\\\/#breadcrumb\",\"itemListElement\":[{\"@type\":\"ListItem\",\"position\":1,\"name\":\"Home\",\"item\":\"https:\\\/\\\/easyliferobo.com\\\/de\\\/\"},{\"@type\":\"ListItem\",\"position\":2,\"name\":\"Shop\",\"item\":\"https:\\\/\\\/easyliferobo.com\\\/de\\\/shop\\\/\"},{\"@type\":\"ListItem\",\"position\":3,\"name\":\"Soccer Bot Smart Ball Indoor-Traini...\"}]},{\"@type\":\"WebSite\",\"@id\":\"https:\\\/\\\/easyliferobo.com\\\/de\\\/#website\",\"url\":\"https:\\\/\\\/easyliferobo.com\\\/de\\\/\",\"name\":\"EasyLifeBro\",\"description\":\"Smarte Roboter f\u00fcr Zuhause, Garten &amp; Bildung\",\"publisher\":{\"@id\":\"https:\\\/\\\/easyliferobo.com\\\/de\\\/#organization\"},\"potentialAction\":[{\"@type\":\"SearchAction\",\"target\":{\"@type\":\"EntryPoint\",\"urlTemplate\":\"https:\\\/\\\/easyliferobo.com\\\/de\\\/?s={search_term_string}\"},\"query-input\":{\"@type\":\"PropertyValueSpecification\",\"valueRequired\":true,\"valueName\":\"search_term_string\"}}],\"inLanguage\":\"de\"},{\"@type\":\"Organization\",\"@id\":\"https:\\\/\\\/easyliferobo.com\\\/de\\\/#organization\",\"name\":\"EasyLifeBro\",\"url\":\"https:\\\/\\\/easyliferobo.com\\\/de\\\/\",\"logo\":{\"@type\":\"ImageObject\",\"inLanguage\":\"de\",\"@id\":\"https:\\\/\\\/easyliferobo.com\\\/de\\\/#\\\/schema\\\/logo\\\/image\\\/\",\"url\":\"https:\\\/\\\/easyliferobo.com\\\/de\\\/wp-content\\\/uploads\\\/2026\\\/02\\\/Screenshot-2026-02-22-at-2.25.03-PM.png\",\"contentUrl\":\"https:\\\/\\\/easyliferobo.com\\\/de\\\/wp-content\\\/uploads\\\/2026\\\/02\\\/Screenshot-2026-02-22-at-2.25.03-PM.png\",\"width\":1858,\"height\":430,\"caption\":\"EasyLifeBro\"},\"image\":{\"@id\":\"https:\\\/\\\/easyliferobo.com\\\/de\\\/#\\\/schema\\\/logo\\\/image\\\/\"}}]}<\/script>\n<!-- \/ Yoast SEO plugin. -->","yoast_head_json":{"title":"Soccer Bot Smart Ball Indoor-Trainingsroboter Solo oder Multiplayer f\u00fcr Kinder ab 6 Jahren MR100 - EasyLifeBro","description":"Entdecken Sie smarte Roboter f\u00fcr Zuhause, Garten, Bildung und Sicherheit. Vergleichen Sie Saugroboter, Rasenm\u00e4hroboter, KI-Begleitroboter und mehr bei EasyLifeRobo.","robots":{"index":"index","follow":"follow","max-snippet":"max-snippet:-1","max-image-preview":"max-image-preview:large","max-video-preview":"max-video-preview:-1"},"canonical":"https:\/\/easyliferobo.com\/de\/product\/soccer-bot-smart-ball-indoor-trainingsroboter-solo-oder-multiplayer-fuer-kinder-ab-6-jahren-mr100\/","og_locale":"de_DE","og_type":"article","og_title":"Soccer Bot Smart Ball Indoor-Trainingsroboter Solo oder Multiplayer f\u00fcr Kinder ab 6 Jahren MR100 - EasyLifeBro","og_description":"Entdecken Sie smarte Roboter f\u00fcr Zuhause, Garten, Bildung und Sicherheit. Vergleichen Sie Saugroboter, Rasenm\u00e4hroboter, KI-Begleitroboter und mehr bei EasyLifeRobo.","og_url":"https:\/\/easyliferobo.com\/de\/product\/soccer-bot-smart-ball-indoor-trainingsroboter-solo-oder-multiplayer-fuer-kinder-ab-6-jahren-mr100\/","og_site_name":"EasyLifeBro","article_modified_time":"2026-02-27T12:30:48+00:00","og_image":[{"url":"https:\/\/images-na.ssl-images-amazon.com\/images\/G\/01\/x-locale\/common\/grey-pixel.gif","type":"","width":"","height":""}],"twitter_card":"summary_large_image","twitter_misc":{"Gesch\u00e4tzte Lesezeit":"1\u00a0Minute"},"schema":{"@context":"https:\/\/schema.org","@graph":[{"@type":"WebPage","@id":"https:\/\/easyliferobo.com\/de\/product\/soccer-bot-smart-ball-indoor-trainingsroboter-solo-oder-multiplayer-fuer-kinder-ab-6-jahren-mr100\/","url":"https:\/\/easyliferobo.com\/de\/product\/soccer-bot-smart-ball-indoor-trainingsroboter-solo-oder-multiplayer-fuer-kinder-ab-6-jahren-mr100\/","name":"Soccer Bot Smart Ball Indoor-Trainingsroboter Solo oder Multiplayer f\u00fcr Kinder ab 6 Jahren MR100 - EasyLifeBro","isPartOf":{"@id":"https:\/\/easyliferobo.com\/de\/#website"},"primaryImageOfPage":{"@id":"https:\/\/easyliferobo.com\/de\/product\/soccer-bot-smart-ball-indoor-trainingsroboter-solo-oder-multiplayer-fuer-kinder-ab-6-jahren-mr100\/#primaryimage"},"image":{"@id":"https:\/\/easyliferobo.com\/de\/product\/soccer-bot-smart-ball-indoor-trainingsroboter-solo-oder-multiplayer-fuer-kinder-ab-6-jahren-mr100\/#primaryimage"},"thumbnailUrl":"https:\/\/easyliferobo.com\/de\/wp-content\/uploads\/2026\/02\/614IsbbWcCL._AC_SL1500_.jpg","datePublished":"2026-02-27T12:30:33+00:00","dateModified":"2026-02-27T12:30:48+00:00","description":"Entdecken Sie smarte Roboter f\u00fcr Zuhause, Garten, Bildung und Sicherheit. Vergleichen Sie Saugroboter, Rasenm\u00e4hroboter, KI-Begleitroboter und mehr bei EasyLifeRobo.","breadcrumb":{"@id":"https:\/\/easyliferobo.com\/de\/product\/soccer-bot-smart-ball-indoor-trainingsroboter-solo-oder-multiplayer-fuer-kinder-ab-6-jahren-mr100\/#breadcrumb"},"inLanguage":"de","potentialAction":[{"@type":"ReadAction","target":["https:\/\/easyliferobo.com\/de\/product\/soccer-bot-smart-ball-indoor-trainingsroboter-solo-oder-multiplayer-fuer-kinder-ab-6-jahren-mr100\/"]}]},{"@type":"ImageObject","inLanguage":"de","@id":"https:\/\/easyliferobo.com\/de\/product\/soccer-bot-smart-ball-indoor-trainingsroboter-solo-oder-multiplayer-fuer-kinder-ab-6-jahren-mr100\/#primaryimage","url":"https:\/\/easyliferobo.com\/de\/wp-content\/uploads\/2026\/02\/614IsbbWcCL._AC_SL1500_.jpg","contentUrl":"https:\/\/easyliferobo.com\/de\/wp-content\/uploads\/2026\/02\/614IsbbWcCL._AC_SL1500_.jpg","width":1335,"height":938},{"@type":"BreadcrumbList","@id":"https:\/\/easyliferobo.com\/de\/product\/soccer-bot-smart-ball-indoor-trainingsroboter-solo-oder-multiplayer-fuer-kinder-ab-6-jahren-mr100\/#breadcrumb","itemListElement":[{"@type":"ListItem","position":1,"name":"Home","item":"https:\/\/easyliferobo.com\/de\/"},{"@type":"ListItem","position":2,"name":"Shop","item":"https:\/\/easyliferobo.com\/de\/shop\/"},{"@type":"ListItem","position":3,"name":"Soccer Bot Smart Ball Indoor-Traini..."}]},{"@type":"WebSite","@id":"https:\/\/easyliferobo.com\/de\/#website","url":"https:\/\/easyliferobo.com\/de\/","name":"EasyLifeBro","description":"Smarte Roboter f\u00fcr Zuhause, Garten &amp; Bildung","publisher":{"@id":"https:\/\/easyliferobo.com\/de\/#organization"},"potentialAction":[{"@type":"SearchAction","target":{"@type":"EntryPoint","urlTemplate":"https:\/\/easyliferobo.com\/de\/?s={search_term_string}"},"query-input":{"@type":"PropertyValueSpecification","valueRequired":true,"valueName":"search_term_string"}}],"inLanguage":"de"},{"@type":"Organization","@id":"https:\/\/easyliferobo.com\/de\/#organization","name":"EasyLifeBro","url":"https:\/\/easyliferobo.com\/de\/","logo":{"@type":"ImageObject","inLanguage":"de","@id":"https:\/\/easyliferobo.com\/de\/#\/schema\/logo\/image\/","url":"https:\/\/easyliferobo.com\/de\/wp-content\/uploads\/2026\/02\/Screenshot-2026-02-22-at-2.25.03-PM.png","contentUrl":"https:\/\/easyliferobo.com\/de\/wp-content\/uploads\/2026\/02\/Screenshot-2026-02-22-at-2.25.03-PM.png","width":1858,"height":430,"caption":"EasyLifeBro"},"image":{"@id":"https:\/\/easyliferobo.com\/de\/#\/schema\/logo\/image\/"}}]}},"_links":{"self":[{"href":"https:\/\/easyliferobo.com\/de\/wp-json\/wp\/v2\/product\/4336","targetHints":{"allow":["GET"]}}],"collection":[{"href":"https:\/\/easyliferobo.com\/de\/wp-json\/wp\/v2\/product"}],"about":[{"href":"https:\/\/easyliferobo.com\/de\/wp-json\/wp\/v2\/types\/product"}],"replies":[{"embeddable":true,"href":"https:\/\/easyliferobo.com\/de\/wp-json\/wp\/v2\/comments?post=4336"}],"wp:featuredmedia":[{"embeddable":true,"href":"https:\/\/easyliferobo.com\/de\/wp-json\/wp\/v2\/media\/4337"}],"wp:attachment":[{"href":"https:\/\/easyliferobo.com\/de\/wp-json\/wp\/v2\/media?parent=4336"}],"wp:term":[{"taxonomy":"store","embeddable":true,"href":"https:\/\/easyliferobo.com\/de\/wp-json\/wp\/v2\/store?post=4336"},{"taxonomy":"product_brand","embeddable":true,"href":"https:\/\/easyliferobo.com\/de\/wp-json\/wp\/v2\/product_brand?post=4336"},{"taxonomy":"product_cat","embeddable":true,"href":"https:\/\/easyliferobo.com\/de\/wp-json\/wp\/v2\/product_cat?post=4336"},{"taxonomy":"product_tag","embeddable":true,"href":"https:\/\/easyliferobo.com\/de\/wp-json\/wp\/v2\/product_tag?post=4336"}],"curies":[{"name":"wp","href":"https:\/\/api.w.org\/{rel}","templated":true}]}}