
{"id":4328,"date":"2026-02-27T12:26:40","date_gmt":"2026-02-27T12:26:40","guid":{"rendered":"https:\/\/easyliferobo.com\/de\/product\/solarroboter-spielzeug-ab-8-jahren-omway-12-in-1-stem-experimente-fuer-kinder-im-alter-von-9-10-11-12-jahren-konstruktionsspielzeug-bausatz-geschenkespielzeug-fuer-13-14-jaehrige-jungen-und-maedche\/"},"modified":"2026-02-27T12:26:59","modified_gmt":"2026-02-27T12:26:59","slug":"solarroboter-spielzeug-ab-8-jahren-omway-12-in-1-stem-experimente-fuer-kinder-im-alter-von-9-10-11-12-jahren-konstruktionsspielzeug-bausatz-geschenkespielzeug-fuer-13-14-jaehrige-jungen-und-maedche","status":"publish","type":"product","link":"https:\/\/easyliferobo.com\/de\/product\/solarroboter-spielzeug-ab-8-jahren-omway-12-in-1-stem-experimente-fuer-kinder-im-alter-von-9-10-11-12-jahren-konstruktionsspielzeug-bausatz-geschenkespielzeug-fuer-13-14-jaehrige-jungen-und-maedche\/","title":{"rendered":"Solarroboter-Spielzeug ab 8 Jahren,..."},"content":{"rendered":"<p>\n                                             Von der Marke   <\/p>\n<p>                                              <img decoding=\"async\" alt=\"Weihnachtsgeschenke f\u00fcr 8 9 10 11 12 13 14 Jungen\" src=\"https:\/\/images-na.ssl-images-amazon.com\/images\/G\/01\/x-locale\/common\/grey-pixel.gif\" class=\"a-lazy-loaded\" data-src=\"https:\/\/m.media-amazon.com\/images\/S\/aplus-media-library-service-media\/d54a72c1-1fad-4ecf-8e5c-437a9493adc7.__CR0,0,1464,625_PT0_SX1464_V1___.jpg\"><img decoding=\"async\" alt=\"Weihnachtsgeschenke f\u00fcr 8 9 10 11 12 13 14 Jungen\" src=\"https:\/\/m.media-amazon.com\/images\/S\/aplus-media-library-service-media\/d54a72c1-1fad-4ecf-8e5c-437a9493adc7.__CR0,0,1464,625_PT0_SX1464_V1___.jpg\">  <\/p>\n<p>                                              <img decoding=\"async\" alt=\"\" src=\"https:\/\/images-na.ssl-images-amazon.com\/images\/G\/01\/x-locale\/common\/grey-pixel.gif\" class=\"a-lazy-loaded\" data-src=\"https:\/\/m.media-amazon.com\/images\/S\/aplus-media-library-service-media\/07a3555d-2d0f-4f30-a0d2-92d632ae0067.__CR0,0,1313,604_PT0_SX315_V1___.jpg\"><img decoding=\"async\" alt=\"\" src=\"https:\/\/m.media-amazon.com\/images\/S\/aplus-media-library-service-media\/07a3555d-2d0f-4f30-a0d2-92d632ae0067.__CR0,0,1313,604_PT0_SX315_V1___.jpg\">  <\/p>\n<p>  Warum OMWay? <\/p>\n<p>  Unsere Philosophie dreht sich um die Entwicklung hochwertiger Lernspielzeuge, die die Entwicklung und Fantasie von Kindern f\u00f6rdern. Wir glauben, dass Spielzeug mehr als nur Unterhaltung sein sollte; Sie sollten Werkzeuge sein, die inspirieren und lehren. <\/p>\n<p>  Unsere Spielzeuge bestehen aus sicheren, langlebigen Materialien und werden gr\u00fcndlich getestet, um den h\u00f6chsten Standards zu entsprechen. <\/p>\n<p>                                              <img decoding=\"async\" alt=\"Der Kunststoff ist von guter Qualit\u00e4t und hat keinen unangenehmen Geruch.\" src=\"https:\/\/images-na.ssl-images-amazon.com\/images\/G\/01\/x-locale\/common\/grey-pixel.gif\" class=\"a-lazy-loaded\" data-src=\"https:\/\/m.media-amazon.com\/images\/S\/aplus-media-library-service-media\/c2d60e16-5751-4506-9c19-6837a054f6e7.__CR0,3,365,457_PT0_SX362_V1___.jpg\"><img decoding=\"async\" alt=\"Der Kunststoff ist von guter Qualit\u00e4t und hat keinen unangenehmen Geruch.\" src=\"https:\/\/m.media-amazon.com\/images\/S\/aplus-media-library-service-media\/c2d60e16-5751-4506-9c19-6837a054f6e7.__CR0,3,365,457_PT0_SX362_V1___.jpg\">  <\/p>\n<h3>  Bestseller bei OMWay <\/h3>\n<p>                                              <img decoding=\"async\" alt=\"\" src=\"https:\/\/images-na.ssl-images-amazon.com\/images\/G\/01\/x-locale\/common\/grey-pixel.gif\" class=\"a-lazy-loaded\" data-src=\"https:\/\/m.media-amazon.com\/images\/S\/aplus-media-library-service-media\/3c3aa619-6c02-4118-9678-672979bc0c3b.__CR0,0,362,453_PT0_SX362_V1___.jpg\"><img decoding=\"async\" alt=\"\" src=\"https:\/\/m.media-amazon.com\/images\/S\/aplus-media-library-service-media\/3c3aa619-6c02-4118-9678-672979bc0c3b.__CR0,0,362,453_PT0_SX362_V1___.jpg\">  <\/p>\n<h3>  Wiederaufladbarer Schwebeball <\/h3>\n<p>  Spa\u00df bei jedem Wetter! Spielen Sie, wann immer Sie wollen! <\/p>\n<p>                                              <img decoding=\"async\" alt=\"\" src=\"https:\/\/images-na.ssl-images-amazon.com\/images\/G\/01\/x-locale\/common\/grey-pixel.gif\" class=\"a-lazy-loaded\" data-src=\"https:\/\/m.media-amazon.com\/images\/S\/aplus-media-library-service-media\/5ea75096-6392-4808-b476-7181d8deff00.__CR0,0,362,453_PT0_SX362_V1___.jpg\"><img decoding=\"async\" alt=\"\" src=\"https:\/\/m.media-amazon.com\/images\/S\/aplus-media-library-service-media\/5ea75096-6392-4808-b476-7181d8deff00.__CR0,0,362,453_PT0_SX362_V1___.jpg\">  <\/p>\n<h3>  Experimente f\u00fcr Kinder ab 8 Jahren <\/h3>\n<p>  Verbessern Sie die praktischen F\u00e4higkeiten Ihrer Kinder und lassen Sie sich \u00fcberraschen! <\/p>\n<p>                                              <img decoding=\"async\" alt=\"\" src=\"https:\/\/images-na.ssl-images-amazon.com\/images\/G\/01\/x-locale\/common\/grey-pixel.gif\" class=\"a-lazy-loaded\" data-src=\"https:\/\/m.media-amazon.com\/images\/S\/aplus-media-library-service-media\/9bad72c4-9ebb-444c-85f3-d27181cf07d2.__CR161,0,1279,1600_PT0_SX362_V1___.jpg\"><img decoding=\"async\" alt=\"\" src=\"https:\/\/m.media-amazon.com\/images\/S\/aplus-media-library-service-media\/9bad72c4-9ebb-444c-85f3-d27181cf07d2.__CR161,0,1279,1600_PT0_SX362_V1___.jpg\">  <\/p>\n<h3>  6-in-1-STEM-Geschenke f\u00fcr Kinder <\/h3>\n<p>  Dies ist ein gutes Spielzeuggeschenk f\u00fcr Jungen ab 8 Jahren, ein gutes Geschenk zum Geburtstag und zu Weihnachten. <\/p>\n<p>                                              <img decoding=\"async\" alt=\"Kundendienstmitarbeiter tragen Headsets. In der Text\u00fcberlagerung steht \u201e7*24h-Kundendienst\u201c. und \u201e12 Monate Garantie\u201c.\" src=\"https:\/\/images-na.ssl-images-amazon.com\/images\/G\/01\/x-locale\/common\/grey-pixel.gif\" class=\"a-lazy-loaded\" data-src=\"https:\/\/m.media-amazon.com\/images\/S\/aplus-media-library-service-media\/bb1bf3b4-8043-40c2-af6d-f76c04e7c823.__CR0,0,362,453_PT0_SX362_V1___.jpg\"><img decoding=\"async\" alt=\"Kundendienstmitarbeiter tragen Headsets. In der Text\u00fcberlagerung steht \u201e7*24h-Kundendienst\u201c. und \u201e12 Monate Garantie\u201c.\" src=\"https:\/\/m.media-amazon.com\/images\/S\/aplus-media-library-service-media\/bb1bf3b4-8043-40c2-af6d-f76c04e7c823.__CR0,0,362,453_PT0_SX362_V1___.jpg\">  <\/p>\n<p>Das neueste Upgrade des 12-in-1-Bauroboters: Zw\u00f6lf verschiedene Bauroboter k\u00f6nnen sich \u00fcberall bewegen. Die Roboter bewegen sich zum Beispiel in der Sonne und schwimmen im Wasser. Mit diesem Spiel k\u00f6nnen Kinder im Alter von 8 bis 14 Jahren den Bau von Robotern und verschiedene grundlegende physikalische Kenntnisse erlernen und ihre praktischen F\u00e4higkeiten und Fantasie f\u00f6rdern.<br \/>Sonnenbetriebener Roboter: Der Roboter kann sich ohne Batterien fortbewegen, da er Solarpaneele nutzt, was sehr gut dem Konzept der gr\u00fcnen Wissenschaft entspricht. Der Roboter kann sich unter direkter Sonneneinstrahlung und in Innenr\u00e4umen auch unter der Beleuchtung von Gl\u00fchbirnen mit mehr als 100 W bewegen.<br \/>Die beste Geschenkwahl: Alle Komponenten bestehen aus hochwertigem ABS-Kunststoff f\u00fcr einen robusten und langlebigen Einsatz. Ich denke, es w\u00e4re das beste Geburtstags-, Oster- und Weihnachtsgeschenk \u00fcberhaupt! Sie k\u00f6nnen sich vorstellen, wie sehr sich die Jungen und M\u00e4dchen freuen, wenn sie solarbetriebene Roboterspielzeuge in die H\u00e4nde bekommen, und mit welcher Ernsthaftigkeit sie in das MINT-Bauspiel einsteigen. Bereiten wir eine \u00dcberraschung f\u00fcr die Kinder vor!<br \/>MINT-Programm f\u00fcr 8- bis 12-J\u00e4hrige: Wissenschaftliches, solarbetriebenes Bauroboterspielzeug hilft Kindern, die einfachen Regeln der Roboter- und Mechanikbedienung zu erlernen. Es umfasst einfache naturwissenschaftliche, technische, ingenieurwissenschaftliche und mathematische F\u00e4higkeiten, schult aber auch die praktischen F\u00e4higkeiten und Probleml\u00f6sungsf\u00e4higkeiten der Kinder, verbessert das logische Denken und das Selbstvertrauen und entwickelt die F\u00e4higkeit der Kinder, in Teams zu arbeiten.<br \/>Verst\u00e4ndliche Gebrauchsanweisung: Da das Projekt mit 190 Teilen nicht einfach ist, haben wir eine verst\u00e4ndliche Anleitung zum Bau des Roboters erstellt, um die Kinder beim Einbau zu unterst\u00fctzen. Dies ist f\u00fcr 8- bis 12-J\u00e4hrige schwierig, da sie beim Zusammenbau des Roboters mehr Fantasie und Denkverm\u00f6gen ben\u00f6tigen. Wenn der Roboter in der Sonne l\u00e4uft, sind die Kinder von den Ergebnissen begeistert<\/p>\n<p>[ad_2]<\/p>\n","protected":false},"excerpt":{"rendered":"<p>Von der Marke Warum OMWay? Unsere Philosophie dreht sich um die Entwicklung hochwertiger Lernspielzeuge, die die Entwicklung und Fantasie von Kindern f\u00f6rdern. Wir glauben, dass Spielzeug mehr als nur Unterhaltung sein sollte; Sie sollten Werkzeuge sein, die inspirieren und lehren. Unsere Spielzeuge bestehen aus sicheren, langlebigen Materialien und werden gr\u00fcndlich getestet, um den h\u00f6chsten Standards [&hellip;]<\/p>\n","protected":false},"featured_media":4329,"comment_status":"open","ping_status":"closed","template":"","meta":{"_aipt_faq_data":""},"store":[],"product_brand":[452],"product_cat":[79],"product_tag":[143],"class_list":{"0":"post-4328","1":"product","2":"type-product","3":"status-publish","4":"has-post-thumbnail","6":"product_brand-omway","7":"product_cat-stem-roboter","8":"product_tag-stem-roboter-bausatz-fuer-kinder","10":"first","11":"instock","12":"shipping-taxable","13":"product-type-external"},"yoast_head":"<!-- This site is optimized with the Yoast SEO plugin v27.0 - https:\/\/yoast.com\/product\/yoast-seo-wordpress\/ -->\n<title>Solarroboter-Spielzeug ab 8 Jahren, OMWay 12-in-1 STEM-Experimente f\u00fcr Kinder im Alter von 9 10 11 12 Jahren, Konstruktionsspielzeug-Bausatz, Geschenkespielzeug f\u00fcr 13 14-j\u00e4hrige Jungen und M\u00e4dchen, Grau - EasyLifeBro<\/title>\n<meta name=\"description\" content=\"Entdecken Sie smarte Roboter f\u00fcr Zuhause, Garten, Bildung und Sicherheit. Vergleichen Sie Saugroboter, Rasenm\u00e4hroboter, KI-Begleitroboter und mehr bei EasyLifeRobo.\" \/>\n<meta name=\"robots\" content=\"index, follow, max-snippet:-1, max-image-preview:large, max-video-preview:-1\" \/>\n<link rel=\"canonical\" href=\"https:\/\/easyliferobo.com\/de\/product\/solarroboter-spielzeug-ab-8-jahren-omway-12-in-1-stem-experimente-fuer-kinder-im-alter-von-9-10-11-12-jahren-konstruktionsspielzeug-bausatz-geschenkespielzeug-fuer-13-14-jaehrige-jungen-und-maedche\/\" \/>\n<meta property=\"og:locale\" content=\"de_DE\" \/>\n<meta property=\"og:type\" content=\"article\" \/>\n<meta property=\"og:title\" content=\"Solarroboter-Spielzeug ab 8 Jahren, OMWay 12-in-1 STEM-Experimente f\u00fcr Kinder im Alter von 9 10 11 12 Jahren, Konstruktionsspielzeug-Bausatz, Geschenkespielzeug f\u00fcr 13 14-j\u00e4hrige Jungen und M\u00e4dchen, Grau - EasyLifeBro\" \/>\n<meta property=\"og:description\" content=\"Entdecken Sie smarte Roboter f\u00fcr Zuhause, Garten, Bildung und Sicherheit. Vergleichen Sie Saugroboter, Rasenm\u00e4hroboter, KI-Begleitroboter und mehr bei EasyLifeRobo.\" \/>\n<meta property=\"og:url\" content=\"https:\/\/easyliferobo.com\/de\/product\/solarroboter-spielzeug-ab-8-jahren-omway-12-in-1-stem-experimente-fuer-kinder-im-alter-von-9-10-11-12-jahren-konstruktionsspielzeug-bausatz-geschenkespielzeug-fuer-13-14-jaehrige-jungen-und-maedche\/\" \/>\n<meta property=\"og:site_name\" content=\"EasyLifeBro\" \/>\n<meta property=\"article:modified_time\" content=\"2026-02-27T12:26:59+00:00\" \/>\n<meta property=\"og:image\" content=\"https:\/\/images-na.ssl-images-amazon.com\/images\/G\/01\/x-locale\/common\/grey-pixel.gif\" \/>\n<meta name=\"twitter:card\" content=\"summary_large_image\" \/>\n<meta name=\"twitter:label1\" content=\"Gesch\u00e4tzte Lesezeit\" \/>\n\t<meta name=\"twitter:data1\" content=\"2\u00a0Minuten\" \/>\n<script type=\"application\/ld+json\" class=\"yoast-schema-graph\">{\"@context\":\"https:\/\/schema.org\",\"@graph\":[{\"@type\":\"WebPage\",\"@id\":\"https:\/\/easyliferobo.com\/de\/product\/solarroboter-spielzeug-ab-8-jahren-omway-12-in-1-stem-experimente-fuer-kinder-im-alter-von-9-10-11-12-jahren-konstruktionsspielzeug-bausatz-geschenkespielzeug-fuer-13-14-jaehrige-jungen-und-maedche\/\",\"url\":\"https:\/\/easyliferobo.com\/de\/product\/solarroboter-spielzeug-ab-8-jahren-omway-12-in-1-stem-experimente-fuer-kinder-im-alter-von-9-10-11-12-jahren-konstruktionsspielzeug-bausatz-geschenkespielzeug-fuer-13-14-jaehrige-jungen-und-maedche\/\",\"name\":\"Solarroboter-Spielzeug ab 8 Jahren, OMWay 12-in-1 STEM-Experimente f\u00fcr Kinder im Alter von 9 10 11 12 Jahren, Konstruktionsspielzeug-Bausatz, Geschenkespielzeug f\u00fcr 13 14-j\u00e4hrige Jungen und M\u00e4dchen, Grau - EasyLifeBro\",\"isPartOf\":{\"@id\":\"https:\/\/easyliferobo.com\/de\/#website\"},\"primaryImageOfPage\":{\"@id\":\"https:\/\/easyliferobo.com\/de\/product\/solarroboter-spielzeug-ab-8-jahren-omway-12-in-1-stem-experimente-fuer-kinder-im-alter-von-9-10-11-12-jahren-konstruktionsspielzeug-bausatz-geschenkespielzeug-fuer-13-14-jaehrige-jungen-und-maedche\/#primaryimage\"},\"image\":{\"@id\":\"https:\/\/easyliferobo.com\/de\/product\/solarroboter-spielzeug-ab-8-jahren-omway-12-in-1-stem-experimente-fuer-kinder-im-alter-von-9-10-11-12-jahren-konstruktionsspielzeug-bausatz-geschenkespielzeug-fuer-13-14-jaehrige-jungen-und-maedche\/#primaryimage\"},\"thumbnailUrl\":\"https:\/\/easyliferobo.com\/de\/wp-content\/uploads\/2026\/02\/71-0g9AqMLL._AC_SL1500_.jpg\",\"datePublished\":\"2026-02-27T12:26:40+00:00\",\"dateModified\":\"2026-02-27T12:26:59+00:00\",\"description\":\"Entdecken Sie smarte Roboter f\u00fcr Zuhause, Garten, Bildung und Sicherheit. Vergleichen Sie Saugroboter, Rasenm\u00e4hroboter, KI-Begleitroboter und mehr bei EasyLifeRobo.\",\"breadcrumb\":{\"@id\":\"https:\/\/easyliferobo.com\/de\/product\/solarroboter-spielzeug-ab-8-jahren-omway-12-in-1-stem-experimente-fuer-kinder-im-alter-von-9-10-11-12-jahren-konstruktionsspielzeug-bausatz-geschenkespielzeug-fuer-13-14-jaehrige-jungen-und-maedche\/#breadcrumb\"},\"inLanguage\":\"de\",\"potentialAction\":[{\"@type\":\"ReadAction\",\"target\":[\"https:\/\/easyliferobo.com\/de\/product\/solarroboter-spielzeug-ab-8-jahren-omway-12-in-1-stem-experimente-fuer-kinder-im-alter-von-9-10-11-12-jahren-konstruktionsspielzeug-bausatz-geschenkespielzeug-fuer-13-14-jaehrige-jungen-und-maedche\/\"]}]},{\"@type\":\"ImageObject\",\"inLanguage\":\"de\",\"@id\":\"https:\/\/easyliferobo.com\/de\/product\/solarroboter-spielzeug-ab-8-jahren-omway-12-in-1-stem-experimente-fuer-kinder-im-alter-von-9-10-11-12-jahren-konstruktionsspielzeug-bausatz-geschenkespielzeug-fuer-13-14-jaehrige-jungen-und-maedche\/#primaryimage\",\"url\":\"https:\/\/easyliferobo.com\/de\/wp-content\/uploads\/2026\/02\/71-0g9AqMLL._AC_SL1500_.jpg\",\"contentUrl\":\"https:\/\/easyliferobo.com\/de\/wp-content\/uploads\/2026\/02\/71-0g9AqMLL._AC_SL1500_.jpg\",\"width\":1417,\"height\":1334},{\"@type\":\"BreadcrumbList\",\"@id\":\"https:\/\/easyliferobo.com\/de\/product\/solarroboter-spielzeug-ab-8-jahren-omway-12-in-1-stem-experimente-fuer-kinder-im-alter-von-9-10-11-12-jahren-konstruktionsspielzeug-bausatz-geschenkespielzeug-fuer-13-14-jaehrige-jungen-und-maedche\/#breadcrumb\",\"itemListElement\":[{\"@type\":\"ListItem\",\"position\":1,\"name\":\"Home\",\"item\":\"https:\/\/easyliferobo.com\/de\/\"},{\"@type\":\"ListItem\",\"position\":2,\"name\":\"Shop\",\"item\":\"https:\/\/easyliferobo.com\/de\/shop\/\"},{\"@type\":\"ListItem\",\"position\":3,\"name\":\"Solarroboter-Spielzeug ab 8 Jahren,...\"}]},{\"@type\":\"WebSite\",\"@id\":\"https:\/\/easyliferobo.com\/de\/#website\",\"url\":\"https:\/\/easyliferobo.com\/de\/\",\"name\":\"EasyLifeBro\",\"description\":\"Smarte Roboter f\u00fcr Zuhause, Garten &amp; Bildung\",\"publisher\":{\"@id\":\"https:\/\/easyliferobo.com\/de\/#organization\"},\"potentialAction\":[{\"@type\":\"SearchAction\",\"target\":{\"@type\":\"EntryPoint\",\"urlTemplate\":\"https:\/\/easyliferobo.com\/de\/?s={search_term_string}\"},\"query-input\":{\"@type\":\"PropertyValueSpecification\",\"valueRequired\":true,\"valueName\":\"search_term_string\"}}],\"inLanguage\":\"de\"},{\"@type\":\"Organization\",\"@id\":\"https:\/\/easyliferobo.com\/de\/#organization\",\"name\":\"EasyLifeBro\",\"url\":\"https:\/\/easyliferobo.com\/de\/\",\"logo\":{\"@type\":\"ImageObject\",\"inLanguage\":\"de\",\"@id\":\"https:\/\/easyliferobo.com\/de\/#\/schema\/logo\/image\/\",\"url\":\"https:\/\/easyliferobo.com\/de\/wp-content\/uploads\/2026\/02\/Screenshot-2026-02-22-at-2.25.03-PM.png\",\"contentUrl\":\"https:\/\/easyliferobo.com\/de\/wp-content\/uploads\/2026\/02\/Screenshot-2026-02-22-at-2.25.03-PM.png\",\"width\":1858,\"height\":430,\"caption\":\"EasyLifeBro\"},\"image\":{\"@id\":\"https:\/\/easyliferobo.com\/de\/#\/schema\/logo\/image\/\"}}]}<\/script>\n<!-- \/ Yoast SEO plugin. -->","yoast_head_json":{"title":"Solarroboter-Spielzeug ab 8 Jahren, OMWay 12-in-1 STEM-Experimente f\u00fcr Kinder im Alter von 9 10 11 12 Jahren, Konstruktionsspielzeug-Bausatz, Geschenkespielzeug f\u00fcr 13 14-j\u00e4hrige Jungen und M\u00e4dchen, Grau - EasyLifeBro","description":"Entdecken Sie smarte Roboter f\u00fcr Zuhause, Garten, Bildung und Sicherheit. Vergleichen Sie Saugroboter, Rasenm\u00e4hroboter, KI-Begleitroboter und mehr bei EasyLifeRobo.","robots":{"index":"index","follow":"follow","max-snippet":"max-snippet:-1","max-image-preview":"max-image-preview:large","max-video-preview":"max-video-preview:-1"},"canonical":"https:\/\/easyliferobo.com\/de\/product\/solarroboter-spielzeug-ab-8-jahren-omway-12-in-1-stem-experimente-fuer-kinder-im-alter-von-9-10-11-12-jahren-konstruktionsspielzeug-bausatz-geschenkespielzeug-fuer-13-14-jaehrige-jungen-und-maedche\/","og_locale":"de_DE","og_type":"article","og_title":"Solarroboter-Spielzeug ab 8 Jahren, OMWay 12-in-1 STEM-Experimente f\u00fcr Kinder im Alter von 9 10 11 12 Jahren, Konstruktionsspielzeug-Bausatz, Geschenkespielzeug f\u00fcr 13 14-j\u00e4hrige Jungen und M\u00e4dchen, Grau - EasyLifeBro","og_description":"Entdecken Sie smarte Roboter f\u00fcr Zuhause, Garten, Bildung und Sicherheit. Vergleichen Sie Saugroboter, Rasenm\u00e4hroboter, KI-Begleitroboter und mehr bei EasyLifeRobo.","og_url":"https:\/\/easyliferobo.com\/de\/product\/solarroboter-spielzeug-ab-8-jahren-omway-12-in-1-stem-experimente-fuer-kinder-im-alter-von-9-10-11-12-jahren-konstruktionsspielzeug-bausatz-geschenkespielzeug-fuer-13-14-jaehrige-jungen-und-maedche\/","og_site_name":"EasyLifeBro","article_modified_time":"2026-02-27T12:26:59+00:00","og_image":[{"url":"https:\/\/images-na.ssl-images-amazon.com\/images\/G\/01\/x-locale\/common\/grey-pixel.gif","type":"","width":"","height":""}],"twitter_card":"summary_large_image","twitter_misc":{"Gesch\u00e4tzte Lesezeit":"2\u00a0Minuten"},"schema":{"@context":"https:\/\/schema.org","@graph":[{"@type":"WebPage","@id":"https:\/\/easyliferobo.com\/de\/product\/solarroboter-spielzeug-ab-8-jahren-omway-12-in-1-stem-experimente-fuer-kinder-im-alter-von-9-10-11-12-jahren-konstruktionsspielzeug-bausatz-geschenkespielzeug-fuer-13-14-jaehrige-jungen-und-maedche\/","url":"https:\/\/easyliferobo.com\/de\/product\/solarroboter-spielzeug-ab-8-jahren-omway-12-in-1-stem-experimente-fuer-kinder-im-alter-von-9-10-11-12-jahren-konstruktionsspielzeug-bausatz-geschenkespielzeug-fuer-13-14-jaehrige-jungen-und-maedche\/","name":"Solarroboter-Spielzeug ab 8 Jahren, OMWay 12-in-1 STEM-Experimente f\u00fcr Kinder im Alter von 9 10 11 12 Jahren, Konstruktionsspielzeug-Bausatz, Geschenkespielzeug f\u00fcr 13 14-j\u00e4hrige Jungen und M\u00e4dchen, Grau - EasyLifeBro","isPartOf":{"@id":"https:\/\/easyliferobo.com\/de\/#website"},"primaryImageOfPage":{"@id":"https:\/\/easyliferobo.com\/de\/product\/solarroboter-spielzeug-ab-8-jahren-omway-12-in-1-stem-experimente-fuer-kinder-im-alter-von-9-10-11-12-jahren-konstruktionsspielzeug-bausatz-geschenkespielzeug-fuer-13-14-jaehrige-jungen-und-maedche\/#primaryimage"},"image":{"@id":"https:\/\/easyliferobo.com\/de\/product\/solarroboter-spielzeug-ab-8-jahren-omway-12-in-1-stem-experimente-fuer-kinder-im-alter-von-9-10-11-12-jahren-konstruktionsspielzeug-bausatz-geschenkespielzeug-fuer-13-14-jaehrige-jungen-und-maedche\/#primaryimage"},"thumbnailUrl":"https:\/\/easyliferobo.com\/de\/wp-content\/uploads\/2026\/02\/71-0g9AqMLL._AC_SL1500_.jpg","datePublished":"2026-02-27T12:26:40+00:00","dateModified":"2026-02-27T12:26:59+00:00","description":"Entdecken Sie smarte Roboter f\u00fcr Zuhause, Garten, Bildung und Sicherheit. Vergleichen Sie Saugroboter, Rasenm\u00e4hroboter, KI-Begleitroboter und mehr bei EasyLifeRobo.","breadcrumb":{"@id":"https:\/\/easyliferobo.com\/de\/product\/solarroboter-spielzeug-ab-8-jahren-omway-12-in-1-stem-experimente-fuer-kinder-im-alter-von-9-10-11-12-jahren-konstruktionsspielzeug-bausatz-geschenkespielzeug-fuer-13-14-jaehrige-jungen-und-maedche\/#breadcrumb"},"inLanguage":"de","potentialAction":[{"@type":"ReadAction","target":["https:\/\/easyliferobo.com\/de\/product\/solarroboter-spielzeug-ab-8-jahren-omway-12-in-1-stem-experimente-fuer-kinder-im-alter-von-9-10-11-12-jahren-konstruktionsspielzeug-bausatz-geschenkespielzeug-fuer-13-14-jaehrige-jungen-und-maedche\/"]}]},{"@type":"ImageObject","inLanguage":"de","@id":"https:\/\/easyliferobo.com\/de\/product\/solarroboter-spielzeug-ab-8-jahren-omway-12-in-1-stem-experimente-fuer-kinder-im-alter-von-9-10-11-12-jahren-konstruktionsspielzeug-bausatz-geschenkespielzeug-fuer-13-14-jaehrige-jungen-und-maedche\/#primaryimage","url":"https:\/\/easyliferobo.com\/de\/wp-content\/uploads\/2026\/02\/71-0g9AqMLL._AC_SL1500_.jpg","contentUrl":"https:\/\/easyliferobo.com\/de\/wp-content\/uploads\/2026\/02\/71-0g9AqMLL._AC_SL1500_.jpg","width":1417,"height":1334},{"@type":"BreadcrumbList","@id":"https:\/\/easyliferobo.com\/de\/product\/solarroboter-spielzeug-ab-8-jahren-omway-12-in-1-stem-experimente-fuer-kinder-im-alter-von-9-10-11-12-jahren-konstruktionsspielzeug-bausatz-geschenkespielzeug-fuer-13-14-jaehrige-jungen-und-maedche\/#breadcrumb","itemListElement":[{"@type":"ListItem","position":1,"name":"Home","item":"https:\/\/easyliferobo.com\/de\/"},{"@type":"ListItem","position":2,"name":"Shop","item":"https:\/\/easyliferobo.com\/de\/shop\/"},{"@type":"ListItem","position":3,"name":"Solarroboter-Spielzeug ab 8 Jahren,..."}]},{"@type":"WebSite","@id":"https:\/\/easyliferobo.com\/de\/#website","url":"https:\/\/easyliferobo.com\/de\/","name":"EasyLifeBro","description":"Smarte Roboter f\u00fcr Zuhause, Garten &amp; Bildung","publisher":{"@id":"https:\/\/easyliferobo.com\/de\/#organization"},"potentialAction":[{"@type":"SearchAction","target":{"@type":"EntryPoint","urlTemplate":"https:\/\/easyliferobo.com\/de\/?s={search_term_string}"},"query-input":{"@type":"PropertyValueSpecification","valueRequired":true,"valueName":"search_term_string"}}],"inLanguage":"de"},{"@type":"Organization","@id":"https:\/\/easyliferobo.com\/de\/#organization","name":"EasyLifeBro","url":"https:\/\/easyliferobo.com\/de\/","logo":{"@type":"ImageObject","inLanguage":"de","@id":"https:\/\/easyliferobo.com\/de\/#\/schema\/logo\/image\/","url":"https:\/\/easyliferobo.com\/de\/wp-content\/uploads\/2026\/02\/Screenshot-2026-02-22-at-2.25.03-PM.png","contentUrl":"https:\/\/easyliferobo.com\/de\/wp-content\/uploads\/2026\/02\/Screenshot-2026-02-22-at-2.25.03-PM.png","width":1858,"height":430,"caption":"EasyLifeBro"},"image":{"@id":"https:\/\/easyliferobo.com\/de\/#\/schema\/logo\/image\/"}}]}},"_links":{"self":[{"href":"https:\/\/easyliferobo.com\/de\/wp-json\/wp\/v2\/product\/4328","targetHints":{"allow":["GET"]}}],"collection":[{"href":"https:\/\/easyliferobo.com\/de\/wp-json\/wp\/v2\/product"}],"about":[{"href":"https:\/\/easyliferobo.com\/de\/wp-json\/wp\/v2\/types\/product"}],"replies":[{"embeddable":true,"href":"https:\/\/easyliferobo.com\/de\/wp-json\/wp\/v2\/comments?post=4328"}],"wp:featuredmedia":[{"embeddable":true,"href":"https:\/\/easyliferobo.com\/de\/wp-json\/wp\/v2\/media\/4329"}],"wp:attachment":[{"href":"https:\/\/easyliferobo.com\/de\/wp-json\/wp\/v2\/media?parent=4328"}],"wp:term":[{"taxonomy":"store","embeddable":true,"href":"https:\/\/easyliferobo.com\/de\/wp-json\/wp\/v2\/store?post=4328"},{"taxonomy":"product_brand","embeddable":true,"href":"https:\/\/easyliferobo.com\/de\/wp-json\/wp\/v2\/product_brand?post=4328"},{"taxonomy":"product_cat","embeddable":true,"href":"https:\/\/easyliferobo.com\/de\/wp-json\/wp\/v2\/product_cat?post=4328"},{"taxonomy":"product_tag","embeddable":true,"href":"https:\/\/easyliferobo.com\/de\/wp-json\/wp\/v2\/product_tag?post=4328"}],"curies":[{"name":"wp","href":"https:\/\/api.w.org\/{rel}","templated":true}]}}