
{"id":4319,"date":"2026-02-27T12:23:15","date_gmt":"2026-02-27T12:23:15","guid":{"rendered":"https:\/\/easyliferobo.com\/de\/product\/experimente-fuer-kinder-von-8-9-10-11-12-13-14-bausatz-zwei-hydraulische-boxroboter-bauen-experimentierkasten-roboterbausatz-kinderspielzeuggeschenke-von-8-14-jahren-jungen\/"},"modified":"2026-02-27T12:23:32","modified_gmt":"2026-02-27T12:23:32","slug":"experimente-fuer-kinder-von-8-9-10-11-12-13-14-bausatz-zwei-hydraulische-boxroboter-bauen-experimentierkasten-roboterbausatz-kinderspielzeuggeschenke-von-8-14-jahren-jungen","status":"publish","type":"product","link":"https:\/\/easyliferobo.com\/de\/product\/experimente-fuer-kinder-von-8-9-10-11-12-13-14-bausatz-zwei-hydraulische-boxroboter-bauen-experimentierkasten-roboterbausatz-kinderspielzeuggeschenke-von-8-14-jahren-jungen\/","title":{"rendered":"Experimente f\u00fcr Kinder von 8 9 10 ..."},"content":{"rendered":"<p>\n                                             Von der Marke   <\/p>\n<p>                                              <img decoding=\"async\" alt=\"\" src=\"https:\/\/images-na.ssl-images-amazon.com\/images\/G\/01\/x-locale\/common\/grey-pixel.gif\" class=\"a-lazy-loaded\" data-src=\"https:\/\/m.media-amazon.com\/images\/S\/aplus-media-library-service-media\/d56a8834-66ed-4d07-ba8a-af8d7a8bf002.__CR0,0,1464,625_PT0_SX1464_V1___.jpg\"><img decoding=\"async\" alt=\"\" src=\"https:\/\/m.media-amazon.com\/images\/S\/aplus-media-library-service-media\/d56a8834-66ed-4d07-ba8a-af8d7a8bf002.__CR0,0,1464,625_PT0_SX1464_V1___.jpg\">  <\/p>\n<h3>  Warum Adusriz w\u00e4hlen? <\/h3>\n<p>  Adusriz hofft, dass Spielzeug Kindern Freude und Wachstum bringen kann. <\/p>\n<h3>  Experimente f\u00fcr Kinder <\/h3>\n<h3>  Experimente f\u00fcr Kinder <\/h3>\n<p>\u3010Bauen Sie zwei Baus\u00e4tze f\u00fcr hydraulische Boxroboter\u3011: Mit diesem STEM-Wissenschaftsbausatz k\u00f6nnen Sie zwei hydraulische Boxroboter zusammenbauen. Kinder werden stolz darauf sein, ihr eigenes Roboter-Boxset zu bauen und zu erfahren, wie viel Spa\u00df es macht, ein Modell mit eigenen H\u00e4nden zu bauen<br \/>\u3010Sorgf\u00e4ltiges Roboterdesign\u3011: Alle Komponenten dieses STEM-Kits bestehen aus sicheren Materialien. Die beiden hydraulischen Boxroboter k\u00f6nnen mithilfe der Hydraulik eine Reihe von Aktionen wie Hocken, Ausweichen, Schlagen usw. ausf\u00fchren. Kontrollieren Sie Ihren Boxer und liefern Sie sich einen erbitterten Kampf mit Ihren Freunden<br \/>\u3010Spielen lernen\u3011: Durch das Zusammenstellen dieser Aktivit\u00e4tssets anhand der Anweisungen k\u00f6nnen Kinder wissenschaftliche Prinzipien und Erkenntnisse verstehen und ihre Neugier auf die Wissenschaft wecken. F\u00f6rdern und f\u00f6rdern Sie die Interessen Ihrer Kinder. Das ist es, was gro\u00dfartige Eltern tun<br \/>\u3010Zeit der Familienzusammenf\u00fchrung\u3011: Der gemeinsame Abschluss eines guten Projekts ist eine gro\u00dfartige M\u00f6glichkeit f\u00fcr Eltern und Kinder, gute Familienbeziehungen aufzubauen. Die Durchf\u00fchrung wissenschaftlicher Projekte mit Ihren Kindern als Freund und Lehrer wird eine unvergessliche und wertvolle Zeit sein<br \/>\u3010Einzigartige Geschenkidee\u3011 Unser hydraulischer Boxroboter-Bausatz ist f\u00fcr Kinder im Alter von 8 bis 14 Jahren konzipiert und kann ihre praktischen F\u00e4higkeiten, ihr logisches Denken, ihre Kreativit\u00e4t und Vorstellungskraft sowie ihre Teamf\u00e4higkeit trainieren. Das ist eine coole Sache f\u00fcr Kinder und ein perfektes Geschenk f\u00fcr sie<\/p>\n<p>[ad_2]<\/p>\n","protected":false},"excerpt":{"rendered":"<p>Von der Marke Warum Adusriz w\u00e4hlen? Adusriz hofft, dass Spielzeug Kindern Freude und Wachstum bringen kann. Experimente f\u00fcr Kinder Experimente f\u00fcr Kinder \u3010Bauen Sie zwei Baus\u00e4tze f\u00fcr hydraulische Boxroboter\u3011: Mit diesem STEM-Wissenschaftsbausatz k\u00f6nnen Sie zwei hydraulische Boxroboter zusammenbauen. Kinder werden stolz darauf sein, ihr eigenes Roboter-Boxset zu bauen und zu erfahren, wie viel Spa\u00df es [&hellip;]<\/p>\n","protected":false},"featured_media":4320,"comment_status":"open","ping_status":"closed","template":"","meta":{"_aipt_faq_data":""},"store":[],"product_brand":[451],"product_cat":[80],"product_tag":[142],"class_list":{"0":"post-4319","1":"product","2":"type-product","3":"status-publish","4":"has-post-thumbnail","6":"product_brand-adusriz","7":"product_cat-robotik-bausaetze","8":"product_tag-robotik-bausaetze-fuer-kinder","10":"first","11":"instock","12":"sale","13":"shipping-taxable","14":"product-type-external"},"yoast_head":"<!-- This site is optimized with the Yoast SEO plugin v27.4 - https:\/\/yoast.com\/product\/yoast-seo-wordpress\/ -->\n<title>Experimente f\u00fcr Kinder von 8 9 10 11 12 13 14, Bausatz Zwei hydraulische Boxroboter bauen, Experimentierkasten, Roboterbausatz, Kinderspielzeuggeschenke von 8-14 Jahren Jungen - EasyLifeBro<\/title>\n<meta name=\"description\" content=\"Entdecken Sie smarte Roboter f\u00fcr Zuhause, Garten, Bildung und Sicherheit. Vergleichen Sie Saugroboter, Rasenm\u00e4hroboter, KI-Begleitroboter und mehr bei EasyLifeRobo.\" \/>\n<meta name=\"robots\" content=\"index, follow, max-snippet:-1, max-image-preview:large, max-video-preview:-1\" \/>\n<link rel=\"canonical\" href=\"https:\/\/easyliferobo.com\/de\/product\/experimente-fuer-kinder-von-8-9-10-11-12-13-14-bausatz-zwei-hydraulische-boxroboter-bauen-experimentierkasten-roboterbausatz-kinderspielzeuggeschenke-von-8-14-jahren-jungen\/\" \/>\n<meta property=\"og:locale\" content=\"de_DE\" \/>\n<meta property=\"og:type\" content=\"article\" \/>\n<meta property=\"og:title\" content=\"Experimente f\u00fcr Kinder von 8 9 10 11 12 13 14, Bausatz Zwei hydraulische Boxroboter bauen, Experimentierkasten, Roboterbausatz, Kinderspielzeuggeschenke von 8-14 Jahren Jungen - EasyLifeBro\" \/>\n<meta property=\"og:description\" content=\"Entdecken Sie smarte Roboter f\u00fcr Zuhause, Garten, Bildung und Sicherheit. Vergleichen Sie Saugroboter, Rasenm\u00e4hroboter, KI-Begleitroboter und mehr bei EasyLifeRobo.\" \/>\n<meta property=\"og:url\" content=\"https:\/\/easyliferobo.com\/de\/product\/experimente-fuer-kinder-von-8-9-10-11-12-13-14-bausatz-zwei-hydraulische-boxroboter-bauen-experimentierkasten-roboterbausatz-kinderspielzeuggeschenke-von-8-14-jahren-jungen\/\" \/>\n<meta property=\"og:site_name\" content=\"EasyLifeBro\" \/>\n<meta property=\"article:modified_time\" content=\"2026-02-27T12:23:32+00:00\" \/>\n<meta property=\"og:image\" content=\"https:\/\/images-na.ssl-images-amazon.com\/images\/G\/01\/x-locale\/common\/grey-pixel.gif\" \/>\n<meta name=\"twitter:card\" content=\"summary_large_image\" \/>\n<meta name=\"twitter:label1\" content=\"Gesch\u00e4tzte Lesezeit\" \/>\n\t<meta name=\"twitter:data1\" content=\"1\u00a0Minute\" \/>\n<script type=\"application\/ld+json\" class=\"yoast-schema-graph\">{\"@context\":\"https:\\\/\\\/schema.org\",\"@graph\":[{\"@type\":\"WebPage\",\"@id\":\"https:\\\/\\\/easyliferobo.com\\\/de\\\/product\\\/experimente-fuer-kinder-von-8-9-10-11-12-13-14-bausatz-zwei-hydraulische-boxroboter-bauen-experimentierkasten-roboterbausatz-kinderspielzeuggeschenke-von-8-14-jahren-jungen\\\/\",\"url\":\"https:\\\/\\\/easyliferobo.com\\\/de\\\/product\\\/experimente-fuer-kinder-von-8-9-10-11-12-13-14-bausatz-zwei-hydraulische-boxroboter-bauen-experimentierkasten-roboterbausatz-kinderspielzeuggeschenke-von-8-14-jahren-jungen\\\/\",\"name\":\"Experimente f\u00fcr Kinder von 8 9 10 11 12 13 14, Bausatz Zwei hydraulische Boxroboter bauen, Experimentierkasten, Roboterbausatz, Kinderspielzeuggeschenke von 8-14 Jahren Jungen - EasyLifeBro\",\"isPartOf\":{\"@id\":\"https:\\\/\\\/easyliferobo.com\\\/de\\\/#website\"},\"primaryImageOfPage\":{\"@id\":\"https:\\\/\\\/easyliferobo.com\\\/de\\\/product\\\/experimente-fuer-kinder-von-8-9-10-11-12-13-14-bausatz-zwei-hydraulische-boxroboter-bauen-experimentierkasten-roboterbausatz-kinderspielzeuggeschenke-von-8-14-jahren-jungen\\\/#primaryimage\"},\"image\":{\"@id\":\"https:\\\/\\\/easyliferobo.com\\\/de\\\/product\\\/experimente-fuer-kinder-von-8-9-10-11-12-13-14-bausatz-zwei-hydraulische-boxroboter-bauen-experimentierkasten-roboterbausatz-kinderspielzeuggeschenke-von-8-14-jahren-jungen\\\/#primaryimage\"},\"thumbnailUrl\":\"https:\\\/\\\/easyliferobo.com\\\/de\\\/wp-content\\\/uploads\\\/2026\\\/02\\\/81HtsCMf3L._AC_SL1500_.jpg\",\"datePublished\":\"2026-02-27T12:23:15+00:00\",\"dateModified\":\"2026-02-27T12:23:32+00:00\",\"description\":\"Entdecken Sie smarte Roboter f\u00fcr Zuhause, Garten, Bildung und Sicherheit. Vergleichen Sie Saugroboter, Rasenm\u00e4hroboter, KI-Begleitroboter und mehr bei EasyLifeRobo.\",\"breadcrumb\":{\"@id\":\"https:\\\/\\\/easyliferobo.com\\\/de\\\/product\\\/experimente-fuer-kinder-von-8-9-10-11-12-13-14-bausatz-zwei-hydraulische-boxroboter-bauen-experimentierkasten-roboterbausatz-kinderspielzeuggeschenke-von-8-14-jahren-jungen\\\/#breadcrumb\"},\"inLanguage\":\"de\",\"potentialAction\":[{\"@type\":\"ReadAction\",\"target\":[\"https:\\\/\\\/easyliferobo.com\\\/de\\\/product\\\/experimente-fuer-kinder-von-8-9-10-11-12-13-14-bausatz-zwei-hydraulische-boxroboter-bauen-experimentierkasten-roboterbausatz-kinderspielzeuggeschenke-von-8-14-jahren-jungen\\\/\"]}]},{\"@type\":\"ImageObject\",\"inLanguage\":\"de\",\"@id\":\"https:\\\/\\\/easyliferobo.com\\\/de\\\/product\\\/experimente-fuer-kinder-von-8-9-10-11-12-13-14-bausatz-zwei-hydraulische-boxroboter-bauen-experimentierkasten-roboterbausatz-kinderspielzeuggeschenke-von-8-14-jahren-jungen\\\/#primaryimage\",\"url\":\"https:\\\/\\\/easyliferobo.com\\\/de\\\/wp-content\\\/uploads\\\/2026\\\/02\\\/81HtsCMf3L._AC_SL1500_.jpg\",\"contentUrl\":\"https:\\\/\\\/easyliferobo.com\\\/de\\\/wp-content\\\/uploads\\\/2026\\\/02\\\/81HtsCMf3L._AC_SL1500_.jpg\",\"width\":1500,\"height\":1483},{\"@type\":\"BreadcrumbList\",\"@id\":\"https:\\\/\\\/easyliferobo.com\\\/de\\\/product\\\/experimente-fuer-kinder-von-8-9-10-11-12-13-14-bausatz-zwei-hydraulische-boxroboter-bauen-experimentierkasten-roboterbausatz-kinderspielzeuggeschenke-von-8-14-jahren-jungen\\\/#breadcrumb\",\"itemListElement\":[{\"@type\":\"ListItem\",\"position\":1,\"name\":\"Home\",\"item\":\"https:\\\/\\\/easyliferobo.com\\\/de\\\/\"},{\"@type\":\"ListItem\",\"position\":2,\"name\":\"Shop\",\"item\":\"https:\\\/\\\/easyliferobo.com\\\/de\\\/shop\\\/\"},{\"@type\":\"ListItem\",\"position\":3,\"name\":\"Experimente f\u00fcr Kinder von 8 9 10 ...\"}]},{\"@type\":\"WebSite\",\"@id\":\"https:\\\/\\\/easyliferobo.com\\\/de\\\/#website\",\"url\":\"https:\\\/\\\/easyliferobo.com\\\/de\\\/\",\"name\":\"EasyLifeBro\",\"description\":\"Smarte Roboter f\u00fcr Zuhause, Garten &amp; Bildung\",\"publisher\":{\"@id\":\"https:\\\/\\\/easyliferobo.com\\\/de\\\/#organization\"},\"potentialAction\":[{\"@type\":\"SearchAction\",\"target\":{\"@type\":\"EntryPoint\",\"urlTemplate\":\"https:\\\/\\\/easyliferobo.com\\\/de\\\/?s={search_term_string}\"},\"query-input\":{\"@type\":\"PropertyValueSpecification\",\"valueRequired\":true,\"valueName\":\"search_term_string\"}}],\"inLanguage\":\"de\"},{\"@type\":\"Organization\",\"@id\":\"https:\\\/\\\/easyliferobo.com\\\/de\\\/#organization\",\"name\":\"EasyLifeBro\",\"url\":\"https:\\\/\\\/easyliferobo.com\\\/de\\\/\",\"logo\":{\"@type\":\"ImageObject\",\"inLanguage\":\"de\",\"@id\":\"https:\\\/\\\/easyliferobo.com\\\/de\\\/#\\\/schema\\\/logo\\\/image\\\/\",\"url\":\"https:\\\/\\\/easyliferobo.com\\\/de\\\/wp-content\\\/uploads\\\/2026\\\/02\\\/Screenshot-2026-02-22-at-2.25.03-PM.png\",\"contentUrl\":\"https:\\\/\\\/easyliferobo.com\\\/de\\\/wp-content\\\/uploads\\\/2026\\\/02\\\/Screenshot-2026-02-22-at-2.25.03-PM.png\",\"width\":1858,\"height\":430,\"caption\":\"EasyLifeBro\"},\"image\":{\"@id\":\"https:\\\/\\\/easyliferobo.com\\\/de\\\/#\\\/schema\\\/logo\\\/image\\\/\"}}]}<\/script>\n<!-- \/ Yoast SEO plugin. -->","yoast_head_json":{"title":"Experimente f\u00fcr Kinder von 8 9 10 11 12 13 14, Bausatz Zwei hydraulische Boxroboter bauen, Experimentierkasten, Roboterbausatz, Kinderspielzeuggeschenke von 8-14 Jahren Jungen - EasyLifeBro","description":"Entdecken Sie smarte Roboter f\u00fcr Zuhause, Garten, Bildung und Sicherheit. Vergleichen Sie Saugroboter, Rasenm\u00e4hroboter, KI-Begleitroboter und mehr bei EasyLifeRobo.","robots":{"index":"index","follow":"follow","max-snippet":"max-snippet:-1","max-image-preview":"max-image-preview:large","max-video-preview":"max-video-preview:-1"},"canonical":"https:\/\/easyliferobo.com\/de\/product\/experimente-fuer-kinder-von-8-9-10-11-12-13-14-bausatz-zwei-hydraulische-boxroboter-bauen-experimentierkasten-roboterbausatz-kinderspielzeuggeschenke-von-8-14-jahren-jungen\/","og_locale":"de_DE","og_type":"article","og_title":"Experimente f\u00fcr Kinder von 8 9 10 11 12 13 14, Bausatz Zwei hydraulische Boxroboter bauen, Experimentierkasten, Roboterbausatz, Kinderspielzeuggeschenke von 8-14 Jahren Jungen - EasyLifeBro","og_description":"Entdecken Sie smarte Roboter f\u00fcr Zuhause, Garten, Bildung und Sicherheit. Vergleichen Sie Saugroboter, Rasenm\u00e4hroboter, KI-Begleitroboter und mehr bei EasyLifeRobo.","og_url":"https:\/\/easyliferobo.com\/de\/product\/experimente-fuer-kinder-von-8-9-10-11-12-13-14-bausatz-zwei-hydraulische-boxroboter-bauen-experimentierkasten-roboterbausatz-kinderspielzeuggeschenke-von-8-14-jahren-jungen\/","og_site_name":"EasyLifeBro","article_modified_time":"2026-02-27T12:23:32+00:00","og_image":[{"url":"https:\/\/images-na.ssl-images-amazon.com\/images\/G\/01\/x-locale\/common\/grey-pixel.gif","type":"","width":"","height":""}],"twitter_card":"summary_large_image","twitter_misc":{"Gesch\u00e4tzte Lesezeit":"1\u00a0Minute"},"schema":{"@context":"https:\/\/schema.org","@graph":[{"@type":"WebPage","@id":"https:\/\/easyliferobo.com\/de\/product\/experimente-fuer-kinder-von-8-9-10-11-12-13-14-bausatz-zwei-hydraulische-boxroboter-bauen-experimentierkasten-roboterbausatz-kinderspielzeuggeschenke-von-8-14-jahren-jungen\/","url":"https:\/\/easyliferobo.com\/de\/product\/experimente-fuer-kinder-von-8-9-10-11-12-13-14-bausatz-zwei-hydraulische-boxroboter-bauen-experimentierkasten-roboterbausatz-kinderspielzeuggeschenke-von-8-14-jahren-jungen\/","name":"Experimente f\u00fcr Kinder von 8 9 10 11 12 13 14, Bausatz Zwei hydraulische Boxroboter bauen, Experimentierkasten, Roboterbausatz, Kinderspielzeuggeschenke von 8-14 Jahren Jungen - EasyLifeBro","isPartOf":{"@id":"https:\/\/easyliferobo.com\/de\/#website"},"primaryImageOfPage":{"@id":"https:\/\/easyliferobo.com\/de\/product\/experimente-fuer-kinder-von-8-9-10-11-12-13-14-bausatz-zwei-hydraulische-boxroboter-bauen-experimentierkasten-roboterbausatz-kinderspielzeuggeschenke-von-8-14-jahren-jungen\/#primaryimage"},"image":{"@id":"https:\/\/easyliferobo.com\/de\/product\/experimente-fuer-kinder-von-8-9-10-11-12-13-14-bausatz-zwei-hydraulische-boxroboter-bauen-experimentierkasten-roboterbausatz-kinderspielzeuggeschenke-von-8-14-jahren-jungen\/#primaryimage"},"thumbnailUrl":"https:\/\/easyliferobo.com\/de\/wp-content\/uploads\/2026\/02\/81HtsCMf3L._AC_SL1500_.jpg","datePublished":"2026-02-27T12:23:15+00:00","dateModified":"2026-02-27T12:23:32+00:00","description":"Entdecken Sie smarte Roboter f\u00fcr Zuhause, Garten, Bildung und Sicherheit. Vergleichen Sie Saugroboter, Rasenm\u00e4hroboter, KI-Begleitroboter und mehr bei EasyLifeRobo.","breadcrumb":{"@id":"https:\/\/easyliferobo.com\/de\/product\/experimente-fuer-kinder-von-8-9-10-11-12-13-14-bausatz-zwei-hydraulische-boxroboter-bauen-experimentierkasten-roboterbausatz-kinderspielzeuggeschenke-von-8-14-jahren-jungen\/#breadcrumb"},"inLanguage":"de","potentialAction":[{"@type":"ReadAction","target":["https:\/\/easyliferobo.com\/de\/product\/experimente-fuer-kinder-von-8-9-10-11-12-13-14-bausatz-zwei-hydraulische-boxroboter-bauen-experimentierkasten-roboterbausatz-kinderspielzeuggeschenke-von-8-14-jahren-jungen\/"]}]},{"@type":"ImageObject","inLanguage":"de","@id":"https:\/\/easyliferobo.com\/de\/product\/experimente-fuer-kinder-von-8-9-10-11-12-13-14-bausatz-zwei-hydraulische-boxroboter-bauen-experimentierkasten-roboterbausatz-kinderspielzeuggeschenke-von-8-14-jahren-jungen\/#primaryimage","url":"https:\/\/easyliferobo.com\/de\/wp-content\/uploads\/2026\/02\/81HtsCMf3L._AC_SL1500_.jpg","contentUrl":"https:\/\/easyliferobo.com\/de\/wp-content\/uploads\/2026\/02\/81HtsCMf3L._AC_SL1500_.jpg","width":1500,"height":1483},{"@type":"BreadcrumbList","@id":"https:\/\/easyliferobo.com\/de\/product\/experimente-fuer-kinder-von-8-9-10-11-12-13-14-bausatz-zwei-hydraulische-boxroboter-bauen-experimentierkasten-roboterbausatz-kinderspielzeuggeschenke-von-8-14-jahren-jungen\/#breadcrumb","itemListElement":[{"@type":"ListItem","position":1,"name":"Home","item":"https:\/\/easyliferobo.com\/de\/"},{"@type":"ListItem","position":2,"name":"Shop","item":"https:\/\/easyliferobo.com\/de\/shop\/"},{"@type":"ListItem","position":3,"name":"Experimente f\u00fcr Kinder von 8 9 10 ..."}]},{"@type":"WebSite","@id":"https:\/\/easyliferobo.com\/de\/#website","url":"https:\/\/easyliferobo.com\/de\/","name":"EasyLifeBro","description":"Smarte Roboter f\u00fcr Zuhause, Garten &amp; Bildung","publisher":{"@id":"https:\/\/easyliferobo.com\/de\/#organization"},"potentialAction":[{"@type":"SearchAction","target":{"@type":"EntryPoint","urlTemplate":"https:\/\/easyliferobo.com\/de\/?s={search_term_string}"},"query-input":{"@type":"PropertyValueSpecification","valueRequired":true,"valueName":"search_term_string"}}],"inLanguage":"de"},{"@type":"Organization","@id":"https:\/\/easyliferobo.com\/de\/#organization","name":"EasyLifeBro","url":"https:\/\/easyliferobo.com\/de\/","logo":{"@type":"ImageObject","inLanguage":"de","@id":"https:\/\/easyliferobo.com\/de\/#\/schema\/logo\/image\/","url":"https:\/\/easyliferobo.com\/de\/wp-content\/uploads\/2026\/02\/Screenshot-2026-02-22-at-2.25.03-PM.png","contentUrl":"https:\/\/easyliferobo.com\/de\/wp-content\/uploads\/2026\/02\/Screenshot-2026-02-22-at-2.25.03-PM.png","width":1858,"height":430,"caption":"EasyLifeBro"},"image":{"@id":"https:\/\/easyliferobo.com\/de\/#\/schema\/logo\/image\/"}}]}},"_links":{"self":[{"href":"https:\/\/easyliferobo.com\/de\/wp-json\/wp\/v2\/product\/4319","targetHints":{"allow":["GET"]}}],"collection":[{"href":"https:\/\/easyliferobo.com\/de\/wp-json\/wp\/v2\/product"}],"about":[{"href":"https:\/\/easyliferobo.com\/de\/wp-json\/wp\/v2\/types\/product"}],"replies":[{"embeddable":true,"href":"https:\/\/easyliferobo.com\/de\/wp-json\/wp\/v2\/comments?post=4319"}],"wp:featuredmedia":[{"embeddable":true,"href":"https:\/\/easyliferobo.com\/de\/wp-json\/wp\/v2\/media\/4320"}],"wp:attachment":[{"href":"https:\/\/easyliferobo.com\/de\/wp-json\/wp\/v2\/media?parent=4319"}],"wp:term":[{"taxonomy":"store","embeddable":true,"href":"https:\/\/easyliferobo.com\/de\/wp-json\/wp\/v2\/store?post=4319"},{"taxonomy":"product_brand","embeddable":true,"href":"https:\/\/easyliferobo.com\/de\/wp-json\/wp\/v2\/product_brand?post=4319"},{"taxonomy":"product_cat","embeddable":true,"href":"https:\/\/easyliferobo.com\/de\/wp-json\/wp\/v2\/product_cat?post=4319"},{"taxonomy":"product_tag","embeddable":true,"href":"https:\/\/easyliferobo.com\/de\/wp-json\/wp\/v2\/product_tag?post=4319"}],"curies":[{"name":"wp","href":"https:\/\/api.w.org\/{rel}","templated":true}]}}