
{"id":4300,"date":"2026-02-27T12:14:46","date_gmt":"2026-02-27T12:14:46","guid":{"rendered":"https:\/\/easyliferobo.com\/de\/product\/leadzm-roboter-rasenmaeher-roboter-rasenmaeher-bis-zu-1200-m%c2%b2-bluetooth-wlan-selbstladend-schnitthoehe-25-65-mm-47-steigung-220-mm-schnittbreite-ipx5-wasserdicht\/"},"modified":"2026-02-27T12:15:04","modified_gmt":"2026-02-27T12:15:04","slug":"leadzm-roboter-rasenmaeher-roboter-rasenmaeher-bis-zu-1200-m%c2%b2-bluetooth-wlan-selbstladend-schnitthoehe-25-65-mm-47-steigung-220-mm-schnittbreite-ipx5-wasserdicht","status":"publish","type":"product","link":"https:\/\/easyliferobo.com\/de\/product\/leadzm-roboter-rasenmaeher-roboter-rasenmaeher-bis-zu-1200-m%c2%b2-bluetooth-wlan-selbstladend-schnitthoehe-25-65-mm-47-steigung-220-mm-schnittbreite-ipx5-wasserdicht\/","title":{"rendered":"LEADZM Roboter-Rasenm\u00e4her, Roboter..."},"content":{"rendered":"<p>\n                                             Produktbeschreibung   <\/p>\n<p>                                                                                                       <img decoding=\"async\" alt=\"M\u00e4hroboter Rasenroboter ohne Begrenzungskabel, Rasenm\u00e4her Roboter\" src=\"https:\/\/images-na.ssl-images-amazon.com\/images\/G\/01\/x-locale\/common\/grey-pixel.gif\" class=\"a-lazy-loaded\" data-src=\"https:\/\/m.media-amazon.com\/images\/S\/aplus-media-library-service-media\/1566b318-1fa8-4773-a831-43f74712c1c9.__CR0,0,1464,600_PT0_SX1464_V1___.png\"><img decoding=\"async\" alt=\"M\u00e4hroboter Rasenroboter ohne Begrenzungskabel, Rasenm\u00e4her Roboter\" src=\"https:\/\/m.media-amazon.com\/images\/S\/aplus-media-library-service-media\/1566b318-1fa8-4773-a831-43f74712c1c9.__CR0,0,1464,600_PT0_SX1464_V1___.png\">                                               <\/p>\n<p>                                                                                                                <img decoding=\"async\" alt=\"Nahaufnahme der Unterseite eines Rasenm\u00e4hroboters mit einem kreisf\u00f6rmigen Schneidmesser mit blauer Beleuchtung. Der Text weist auf eine Schnittbreite von 22 cm hin und her\" src=\"https:\/\/m.media-amazon.com\/images\/S\/aplus-media-library-service-media\/aca3185d-1a57-4a7a-b44e-7f76b299b113.__CR0,0,1464,600_PT0_SX1464_V1___.png\">                                                    <img decoding=\"async\" alt=\"Nahaufnahme des Klingenmechanismus des Rasenm\u00e4hers mit einstellbarer Schnitth\u00f6he. Das rote Zifferblatt zeigt einen Bereich von 25 bis 65 mm an. Der Text \u201e1-2,5 Zoll\u201c\" src=\"https:\/\/m.media-amazon.com\/images\/S\/aplus-media-library-service-media\/0388f043-f168-4d2d-ae10-be4ace0943c5.__CR0,0,1464,600_PT0_SX1464_V1___.png\">                                                    <img decoding=\"async\" alt=\"Schwarzes Roboterger\u00e4t mit blauen R\u00e4dern, das unter flie\u00dfendem Wasser gereinigt wird. Der deutsche Text besagt, dass es leicht unter einem Wasserhahn abgesp\u00fclt werden kann, um eine m\u00fchelose Reinigung zu erm\u00f6glichen\" src=\"https:\/\/m.media-amazon.com\/images\/S\/aplus-media-library-service-media\/7a21b81f-9bcf-485c-905f-c19ed749ee8d.__CR0,0,1464,600_PT0_SX1464_V1___.png\"><br \/>\n                            1 22 cm Schnittbreite 2 Schnitth\u00f6he 25-65 mm 3 IPX5 Wasserdicht <\/p>\n<p>                                                                                                                <img decoding=\"async\" alt=\"Rasenm\u00e4herroboter mit blauen R\u00e4dern auf Gras, der zur Holzladestation verkauft wird. Der Text beschreibt die automatische R\u00fcckkehrfunktion, wenn der Akku schwach ist oder es regnet\" src=\"https:\/\/m.media-amazon.com\/images\/S\/aplus-media-library-service-media\/61226770-59fa-4afe-95d5-9d83b4d31aca.__CR0,0,1464,600_PT0_SX1464_V1___.png\">                                                    <img decoding=\"async\" alt=\"M\u00e4hroboter auf Gras mit visueller Darstellung der Hinderniserkennung. Gitarre und Picknick-Setup werden als Beispiele f\u00fcr vermeidbare Gegenst\u00e4nde gezeigt. Der Text weist auf Deutsch auf \u201eAutomatische Hindernisvermeidung\u201c hin.\" src=\"https:\/\/m.media-amazon.com\/images\/S\/aplus-media-library-service-media\/db416457-7a5b-40a2-bf69-0326f5a6eab8.__CR0,0,1464,600_PT0_SX1464_V1___.png\">                                                    <img decoding=\"async\" alt=\"M\u00e4hroboter mit blauer Karosserie und orangefarbenen R\u00e4dern auf Gras. Die Texteinmischung hebt langlebige, griffige R\u00e4der hervor. Das Diagramm zeigt eine M\u00e4hbreite von 47 cm\" src=\"https:\/\/m.media-amazon.com\/images\/S\/aplus-media-library-service-media\/b988d5d6-e6e6-45e1-bf9a-de7f611b66bc.__CR0,0,1464,600_PT0_SX1464_V1___.png\"><br \/>\n                            1 AUTOMATISCHE R\u00dcCKKEHR 2 HINDERNISVERMEIDUNG 3 GRFFIGE R\u00c4DER <\/p>\n<p>                                                                                                                <img decoding=\"async\" alt=\"M\u00e4hroboter mit blauen Lichtern auf Gras in der N\u00e4he einer lesenden Person. In der Texteinmischung stehen \u201eGeringe L\u00e4rmemission\u201c und \u201eGer\u00e4uschpeisel &lt;66 dB (A)\u201c, was auf einen ger\u00e4uscharmen Betrieb hingewiesen wird\" src=\"https:\/\/m.media-amazon.com\/images\/S\/aplus-media-library-service-media\/bc00743d-467a-47cf-b9ec-3023c15f5ab1.__CR0,0,1464,600_PT0_SX1464_V1___.png\">                                                    <img decoding=\"async\" alt=\"M\u00e4hroboter auf Gras mit blauen R\u00e4dern. Das Diagramm zeigt eine Arbeitsbreite von 100 cm, einen Mindestdurchgang von 30 cm und eine Breite der Ladestation von 100 cm.\" src=\"https:\/\/m.media-amazon.com\/images\/S\/aplus-media-library-service-media\/310fe8e6-7694-4580-86f8-ae8ac5a27fe4.__CR0,0,1464,600_PT0_SX1464_V1___.png\">                                                    <img decoding=\"async\" alt=\"M\u00e4hroboter auf Gras neben gelbem Blumenbeet. Der obige Text hebt die geringe Ger\u00e4uschemission hervor. Das Ger\u00e4t sieht kompakt aus und hat ein blaues und schwarzes Design.\" src=\"https:\/\/m.media-amazon.com\/images\/S\/aplus-media-library-service-media\/d9103d6d-5d52-47bc-a149-acf4ebb1e890.__CR0,0,1464,600_PT0_SX1464_V1___.png\"><br \/>\n                            1 GERINGE L\u00c4RMEMISSION 2 VERLEGEABSTAND 3 SCHUTZZONEN-EINRICHTUNG <\/p>\n<p>                                                                                                       <img decoding=\"async\" alt=\"M\u00e4hroboter-Kit mit schwarzer M\u00e4heinheit, Ladestation, Begrenzungskabel und Zubeh\u00f6r. Der M\u00e4her verf\u00fcgt \u00fcber blaue R\u00e4der und eine kuppelf\u00f6rmige Oberseite\" src=\"https:\/\/images-na.ssl-images-amazon.com\/images\/G\/01\/x-locale\/common\/grey-pixel.gif\" class=\"a-lazy-loaded\" data-src=\"https:\/\/m.media-amazon.com\/images\/S\/aplus-media-library-service-media\/a6bd0332-4a04-4d17-a306-05d7e5b9a93f.__CR0,0,1464,600_PT0_SX1464_V1___.png\"><img decoding=\"async\" alt=\"M\u00e4hroboter-Kit mit schwarzer M\u00e4heinheit, Ladestation, Begrenzungskabel und Zubeh\u00f6r. Der M\u00e4her verf\u00fcgt \u00fcber blaue R\u00e4der und eine kuppelf\u00f6rmige Oberseite\" src=\"https:\/\/m.media-amazon.com\/images\/S\/aplus-media-library-service-media\/a6bd0332-4a04-4d17-a306-05d7e5b9a93f.__CR0,0,1464,600_PT0_SX1464_V1___.png\">                                               <\/p>\n<p>Automatischer M\u00e4hroboter: Der intelligente Rasenroboter bietet eine m\u00fchelose L\u00f6sung f\u00fcr die Rasenpflege. Unabh\u00e4ngig von der Form Ihres Rasens definieren Sie einfach die M\u00e4hfl\u00e4che mit Begrenzungskabeln \u2013 unser M\u00e4hroboter bew\u00e4ltigt bis zu 1200 m\u00b2.<br \/>Smarte App-Steuerung: Verbinden Sie den M\u00e4hroboter per Bluetooth oder WLAN. M\u00e4hzeiten programmieren, Modi anpassen, Status und Fortschritt \u00fcberwachen \u2013 alles per App-Steuerung.<br \/>Intelligenter Lade- und Regensensor: Mit automatischer R\u00fcckkehr zur Ladestation (bei <30 % Akku\/Regen) arbeitet der M\u00e4hroboter unterbrechungsfrei. Nach vollst\u00e4ndiger Ladung\/Trocknung geht es genau an der Bruchstelle weiter.<br \/>Intelligent und sicher: 3D-Hindernisvermeidung, Sicherheitsstopp beim Anheben (Messerstopp) und Not-Aus-Taste garantieren sicheres M\u00e4hen mit diesem Rasenm\u00e4herroboter.<br \/>Einfache Installation: Basisstation montieren, Begrenzungskabel als geschlossenen Kreis verlegen (Pluspol \u2192 Umfang \u2192 Minuspol). Strom anschlie\u00dfen, App installieren, M\u00e4hroboter \u00fcber Bluetooth\/WLAN koppeln.<\/p>\n<p>[ad_2]<\/p>\n","protected":false},"excerpt":{"rendered":"<p>Produktbeschreibung 1 22 cm Schnittbreite 2 Schnitth\u00f6he 25-65 mm 3 IPX5 Wasserdicht 1 AUTOMATISCHE R\u00dcCKKEHR 2 HINDERNISVERMEIDUNG 3 GRFFIGE R\u00c4DER 1 GERINGE L\u00c4RMEMISSION 2 VERLEGEABSTAND 3 SCHUTZZONEN-EINRICHTUNG Automatischer M\u00e4hroboter: Der intelligente Rasenroboter bietet eine m\u00fchelose L\u00f6sung f\u00fcr die Rasenpflege. Unabh\u00e4ngig von der Form Ihres Rasens definieren Sie einfach die M\u00e4hfl\u00e4che mit Begrenzungskabeln \u2013 unser M\u00e4hroboter [&hellip;]<\/p>\n","protected":false},"featured_media":4301,"comment_status":"open","ping_status":"closed","template":"","meta":{"_aipt_faq_data":""},"store":[],"product_brand":[450],"product_cat":[83],"product_tag":[138],"class_list":{"0":"post-4300","1":"product","2":"type-product","3":"status-publish","4":"has-post-thumbnail","6":"product_brand-leadzm","7":"product_cat-rasenroboter-fuer-kleine-gaerten","8":"product_tag-rasenroboter-fuer-kleine-gaerten-leise","10":"first","11":"instock","12":"shipping-taxable","13":"product-type-external"},"yoast_head":"<!-- This site is optimized with the Yoast SEO plugin v27.4 - https:\/\/yoast.com\/product\/yoast-seo-wordpress\/ -->\n<title>LEADZM Roboter-Rasenm\u00e4her, Roboter-Rasenm\u00e4her, bis zu 1200 m\u00b2, Bluetooth &amp; WLAN, selbstladend, Schnitth\u00f6he 25\u201365 mm, 47 % Steigung, 220 mm Schnittbreite, IPX5 wasserdicht - EasyLifeBro<\/title>\n<meta name=\"description\" content=\"Entdecken Sie smarte Roboter f\u00fcr Zuhause, Garten, Bildung und Sicherheit. Vergleichen Sie Saugroboter, Rasenm\u00e4hroboter, KI-Begleitroboter und mehr bei EasyLifeRobo.\" \/>\n<meta name=\"robots\" content=\"index, follow, max-snippet:-1, max-image-preview:large, max-video-preview:-1\" \/>\n<link rel=\"canonical\" href=\"https:\/\/easyliferobo.com\/de\/product\/leadzm-roboter-rasenmaeher-roboter-rasenmaeher-bis-zu-1200-m\u00b2-bluetooth-wlan-selbstladend-schnitthoehe-25-65-mm-47-steigung-220-mm-schnittbreite-ipx5-wasserdicht\/\" \/>\n<meta property=\"og:locale\" content=\"de_DE\" \/>\n<meta property=\"og:type\" content=\"article\" \/>\n<meta property=\"og:title\" content=\"LEADZM Roboter-Rasenm\u00e4her, Roboter-Rasenm\u00e4her, bis zu 1200 m\u00b2, Bluetooth &amp; WLAN, selbstladend, Schnitth\u00f6he 25\u201365 mm, 47 % Steigung, 220 mm Schnittbreite, IPX5 wasserdicht - EasyLifeBro\" \/>\n<meta property=\"og:description\" content=\"Entdecken Sie smarte Roboter f\u00fcr Zuhause, Garten, Bildung und Sicherheit. Vergleichen Sie Saugroboter, Rasenm\u00e4hroboter, KI-Begleitroboter und mehr bei EasyLifeRobo.\" \/>\n<meta property=\"og:url\" content=\"https:\/\/easyliferobo.com\/de\/product\/leadzm-roboter-rasenmaeher-roboter-rasenmaeher-bis-zu-1200-m\u00b2-bluetooth-wlan-selbstladend-schnitthoehe-25-65-mm-47-steigung-220-mm-schnittbreite-ipx5-wasserdicht\/\" \/>\n<meta property=\"og:site_name\" content=\"EasyLifeBro\" \/>\n<meta property=\"article:modified_time\" content=\"2026-02-27T12:15:04+00:00\" \/>\n<meta property=\"og:image\" content=\"https:\/\/images-na.ssl-images-amazon.com\/images\/G\/01\/x-locale\/common\/grey-pixel.gif\" \/>\n<meta name=\"twitter:card\" content=\"summary_large_image\" \/>\n<script type=\"application\/ld+json\" class=\"yoast-schema-graph\">{\"@context\":\"https:\\\/\\\/schema.org\",\"@graph\":[{\"@type\":\"WebPage\",\"@id\":\"https:\\\/\\\/easyliferobo.com\\\/de\\\/product\\\/leadzm-roboter-rasenmaeher-roboter-rasenmaeher-bis-zu-1200-m%c2%b2-bluetooth-wlan-selbstladend-schnitthoehe-25-65-mm-47-steigung-220-mm-schnittbreite-ipx5-wasserdicht\\\/\",\"url\":\"https:\\\/\\\/easyliferobo.com\\\/de\\\/product\\\/leadzm-roboter-rasenmaeher-roboter-rasenmaeher-bis-zu-1200-m%c2%b2-bluetooth-wlan-selbstladend-schnitthoehe-25-65-mm-47-steigung-220-mm-schnittbreite-ipx5-wasserdicht\\\/\",\"name\":\"LEADZM Roboter-Rasenm\u00e4her, Roboter-Rasenm\u00e4her, bis zu 1200 m\u00b2, Bluetooth & WLAN, selbstladend, Schnitth\u00f6he 25\u201365 mm, 47 % Steigung, 220 mm Schnittbreite, IPX5 wasserdicht - EasyLifeBro\",\"isPartOf\":{\"@id\":\"https:\\\/\\\/easyliferobo.com\\\/de\\\/#website\"},\"primaryImageOfPage\":{\"@id\":\"https:\\\/\\\/easyliferobo.com\\\/de\\\/product\\\/leadzm-roboter-rasenmaeher-roboter-rasenmaeher-bis-zu-1200-m%c2%b2-bluetooth-wlan-selbstladend-schnitthoehe-25-65-mm-47-steigung-220-mm-schnittbreite-ipx5-wasserdicht\\\/#primaryimage\"},\"image\":{\"@id\":\"https:\\\/\\\/easyliferobo.com\\\/de\\\/product\\\/leadzm-roboter-rasenmaeher-roboter-rasenmaeher-bis-zu-1200-m%c2%b2-bluetooth-wlan-selbstladend-schnitthoehe-25-65-mm-47-steigung-220-mm-schnittbreite-ipx5-wasserdicht\\\/#primaryimage\"},\"thumbnailUrl\":\"https:\\\/\\\/easyliferobo.com\\\/de\\\/wp-content\\\/uploads\\\/2026\\\/02\\\/61-ExWh3LQL._AC_SL1500_.jpg\",\"datePublished\":\"2026-02-27T12:14:46+00:00\",\"dateModified\":\"2026-02-27T12:15:04+00:00\",\"description\":\"Entdecken Sie smarte Roboter f\u00fcr Zuhause, Garten, Bildung und Sicherheit. Vergleichen Sie Saugroboter, Rasenm\u00e4hroboter, KI-Begleitroboter und mehr bei EasyLifeRobo.\",\"breadcrumb\":{\"@id\":\"https:\\\/\\\/easyliferobo.com\\\/de\\\/product\\\/leadzm-roboter-rasenmaeher-roboter-rasenmaeher-bis-zu-1200-m%c2%b2-bluetooth-wlan-selbstladend-schnitthoehe-25-65-mm-47-steigung-220-mm-schnittbreite-ipx5-wasserdicht\\\/#breadcrumb\"},\"inLanguage\":\"de\",\"potentialAction\":[{\"@type\":\"ReadAction\",\"target\":[\"https:\\\/\\\/easyliferobo.com\\\/de\\\/product\\\/leadzm-roboter-rasenmaeher-roboter-rasenmaeher-bis-zu-1200-m%c2%b2-bluetooth-wlan-selbstladend-schnitthoehe-25-65-mm-47-steigung-220-mm-schnittbreite-ipx5-wasserdicht\\\/\"]}]},{\"@type\":\"ImageObject\",\"inLanguage\":\"de\",\"@id\":\"https:\\\/\\\/easyliferobo.com\\\/de\\\/product\\\/leadzm-roboter-rasenmaeher-roboter-rasenmaeher-bis-zu-1200-m%c2%b2-bluetooth-wlan-selbstladend-schnitthoehe-25-65-mm-47-steigung-220-mm-schnittbreite-ipx5-wasserdicht\\\/#primaryimage\",\"url\":\"https:\\\/\\\/easyliferobo.com\\\/de\\\/wp-content\\\/uploads\\\/2026\\\/02\\\/61-ExWh3LQL._AC_SL1500_.jpg\",\"contentUrl\":\"https:\\\/\\\/easyliferobo.com\\\/de\\\/wp-content\\\/uploads\\\/2026\\\/02\\\/61-ExWh3LQL._AC_SL1500_.jpg\",\"width\":1497,\"height\":1008},{\"@type\":\"BreadcrumbList\",\"@id\":\"https:\\\/\\\/easyliferobo.com\\\/de\\\/product\\\/leadzm-roboter-rasenmaeher-roboter-rasenmaeher-bis-zu-1200-m%c2%b2-bluetooth-wlan-selbstladend-schnitthoehe-25-65-mm-47-steigung-220-mm-schnittbreite-ipx5-wasserdicht\\\/#breadcrumb\",\"itemListElement\":[{\"@type\":\"ListItem\",\"position\":1,\"name\":\"Home\",\"item\":\"https:\\\/\\\/easyliferobo.com\\\/de\\\/\"},{\"@type\":\"ListItem\",\"position\":2,\"name\":\"Shop\",\"item\":\"https:\\\/\\\/easyliferobo.com\\\/de\\\/shop\\\/\"},{\"@type\":\"ListItem\",\"position\":3,\"name\":\"LEADZM Roboter-Rasenm\u00e4her, Roboter...\"}]},{\"@type\":\"WebSite\",\"@id\":\"https:\\\/\\\/easyliferobo.com\\\/de\\\/#website\",\"url\":\"https:\\\/\\\/easyliferobo.com\\\/de\\\/\",\"name\":\"EasyLifeBro\",\"description\":\"Smarte Roboter f\u00fcr Zuhause, Garten &amp; Bildung\",\"publisher\":{\"@id\":\"https:\\\/\\\/easyliferobo.com\\\/de\\\/#organization\"},\"potentialAction\":[{\"@type\":\"SearchAction\",\"target\":{\"@type\":\"EntryPoint\",\"urlTemplate\":\"https:\\\/\\\/easyliferobo.com\\\/de\\\/?s={search_term_string}\"},\"query-input\":{\"@type\":\"PropertyValueSpecification\",\"valueRequired\":true,\"valueName\":\"search_term_string\"}}],\"inLanguage\":\"de\"},{\"@type\":\"Organization\",\"@id\":\"https:\\\/\\\/easyliferobo.com\\\/de\\\/#organization\",\"name\":\"EasyLifeBro\",\"url\":\"https:\\\/\\\/easyliferobo.com\\\/de\\\/\",\"logo\":{\"@type\":\"ImageObject\",\"inLanguage\":\"de\",\"@id\":\"https:\\\/\\\/easyliferobo.com\\\/de\\\/#\\\/schema\\\/logo\\\/image\\\/\",\"url\":\"https:\\\/\\\/easyliferobo.com\\\/de\\\/wp-content\\\/uploads\\\/2026\\\/02\\\/Screenshot-2026-02-22-at-2.25.03-PM.png\",\"contentUrl\":\"https:\\\/\\\/easyliferobo.com\\\/de\\\/wp-content\\\/uploads\\\/2026\\\/02\\\/Screenshot-2026-02-22-at-2.25.03-PM.png\",\"width\":1858,\"height\":430,\"caption\":\"EasyLifeBro\"},\"image\":{\"@id\":\"https:\\\/\\\/easyliferobo.com\\\/de\\\/#\\\/schema\\\/logo\\\/image\\\/\"}}]}<\/script>\n<!-- \/ Yoast SEO plugin. -->","yoast_head_json":{"title":"LEADZM Roboter-Rasenm\u00e4her, Roboter-Rasenm\u00e4her, bis zu 1200 m\u00b2, Bluetooth & WLAN, selbstladend, Schnitth\u00f6he 25\u201365 mm, 47 % Steigung, 220 mm Schnittbreite, IPX5 wasserdicht - EasyLifeBro","description":"Entdecken Sie smarte Roboter f\u00fcr Zuhause, Garten, Bildung und Sicherheit. Vergleichen Sie Saugroboter, Rasenm\u00e4hroboter, KI-Begleitroboter und mehr bei EasyLifeRobo.","robots":{"index":"index","follow":"follow","max-snippet":"max-snippet:-1","max-image-preview":"max-image-preview:large","max-video-preview":"max-video-preview:-1"},"canonical":"https:\/\/easyliferobo.com\/de\/product\/leadzm-roboter-rasenmaeher-roboter-rasenmaeher-bis-zu-1200-m\u00b2-bluetooth-wlan-selbstladend-schnitthoehe-25-65-mm-47-steigung-220-mm-schnittbreite-ipx5-wasserdicht\/","og_locale":"de_DE","og_type":"article","og_title":"LEADZM Roboter-Rasenm\u00e4her, Roboter-Rasenm\u00e4her, bis zu 1200 m\u00b2, Bluetooth & WLAN, selbstladend, Schnitth\u00f6he 25\u201365 mm, 47 % Steigung, 220 mm Schnittbreite, IPX5 wasserdicht - EasyLifeBro","og_description":"Entdecken Sie smarte Roboter f\u00fcr Zuhause, Garten, Bildung und Sicherheit. Vergleichen Sie Saugroboter, Rasenm\u00e4hroboter, KI-Begleitroboter und mehr bei EasyLifeRobo.","og_url":"https:\/\/easyliferobo.com\/de\/product\/leadzm-roboter-rasenmaeher-roboter-rasenmaeher-bis-zu-1200-m\u00b2-bluetooth-wlan-selbstladend-schnitthoehe-25-65-mm-47-steigung-220-mm-schnittbreite-ipx5-wasserdicht\/","og_site_name":"EasyLifeBro","article_modified_time":"2026-02-27T12:15:04+00:00","og_image":[{"url":"https:\/\/images-na.ssl-images-amazon.com\/images\/G\/01\/x-locale\/common\/grey-pixel.gif","type":"","width":"","height":""}],"twitter_card":"summary_large_image","schema":{"@context":"https:\/\/schema.org","@graph":[{"@type":"WebPage","@id":"https:\/\/easyliferobo.com\/de\/product\/leadzm-roboter-rasenmaeher-roboter-rasenmaeher-bis-zu-1200-m%c2%b2-bluetooth-wlan-selbstladend-schnitthoehe-25-65-mm-47-steigung-220-mm-schnittbreite-ipx5-wasserdicht\/","url":"https:\/\/easyliferobo.com\/de\/product\/leadzm-roboter-rasenmaeher-roboter-rasenmaeher-bis-zu-1200-m%c2%b2-bluetooth-wlan-selbstladend-schnitthoehe-25-65-mm-47-steigung-220-mm-schnittbreite-ipx5-wasserdicht\/","name":"LEADZM Roboter-Rasenm\u00e4her, Roboter-Rasenm\u00e4her, bis zu 1200 m\u00b2, Bluetooth & WLAN, selbstladend, Schnitth\u00f6he 25\u201365 mm, 47 % Steigung, 220 mm Schnittbreite, IPX5 wasserdicht - EasyLifeBro","isPartOf":{"@id":"https:\/\/easyliferobo.com\/de\/#website"},"primaryImageOfPage":{"@id":"https:\/\/easyliferobo.com\/de\/product\/leadzm-roboter-rasenmaeher-roboter-rasenmaeher-bis-zu-1200-m%c2%b2-bluetooth-wlan-selbstladend-schnitthoehe-25-65-mm-47-steigung-220-mm-schnittbreite-ipx5-wasserdicht\/#primaryimage"},"image":{"@id":"https:\/\/easyliferobo.com\/de\/product\/leadzm-roboter-rasenmaeher-roboter-rasenmaeher-bis-zu-1200-m%c2%b2-bluetooth-wlan-selbstladend-schnitthoehe-25-65-mm-47-steigung-220-mm-schnittbreite-ipx5-wasserdicht\/#primaryimage"},"thumbnailUrl":"https:\/\/easyliferobo.com\/de\/wp-content\/uploads\/2026\/02\/61-ExWh3LQL._AC_SL1500_.jpg","datePublished":"2026-02-27T12:14:46+00:00","dateModified":"2026-02-27T12:15:04+00:00","description":"Entdecken Sie smarte Roboter f\u00fcr Zuhause, Garten, Bildung und Sicherheit. Vergleichen Sie Saugroboter, Rasenm\u00e4hroboter, KI-Begleitroboter und mehr bei EasyLifeRobo.","breadcrumb":{"@id":"https:\/\/easyliferobo.com\/de\/product\/leadzm-roboter-rasenmaeher-roboter-rasenmaeher-bis-zu-1200-m%c2%b2-bluetooth-wlan-selbstladend-schnitthoehe-25-65-mm-47-steigung-220-mm-schnittbreite-ipx5-wasserdicht\/#breadcrumb"},"inLanguage":"de","potentialAction":[{"@type":"ReadAction","target":["https:\/\/easyliferobo.com\/de\/product\/leadzm-roboter-rasenmaeher-roboter-rasenmaeher-bis-zu-1200-m%c2%b2-bluetooth-wlan-selbstladend-schnitthoehe-25-65-mm-47-steigung-220-mm-schnittbreite-ipx5-wasserdicht\/"]}]},{"@type":"ImageObject","inLanguage":"de","@id":"https:\/\/easyliferobo.com\/de\/product\/leadzm-roboter-rasenmaeher-roboter-rasenmaeher-bis-zu-1200-m%c2%b2-bluetooth-wlan-selbstladend-schnitthoehe-25-65-mm-47-steigung-220-mm-schnittbreite-ipx5-wasserdicht\/#primaryimage","url":"https:\/\/easyliferobo.com\/de\/wp-content\/uploads\/2026\/02\/61-ExWh3LQL._AC_SL1500_.jpg","contentUrl":"https:\/\/easyliferobo.com\/de\/wp-content\/uploads\/2026\/02\/61-ExWh3LQL._AC_SL1500_.jpg","width":1497,"height":1008},{"@type":"BreadcrumbList","@id":"https:\/\/easyliferobo.com\/de\/product\/leadzm-roboter-rasenmaeher-roboter-rasenmaeher-bis-zu-1200-m%c2%b2-bluetooth-wlan-selbstladend-schnitthoehe-25-65-mm-47-steigung-220-mm-schnittbreite-ipx5-wasserdicht\/#breadcrumb","itemListElement":[{"@type":"ListItem","position":1,"name":"Home","item":"https:\/\/easyliferobo.com\/de\/"},{"@type":"ListItem","position":2,"name":"Shop","item":"https:\/\/easyliferobo.com\/de\/shop\/"},{"@type":"ListItem","position":3,"name":"LEADZM Roboter-Rasenm\u00e4her, Roboter..."}]},{"@type":"WebSite","@id":"https:\/\/easyliferobo.com\/de\/#website","url":"https:\/\/easyliferobo.com\/de\/","name":"EasyLifeBro","description":"Smarte Roboter f\u00fcr Zuhause, Garten &amp; Bildung","publisher":{"@id":"https:\/\/easyliferobo.com\/de\/#organization"},"potentialAction":[{"@type":"SearchAction","target":{"@type":"EntryPoint","urlTemplate":"https:\/\/easyliferobo.com\/de\/?s={search_term_string}"},"query-input":{"@type":"PropertyValueSpecification","valueRequired":true,"valueName":"search_term_string"}}],"inLanguage":"de"},{"@type":"Organization","@id":"https:\/\/easyliferobo.com\/de\/#organization","name":"EasyLifeBro","url":"https:\/\/easyliferobo.com\/de\/","logo":{"@type":"ImageObject","inLanguage":"de","@id":"https:\/\/easyliferobo.com\/de\/#\/schema\/logo\/image\/","url":"https:\/\/easyliferobo.com\/de\/wp-content\/uploads\/2026\/02\/Screenshot-2026-02-22-at-2.25.03-PM.png","contentUrl":"https:\/\/easyliferobo.com\/de\/wp-content\/uploads\/2026\/02\/Screenshot-2026-02-22-at-2.25.03-PM.png","width":1858,"height":430,"caption":"EasyLifeBro"},"image":{"@id":"https:\/\/easyliferobo.com\/de\/#\/schema\/logo\/image\/"}}]}},"_links":{"self":[{"href":"https:\/\/easyliferobo.com\/de\/wp-json\/wp\/v2\/product\/4300","targetHints":{"allow":["GET"]}}],"collection":[{"href":"https:\/\/easyliferobo.com\/de\/wp-json\/wp\/v2\/product"}],"about":[{"href":"https:\/\/easyliferobo.com\/de\/wp-json\/wp\/v2\/types\/product"}],"replies":[{"embeddable":true,"href":"https:\/\/easyliferobo.com\/de\/wp-json\/wp\/v2\/comments?post=4300"}],"wp:featuredmedia":[{"embeddable":true,"href":"https:\/\/easyliferobo.com\/de\/wp-json\/wp\/v2\/media\/4301"}],"wp:attachment":[{"href":"https:\/\/easyliferobo.com\/de\/wp-json\/wp\/v2\/media?parent=4300"}],"wp:term":[{"taxonomy":"store","embeddable":true,"href":"https:\/\/easyliferobo.com\/de\/wp-json\/wp\/v2\/store?post=4300"},{"taxonomy":"product_brand","embeddable":true,"href":"https:\/\/easyliferobo.com\/de\/wp-json\/wp\/v2\/product_brand?post=4300"},{"taxonomy":"product_cat","embeddable":true,"href":"https:\/\/easyliferobo.com\/de\/wp-json\/wp\/v2\/product_cat?post=4300"},{"taxonomy":"product_tag","embeddable":true,"href":"https:\/\/easyliferobo.com\/de\/wp-json\/wp\/v2\/product_tag?post=4300"}],"curies":[{"name":"wp","href":"https:\/\/api.w.org\/{rel}","templated":true}]}}