
{"id":4271,"date":"2026-02-27T12:01:31","date_gmt":"2026-02-27T12:01:31","guid":{"rendered":"https:\/\/easyliferobo.com\/de\/product\/hochwertige-ersatzmesser-fuer-maehroboter-kompatibel-mit-husqvarna-gardena-yard-force-mit-innovativen-schrauben-universelle-ersatzmesser-rasenroboter-messerset-2\/"},"modified":"2026-02-27T12:01:45","modified_gmt":"2026-02-27T12:01:45","slug":"hochwertige-ersatzmesser-fuer-maehroboter-kompatibel-mit-husqvarna-gardena-yard-force-mit-innovativen-schrauben-universelle-ersatzmesser-rasenroboter-messerset-2","status":"publish","type":"product","link":"https:\/\/easyliferobo.com\/de\/product\/hochwertige-ersatzmesser-fuer-maehroboter-kompatibel-mit-husqvarna-gardena-yard-force-mit-innovativen-schrauben-universelle-ersatzmesser-rasenroboter-messerset-2\/","title":{"rendered":"Hochwertige Ersatzmesser f\u00fcr M\u00e4hr..."},"content":{"rendered":"<p>\n                                             Produktbeschreibung   <\/p>\n<p>                                                                             <img decoding=\"async\" alt=\"Logodesign von (unused0) f\u00fcr dieses Projekt | Design\" src=\"https:\/\/images-na.ssl-images-amazon.com\/images\/G\/01\/x-locale\/common\/grey-pixel.gif\" class=\"a-spacing-base a-lazy-loaded\" data-src=\"https:\/\/m.media-amazon.com\/images\/S\/aplus-media-library-service-media\/9f99d7c6-f994-4ea4-b79e-44cc894db4fe.__CR0,0,970,600_PT0_SX970_V1___.jpg\"><img decoding=\"async\" alt=\"Logodesign von (unused0) f\u00fcr dieses Projekt | Design\" src=\"https:\/\/m.media-amazon.com\/images\/S\/aplus-media-library-service-media\/9f99d7c6-f994-4ea4-b79e-44cc894db4fe.__CR0,0,970,600_PT0_SX970_V1___.jpg\">                                                                    <\/p>\n<p>                                                                             <img decoding=\"async\" alt=\"Durchsichtige Kunststoffbox mit goldfarbenen Klingen und dunklen Schrauben. Beschriftet mit der Aufschrift \u201ePraktische Klingenbox\u201c mit einem roten Aufkleber mit\" src=\"https:\/\/images-na.ssl-images-amazon.com\/images\/G\/01\/x-locale\/common\/grey-pixel.gif\" class=\"a-spacing-base a-lazy-loaded\" data-src=\"https:\/\/m.media-amazon.com\/images\/S\/aplus-media-library-service-media\/6b2aae5a-3630-41aa-8df6-7d14d713e1b7.__CR0,0,970,600_PT0_SX970_V1___.jpg\"><img decoding=\"async\" alt=\"Durchsichtige Kunststoffbox mit goldfarbenen Klingen und dunklen Schrauben. Beschriftet mit der Aufschrift \u201ePraktische Klingenbox\u201c mit einem roten Aufkleber mit\" src=\"https:\/\/m.media-amazon.com\/images\/S\/aplus-media-library-service-media\/6b2aae5a-3630-41aa-8df6-7d14d713e1b7.__CR0,0,970,600_PT0_SX970_V1___.jpg\">                                                                    <\/p>\n<p>                                                                             <img decoding=\"async\" alt=\"Goldfarbenes Metallbauteil mit Spezifikationen. Breite: 18,2 mm, H\u00f6he: 35 mm, Lochdurchmesser: 5,2 mm, Gewicht: 3 g. Text \u201eGARANTIERT PASSEND\u201c oben.\" src=\"https:\/\/images-na.ssl-images-amazon.com\/images\/G\/01\/x-locale\/common\/grey-pixel.gif\" class=\"a-spacing-base a-lazy-loaded\" data-src=\"https:\/\/m.media-amazon.com\/images\/S\/aplus-media-library-service-media\/55376553-7fc3-4bae-8d14-555b6c42c18b.__CR0,0,970,600_PT0_SX970_V1___.jpg\"><img decoding=\"async\" alt=\"Goldfarbenes Metallbauteil mit Spezifikationen. Breite: 18,2 mm, H\u00f6he: 35 mm, Lochdurchmesser: 5,2 mm, Gewicht: 3 g. Text \u201eGARANTIERT PASSEND\u201c oben.\" src=\"https:\/\/m.media-amazon.com\/images\/S\/aplus-media-library-service-media\/55376553-7fc3-4bae-8d14-555b6c42c18b.__CR0,0,970,600_PT0_SX970_V1___.jpg\">                                                                    <\/p>\n<p>                                                                             <img decoding=\"async\" alt=\"Set mit 30 goldfarbenen Klingen und 30 Schrauben f\u00fcr ein Ger\u00e4t. Der Text &#39;ALLES DABEI&#39; (Alles enthalten) ist \u00fcber den Komponenten sichtbar\" src=\"https:\/\/images-na.ssl-images-amazon.com\/images\/G\/01\/x-locale\/common\/grey-pixel.gif\" class=\"a-spacing-base a-lazy-loaded\" data-src=\"https:\/\/m.media-amazon.com\/images\/S\/aplus-media-library-service-media\/7cd5360b-009b-4c40-bb80-5b46e401230f.__CR0,0,970,600_PT0_SX970_V1___.jpg\"><img decoding=\"async\" alt=\"Set mit 30 goldfarbenen Klingen und 30 Schrauben f\u00fcr ein Ger\u00e4t. Der Text &#39;ALLES DABEI&#39; (Alles enthalten) ist \u00fcber den Komponenten sichtbar\" src=\"https:\/\/m.media-amazon.com\/images\/S\/aplus-media-library-service-media\/7cd5360b-009b-4c40-bb80-5b46e401230f.__CR0,0,970,600_PT0_SX970_V1___.jpg\">                                                                    <\/p>\n<p>                                                                             <img decoding=\"async\" alt=\"Die beste Metallqualit\u00e4t f\u00fcr Ihr Auto\" src=\"https:\/\/images-na.ssl-images-amazon.com\/images\/G\/01\/x-locale\/common\/grey-pixel.gif\" class=\"a-spacing-base a-lazy-loaded\" data-src=\"https:\/\/m.media-amazon.com\/images\/S\/aplus-media-library-service-media\/788a8205-a305-4c2b-be49-b462e8ca30d1.__CR0,0,970,600_PT0_SX970_V1___.jpg\"><img decoding=\"async\" alt=\"Die beste Metallqualit\u00e4t f\u00fcr Ihr Auto\" src=\"https:\/\/m.media-amazon.com\/images\/S\/aplus-media-library-service-media\/788a8205-a305-4c2b-be49-b462e8ca30d1.__CR0,0,970,600_PT0_SX970_V1___.jpg\">                                                                       <\/p>\n<p>                         Zum Warenkorb hinzuf\u00fcgen Zum Warenkorb hinzuf\u00fcgen Zum Warenkorb hinzuf\u00fcgen Kundenrezensionen 4,6 von 5 Sternen 7.011 4,6 von 5 Sternen 7.011 4,6 von 5 Sternen 7.011 Preis 19,95 \u20ac 19,95 \u20ac 19,95 \u20ac 19,95 \u20ac 19,95 \u20ac 19,95 \u20ac Husvarna \u2713 keine Daten keine Daten Gardena \u2713 keine Daten keine Daten Yard Force \u2713 keine Daten keine Daten Ferrex \u2713 keine Daten keine Daten McChulloch \u2713 keine Daten keine Daten Worx keine Daten \u2713 keine Daten Robomow keine Daten \u2713 keine Daten Einhell keine Daten \u2713 keine Daten Landxcape keine Daten \u2713 keine Daten Bosch keine Daten keine Daten \u2713 Zum Warenkorb hinzuf\u00fcgen Zum Warenkorb hinzuf\u00fcgen Zum Warenkorb hinzuf\u00fcgen Zum Warenkorb hinzuf\u00fcgen Zum Warenkorb hinzuf\u00fcgen Kundenrezensionen 4,6 von 5 Sternen 2.154 4,7 von 5 Sternen 1.640 4,8 von 5 Sternen 848 4,6 von 5 Sternen 1.856 4,5 von 5 Sternen 130 Preis 28,99 \u20ac28,99 \u20ac 14,95 \u20ac 14,95 \u20ac 3,99 \u20ac 3,99 \u20ac 10,95 \u20ac10,95 \u20ac 23,95 \u20ac23,95 \u20ac Marke RASENWERK RASENWERK RASENWERK RASENWERK RASENWERK Lieferumfang 50m, 150m, 250m, 500m oder 800m Begrenzungskabel 100, 200, 500 oder 1000 Erdn\u00e4gel 3, 5, 10 oder 20 Anschlussklemmen 5, 10, 20 oder 40 Verbindungsklemmen Begrenzungskabel, Erdn\u00e4gel, Anschlussklemmen und Verbindungsklemmen Besonderheit 24 Kupfer-Einzellitzen mit Zinn-Ummantelung Stabiles Material mit patentierter Fischgr\u00e4tenform Ideal geeignet zum Anschluss an die Ladestation Witterungsbest\u00e4ndiges Material &#8211; gr\u00fcne Kappe Gr\u00f6\u00dfe XS, S, M, L, XL, XXL und XXXL           <\/p>\n<p>Garantiert kompatibel \u2013 die Rasenm\u00e4her-Ersatzmesser von Rasenwerk k\u00f6nnen bedenkenlos f\u00fcr alle Modelle der aktuellen Markenhersteller Gardena, Husqvarna und Yard Force verwendet werden.<br \/>Rasenarbeit-Innovation \u2013 Zur Befestigung der Pr\u00e4zisionsmesser stellen wir Ihnen 30 materialschonende Schrauben zur Verf\u00fcgung. Der Stift der Schraube vereinfacht die Installation und reduziert Gewindesch\u00e4den.<br \/>Erstklassige Verarbeitung \u2013 F\u00fcr unsere Klingen und Schrauben verwenden wir nur die besten Materialien. Unsere Klingen bestehen aus rostfreiem Edelstahl mit einer hochwertigen Titankarbidlegierung.<br \/>Perfektes Schnittbild \u2013 Unsere Roboterm\u00e4hermesser sorgen f\u00fcr glatte Schnittkanten. Das Ergebnis ist ein sch\u00f6nes, gleichm\u00e4\u00dfiges Rasenbild und somit ein dauerhaft gesunder Rasen.<\/p>\n<p>[ad_2]<\/p>\n","protected":false},"excerpt":{"rendered":"<p>Produktbeschreibung Zum Warenkorb hinzuf\u00fcgen Zum Warenkorb hinzuf\u00fcgen Zum Warenkorb hinzuf\u00fcgen Kundenrezensionen 4,6 von 5 Sternen 7.011 4,6 von 5 Sternen 7.011 4,6 von 5 Sternen 7.011 Preis 19,95 \u20ac 19,95 \u20ac 19,95 \u20ac 19,95 \u20ac 19,95 \u20ac 19,95 \u20ac Husvarna \u2713 keine Daten keine Daten Gardena \u2713 keine Daten keine Daten Yard Force \u2713 keine [&hellip;]<\/p>\n","protected":false},"featured_media":4272,"comment_status":"open","ping_status":"closed","template":"","meta":{"_aipt_faq_data":""},"store":[],"product_brand":[],"product_cat":[86],"product_tag":[134],"class_list":{"0":"post-4271","1":"product","2":"type-product","3":"status-publish","4":"has-post-thumbnail","6":"product_cat-zubehoer-fuer-rasenmaehroboter","7":"product_tag-zubehoer-fuer-rasenmaehroboter-ersatzmesser","9":"first","10":"instock","11":"shipping-taxable","12":"product-type-external"},"yoast_head":"<!-- This site is optimized with the Yoast SEO plugin v27.0 - https:\/\/yoast.com\/product\/yoast-seo-wordpress\/ -->\n<title>Hochwertige Ersatzmesser f\u00fcr M\u00e4hroboter \u2013 Kompatibel mit Husqvarna, Gardena, Yard Force mit innovativen Schrauben \u2013 Universelle Ersatzmesser \u2013 Rasenroboter-Messerset \u2013 30-teilig. - EasyLifeBro<\/title>\n<meta name=\"description\" content=\"Entdecken Sie smarte Roboter f\u00fcr Zuhause, Garten, Bildung und Sicherheit. Vergleichen Sie Saugroboter, Rasenm\u00e4hroboter, KI-Begleitroboter und mehr bei EasyLifeRobo.\" \/>\n<meta name=\"robots\" content=\"index, follow, max-snippet:-1, max-image-preview:large, max-video-preview:-1\" \/>\n<link rel=\"canonical\" href=\"https:\/\/easyliferobo.com\/de\/product\/hochwertige-ersatzmesser-fuer-maehroboter-kompatibel-mit-husqvarna-gardena-yard-force-mit-innovativen-schrauben-universelle-ersatzmesser-rasenroboter-messerset-2\/\" \/>\n<meta property=\"og:locale\" content=\"de_DE\" \/>\n<meta property=\"og:type\" content=\"article\" \/>\n<meta property=\"og:title\" content=\"Hochwertige Ersatzmesser f\u00fcr M\u00e4hroboter \u2013 Kompatibel mit Husqvarna, Gardena, Yard Force mit innovativen Schrauben \u2013 Universelle Ersatzmesser \u2013 Rasenroboter-Messerset \u2013 30-teilig. - EasyLifeBro\" \/>\n<meta property=\"og:description\" content=\"Entdecken Sie smarte Roboter f\u00fcr Zuhause, Garten, Bildung und Sicherheit. Vergleichen Sie Saugroboter, Rasenm\u00e4hroboter, KI-Begleitroboter und mehr bei EasyLifeRobo.\" \/>\n<meta property=\"og:url\" content=\"https:\/\/easyliferobo.com\/de\/product\/hochwertige-ersatzmesser-fuer-maehroboter-kompatibel-mit-husqvarna-gardena-yard-force-mit-innovativen-schrauben-universelle-ersatzmesser-rasenroboter-messerset-2\/\" \/>\n<meta property=\"og:site_name\" content=\"EasyLifeBro\" \/>\n<meta property=\"article:modified_time\" content=\"2026-02-27T12:01:45+00:00\" \/>\n<meta property=\"og:image\" content=\"https:\/\/images-na.ssl-images-amazon.com\/images\/G\/01\/x-locale\/common\/grey-pixel.gif\" \/>\n<meta name=\"twitter:card\" content=\"summary_large_image\" \/>\n<meta name=\"twitter:label1\" content=\"Gesch\u00e4tzte Lesezeit\" \/>\n\t<meta name=\"twitter:data1\" content=\"1\u00a0Minute\" \/>\n<script type=\"application\/ld+json\" class=\"yoast-schema-graph\">{\"@context\":\"https:\/\/schema.org\",\"@graph\":[{\"@type\":\"WebPage\",\"@id\":\"https:\/\/easyliferobo.com\/de\/product\/hochwertige-ersatzmesser-fuer-maehroboter-kompatibel-mit-husqvarna-gardena-yard-force-mit-innovativen-schrauben-universelle-ersatzmesser-rasenroboter-messerset-2\/\",\"url\":\"https:\/\/easyliferobo.com\/de\/product\/hochwertige-ersatzmesser-fuer-maehroboter-kompatibel-mit-husqvarna-gardena-yard-force-mit-innovativen-schrauben-universelle-ersatzmesser-rasenroboter-messerset-2\/\",\"name\":\"Hochwertige Ersatzmesser f\u00fcr M\u00e4hroboter \u2013 Kompatibel mit Husqvarna, Gardena, Yard Force mit innovativen Schrauben \u2013 Universelle Ersatzmesser \u2013 Rasenroboter-Messerset \u2013 30-teilig. - EasyLifeBro\",\"isPartOf\":{\"@id\":\"https:\/\/easyliferobo.com\/de\/#website\"},\"primaryImageOfPage\":{\"@id\":\"https:\/\/easyliferobo.com\/de\/product\/hochwertige-ersatzmesser-fuer-maehroboter-kompatibel-mit-husqvarna-gardena-yard-force-mit-innovativen-schrauben-universelle-ersatzmesser-rasenroboter-messerset-2\/#primaryimage\"},\"image\":{\"@id\":\"https:\/\/easyliferobo.com\/de\/product\/hochwertige-ersatzmesser-fuer-maehroboter-kompatibel-mit-husqvarna-gardena-yard-force-mit-innovativen-schrauben-universelle-ersatzmesser-rasenroboter-messerset-2\/#primaryimage\"},\"thumbnailUrl\":\"https:\/\/easyliferobo.com\/de\/wp-content\/uploads\/2026\/02\/81w7N3zzziL._AC_SL1500_.jpg\",\"datePublished\":\"2026-02-27T12:01:31+00:00\",\"dateModified\":\"2026-02-27T12:01:45+00:00\",\"description\":\"Entdecken Sie smarte Roboter f\u00fcr Zuhause, Garten, Bildung und Sicherheit. Vergleichen Sie Saugroboter, Rasenm\u00e4hroboter, KI-Begleitroboter und mehr bei EasyLifeRobo.\",\"breadcrumb\":{\"@id\":\"https:\/\/easyliferobo.com\/de\/product\/hochwertige-ersatzmesser-fuer-maehroboter-kompatibel-mit-husqvarna-gardena-yard-force-mit-innovativen-schrauben-universelle-ersatzmesser-rasenroboter-messerset-2\/#breadcrumb\"},\"inLanguage\":\"de\",\"potentialAction\":[{\"@type\":\"ReadAction\",\"target\":[\"https:\/\/easyliferobo.com\/de\/product\/hochwertige-ersatzmesser-fuer-maehroboter-kompatibel-mit-husqvarna-gardena-yard-force-mit-innovativen-schrauben-universelle-ersatzmesser-rasenroboter-messerset-2\/\"]}]},{\"@type\":\"ImageObject\",\"inLanguage\":\"de\",\"@id\":\"https:\/\/easyliferobo.com\/de\/product\/hochwertige-ersatzmesser-fuer-maehroboter-kompatibel-mit-husqvarna-gardena-yard-force-mit-innovativen-schrauben-universelle-ersatzmesser-rasenroboter-messerset-2\/#primaryimage\",\"url\":\"https:\/\/easyliferobo.com\/de\/wp-content\/uploads\/2026\/02\/81w7N3zzziL._AC_SL1500_.jpg\",\"contentUrl\":\"https:\/\/easyliferobo.com\/de\/wp-content\/uploads\/2026\/02\/81w7N3zzziL._AC_SL1500_.jpg\",\"width\":1500,\"height\":1290},{\"@type\":\"BreadcrumbList\",\"@id\":\"https:\/\/easyliferobo.com\/de\/product\/hochwertige-ersatzmesser-fuer-maehroboter-kompatibel-mit-husqvarna-gardena-yard-force-mit-innovativen-schrauben-universelle-ersatzmesser-rasenroboter-messerset-2\/#breadcrumb\",\"itemListElement\":[{\"@type\":\"ListItem\",\"position\":1,\"name\":\"Home\",\"item\":\"https:\/\/easyliferobo.com\/de\/\"},{\"@type\":\"ListItem\",\"position\":2,\"name\":\"Shop\",\"item\":\"https:\/\/easyliferobo.com\/de\/shop\/\"},{\"@type\":\"ListItem\",\"position\":3,\"name\":\"Hochwertige Ersatzmesser f\u00fcr M\u00e4hr...\"}]},{\"@type\":\"WebSite\",\"@id\":\"https:\/\/easyliferobo.com\/de\/#website\",\"url\":\"https:\/\/easyliferobo.com\/de\/\",\"name\":\"EasyLifeBro\",\"description\":\"Smarte Roboter f\u00fcr Zuhause, Garten &amp; Bildung\",\"publisher\":{\"@id\":\"https:\/\/easyliferobo.com\/de\/#organization\"},\"potentialAction\":[{\"@type\":\"SearchAction\",\"target\":{\"@type\":\"EntryPoint\",\"urlTemplate\":\"https:\/\/easyliferobo.com\/de\/?s={search_term_string}\"},\"query-input\":{\"@type\":\"PropertyValueSpecification\",\"valueRequired\":true,\"valueName\":\"search_term_string\"}}],\"inLanguage\":\"de\"},{\"@type\":\"Organization\",\"@id\":\"https:\/\/easyliferobo.com\/de\/#organization\",\"name\":\"EasyLifeBro\",\"url\":\"https:\/\/easyliferobo.com\/de\/\",\"logo\":{\"@type\":\"ImageObject\",\"inLanguage\":\"de\",\"@id\":\"https:\/\/easyliferobo.com\/de\/#\/schema\/logo\/image\/\",\"url\":\"https:\/\/easyliferobo.com\/de\/wp-content\/uploads\/2026\/02\/Screenshot-2026-02-22-at-2.25.03-PM.png\",\"contentUrl\":\"https:\/\/easyliferobo.com\/de\/wp-content\/uploads\/2026\/02\/Screenshot-2026-02-22-at-2.25.03-PM.png\",\"width\":1858,\"height\":430,\"caption\":\"EasyLifeBro\"},\"image\":{\"@id\":\"https:\/\/easyliferobo.com\/de\/#\/schema\/logo\/image\/\"}}]}<\/script>\n<!-- \/ Yoast SEO plugin. -->","yoast_head_json":{"title":"Hochwertige Ersatzmesser f\u00fcr M\u00e4hroboter \u2013 Kompatibel mit Husqvarna, Gardena, Yard Force mit innovativen Schrauben \u2013 Universelle Ersatzmesser \u2013 Rasenroboter-Messerset \u2013 30-teilig. - EasyLifeBro","description":"Entdecken Sie smarte Roboter f\u00fcr Zuhause, Garten, Bildung und Sicherheit. Vergleichen Sie Saugroboter, Rasenm\u00e4hroboter, KI-Begleitroboter und mehr bei EasyLifeRobo.","robots":{"index":"index","follow":"follow","max-snippet":"max-snippet:-1","max-image-preview":"max-image-preview:large","max-video-preview":"max-video-preview:-1"},"canonical":"https:\/\/easyliferobo.com\/de\/product\/hochwertige-ersatzmesser-fuer-maehroboter-kompatibel-mit-husqvarna-gardena-yard-force-mit-innovativen-schrauben-universelle-ersatzmesser-rasenroboter-messerset-2\/","og_locale":"de_DE","og_type":"article","og_title":"Hochwertige Ersatzmesser f\u00fcr M\u00e4hroboter \u2013 Kompatibel mit Husqvarna, Gardena, Yard Force mit innovativen Schrauben \u2013 Universelle Ersatzmesser \u2013 Rasenroboter-Messerset \u2013 30-teilig. - EasyLifeBro","og_description":"Entdecken Sie smarte Roboter f\u00fcr Zuhause, Garten, Bildung und Sicherheit. Vergleichen Sie Saugroboter, Rasenm\u00e4hroboter, KI-Begleitroboter und mehr bei EasyLifeRobo.","og_url":"https:\/\/easyliferobo.com\/de\/product\/hochwertige-ersatzmesser-fuer-maehroboter-kompatibel-mit-husqvarna-gardena-yard-force-mit-innovativen-schrauben-universelle-ersatzmesser-rasenroboter-messerset-2\/","og_site_name":"EasyLifeBro","article_modified_time":"2026-02-27T12:01:45+00:00","og_image":[{"url":"https:\/\/images-na.ssl-images-amazon.com\/images\/G\/01\/x-locale\/common\/grey-pixel.gif","type":"","width":"","height":""}],"twitter_card":"summary_large_image","twitter_misc":{"Gesch\u00e4tzte Lesezeit":"1\u00a0Minute"},"schema":{"@context":"https:\/\/schema.org","@graph":[{"@type":"WebPage","@id":"https:\/\/easyliferobo.com\/de\/product\/hochwertige-ersatzmesser-fuer-maehroboter-kompatibel-mit-husqvarna-gardena-yard-force-mit-innovativen-schrauben-universelle-ersatzmesser-rasenroboter-messerset-2\/","url":"https:\/\/easyliferobo.com\/de\/product\/hochwertige-ersatzmesser-fuer-maehroboter-kompatibel-mit-husqvarna-gardena-yard-force-mit-innovativen-schrauben-universelle-ersatzmesser-rasenroboter-messerset-2\/","name":"Hochwertige Ersatzmesser f\u00fcr M\u00e4hroboter \u2013 Kompatibel mit Husqvarna, Gardena, Yard Force mit innovativen Schrauben \u2013 Universelle Ersatzmesser \u2013 Rasenroboter-Messerset \u2013 30-teilig. - EasyLifeBro","isPartOf":{"@id":"https:\/\/easyliferobo.com\/de\/#website"},"primaryImageOfPage":{"@id":"https:\/\/easyliferobo.com\/de\/product\/hochwertige-ersatzmesser-fuer-maehroboter-kompatibel-mit-husqvarna-gardena-yard-force-mit-innovativen-schrauben-universelle-ersatzmesser-rasenroboter-messerset-2\/#primaryimage"},"image":{"@id":"https:\/\/easyliferobo.com\/de\/product\/hochwertige-ersatzmesser-fuer-maehroboter-kompatibel-mit-husqvarna-gardena-yard-force-mit-innovativen-schrauben-universelle-ersatzmesser-rasenroboter-messerset-2\/#primaryimage"},"thumbnailUrl":"https:\/\/easyliferobo.com\/de\/wp-content\/uploads\/2026\/02\/81w7N3zzziL._AC_SL1500_.jpg","datePublished":"2026-02-27T12:01:31+00:00","dateModified":"2026-02-27T12:01:45+00:00","description":"Entdecken Sie smarte Roboter f\u00fcr Zuhause, Garten, Bildung und Sicherheit. Vergleichen Sie Saugroboter, Rasenm\u00e4hroboter, KI-Begleitroboter und mehr bei EasyLifeRobo.","breadcrumb":{"@id":"https:\/\/easyliferobo.com\/de\/product\/hochwertige-ersatzmesser-fuer-maehroboter-kompatibel-mit-husqvarna-gardena-yard-force-mit-innovativen-schrauben-universelle-ersatzmesser-rasenroboter-messerset-2\/#breadcrumb"},"inLanguage":"de","potentialAction":[{"@type":"ReadAction","target":["https:\/\/easyliferobo.com\/de\/product\/hochwertige-ersatzmesser-fuer-maehroboter-kompatibel-mit-husqvarna-gardena-yard-force-mit-innovativen-schrauben-universelle-ersatzmesser-rasenroboter-messerset-2\/"]}]},{"@type":"ImageObject","inLanguage":"de","@id":"https:\/\/easyliferobo.com\/de\/product\/hochwertige-ersatzmesser-fuer-maehroboter-kompatibel-mit-husqvarna-gardena-yard-force-mit-innovativen-schrauben-universelle-ersatzmesser-rasenroboter-messerset-2\/#primaryimage","url":"https:\/\/easyliferobo.com\/de\/wp-content\/uploads\/2026\/02\/81w7N3zzziL._AC_SL1500_.jpg","contentUrl":"https:\/\/easyliferobo.com\/de\/wp-content\/uploads\/2026\/02\/81w7N3zzziL._AC_SL1500_.jpg","width":1500,"height":1290},{"@type":"BreadcrumbList","@id":"https:\/\/easyliferobo.com\/de\/product\/hochwertige-ersatzmesser-fuer-maehroboter-kompatibel-mit-husqvarna-gardena-yard-force-mit-innovativen-schrauben-universelle-ersatzmesser-rasenroboter-messerset-2\/#breadcrumb","itemListElement":[{"@type":"ListItem","position":1,"name":"Home","item":"https:\/\/easyliferobo.com\/de\/"},{"@type":"ListItem","position":2,"name":"Shop","item":"https:\/\/easyliferobo.com\/de\/shop\/"},{"@type":"ListItem","position":3,"name":"Hochwertige Ersatzmesser f\u00fcr M\u00e4hr..."}]},{"@type":"WebSite","@id":"https:\/\/easyliferobo.com\/de\/#website","url":"https:\/\/easyliferobo.com\/de\/","name":"EasyLifeBro","description":"Smarte Roboter f\u00fcr Zuhause, Garten &amp; Bildung","publisher":{"@id":"https:\/\/easyliferobo.com\/de\/#organization"},"potentialAction":[{"@type":"SearchAction","target":{"@type":"EntryPoint","urlTemplate":"https:\/\/easyliferobo.com\/de\/?s={search_term_string}"},"query-input":{"@type":"PropertyValueSpecification","valueRequired":true,"valueName":"search_term_string"}}],"inLanguage":"de"},{"@type":"Organization","@id":"https:\/\/easyliferobo.com\/de\/#organization","name":"EasyLifeBro","url":"https:\/\/easyliferobo.com\/de\/","logo":{"@type":"ImageObject","inLanguage":"de","@id":"https:\/\/easyliferobo.com\/de\/#\/schema\/logo\/image\/","url":"https:\/\/easyliferobo.com\/de\/wp-content\/uploads\/2026\/02\/Screenshot-2026-02-22-at-2.25.03-PM.png","contentUrl":"https:\/\/easyliferobo.com\/de\/wp-content\/uploads\/2026\/02\/Screenshot-2026-02-22-at-2.25.03-PM.png","width":1858,"height":430,"caption":"EasyLifeBro"},"image":{"@id":"https:\/\/easyliferobo.com\/de\/#\/schema\/logo\/image\/"}}]}},"_links":{"self":[{"href":"https:\/\/easyliferobo.com\/de\/wp-json\/wp\/v2\/product\/4271","targetHints":{"allow":["GET"]}}],"collection":[{"href":"https:\/\/easyliferobo.com\/de\/wp-json\/wp\/v2\/product"}],"about":[{"href":"https:\/\/easyliferobo.com\/de\/wp-json\/wp\/v2\/types\/product"}],"replies":[{"embeddable":true,"href":"https:\/\/easyliferobo.com\/de\/wp-json\/wp\/v2\/comments?post=4271"}],"wp:featuredmedia":[{"embeddable":true,"href":"https:\/\/easyliferobo.com\/de\/wp-json\/wp\/v2\/media\/4272"}],"wp:attachment":[{"href":"https:\/\/easyliferobo.com\/de\/wp-json\/wp\/v2\/media?parent=4271"}],"wp:term":[{"taxonomy":"store","embeddable":true,"href":"https:\/\/easyliferobo.com\/de\/wp-json\/wp\/v2\/store?post=4271"},{"taxonomy":"product_brand","embeddable":true,"href":"https:\/\/easyliferobo.com\/de\/wp-json\/wp\/v2\/product_brand?post=4271"},{"taxonomy":"product_cat","embeddable":true,"href":"https:\/\/easyliferobo.com\/de\/wp-json\/wp\/v2\/product_cat?post=4271"},{"taxonomy":"product_tag","embeddable":true,"href":"https:\/\/easyliferobo.com\/de\/wp-json\/wp\/v2\/product_tag?post=4271"}],"curies":[{"name":"wp","href":"https:\/\/api.w.org\/{rel}","templated":true}]}}