
{"id":4258,"date":"2026-02-27T11:50:54","date_gmt":"2026-02-27T11:50:54","guid":{"rendered":"https:\/\/easyliferobo.com\/de\/product\/vevor-roboterhund-kinderferngesteuertes-spielzeug-24-ghz-programmierbarer-intelligenter-interaktiver-rc-hund-fuer-kinder-mit-folgefunktion-touch-und-sprachsteuerung-fuer-kinder-ab-3-jahren\/"},"modified":"2026-02-27T11:51:22","modified_gmt":"2026-02-27T11:51:22","slug":"vevor-roboterhund-kinderferngesteuertes-spielzeug-24-ghz-programmierbarer-intelligenter-interaktiver-rc-hund-fuer-kinder-mit-folgefunktion-touch-und-sprachsteuerung-fuer-kinder-ab-3-jahren","status":"publish","type":"product","link":"https:\/\/easyliferobo.com\/de\/product\/vevor-roboterhund-kinderferngesteuertes-spielzeug-24-ghz-programmierbarer-intelligenter-interaktiver-rc-hund-fuer-kinder-mit-folgefunktion-touch-und-sprachsteuerung-fuer-kinder-ab-3-jahren\/","title":{"rendered":"VEVOR Roboterhund Kinderferngesteue..."},"content":{"rendered":"<p>\n                                             Vom Hersteller   <\/p>\n<h3 class=\"a-spacing-mini\"> VEVOR RC Roboter-Hundespielzeug \u2013 endloser Spa\u00df, cleveres Spielen! <\/h3>\n<p>                                          <img decoding=\"async\" alt=\"Ferngesteuertes Roboter-Hundespielzeug\" src=\"https:\/\/images-na.ssl-images-amazon.com\/images\/G\/01\/x-locale\/common\/grey-pixel.gif\" class=\"a-spacing-base a-lazy-loaded\" data-src=\"https:\/\/m.media-amazon.com\/images\/S\/aplus-media-library-service-media\/3d2fa7ed-852f-45e2-bfcc-72cd029e2ea2.__CR0,0,970,600_PT0_SX970_V1___.jpg\"><img decoding=\"async\" alt=\"Ferngesteuertes Roboter-Hundespielzeug\" src=\"https:\/\/m.media-amazon.com\/images\/S\/aplus-media-library-service-media\/3d2fa7ed-852f-45e2-bfcc-72cd029e2ea2.__CR0,0,970,600_PT0_SX970_V1___.jpg\">                                                                     <\/p>\n<p class=\"a-spacing-base\">  Dieses ferngesteuerte Roboter-Hundespielzeug ist vollgepackt mit lebhaften Bewegungen, eing\u00e4ngigen Liedern, einem niedlichen Haustier-\u00e4hnlichen Design und auff\u00e4lligen LED-Lichtern \u2013 alles darauf ausgerichtet, Kinder zu unterhalten und zu inspirieren. <\/p>\n<p>                                                                             <img decoding=\"async\" alt=\"Ferngesteuertes Roboter-Hundespielzeug\" src=\"https:\/\/images-na.ssl-images-amazon.com\/images\/G\/01\/x-locale\/common\/grey-pixel.gif\" class=\"a-spacing-base a-lazy-loaded\" data-src=\"https:\/\/m.media-amazon.com\/images\/S\/aplus-media-library-service-media\/da0f59f5-3b9b-4dd9-bc4c-a2046b854f18.__CR0,0,970,600_PT0_SX970_V1___.jpg\"><img decoding=\"async\" alt=\"Ferngesteuertes Roboter-Hundespielzeug\" src=\"https:\/\/m.media-amazon.com\/images\/S\/aplus-media-library-service-media\/da0f59f5-3b9b-4dd9-bc4c-a2046b854f18.__CR0,0,970,600_PT0_SX970_V1___.jpg\">                                                                     <\/p>\n<p class=\"a-spacing-base\">  Dank Ber\u00fchrungs-, Sprach- und Fernbedienungssteuerung erleichtert unser Roboter-Hundespielzeug Kindern das Spielen und Interagieren und bringt Freude und Engagement in ihren Tag. <\/p>\n<p>                                                                             <img decoding=\"async\" alt=\"Ferngesteuertes Roboter-Hundespielzeug\" src=\"https:\/\/images-na.ssl-images-amazon.com\/images\/G\/01\/x-locale\/common\/grey-pixel.gif\" class=\"a-spacing-base a-lazy-loaded\" data-src=\"https:\/\/m.media-amazon.com\/images\/S\/aplus-media-library-service-media\/6ce69c2b-6d94-4f7f-b08f-f69874d32591.__CR0,0,970,600_PT0_SX970_V1___.jpg\"><img decoding=\"async\" alt=\"Ferngesteuertes Roboter-Hundespielzeug\" src=\"https:\/\/m.media-amazon.com\/images\/S\/aplus-media-library-service-media\/6ce69c2b-6d94-4f7f-b08f-f69874d32591.__CR0,0,970,600_PT0_SX970_V1___.jpg\">                                                                     <\/p>\n<p class=\"a-spacing-base\">  Vom Hinlegen \u00fcber das Umdrehen und Kuscheln bis hin zum Winken verf\u00fcgt dieser ferngesteuerte Roboterhund \u00fcber eine gro\u00dfe Auswahl an lustigen Bewegungen, die jeden Tag f\u00fcr neue und aufregende Spielzeit sorgen. <\/p>\n<p>                                                                             <img decoding=\"async\" alt=\"Ferngesteuertes Roboter-Hundespielzeug\" src=\"https:\/\/images-na.ssl-images-amazon.com\/images\/G\/01\/x-locale\/common\/grey-pixel.gif\" class=\"a-spacing-base a-lazy-loaded\" data-src=\"https:\/\/m.media-amazon.com\/images\/S\/aplus-media-library-service-media\/d26196b4-d9d8-4997-bdc2-01dbdf599294.__CR0,0,970,600_PT0_SX970_V1___.jpg\"><img decoding=\"async\" alt=\"Ferngesteuertes Roboter-Hundespielzeug\" src=\"https:\/\/m.media-amazon.com\/images\/S\/aplus-media-library-service-media\/d26196b4-d9d8-4997-bdc2-01dbdf599294.__CR0,0,970,600_PT0_SX970_V1___.jpg\">                                                                     <\/p>\n<p class=\"a-spacing-base\">  Kinder k\u00f6nnen den Programmiermodus nutzen, um ihre eigenen einzigartigen Routinen zu erstellen. So wie jedes Kind etwas Besonderes ist, kann dies auch sein intelligenter Roboterhund sein! <\/p>\n<p>                                                                             <img decoding=\"async\" alt=\"Ferngesteuertes Roboter-Hundespielzeug\" src=\"https:\/\/images-na.ssl-images-amazon.com\/images\/G\/01\/x-locale\/common\/grey-pixel.gif\" class=\"a-spacing-base a-lazy-loaded\" data-src=\"https:\/\/m.media-amazon.com\/images\/S\/aplus-media-library-service-media\/35f252a9-5751-4b37-945d-aca014cce25d.__CR0,0,970,600_PT0_SX970_V1___.jpg\"><img decoding=\"async\" alt=\"Ferngesteuertes Roboter-Hundespielzeug\" src=\"https:\/\/m.media-amazon.com\/images\/S\/aplus-media-library-service-media\/35f252a9-5751-4b37-945d-aca014cce25d.__CR0,0,970,600_PT0_SX970_V1___.jpg\">                                                                    <\/p>\n<p>Folgemodus: Dieses ferngesteuerte Roboter-Hundespielzeug kann mit seinem fortschrittlichen Sensor jeden Schritt Ihres Kindes verfolgen. Halten Sie einfach die folgende Taste auf der Fernbedienung gedr\u00fcckt und sie bleibt in der N\u00e4he. Wenn Sie ihn ignorieren, bellt er wie ein echter Hund oder f\u00fchrt einige Stunts aus, um Sie daran zu erinnern, mit ihm zu spielen, sodass das Spielen noch mehr Spa\u00df macht.<br \/>Intelligente Steuerung Das Roboter-Hundespielzeug verf\u00fcgt \u00fcber drei Infrarotsensoren, die das Signal der Fernbedienung automatisch verfolgen und befolgen. Sie k\u00f6nnen ganz einfach singen, tanzen, sitzen, Liegest\u00fctze machen, sich hinlegen, gr\u00fc\u00dfen oder niedliche Bewegungen ausf\u00fchren, indem Sie sein Kinn und die Seiten seines Ges\u00e4\u00dfes ber\u00fchren oder Sprachbefehle und die Fernbedienung verwenden.<br \/>Programmierbarer Spa\u00df: Mit der Fernbedienung k\u00f6nnen Sie das ferngesteuerte Roboter-Hundespielzeug so programmieren, dass es tanzt, sich vorw\u00e4rts bewegt oder Purzelb\u00e4ume schl\u00e4gt. Es ist, als k\u00f6nnte man mit einem echten Welpen interagieren und Spa\u00df haben.<br \/>Sicheres Design Der ferngesteuerte Roboterhund verf\u00fcgt \u00fcber einen austauschbaren Akku, der das Aufladen einfach und sicher macht. Zum schnellen Aufladen nehmen Sie einfach den Akku heraus und haben mehr Spielzeit. Der hochwertige ABS-Kunststoff und die glatten Kanten sorgen f\u00fcr sicheres Spielen und machen Kinder und Eltern gleicherma\u00dfen gl\u00fccklich.<br \/>TOLLES GESCHENK Dieser intelligente Roboterhund ist ein fantastisches Geschenk f\u00fcr Kinder! Es ist allergikerfreundlich, regt Kreativit\u00e4t und Fantasie an und eignet sich perfekt f\u00fcr jeden Anlass, sei es ein Feiertag oder einfach nur eine lustige \u00dcberraschung.<\/p>\n<p>[ad_2]<\/p>\n","protected":false},"excerpt":{"rendered":"<p>Vom Hersteller VEVOR RC Roboter-Hundespielzeug \u2013 endloser Spa\u00df, cleveres Spielen! Dieses ferngesteuerte Roboter-Hundespielzeug ist vollgepackt mit lebhaften Bewegungen, eing\u00e4ngigen Liedern, einem niedlichen Haustier-\u00e4hnlichen Design und auff\u00e4lligen LED-Lichtern \u2013 alles darauf ausgerichtet, Kinder zu unterhalten und zu inspirieren. Dank Ber\u00fchrungs-, Sprach- und Fernbedienungssteuerung erleichtert unser Roboter-Hundespielzeug Kindern das Spielen und Interagieren und bringt Freude und Engagement [&hellip;]<\/p>\n","protected":false},"featured_media":4259,"comment_status":"open","ping_status":"closed","template":"","meta":{"_aipt_faq_data":""},"store":[],"product_brand":[],"product_cat":[88],"product_tag":[133],"class_list":{"0":"post-4258","1":"product","2":"type-product","3":"status-publish","4":"has-post-thumbnail","6":"product_cat-interaktive-spielzeugroboter","7":"product_tag-interaktive-spielzeugroboter-mit-sprachsteuerung","9":"first","10":"instock","11":"sale","12":"shipping-taxable","13":"product-type-external"},"yoast_head":"<!-- This site is optimized with the Yoast SEO plugin v27.0 - https:\/\/yoast.com\/product\/yoast-seo-wordpress\/ -->\n<title>VEVOR Roboterhund Kinderferngesteuertes Spielzeug, 2,4 GHz, programmierbarer intelligenter interaktiver RC-Hund f\u00fcr Kinder mit Folgefunktion, Touch- und Sprachsteuerung, f\u00fcr Kinder ab 3 Jahren - EasyLifeBro<\/title>\n<meta name=\"description\" content=\"Entdecken Sie smarte Roboter f\u00fcr Zuhause, Garten, Bildung und Sicherheit. Vergleichen Sie Saugroboter, Rasenm\u00e4hroboter, KI-Begleitroboter und mehr bei EasyLifeRobo.\" \/>\n<meta name=\"robots\" content=\"index, follow, max-snippet:-1, max-image-preview:large, max-video-preview:-1\" \/>\n<link rel=\"canonical\" href=\"https:\/\/easyliferobo.com\/de\/product\/vevor-roboterhund-kinderferngesteuertes-spielzeug-24-ghz-programmierbarer-intelligenter-interaktiver-rc-hund-fuer-kinder-mit-folgefunktion-touch-und-sprachsteuerung-fuer-kinder-ab-3-jahren\/\" \/>\n<meta property=\"og:locale\" content=\"de_DE\" \/>\n<meta property=\"og:type\" content=\"article\" \/>\n<meta property=\"og:title\" content=\"VEVOR Roboterhund Kinderferngesteuertes Spielzeug, 2,4 GHz, programmierbarer intelligenter interaktiver RC-Hund f\u00fcr Kinder mit Folgefunktion, Touch- und Sprachsteuerung, f\u00fcr Kinder ab 3 Jahren - EasyLifeBro\" \/>\n<meta property=\"og:description\" content=\"Entdecken Sie smarte Roboter f\u00fcr Zuhause, Garten, Bildung und Sicherheit. Vergleichen Sie Saugroboter, Rasenm\u00e4hroboter, KI-Begleitroboter und mehr bei EasyLifeRobo.\" \/>\n<meta property=\"og:url\" content=\"https:\/\/easyliferobo.com\/de\/product\/vevor-roboterhund-kinderferngesteuertes-spielzeug-24-ghz-programmierbarer-intelligenter-interaktiver-rc-hund-fuer-kinder-mit-folgefunktion-touch-und-sprachsteuerung-fuer-kinder-ab-3-jahren\/\" \/>\n<meta property=\"og:site_name\" content=\"EasyLifeBro\" \/>\n<meta property=\"article:modified_time\" content=\"2026-02-27T11:51:22+00:00\" \/>\n<meta property=\"og:image\" content=\"https:\/\/images-na.ssl-images-amazon.com\/images\/G\/01\/x-locale\/common\/grey-pixel.gif\" \/>\n<meta name=\"twitter:card\" content=\"summary_large_image\" \/>\n<meta name=\"twitter:label1\" content=\"Gesch\u00e4tzte Lesezeit\" \/>\n\t<meta name=\"twitter:data1\" content=\"2\u00a0Minuten\" \/>\n<script type=\"application\/ld+json\" class=\"yoast-schema-graph\">{\"@context\":\"https:\/\/schema.org\",\"@graph\":[{\"@type\":\"WebPage\",\"@id\":\"https:\/\/easyliferobo.com\/de\/product\/vevor-roboterhund-kinderferngesteuertes-spielzeug-24-ghz-programmierbarer-intelligenter-interaktiver-rc-hund-fuer-kinder-mit-folgefunktion-touch-und-sprachsteuerung-fuer-kinder-ab-3-jahren\/\",\"url\":\"https:\/\/easyliferobo.com\/de\/product\/vevor-roboterhund-kinderferngesteuertes-spielzeug-24-ghz-programmierbarer-intelligenter-interaktiver-rc-hund-fuer-kinder-mit-folgefunktion-touch-und-sprachsteuerung-fuer-kinder-ab-3-jahren\/\",\"name\":\"VEVOR Roboterhund Kinderferngesteuertes Spielzeug, 2,4 GHz, programmierbarer intelligenter interaktiver RC-Hund f\u00fcr Kinder mit Folgefunktion, Touch- und Sprachsteuerung, f\u00fcr Kinder ab 3 Jahren - EasyLifeBro\",\"isPartOf\":{\"@id\":\"https:\/\/easyliferobo.com\/de\/#website\"},\"primaryImageOfPage\":{\"@id\":\"https:\/\/easyliferobo.com\/de\/product\/vevor-roboterhund-kinderferngesteuertes-spielzeug-24-ghz-programmierbarer-intelligenter-interaktiver-rc-hund-fuer-kinder-mit-folgefunktion-touch-und-sprachsteuerung-fuer-kinder-ab-3-jahren\/#primaryimage\"},\"image\":{\"@id\":\"https:\/\/easyliferobo.com\/de\/product\/vevor-roboterhund-kinderferngesteuertes-spielzeug-24-ghz-programmierbarer-intelligenter-interaktiver-rc-hund-fuer-kinder-mit-folgefunktion-touch-und-sprachsteuerung-fuer-kinder-ab-3-jahren\/#primaryimage\"},\"thumbnailUrl\":\"https:\/\/easyliferobo.com\/de\/wp-content\/uploads\/2026\/02\/71ASTxsvBL._AC_SL1500_.jpg\",\"datePublished\":\"2026-02-27T11:50:54+00:00\",\"dateModified\":\"2026-02-27T11:51:22+00:00\",\"description\":\"Entdecken Sie smarte Roboter f\u00fcr Zuhause, Garten, Bildung und Sicherheit. Vergleichen Sie Saugroboter, Rasenm\u00e4hroboter, KI-Begleitroboter und mehr bei EasyLifeRobo.\",\"breadcrumb\":{\"@id\":\"https:\/\/easyliferobo.com\/de\/product\/vevor-roboterhund-kinderferngesteuertes-spielzeug-24-ghz-programmierbarer-intelligenter-interaktiver-rc-hund-fuer-kinder-mit-folgefunktion-touch-und-sprachsteuerung-fuer-kinder-ab-3-jahren\/#breadcrumb\"},\"inLanguage\":\"de\",\"potentialAction\":[{\"@type\":\"ReadAction\",\"target\":[\"https:\/\/easyliferobo.com\/de\/product\/vevor-roboterhund-kinderferngesteuertes-spielzeug-24-ghz-programmierbarer-intelligenter-interaktiver-rc-hund-fuer-kinder-mit-folgefunktion-touch-und-sprachsteuerung-fuer-kinder-ab-3-jahren\/\"]}]},{\"@type\":\"ImageObject\",\"inLanguage\":\"de\",\"@id\":\"https:\/\/easyliferobo.com\/de\/product\/vevor-roboterhund-kinderferngesteuertes-spielzeug-24-ghz-programmierbarer-intelligenter-interaktiver-rc-hund-fuer-kinder-mit-folgefunktion-touch-und-sprachsteuerung-fuer-kinder-ab-3-jahren\/#primaryimage\",\"url\":\"https:\/\/easyliferobo.com\/de\/wp-content\/uploads\/2026\/02\/71ASTxsvBL._AC_SL1500_.jpg\",\"contentUrl\":\"https:\/\/easyliferobo.com\/de\/wp-content\/uploads\/2026\/02\/71ASTxsvBL._AC_SL1500_.jpg\",\"width\":1500,\"height\":1475},{\"@type\":\"BreadcrumbList\",\"@id\":\"https:\/\/easyliferobo.com\/de\/product\/vevor-roboterhund-kinderferngesteuertes-spielzeug-24-ghz-programmierbarer-intelligenter-interaktiver-rc-hund-fuer-kinder-mit-folgefunktion-touch-und-sprachsteuerung-fuer-kinder-ab-3-jahren\/#breadcrumb\",\"itemListElement\":[{\"@type\":\"ListItem\",\"position\":1,\"name\":\"Home\",\"item\":\"https:\/\/easyliferobo.com\/de\/\"},{\"@type\":\"ListItem\",\"position\":2,\"name\":\"Shop\",\"item\":\"https:\/\/easyliferobo.com\/de\/shop\/\"},{\"@type\":\"ListItem\",\"position\":3,\"name\":\"VEVOR Roboterhund Kinderferngesteue...\"}]},{\"@type\":\"WebSite\",\"@id\":\"https:\/\/easyliferobo.com\/de\/#website\",\"url\":\"https:\/\/easyliferobo.com\/de\/\",\"name\":\"EasyLifeBro\",\"description\":\"Smarte Roboter f\u00fcr Zuhause, Garten &amp; Bildung\",\"publisher\":{\"@id\":\"https:\/\/easyliferobo.com\/de\/#organization\"},\"potentialAction\":[{\"@type\":\"SearchAction\",\"target\":{\"@type\":\"EntryPoint\",\"urlTemplate\":\"https:\/\/easyliferobo.com\/de\/?s={search_term_string}\"},\"query-input\":{\"@type\":\"PropertyValueSpecification\",\"valueRequired\":true,\"valueName\":\"search_term_string\"}}],\"inLanguage\":\"de\"},{\"@type\":\"Organization\",\"@id\":\"https:\/\/easyliferobo.com\/de\/#organization\",\"name\":\"EasyLifeBro\",\"url\":\"https:\/\/easyliferobo.com\/de\/\",\"logo\":{\"@type\":\"ImageObject\",\"inLanguage\":\"de\",\"@id\":\"https:\/\/easyliferobo.com\/de\/#\/schema\/logo\/image\/\",\"url\":\"https:\/\/easyliferobo.com\/de\/wp-content\/uploads\/2026\/02\/Screenshot-2026-02-22-at-2.25.03-PM.png\",\"contentUrl\":\"https:\/\/easyliferobo.com\/de\/wp-content\/uploads\/2026\/02\/Screenshot-2026-02-22-at-2.25.03-PM.png\",\"width\":1858,\"height\":430,\"caption\":\"EasyLifeBro\"},\"image\":{\"@id\":\"https:\/\/easyliferobo.com\/de\/#\/schema\/logo\/image\/\"}}]}<\/script>\n<!-- \/ Yoast SEO plugin. -->","yoast_head_json":{"title":"VEVOR Roboterhund Kinderferngesteuertes Spielzeug, 2,4 GHz, programmierbarer intelligenter interaktiver RC-Hund f\u00fcr Kinder mit Folgefunktion, Touch- und Sprachsteuerung, f\u00fcr Kinder ab 3 Jahren - EasyLifeBro","description":"Entdecken Sie smarte Roboter f\u00fcr Zuhause, Garten, Bildung und Sicherheit. Vergleichen Sie Saugroboter, Rasenm\u00e4hroboter, KI-Begleitroboter und mehr bei EasyLifeRobo.","robots":{"index":"index","follow":"follow","max-snippet":"max-snippet:-1","max-image-preview":"max-image-preview:large","max-video-preview":"max-video-preview:-1"},"canonical":"https:\/\/easyliferobo.com\/de\/product\/vevor-roboterhund-kinderferngesteuertes-spielzeug-24-ghz-programmierbarer-intelligenter-interaktiver-rc-hund-fuer-kinder-mit-folgefunktion-touch-und-sprachsteuerung-fuer-kinder-ab-3-jahren\/","og_locale":"de_DE","og_type":"article","og_title":"VEVOR Roboterhund Kinderferngesteuertes Spielzeug, 2,4 GHz, programmierbarer intelligenter interaktiver RC-Hund f\u00fcr Kinder mit Folgefunktion, Touch- und Sprachsteuerung, f\u00fcr Kinder ab 3 Jahren - EasyLifeBro","og_description":"Entdecken Sie smarte Roboter f\u00fcr Zuhause, Garten, Bildung und Sicherheit. Vergleichen Sie Saugroboter, Rasenm\u00e4hroboter, KI-Begleitroboter und mehr bei EasyLifeRobo.","og_url":"https:\/\/easyliferobo.com\/de\/product\/vevor-roboterhund-kinderferngesteuertes-spielzeug-24-ghz-programmierbarer-intelligenter-interaktiver-rc-hund-fuer-kinder-mit-folgefunktion-touch-und-sprachsteuerung-fuer-kinder-ab-3-jahren\/","og_site_name":"EasyLifeBro","article_modified_time":"2026-02-27T11:51:22+00:00","og_image":[{"url":"https:\/\/images-na.ssl-images-amazon.com\/images\/G\/01\/x-locale\/common\/grey-pixel.gif","type":"","width":"","height":""}],"twitter_card":"summary_large_image","twitter_misc":{"Gesch\u00e4tzte Lesezeit":"2\u00a0Minuten"},"schema":{"@context":"https:\/\/schema.org","@graph":[{"@type":"WebPage","@id":"https:\/\/easyliferobo.com\/de\/product\/vevor-roboterhund-kinderferngesteuertes-spielzeug-24-ghz-programmierbarer-intelligenter-interaktiver-rc-hund-fuer-kinder-mit-folgefunktion-touch-und-sprachsteuerung-fuer-kinder-ab-3-jahren\/","url":"https:\/\/easyliferobo.com\/de\/product\/vevor-roboterhund-kinderferngesteuertes-spielzeug-24-ghz-programmierbarer-intelligenter-interaktiver-rc-hund-fuer-kinder-mit-folgefunktion-touch-und-sprachsteuerung-fuer-kinder-ab-3-jahren\/","name":"VEVOR Roboterhund Kinderferngesteuertes Spielzeug, 2,4 GHz, programmierbarer intelligenter interaktiver RC-Hund f\u00fcr Kinder mit Folgefunktion, Touch- und Sprachsteuerung, f\u00fcr Kinder ab 3 Jahren - EasyLifeBro","isPartOf":{"@id":"https:\/\/easyliferobo.com\/de\/#website"},"primaryImageOfPage":{"@id":"https:\/\/easyliferobo.com\/de\/product\/vevor-roboterhund-kinderferngesteuertes-spielzeug-24-ghz-programmierbarer-intelligenter-interaktiver-rc-hund-fuer-kinder-mit-folgefunktion-touch-und-sprachsteuerung-fuer-kinder-ab-3-jahren\/#primaryimage"},"image":{"@id":"https:\/\/easyliferobo.com\/de\/product\/vevor-roboterhund-kinderferngesteuertes-spielzeug-24-ghz-programmierbarer-intelligenter-interaktiver-rc-hund-fuer-kinder-mit-folgefunktion-touch-und-sprachsteuerung-fuer-kinder-ab-3-jahren\/#primaryimage"},"thumbnailUrl":"https:\/\/easyliferobo.com\/de\/wp-content\/uploads\/2026\/02\/71ASTxsvBL._AC_SL1500_.jpg","datePublished":"2026-02-27T11:50:54+00:00","dateModified":"2026-02-27T11:51:22+00:00","description":"Entdecken Sie smarte Roboter f\u00fcr Zuhause, Garten, Bildung und Sicherheit. Vergleichen Sie Saugroboter, Rasenm\u00e4hroboter, KI-Begleitroboter und mehr bei EasyLifeRobo.","breadcrumb":{"@id":"https:\/\/easyliferobo.com\/de\/product\/vevor-roboterhund-kinderferngesteuertes-spielzeug-24-ghz-programmierbarer-intelligenter-interaktiver-rc-hund-fuer-kinder-mit-folgefunktion-touch-und-sprachsteuerung-fuer-kinder-ab-3-jahren\/#breadcrumb"},"inLanguage":"de","potentialAction":[{"@type":"ReadAction","target":["https:\/\/easyliferobo.com\/de\/product\/vevor-roboterhund-kinderferngesteuertes-spielzeug-24-ghz-programmierbarer-intelligenter-interaktiver-rc-hund-fuer-kinder-mit-folgefunktion-touch-und-sprachsteuerung-fuer-kinder-ab-3-jahren\/"]}]},{"@type":"ImageObject","inLanguage":"de","@id":"https:\/\/easyliferobo.com\/de\/product\/vevor-roboterhund-kinderferngesteuertes-spielzeug-24-ghz-programmierbarer-intelligenter-interaktiver-rc-hund-fuer-kinder-mit-folgefunktion-touch-und-sprachsteuerung-fuer-kinder-ab-3-jahren\/#primaryimage","url":"https:\/\/easyliferobo.com\/de\/wp-content\/uploads\/2026\/02\/71ASTxsvBL._AC_SL1500_.jpg","contentUrl":"https:\/\/easyliferobo.com\/de\/wp-content\/uploads\/2026\/02\/71ASTxsvBL._AC_SL1500_.jpg","width":1500,"height":1475},{"@type":"BreadcrumbList","@id":"https:\/\/easyliferobo.com\/de\/product\/vevor-roboterhund-kinderferngesteuertes-spielzeug-24-ghz-programmierbarer-intelligenter-interaktiver-rc-hund-fuer-kinder-mit-folgefunktion-touch-und-sprachsteuerung-fuer-kinder-ab-3-jahren\/#breadcrumb","itemListElement":[{"@type":"ListItem","position":1,"name":"Home","item":"https:\/\/easyliferobo.com\/de\/"},{"@type":"ListItem","position":2,"name":"Shop","item":"https:\/\/easyliferobo.com\/de\/shop\/"},{"@type":"ListItem","position":3,"name":"VEVOR Roboterhund Kinderferngesteue..."}]},{"@type":"WebSite","@id":"https:\/\/easyliferobo.com\/de\/#website","url":"https:\/\/easyliferobo.com\/de\/","name":"EasyLifeBro","description":"Smarte Roboter f\u00fcr Zuhause, Garten &amp; Bildung","publisher":{"@id":"https:\/\/easyliferobo.com\/de\/#organization"},"potentialAction":[{"@type":"SearchAction","target":{"@type":"EntryPoint","urlTemplate":"https:\/\/easyliferobo.com\/de\/?s={search_term_string}"},"query-input":{"@type":"PropertyValueSpecification","valueRequired":true,"valueName":"search_term_string"}}],"inLanguage":"de"},{"@type":"Organization","@id":"https:\/\/easyliferobo.com\/de\/#organization","name":"EasyLifeBro","url":"https:\/\/easyliferobo.com\/de\/","logo":{"@type":"ImageObject","inLanguage":"de","@id":"https:\/\/easyliferobo.com\/de\/#\/schema\/logo\/image\/","url":"https:\/\/easyliferobo.com\/de\/wp-content\/uploads\/2026\/02\/Screenshot-2026-02-22-at-2.25.03-PM.png","contentUrl":"https:\/\/easyliferobo.com\/de\/wp-content\/uploads\/2026\/02\/Screenshot-2026-02-22-at-2.25.03-PM.png","width":1858,"height":430,"caption":"EasyLifeBro"},"image":{"@id":"https:\/\/easyliferobo.com\/de\/#\/schema\/logo\/image\/"}}]}},"_links":{"self":[{"href":"https:\/\/easyliferobo.com\/de\/wp-json\/wp\/v2\/product\/4258","targetHints":{"allow":["GET"]}}],"collection":[{"href":"https:\/\/easyliferobo.com\/de\/wp-json\/wp\/v2\/product"}],"about":[{"href":"https:\/\/easyliferobo.com\/de\/wp-json\/wp\/v2\/types\/product"}],"replies":[{"embeddable":true,"href":"https:\/\/easyliferobo.com\/de\/wp-json\/wp\/v2\/comments?post=4258"}],"wp:featuredmedia":[{"embeddable":true,"href":"https:\/\/easyliferobo.com\/de\/wp-json\/wp\/v2\/media\/4259"}],"wp:attachment":[{"href":"https:\/\/easyliferobo.com\/de\/wp-json\/wp\/v2\/media?parent=4258"}],"wp:term":[{"taxonomy":"store","embeddable":true,"href":"https:\/\/easyliferobo.com\/de\/wp-json\/wp\/v2\/store?post=4258"},{"taxonomy":"product_brand","embeddable":true,"href":"https:\/\/easyliferobo.com\/de\/wp-json\/wp\/v2\/product_brand?post=4258"},{"taxonomy":"product_cat","embeddable":true,"href":"https:\/\/easyliferobo.com\/de\/wp-json\/wp\/v2\/product_cat?post=4258"},{"taxonomy":"product_tag","embeddable":true,"href":"https:\/\/easyliferobo.com\/de\/wp-json\/wp\/v2\/product_tag?post=4258"}],"curies":[{"name":"wp","href":"https:\/\/api.w.org\/{rel}","templated":true}]}}