
{"id":4251,"date":"2026-02-27T11:40:22","date_gmt":"2026-02-27T11:40:22","guid":{"rendered":"https:\/\/easyliferobo.com\/de\/product\/ferngesteuertes-autospielzeug-ab-3-4-5-6-7-8-jahren-junge-maedchen-24-ghz-transformationsroboter-spinne-rc-auto-mit-fernbedienung-weihnachtsgeburtstagsgeschenke-kinderspiele-von-3-12-jahren\/"},"modified":"2026-02-27T11:40:35","modified_gmt":"2026-02-27T11:40:35","slug":"ferngesteuertes-autospielzeug-ab-3-4-5-6-7-8-jahren-junge-maedchen-24-ghz-transformationsroboter-spinne-rc-auto-mit-fernbedienung-weihnachtsgeburtstagsgeschenke-kinderspiele-von-3-12-jahren","status":"publish","type":"product","link":"https:\/\/easyliferobo.com\/de\/product\/ferngesteuertes-autospielzeug-ab-3-4-5-6-7-8-jahren-junge-maedchen-24-ghz-transformationsroboter-spinne-rc-auto-mit-fernbedienung-weihnachtsgeburtstagsgeschenke-kinderspiele-von-3-12-jahren\/","title":{"rendered":"Ferngesteuertes Autospielzeug ab 3 ..."},"content":{"rendered":"<p>\n                                             Produktbeschreibung   <\/p>\n<p>                                                                             <img decoding=\"async\" alt=\"Verwandelbares Spielzeugauto in Rot und Blau mit mehreren Konfigurationsmodi und Symbolen f\u00fcr Funktionen wie 360-Grad-Drehung und Transformationsm\u00f6glichkeiten.\" src=\"https:\/\/images-na.ssl-images-amazon.com\/images\/G\/01\/x-locale\/common\/grey-pixel.gif\" class=\"a-spacing-base a-lazy-loaded\" data-src=\"https:\/\/m.media-amazon.com\/images\/S\/aplus-media-library-service-media\/35697a14-f758-4b3c-a89a-5efb894a8dca.__CR0,0,970,600_PT0_SX970_V1___.jpg\"><img decoding=\"async\" alt=\"Verwandelbares Spielzeugauto in Rot und Blau mit mehreren Konfigurationsmodi und Symbolen f\u00fcr Funktionen wie 360-Grad-Drehung und Transformationsm\u00f6glichkeiten.\" src=\"https:\/\/m.media-amazon.com\/images\/S\/aplus-media-library-service-media\/35697a14-f758-4b3c-a89a-5efb894a8dca.__CR0,0,970,600_PT0_SX970_V1___.jpg\">                                         <\/p>\n<h3 class=\"a-spacing-mini\">  Fantastisches Design \u2013 verwandelbares Roboter-Spinnenauto <\/h3>\n<p class=\"a-spacing-base\">  Dieses umwandelbare ferngesteuerte Auto ist fantastisch gestaltet mit einem um 360\u00b0 drehbaren Rad, rutschfesten Reifen, robusten Materialien, Ein-Klick-Verformung und automatischer Demonstration. Es bietet Kindern fr\u00f6hliche Unterhaltung in ihrer Kindheit. <\/p>\n<p>                                                      <img decoding=\"async\" alt=\"Verwandelndes Spielzeugauto in den Farben Rot und Blau, dargestellt in der Reihenfolge, in der es vom Rennwagen zur Roboterform wechselt, mit karierten Rennflaggen im Hintergrund.\" src=\"https:\/\/images-na.ssl-images-amazon.com\/images\/G\/01\/x-locale\/common\/grey-pixel.gif\" class=\"a-spacing-mini a-lazy-loaded\" data-src=\"https:\/\/m.media-amazon.com\/images\/S\/aplus-media-library-service-media\/8a9f37ef-10b9-4f4f-9af5-ab9800fe7116.__CR0,0,300,400_PT0_SX300_V1___.jpg\"><img decoding=\"async\" alt=\"Verwandelndes Spielzeugauto in den Farben Rot und Blau, dargestellt in der Reihenfolge, in der es vom Rennwagen zur Roboterform wechselt, mit karierten Rennflaggen im Hintergrund.\" src=\"https:\/\/m.media-amazon.com\/images\/S\/aplus-media-library-service-media\/8a9f37ef-10b9-4f4f-9af5-ab9800fe7116.__CR0,0,300,400_PT0_SX300_V1___.jpg\">  <\/p>\n<p>                                                              <img decoding=\"async\" alt=\"Ferngesteuertes rotes Spielzeugauto mit schwarzen und blauen Akzenten, inklusive Controller, USB-Kabel und Bedienungsanleitung.\" src=\"https:\/\/images-na.ssl-images-amazon.com\/images\/G\/01\/x-locale\/common\/grey-pixel.gif\" class=\"a-spacing-mini a-lazy-loaded\" data-src=\"https:\/\/m.media-amazon.com\/images\/S\/aplus-media-library-service-media\/4d456b15-bde5-4856-9424-c0d857e98c83.__CR0,0,350,175_PT0_SX350_V1___.jpg\"><img decoding=\"async\" alt=\"Ferngesteuertes rotes Spielzeugauto mit schwarzen und blauen Akzenten, inklusive Controller, USB-Kabel und Bedienungsanleitung.\" src=\"https:\/\/m.media-amazon.com\/images\/S\/aplus-media-library-service-media\/4d456b15-bde5-4856-9424-c0d857e98c83.__CR0,0,350,175_PT0_SX350_V1___.jpg\">                                          Das Paket beinhaltet: 1 x verformtes Auto, 1 x Fernbedienung, 1 x USB-Ladekabel, 1 x Schraube, 1 x Batterie f\u00fcr Auto       <\/p>\n<p class=\"a-spacing-base\"> 2,4-GHz-Fernbedienung <\/p>\n<p class=\"a-spacing-base\">  Verwendet 2,4-GHz-Frequenztechnologie, Steuerreichweite bis zu 45 m. Erm\u00f6glicht mehr als zwei Spielern, dieses RC-Car gleichzeitig zu spielen. <\/p>\n<p class=\"a-spacing-base\">  360\u00b0 Drehung und Driften <\/p>\n<p class=\"a-spacing-base\">  Dieses ferngesteuerte Transformationsauto verf\u00fcgt \u00fcber 5 R\u00e4der und kann 360\u00b0-Drehungen und Drifts ausf\u00fchren, was das Spielen noch spannender macht. <\/p>\n<p class=\"a-spacing-base\">  Transformation mit nur einem Knopfdruck <\/p>\n<p class=\"a-spacing-base\">  Wenn Sie die Taste am Controller dr\u00fccken, kann er sich jederzeit und \u00fcberall vom Auto in einen Roboter verwandeln. <\/p>\n<p>                                                                             <img decoding=\"async\" alt=\"Ferngesteuertes Gaming-Setup mit kabellosem Controller, Tastatur mit Ladekabel, rotem Sportwagendesign und rot-schwarzen Richtungssteuerungen.\" src=\"https:\/\/images-na.ssl-images-amazon.com\/images\/G\/01\/x-locale\/common\/grey-pixel.gif\" class=\"a-spacing-base a-lazy-loaded\" data-src=\"https:\/\/m.media-amazon.com\/images\/S\/aplus-media-library-service-media\/95238848-91c9-443c-852e-91af3304f9a8.__CR0,0,970,600_PT0_SX970_V1___.jpg\"><img decoding=\"async\" alt=\"Ferngesteuertes Gaming-Setup mit kabellosem Controller, Tastatur mit Ladekabel, rotem Sportwagendesign und rot-schwarzen Richtungssteuerungen.\" src=\"https:\/\/m.media-amazon.com\/images\/S\/aplus-media-library-service-media\/95238848-91c9-443c-852e-91af3304f9a8.__CR0,0,970,600_PT0_SX970_V1___.jpg\">                                                                    <\/p>\n<p>                                                                             <img decoding=\"async\" alt=\"Ferngesteuertes rotes Spielzeugauto mit Transformationsm\u00f6glichkeiten, das mehrere Bewegungsmodi und Steuerfunktionen im Lehrdiagrammformat zeigt.\" src=\"https:\/\/images-na.ssl-images-amazon.com\/images\/G\/01\/x-locale\/common\/grey-pixel.gif\" class=\"a-spacing-base a-lazy-loaded\" data-src=\"https:\/\/m.media-amazon.com\/images\/S\/aplus-media-library-service-media\/6d17c9db-2d5f-4f0f-a1e3-700bfc89635c.__CR0,0,970,600_PT0_SX970_V1___.jpg\"><img decoding=\"async\" alt=\"Ferngesteuertes rotes Spielzeugauto mit Transformationsm\u00f6glichkeiten, das mehrere Bewegungsmodi und Steuerfunktionen im Lehrdiagrammformat zeigt.\" src=\"https:\/\/m.media-amazon.com\/images\/S\/aplus-media-library-service-media\/6d17c9db-2d5f-4f0f-a1e3-700bfc89635c.__CR0,0,970,600_PT0_SX970_V1___.jpg\">                                                                    <\/p>\n<p>                                                                             <img decoding=\"async\" alt=\"Rotes und blaues verwandelndes Autospielzeug auf violetter Oberfl\u00e4che mit Spinnennetzmuster. Die deutsche Text\u00fcberschrift weist auf Geschenkartikel f\u00fcr Kinder hin.\" src=\"https:\/\/images-na.ssl-images-amazon.com\/images\/G\/01\/x-locale\/common\/grey-pixel.gif\" class=\"a-spacing-base a-lazy-loaded\" data-src=\"https:\/\/m.media-amazon.com\/images\/S\/aplus-media-library-service-media\/2ffbfcca-a24b-4163-8e0f-c704236454e1.__CR0,0,970,600_PT0_SX970_V1___.jpg\"><img decoding=\"async\" alt=\"Rotes und blaues verwandelndes Autospielzeug auf violetter Oberfl\u00e4che mit Spinnennetzmuster. Die deutsche Text\u00fcberschrift weist auf Geschenkartikel f\u00fcr Kinder hin.\" src=\"https:\/\/m.media-amazon.com\/images\/S\/aplus-media-library-service-media\/2ffbfcca-a24b-4163-8e0f-c704236454e1.__CR0,0,970,600_PT0_SX970_V1___.jpg\">                                                                    <\/p>\n<p>                                                  <img decoding=\"async\" alt=\"Anleitungsdiagramm, das die korrekte und falsche Reifenplatzierung f\u00fcr ein rotes und blaues Spielzeug-Sportwagenmodell zeigt.\" src=\"https:\/\/images-na.ssl-images-amazon.com\/images\/G\/01\/x-locale\/common\/grey-pixel.gif\" class=\"a-lazy-loaded\" data-src=\"https:\/\/m.media-amazon.com\/images\/S\/aplus-media-library-service-media\/50bd64eb-d9da-45b3-9b5c-2cb6d024be13.__CR0,0,300,300_PT0_SX300_V1___.jpg\"><img decoding=\"async\" alt=\"Anleitungsdiagramm, das die korrekte und falsche Reifenplatzierung f\u00fcr ein rotes und blaues Spielzeug-Sportwagenmodell zeigt.\" src=\"https:\/\/m.media-amazon.com\/images\/S\/aplus-media-library-service-media\/50bd64eb-d9da-45b3-9b5c-2cb6d024be13.__CR0,0,300,300_PT0_SX300_V1___.jpg\">  <\/p>\n<h3 class=\"a-spacing-mini\">  Warum l\u00e4sst es sich nicht umwandeln? <\/h3>\n<p>  Stellen Sie sicher, dass das Vorderradteil richtig montiert ist (wie im Bild gezeigt). <\/p>\n<p>  Warnung: <\/p>\n<p>  Bitte nur mit dem mitgelieferten USB-Ladekabel aufladen. <\/p>\n<p>  Die Kontrollleuchte erlischt, wenn der Ladevorgang abgeschlossen ist. Bitte nicht \u00fcberladen. <\/p>\n<p>2-in-1-Fernbedienungsauto \u201eCool Spider\u201c: Dieses Kinderspielzeug kombiniert ein Auto und einen Roboter und bietet die M\u00f6glichkeit, zwischen Auto und Roboter hin und her zu wechseln. Au\u00dferdem verf\u00fcgt es \u00fcber ein cooles rot-blaues Spinnendesign, das die Aufmerksamkeit der Kinder auf sich zieht und f\u00fcr zus\u00e4tzlichen Spa\u00df und Unterhaltung beim Spielen sorgt.<br \/>Automatische Transformation mit einem Knopfdruck und 360\u00b0-Drehung: Der RC Transform wechselt auf Knopfdruck zwischen Auto und Roboter, und der Transform verf\u00fcgt an der Unterseite \u00fcber ein flexibles omnidirektionales Rad, mit dem sich das Auto oder der Roboter um 360\u00b0 drehen kann. Auch Kinder k\u00f6nnen mit der automatischen Pr\u00e4sentationsfunktion gro\u00dfen Spa\u00df haben.<br \/>2,4-GHz-Fernbedienung: Die Fernbedienung nutzt die 2,4-GHz-Anti-Interferenz-Technologie. Bevor ein Auto gesteuert wird, wird die Fernbedienung mit dem entsprechenden Autospielzeug verbunden und eine Fernbedienung kann nur ein Auto steuern. Es k\u00f6nnen zwei oder mehr Autos gleichzeitig gespielt werden, ohne sich gegenseitig zu st\u00f6ren.<br \/>HOHE QUALIT\u00c4T &#038; WIEDERAUFLADBAR Hergestellt aus hochwertigen Materialien, sto\u00dffeste Spielzeugautokarosserie, langlebig und schlagfest, reduziert Sch\u00e4den durch versehentliches Herunterfallen und verl\u00e4ngert die Betriebszeit. Mit einem 500-mAh-Akku und einem USB-Kabel dauert das vollst\u00e4ndige Aufladen etwa 1,5 Stunden und l\u00e4uft \u00fcber 30 Minuten ununterbrochen. Sie k\u00f6nnen es \u00fcberall mit einem Adapter, Computer oder einer Powerbank aufladen.<br \/>Ideales Geschenk f\u00fcr Kinder im Alter von 3\u20139 Jahren: erh\u00e4ltlich in sch\u00f6ner Verpackung f\u00fcr Jungen und M\u00e4dchen, die von Robotern und Autos\/Spinnenautos fasziniert sind. Ideales Geschenk f\u00fcr Kindergeburtstage, Weihnachten oder andere Feste.<\/p>\n<p>[ad_2]<\/p>\n","protected":false},"excerpt":{"rendered":"<p>Produktbeschreibung Fantastisches Design \u2013 verwandelbares Roboter-Spinnenauto Dieses umwandelbare ferngesteuerte Auto ist fantastisch gestaltet mit einem um 360\u00b0 drehbaren Rad, rutschfesten Reifen, robusten Materialien, Ein-Klick-Verformung und automatischer Demonstration. Es bietet Kindern fr\u00f6hliche Unterhaltung in ihrer Kindheit. Das Paket beinhaltet: 1 x verformtes Auto, 1 x Fernbedienung, 1 x USB-Ladekabel, 1 x Schraube, 1 x Batterie f\u00fcr [&hellip;]<\/p>\n","protected":false},"featured_media":4252,"comment_status":"open","ping_status":"closed","template":"","meta":{"_aipt_faq_data":""},"store":[],"product_brand":[],"product_cat":[89],"product_tag":[132],"class_list":{"0":"post-4251","1":"product","2":"type-product","3":"status-publish","4":"has-post-thumbnail","6":"product_cat-roboter-mit-fernbedienung","7":"product_tag-roboter-mit-fernbedienung-kinder","9":"first","10":"instock","11":"sale","12":"shipping-taxable","13":"product-type-external"},"yoast_head":"<!-- This site is optimized with the Yoast SEO plugin v27.4 - https:\/\/yoast.com\/product\/yoast-seo-wordpress\/ -->\n<title>Ferngesteuertes Autospielzeug ab 3 4 5 6 7 8+ Jahren Junge M\u00e4dchen 2,4 GHz Transformationsroboter Spinne RC Auto mit Fernbedienung Weihnachtsgeburtstagsgeschenke Kinderspiele von 3\u201312 Jahren - EasyLifeBro<\/title>\n<meta name=\"description\" content=\"Entdecken Sie smarte Roboter f\u00fcr Zuhause, Garten, Bildung und Sicherheit. Vergleichen Sie Saugroboter, Rasenm\u00e4hroboter, KI-Begleitroboter und mehr bei EasyLifeRobo.\" \/>\n<meta name=\"robots\" content=\"index, follow, max-snippet:-1, max-image-preview:large, max-video-preview:-1\" \/>\n<link rel=\"canonical\" href=\"https:\/\/easyliferobo.com\/de\/product\/ferngesteuertes-autospielzeug-ab-3-4-5-6-7-8-jahren-junge-maedchen-24-ghz-transformationsroboter-spinne-rc-auto-mit-fernbedienung-weihnachtsgeburtstagsgeschenke-kinderspiele-von-3-12-jahren\/\" \/>\n<meta property=\"og:locale\" content=\"de_DE\" \/>\n<meta property=\"og:type\" content=\"article\" \/>\n<meta property=\"og:title\" content=\"Ferngesteuertes Autospielzeug ab 3 4 5 6 7 8+ Jahren Junge M\u00e4dchen 2,4 GHz Transformationsroboter Spinne RC Auto mit Fernbedienung Weihnachtsgeburtstagsgeschenke Kinderspiele von 3\u201312 Jahren - EasyLifeBro\" \/>\n<meta property=\"og:description\" content=\"Entdecken Sie smarte Roboter f\u00fcr Zuhause, Garten, Bildung und Sicherheit. Vergleichen Sie Saugroboter, Rasenm\u00e4hroboter, KI-Begleitroboter und mehr bei EasyLifeRobo.\" \/>\n<meta property=\"og:url\" content=\"https:\/\/easyliferobo.com\/de\/product\/ferngesteuertes-autospielzeug-ab-3-4-5-6-7-8-jahren-junge-maedchen-24-ghz-transformationsroboter-spinne-rc-auto-mit-fernbedienung-weihnachtsgeburtstagsgeschenke-kinderspiele-von-3-12-jahren\/\" \/>\n<meta property=\"og:site_name\" content=\"EasyLifeBro\" \/>\n<meta property=\"article:modified_time\" content=\"2026-02-27T11:40:35+00:00\" \/>\n<meta property=\"og:image\" content=\"https:\/\/images-na.ssl-images-amazon.com\/images\/G\/01\/x-locale\/common\/grey-pixel.gif\" \/>\n<meta name=\"twitter:card\" content=\"summary_large_image\" \/>\n<meta name=\"twitter:label1\" content=\"Gesch\u00e4tzte Lesezeit\" \/>\n\t<meta name=\"twitter:data1\" content=\"2\u00a0Minuten\" \/>\n<script type=\"application\/ld+json\" class=\"yoast-schema-graph\">{\"@context\":\"https:\\\/\\\/schema.org\",\"@graph\":[{\"@type\":\"WebPage\",\"@id\":\"https:\\\/\\\/easyliferobo.com\\\/de\\\/product\\\/ferngesteuertes-autospielzeug-ab-3-4-5-6-7-8-jahren-junge-maedchen-24-ghz-transformationsroboter-spinne-rc-auto-mit-fernbedienung-weihnachtsgeburtstagsgeschenke-kinderspiele-von-3-12-jahren\\\/\",\"url\":\"https:\\\/\\\/easyliferobo.com\\\/de\\\/product\\\/ferngesteuertes-autospielzeug-ab-3-4-5-6-7-8-jahren-junge-maedchen-24-ghz-transformationsroboter-spinne-rc-auto-mit-fernbedienung-weihnachtsgeburtstagsgeschenke-kinderspiele-von-3-12-jahren\\\/\",\"name\":\"Ferngesteuertes Autospielzeug ab 3 4 5 6 7 8+ Jahren Junge M\u00e4dchen 2,4 GHz Transformationsroboter Spinne RC Auto mit Fernbedienung Weihnachtsgeburtstagsgeschenke Kinderspiele von 3\u201312 Jahren - EasyLifeBro\",\"isPartOf\":{\"@id\":\"https:\\\/\\\/easyliferobo.com\\\/de\\\/#website\"},\"primaryImageOfPage\":{\"@id\":\"https:\\\/\\\/easyliferobo.com\\\/de\\\/product\\\/ferngesteuertes-autospielzeug-ab-3-4-5-6-7-8-jahren-junge-maedchen-24-ghz-transformationsroboter-spinne-rc-auto-mit-fernbedienung-weihnachtsgeburtstagsgeschenke-kinderspiele-von-3-12-jahren\\\/#primaryimage\"},\"image\":{\"@id\":\"https:\\\/\\\/easyliferobo.com\\\/de\\\/product\\\/ferngesteuertes-autospielzeug-ab-3-4-5-6-7-8-jahren-junge-maedchen-24-ghz-transformationsroboter-spinne-rc-auto-mit-fernbedienung-weihnachtsgeburtstagsgeschenke-kinderspiele-von-3-12-jahren\\\/#primaryimage\"},\"thumbnailUrl\":\"https:\\\/\\\/easyliferobo.com\\\/de\\\/wp-content\\\/uploads\\\/2026\\\/02\\\/81k92-9bmoL._AC_SL1500_.jpg\",\"datePublished\":\"2026-02-27T11:40:22+00:00\",\"dateModified\":\"2026-02-27T11:40:35+00:00\",\"description\":\"Entdecken Sie smarte Roboter f\u00fcr Zuhause, Garten, Bildung und Sicherheit. Vergleichen Sie Saugroboter, Rasenm\u00e4hroboter, KI-Begleitroboter und mehr bei EasyLifeRobo.\",\"breadcrumb\":{\"@id\":\"https:\\\/\\\/easyliferobo.com\\\/de\\\/product\\\/ferngesteuertes-autospielzeug-ab-3-4-5-6-7-8-jahren-junge-maedchen-24-ghz-transformationsroboter-spinne-rc-auto-mit-fernbedienung-weihnachtsgeburtstagsgeschenke-kinderspiele-von-3-12-jahren\\\/#breadcrumb\"},\"inLanguage\":\"de\",\"potentialAction\":[{\"@type\":\"ReadAction\",\"target\":[\"https:\\\/\\\/easyliferobo.com\\\/de\\\/product\\\/ferngesteuertes-autospielzeug-ab-3-4-5-6-7-8-jahren-junge-maedchen-24-ghz-transformationsroboter-spinne-rc-auto-mit-fernbedienung-weihnachtsgeburtstagsgeschenke-kinderspiele-von-3-12-jahren\\\/\"]}]},{\"@type\":\"ImageObject\",\"inLanguage\":\"de\",\"@id\":\"https:\\\/\\\/easyliferobo.com\\\/de\\\/product\\\/ferngesteuertes-autospielzeug-ab-3-4-5-6-7-8-jahren-junge-maedchen-24-ghz-transformationsroboter-spinne-rc-auto-mit-fernbedienung-weihnachtsgeburtstagsgeschenke-kinderspiele-von-3-12-jahren\\\/#primaryimage\",\"url\":\"https:\\\/\\\/easyliferobo.com\\\/de\\\/wp-content\\\/uploads\\\/2026\\\/02\\\/81k92-9bmoL._AC_SL1500_.jpg\",\"contentUrl\":\"https:\\\/\\\/easyliferobo.com\\\/de\\\/wp-content\\\/uploads\\\/2026\\\/02\\\/81k92-9bmoL._AC_SL1500_.jpg\",\"width\":1500,\"height\":1472},{\"@type\":\"BreadcrumbList\",\"@id\":\"https:\\\/\\\/easyliferobo.com\\\/de\\\/product\\\/ferngesteuertes-autospielzeug-ab-3-4-5-6-7-8-jahren-junge-maedchen-24-ghz-transformationsroboter-spinne-rc-auto-mit-fernbedienung-weihnachtsgeburtstagsgeschenke-kinderspiele-von-3-12-jahren\\\/#breadcrumb\",\"itemListElement\":[{\"@type\":\"ListItem\",\"position\":1,\"name\":\"Home\",\"item\":\"https:\\\/\\\/easyliferobo.com\\\/de\\\/\"},{\"@type\":\"ListItem\",\"position\":2,\"name\":\"Shop\",\"item\":\"https:\\\/\\\/easyliferobo.com\\\/de\\\/shop\\\/\"},{\"@type\":\"ListItem\",\"position\":3,\"name\":\"Ferngesteuertes Autospielzeug ab 3 ...\"}]},{\"@type\":\"WebSite\",\"@id\":\"https:\\\/\\\/easyliferobo.com\\\/de\\\/#website\",\"url\":\"https:\\\/\\\/easyliferobo.com\\\/de\\\/\",\"name\":\"EasyLifeBro\",\"description\":\"Smarte Roboter f\u00fcr Zuhause, Garten &amp; Bildung\",\"publisher\":{\"@id\":\"https:\\\/\\\/easyliferobo.com\\\/de\\\/#organization\"},\"potentialAction\":[{\"@type\":\"SearchAction\",\"target\":{\"@type\":\"EntryPoint\",\"urlTemplate\":\"https:\\\/\\\/easyliferobo.com\\\/de\\\/?s={search_term_string}\"},\"query-input\":{\"@type\":\"PropertyValueSpecification\",\"valueRequired\":true,\"valueName\":\"search_term_string\"}}],\"inLanguage\":\"de\"},{\"@type\":\"Organization\",\"@id\":\"https:\\\/\\\/easyliferobo.com\\\/de\\\/#organization\",\"name\":\"EasyLifeBro\",\"url\":\"https:\\\/\\\/easyliferobo.com\\\/de\\\/\",\"logo\":{\"@type\":\"ImageObject\",\"inLanguage\":\"de\",\"@id\":\"https:\\\/\\\/easyliferobo.com\\\/de\\\/#\\\/schema\\\/logo\\\/image\\\/\",\"url\":\"https:\\\/\\\/easyliferobo.com\\\/de\\\/wp-content\\\/uploads\\\/2026\\\/02\\\/Screenshot-2026-02-22-at-2.25.03-PM.png\",\"contentUrl\":\"https:\\\/\\\/easyliferobo.com\\\/de\\\/wp-content\\\/uploads\\\/2026\\\/02\\\/Screenshot-2026-02-22-at-2.25.03-PM.png\",\"width\":1858,\"height\":430,\"caption\":\"EasyLifeBro\"},\"image\":{\"@id\":\"https:\\\/\\\/easyliferobo.com\\\/de\\\/#\\\/schema\\\/logo\\\/image\\\/\"}}]}<\/script>\n<!-- \/ Yoast SEO plugin. -->","yoast_head_json":{"title":"Ferngesteuertes Autospielzeug ab 3 4 5 6 7 8+ Jahren Junge M\u00e4dchen 2,4 GHz Transformationsroboter Spinne RC Auto mit Fernbedienung Weihnachtsgeburtstagsgeschenke Kinderspiele von 3\u201312 Jahren - EasyLifeBro","description":"Entdecken Sie smarte Roboter f\u00fcr Zuhause, Garten, Bildung und Sicherheit. Vergleichen Sie Saugroboter, Rasenm\u00e4hroboter, KI-Begleitroboter und mehr bei EasyLifeRobo.","robots":{"index":"index","follow":"follow","max-snippet":"max-snippet:-1","max-image-preview":"max-image-preview:large","max-video-preview":"max-video-preview:-1"},"canonical":"https:\/\/easyliferobo.com\/de\/product\/ferngesteuertes-autospielzeug-ab-3-4-5-6-7-8-jahren-junge-maedchen-24-ghz-transformationsroboter-spinne-rc-auto-mit-fernbedienung-weihnachtsgeburtstagsgeschenke-kinderspiele-von-3-12-jahren\/","og_locale":"de_DE","og_type":"article","og_title":"Ferngesteuertes Autospielzeug ab 3 4 5 6 7 8+ Jahren Junge M\u00e4dchen 2,4 GHz Transformationsroboter Spinne RC Auto mit Fernbedienung Weihnachtsgeburtstagsgeschenke Kinderspiele von 3\u201312 Jahren - EasyLifeBro","og_description":"Entdecken Sie smarte Roboter f\u00fcr Zuhause, Garten, Bildung und Sicherheit. Vergleichen Sie Saugroboter, Rasenm\u00e4hroboter, KI-Begleitroboter und mehr bei EasyLifeRobo.","og_url":"https:\/\/easyliferobo.com\/de\/product\/ferngesteuertes-autospielzeug-ab-3-4-5-6-7-8-jahren-junge-maedchen-24-ghz-transformationsroboter-spinne-rc-auto-mit-fernbedienung-weihnachtsgeburtstagsgeschenke-kinderspiele-von-3-12-jahren\/","og_site_name":"EasyLifeBro","article_modified_time":"2026-02-27T11:40:35+00:00","og_image":[{"url":"https:\/\/images-na.ssl-images-amazon.com\/images\/G\/01\/x-locale\/common\/grey-pixel.gif","type":"","width":"","height":""}],"twitter_card":"summary_large_image","twitter_misc":{"Gesch\u00e4tzte Lesezeit":"2\u00a0Minuten"},"schema":{"@context":"https:\/\/schema.org","@graph":[{"@type":"WebPage","@id":"https:\/\/easyliferobo.com\/de\/product\/ferngesteuertes-autospielzeug-ab-3-4-5-6-7-8-jahren-junge-maedchen-24-ghz-transformationsroboter-spinne-rc-auto-mit-fernbedienung-weihnachtsgeburtstagsgeschenke-kinderspiele-von-3-12-jahren\/","url":"https:\/\/easyliferobo.com\/de\/product\/ferngesteuertes-autospielzeug-ab-3-4-5-6-7-8-jahren-junge-maedchen-24-ghz-transformationsroboter-spinne-rc-auto-mit-fernbedienung-weihnachtsgeburtstagsgeschenke-kinderspiele-von-3-12-jahren\/","name":"Ferngesteuertes Autospielzeug ab 3 4 5 6 7 8+ Jahren Junge M\u00e4dchen 2,4 GHz Transformationsroboter Spinne RC Auto mit Fernbedienung Weihnachtsgeburtstagsgeschenke Kinderspiele von 3\u201312 Jahren - EasyLifeBro","isPartOf":{"@id":"https:\/\/easyliferobo.com\/de\/#website"},"primaryImageOfPage":{"@id":"https:\/\/easyliferobo.com\/de\/product\/ferngesteuertes-autospielzeug-ab-3-4-5-6-7-8-jahren-junge-maedchen-24-ghz-transformationsroboter-spinne-rc-auto-mit-fernbedienung-weihnachtsgeburtstagsgeschenke-kinderspiele-von-3-12-jahren\/#primaryimage"},"image":{"@id":"https:\/\/easyliferobo.com\/de\/product\/ferngesteuertes-autospielzeug-ab-3-4-5-6-7-8-jahren-junge-maedchen-24-ghz-transformationsroboter-spinne-rc-auto-mit-fernbedienung-weihnachtsgeburtstagsgeschenke-kinderspiele-von-3-12-jahren\/#primaryimage"},"thumbnailUrl":"https:\/\/easyliferobo.com\/de\/wp-content\/uploads\/2026\/02\/81k92-9bmoL._AC_SL1500_.jpg","datePublished":"2026-02-27T11:40:22+00:00","dateModified":"2026-02-27T11:40:35+00:00","description":"Entdecken Sie smarte Roboter f\u00fcr Zuhause, Garten, Bildung und Sicherheit. Vergleichen Sie Saugroboter, Rasenm\u00e4hroboter, KI-Begleitroboter und mehr bei EasyLifeRobo.","breadcrumb":{"@id":"https:\/\/easyliferobo.com\/de\/product\/ferngesteuertes-autospielzeug-ab-3-4-5-6-7-8-jahren-junge-maedchen-24-ghz-transformationsroboter-spinne-rc-auto-mit-fernbedienung-weihnachtsgeburtstagsgeschenke-kinderspiele-von-3-12-jahren\/#breadcrumb"},"inLanguage":"de","potentialAction":[{"@type":"ReadAction","target":["https:\/\/easyliferobo.com\/de\/product\/ferngesteuertes-autospielzeug-ab-3-4-5-6-7-8-jahren-junge-maedchen-24-ghz-transformationsroboter-spinne-rc-auto-mit-fernbedienung-weihnachtsgeburtstagsgeschenke-kinderspiele-von-3-12-jahren\/"]}]},{"@type":"ImageObject","inLanguage":"de","@id":"https:\/\/easyliferobo.com\/de\/product\/ferngesteuertes-autospielzeug-ab-3-4-5-6-7-8-jahren-junge-maedchen-24-ghz-transformationsroboter-spinne-rc-auto-mit-fernbedienung-weihnachtsgeburtstagsgeschenke-kinderspiele-von-3-12-jahren\/#primaryimage","url":"https:\/\/easyliferobo.com\/de\/wp-content\/uploads\/2026\/02\/81k92-9bmoL._AC_SL1500_.jpg","contentUrl":"https:\/\/easyliferobo.com\/de\/wp-content\/uploads\/2026\/02\/81k92-9bmoL._AC_SL1500_.jpg","width":1500,"height":1472},{"@type":"BreadcrumbList","@id":"https:\/\/easyliferobo.com\/de\/product\/ferngesteuertes-autospielzeug-ab-3-4-5-6-7-8-jahren-junge-maedchen-24-ghz-transformationsroboter-spinne-rc-auto-mit-fernbedienung-weihnachtsgeburtstagsgeschenke-kinderspiele-von-3-12-jahren\/#breadcrumb","itemListElement":[{"@type":"ListItem","position":1,"name":"Home","item":"https:\/\/easyliferobo.com\/de\/"},{"@type":"ListItem","position":2,"name":"Shop","item":"https:\/\/easyliferobo.com\/de\/shop\/"},{"@type":"ListItem","position":3,"name":"Ferngesteuertes Autospielzeug ab 3 ..."}]},{"@type":"WebSite","@id":"https:\/\/easyliferobo.com\/de\/#website","url":"https:\/\/easyliferobo.com\/de\/","name":"EasyLifeBro","description":"Smarte Roboter f\u00fcr Zuhause, Garten &amp; Bildung","publisher":{"@id":"https:\/\/easyliferobo.com\/de\/#organization"},"potentialAction":[{"@type":"SearchAction","target":{"@type":"EntryPoint","urlTemplate":"https:\/\/easyliferobo.com\/de\/?s={search_term_string}"},"query-input":{"@type":"PropertyValueSpecification","valueRequired":true,"valueName":"search_term_string"}}],"inLanguage":"de"},{"@type":"Organization","@id":"https:\/\/easyliferobo.com\/de\/#organization","name":"EasyLifeBro","url":"https:\/\/easyliferobo.com\/de\/","logo":{"@type":"ImageObject","inLanguage":"de","@id":"https:\/\/easyliferobo.com\/de\/#\/schema\/logo\/image\/","url":"https:\/\/easyliferobo.com\/de\/wp-content\/uploads\/2026\/02\/Screenshot-2026-02-22-at-2.25.03-PM.png","contentUrl":"https:\/\/easyliferobo.com\/de\/wp-content\/uploads\/2026\/02\/Screenshot-2026-02-22-at-2.25.03-PM.png","width":1858,"height":430,"caption":"EasyLifeBro"},"image":{"@id":"https:\/\/easyliferobo.com\/de\/#\/schema\/logo\/image\/"}}]}},"_links":{"self":[{"href":"https:\/\/easyliferobo.com\/de\/wp-json\/wp\/v2\/product\/4251","targetHints":{"allow":["GET"]}}],"collection":[{"href":"https:\/\/easyliferobo.com\/de\/wp-json\/wp\/v2\/product"}],"about":[{"href":"https:\/\/easyliferobo.com\/de\/wp-json\/wp\/v2\/types\/product"}],"replies":[{"embeddable":true,"href":"https:\/\/easyliferobo.com\/de\/wp-json\/wp\/v2\/comments?post=4251"}],"wp:featuredmedia":[{"embeddable":true,"href":"https:\/\/easyliferobo.com\/de\/wp-json\/wp\/v2\/media\/4252"}],"wp:attachment":[{"href":"https:\/\/easyliferobo.com\/de\/wp-json\/wp\/v2\/media?parent=4251"}],"wp:term":[{"taxonomy":"store","embeddable":true,"href":"https:\/\/easyliferobo.com\/de\/wp-json\/wp\/v2\/store?post=4251"},{"taxonomy":"product_brand","embeddable":true,"href":"https:\/\/easyliferobo.com\/de\/wp-json\/wp\/v2\/product_brand?post=4251"},{"taxonomy":"product_cat","embeddable":true,"href":"https:\/\/easyliferobo.com\/de\/wp-json\/wp\/v2\/product_cat?post=4251"},{"taxonomy":"product_tag","embeddable":true,"href":"https:\/\/easyliferobo.com\/de\/wp-json\/wp\/v2\/product_tag?post=4251"}],"curies":[{"name":"wp","href":"https:\/\/api.w.org\/{rel}","templated":true}]}}