
{"id":4241,"date":"2026-02-27T11:34:54","date_gmt":"2026-02-27T11:34:54","guid":{"rendered":"https:\/\/easyliferobo.com\/de\/product\/kinder-tanzen-spielzeug-lernen-elektrische-musik-lighter-cinetto-poetto-swing-kantur-und-dancingi-elektrischer-musikrobot-elektrisch-kreativ-funiv-fuer-geburtstag-g\/"},"modified":"2026-02-27T11:35:16","modified_gmt":"2026-02-27T11:35:16","slug":"kinder-tanzen-spielzeug-lernen-elektrische-musik-lighter-cinetto-poetto-swing-kantur-und-dancingi-elektrischer-musikrobot-elektrisch-kreativ-funiv-fuer-geburtstag-g","status":"publish","type":"product","link":"https:\/\/easyliferobo.com\/de\/product\/kinder-tanzen-spielzeug-lernen-elektrische-musik-lighter-cinetto-poetto-swing-kantur-und-dancingi-elektrischer-musikrobot-elektrisch-kreativ-funiv-fuer-geburtstag-g\/","title":{"rendered":"Kinder tanzen Spielzeug | Lernen EL..."},"content":{"rendered":"<p>    <span>Unser musikalisches Tanzroboter Spielzeug ist die perfekte Winterurlaubsaktivit\u00e4t! Ihr Kind lernt, Kletter- und Tanzbewegungen nachzuahmen, um mit dem Tanzen und Schwingen zu beginnen. Dieses Spielzeug hilft, grundlegende Bewegungsf\u00e4higkeiten durch Tanzimitationen mit unserem Master of Fortune zu entwickeln. <br \/>Produktspezifikationen: <br \/>Produktmaterial: ABS NTS elektronische Komponenten. <br \/>Stromversorgung: 3 mal Batterien (die Lieferung enth\u00e4lt keine Batterien) <br \/>Produktgr\u00f6\u00dfe: 19 x 17,5 cm | 7,48 x 6,88 Zoll <br \/>Liste: <br \/>Singender Tanzroboter*1<\/span>    <br \/>Musikalischer Spa\u00df f\u00fcr Kinder: Das Musical Dancing Robot Toy bietet Kindern eine spielerische M\u00f6glichkeit, die Koordination von Kopf und K\u00f6rper zu verbessern. Mit einer automatischen Tanz- und Schwungfunktion bewegt es sich in den Rhythmus und k\u00f6rperliche Aktivit\u00e4t<br \/>Kombiniertes k\u00f6rperliches Spielen und Lernen: Neben dem Tanzen und Schwingen f\u00f6rdert dieser Musikroboter das Klettern, die Verbesserung der Muskeln und der K\u00f6rperkoordination, zur Entwicklung von Kletterf\u00e4higkeiten<br \/>Entz\u00fcckender Fortune Man Form: Adoptieren Sie ein entz\u00fcckendes Cartoon-Design, dieses musikalische Tanzroboter-Spielzeug zieht Aufmerksamkeit auf sich, wodurch es sehr geeignet f\u00fcr den Winterurlaub eines Kindes ist<br \/>Einfach zu verwenden: Mit nur einem Tastendruck erweckt unser musikalisch tanzendes Roboter-Spielzeug zum Leben, Tanzen und Spielen k\u00f6stlicher Musik. Und das Beste daran? Es sind keine komplizierten Einstellungen erforderlich, damit Ihr Kind jederzeit und \u00fcberall Musik h\u00f6ren kann<br \/>Meisterschaft der Bewegung: Der verdrehte und schwingende K\u00f6rper unseres musikalischen Tanzroboter-Spielzeugs f\u00f6rdert Kinder, grundlegende Bewegungen nachzuahmen, w\u00e4hrend das Wohl des K\u00f6rpers von Fortune einen Schritt des Spa\u00dfes hinzuf\u00fcgt. Es ist der Weg, das Spiel fr\u00f6hlicher zu machen und diese Koordinationsf\u00e4higkeiten zu entwickeln<\/p>\n<p>[ad_2]<\/p>\n","protected":false},"excerpt":{"rendered":"<p>Unser musikalisches Tanzroboter Spielzeug ist die perfekte Winterurlaubsaktivit\u00e4t! Ihr Kind lernt, Kletter- und Tanzbewegungen nachzuahmen, um mit dem Tanzen und Schwingen zu beginnen. Dieses Spielzeug hilft, grundlegende Bewegungsf\u00e4higkeiten durch Tanzimitationen mit unserem Master of Fortune zu entwickeln. Produktspezifikationen: Produktmaterial: ABS NTS elektronische Komponenten. Stromversorgung: 3 mal Batterien (die Lieferung enth\u00e4lt keine Batterien) Produktgr\u00f6\u00dfe: 19 x [&hellip;]<\/p>\n","protected":false},"featured_media":4242,"comment_status":"open","ping_status":"closed","template":"","meta":{"_aipt_faq_data":""},"store":[],"product_brand":[],"product_cat":[90],"product_tag":[131],"class_list":{"0":"post-4241","1":"product","2":"type-product","3":"status-publish","4":"has-post-thumbnail","6":"product_cat-tanz-musikroboter","7":"product_tag-tanz-musikroboter-fuer-kinder","9":"first","10":"instock","11":"shipping-taxable","12":"product-type-external"},"yoast_head":"<!-- This site is optimized with the Yoast SEO plugin v27.4 - https:\/\/yoast.com\/product\/yoast-seo-wordpress\/ -->\n<title>Kinder tanzen Spielzeug | Lernen ELEKTRISCHE Musik Lighter CINETTO POETTO Swing, KANTUR UND DANCINGI, ELEKTRISCHER MUSIKROBOT ELEKTRISCH, KREATIV FUNIV F\u00dcR Geburtstag, G - EasyLifeBro<\/title>\n<meta name=\"description\" content=\"Entdecken Sie smarte Roboter f\u00fcr Zuhause, Garten, Bildung und Sicherheit. Vergleichen Sie Saugroboter, Rasenm\u00e4hroboter, KI-Begleitroboter und mehr bei EasyLifeRobo.\" \/>\n<meta name=\"robots\" content=\"index, follow, max-snippet:-1, max-image-preview:large, max-video-preview:-1\" \/>\n<link rel=\"canonical\" href=\"https:\/\/easyliferobo.com\/de\/product\/kinder-tanzen-spielzeug-lernen-elektrische-musik-lighter-cinetto-poetto-swing-kantur-und-dancingi-elektrischer-musikrobot-elektrisch-kreativ-funiv-fuer-geburtstag-g\/\" \/>\n<meta property=\"og:locale\" content=\"de_DE\" \/>\n<meta property=\"og:type\" content=\"article\" \/>\n<meta property=\"og:title\" content=\"Kinder tanzen Spielzeug | Lernen ELEKTRISCHE Musik Lighter CINETTO POETTO Swing, KANTUR UND DANCINGI, ELEKTRISCHER MUSIKROBOT ELEKTRISCH, KREATIV FUNIV F\u00dcR Geburtstag, G - EasyLifeBro\" \/>\n<meta property=\"og:description\" content=\"Entdecken Sie smarte Roboter f\u00fcr Zuhause, Garten, Bildung und Sicherheit. Vergleichen Sie Saugroboter, Rasenm\u00e4hroboter, KI-Begleitroboter und mehr bei EasyLifeRobo.\" \/>\n<meta property=\"og:url\" content=\"https:\/\/easyliferobo.com\/de\/product\/kinder-tanzen-spielzeug-lernen-elektrische-musik-lighter-cinetto-poetto-swing-kantur-und-dancingi-elektrischer-musikrobot-elektrisch-kreativ-funiv-fuer-geburtstag-g\/\" \/>\n<meta property=\"og:site_name\" content=\"EasyLifeBro\" \/>\n<meta property=\"article:modified_time\" content=\"2026-02-27T11:35:16+00:00\" \/>\n<meta name=\"twitter:card\" content=\"summary_large_image\" \/>\n<meta name=\"twitter:label1\" content=\"Gesch\u00e4tzte Lesezeit\" \/>\n\t<meta name=\"twitter:data1\" content=\"1\u00a0Minute\" \/>\n<script type=\"application\/ld+json\" class=\"yoast-schema-graph\">{\"@context\":\"https:\\\/\\\/schema.org\",\"@graph\":[{\"@type\":\"WebPage\",\"@id\":\"https:\\\/\\\/easyliferobo.com\\\/de\\\/product\\\/kinder-tanzen-spielzeug-lernen-elektrische-musik-lighter-cinetto-poetto-swing-kantur-und-dancingi-elektrischer-musikrobot-elektrisch-kreativ-funiv-fuer-geburtstag-g\\\/\",\"url\":\"https:\\\/\\\/easyliferobo.com\\\/de\\\/product\\\/kinder-tanzen-spielzeug-lernen-elektrische-musik-lighter-cinetto-poetto-swing-kantur-und-dancingi-elektrischer-musikrobot-elektrisch-kreativ-funiv-fuer-geburtstag-g\\\/\",\"name\":\"Kinder tanzen Spielzeug | Lernen ELEKTRISCHE Musik Lighter CINETTO POETTO Swing, KANTUR UND DANCINGI, ELEKTRISCHER MUSIKROBOT ELEKTRISCH, KREATIV FUNIV F\u00dcR Geburtstag, G - EasyLifeBro\",\"isPartOf\":{\"@id\":\"https:\\\/\\\/easyliferobo.com\\\/de\\\/#website\"},\"primaryImageOfPage\":{\"@id\":\"https:\\\/\\\/easyliferobo.com\\\/de\\\/product\\\/kinder-tanzen-spielzeug-lernen-elektrische-musik-lighter-cinetto-poetto-swing-kantur-und-dancingi-elektrischer-musikrobot-elektrisch-kreativ-funiv-fuer-geburtstag-g\\\/#primaryimage\"},\"image\":{\"@id\":\"https:\\\/\\\/easyliferobo.com\\\/de\\\/product\\\/kinder-tanzen-spielzeug-lernen-elektrische-musik-lighter-cinetto-poetto-swing-kantur-und-dancingi-elektrischer-musikrobot-elektrisch-kreativ-funiv-fuer-geburtstag-g\\\/#primaryimage\"},\"thumbnailUrl\":\"https:\\\/\\\/easyliferobo.com\\\/de\\\/wp-content\\\/uploads\\\/2026\\\/02\\\/61Hx9IGPCjL._AC_SL1500_.jpg\",\"datePublished\":\"2026-02-27T11:34:54+00:00\",\"dateModified\":\"2026-02-27T11:35:16+00:00\",\"description\":\"Entdecken Sie smarte Roboter f\u00fcr Zuhause, Garten, Bildung und Sicherheit. Vergleichen Sie Saugroboter, Rasenm\u00e4hroboter, KI-Begleitroboter und mehr bei EasyLifeRobo.\",\"breadcrumb\":{\"@id\":\"https:\\\/\\\/easyliferobo.com\\\/de\\\/product\\\/kinder-tanzen-spielzeug-lernen-elektrische-musik-lighter-cinetto-poetto-swing-kantur-und-dancingi-elektrischer-musikrobot-elektrisch-kreativ-funiv-fuer-geburtstag-g\\\/#breadcrumb\"},\"inLanguage\":\"de\",\"potentialAction\":[{\"@type\":\"ReadAction\",\"target\":[\"https:\\\/\\\/easyliferobo.com\\\/de\\\/product\\\/kinder-tanzen-spielzeug-lernen-elektrische-musik-lighter-cinetto-poetto-swing-kantur-und-dancingi-elektrischer-musikrobot-elektrisch-kreativ-funiv-fuer-geburtstag-g\\\/\"]}]},{\"@type\":\"ImageObject\",\"inLanguage\":\"de\",\"@id\":\"https:\\\/\\\/easyliferobo.com\\\/de\\\/product\\\/kinder-tanzen-spielzeug-lernen-elektrische-musik-lighter-cinetto-poetto-swing-kantur-und-dancingi-elektrischer-musikrobot-elektrisch-kreativ-funiv-fuer-geburtstag-g\\\/#primaryimage\",\"url\":\"https:\\\/\\\/easyliferobo.com\\\/de\\\/wp-content\\\/uploads\\\/2026\\\/02\\\/61Hx9IGPCjL._AC_SL1500_.jpg\",\"contentUrl\":\"https:\\\/\\\/easyliferobo.com\\\/de\\\/wp-content\\\/uploads\\\/2026\\\/02\\\/61Hx9IGPCjL._AC_SL1500_.jpg\",\"width\":1200,\"height\":1373},{\"@type\":\"BreadcrumbList\",\"@id\":\"https:\\\/\\\/easyliferobo.com\\\/de\\\/product\\\/kinder-tanzen-spielzeug-lernen-elektrische-musik-lighter-cinetto-poetto-swing-kantur-und-dancingi-elektrischer-musikrobot-elektrisch-kreativ-funiv-fuer-geburtstag-g\\\/#breadcrumb\",\"itemListElement\":[{\"@type\":\"ListItem\",\"position\":1,\"name\":\"Home\",\"item\":\"https:\\\/\\\/easyliferobo.com\\\/de\\\/\"},{\"@type\":\"ListItem\",\"position\":2,\"name\":\"Shop\",\"item\":\"https:\\\/\\\/easyliferobo.com\\\/de\\\/shop\\\/\"},{\"@type\":\"ListItem\",\"position\":3,\"name\":\"Kinder tanzen Spielzeug | Lernen EL...\"}]},{\"@type\":\"WebSite\",\"@id\":\"https:\\\/\\\/easyliferobo.com\\\/de\\\/#website\",\"url\":\"https:\\\/\\\/easyliferobo.com\\\/de\\\/\",\"name\":\"EasyLifeBro\",\"description\":\"Smarte Roboter f\u00fcr Zuhause, Garten &amp; Bildung\",\"publisher\":{\"@id\":\"https:\\\/\\\/easyliferobo.com\\\/de\\\/#organization\"},\"potentialAction\":[{\"@type\":\"SearchAction\",\"target\":{\"@type\":\"EntryPoint\",\"urlTemplate\":\"https:\\\/\\\/easyliferobo.com\\\/de\\\/?s={search_term_string}\"},\"query-input\":{\"@type\":\"PropertyValueSpecification\",\"valueRequired\":true,\"valueName\":\"search_term_string\"}}],\"inLanguage\":\"de\"},{\"@type\":\"Organization\",\"@id\":\"https:\\\/\\\/easyliferobo.com\\\/de\\\/#organization\",\"name\":\"EasyLifeBro\",\"url\":\"https:\\\/\\\/easyliferobo.com\\\/de\\\/\",\"logo\":{\"@type\":\"ImageObject\",\"inLanguage\":\"de\",\"@id\":\"https:\\\/\\\/easyliferobo.com\\\/de\\\/#\\\/schema\\\/logo\\\/image\\\/\",\"url\":\"https:\\\/\\\/easyliferobo.com\\\/de\\\/wp-content\\\/uploads\\\/2026\\\/02\\\/Screenshot-2026-02-22-at-2.25.03-PM.png\",\"contentUrl\":\"https:\\\/\\\/easyliferobo.com\\\/de\\\/wp-content\\\/uploads\\\/2026\\\/02\\\/Screenshot-2026-02-22-at-2.25.03-PM.png\",\"width\":1858,\"height\":430,\"caption\":\"EasyLifeBro\"},\"image\":{\"@id\":\"https:\\\/\\\/easyliferobo.com\\\/de\\\/#\\\/schema\\\/logo\\\/image\\\/\"}}]}<\/script>\n<!-- \/ Yoast SEO plugin. -->","yoast_head_json":{"title":"Kinder tanzen Spielzeug | Lernen ELEKTRISCHE Musik Lighter CINETTO POETTO Swing, KANTUR UND DANCINGI, ELEKTRISCHER MUSIKROBOT ELEKTRISCH, KREATIV FUNIV F\u00dcR Geburtstag, G - EasyLifeBro","description":"Entdecken Sie smarte Roboter f\u00fcr Zuhause, Garten, Bildung und Sicherheit. Vergleichen Sie Saugroboter, Rasenm\u00e4hroboter, KI-Begleitroboter und mehr bei EasyLifeRobo.","robots":{"index":"index","follow":"follow","max-snippet":"max-snippet:-1","max-image-preview":"max-image-preview:large","max-video-preview":"max-video-preview:-1"},"canonical":"https:\/\/easyliferobo.com\/de\/product\/kinder-tanzen-spielzeug-lernen-elektrische-musik-lighter-cinetto-poetto-swing-kantur-und-dancingi-elektrischer-musikrobot-elektrisch-kreativ-funiv-fuer-geburtstag-g\/","og_locale":"de_DE","og_type":"article","og_title":"Kinder tanzen Spielzeug | Lernen ELEKTRISCHE Musik Lighter CINETTO POETTO Swing, KANTUR UND DANCINGI, ELEKTRISCHER MUSIKROBOT ELEKTRISCH, KREATIV FUNIV F\u00dcR Geburtstag, G - EasyLifeBro","og_description":"Entdecken Sie smarte Roboter f\u00fcr Zuhause, Garten, Bildung und Sicherheit. Vergleichen Sie Saugroboter, Rasenm\u00e4hroboter, KI-Begleitroboter und mehr bei EasyLifeRobo.","og_url":"https:\/\/easyliferobo.com\/de\/product\/kinder-tanzen-spielzeug-lernen-elektrische-musik-lighter-cinetto-poetto-swing-kantur-und-dancingi-elektrischer-musikrobot-elektrisch-kreativ-funiv-fuer-geburtstag-g\/","og_site_name":"EasyLifeBro","article_modified_time":"2026-02-27T11:35:16+00:00","twitter_card":"summary_large_image","twitter_misc":{"Gesch\u00e4tzte Lesezeit":"1\u00a0Minute"},"schema":{"@context":"https:\/\/schema.org","@graph":[{"@type":"WebPage","@id":"https:\/\/easyliferobo.com\/de\/product\/kinder-tanzen-spielzeug-lernen-elektrische-musik-lighter-cinetto-poetto-swing-kantur-und-dancingi-elektrischer-musikrobot-elektrisch-kreativ-funiv-fuer-geburtstag-g\/","url":"https:\/\/easyliferobo.com\/de\/product\/kinder-tanzen-spielzeug-lernen-elektrische-musik-lighter-cinetto-poetto-swing-kantur-und-dancingi-elektrischer-musikrobot-elektrisch-kreativ-funiv-fuer-geburtstag-g\/","name":"Kinder tanzen Spielzeug | Lernen ELEKTRISCHE Musik Lighter CINETTO POETTO Swing, KANTUR UND DANCINGI, ELEKTRISCHER MUSIKROBOT ELEKTRISCH, KREATIV FUNIV F\u00dcR Geburtstag, G - EasyLifeBro","isPartOf":{"@id":"https:\/\/easyliferobo.com\/de\/#website"},"primaryImageOfPage":{"@id":"https:\/\/easyliferobo.com\/de\/product\/kinder-tanzen-spielzeug-lernen-elektrische-musik-lighter-cinetto-poetto-swing-kantur-und-dancingi-elektrischer-musikrobot-elektrisch-kreativ-funiv-fuer-geburtstag-g\/#primaryimage"},"image":{"@id":"https:\/\/easyliferobo.com\/de\/product\/kinder-tanzen-spielzeug-lernen-elektrische-musik-lighter-cinetto-poetto-swing-kantur-und-dancingi-elektrischer-musikrobot-elektrisch-kreativ-funiv-fuer-geburtstag-g\/#primaryimage"},"thumbnailUrl":"https:\/\/easyliferobo.com\/de\/wp-content\/uploads\/2026\/02\/61Hx9IGPCjL._AC_SL1500_.jpg","datePublished":"2026-02-27T11:34:54+00:00","dateModified":"2026-02-27T11:35:16+00:00","description":"Entdecken Sie smarte Roboter f\u00fcr Zuhause, Garten, Bildung und Sicherheit. Vergleichen Sie Saugroboter, Rasenm\u00e4hroboter, KI-Begleitroboter und mehr bei EasyLifeRobo.","breadcrumb":{"@id":"https:\/\/easyliferobo.com\/de\/product\/kinder-tanzen-spielzeug-lernen-elektrische-musik-lighter-cinetto-poetto-swing-kantur-und-dancingi-elektrischer-musikrobot-elektrisch-kreativ-funiv-fuer-geburtstag-g\/#breadcrumb"},"inLanguage":"de","potentialAction":[{"@type":"ReadAction","target":["https:\/\/easyliferobo.com\/de\/product\/kinder-tanzen-spielzeug-lernen-elektrische-musik-lighter-cinetto-poetto-swing-kantur-und-dancingi-elektrischer-musikrobot-elektrisch-kreativ-funiv-fuer-geburtstag-g\/"]}]},{"@type":"ImageObject","inLanguage":"de","@id":"https:\/\/easyliferobo.com\/de\/product\/kinder-tanzen-spielzeug-lernen-elektrische-musik-lighter-cinetto-poetto-swing-kantur-und-dancingi-elektrischer-musikrobot-elektrisch-kreativ-funiv-fuer-geburtstag-g\/#primaryimage","url":"https:\/\/easyliferobo.com\/de\/wp-content\/uploads\/2026\/02\/61Hx9IGPCjL._AC_SL1500_.jpg","contentUrl":"https:\/\/easyliferobo.com\/de\/wp-content\/uploads\/2026\/02\/61Hx9IGPCjL._AC_SL1500_.jpg","width":1200,"height":1373},{"@type":"BreadcrumbList","@id":"https:\/\/easyliferobo.com\/de\/product\/kinder-tanzen-spielzeug-lernen-elektrische-musik-lighter-cinetto-poetto-swing-kantur-und-dancingi-elektrischer-musikrobot-elektrisch-kreativ-funiv-fuer-geburtstag-g\/#breadcrumb","itemListElement":[{"@type":"ListItem","position":1,"name":"Home","item":"https:\/\/easyliferobo.com\/de\/"},{"@type":"ListItem","position":2,"name":"Shop","item":"https:\/\/easyliferobo.com\/de\/shop\/"},{"@type":"ListItem","position":3,"name":"Kinder tanzen Spielzeug | Lernen EL..."}]},{"@type":"WebSite","@id":"https:\/\/easyliferobo.com\/de\/#website","url":"https:\/\/easyliferobo.com\/de\/","name":"EasyLifeBro","description":"Smarte Roboter f\u00fcr Zuhause, Garten &amp; Bildung","publisher":{"@id":"https:\/\/easyliferobo.com\/de\/#organization"},"potentialAction":[{"@type":"SearchAction","target":{"@type":"EntryPoint","urlTemplate":"https:\/\/easyliferobo.com\/de\/?s={search_term_string}"},"query-input":{"@type":"PropertyValueSpecification","valueRequired":true,"valueName":"search_term_string"}}],"inLanguage":"de"},{"@type":"Organization","@id":"https:\/\/easyliferobo.com\/de\/#organization","name":"EasyLifeBro","url":"https:\/\/easyliferobo.com\/de\/","logo":{"@type":"ImageObject","inLanguage":"de","@id":"https:\/\/easyliferobo.com\/de\/#\/schema\/logo\/image\/","url":"https:\/\/easyliferobo.com\/de\/wp-content\/uploads\/2026\/02\/Screenshot-2026-02-22-at-2.25.03-PM.png","contentUrl":"https:\/\/easyliferobo.com\/de\/wp-content\/uploads\/2026\/02\/Screenshot-2026-02-22-at-2.25.03-PM.png","width":1858,"height":430,"caption":"EasyLifeBro"},"image":{"@id":"https:\/\/easyliferobo.com\/de\/#\/schema\/logo\/image\/"}}]}},"_links":{"self":[{"href":"https:\/\/easyliferobo.com\/de\/wp-json\/wp\/v2\/product\/4241","targetHints":{"allow":["GET"]}}],"collection":[{"href":"https:\/\/easyliferobo.com\/de\/wp-json\/wp\/v2\/product"}],"about":[{"href":"https:\/\/easyliferobo.com\/de\/wp-json\/wp\/v2\/types\/product"}],"replies":[{"embeddable":true,"href":"https:\/\/easyliferobo.com\/de\/wp-json\/wp\/v2\/comments?post=4241"}],"wp:featuredmedia":[{"embeddable":true,"href":"https:\/\/easyliferobo.com\/de\/wp-json\/wp\/v2\/media\/4242"}],"wp:attachment":[{"href":"https:\/\/easyliferobo.com\/de\/wp-json\/wp\/v2\/media?parent=4241"}],"wp:term":[{"taxonomy":"store","embeddable":true,"href":"https:\/\/easyliferobo.com\/de\/wp-json\/wp\/v2\/store?post=4241"},{"taxonomy":"product_brand","embeddable":true,"href":"https:\/\/easyliferobo.com\/de\/wp-json\/wp\/v2\/product_brand?post=4241"},{"taxonomy":"product_cat","embeddable":true,"href":"https:\/\/easyliferobo.com\/de\/wp-json\/wp\/v2\/product_cat?post=4241"},{"taxonomy":"product_tag","embeddable":true,"href":"https:\/\/easyliferobo.com\/de\/wp-json\/wp\/v2\/product_tag?post=4241"}],"curies":[{"name":"wp","href":"https:\/\/api.w.org\/{rel}","templated":true}]}}